{"id":25547736,"date":"2024-05-22T16:30:39","date_gmt":"2024-05-22T16:30:39","guid":{"rendered":"https:\/\/dari-system.com\/produkt\/dari-system-d2\/"},"modified":"2024-05-22T16:30:39","modified_gmt":"2024-05-22T16:30:39","slug":"dari-system-d2","status":"publish","type":"product","link":"https:\/\/dari-system.com\/sv\/produkt\/dari-system-d2\/","title":{"rendered":"DaRi-system D2"},"content":{"rendered":"<p>DaRi-systemet D2 \u00e4r endast tillg\u00e4ngligt f\u00f6r r\u00e4nnstorlek 33. Delarna l\u00e4ggs fr\u00e5n \u00e4nde till \u00e4nde<\/p>\n","protected":false},"excerpt":{"rendered":"<p>Varje del \u00e4r 76 cm l\u00e5ng.<br \/>\nVarje del f\u00e4sts med 4 clips.<br \/>\nDessa clips m\u00e5ste best\u00e4llas separat.  <\/p>\n","protected":false},"featured_media":25547739,"template":"","meta":{"_et_pb_use_builder":"on","_et_pb_old_content":"DaRi-systemet D2 \u00e4r endast tillg\u00e4ngligt f\u00f6r r\u00e4nnstorlek 33. Delarna l\u00e4ggs fr\u00e5n \u00e4nde till \u00e4nde","_et_gb_content_width":"","iawp_total_views":8},"product_brand":[],"product_cat":[505],"product_tag":[],"class_list":{"0":"post-25547736","1":"product","2":"type-product","3":"status-publish","4":"has-post-thumbnail","6":"product_cat-dari-system-sv","8":"first","9":"instock","10":"taxable","11":"shipping-taxable","12":"purchasable","13":"product-type-simple"},"yoast_head":"<!-- This site is optimized with the Yoast SEO plugin v27.4 - https:\/\/yoast.com\/product\/yoast-seo-wordpress\/ -->\n<title>DaRi-system D2 - DaRi System<\/title>\n<meta name=\"robots\" content=\"index, follow, max-snippet:-1, max-image-preview:large, max-video-preview:-1\" \/>\n<link rel=\"canonical\" href=\"https:\/\/dari-system.com\/sv\/produkt\/dari-system-d2\/\" \/>\n<meta property=\"og:locale\" content=\"sv_SE\" \/>\n<meta property=\"og:type\" content=\"article\" \/>\n<meta property=\"og:title\" content=\"DaRi-system D2 - DaRi System\" \/>\n<meta property=\"og:description\" content=\"Varje del \u00e4r 76 cm l\u00e5ng. Varje del f\u00e4sts med 4 clips. Dessa clips m\u00e5ste best\u00e4llas separat.\" \/>\n<meta property=\"og:url\" content=\"https:\/\/dari-system.com\/sv\/produkt\/dari-system-d2\/\" \/>\n<meta property=\"og:site_name\" content=\"DaRi System\" \/>\n<meta name=\"twitter:card\" content=\"summary_large_image\" \/>\n<script type=\"application\/ld+json\" class=\"yoast-schema-graph\">{\"@context\":\"https:\\\/\\\/schema.org\",\"@graph\":[{\"@type\":\"WebPage\",\"@id\":\"https:\\\/\\\/dari-system.com\\\/sv\\\/produkt\\\/dari-system-d2\\\/\",\"url\":\"https:\\\/\\\/dari-system.com\\\/sv\\\/produkt\\\/dari-system-d2\\\/\",\"name\":\"DaRi-system D2 - DaRi System\",\"isPartOf\":{\"@id\":\"https:\\\/\\\/dari-system.com\\\/sv\\\/#website\"},\"primaryImageOfPage\":{\"@id\":\"https:\\\/\\\/dari-system.com\\\/sv\\\/produkt\\\/dari-system-d2\\\/#primaryimage\"},\"image\":{\"@id\":\"https:\\\/\\\/dari-system.com\\\/sv\\\/produkt\\\/dari-system-d2\\\/#primaryimage\"},\"thumbnailUrl\":\"https:\\\/\\\/dari-system.com\\\/wp-content\\\/uploads\\\/2024\\\/05\\\/dari_d2_2-1.webp\",\"datePublished\":\"2024-05-22T16:30:39+00:00\",\"breadcrumb\":{\"@id\":\"https:\\\/\\\/dari-system.com\\\/sv\\\/produkt\\\/dari-system-d2\\\/#breadcrumb\"},\"inLanguage\":\"sv-SE\",\"potentialAction\":[{\"@type\":\"ReadAction\",\"target\":[\"https:\\\/\\\/dari-system.com\\\/sv\\\/produkt\\\/dari-system-d2\\\/\"]}]},{\"@type\":\"ImageObject\",\"inLanguage\":\"sv-SE\",\"@id\":\"https:\\\/\\\/dari-system.com\\\/sv\\\/produkt\\\/dari-system-d2\\\/#primaryimage\",\"url\":\"https:\\\/\\\/dari-system.com\\\/wp-content\\\/uploads\\\/2024\\\/05\\\/dari_d2_2-1.webp\",\"contentUrl\":\"https:\\\/\\\/dari-system.com\\\/wp-content\\\/uploads\\\/2024\\\/05\\\/dari_d2_2-1.webp\",\"width\":1042,\"height\":1042},{\"@type\":\"BreadcrumbList\",\"@id\":\"https:\\\/\\\/dari-system.com\\\/sv\\\/produkt\\\/dari-system-d2\\\/#breadcrumb\",\"itemListElement\":[{\"@type\":\"ListItem\",\"position\":1,\"name\":\"Startseite\",\"item\":\"https:\\\/\\\/dari-system.com\\\/sv\\\/\"},{\"@type\":\"ListItem\",\"position\":2,\"name\":\"Butik\",\"item\":\"https:\\\/\\\/dari-system.com\\\/butik\\\/\"},{\"@type\":\"ListItem\",\"position\":3,\"name\":\"DaRi-system D2\"}]},{\"@type\":\"WebSite\",\"@id\":\"https:\\\/\\\/dari-system.com\\\/sv\\\/#website\",\"url\":\"https:\\\/\\\/dari-system.com\\\/sv\\\/\",\"name\":\"DaRi System\",\"description\":\"\",\"potentialAction\":[{\"@type\":\"SearchAction\",\"target\":{\"@type\":\"EntryPoint\",\"urlTemplate\":\"https:\\\/\\\/dari-system.com\\\/sv\\\/?s={search_term_string}\"},\"query-input\":{\"@type\":\"PropertyValueSpecification\",\"valueRequired\":true,\"valueName\":\"search_term_string\"}}],\"inLanguage\":\"sv-SE\"}]}<\/script>\n<!-- \/ Yoast SEO plugin. -->","yoast_head_json":{"title":"DaRi-system D2 - DaRi System","robots":{"index":"index","follow":"follow","max-snippet":"max-snippet:-1","max-image-preview":"max-image-preview:large","max-video-preview":"max-video-preview:-1"},"canonical":"https:\/\/dari-system.com\/sv\/produkt\/dari-system-d2\/","og_locale":"sv_SE","og_type":"article","og_title":"DaRi-system D2 - DaRi System","og_description":"Varje del \u00e4r 76 cm l\u00e5ng. Varje del f\u00e4sts med 4 clips. Dessa clips m\u00e5ste best\u00e4llas separat.","og_url":"https:\/\/dari-system.com\/sv\/produkt\/dari-system-d2\/","og_site_name":"DaRi System","twitter_card":"summary_large_image","schema":{"@context":"https:\/\/schema.org","@graph":[{"@type":"WebPage","@id":"https:\/\/dari-system.com\/sv\/produkt\/dari-system-d2\/","url":"https:\/\/dari-system.com\/sv\/produkt\/dari-system-d2\/","name":"DaRi-system D2 - DaRi System","isPartOf":{"@id":"https:\/\/dari-system.com\/sv\/#website"},"primaryImageOfPage":{"@id":"https:\/\/dari-system.com\/sv\/produkt\/dari-system-d2\/#primaryimage"},"image":{"@id":"https:\/\/dari-system.com\/sv\/produkt\/dari-system-d2\/#primaryimage"},"thumbnailUrl":"https:\/\/dari-system.com\/wp-content\/uploads\/2024\/05\/dari_d2_2-1.webp","datePublished":"2024-05-22T16:30:39+00:00","breadcrumb":{"@id":"https:\/\/dari-system.com\/sv\/produkt\/dari-system-d2\/#breadcrumb"},"inLanguage":"sv-SE","potentialAction":[{"@type":"ReadAction","target":["https:\/\/dari-system.com\/sv\/produkt\/dari-system-d2\/"]}]},{"@type":"ImageObject","inLanguage":"sv-SE","@id":"https:\/\/dari-system.com\/sv\/produkt\/dari-system-d2\/#primaryimage","url":"https:\/\/dari-system.com\/wp-content\/uploads\/2024\/05\/dari_d2_2-1.webp","contentUrl":"https:\/\/dari-system.com\/wp-content\/uploads\/2024\/05\/dari_d2_2-1.webp","width":1042,"height":1042},{"@type":"BreadcrumbList","@id":"https:\/\/dari-system.com\/sv\/produkt\/dari-system-d2\/#breadcrumb","itemListElement":[{"@type":"ListItem","position":1,"name":"Startseite","item":"https:\/\/dari-system.com\/sv\/"},{"@type":"ListItem","position":2,"name":"Butik","item":"https:\/\/dari-system.com\/butik\/"},{"@type":"ListItem","position":3,"name":"DaRi-system D2"}]},{"@type":"WebSite","@id":"https:\/\/dari-system.com\/sv\/#website","url":"https:\/\/dari-system.com\/sv\/","name":"DaRi System","description":"","potentialAction":[{"@type":"SearchAction","target":{"@type":"EntryPoint","urlTemplate":"https:\/\/dari-system.com\/sv\/?s={search_term_string}"},"query-input":{"@type":"PropertyValueSpecification","valueRequired":true,"valueName":"search_term_string"}}],"inLanguage":"sv-SE"}]}},"_links":{"self":[{"href":"https:\/\/dari-system.com\/sv\/wp-json\/wp\/v2\/product\/25547736","targetHints":{"allow":["GET"]}}],"collection":[{"href":"https:\/\/dari-system.com\/sv\/wp-json\/wp\/v2\/product"}],"about":[{"href":"https:\/\/dari-system.com\/sv\/wp-json\/wp\/v2\/types\/product"}],"wp:featuredmedia":[{"embeddable":true,"href":"https:\/\/dari-system.com\/sv\/wp-json\/wp\/v2\/media\/25547739"}],"wp:attachment":[{"href":"https:\/\/dari-system.com\/sv\/wp-json\/wp\/v2\/media?parent=25547736"}],"wp:term":[{"taxonomy":"product_brand","embeddable":true,"href":"https:\/\/dari-system.com\/sv\/wp-json\/wp\/v2\/product_brand?post=25547736"},{"taxonomy":"product_cat","embeddable":true,"href":"https:\/\/dari-system.com\/sv\/wp-json\/wp\/v2\/product_cat?post=25547736"},{"taxonomy":"product_tag","embeddable":true,"href":"https:\/\/dari-system.com\/sv\/wp-json\/wp\/v2\/product_tag?post=25547736"}],"curies":[{"name":"wp","href":"https:\/\/api.w.org\/{rel}","templated":true}]}}