{"id":25547723,"date":"2024-05-23T12:15:12","date_gmt":"2024-05-23T12:15:12","guid":{"rendered":"https:\/\/dari-system.com\/produkt\/d1-foer-40-mm-haengraennor\/"},"modified":"2024-05-23T12:15:12","modified_gmt":"2024-05-23T12:15:12","slug":"d1-foer-40-mm-haengraennor","status":"publish","type":"product","link":"https:\/\/dari-system.com\/sv\/produkt\/d1-foer-40-mm-haengraennor\/","title":{"rendered":"D1 f\u00f6r 40 mm h\u00e4ngr\u00e4nnor"},"content":{"rendered":"","protected":false},"excerpt":{"rendered":"","protected":false},"featured_media":25547725,"template":"","meta":{"_et_pb_use_builder":"","_et_pb_old_content":"","_et_gb_content_width":"","iawp_total_views":3},"product_brand":[],"product_cat":[502],"product_tag":[],"class_list":{"0":"post-25547723","1":"product","2":"type-product","3":"status-publish","4":"has-post-thumbnail","6":"product_cat-okategoriserade","8":"first","9":"instock","10":"taxable","11":"shipping-taxable","12":"purchasable","13":"product-type-simple"},"yoast_head":"<!-- This site is optimized with the Yoast SEO plugin v27.2 - https:\/\/yoast.com\/product\/yoast-seo-wordpress\/ -->\n<title>D1 f\u00f6r 40 mm h\u00e4ngr\u00e4nnor - DaRi System<\/title>\n<meta name=\"robots\" content=\"index, follow, max-snippet:-1, max-image-preview:large, max-video-preview:-1\" \/>\n<link rel=\"canonical\" href=\"https:\/\/dari-system.com\/sv\/produkt\/d1-foer-40-mm-haengraennor\/\" \/>\n<meta property=\"og:locale\" content=\"sv_SE\" \/>\n<meta property=\"og:type\" content=\"article\" \/>\n<meta property=\"og:title\" content=\"D1 f\u00f6r 40 mm h\u00e4ngr\u00e4nnor - DaRi System\" \/>\n<meta property=\"og:url\" content=\"https:\/\/dari-system.com\/sv\/produkt\/d1-foer-40-mm-haengraennor\/\" \/>\n<meta property=\"og:site_name\" content=\"DaRi System\" \/>\n<meta property=\"og:image\" content=\"https:\/\/dari-system.com\/wp-content\/uploads\/2024\/05\/d1-ohne-klammern.jpg\" \/>\n\t<meta property=\"og:image:width\" content=\"1086\" \/>\n\t<meta property=\"og:image:height\" content=\"556\" \/>\n\t<meta property=\"og:image:type\" content=\"image\/jpeg\" \/>\n<meta name=\"twitter:card\" content=\"summary_large_image\" \/>\n<script type=\"application\/ld+json\" class=\"yoast-schema-graph\">{\"@context\":\"https:\/\/schema.org\",\"@graph\":[{\"@type\":\"WebPage\",\"@id\":\"https:\/\/dari-system.com\/sv\/produkt\/d1-foer-40-mm-haengraennor\/\",\"url\":\"https:\/\/dari-system.com\/sv\/produkt\/d1-foer-40-mm-haengraennor\/\",\"name\":\"D1 f\u00f6r 40 mm h\u00e4ngr\u00e4nnor - DaRi System\",\"isPartOf\":{\"@id\":\"https:\/\/dari-system.com\/sv\/#website\"},\"primaryImageOfPage\":{\"@id\":\"https:\/\/dari-system.com\/sv\/produkt\/d1-foer-40-mm-haengraennor\/#primaryimage\"},\"image\":{\"@id\":\"https:\/\/dari-system.com\/sv\/produkt\/d1-foer-40-mm-haengraennor\/#primaryimage\"},\"thumbnailUrl\":\"https:\/\/dari-system.com\/wp-content\/uploads\/2024\/05\/d1-ohne-klammern.jpg\",\"datePublished\":\"2024-05-23T12:15:12+00:00\",\"breadcrumb\":{\"@id\":\"https:\/\/dari-system.com\/sv\/produkt\/d1-foer-40-mm-haengraennor\/#breadcrumb\"},\"inLanguage\":\"sv-SE\",\"potentialAction\":[{\"@type\":\"ReadAction\",\"target\":[\"https:\/\/dari-system.com\/sv\/produkt\/d1-foer-40-mm-haengraennor\/\"]}]},{\"@type\":\"ImageObject\",\"inLanguage\":\"sv-SE\",\"@id\":\"https:\/\/dari-system.com\/sv\/produkt\/d1-foer-40-mm-haengraennor\/#primaryimage\",\"url\":\"https:\/\/dari-system.com\/wp-content\/uploads\/2024\/05\/d1-ohne-klammern.jpg\",\"contentUrl\":\"https:\/\/dari-system.com\/wp-content\/uploads\/2024\/05\/d1-ohne-klammern.jpg\",\"width\":1086,\"height\":556,\"caption\":\"D1\"},{\"@type\":\"BreadcrumbList\",\"@id\":\"https:\/\/dari-system.com\/sv\/produkt\/d1-foer-40-mm-haengraennor\/#breadcrumb\",\"itemListElement\":[{\"@type\":\"ListItem\",\"position\":1,\"name\":\"Startseite\",\"item\":\"https:\/\/dari-system.com\/sv\/\"},{\"@type\":\"ListItem\",\"position\":2,\"name\":\"Butik\",\"item\":\"https:\/\/dari-system.com\/butik\/\"},{\"@type\":\"ListItem\",\"position\":3,\"name\":\"D1 f\u00f6r 40 mm h\u00e4ngr\u00e4nnor\"}]},{\"@type\":\"WebSite\",\"@id\":\"https:\/\/dari-system.com\/sv\/#website\",\"url\":\"https:\/\/dari-system.com\/sv\/\",\"name\":\"DaRi System\",\"description\":\"\",\"potentialAction\":[{\"@type\":\"SearchAction\",\"target\":{\"@type\":\"EntryPoint\",\"urlTemplate\":\"https:\/\/dari-system.com\/sv\/?s={search_term_string}\"},\"query-input\":{\"@type\":\"PropertyValueSpecification\",\"valueRequired\":true,\"valueName\":\"search_term_string\"}}],\"inLanguage\":\"sv-SE\"}]}<\/script>\n<!-- \/ Yoast SEO plugin. -->","yoast_head_json":{"title":"D1 f\u00f6r 40 mm h\u00e4ngr\u00e4nnor - DaRi System","robots":{"index":"index","follow":"follow","max-snippet":"max-snippet:-1","max-image-preview":"max-image-preview:large","max-video-preview":"max-video-preview:-1"},"canonical":"https:\/\/dari-system.com\/sv\/produkt\/d1-foer-40-mm-haengraennor\/","og_locale":"sv_SE","og_type":"article","og_title":"D1 f\u00f6r 40 mm h\u00e4ngr\u00e4nnor - DaRi System","og_url":"https:\/\/dari-system.com\/sv\/produkt\/d1-foer-40-mm-haengraennor\/","og_site_name":"DaRi System","og_image":[{"width":1086,"height":556,"url":"https:\/\/dari-system.com\/wp-content\/uploads\/2024\/05\/d1-ohne-klammern.jpg","type":"image\/jpeg"}],"twitter_card":"summary_large_image","schema":{"@context":"https:\/\/schema.org","@graph":[{"@type":"WebPage","@id":"https:\/\/dari-system.com\/sv\/produkt\/d1-foer-40-mm-haengraennor\/","url":"https:\/\/dari-system.com\/sv\/produkt\/d1-foer-40-mm-haengraennor\/","name":"D1 f\u00f6r 40 mm h\u00e4ngr\u00e4nnor - DaRi System","isPartOf":{"@id":"https:\/\/dari-system.com\/sv\/#website"},"primaryImageOfPage":{"@id":"https:\/\/dari-system.com\/sv\/produkt\/d1-foer-40-mm-haengraennor\/#primaryimage"},"image":{"@id":"https:\/\/dari-system.com\/sv\/produkt\/d1-foer-40-mm-haengraennor\/#primaryimage"},"thumbnailUrl":"https:\/\/dari-system.com\/wp-content\/uploads\/2024\/05\/d1-ohne-klammern.jpg","datePublished":"2024-05-23T12:15:12+00:00","breadcrumb":{"@id":"https:\/\/dari-system.com\/sv\/produkt\/d1-foer-40-mm-haengraennor\/#breadcrumb"},"inLanguage":"sv-SE","potentialAction":[{"@type":"ReadAction","target":["https:\/\/dari-system.com\/sv\/produkt\/d1-foer-40-mm-haengraennor\/"]}]},{"@type":"ImageObject","inLanguage":"sv-SE","@id":"https:\/\/dari-system.com\/sv\/produkt\/d1-foer-40-mm-haengraennor\/#primaryimage","url":"https:\/\/dari-system.com\/wp-content\/uploads\/2024\/05\/d1-ohne-klammern.jpg","contentUrl":"https:\/\/dari-system.com\/wp-content\/uploads\/2024\/05\/d1-ohne-klammern.jpg","width":1086,"height":556,"caption":"D1"},{"@type":"BreadcrumbList","@id":"https:\/\/dari-system.com\/sv\/produkt\/d1-foer-40-mm-haengraennor\/#breadcrumb","itemListElement":[{"@type":"ListItem","position":1,"name":"Startseite","item":"https:\/\/dari-system.com\/sv\/"},{"@type":"ListItem","position":2,"name":"Butik","item":"https:\/\/dari-system.com\/butik\/"},{"@type":"ListItem","position":3,"name":"D1 f\u00f6r 40 mm h\u00e4ngr\u00e4nnor"}]},{"@type":"WebSite","@id":"https:\/\/dari-system.com\/sv\/#website","url":"https:\/\/dari-system.com\/sv\/","name":"DaRi System","description":"","potentialAction":[{"@type":"SearchAction","target":{"@type":"EntryPoint","urlTemplate":"https:\/\/dari-system.com\/sv\/?s={search_term_string}"},"query-input":{"@type":"PropertyValueSpecification","valueRequired":true,"valueName":"search_term_string"}}],"inLanguage":"sv-SE"}]}},"_links":{"self":[{"href":"https:\/\/dari-system.com\/sv\/wp-json\/wp\/v2\/product\/25547723","targetHints":{"allow":["GET"]}}],"collection":[{"href":"https:\/\/dari-system.com\/sv\/wp-json\/wp\/v2\/product"}],"about":[{"href":"https:\/\/dari-system.com\/sv\/wp-json\/wp\/v2\/types\/product"}],"wp:featuredmedia":[{"embeddable":true,"href":"https:\/\/dari-system.com\/sv\/wp-json\/wp\/v2\/media\/25547725"}],"wp:attachment":[{"href":"https:\/\/dari-system.com\/sv\/wp-json\/wp\/v2\/media?parent=25547723"}],"wp:term":[{"taxonomy":"product_brand","embeddable":true,"href":"https:\/\/dari-system.com\/sv\/wp-json\/wp\/v2\/product_brand?post=25547723"},{"taxonomy":"product_cat","embeddable":true,"href":"https:\/\/dari-system.com\/sv\/wp-json\/wp\/v2\/product_cat?post=25547723"},{"taxonomy":"product_tag","embeddable":true,"href":"https:\/\/dari-system.com\/sv\/wp-json\/wp\/v2\/product_tag?post=25547723"}],"curies":[{"name":"wp","href":"https:\/\/api.w.org\/{rel}","templated":true}]}}