{"id":25551037,"date":"2026-02-27T11:22:35","date_gmt":"2026-02-27T11:22:35","guid":{"rendered":"https:\/\/dari-system.com\/?page_id=25551037"},"modified":"2026-02-27T11:25:42","modified_gmt":"2026-02-27T11:25:42","slug":"integritetspolicy-2","status":"publish","type":"page","link":"https:\/\/dari-system.com\/sv\/integritetspolicy-2\/","title":{"rendered":"Endast integritetspolicy Meta Pixel"},"content":{"rendered":"<p>[et_pb_section fb_built=&#8221;1&#8243; fullwidth=&#8221;on&#8221; _builder_version=&#8221;4.25.0&#8243; _module_preset=&#8221;default&#8221; bottom_divider_color=&#8221;#FFFFFF&#8221; bottom_divider_height=&#8221;82px&#8221; bottom_divider_flip=&#8221;horizontal&#8221; locked=&#8221;off&#8221; global_colors_info=&#8221;{}&#8221;][et_pb_fullwidth_header title=&#8221;Integritetspolicy&#8221; _builder_version=&#8221;4.25.0&#8243; _module_preset=&#8221;default&#8221; title_font=&#8221;|800|||||||&#8221; title_font_size=&#8221;45px&#8221; background_image=&#8221;https:\/\/dari-system.com\/wp-content\/uploads\/2024\/05\/header_background.webp&#8221; background_position=&#8221;bottom_center&#8221; custom_padding=&#8221;8vh||8vh||true|false&#8221; title_font_size_tablet=&#8221;45px&#8221; title_font_size_phone=&#8221;29px&#8221; title_font_size_last_edited=&#8221;on|phone&#8221; content_font_size_tablet=&#8221;&#8221; content_font_size_phone=&#8221;17px&#8221; content_font_size_last_edited=&#8221;on|phone&#8221; global_colors_info=&#8221;{}&#8221;][\/et_pb_fullwidth_header][\/et_pb_section][et_pb_section fb_built=&#8221;1&#8243; _builder_version=&#8221;4.25.0&#8243; _module_preset=&#8221;default&#8221; global_colors_info=&#8221;{}&#8221;][et_pb_row _builder_version=&#8221;4.25.0&#8243; _module_preset=&#8221;default&#8221; global_colors_info=&#8221;{}&#8221;][et_pb_column type=&#8221;4_4&#8243; _builder_version=&#8221;4.25.0&#8243; _module_preset=&#8221;default&#8221; global_colors_info=&#8221;{}&#8221;][et_pb_text _builder_version=&#8221;4.27.4&#8243; _module_preset=&#8221;default&#8221; global_colors_info=&#8221;{}&#8221;]<\/p>\n<h3>Meta Pixel (tidigare Facebook Pixel)<\/h3>\n<p>Denna webbplats anv\u00e4nder bes\u00f6karens \u00e5tg\u00e4rdspixel fr\u00e5n Meta f\u00f6r att m\u00e4ta konverteringar. Leverant\u00f6ren av denna tj\u00e4nst \u00e4r Meta Platforms Ireland Limited, 4 Grand Canal Square, Dublin 2, Irland. Enligt Meta \u00f6verf\u00f6rs dock de insamlade uppgifterna \u00e4ven till USA och andra tredjel\u00e4nder.  <\/p>\n<p>Detta g\u00f6r det m\u00f6jligt att sp\u00e5ra webbplatsbes\u00f6karnas beteende efter att de har omdirigerats till leverant\u00f6rens webbplats genom att klicka p\u00e5 en meta-annons. Detta g\u00f6r det m\u00f6jligt att utv\u00e4rdera meta-annonsernas effektivitet f\u00f6r statistiska \u00e4ndam\u00e5l och marknadsunders\u00f6kningar och att optimera framtida annonserings\u00e5tg\u00e4rder. <\/p>\n<p>De uppgifter som samlas in \u00e4r anonyma f\u00f6r oss som operat\u00f6r av denna webbplats; vi kan inte dra n\u00e5gra slutsatser om anv\u00e4ndarnas identitet. Uppgifterna lagras och bearbetas dock av Meta s\u00e5 att en anslutning till respektive anv\u00e4ndarprofil p\u00e5 Facebook eller Instagram \u00e4r m\u00f6jlig och Meta kan anv\u00e4nda uppgifterna f\u00f6r sina egna reklam\u00e4ndam\u00e5l i enlighet med Meta Data Usage Policy<a href=\"https:\/\/de-de.facebook.com\/about\/privacy\/\" target=\"_blank\" rel=\"noopener noreferrer\">(https:\/\/de-de.facebook.com\/about\/privacy\/)<\/a>. Detta g\u00f6r det m\u00f6jligt f\u00f6r Meta att placera annonser p\u00e5 Facebook- eller Instagram-sidor och andra reklamkanaler. Denna anv\u00e4ndning av uppgifterna kan inte p\u00e5verkas av oss som webbplatsoperat\u00f6r.   <\/p>\n<p>Anv\u00e4ndningen av denna tj\u00e4nst baseras p\u00e5 ditt samtycke i enlighet med artikel 6.1 lit. a GDPR och \u00a7 25.1 TDDDG. Samtycket kan \u00e5terkallas n\u00e4r som helst.    <\/p>\n<p>I den m\u00e5n personuppgifter samlas in p\u00e5 v\u00e5r webbplats med hj\u00e4lp av det verktyg som beskrivs h\u00e4r och vidarebefordras till Meta, \u00e4r vi och Meta Platforms Ireland Limited, 4 Grand Canal Square, Grand Canal Harbour, Dublin 2, Irland gemensamt ansvariga f\u00f6r denna databehandling (artikel 26 GDPR). Det gemensamma ansvaret \u00e4r uteslutande begr\u00e4nsat till insamling av uppgifterna och dess \u00f6verf\u00f6ring till Meta. Den behandling som utf\u00f6rs av Meta efter vidarebefordran \u00e4r inte en del av det gemensamma ansvaret. De skyldigheter som \u00e5ligger oss gemensamt har fastst\u00e4llts i ett gemensamt behandlingsavtal. Avtalets ordalydelse kan hittas p\u00e5    <span> <\/span><a href=\"https:\/\/www.facebook.com\/legal\/controller_addendum\" target=\"_blank\" rel=\"noopener noreferrer\">https:\/\/www.facebook.com\/legal\/controller_addendum.<\/a> Enligt detta avtal \u00e4r vi ansvariga f\u00f6r att tillhandah\u00e5lla dataskyddsinformation n\u00e4r vi anv\u00e4nder Meta-verktyget och f\u00f6r s\u00e4ker implementering av verktyget p\u00e5 v\u00e5r webbplats i enlighet med dataskyddslagen. Meta \u00e4r ansvarig f\u00f6r datas\u00e4kerheten f\u00f6r Meta-produkterna. Du kan h\u00e4vda registrerades r\u00e4ttigheter (t.ex. beg\u00e4ran om information) ang\u00e5ende de uppgifter som behandlas av Facebook eller Instagram direkt med Meta. Om du h\u00e4vdar dina r\u00e4ttigheter som registrerad hos oss \u00e4r vi skyldiga att vidarebefordra dem till Meta.    <\/p>\n<p>Data\u00f6verf\u00f6ring till USA baseras p\u00e5 EU-kommissionens standardavtalsklausuler. Mer information finns h\u00e4r: <span> <\/span><a href=\"https:\/\/www.facebook.com\/legal\/EU_data_transfer_addendum\" target=\"_blank\" rel=\"noopener noreferrer\">https:\/\/www.facebook.com\/legal\/EU_data_transfer_addendum<\/a><span> <\/span>och<span> <\/span><a href=\"https:\/\/de-de.facebook.com\/help\/566994660333381\" target=\"_blank\" rel=\"noopener noreferrer\">https:\/\/de-de.facebook.com\/help\/566994660333381.<\/a><\/p>\n<p>Du kan hitta mer information om hur du skyddar din integritet i Metas information om dataskydd:<span> <\/span><a href=\"https:\/\/de-de.facebook.com\/about\/privacy\/\" target=\"_blank\" rel=\"noopener noreferrer\">https:\/\/de-de.facebook.com\/about\/privacy\/.<\/a><\/p>\n<p>Du kan ocks\u00e5 anv\u00e4nda remarketingfunktionen &#8221;Anpassade m\u00e5lgrupper&#8221; i inst\u00e4llningarna f\u00f6r annonser under<span> <\/span><a href=\"https:\/\/www.facebook.com\/ads\/preferences\/?entry_product=ad_settings_screen\" target=\"_blank\" rel=\"noopener noreferrer\">https:\/\/www.facebook.com\/ads\/preferences\/?entry_product=ad_settings_screen<\/a><span> <\/span>avaktivera den. Du m\u00e5ste vara inloggad p\u00e5 Facebook f\u00f6r att g\u00f6ra detta. <\/p>\n<p>Om du inte har ett Facebook- eller Instagram-konto kan du avaktivera anv\u00e4ndningsbaserad annonsering fr\u00e5n Meta p\u00e5 webbplatsen f\u00f6r European Interactive Digital Advertising Alliance:<span> <\/span><a href=\"http:\/\/www.youronlinechoices.com\/de\/praferenzmanagement\/\" target=\"_blank\" rel=\"noopener noreferrer\">http:\/\/www.youronlinechoices.com\/de\/praferenzmanagement\/.<\/a><\/p>\n<p>Bolaget \u00e4r certifierat i enlighet med &#8221;EU-US Data Privacy Framework&#8221; (DPF). DPF \u00e4r ett avtal mellan Europeiska unionen och USA som syftar till att s\u00e4kerst\u00e4lla att europeiska dataskyddsstandarder f\u00f6ljs vid databehandling i USA. Varje f\u00f6retag som certifierats enligt DPF f\u00f6rbinder sig att f\u00f6lja dessa dataskyddsnormer. Ytterligare information om detta kan erh\u00e5llas fr\u00e5n leverant\u00f6ren via f\u00f6ljande l\u00e4nk:   <span> <\/span><a href=\"https:\/\/www.dataprivacyframework.gov\/participant\/4452\" target=\"_blank\" rel=\"noopener noreferrer\">https:\/\/www.dataprivacyframework.gov\/participant\/4452.<\/a><\/p>\n<p>[\/et_pb_text][\/et_pb_column][\/et_pb_row][\/et_pb_section]<\/p>\n","protected":false},"excerpt":{"rendered":"<p>Meta Pixel (tidigare Facebook Pixel) Denna webbplats anv\u00e4nder bes\u00f6karens \u00e5tg\u00e4rdspixel fr\u00e5n Meta f\u00f6r att m\u00e4ta konverteringar. Leverant\u00f6ren av denna tj\u00e4nst \u00e4r Meta Platforms Ireland Limited, 4 Grand Canal Square, Dublin 2, Irland. Enligt Meta \u00f6verf\u00f6rs dock de insamlade uppgifterna \u00e4ven till USA och andra tredjel\u00e4nder. Detta g\u00f6r det m\u00f6jligt att sp\u00e5ra webbplatsbes\u00f6karnas beteende efter att [&hellip;]<\/p>\n","protected":false},"author":1,"featured_media":0,"parent":0,"menu_order":0,"comment_status":"closed","ping_status":"closed","template":"","meta":{"_et_pb_use_builder":"on","_et_pb_old_content":"","_et_gb_content_width":"","iawp_total_views":1,"footnotes":""},"dipi_cpt_category":[],"class_list":["post-25551037","page","type-page","status-publish","hentry"],"yoast_head":"<!-- This site is optimized with the Yoast SEO plugin v27.4 - https:\/\/yoast.com\/product\/yoast-seo-wordpress\/ -->\n<title>Endast integritetspolicy Meta Pixel - DaRi System<\/title>\n<meta name=\"robots\" content=\"index, follow, max-snippet:-1, max-image-preview:large, max-video-preview:-1\" \/>\n<link rel=\"canonical\" href=\"https:\/\/dari-system.com\/sv\/integritetspolicy-2\/\" \/>\n<meta property=\"og:locale\" content=\"sv_SE\" \/>\n<meta property=\"og:type\" content=\"article\" \/>\n<meta property=\"og:title\" content=\"Endast integritetspolicy Meta Pixel - DaRi System\" \/>\n<meta property=\"og:description\" content=\"Meta Pixel (tidigare Facebook Pixel) Denna webbplats anv\u00e4nder bes\u00f6karens \u00e5tg\u00e4rdspixel fr\u00e5n Meta f\u00f6r att m\u00e4ta konverteringar. Leverant\u00f6ren av denna tj\u00e4nst \u00e4r Meta Platforms Ireland Limited, 4 Grand Canal Square, Dublin 2, Irland. Enligt Meta \u00f6verf\u00f6rs dock de insamlade uppgifterna \u00e4ven till USA och andra tredjel\u00e4nder. Detta g\u00f6r det m\u00f6jligt att sp\u00e5ra webbplatsbes\u00f6karnas beteende efter att [&hellip;]\" \/>\n<meta property=\"og:url\" content=\"https:\/\/dari-system.com\/sv\/integritetspolicy-2\/\" \/>\n<meta property=\"og:site_name\" content=\"DaRi System\" \/>\n<meta property=\"article:modified_time\" content=\"2026-02-27T11:25:42+00:00\" \/>\n<meta name=\"twitter:card\" content=\"summary_large_image\" \/>\n<meta name=\"twitter:label1\" content=\"Ber\u00e4knad l\u00e4stid\" \/>\n\t<meta name=\"twitter:data1\" content=\"4 minuter\" \/>\n<script type=\"application\/ld+json\" class=\"yoast-schema-graph\">{\"@context\":\"https:\\\/\\\/schema.org\",\"@graph\":[{\"@type\":\"WebPage\",\"@id\":\"https:\\\/\\\/dari-system.com\\\/sv\\\/integritetspolicy-2\\\/\",\"url\":\"https:\\\/\\\/dari-system.com\\\/sv\\\/integritetspolicy-2\\\/\",\"name\":\"Endast integritetspolicy Meta Pixel - DaRi System\",\"isPartOf\":{\"@id\":\"https:\\\/\\\/dari-system.com\\\/sv\\\/#website\"},\"datePublished\":\"2026-02-27T11:22:35+00:00\",\"dateModified\":\"2026-02-27T11:25:42+00:00\",\"breadcrumb\":{\"@id\":\"https:\\\/\\\/dari-system.com\\\/sv\\\/integritetspolicy-2\\\/#breadcrumb\"},\"inLanguage\":\"sv-SE\",\"potentialAction\":[{\"@type\":\"ReadAction\",\"target\":[\"https:\\\/\\\/dari-system.com\\\/sv\\\/integritetspolicy-2\\\/\"]}]},{\"@type\":\"BreadcrumbList\",\"@id\":\"https:\\\/\\\/dari-system.com\\\/sv\\\/integritetspolicy-2\\\/#breadcrumb\",\"itemListElement\":[{\"@type\":\"ListItem\",\"position\":1,\"name\":\"Startseite\",\"item\":\"https:\\\/\\\/dari-system.com\\\/sv\\\/\"},{\"@type\":\"ListItem\",\"position\":2,\"name\":\"Endast integritetspolicy Meta Pixel\"}]},{\"@type\":\"WebSite\",\"@id\":\"https:\\\/\\\/dari-system.com\\\/sv\\\/#website\",\"url\":\"https:\\\/\\\/dari-system.com\\\/sv\\\/\",\"name\":\"DaRi System\",\"description\":\"\",\"potentialAction\":[{\"@type\":\"SearchAction\",\"target\":{\"@type\":\"EntryPoint\",\"urlTemplate\":\"https:\\\/\\\/dari-system.com\\\/sv\\\/?s={search_term_string}\"},\"query-input\":{\"@type\":\"PropertyValueSpecification\",\"valueRequired\":true,\"valueName\":\"search_term_string\"}}],\"inLanguage\":\"sv-SE\"}]}<\/script>\n<!-- \/ Yoast SEO plugin. -->","yoast_head_json":{"title":"Endast integritetspolicy Meta Pixel - DaRi System","robots":{"index":"index","follow":"follow","max-snippet":"max-snippet:-1","max-image-preview":"max-image-preview:large","max-video-preview":"max-video-preview:-1"},"canonical":"https:\/\/dari-system.com\/sv\/integritetspolicy-2\/","og_locale":"sv_SE","og_type":"article","og_title":"Endast integritetspolicy Meta Pixel - DaRi System","og_description":"Meta Pixel (tidigare Facebook Pixel) Denna webbplats anv\u00e4nder bes\u00f6karens \u00e5tg\u00e4rdspixel fr\u00e5n Meta f\u00f6r att m\u00e4ta konverteringar. Leverant\u00f6ren av denna tj\u00e4nst \u00e4r Meta Platforms Ireland Limited, 4 Grand Canal Square, Dublin 2, Irland. Enligt Meta \u00f6verf\u00f6rs dock de insamlade uppgifterna \u00e4ven till USA och andra tredjel\u00e4nder. Detta g\u00f6r det m\u00f6jligt att sp\u00e5ra webbplatsbes\u00f6karnas beteende efter att [&hellip;]","og_url":"https:\/\/dari-system.com\/sv\/integritetspolicy-2\/","og_site_name":"DaRi System","article_modified_time":"2026-02-27T11:25:42+00:00","twitter_card":"summary_large_image","twitter_misc":{"Ber\u00e4knad l\u00e4stid":"4 minuter"},"schema":{"@context":"https:\/\/schema.org","@graph":[{"@type":"WebPage","@id":"https:\/\/dari-system.com\/sv\/integritetspolicy-2\/","url":"https:\/\/dari-system.com\/sv\/integritetspolicy-2\/","name":"Endast integritetspolicy Meta Pixel - DaRi System","isPartOf":{"@id":"https:\/\/dari-system.com\/sv\/#website"},"datePublished":"2026-02-27T11:22:35+00:00","dateModified":"2026-02-27T11:25:42+00:00","breadcrumb":{"@id":"https:\/\/dari-system.com\/sv\/integritetspolicy-2\/#breadcrumb"},"inLanguage":"sv-SE","potentialAction":[{"@type":"ReadAction","target":["https:\/\/dari-system.com\/sv\/integritetspolicy-2\/"]}]},{"@type":"BreadcrumbList","@id":"https:\/\/dari-system.com\/sv\/integritetspolicy-2\/#breadcrumb","itemListElement":[{"@type":"ListItem","position":1,"name":"Startseite","item":"https:\/\/dari-system.com\/sv\/"},{"@type":"ListItem","position":2,"name":"Endast integritetspolicy Meta Pixel"}]},{"@type":"WebSite","@id":"https:\/\/dari-system.com\/sv\/#website","url":"https:\/\/dari-system.com\/sv\/","name":"DaRi System","description":"","potentialAction":[{"@type":"SearchAction","target":{"@type":"EntryPoint","urlTemplate":"https:\/\/dari-system.com\/sv\/?s={search_term_string}"},"query-input":{"@type":"PropertyValueSpecification","valueRequired":true,"valueName":"search_term_string"}}],"inLanguage":"sv-SE"}]}},"_links":{"self":[{"href":"https:\/\/dari-system.com\/sv\/wp-json\/wp\/v2\/pages\/25551037","targetHints":{"allow":["GET"]}}],"collection":[{"href":"https:\/\/dari-system.com\/sv\/wp-json\/wp\/v2\/pages"}],"about":[{"href":"https:\/\/dari-system.com\/sv\/wp-json\/wp\/v2\/types\/page"}],"author":[{"embeddable":true,"href":"https:\/\/dari-system.com\/sv\/wp-json\/wp\/v2\/users\/1"}],"replies":[{"embeddable":true,"href":"https:\/\/dari-system.com\/sv\/wp-json\/wp\/v2\/comments?post=25551037"}],"version-history":[{"count":10,"href":"https:\/\/dari-system.com\/sv\/wp-json\/wp\/v2\/pages\/25551037\/revisions"}],"predecessor-version":[{"id":25551095,"href":"https:\/\/dari-system.com\/sv\/wp-json\/wp\/v2\/pages\/25551037\/revisions\/25551095"}],"wp:attachment":[{"href":"https:\/\/dari-system.com\/sv\/wp-json\/wp\/v2\/media?parent=25551037"}],"wp:term":[{"taxonomy":"dipi_cpt_category","embeddable":true,"href":"https:\/\/dari-system.com\/sv\/wp-json\/wp\/v2\/dipi_cpt_category?post=25551037"}],"curies":[{"name":"wp","href":"https:\/\/api.w.org\/{rel}","templated":true}]}}