{"id":25547761,"date":"2024-06-19T09:58:35","date_gmt":"2024-06-19T09:58:35","guid":{"rendered":"https:\/\/dari-system.com\/gutterskydd\/"},"modified":"2024-08-19T15:04:10","modified_gmt":"2024-08-19T15:04:10","slug":"gutterskydd","status":"publish","type":"page","link":"https:\/\/dari-system.com\/sv\/gutterskydd\/","title":{"rendered":"Gutterskydd"},"content":{"rendered":"<p>[et_pb_section fb_built=&#8221;1&#8243; fullwidth=&#8221;on&#8221; _builder_version=&#8221;4.25.0&#8243; _module_preset=&#8221;default&#8221; bottom_divider_color=&#8221;#FFFFFF&#8221; bottom_divider_height=&#8221;82px&#8221; bottom_divider_flip=&#8221;horizontal&#8221; locked=&#8221;off&#8221; global_colors_info=&#8221;{}&#8221;][et_pb_fullwidth_header title=&#8221;Gutterskydd  &#8221; subhead=&#8221;Det b\u00e4sta skyddet f\u00f6r ditt tak&#8221; _builder_version=&#8221;4.25.0&#8243; _module_preset=&#8221;default&#8221; title_font=&#8221;|800|||||||&#8221; title_font_size=&#8221;45px&#8221; background_image=&#8221;https:\/\/dari-system.com\/wp-content\/uploads\/2024\/05\/header_background.webp&#8221; background_position=&#8221;bottom_center&#8221; custom_padding=&#8221;8vh||8vh||true|false&#8221; title_font_size_tablet=&#8221;45px&#8221; title_font_size_phone=&#8221;29px&#8221; title_font_size_last_edited=&#8221;on|phone&#8221; content_font_size_tablet=&#8221;&#8221; content_font_size_phone=&#8221;17px&#8221; content_font_size_last_edited=&#8221;on|phone&#8221; global_colors_info=&#8221;{}&#8221;][\/et_pb_fullwidth_header][\/et_pb_section][et_pb_section fb_built=&#8221;1&#8243; _builder_version=&#8221;4.25.0&#8243; _module_preset=&#8221;default&#8221; custom_margin=&#8221;||0px||false|false&#8221; custom_padding=&#8221;||0px||false|false&#8221; global_colors_info=&#8221;{}&#8221;][et_pb_row column_structure=&#8221;1_2,1_2&#8243; _builder_version=&#8221;4.25.0&#8243; _module_preset=&#8221;default&#8221; global_colors_info=&#8221;{}&#8221;][et_pb_column type=&#8221;1_2&#8243; _builder_version=&#8221;4.25.0&#8243; _module_preset=&#8221;default&#8221; global_colors_info=&#8221;{}&#8221;][et_pb_text _builder_version=&#8221;4.25.0&#8243; _module_preset=&#8221;default&#8221; header_2_font=&#8221;|700|||||||&#8221; global_colors_info=&#8221;{}&#8221;]<\/p>\n<h2>Det s\u00e4kra takr\u00e4nneskyddet f\u00f6r ditt tak<\/h2>\n<p>Ett h\u00e4ngr\u00e4nneskydd skyddar effektivt h\u00e4ngr\u00e4nnan fr\u00e5n blockeringar orsakade av l\u00f6v, barr, sm\u00e5 grenar och mossa.<br \/>\nUtan ett <strong>h\u00e4ngr\u00e4nneskydd<\/strong> kan \u00e4ven boxr\u00e4nnor snabbt bli igensatta.<br \/>\nAlla hus\u00e4gare k\u00e4nner till problemet med att beh\u00f6va reng\u00f6ra halvrunda h\u00e4ngr\u00e4nnor och boxr\u00e4nnor om och om igen.<br \/>\nSpeciellt p\u00e5 h\u00f6sten t\u00e4pps h\u00e4ngr\u00e4nnor och h\u00e4ngr\u00e4nnor snabbt igen av l\u00f6v.<br \/>\nEtt effektivt h\u00e4ngr\u00e4nneskydd skyddar d\u00e4rf\u00f6r inte bara h\u00e4ngr\u00e4nnan fr\u00e5n igens\u00e4ttning, utan g\u00f6r det ocks\u00e5 l\u00e4ttare f\u00f6r hus\u00e4garen att skydda sitt hem, eftersom regnvatten inte rinner \u00f6ver den igensatta h\u00e4ngr\u00e4nnan och bl\u00f6ter ner husv\u00e4ggen.    <\/p>\n<p>[\/et_pb_text][\/et_pb_column][et_pb_column type=&#8221;1_2&#8243; _builder_version=&#8221;4.25.0&#8243; _module_preset=&#8221;default&#8221; global_colors_info=&#8221;{}&#8221;][et_pb_image src=&#8221;https:\/\/dari-system.com\/wp-content\/uploads\/2024\/06\/dachrinnenabdeckung.webp&#8221; alt=&#8221;T\u00e4ckning av takr\u00e4nnor&#8221; title_text=&#8221;Gutterskydd&#8221; _builder_version=&#8221;4.25.0&#8243; _module_preset=&#8221;default&#8221; custom_margin=&#8221;||5px||false|false&#8221; global_colors_info=&#8221;{}&#8221;][\/et_pb_image][et_pb_text _builder_version=&#8221;4.25.0&#8243; _module_preset=&#8221;default&#8221; custom_margin=&#8221;0px||||false|false&#8221; global_colors_info=&#8221;{}&#8221;]<\/p>\n<p style=\"text-align: center;\"><em>DaRi takr\u00e4nne\u00f6verdrag<\/em><\/p>\n<p>[\/et_pb_text][\/et_pb_column][\/et_pb_row][\/et_pb_section][et_pb_section fb_built=&#8221;1&#8243; _builder_version=&#8221;4.25.0&#8243; _module_preset=&#8221;default&#8221; custom_margin=&#8221;0px||||false|false&#8221; custom_padding=&#8221;0px||||false|false&#8221; global_colors_info=&#8221;{}&#8221;][et_pb_row _builder_version=&#8221;4.25.0&#8243; _module_preset=&#8221;default&#8221; global_colors_info=&#8221;{}&#8221;][et_pb_column type=&#8221;4_4&#8243; _builder_version=&#8221;4.25.0&#8243; _module_preset=&#8221;default&#8221; global_colors_info=&#8221;{}&#8221;][et_pb_text _builder_version=&#8221;4.25.0&#8243; _module_preset=&#8221;default&#8221; header_2_font=&#8221;|700|||||||&#8221; hover_enabled=&#8221;0&#8243; global_colors_info=&#8221;{}&#8221; sticky_enabled=&#8221;0&#8243;]<\/p>\n<h2>Spara kostnader genom att k\u00f6pa ett takr\u00e4nneskydd<\/h2>\n<p>Med ett h\u00e4ngr\u00e4nneskydd f\u00f6r din h\u00e4ngr\u00e4nna eller boxr\u00e4nna kan du effektivt spara kostnader.<br \/>\nDet beror p\u00e5 att en igensatt h\u00e4ngr\u00e4nna kan bli mycket dyr om h\u00e4ngr\u00e4nnan sv\u00e4mmar \u00f6ver och bl\u00f6ter ner husv\u00e4ggen.<br \/>\nVatten kan ocks\u00e5 tr\u00e4nga in i k\u00e4llaren via ljusbrunnen om h\u00e4ngr\u00e4nnan sv\u00e4mmar \u00f6ver.<br \/>\nUndvik denna risk och skydda din h\u00e4ngr\u00e4nna med ett h\u00e4ngr\u00e4nne\u00f6verdrag.   <\/p>\n<h2>B\u00e4ttre livskvalitet med en bra takr\u00e4nna<\/h2>\n<p>Med ett bra h\u00e4ngr\u00e4nneskydd f\u00e5r du ocks\u00e5 en b\u00e4ttre livskvalitet.<br \/>\nF\u00f6r om du inte l\u00e4ngre beh\u00f6ver oroa dig f\u00f6r att din r\u00e4nna eller h\u00e4ngr\u00e4nna ska bli igensatt kan du \u00e5ka p\u00e5 semester p\u00e5 h\u00f6sten med sinnesfrid. <\/p>\n<h2>Var uppm\u00e4rksam p\u00e5 kvaliteten p\u00e5 r\u00e4nnans t\u00e4ckning<\/h2>\n<p>Om du letar efter ett takr\u00e4nneskydd av h\u00f6g kvalitet m\u00e5ste du noggrant kontrollera om takr\u00e4nneskyddet uppfyller sitt syfte.<br \/>\nVar d\u00e4rf\u00f6r uppm\u00e4rksam p\u00e5 kvaliteten p\u00e5 r\u00e4nnskyddet.<br \/>\nVi erbjuder takr\u00e4nnor av h\u00f6gsta kvalitet f\u00f6r halvrunda och l\u00e5dformade takr\u00e4nnor.<br \/>\nV\u00e5ra h\u00e4ngr\u00e4nnor passar n\u00e4stan alla h\u00e4ngr\u00e4nnor.   <\/p>\n<h2>Bra service \u00e4r mycket viktigt n\u00e4r du k\u00f6per ett takr\u00e4nneskydd<\/h2>\n<p>Du f\u00e5r den b\u00e4sta servicen fr\u00e5n oss.<br \/>\nDu kan skicka oss bilder p\u00e5 din r\u00e4nna eller h\u00e4ngr\u00e4nna och vi kommer att ge dig r\u00e5d utan kostnad om vilket h\u00e4ngr\u00e4nneskydd som passar b\u00e4st f\u00f6r din r\u00e4nna eller h\u00e4ngr\u00e4nna.<br \/>\n\u00c4ven om det skulle uppst\u00e5 problem under installationen finns vi d\u00e4r f\u00f6r att hj\u00e4lpa och ge dig r\u00e5d.  <\/p>\n<h2>F\u00f6r att s\u00e4kerst\u00e4lla att du kan njuta av ditt tak under l\u00e5ng tid, skydda din takr\u00e4nna med ett takr\u00e4nne\u00f6verdrag<\/h2>\n<p>Ett takr\u00e4nneskydd sparar dig mycket tr\u00e5kigt arbete.<br \/>\nAtt beh\u00f6va kl\u00e4ttra upp p\u00e5 den h\u00f6ga stegen flera g\u00e5nger om \u00e5ret \u00e4r inte bara tr\u00e5kigt, utan ocks\u00e5 farligt.<br \/>\nJu \u00e4ldre du blir, desto mer vill du undvika denna olycksrisk.  <\/p>\n<h2>Garanti f\u00f6r att r\u00e4nnan inte l\u00e4ngre t\u00e4pps till<\/h2>\n<p>Med ett takr\u00e4nneskydd fr\u00e5n v\u00e5r butik f\u00e5r du en garanti fr\u00e5n oss att din takr\u00e4nna inte l\u00e4ngre kommer att blockeras av l\u00f6v.<br \/>\nVar annars kan du f\u00e5 en s\u00e5dan garanti p\u00e5 ett takr\u00e4nne\u00f6verdrag? <\/p>\n<p>Detta kan ocks\u00e5 vara av intresse f\u00f6r dig:<\/p>\n<ul>\n<li><a href=\"https:\/\/dari-system.com\/sv\/loevskydd-raenna\/\" title=\"L\u00f6vskydd r\u00e4nna\"><a href=\"https:\/\/dari-system.com\/sv\/loevskydd-raenna\/\">L\u00f6vskydd f\u00f6r h\u00e4ngr\u00e4nnan<\/a><\/a><\/li>\n<li><a href=\"https:\/\/dari-system.com\/sv\/regnvattenraennor-loevskydd\/\" title=\"Regnvattenr\u00e4nnor L\u00f6vskydd\"><a href=\"https:\/\/dari-system.com\/sv\/regnvattenraennor-loevskydd\/\">Regnvattenr\u00e4nnor L\u00f6vskydd<\/a><\/a><\/li>\n<li><a href=\"https:\/\/dari-system.com\/sv\/loevskydd-raenna-2\/\" title=\"L\u00f6vskydd r\u00e4nna\"><a href=\"https:\/\/dari-system.com\/sv\/loevskydd-raenna-2\/\">L\u00f6vskydd f\u00f6r h\u00e4ngr\u00e4nnan<\/a><\/a><\/li>\n<li><a href=\"https:\/\/dari-system.com\/sv\/gutterskydd\/\" title=\"Gutterskydd\"> <a href=\"https:\/\/dari-system.com\/sv\/gutterskydd\/\"> Gutterskydd<\/a><\/a><\/li>\n<\/ul>\n<p>[\/et_pb_text][\/et_pb_column][\/et_pb_row][\/et_pb_section]<\/p>\n","protected":false},"excerpt":{"rendered":"<p>Det s\u00e4kra takr\u00e4nneskyddet f\u00f6r ditt tak Ett h\u00e4ngr\u00e4nneskydd skyddar effektivt h\u00e4ngr\u00e4nnan fr\u00e5n blockeringar orsakade av l\u00f6v, barr, sm\u00e5 grenar och mossa. Utan ett h\u00e4ngr\u00e4nneskydd kan \u00e4ven boxr\u00e4nnor snabbt bli igensatta. Alla hus\u00e4gare k\u00e4nner till problemet med att beh\u00f6va reng\u00f6ra halvrunda h\u00e4ngr\u00e4nnor och boxr\u00e4nnor om och om igen. Speciellt p\u00e5 h\u00f6sten t\u00e4pps h\u00e4ngr\u00e4nnor och h\u00e4ngr\u00e4nnor snabbt [&hellip;]<\/p>\n","protected":false},"author":1,"featured_media":0,"parent":0,"menu_order":0,"comment_status":"closed","ping_status":"closed","template":"","meta":{"_et_pb_use_builder":"on","_et_pb_old_content":"","_et_gb_content_width":"","iawp_total_views":63,"footnotes":""},"dipi_cpt_category":[],"class_list":["post-25547761","page","type-page","status-publish","hentry"],"yoast_head":"<!-- This site is optimized with the Yoast SEO plugin v27.4 - https:\/\/yoast.com\/product\/yoast-seo-wordpress\/ -->\n<title>DaRi-r\u00e4nnskydd - perfekt skydd mot l\u00f6v<\/title>\n<meta name=\"description\" content=\"Ta reda p\u00e5 mer om DaRi-r\u00e4nnskyddet och skydda din r\u00e4nna fr\u00e5n l\u00f6v och blockeringar. Vi ger r\u00e5d om\" \/>\n<meta name=\"robots\" content=\"index, follow, max-snippet:-1, max-image-preview:large, max-video-preview:-1\" \/>\n<link rel=\"canonical\" href=\"https:\/\/dari-system.com\/sv\/gutterskydd\/\" \/>\n<meta property=\"og:locale\" content=\"sv_SE\" \/>\n<meta property=\"og:type\" content=\"article\" \/>\n<meta property=\"og:title\" content=\"DaRi-r\u00e4nnskydd - perfekt skydd mot l\u00f6v\" \/>\n<meta property=\"og:description\" content=\"Ta reda p\u00e5 mer om DaRi-r\u00e4nnskyddet och skydda din r\u00e4nna fr\u00e5n l\u00f6v och blockeringar. Vi ger r\u00e5d om\" \/>\n<meta property=\"og:url\" content=\"https:\/\/dari-system.com\/sv\/gutterskydd\/\" \/>\n<meta property=\"og:site_name\" content=\"DaRi System\" \/>\n<meta property=\"article:modified_time\" content=\"2024-08-19T15:04:10+00:00\" \/>\n<meta name=\"twitter:card\" content=\"summary_large_image\" \/>\n<meta name=\"twitter:label1\" content=\"Ber\u00e4knad l\u00e4stid\" \/>\n\t<meta name=\"twitter:data1\" content=\"5 minuter\" \/>\n<script type=\"application\/ld+json\" class=\"yoast-schema-graph\">{\"@context\":\"https:\\\/\\\/schema.org\",\"@graph\":[{\"@type\":\"WebPage\",\"@id\":\"https:\\\/\\\/dari-system.com\\\/sv\\\/gutterskydd\\\/\",\"url\":\"https:\\\/\\\/dari-system.com\\\/sv\\\/gutterskydd\\\/\",\"name\":\"DaRi-r\u00e4nnskydd - perfekt skydd mot l\u00f6v\",\"isPartOf\":{\"@id\":\"https:\\\/\\\/dari-system.com\\\/sv\\\/#website\"},\"datePublished\":\"2024-06-19T09:58:35+00:00\",\"dateModified\":\"2024-08-19T15:04:10+00:00\",\"description\":\"Ta reda p\u00e5 mer om DaRi-r\u00e4nnskyddet och skydda din r\u00e4nna fr\u00e5n l\u00f6v och blockeringar. Vi ger r\u00e5d om\",\"breadcrumb\":{\"@id\":\"https:\\\/\\\/dari-system.com\\\/sv\\\/gutterskydd\\\/#breadcrumb\"},\"inLanguage\":\"sv-SE\",\"potentialAction\":[{\"@type\":\"ReadAction\",\"target\":[\"https:\\\/\\\/dari-system.com\\\/sv\\\/gutterskydd\\\/\"]}]},{\"@type\":\"BreadcrumbList\",\"@id\":\"https:\\\/\\\/dari-system.com\\\/sv\\\/gutterskydd\\\/#breadcrumb\",\"itemListElement\":[{\"@type\":\"ListItem\",\"position\":1,\"name\":\"Startseite\",\"item\":\"https:\\\/\\\/dari-system.com\\\/sv\\\/\"},{\"@type\":\"ListItem\",\"position\":2,\"name\":\"Gutterskydd\"}]},{\"@type\":\"WebSite\",\"@id\":\"https:\\\/\\\/dari-system.com\\\/sv\\\/#website\",\"url\":\"https:\\\/\\\/dari-system.com\\\/sv\\\/\",\"name\":\"DaRi System\",\"description\":\"\",\"potentialAction\":[{\"@type\":\"SearchAction\",\"target\":{\"@type\":\"EntryPoint\",\"urlTemplate\":\"https:\\\/\\\/dari-system.com\\\/sv\\\/?s={search_term_string}\"},\"query-input\":{\"@type\":\"PropertyValueSpecification\",\"valueRequired\":true,\"valueName\":\"search_term_string\"}}],\"inLanguage\":\"sv-SE\"}]}<\/script>\n<!-- \/ Yoast SEO plugin. -->","yoast_head_json":{"title":"DaRi-r\u00e4nnskydd - perfekt skydd mot l\u00f6v","description":"Ta reda p\u00e5 mer om DaRi-r\u00e4nnskyddet och skydda din r\u00e4nna fr\u00e5n l\u00f6v och blockeringar. Vi ger r\u00e5d om","robots":{"index":"index","follow":"follow","max-snippet":"max-snippet:-1","max-image-preview":"max-image-preview:large","max-video-preview":"max-video-preview:-1"},"canonical":"https:\/\/dari-system.com\/sv\/gutterskydd\/","og_locale":"sv_SE","og_type":"article","og_title":"DaRi-r\u00e4nnskydd - perfekt skydd mot l\u00f6v","og_description":"Ta reda p\u00e5 mer om DaRi-r\u00e4nnskyddet och skydda din r\u00e4nna fr\u00e5n l\u00f6v och blockeringar. Vi ger r\u00e5d om","og_url":"https:\/\/dari-system.com\/sv\/gutterskydd\/","og_site_name":"DaRi System","article_modified_time":"2024-08-19T15:04:10+00:00","twitter_card":"summary_large_image","twitter_misc":{"Ber\u00e4knad l\u00e4stid":"5 minuter"},"schema":{"@context":"https:\/\/schema.org","@graph":[{"@type":"WebPage","@id":"https:\/\/dari-system.com\/sv\/gutterskydd\/","url":"https:\/\/dari-system.com\/sv\/gutterskydd\/","name":"DaRi-r\u00e4nnskydd - perfekt skydd mot l\u00f6v","isPartOf":{"@id":"https:\/\/dari-system.com\/sv\/#website"},"datePublished":"2024-06-19T09:58:35+00:00","dateModified":"2024-08-19T15:04:10+00:00","description":"Ta reda p\u00e5 mer om DaRi-r\u00e4nnskyddet och skydda din r\u00e4nna fr\u00e5n l\u00f6v och blockeringar. Vi ger r\u00e5d om","breadcrumb":{"@id":"https:\/\/dari-system.com\/sv\/gutterskydd\/#breadcrumb"},"inLanguage":"sv-SE","potentialAction":[{"@type":"ReadAction","target":["https:\/\/dari-system.com\/sv\/gutterskydd\/"]}]},{"@type":"BreadcrumbList","@id":"https:\/\/dari-system.com\/sv\/gutterskydd\/#breadcrumb","itemListElement":[{"@type":"ListItem","position":1,"name":"Startseite","item":"https:\/\/dari-system.com\/sv\/"},{"@type":"ListItem","position":2,"name":"Gutterskydd"}]},{"@type":"WebSite","@id":"https:\/\/dari-system.com\/sv\/#website","url":"https:\/\/dari-system.com\/sv\/","name":"DaRi System","description":"","potentialAction":[{"@type":"SearchAction","target":{"@type":"EntryPoint","urlTemplate":"https:\/\/dari-system.com\/sv\/?s={search_term_string}"},"query-input":{"@type":"PropertyValueSpecification","valueRequired":true,"valueName":"search_term_string"}}],"inLanguage":"sv-SE"}]}},"_links":{"self":[{"href":"https:\/\/dari-system.com\/sv\/wp-json\/wp\/v2\/pages\/25547761","targetHints":{"allow":["GET"]}}],"collection":[{"href":"https:\/\/dari-system.com\/sv\/wp-json\/wp\/v2\/pages"}],"about":[{"href":"https:\/\/dari-system.com\/sv\/wp-json\/wp\/v2\/types\/page"}],"author":[{"embeddable":true,"href":"https:\/\/dari-system.com\/sv\/wp-json\/wp\/v2\/users\/1"}],"replies":[{"embeddable":true,"href":"https:\/\/dari-system.com\/sv\/wp-json\/wp\/v2\/comments?post=25547761"}],"version-history":[{"count":1,"href":"https:\/\/dari-system.com\/sv\/wp-json\/wp\/v2\/pages\/25547761\/revisions"}],"predecessor-version":[{"id":25547765,"href":"https:\/\/dari-system.com\/sv\/wp-json\/wp\/v2\/pages\/25547761\/revisions\/25547765"}],"wp:attachment":[{"href":"https:\/\/dari-system.com\/sv\/wp-json\/wp\/v2\/media?parent=25547761"}],"wp:term":[{"taxonomy":"dipi_cpt_category","embeddable":true,"href":"https:\/\/dari-system.com\/sv\/wp-json\/wp\/v2\/dipi_cpt_category?post=25547761"}],"curies":[{"name":"wp","href":"https:\/\/api.w.org\/{rel}","templated":true}]}}