{"id":25547754,"date":"2024-06-19T14:44:07","date_gmt":"2024-06-19T14:44:07","guid":{"rendered":"https:\/\/dari-system.com\/regnvattenraennor-loevskydd\/"},"modified":"2024-08-19T15:04:10","modified_gmt":"2024-08-19T15:04:10","slug":"regnvattenraennor-loevskydd","status":"publish","type":"page","link":"https:\/\/dari-system.com\/sv\/regnvattenraennor-loevskydd\/","title":{"rendered":"Regnvattenr\u00e4nnor L\u00f6vskydd"},"content":{"rendered":"<p>[et_pb_section fb_built=&#8221;1&#8243; fullwidth=&#8221;on&#8221; _builder_version=&#8221;4.25.0&#8243; _module_preset=&#8221;default&#8221; bottom_divider_color=&#8221;#FFFFFF&#8221; bottom_divider_height=&#8221;82px&#8221; bottom_divider_flip=&#8221;horizontal&#8221; locked=&#8221;off&#8221; global_colors_info=&#8221;{}&#8221;][et_pb_fullwidth_header title=&#8221;Regnvattenr\u00e4nnor L\u00f6vskydd&#8221; subhead=&#8221;och du har en sak mindre att oroa dig f\u00f6r&#8221; _builder_version=&#8221;4.25.0&#8243; _module_preset=&#8221;default&#8221; title_font=&#8221;|800|||||||&#8221; title_font_size=&#8221;45px&#8221; background_image=&#8221;https:\/\/dari-system.com\/wp-content\/uploads\/2024\/05\/header_background.webp&#8221; background_position=&#8221;bottom_center&#8221; custom_padding=&#8221;8vh||8vh||true|false&#8221; hover_enabled=&#8221;0&#8243; title_font_size_tablet=&#8221;45px&#8221; title_font_size_phone=&#8221;29px&#8221; title_font_size_last_edited=&#8221;on|phone&#8221; content_font_size_tablet=&#8221;&#8221; content_font_size_phone=&#8221;17px&#8221; content_font_size_last_edited=&#8221;on|phone&#8221; global_colors_info=&#8221;{}&#8221; sticky_enabled=&#8221;0&#8243;][\/et_pb_fullwidth_header][\/et_pb_section][et_pb_section fb_built=&#8221;1&#8243; _builder_version=&#8221;4.25.0&#8243; _module_preset=&#8221;default&#8221; custom_margin=&#8221;||0px||false|false&#8221; custom_padding=&#8221;||0px||false|false&#8221; global_colors_info=&#8221;{}&#8221;][et_pb_row _builder_version=&#8221;4.25.0&#8243; _module_preset=&#8221;default&#8221; global_colors_info=&#8221;{}&#8221;][et_pb_column type=&#8221;4_4&#8243; _builder_version=&#8221;4.25.0&#8243; _module_preset=&#8221;default&#8221; global_colors_info=&#8221;{}&#8221;][et_pb_text _builder_version=&#8221;4.25.0&#8243; _module_preset=&#8221;default&#8221; header_2_font=&#8221;|700|||||||&#8221; hover_enabled=&#8221;0&#8243; global_colors_info=&#8221;{}&#8221; sticky_enabled=&#8221;0&#8243;]<\/p>\n<h2>Det p\u00e5litliga bladskyddet f\u00f6r regnr\u00e4nnor<\/h2>\n<p>  Med v\u00e5rt bladskydd f\u00f6r h\u00e4ngr\u00e4nnor beh\u00f6ver du inte l\u00e4ngre oroa dig f\u00f6r att h\u00e4ngr\u00e4nnan ska bli igensatt.<br \/>\nR\u00e4nnans bladskydd skyddar p\u00e5 ett tillf\u00f6rlitligt s\u00e4tt halvrunda och l\u00e5dformade h\u00e4ngr\u00e4nnor fr\u00e5n blockeringar orsakade av l\u00f6v eller barr.<br \/>\nAtt installera r\u00e4nnstensskyddet \u00e4r en barnlek.<br \/>\nDu beh\u00f6ver inte ens n\u00e5gra verktyg.<br \/>\nR\u00e4nndalsskyddet placeras helt enkelt i r\u00e4nnan och f\u00e4sts i den runda vulsten p\u00e5 framsidan.<br \/>\nKl\u00e4mmorna finns i svart och silver.<br \/>\nDet inneb\u00e4r att clipsen knappt syns underifr\u00e5n.<br \/>\n\u00c4nd\u00e5 skyddas din h\u00e4ngr\u00e4nna p\u00e5 ett utm\u00e4rkt s\u00e4tt av h\u00e4ngr\u00e4nnans bladskydd.<br \/>\nR\u00e4nnans bladskydd skyddar dock inte r\u00e4nnan fr\u00e5n l\u00f6v eller barr.<br \/>\nSm\u00e5 grenar eller mossa bl\u00e5ser ocks\u00e5 ner fr\u00e5n taket och skulle hamna i h\u00e4ngr\u00e4nnan om det inte fanns n\u00e5got h\u00e4ngr\u00e4nnans bladskydd som skyddade h\u00e4ngr\u00e4nnan.[\/et_pb_text][\/et_pb_column][\/et_pb_row][et_pb_row column_structure=&#8221;1_2,1_2&#8243; _builder_version=&#8221;4.25.0&#8243; _module_preset=&#8221;default&#8221; global_colors_info=&#8221;{}&#8221;][et_pb_column type=&#8221;1_2&#8243; _builder_version=&#8221;4.25.0&#8243; _module_preset=&#8221;default&#8221; global_colors_info=&#8221;{}&#8221;][et_pb_text _builder_version=&#8221;4.25.0&#8243; _module_preset=&#8221;default&#8221; header_2_font=&#8221;|700|||||||&#8221; hover_enabled=&#8221;0&#8243; global_colors_info=&#8221;{}&#8221; sticky_enabled=&#8221;0&#8243;]<\/p>\n<h2>V\u00e5rt bladskydd f\u00f6r h\u00e4ngr\u00e4nnor passar n\u00e4stan alla h\u00e4ngr\u00e4nnor<\/h2>\n<p>  Beroende p\u00e5 storleken p\u00e5 ditt tak kommer \u00e4ven storleken p\u00e5 h\u00e4ngr\u00e4nnan att anpassas till detta.<br \/>\nF\u00f6r mycket stora tak installeras ofta en h\u00e4ngr\u00e4nna i storlek 40 och f\u00f6r sm\u00e5 tak en h\u00e4ngr\u00e4nna i storlek 28.<br \/>\nVid bostadsbyggande \u00e4r det dock vanligast att anv\u00e4nda h\u00e4ngr\u00e4nnor i storlek 33.<br \/>\nDu kan se storleken p\u00e5 din h\u00e4ngr\u00e4nna i slutet av h\u00e4ngr\u00e4nnan.<br \/>\nD\u00e4r finns en \u00e4ndplatta.<br \/>\nDenna platta visar vanligtvis r\u00e4nnans storlek.<br \/>\nR\u00e4nnans storlek \u00e4r mycket viktig f\u00f6r att s\u00e4kerst\u00e4lla att r\u00e4nnans bladskydd passar perfekt.<br \/>\nMed boxr\u00e4nnor finns det dock ofta icke-standardiserade h\u00e4ngr\u00e4nnor, t.ex. p\u00e5 en vintertr\u00e4dg\u00e5rd eller balkong.<br \/>\nV\u00e5rt h\u00e4ngr\u00e4nneskydd f\u00f6r boxr\u00e4nnor \u00e4r d\u00e4rf\u00f6r mycket flexibelt och kan anpassas till m\u00e5nga olika bredder p\u00e5 boxr\u00e4nnorna.<br \/>\nB\u00e5de h\u00f6jden och bredden p\u00e5 r\u00e4nnbladsskyddet f\u00f6r boxr\u00e4nnor kan justeras.[\/et_pb_text][\/et_pb_column][et_pb_column type=&#8221;1_2&#8243; _builder_version=&#8221;4.25.0&#8243; _module_preset=&#8221;default&#8221; global_colors_info=&#8221;{}&#8221;][et_pb_image src=&#8221;https:\/\/dari-system.com\/wp-content\/uploads\/2024\/06\/regenrinnen-laubschutz.webp&#8221; alt=&#8221;Regnvattenr\u00e4nnor L\u00f6vskydd&#8221; title_text=&#8221;R\u00e4nnstensskydd&#8221; _builder_version=&#8221;4.25.0&#8243; _module_preset=&#8221;default&#8221; custom_margin=&#8221;||5px||false|false&#8221; hover_enabled=&#8221;0&#8243; global_colors_info=&#8221;{}&#8221; sticky_enabled=&#8221;0&#8243;][\/et_pb_image][et_pb_text _builder_version=&#8221;4.25.0&#8243; _module_preset=&#8221;default&#8221; custom_margin=&#8221;0px||||false|false&#8221; hover_enabled=&#8221;0&#8243; global_colors_info=&#8221;{}&#8221; sticky_enabled=&#8221;0&#8243;]<\/p>\n<p style=\"text-align: center;\"><em>Bladskydd f\u00f6r varje h\u00e4ngr\u00e4nna<\/em><\/p>\n<p>[\/et_pb_text][\/et_pb_column][\/et_pb_row][\/et_pb_section][et_pb_section fb_built=&#8221;1&#8243; _builder_version=&#8221;4.25.0&#8243; _module_preset=&#8221;default&#8221; custom_margin=&#8221;0px||||false|false&#8221; custom_padding=&#8221;0px||||false|false&#8221; global_colors_info=&#8221;{}&#8221;][et_pb_row _builder_version=&#8221;4.25.0&#8243; _module_preset=&#8221;default&#8221; hover_enabled=&#8221;0&#8243; global_colors_info=&#8221;{}&#8221; sticky_enabled=&#8221;0&#8243;][et_pb_column type=&#8221;4_4&#8243; _builder_version=&#8221;4.25.0&#8243; _module_preset=&#8221;default&#8221; global_colors_info=&#8221;{}&#8221;][et_pb_text _builder_version=&#8221;4.25.0&#8243; _module_preset=&#8221;default&#8221; header_2_font=&#8221;|700|||||||&#8221; hover_enabled=&#8221;0&#8243; global_colors_info=&#8221;{}&#8221; sticky_enabled=&#8221;0&#8243;]<\/p>\n<h2>F\u00f6rlita dig p\u00e5 mer \u00e4n 20 \u00e5rs erfarenhet av v\u00e5rt bladskydd f\u00f6r h\u00e4ngr\u00e4nnor<\/h2>\n<p>I mer \u00e4n 20 \u00e5r har vi arbetat med fr\u00e5gan om hur h\u00e4ngr\u00e4nnor kan skyddas mot stopp orsakade av l\u00f6v, barr, kvistar, mossa eller tr\u00e4dblommor.<br \/>\nVi f\u00e5r f\u00f6rfr\u00e5gningar fr\u00e5n hus\u00e4gare vars hus ligger intill en stor tall och som \u00e4r f\u00f6rtvivlade \u00f6ver att h\u00e4ngr\u00e4nnan \u00e4r full av tallbarr varje vecka.<br \/>\nMed r\u00e4nnstensbladskyddet \u00e4r dessa hus\u00e4gare glada \u00f6ver att ha l\u00f6st detta problem.<br \/>\nVi har redan gett m\u00e5nga kunder ett bekymmersfritt liv tillbaka med v\u00e5ra produkter.   <\/p>\n<h2>Service \u00e4r v\u00e5r h\u00f6gsta prioritet<\/h2>\n<p>Vi blir glada n\u00e4r vi f\u00e5r f\u00f6rfr\u00e5gningar fr\u00e5n kunder som skickar oss bilder p\u00e5 sina h\u00e4ngr\u00e4nnor och fr\u00e5gar om v\u00e5rt bladskydd f\u00f6r h\u00e4ngr\u00e4nnor \u00e4r l\u00e4mpligt f\u00f6r deras h\u00e4ngr\u00e4nnor.<br \/>\nKunderna f\u00e5r gratis r\u00e5dgivning och vi kan i n\u00e4stan alla fall hj\u00e4lpa till att f\u00f6rhindra att h\u00e4ngr\u00e4nnan t\u00e4pps igen.<br \/>\nEftersom rensluckan \u00e4r tillverkad av slitstark polypropylen med UV-skydd f\u00e5r vi ofta positiv feedback fr\u00e5n kunderna om hur n\u00f6jda de \u00e4r, \u00e4ven efter m\u00e5nga \u00e5r.<br \/>\nVi g\u00f6r ocks\u00e5 n\u00e5got bra f\u00f6r milj\u00f6n eftersom v\u00e5ra produkter \u00e4r helt \u00e5tervinningsbara.<br \/>\nOch det b\u00e4sta av allt: bladskyddet f\u00f6r h\u00e4ngr\u00e4nnor har designats i Tyskland och tillverkas i Tyskland.<br \/>\nMade in Germany st\u00e5r f\u00f6r h\u00f6gsta kvalitet och h\u00e5llbarhet.     <\/p>\n<h2>Instruktioner f\u00f6r installation av bladskydd f\u00f6r h\u00e4ngr\u00e4nnan<\/h2>\n<p><strong>Installera ditt l\u00f6vskydd f\u00f6r h\u00e4ngr\u00e4nnor i 5 steg<\/strong><\/p>\n<ol>\n<li>F\u00f6rberedelser: Innan du installerar bladskyddet f\u00f6r h\u00e4ngr\u00e4nnor b\u00f6r du reng\u00f6ra h\u00e4ngr\u00e4nnan noggrant<\/li>\n<li>F\u00f6rbered materialen: Du beh\u00f6ver ingen hammare eller skruv f\u00f6r att montera l\u00f6vskyddet.<br \/>\nSkjut bara p\u00e5 clipsen p\u00e5 DaRi-systemet s\u00e5 \u00e4r du redo att k\u00f6ra. <\/li>\n<li>Installation: Installationen \u00e4r en barnlek.<br \/>\nPlacera helt enkelt r\u00e4nnstensskyddet i r\u00e4nnan och skjut fast kl\u00e4mmorna p\u00e5 den runda vulsten p\u00e5 framsidan.<br \/>\nR\u00e4nnskyddet l\u00e4ggs sedan p\u00e5 h\u00f6gkant.<br \/>\nDe enskilda delarna f\u00e5r inte \u00f6verlappa varandra.   <\/li>\n<li>Sk\u00e4r till r\u00e4tt storlek: Beroende p\u00e5 hur de 76 cm l\u00e5nga delarna av r\u00e4nnstensskyddet passar p\u00e5 r\u00e4nnstenen kan den sista biten beh\u00f6va kortas av n\u00e5got.<br \/>\nF\u00f6r att g\u00f6ra detta kan den sista biten av r\u00e4nnbladsskyddet klippas till r\u00e4tt l\u00e4ngd med en sax eller sekat\u00f6r. <\/li>\n<li>Slutsats: N\u00e4r l\u00f6vskyddet f\u00f6r h\u00e4ngr\u00e4nnor har monterats p\u00e5 ett s\u00e4kert s\u00e4tt ska allt avfall kasseras p\u00e5 r\u00e4tt s\u00e4tt och stegen s\u00e4ttas tillbaka p\u00e5 plats.<\/li>\n<\/ol>\n<p>Detta kan ocks\u00e5 vara av intresse f\u00f6r dig:<\/p>\n<ul>\n<li><a href=\"https:\/\/dari-system.com\/sv\/loevskydd-raenna\/\" title=\"L\u00f6vskydd r\u00e4nna\"><a href=\"https:\/\/dari-system.com\/sv\/loevskydd-raenna\/\">L\u00f6vskydd f\u00f6r h\u00e4ngr\u00e4nnan<\/a><\/a><\/li>\n<li><a href=\"https:\/\/dari-system.com\/sv\/regnvattenraennor-loevskydd\/\" title=\"Regnvattenr\u00e4nnor L\u00f6vskydd\"><a href=\"https:\/\/dari-system.com\/sv\/regnvattenraennor-loevskydd\/\">Regnvattenr\u00e4nnor L\u00f6vskydd<\/a><\/a><\/li>\n<li><a href=\"https:\/\/dari-system.com\/sv\/loevskydd-raenna-2\/\" title=\"L\u00f6vskydd r\u00e4nna\"><a href=\"https:\/\/dari-system.com\/sv\/loevskydd-raenna-2\/\">L\u00f6vskydd f\u00f6r h\u00e4ngr\u00e4nnan<\/a><\/a><\/li>\n<li><a href=\"https:\/\/dari-system.com\/dachrinnenabdeckung\/\" title=\"Gutterskydd\"> <a href=\"https:\/\/dari-system.com\/dachrinnenabdeckung\/\"> Gutterskydd<\/a><\/a><\/li>\n<\/ul>\n<p>[\/et_pb_text][\/et_pb_column][\/et_pb_row][\/et_pb_section]<\/p>\n","protected":false},"excerpt":{"rendered":"<p>Det p\u00e5litliga bladskyddet f\u00f6r regnr\u00e4nnor Med v\u00e5rt bladskydd f\u00f6r h\u00e4ngr\u00e4nnor beh\u00f6ver du inte l\u00e4ngre oroa dig f\u00f6r att h\u00e4ngr\u00e4nnan ska bli igensatt. R\u00e4nnans bladskydd skyddar p\u00e5 ett tillf\u00f6rlitligt s\u00e4tt halvrunda och l\u00e5dformade h\u00e4ngr\u00e4nnor fr\u00e5n blockeringar orsakade av l\u00f6v eller barr. Att installera r\u00e4nnstensskyddet \u00e4r en barnlek. Du beh\u00f6ver inte ens n\u00e5gra verktyg. R\u00e4nndalsskyddet placeras helt [&hellip;]<\/p>\n","protected":false},"author":1,"featured_media":0,"parent":0,"menu_order":0,"comment_status":"closed","ping_status":"closed","template":"","meta":{"_et_pb_use_builder":"on","_et_pb_old_content":"","_et_gb_content_width":"","iawp_total_views":42,"footnotes":""},"dipi_cpt_category":[],"class_list":["post-25547754","page","type-page","status-publish","hentry"],"yoast_head":"<!-- This site is optimized with the Yoast SEO plugin v27.2 - https:\/\/yoast.com\/product\/yoast-seo-wordpress\/ -->\n<title>DaRi l\u00f6vskydd f\u00f6r h\u00e4ngr\u00e4nnor - skydd mot l\u00f6v i h\u00e4ngr\u00e4nnan<\/title>\n<meta name=\"description\" content=\"Skydda din h\u00e4ngr\u00e4nna med DaRi l\u00f6vskydd. F\u00f6rhindra blockeringar och vattenskador orsakade av l\u00f6v i h\u00e4ngr\u00e4nnan. Ta reda p\u00e5 mer nu!\" \/>\n<meta name=\"robots\" content=\"index, follow, max-snippet:-1, max-image-preview:large, max-video-preview:-1\" \/>\n<link rel=\"canonical\" href=\"https:\/\/dari-system.com\/sv\/regnvattenraennor-loevskydd\/\" \/>\n<meta property=\"og:locale\" content=\"sv_SE\" \/>\n<meta property=\"og:type\" content=\"article\" \/>\n<meta property=\"og:title\" content=\"DaRi l\u00f6vskydd f\u00f6r h\u00e4ngr\u00e4nnor - skydd mot l\u00f6v i h\u00e4ngr\u00e4nnan\" \/>\n<meta property=\"og:description\" content=\"Skydda din h\u00e4ngr\u00e4nna med DaRi l\u00f6vskydd. F\u00f6rhindra blockeringar och vattenskador orsakade av l\u00f6v i h\u00e4ngr\u00e4nnan. Ta reda p\u00e5 mer nu!\" \/>\n<meta property=\"og:url\" content=\"https:\/\/dari-system.com\/sv\/regnvattenraennor-loevskydd\/\" \/>\n<meta property=\"og:site_name\" content=\"DaRi System\" \/>\n<meta property=\"article:modified_time\" content=\"2024-08-19T15:04:10+00:00\" \/>\n<meta name=\"twitter:card\" content=\"summary_large_image\" \/>\n<meta name=\"twitter:label1\" content=\"Ber\u00e4knad l\u00e4stid\" \/>\n\t<meta name=\"twitter:data1\" content=\"6 minuter\" \/>\n<script type=\"application\/ld+json\" class=\"yoast-schema-graph\">{\"@context\":\"https:\/\/schema.org\",\"@graph\":[{\"@type\":\"WebPage\",\"@id\":\"https:\/\/dari-system.com\/sv\/regnvattenraennor-loevskydd\/\",\"url\":\"https:\/\/dari-system.com\/sv\/regnvattenraennor-loevskydd\/\",\"name\":\"DaRi l\u00f6vskydd f\u00f6r h\u00e4ngr\u00e4nnor - skydd mot l\u00f6v i h\u00e4ngr\u00e4nnan\",\"isPartOf\":{\"@id\":\"https:\/\/dari-system.com\/sv\/#website\"},\"datePublished\":\"2024-06-19T14:44:07+00:00\",\"dateModified\":\"2024-08-19T15:04:10+00:00\",\"description\":\"Skydda din h\u00e4ngr\u00e4nna med DaRi l\u00f6vskydd. F\u00f6rhindra blockeringar och vattenskador orsakade av l\u00f6v i h\u00e4ngr\u00e4nnan. Ta reda p\u00e5 mer nu!\",\"breadcrumb\":{\"@id\":\"https:\/\/dari-system.com\/sv\/regnvattenraennor-loevskydd\/#breadcrumb\"},\"inLanguage\":\"sv-SE\",\"potentialAction\":[{\"@type\":\"ReadAction\",\"target\":[\"https:\/\/dari-system.com\/sv\/regnvattenraennor-loevskydd\/\"]}]},{\"@type\":\"BreadcrumbList\",\"@id\":\"https:\/\/dari-system.com\/sv\/regnvattenraennor-loevskydd\/#breadcrumb\",\"itemListElement\":[{\"@type\":\"ListItem\",\"position\":1,\"name\":\"Startseite\",\"item\":\"https:\/\/dari-system.com\/sv\/\"},{\"@type\":\"ListItem\",\"position\":2,\"name\":\"Regnvattenr\u00e4nnor L\u00f6vskydd\"}]},{\"@type\":\"WebSite\",\"@id\":\"https:\/\/dari-system.com\/sv\/#website\",\"url\":\"https:\/\/dari-system.com\/sv\/\",\"name\":\"DaRi System\",\"description\":\"\",\"potentialAction\":[{\"@type\":\"SearchAction\",\"target\":{\"@type\":\"EntryPoint\",\"urlTemplate\":\"https:\/\/dari-system.com\/sv\/?s={search_term_string}\"},\"query-input\":{\"@type\":\"PropertyValueSpecification\",\"valueRequired\":true,\"valueName\":\"search_term_string\"}}],\"inLanguage\":\"sv-SE\"}]}<\/script>\n<!-- \/ Yoast SEO plugin. -->","yoast_head_json":{"title":"DaRi l\u00f6vskydd f\u00f6r h\u00e4ngr\u00e4nnor - skydd mot l\u00f6v i h\u00e4ngr\u00e4nnan","description":"Skydda din h\u00e4ngr\u00e4nna med DaRi l\u00f6vskydd. F\u00f6rhindra blockeringar och vattenskador orsakade av l\u00f6v i h\u00e4ngr\u00e4nnan. Ta reda p\u00e5 mer nu!","robots":{"index":"index","follow":"follow","max-snippet":"max-snippet:-1","max-image-preview":"max-image-preview:large","max-video-preview":"max-video-preview:-1"},"canonical":"https:\/\/dari-system.com\/sv\/regnvattenraennor-loevskydd\/","og_locale":"sv_SE","og_type":"article","og_title":"DaRi l\u00f6vskydd f\u00f6r h\u00e4ngr\u00e4nnor - skydd mot l\u00f6v i h\u00e4ngr\u00e4nnan","og_description":"Skydda din h\u00e4ngr\u00e4nna med DaRi l\u00f6vskydd. F\u00f6rhindra blockeringar och vattenskador orsakade av l\u00f6v i h\u00e4ngr\u00e4nnan. Ta reda p\u00e5 mer nu!","og_url":"https:\/\/dari-system.com\/sv\/regnvattenraennor-loevskydd\/","og_site_name":"DaRi System","article_modified_time":"2024-08-19T15:04:10+00:00","twitter_card":"summary_large_image","twitter_misc":{"Ber\u00e4knad l\u00e4stid":"6 minuter"},"schema":{"@context":"https:\/\/schema.org","@graph":[{"@type":"WebPage","@id":"https:\/\/dari-system.com\/sv\/regnvattenraennor-loevskydd\/","url":"https:\/\/dari-system.com\/sv\/regnvattenraennor-loevskydd\/","name":"DaRi l\u00f6vskydd f\u00f6r h\u00e4ngr\u00e4nnor - skydd mot l\u00f6v i h\u00e4ngr\u00e4nnan","isPartOf":{"@id":"https:\/\/dari-system.com\/sv\/#website"},"datePublished":"2024-06-19T14:44:07+00:00","dateModified":"2024-08-19T15:04:10+00:00","description":"Skydda din h\u00e4ngr\u00e4nna med DaRi l\u00f6vskydd. F\u00f6rhindra blockeringar och vattenskador orsakade av l\u00f6v i h\u00e4ngr\u00e4nnan. Ta reda p\u00e5 mer nu!","breadcrumb":{"@id":"https:\/\/dari-system.com\/sv\/regnvattenraennor-loevskydd\/#breadcrumb"},"inLanguage":"sv-SE","potentialAction":[{"@type":"ReadAction","target":["https:\/\/dari-system.com\/sv\/regnvattenraennor-loevskydd\/"]}]},{"@type":"BreadcrumbList","@id":"https:\/\/dari-system.com\/sv\/regnvattenraennor-loevskydd\/#breadcrumb","itemListElement":[{"@type":"ListItem","position":1,"name":"Startseite","item":"https:\/\/dari-system.com\/sv\/"},{"@type":"ListItem","position":2,"name":"Regnvattenr\u00e4nnor L\u00f6vskydd"}]},{"@type":"WebSite","@id":"https:\/\/dari-system.com\/sv\/#website","url":"https:\/\/dari-system.com\/sv\/","name":"DaRi System","description":"","potentialAction":[{"@type":"SearchAction","target":{"@type":"EntryPoint","urlTemplate":"https:\/\/dari-system.com\/sv\/?s={search_term_string}"},"query-input":{"@type":"PropertyValueSpecification","valueRequired":true,"valueName":"search_term_string"}}],"inLanguage":"sv-SE"}]}},"_links":{"self":[{"href":"https:\/\/dari-system.com\/sv\/wp-json\/wp\/v2\/pages\/25547754","targetHints":{"allow":["GET"]}}],"collection":[{"href":"https:\/\/dari-system.com\/sv\/wp-json\/wp\/v2\/pages"}],"about":[{"href":"https:\/\/dari-system.com\/sv\/wp-json\/wp\/v2\/types\/page"}],"author":[{"embeddable":true,"href":"https:\/\/dari-system.com\/sv\/wp-json\/wp\/v2\/users\/1"}],"replies":[{"embeddable":true,"href":"https:\/\/dari-system.com\/sv\/wp-json\/wp\/v2\/comments?post=25547754"}],"version-history":[{"count":6,"href":"https:\/\/dari-system.com\/sv\/wp-json\/wp\/v2\/pages\/25547754\/revisions"}],"predecessor-version":[{"id":25547768,"href":"https:\/\/dari-system.com\/sv\/wp-json\/wp\/v2\/pages\/25547754\/revisions\/25547768"}],"wp:attachment":[{"href":"https:\/\/dari-system.com\/sv\/wp-json\/wp\/v2\/media?parent=25547754"}],"wp:term":[{"taxonomy":"dipi_cpt_category","embeddable":true,"href":"https:\/\/dari-system.com\/sv\/wp-json\/wp\/v2\/dipi_cpt_category?post=25547754"}],"curies":[{"name":"wp","href":"https:\/\/api.w.org\/{rel}","templated":true}]}}