{"id":25547602,"date":"2024-06-19T09:23:15","date_gmt":"2024-06-19T09:23:15","guid":{"rendered":"https:\/\/dari-system.com\/loevskydd-raenna-2\/"},"modified":"2024-08-19T15:02:04","modified_gmt":"2024-08-19T15:02:04","slug":"loevskydd-raenna-2","status":"publish","type":"page","link":"https:\/\/dari-system.com\/sv\/loevskydd-raenna-2\/","title":{"rendered":"L\u00f6vskydd r\u00e4nna"},"content":{"rendered":"<p>[et_pb_section fb_built=&#8221;1&#8243; fullwidth=&#8221;on&#8221; _builder_version=&#8221;4.25.0&#8243; _module_preset=&#8221;default&#8221; bottom_divider_color=&#8221;#FFFFFF&#8221; bottom_divider_height=&#8221;82px&#8221; bottom_divider_flip=&#8221;horizontal&#8221; locked=&#8221;off&#8221; global_colors_info=&#8221;{}&#8221;][et_pb_fullwidth_header title=&#8221;L\u00f6vskydd r\u00e4nna&#8221; subhead=&#8221;S\u00e5 att du kan sova lugnt och fridfullt&#8221; _builder_version=&#8221;4.25.0&#8243; _module_preset=&#8221;default&#8221; title_font=&#8221;|800|||||||&#8221; title_font_size=&#8221;45px&#8221; background_image=&#8221;https:\/\/dari-system.com\/wp-content\/uploads\/2024\/05\/header_background.webp&#8221; background_position=&#8221;bottom_center&#8221; custom_padding=&#8221;8vh||8vh||true|false&#8221; title_font_size_tablet=&#8221;45px&#8221; title_font_size_phone=&#8221;29px&#8221; title_font_size_last_edited=&#8221;on|phone&#8221; content_font_size_tablet=&#8221;&#8221; content_font_size_phone=&#8221;17px&#8221; content_font_size_last_edited=&#8221;on|phone&#8221; global_colors_info=&#8221;{}&#8221;][\/et_pb_fullwidth_header][\/et_pb_section][et_pb_section fb_built=&#8221;1&#8243; _builder_version=&#8221;4.25.0&#8243; _module_preset=&#8221;default&#8221; custom_margin=&#8221;||0px||false|false&#8221; custom_padding=&#8221;||0px||false|false&#8221; global_colors_info=&#8221;{}&#8221;][et_pb_row column_structure=&#8221;1_2,1_2&#8243; _builder_version=&#8221;4.25.0&#8243; _module_preset=&#8221;default&#8221; global_colors_info=&#8221;{}&#8221;][et_pb_column type=&#8221;1_2&#8243; _builder_version=&#8221;4.25.0&#8243; _module_preset=&#8221;default&#8221; global_colors_info=&#8221;{}&#8221;][et_pb_text _builder_version=&#8221;4.25.0&#8243; _module_preset=&#8221;default&#8221; header_2_font=&#8221;|700|||||||&#8221; global_colors_info=&#8221;{}&#8221;]<\/p>\n<h2><strong>Det perfekta l\u00f6vskyddet f\u00f6r din h\u00e4ngr\u00e4nna<\/strong><\/h2>\n<p>K\u00e4nner du ocks\u00e5 till problemet med att ha s\u00f6mnl\u00f6sa n\u00e4tter p\u00e5 h\u00f6sten eftersom du \u00e4r orolig f\u00f6r att din r\u00e4nna eller h\u00e4ngr\u00e4nna kan blockeras av l\u00f6v och sv\u00e4mma \u00f6ver n\u00e4r det regnar?<br \/>\nVarje hus\u00e4gare k\u00e4nner s\u00e4kert igen sig i detta.<br \/>\nDet \u00e4r d\u00e4rf\u00f6r du vill ha ett l\u00f6vskydd f\u00f6r din h\u00e4ngr\u00e4nna eller boxr\u00e4nna s\u00e5 att du kan sova lugnt igen.<br \/>\nDet beror p\u00e5 att ett l\u00f6vskydd f\u00f6r h\u00e4ngr\u00e4nnan effektivt kan f\u00f6rhindra att l\u00f6v, mossa, sm\u00e5 grenar eller barr faller ner i h\u00e4ngr\u00e4nnan eller boxr\u00e4nnan.<br \/>\nEtt <strong>l\u00f6vskydd f\u00f6r h\u00e4ngr\u00e4nnan<\/strong> \u00e4r en s\u00e4rskilt effektiv l\u00f6sning som besparar dig mycket arbete.    <\/p>\n<p>[\/et_pb_text][\/et_pb_column][et_pb_column type=&#8221;1_2&#8243; _builder_version=&#8221;4.25.0&#8243; _module_preset=&#8221;default&#8221; global_colors_info=&#8221;{}&#8221;][et_pb_image src=&#8221;https:\/\/dari-system.com\/wp-content\/uploads\/2024\/06\/laubschutz-dachrinne.webp&#8221; alt=&#8221;L\u00f6vskydd r\u00e4nna&#8221; title_text=&#8221;l\u00f6vskydd r\u00e4nna&#8221; _builder_version=&#8221;4.25.0&#8243; _module_preset=&#8221;default&#8221; custom_margin=&#8221;||5px||false|false&#8221; global_colors_info=&#8221;{}&#8221;][\/et_pb_image][et_pb_text _builder_version=&#8221;4.25.0&#8243; _module_preset=&#8221;default&#8221; custom_margin=&#8221;0px||||false|false&#8221; global_colors_info=&#8221;{}&#8221;]<\/p>\n<p style=\"text-align: center;\"><em>DaRi-System bladskydd r\u00e4nna<\/em><\/p>\n<p>[\/et_pb_text][\/et_pb_column][\/et_pb_row][\/et_pb_section][et_pb_section fb_built=&#8221;1&#8243; _builder_version=&#8221;4.25.0&#8243; _module_preset=&#8221;default&#8221; custom_margin=&#8221;0px||||false|false&#8221; custom_padding=&#8221;0px||||false|false&#8221; global_colors_info=&#8221;{}&#8221;][et_pb_row _builder_version=&#8221;4.25.0&#8243; _module_preset=&#8221;default&#8221; global_colors_info=&#8221;{}&#8221;][et_pb_column type=&#8221;4_4&#8243; _builder_version=&#8221;4.25.0&#8243; _module_preset=&#8221;default&#8221; global_colors_info=&#8221;{}&#8221;][et_pb_text _builder_version=&#8221;4.25.0&#8243; _module_preset=&#8221;default&#8221; header_2_font=&#8221;|700|||||||&#8221; hover_enabled=&#8221;0&#8243; global_colors_info=&#8221;{}&#8221; sticky_enabled=&#8221;0&#8243;]<\/p>\n<h2>L\u00f6vskydd f\u00f6r h\u00e4ngr\u00e4nnan &#8211; ingen lyx, utan n\u00f6dv\u00e4ndigt f\u00f6r varje h\u00e4ngr\u00e4nna<\/h2>\n<p>Ett l\u00f6vskydd f\u00f6r din h\u00e4ngr\u00e4nna \u00e4r ingen lyx.<br \/>\nOm du t\u00e4nker p\u00e5 den anstr\u00e4ngning du m\u00e5ste l\u00e4gga ner p\u00e5 att reng\u00f6ra din h\u00e4ngr\u00e4nna flera g\u00e5nger om \u00e5ret, kan du g\u00f6ra ditt liv enklare genom att installera ett l\u00f6vskydd f\u00f6r din h\u00e4ngr\u00e4nna eller boxr\u00e4nna.<br \/>\nDetta beror p\u00e5 att reng\u00f6ring av r\u00e4nnan inte bara \u00e4r tr\u00e5kigt utan ocks\u00e5 farligt.<br \/>\nJu \u00e4ldre du blir, desto h\u00f6gre \u00e4r risken f\u00f6r olyckor.<br \/>\nR\u00e4nnan befinner sig trots allt flera meter ovanf\u00f6r marken.<br \/>\nMed ett l\u00f6vskydd f\u00f6r h\u00e4ngr\u00e4nnan slipper du inte bara ett obehagligt jobb, utan minskar ocks\u00e5 risken f\u00f6r olyckor och g\u00f6r n\u00e5got f\u00f6r din h\u00e4lsa.<br \/>\nR\u00e4nnorna p\u00e5 vintertr\u00e4dg\u00e5rdar, sk\u00e4rmtak och balkonger \u00e4r ofta inte standardiserade.<br \/>\nH\u00e4r monteras vanligtvis smala l\u00e5dr\u00e4nnor.<br \/>\nAtt hitta ett l\u00f6vskydd till h\u00e4ngr\u00e4nnan h\u00e4r \u00e4r inte s\u00e5 l\u00e4tt.<br \/>\nI v\u00e5rt sortiment finns dock inte bara bladskydd f\u00f6r vanliga, halvcirkelformade h\u00e4ngr\u00e4nnor, utan \u00e4ven f\u00f6r l\u00e5dr\u00e4nnor med olika bredd.<br \/>\nDetta g\u00f6r att du kan skydda \u00e4ven smala l\u00e5dr\u00e4nnor fr\u00e5n blockeringar.          <\/p>\n<h2>K\u00f6p endast l\u00f6vskydd av h\u00f6g kvalitet f\u00f6r h\u00e4ngr\u00e4nnan<\/h2>\n<p>Om du verkligen letar efter ett h\u00f6gkvalitativt och h\u00e5llbart l\u00f6vskydd f\u00f6r din h\u00e4ngr\u00e4nna har du kommit till r\u00e4tt st\u00e4lle.<br \/>\nVi har arbetat med l\u00f6vskydd f\u00f6r takr\u00e4nnor och h\u00e4ngr\u00e4nnor i 20 \u00e5r och letar alltid efter de b\u00e4sta l\u00f6sningarna f\u00f6r v\u00e5ra kunder.<br \/>\nVi \u00e4r absoluta experter inom detta omr\u00e5de och ett l\u00f6vskydd f\u00f6r h\u00e4ngr\u00e4nnor fr\u00e5n v\u00e5rt f\u00f6retag \u00e4r av h\u00f6gsta kvalitet och h\u00e5llbarhet.  <\/p>\n<h2><em>Service<\/em> \u00e4r h\u00f6gsta prioritet f\u00f6r oss.<br \/>\n\u00c4ven f\u00f6r l\u00f6vskydd f\u00f6r h\u00e4ngr\u00e4nnan <\/h2>\n<p>Vi har varit experter p\u00e5 alla typer av bladskydd f\u00f6r h\u00e4ngr\u00e4nnor i 20 \u00e5r.<br \/>\nAlla system har konstruerats och testats av oss och tillverkas nu i Tyskland.<br \/>\nDu \u00e4r v\u00e4lkommen att skicka oss bilder p\u00e5 din h\u00e4ngr\u00e4nna s\u00e5 ger vi dig kostnadsfritt r\u00e5d om vilket bladskydd f\u00f6r h\u00e4ngr\u00e4nnan eller boxr\u00e4nnan som passar dig b\u00e4st.  <\/p>\n<h2>Spara pengar med ett l\u00f6vskydd f\u00f6r h\u00e4ngr\u00e4nnan<\/h2>\n<p>Har du n\u00e5gonsin t\u00e4nkt p\u00e5 vad som kan h\u00e4nda om din h\u00e4ngr\u00e4nna blir blockerad och sv\u00e4mmar \u00f6ver n\u00e4r det regnar?<br \/>\n\u00c4ven din k\u00e4llare kan fyllas med vatten via ljusbrunnen.<br \/>\nEtt l\u00f6vskydd f\u00f6r h\u00e4ngr\u00e4nnan f\u00f6rhindrar denna risk och sparar dig mycket pengar.<\/p>\n<p>Ett l\u00f6vskydd f\u00f6r h\u00e4ngr\u00e4nnan \u00e4r trots allt en eng\u00e5ngsinvestering och du f\u00e5r lugn och ro p\u00e5 taket p\u00e5 l\u00e5ng sikt. Ett l\u00f6vskydd f\u00f6r h\u00e4ngr\u00e4nnan g\u00f6r livet enklare Med ett l\u00f6vskydd f\u00f6r h\u00e4ngr\u00e4nnan eller boxr\u00e4nnan kan du \u00e5ka p\u00e5 semester p\u00e5 h\u00f6sten utan att beh\u00f6va oroa dig f\u00f6r att h\u00e4ngr\u00e4nnan ska bli igensatt.<br \/>\nDitt liv blir enklare och du kan koncentrera dig p\u00e5 roligare saker n\u00e4r du vet att din h\u00e4ngr\u00e4nna \u00e4r permanent skyddad av ett l\u00f6vskydd.    <\/p>\n<p>Detta kan ocks\u00e5 vara av intresse f\u00f6r dig:<\/p>\n<ul>\n<li><a href=\"https:\/\/dari-system.com\/sv\/loevskydd-raenna\/\" title=\"L\u00f6vskydd r\u00e4nna\"><a href=\"https:\/\/dari-system.com\/sv\/loevskydd-raenna\/\">L\u00f6vskydd f\u00f6r h\u00e4ngr\u00e4nnan<\/a><\/a><\/li>\n<li><a href=\"https:\/\/dari-system.com\/regenrinnen-laubschutz\/\" title=\"Regnvattenr\u00e4nnor L\u00f6vskydd\"><a href=\"https:\/\/dari-system.com\/regenrinnen-laubschutz\/\">Regnvattenr\u00e4nnor L\u00f6vskydd<\/a><\/a><\/li>\n<li><a href=\"https:\/\/dari-system.com\/sv\/loevskydd-raenna-2\/\" title=\"L\u00f6vskydd r\u00e4nna\"><a href=\"https:\/\/dari-system.com\/sv\/loevskydd-raenna-2\/\">L\u00f6vskydd f\u00f6r h\u00e4ngr\u00e4nnan<\/a><\/a><\/li>\n<li><a href=\"https:\/\/dari-system.com\/dachrinnenabdeckung\/\" title=\"Gutterskydd\"> <a href=\"https:\/\/dari-system.com\/dachrinnenabdeckung\/\"> Gutterskydd <\/a> <\/a><\/li>\n<\/ul>\n<p>[\/et_pb_text][\/et_pb_column][\/et_pb_row][\/et_pb_section]<\/p>\n","protected":false},"excerpt":{"rendered":"<p>Det perfekta l\u00f6vskyddet f\u00f6r din h\u00e4ngr\u00e4nna K\u00e4nner du ocks\u00e5 till problemet med att ha s\u00f6mnl\u00f6sa n\u00e4tter p\u00e5 h\u00f6sten eftersom du \u00e4r orolig f\u00f6r att din r\u00e4nna eller h\u00e4ngr\u00e4nna kan blockeras av l\u00f6v och sv\u00e4mma \u00f6ver n\u00e4r det regnar? Varje hus\u00e4gare k\u00e4nner s\u00e4kert igen sig i detta. Det \u00e4r d\u00e4rf\u00f6r du vill ha ett l\u00f6vskydd f\u00f6r [&hellip;]<\/p>\n","protected":false},"author":1,"featured_media":0,"parent":0,"menu_order":0,"comment_status":"closed","ping_status":"closed","template":"","meta":{"_et_pb_use_builder":"on","_et_pb_old_content":"","_et_gb_content_width":"","iawp_total_views":25,"footnotes":""},"dipi_cpt_category":[],"class_list":["post-25547602","page","type-page","status-publish","hentry"],"yoast_head":"<!-- This site is optimized with the Yoast SEO plugin v27.2 - https:\/\/yoast.com\/product\/yoast-seo-wordpress\/ -->\n<title>Optimalt l\u00f6vskydd f\u00f6r din h\u00e4ngr\u00e4nna fr\u00e5n DaRi-System<\/title>\n<meta name=\"description\" content=\"DaRi s\u00e4krar din h\u00e4ngr\u00e4nna med ett h\u00f6gkvalitativt l\u00f6vskydd. Inget mer irriterande avl\u00e4gsnande av l\u00f6v. Ta reda p\u00e5 mer om detta!\" \/>\n<meta name=\"robots\" content=\"index, follow, max-snippet:-1, max-image-preview:large, max-video-preview:-1\" \/>\n<link rel=\"canonical\" href=\"https:\/\/dari-system.com\/sv\/loevskydd-raenna-2\/\" \/>\n<meta property=\"og:locale\" content=\"sv_SE\" \/>\n<meta property=\"og:type\" content=\"article\" \/>\n<meta property=\"og:title\" content=\"Optimalt l\u00f6vskydd f\u00f6r din h\u00e4ngr\u00e4nna fr\u00e5n DaRi-System\" \/>\n<meta property=\"og:description\" content=\"DaRi s\u00e4krar din h\u00e4ngr\u00e4nna med ett h\u00f6gkvalitativt l\u00f6vskydd. Inget mer irriterande avl\u00e4gsnande av l\u00f6v. Ta reda p\u00e5 mer om detta!\" \/>\n<meta property=\"og:url\" content=\"https:\/\/dari-system.com\/sv\/loevskydd-raenna-2\/\" \/>\n<meta property=\"og:site_name\" content=\"DaRi System\" \/>\n<meta property=\"article:modified_time\" content=\"2024-08-19T15:02:04+00:00\" \/>\n<meta name=\"twitter:card\" content=\"summary_large_image\" \/>\n<meta name=\"twitter:label1\" content=\"Ber\u00e4knad l\u00e4stid\" \/>\n\t<meta name=\"twitter:data1\" content=\"6 minuter\" \/>\n<script type=\"application\/ld+json\" class=\"yoast-schema-graph\">{\"@context\":\"https:\/\/schema.org\",\"@graph\":[{\"@type\":\"WebPage\",\"@id\":\"https:\/\/dari-system.com\/sv\/loevskydd-raenna-2\/\",\"url\":\"https:\/\/dari-system.com\/sv\/loevskydd-raenna-2\/\",\"name\":\"Optimalt l\u00f6vskydd f\u00f6r din h\u00e4ngr\u00e4nna fr\u00e5n DaRi-System\",\"isPartOf\":{\"@id\":\"https:\/\/dari-system.com\/sv\/#website\"},\"datePublished\":\"2024-06-19T09:23:15+00:00\",\"dateModified\":\"2024-08-19T15:02:04+00:00\",\"description\":\"DaRi s\u00e4krar din h\u00e4ngr\u00e4nna med ett h\u00f6gkvalitativt l\u00f6vskydd. Inget mer irriterande avl\u00e4gsnande av l\u00f6v. Ta reda p\u00e5 mer om detta!\",\"breadcrumb\":{\"@id\":\"https:\/\/dari-system.com\/sv\/loevskydd-raenna-2\/#breadcrumb\"},\"inLanguage\":\"sv-SE\",\"potentialAction\":[{\"@type\":\"ReadAction\",\"target\":[\"https:\/\/dari-system.com\/sv\/loevskydd-raenna-2\/\"]}]},{\"@type\":\"BreadcrumbList\",\"@id\":\"https:\/\/dari-system.com\/sv\/loevskydd-raenna-2\/#breadcrumb\",\"itemListElement\":[{\"@type\":\"ListItem\",\"position\":1,\"name\":\"Startseite\",\"item\":\"https:\/\/dari-system.com\/sv\/\"},{\"@type\":\"ListItem\",\"position\":2,\"name\":\"L\u00f6vskydd r\u00e4nna\"}]},{\"@type\":\"WebSite\",\"@id\":\"https:\/\/dari-system.com\/sv\/#website\",\"url\":\"https:\/\/dari-system.com\/sv\/\",\"name\":\"DaRi System\",\"description\":\"\",\"potentialAction\":[{\"@type\":\"SearchAction\",\"target\":{\"@type\":\"EntryPoint\",\"urlTemplate\":\"https:\/\/dari-system.com\/sv\/?s={search_term_string}\"},\"query-input\":{\"@type\":\"PropertyValueSpecification\",\"valueRequired\":true,\"valueName\":\"search_term_string\"}}],\"inLanguage\":\"sv-SE\"}]}<\/script>\n<!-- \/ Yoast SEO plugin. -->","yoast_head_json":{"title":"Optimalt l\u00f6vskydd f\u00f6r din h\u00e4ngr\u00e4nna fr\u00e5n DaRi-System","description":"DaRi s\u00e4krar din h\u00e4ngr\u00e4nna med ett h\u00f6gkvalitativt l\u00f6vskydd. Inget mer irriterande avl\u00e4gsnande av l\u00f6v. Ta reda p\u00e5 mer om detta!","robots":{"index":"index","follow":"follow","max-snippet":"max-snippet:-1","max-image-preview":"max-image-preview:large","max-video-preview":"max-video-preview:-1"},"canonical":"https:\/\/dari-system.com\/sv\/loevskydd-raenna-2\/","og_locale":"sv_SE","og_type":"article","og_title":"Optimalt l\u00f6vskydd f\u00f6r din h\u00e4ngr\u00e4nna fr\u00e5n DaRi-System","og_description":"DaRi s\u00e4krar din h\u00e4ngr\u00e4nna med ett h\u00f6gkvalitativt l\u00f6vskydd. Inget mer irriterande avl\u00e4gsnande av l\u00f6v. Ta reda p\u00e5 mer om detta!","og_url":"https:\/\/dari-system.com\/sv\/loevskydd-raenna-2\/","og_site_name":"DaRi System","article_modified_time":"2024-08-19T15:02:04+00:00","twitter_card":"summary_large_image","twitter_misc":{"Ber\u00e4knad l\u00e4stid":"6 minuter"},"schema":{"@context":"https:\/\/schema.org","@graph":[{"@type":"WebPage","@id":"https:\/\/dari-system.com\/sv\/loevskydd-raenna-2\/","url":"https:\/\/dari-system.com\/sv\/loevskydd-raenna-2\/","name":"Optimalt l\u00f6vskydd f\u00f6r din h\u00e4ngr\u00e4nna fr\u00e5n DaRi-System","isPartOf":{"@id":"https:\/\/dari-system.com\/sv\/#website"},"datePublished":"2024-06-19T09:23:15+00:00","dateModified":"2024-08-19T15:02:04+00:00","description":"DaRi s\u00e4krar din h\u00e4ngr\u00e4nna med ett h\u00f6gkvalitativt l\u00f6vskydd. Inget mer irriterande avl\u00e4gsnande av l\u00f6v. Ta reda p\u00e5 mer om detta!","breadcrumb":{"@id":"https:\/\/dari-system.com\/sv\/loevskydd-raenna-2\/#breadcrumb"},"inLanguage":"sv-SE","potentialAction":[{"@type":"ReadAction","target":["https:\/\/dari-system.com\/sv\/loevskydd-raenna-2\/"]}]},{"@type":"BreadcrumbList","@id":"https:\/\/dari-system.com\/sv\/loevskydd-raenna-2\/#breadcrumb","itemListElement":[{"@type":"ListItem","position":1,"name":"Startseite","item":"https:\/\/dari-system.com\/sv\/"},{"@type":"ListItem","position":2,"name":"L\u00f6vskydd r\u00e4nna"}]},{"@type":"WebSite","@id":"https:\/\/dari-system.com\/sv\/#website","url":"https:\/\/dari-system.com\/sv\/","name":"DaRi System","description":"","potentialAction":[{"@type":"SearchAction","target":{"@type":"EntryPoint","urlTemplate":"https:\/\/dari-system.com\/sv\/?s={search_term_string}"},"query-input":{"@type":"PropertyValueSpecification","valueRequired":true,"valueName":"search_term_string"}}],"inLanguage":"sv-SE"}]}},"_links":{"self":[{"href":"https:\/\/dari-system.com\/sv\/wp-json\/wp\/v2\/pages\/25547602","targetHints":{"allow":["GET"]}}],"collection":[{"href":"https:\/\/dari-system.com\/sv\/wp-json\/wp\/v2\/pages"}],"about":[{"href":"https:\/\/dari-system.com\/sv\/wp-json\/wp\/v2\/types\/page"}],"author":[{"embeddable":true,"href":"https:\/\/dari-system.com\/sv\/wp-json\/wp\/v2\/users\/1"}],"replies":[{"embeddable":true,"href":"https:\/\/dari-system.com\/sv\/wp-json\/wp\/v2\/comments?post=25547602"}],"version-history":[{"count":2,"href":"https:\/\/dari-system.com\/sv\/wp-json\/wp\/v2\/pages\/25547602\/revisions"}],"predecessor-version":[{"id":25547609,"href":"https:\/\/dari-system.com\/sv\/wp-json\/wp\/v2\/pages\/25547602\/revisions\/25547609"}],"wp:attachment":[{"href":"https:\/\/dari-system.com\/sv\/wp-json\/wp\/v2\/media?parent=25547602"}],"wp:term":[{"taxonomy":"dipi_cpt_category","embeddable":true,"href":"https:\/\/dari-system.com\/sv\/wp-json\/wp\/v2\/dipi_cpt_category?post=25547602"}],"curies":[{"name":"wp","href":"https:\/\/api.w.org\/{rel}","templated":true}]}}