{"id":25547586,"date":"2024-06-19T09:05:14","date_gmt":"2024-06-19T09:05:14","guid":{"rendered":"https:\/\/dari-system.com\/loevskydd-raenna\/"},"modified":"2024-08-19T15:01:57","modified_gmt":"2024-08-19T15:01:57","slug":"loevskydd-raenna","status":"publish","type":"page","link":"https:\/\/dari-system.com\/sv\/loevskydd-raenna\/","title":{"rendered":"L\u00f6vskydd r\u00e4nna"},"content":{"rendered":"<p>[et_pb_section fb_built=&#8221;1&#8243; fullwidth=&#8221;on&#8221; _builder_version=&#8221;4.25.0&#8243; _module_preset=&#8221;default&#8221; bottom_divider_color=&#8221;#FFFFFF&#8221; bottom_divider_height=&#8221;82px&#8221; bottom_divider_flip=&#8221;horizontal&#8221; locked=&#8221;off&#8221; global_colors_info=&#8221;{}&#8221;][et_pb_fullwidth_header title=&#8221;L\u00f6vskydd r\u00e4nna&#8221; subhead=&#8221;Vad varje hus\u00e4gare beh\u00f6ver&#8221; _builder_version=&#8221;4.25.0&#8243; _module_preset=&#8221;default&#8221; title_font=&#8221;|800|||||||&#8221; title_font_size=&#8221;45px&#8221; background_image=&#8221;https:\/\/dari-system.com\/wp-content\/uploads\/2024\/05\/header_background.webp&#8221; background_position=&#8221;bottom_center&#8221; custom_padding=&#8221;8vh||8vh||true|false&#8221; title_font_size_tablet=&#8221;45px&#8221; title_font_size_phone=&#8221;29px&#8221; title_font_size_last_edited=&#8221;on|phone&#8221; content_font_size_tablet=&#8221;&#8221; content_font_size_phone=&#8221;17px&#8221; content_font_size_last_edited=&#8221;on|phone&#8221; global_colors_info=&#8221;{}&#8221;][\/et_pb_fullwidth_header][\/et_pb_section][et_pb_section fb_built=&#8221;1&#8243; _builder_version=&#8221;4.25.0&#8243; _module_preset=&#8221;default&#8221; custom_margin=&#8221;||0px||false|false&#8221; custom_padding=&#8221;||0px||false|false&#8221; global_colors_info=&#8221;{}&#8221;][et_pb_row column_structure=&#8221;1_2,1_2&#8243; _builder_version=&#8221;4.25.0&#8243; _module_preset=&#8221;default&#8221; global_colors_info=&#8221;{}&#8221;][et_pb_column type=&#8221;1_2&#8243; _builder_version=&#8221;4.25.0&#8243; _module_preset=&#8221;default&#8221; global_colors_info=&#8221;{}&#8221;][et_pb_text _builder_version=&#8221;4.25.0&#8243; _module_preset=&#8221;default&#8221; header_2_font=&#8221;|700|||||||&#8221; global_colors_info=&#8221;{}&#8221;]<\/p>\n<h2><strong>Din perfekta l\u00f6vf\u00e5ngare f\u00f6r h\u00e4ngr\u00e4nnan<\/strong><\/h2>\n<p>Varje hus\u00e4gare k\u00e4nner till risken f\u00f6r en igensatt h\u00e4ngr\u00e4nna orsakad av l\u00f6v, barr, mossa, sm\u00e5 grenar, d\u00f6da f\u00e5glar eller fyrverkerier.<br \/>\nEtt <strong>l\u00f6vskydd f\u00f6r h\u00e4ngr\u00e4nnan<\/strong>, oavsett om det \u00e4r en halvcirkelformad eller en boxr\u00e4nna, \u00e4r praktiskt taget oumb\u00e4rligt i m\u00e5nga avseenden.<br \/>\nDet finns f\u00f6rmodligen f\u00e5 arbeten i hus och tr\u00e4dg\u00e5rd som man g\u00e4rna skjuter upp s\u00e5 mycket som att reng\u00f6ra en h\u00e4ngr\u00e4nna.<br \/>\nDet \u00e4r inte bara tr\u00e5kigt att ta fram stegen och kl\u00e4ttra upp p\u00e5 taket flera g\u00e5nger om \u00e5ret, det \u00e4r ocks\u00e5 farligt att st\u00e5 p\u00e5 den l\u00e5nga, vingliga stegen och reng\u00f6ra h\u00e4ngr\u00e4nnan.<br \/>\nEtt l\u00f6vskydd f\u00f6r h\u00e4ngr\u00e4nnan eller boxr\u00e4nnan \u00e4r den perfekta l\u00f6sningen.<br \/>\nEn l\u00f6vf\u00e5ngare f\u00f6r h\u00e4ngr\u00e4nnan sparar v\u00e4rdefull tid.<br \/>\nOm l\u00f6v blockerar din h\u00e4ngr\u00e4nna samlas regnvattnet och kan rinna \u00f6ver h\u00e4ngr\u00e4nnan och bl\u00f6ta upp husv\u00e4ggarna.<br \/>\nDetta kan ocks\u00e5 h\u00e4nda med en boxr\u00e4nna.<br \/>\nDet \u00e4r d\u00e4rf\u00f6r ett l\u00f6vskydd \u00e4r ett M\u00c5STE f\u00f6r varje hus\u00e4gare.        <\/p>\n<p>[\/et_pb_text][\/et_pb_column][et_pb_column type=&#8221;1_2&#8243; _builder_version=&#8221;4.25.0&#8243; _module_preset=&#8221;default&#8221; global_colors_info=&#8221;{}&#8221;][et_pb_image src=&#8221;https:\/\/dari-system.com\/wp-content\/uploads\/2024\/06\/laubfang-dachrinne.webp&#8221; alt=&#8221;L\u00f6vskydd r\u00e4nna&#8221; title_text=&#8221;l\u00f6vskydd r\u00e4nna&#8221; _builder_version=&#8221;4.25.0&#8243; _module_preset=&#8221;default&#8221; custom_margin=&#8221;||5px||false|false&#8221; global_colors_info=&#8221;{}&#8221;][\/et_pb_image][et_pb_text _builder_version=&#8221;4.25.0&#8243; _module_preset=&#8221;default&#8221; custom_margin=&#8221;0px||||false|false&#8221; global_colors_info=&#8221;{}&#8221;]<\/p>\n<p style=\"text-align: center;\"><em>L\u00f6vskyddsr\u00e4nna fr\u00e5n DaRi-System<\/em><\/p>\n<p>[\/et_pb_text][\/et_pb_column][\/et_pb_row][\/et_pb_section][et_pb_section fb_built=&#8221;1&#8243; _builder_version=&#8221;4.25.0&#8243; _module_preset=&#8221;default&#8221; custom_margin=&#8221;0px||||false|false&#8221; custom_padding=&#8221;0px||||false|false&#8221; global_colors_info=&#8221;{}&#8221;][et_pb_row _builder_version=&#8221;4.25.0&#8243; _module_preset=&#8221;default&#8221; global_colors_info=&#8221;{}&#8221;][et_pb_column type=&#8221;4_4&#8243; _builder_version=&#8221;4.25.0&#8243; _module_preset=&#8221;default&#8221; global_colors_info=&#8221;{}&#8221;][et_pb_text _builder_version=&#8221;4.25.0&#8243; _module_preset=&#8221;default&#8221; header_2_font=&#8221;|800|||||||&#8221; hover_enabled=&#8221;0&#8243; global_colors_info=&#8221;{}&#8221; sticky_enabled=&#8221;0&#8243;]<\/p>\n<h2><strong>Vi erbjuder det perfekta l\u00f6vskyddet f\u00f6r takr\u00e4nnor och h\u00e4ngr\u00e4nnor<\/strong><\/h2>\n<p>Om du letar efter det perfekta l\u00f6vskyddet f\u00f6r din h\u00e4ngr\u00e4nna har du kommit till r\u00e4tt st\u00e4lle.<br \/>\nVi har r\u00e4tt l\u00f6sning f\u00f6r varje h\u00e4ngr\u00e4nna.<br \/>\nOavsett om du letar efter ett bladskydd till en halvrund h\u00e4ngr\u00e4nna eller en boxr\u00e4nna.<br \/>\nV\u00e5rt specialutvecklade bladskyddssystem f\u00f6r boxr\u00e4nnor kan anpassas till r\u00e4nnor med olika bredd och \u00e4r d\u00e4rf\u00f6r unikt.<br \/>\nL\u00f6vskyddet f\u00f6r boxr\u00e4nnor passar d\u00e4rf\u00f6r utm\u00e4rkt f\u00f6r boxr\u00e4nnor p\u00e5 sk\u00e4rmtak, balkonger och uterum.<br \/>\nH\u00e4r monteras vanligtvis icke-standardiserade h\u00e4ngr\u00e4nnor.<br \/>\nDetta \u00e4r dock inget problem f\u00f6r v\u00e5rt bladskyddssystem.      <\/p>\n<h2><strong>H\u00f6gsta kvalitet och b\u00e4sta service<\/strong><\/h2>\n<p>I mer \u00e4n 20 \u00e5r har vi arbetat med att skydda h\u00e4ngr\u00e4nnor fr\u00e5n l\u00f6vstopp och har utvecklat h\u00f6gkvalitativa produkter som tillverkas i Tyskland.<br \/>\nVi ser fram emot alla f\u00f6rfr\u00e5gningar.<br \/>\nSkicka oss en bild av din h\u00e4ngr\u00e4nna s\u00e5 ger vi dig kostnadsfritt r\u00e5d om vilket l\u00f6vuppsamlingssystem som passar b\u00e4st f\u00f6r din h\u00e4ngr\u00e4nna eller boxr\u00e4nna.<br \/>\nAllt detta \u00e4r en del av v\u00e5r allroundservice f\u00f6r l\u00f6vuppsamlare f\u00f6r h\u00e4ngr\u00e4nnor.<br \/>\nVi f\u00f6rser kunder i hela Europa med DaRi-systemet p\u00e5 kortast m\u00f6jliga tid.<br \/>\nDaRi-systemet uppfyller de h\u00f6gsta kvalitetsstandarderna och garanterar en l\u00e5ng livsl\u00e4ngd.<br \/>\nOch vi garanterar att l\u00f6v inte l\u00e4ngre kommer att blockera r\u00e4nnan med DaRi-systemets l\u00f6vskydd.      <\/p>\n<h2><strong>F\u00f6rdelar med bladskydd f\u00f6r h\u00e4ngr\u00e4nnor:<\/strong><\/h2>\n<ul>\n<li><strong>F\u00f6rhindrar blockeringar:<\/strong> L\u00f6vuppsamlare hindrar l\u00f6v, grenar och annat skr\u00e4p fr\u00e5n att komma in i h\u00e4ngr\u00e4nnorna, vilket f\u00f6rhindrar blockeringar.<\/li>\n<li><strong>\u00d6kad livsl\u00e4ngd:<\/strong> Genom att minska blockeringar minimeras skador p\u00e5 r\u00e4nnorna, t.ex. rost och korrosion, vilket f\u00f6rl\u00e4nger deras livsl\u00e4ngd.<\/li>\n<li><strong>F\u00f6rb\u00e4ttrad vattenavrinning:<\/strong> L\u00f6vuppsamlare m\u00f6jligg\u00f6r b\u00e4ttre vattenavrinning, eftersom vattnet kan rinna fritt genom r\u00e4nnan utan att st\u00f6ta p\u00e5 n\u00e5gra hinder.<\/li>\n<li><strong>Mindre underh\u00e5llsarbete:<\/strong> Med DaRi-systemet beh\u00f6ver h\u00e4ngr\u00e4nnorna reng\u00f6ras mer s\u00e4llan, vilket minskar underh\u00e5llsarbetet och sparar tid.<\/li>\n<li><strong>Skydd mot skador p\u00e5 byggnaden:<\/strong> Blockerade h\u00e4ngr\u00e4nnor kan leda till vattenskador p\u00e5 byggnadens fasad, fundament och takyta.<br \/>\nL\u00f6vuppsamlare skyddar mot s\u00e5dana skador. <\/li>\n<li><strong>F\u00f6rb\u00e4ttrad estetik:<\/strong> Rena h\u00e4ngr\u00e4nnor utan synliga avlagringar bidrar till byggnadens estetiska intryck<strong>.<\/strong> <\/li>\n<li><strong>Milj\u00f6v\u00e4nligt:<\/strong> Genom att f\u00f6rhindra blockeringar och skador som uppst\u00e5r bidrar DaRi-systemet till att minska behovet av reparationer och utbyten, vilket sparar resurser och energi.<br \/>\nDaRi-systemet \u00e4r helt \u00e5tervinningsbart. <\/li>\n<\/ul>\n<p>Detta kan ocks\u00e5 vara av intresse f\u00f6r dig:<\/p>\n<ul>\n<li><a href=\"https:\/\/dari-system.com\/sv\/loevskydd-raenna\/\" title=\"L\u00f6vskydd r\u00e4nna\"><a href=\"https:\/\/dari-system.com\/sv\/loevskydd-raenna\/\">L\u00f6vskydd f\u00f6r h\u00e4ngr\u00e4nnan<\/a><\/a><\/li>\n<li><a href=\"https:\/\/dari-system.com\/regenrinnen-laubschutz\/\" title=\"Regnvattenr\u00e4nnor L\u00f6vskydd\"><a href=\"https:\/\/dari-system.com\/regenrinnen-laubschutz\/\">Regnvattenr\u00e4nnor L\u00f6vskydd<\/a><\/a><\/li>\n<li><a href=\"https:\/\/dari-system.com\/laubschutz-dachrinne\/\" title=\"L\u00f6vskydd r\u00e4nna\"><a href=\"https:\/\/dari-system.com\/laubschutz-dachrinne\/\">L\u00f6vskydd f\u00f6r h\u00e4ngr\u00e4nnan<\/a><\/a><\/li>\n<li><a href=\"https:\/\/dari-system.com\/dachrinnenabdeckung\/\" title=\"Gutterskydd\"> <a href=\"https:\/\/dari-system.com\/dachrinnenabdeckung\/\"> Gutterskydd<\/a><\/a><\/li>\n<\/ul>\n<p>[\/et_pb_text][\/et_pb_column][\/et_pb_row][\/et_pb_section]<\/p>\n","protected":false},"excerpt":{"rendered":"<p>Din perfekta l\u00f6vf\u00e5ngare f\u00f6r h\u00e4ngr\u00e4nnan Varje hus\u00e4gare k\u00e4nner till risken f\u00f6r en igensatt h\u00e4ngr\u00e4nna orsakad av l\u00f6v, barr, mossa, sm\u00e5 grenar, d\u00f6da f\u00e5glar eller fyrverkerier. Ett l\u00f6vskydd f\u00f6r h\u00e4ngr\u00e4nnan, oavsett om det \u00e4r en halvcirkelformad eller en boxr\u00e4nna, \u00e4r praktiskt taget oumb\u00e4rligt i m\u00e5nga avseenden. Det finns f\u00f6rmodligen f\u00e5 arbeten i hus och tr\u00e4dg\u00e5rd som [&hellip;]<\/p>\n","protected":false},"author":1,"featured_media":0,"parent":0,"menu_order":0,"comment_status":"closed","ping_status":"closed","template":"","meta":{"_et_pb_use_builder":"on","_et_pb_old_content":"","_et_gb_content_width":"","iawp_total_views":222,"footnotes":""},"dipi_cpt_category":[],"class_list":["post-25547586","page","type-page","status-publish","hentry"],"yoast_head":"<!-- This site is optimized with the Yoast SEO plugin v27.4 - https:\/\/yoast.com\/product\/yoast-seo-wordpress\/ -->\n<title>Effektivt l\u00f6vskydd f\u00f6r din h\u00e4ngr\u00e4nna - DaRi-system<\/title>\n<meta name=\"description\" content=\"Uppt\u00e4ck den perfekta l\u00f6vf\u00e4llan f\u00f6r din h\u00e4ngr\u00e4nna. Inga fler blockeringar och tr\u00e5kig reng\u00f6ring med DaRi-systemet. Ta reda p\u00e5 mer nu!\" \/>\n<meta name=\"robots\" content=\"index, follow, max-snippet:-1, max-image-preview:large, max-video-preview:-1\" \/>\n<link rel=\"canonical\" href=\"https:\/\/dari-system.com\/sv\/loevskydd-raenna\/\" \/>\n<meta property=\"og:locale\" content=\"sv_SE\" \/>\n<meta property=\"og:type\" content=\"article\" \/>\n<meta property=\"og:title\" content=\"Effektivt l\u00f6vskydd f\u00f6r din h\u00e4ngr\u00e4nna - DaRi-system\" \/>\n<meta property=\"og:description\" content=\"Uppt\u00e4ck den perfekta l\u00f6vf\u00e4llan f\u00f6r din h\u00e4ngr\u00e4nna. Inga fler blockeringar och tr\u00e5kig reng\u00f6ring med DaRi-systemet. Ta reda p\u00e5 mer nu!\" \/>\n<meta property=\"og:url\" content=\"https:\/\/dari-system.com\/sv\/loevskydd-raenna\/\" \/>\n<meta property=\"og:site_name\" content=\"DaRi System\" \/>\n<meta property=\"article:modified_time\" content=\"2024-08-19T15:01:57+00:00\" \/>\n<meta name=\"twitter:card\" content=\"summary_large_image\" \/>\n<meta name=\"twitter:label1\" content=\"Ber\u00e4knad l\u00e4stid\" \/>\n\t<meta name=\"twitter:data1\" content=\"5 minuter\" \/>\n<script type=\"application\/ld+json\" class=\"yoast-schema-graph\">{\"@context\":\"https:\\\/\\\/schema.org\",\"@graph\":[{\"@type\":\"WebPage\",\"@id\":\"https:\\\/\\\/dari-system.com\\\/sv\\\/loevskydd-raenna\\\/\",\"url\":\"https:\\\/\\\/dari-system.com\\\/sv\\\/loevskydd-raenna\\\/\",\"name\":\"Effektivt l\u00f6vskydd f\u00f6r din h\u00e4ngr\u00e4nna - DaRi-system\",\"isPartOf\":{\"@id\":\"https:\\\/\\\/dari-system.com\\\/sv\\\/#website\"},\"datePublished\":\"2024-06-19T09:05:14+00:00\",\"dateModified\":\"2024-08-19T15:01:57+00:00\",\"description\":\"Uppt\u00e4ck den perfekta l\u00f6vf\u00e4llan f\u00f6r din h\u00e4ngr\u00e4nna. Inga fler blockeringar och tr\u00e5kig reng\u00f6ring med DaRi-systemet. Ta reda p\u00e5 mer nu!\",\"breadcrumb\":{\"@id\":\"https:\\\/\\\/dari-system.com\\\/sv\\\/loevskydd-raenna\\\/#breadcrumb\"},\"inLanguage\":\"sv-SE\",\"potentialAction\":[{\"@type\":\"ReadAction\",\"target\":[\"https:\\\/\\\/dari-system.com\\\/sv\\\/loevskydd-raenna\\\/\"]}]},{\"@type\":\"BreadcrumbList\",\"@id\":\"https:\\\/\\\/dari-system.com\\\/sv\\\/loevskydd-raenna\\\/#breadcrumb\",\"itemListElement\":[{\"@type\":\"ListItem\",\"position\":1,\"name\":\"Startseite\",\"item\":\"https:\\\/\\\/dari-system.com\\\/sv\\\/\"},{\"@type\":\"ListItem\",\"position\":2,\"name\":\"L\u00f6vskydd r\u00e4nna\"}]},{\"@type\":\"WebSite\",\"@id\":\"https:\\\/\\\/dari-system.com\\\/sv\\\/#website\",\"url\":\"https:\\\/\\\/dari-system.com\\\/sv\\\/\",\"name\":\"DaRi System\",\"description\":\"\",\"potentialAction\":[{\"@type\":\"SearchAction\",\"target\":{\"@type\":\"EntryPoint\",\"urlTemplate\":\"https:\\\/\\\/dari-system.com\\\/sv\\\/?s={search_term_string}\"},\"query-input\":{\"@type\":\"PropertyValueSpecification\",\"valueRequired\":true,\"valueName\":\"search_term_string\"}}],\"inLanguage\":\"sv-SE\"}]}<\/script>\n<!-- \/ Yoast SEO plugin. -->","yoast_head_json":{"title":"Effektivt l\u00f6vskydd f\u00f6r din h\u00e4ngr\u00e4nna - DaRi-system","description":"Uppt\u00e4ck den perfekta l\u00f6vf\u00e4llan f\u00f6r din h\u00e4ngr\u00e4nna. Inga fler blockeringar och tr\u00e5kig reng\u00f6ring med DaRi-systemet. Ta reda p\u00e5 mer nu!","robots":{"index":"index","follow":"follow","max-snippet":"max-snippet:-1","max-image-preview":"max-image-preview:large","max-video-preview":"max-video-preview:-1"},"canonical":"https:\/\/dari-system.com\/sv\/loevskydd-raenna\/","og_locale":"sv_SE","og_type":"article","og_title":"Effektivt l\u00f6vskydd f\u00f6r din h\u00e4ngr\u00e4nna - DaRi-system","og_description":"Uppt\u00e4ck den perfekta l\u00f6vf\u00e4llan f\u00f6r din h\u00e4ngr\u00e4nna. Inga fler blockeringar och tr\u00e5kig reng\u00f6ring med DaRi-systemet. Ta reda p\u00e5 mer nu!","og_url":"https:\/\/dari-system.com\/sv\/loevskydd-raenna\/","og_site_name":"DaRi System","article_modified_time":"2024-08-19T15:01:57+00:00","twitter_card":"summary_large_image","twitter_misc":{"Ber\u00e4knad l\u00e4stid":"5 minuter"},"schema":{"@context":"https:\/\/schema.org","@graph":[{"@type":"WebPage","@id":"https:\/\/dari-system.com\/sv\/loevskydd-raenna\/","url":"https:\/\/dari-system.com\/sv\/loevskydd-raenna\/","name":"Effektivt l\u00f6vskydd f\u00f6r din h\u00e4ngr\u00e4nna - DaRi-system","isPartOf":{"@id":"https:\/\/dari-system.com\/sv\/#website"},"datePublished":"2024-06-19T09:05:14+00:00","dateModified":"2024-08-19T15:01:57+00:00","description":"Uppt\u00e4ck den perfekta l\u00f6vf\u00e4llan f\u00f6r din h\u00e4ngr\u00e4nna. Inga fler blockeringar och tr\u00e5kig reng\u00f6ring med DaRi-systemet. Ta reda p\u00e5 mer nu!","breadcrumb":{"@id":"https:\/\/dari-system.com\/sv\/loevskydd-raenna\/#breadcrumb"},"inLanguage":"sv-SE","potentialAction":[{"@type":"ReadAction","target":["https:\/\/dari-system.com\/sv\/loevskydd-raenna\/"]}]},{"@type":"BreadcrumbList","@id":"https:\/\/dari-system.com\/sv\/loevskydd-raenna\/#breadcrumb","itemListElement":[{"@type":"ListItem","position":1,"name":"Startseite","item":"https:\/\/dari-system.com\/sv\/"},{"@type":"ListItem","position":2,"name":"L\u00f6vskydd r\u00e4nna"}]},{"@type":"WebSite","@id":"https:\/\/dari-system.com\/sv\/#website","url":"https:\/\/dari-system.com\/sv\/","name":"DaRi System","description":"","potentialAction":[{"@type":"SearchAction","target":{"@type":"EntryPoint","urlTemplate":"https:\/\/dari-system.com\/sv\/?s={search_term_string}"},"query-input":{"@type":"PropertyValueSpecification","valueRequired":true,"valueName":"search_term_string"}}],"inLanguage":"sv-SE"}]}},"_links":{"self":[{"href":"https:\/\/dari-system.com\/sv\/wp-json\/wp\/v2\/pages\/25547586","targetHints":{"allow":["GET"]}}],"collection":[{"href":"https:\/\/dari-system.com\/sv\/wp-json\/wp\/v2\/pages"}],"about":[{"href":"https:\/\/dari-system.com\/sv\/wp-json\/wp\/v2\/types\/page"}],"author":[{"embeddable":true,"href":"https:\/\/dari-system.com\/sv\/wp-json\/wp\/v2\/users\/1"}],"replies":[{"embeddable":true,"href":"https:\/\/dari-system.com\/sv\/wp-json\/wp\/v2\/comments?post=25547586"}],"version-history":[{"count":2,"href":"https:\/\/dari-system.com\/sv\/wp-json\/wp\/v2\/pages\/25547586\/revisions"}],"predecessor-version":[{"id":25547591,"href":"https:\/\/dari-system.com\/sv\/wp-json\/wp\/v2\/pages\/25547586\/revisions\/25547591"}],"wp:attachment":[{"href":"https:\/\/dari-system.com\/sv\/wp-json\/wp\/v2\/media?parent=25547586"}],"wp:term":[{"taxonomy":"dipi_cpt_category","embeddable":true,"href":"https:\/\/dari-system.com\/sv\/wp-json\/wp\/v2\/dipi_cpt_category?post=25547586"}],"curies":[{"name":"wp","href":"https:\/\/api.w.org\/{rel}","templated":true}]}}