{"id":25547567,"date":"2024-05-29T09:26:04","date_gmt":"2024-05-29T09:26:04","guid":{"rendered":"https:\/\/dari-system.com\/om-oss\/"},"modified":"2024-08-19T15:01:54","modified_gmt":"2024-08-19T15:01:54","slug":"om-oss","status":"publish","type":"page","link":"https:\/\/dari-system.com\/sv\/om-oss\/","title":{"rendered":"Om oss"},"content":{"rendered":"<p>[et_pb_section fb_built=&#8221;1&#8243; fullwidth=&#8221;on&#8221; _builder_version=&#8221;4.25.0&#8243; _module_preset=&#8221;default&#8221; bottom_divider_color=&#8221;#FFFFFF&#8221; bottom_divider_height=&#8221;82px&#8221; bottom_divider_flip=&#8221;horizontal&#8221; locked=&#8221;off&#8221; global_colors_info=&#8221;{}&#8221;][et_pb_fullwidth_header title=&#8221;Om oss&#8221; _builder_version=&#8221;4.25.0&#8243; _module_preset=&#8221;default&#8221; title_font=&#8221;|800|||||||&#8221; title_font_size=&#8221;45px&#8221; background_image=&#8221;https:\/\/dari-system.com\/wp-content\/uploads\/2024\/05\/header_background.webp&#8221; background_position=&#8221;bottom_center&#8221; custom_padding=&#8221;8vh||8vh||true|false&#8221; title_font_size_tablet=&#8221;45px&#8221; title_font_size_phone=&#8221;29px&#8221; title_font_size_last_edited=&#8221;on|phone&#8221; content_font_size_tablet=&#8221;&#8221; content_font_size_phone=&#8221;17px&#8221; content_font_size_last_edited=&#8221;on|phone&#8221; global_colors_info=&#8221;{}&#8221;]<\/p>\n<p>V\u00e4gen till det perfekta DaRi-systemet<\/p>\n<p>[\/et_pb_fullwidth_header][\/et_pb_section][et_pb_section fb_built=&#8221;1&#8243; _builder_version=&#8221;4.25.0&#8243; _module_preset=&#8221;default&#8221; global_colors_info=&#8221;{}&#8221;][et_pb_row column_structure=&#8221;2_3,1_3&#8243; make_equal=&#8221;on&#8221; _builder_version=&#8221;4.25.0&#8243; _module_preset=&#8221;default&#8221; custom_margin=&#8221;||0px||false|false&#8221; custom_padding=&#8221;||0px||false|false&#8221; global_colors_info=&#8221;{}&#8221;][et_pb_column type=&#8221;2_3&#8243; _builder_version=&#8221;4.25.0&#8243; _module_preset=&#8221;default&#8221; custom_css_main_element=&#8221;margin: auto;&#8221; global_colors_info=&#8221;{}&#8221;][et_pb_text _builder_version=&#8221;4.25.0&#8243; _module_preset=&#8221;default&#8221; global_colors_info=&#8221;{}&#8221;]<\/p>\n<p>Det finns ett stort l\u00f6nntr\u00e4d framf\u00f6r v\u00e5rt hus och 2 stora lindar bakom huset.<br \/>\nJag brukade beh\u00f6va kl\u00e4ttra upp p\u00e5 stegen flera g\u00e5nger om \u00e5ret f\u00f6r att reng\u00f6ra takr\u00e4nnorna.<br \/>\nDet tog mig alltid en enorm anstr\u00e4ngning att komma upp och f\u00e5 ut stegen ur garaget.<br \/>\nJag sk\u00f6t upp denna obehagliga syssla fr\u00e5n helg till helg.<br \/>\nF\u00f6r ungef\u00e4r 20 \u00e5r sedan stod jag \u00e5terigen p\u00e5 stegen full av irritation f\u00f6r att rensa min h\u00e4ngr\u00e4nna fr\u00e5n l\u00f6v n\u00e4r min 8-\u00e5riga dotter stod l\u00e4ngst ner och b\u00f6rjade gr\u00e5ta: &#8221;Pappa, kom ner&#8221;, ropade hon, &#8221;jag \u00e4r r\u00e4dd att du ska ramla d\u00e4r nere.&#8221;    <\/p>\n<p>&nbsp;<\/p>\n<p>N\u00e4r jag var klar gick jag till byggvaruhuset och k\u00f6pte olika skyddssystem f\u00f6r h\u00e4ngr\u00e4nnor.<br \/>\nTyv\u00e4rr uppfyllde inget av dem sin funktion v\u00e4l. <\/p>\n<p>[\/et_pb_text][\/et_pb_column][et_pb_column type=&#8221;1_3&#8243; _builder_version=&#8221;4.25.0&#8243; _module_preset=&#8221;default&#8221; custom_css_main_element=&#8221;mrgin:auto;&#8221; global_colors_info=&#8221;{}&#8221;][et_pb_image src=&#8221;https:\/\/dari-system.com\/wp-content\/uploads\/2024\/06\/eckhard_jentsch_03.webp&#8221; _builder_version=&#8221;4.25.0&#8243; _module_preset=&#8221;default&#8221; custom_margin=&#8221;||0px||false|false&#8221; custom_margin_tablet=&#8221;||0px||false|false&#8221; custom_margin_phone=&#8221;35px||0px||false|false&#8221; custom_margin_last_edited=&#8221;on|phone&#8221; hover_enabled=&#8221;0&#8243; global_colors_info=&#8221;{}&#8221; alt=&#8221;Eckhard Jentsch&#8221; title_text=&#8221;eckhard_jentsch_03&#8243; sticky_enabled=&#8221;0&#8243;][\/et_pb_image][et_pb_text _builder_version=&#8221;4.25.0&#8243; _module_preset=&#8221;default&#8221; text_font_size=&#8221;12px&#8221; custom_margin=&#8221;||0px||false|false&#8221; custom_padding=&#8221;||0px||false|false&#8221; global_colors_info=&#8221;{}&#8221;]<\/p>\n<p style=\"text-align: center;\"><em>Eckhard Jentsch | Grundare DaRi-System<\/em><\/p>\n<p>[\/et_pb_text][\/et_pb_column][\/et_pb_row][et_pb_row _builder_version=&#8221;4.25.0&#8243; _module_preset=&#8221;default&#8221; global_colors_info=&#8221;{}&#8221;][et_pb_column type=&#8221;4_4&#8243; _builder_version=&#8221;4.25.0&#8243; _module_preset=&#8221;default&#8221; global_colors_info=&#8221;{}&#8221;][et_pb_text _builder_version=&#8221;4.25.0&#8243; _module_preset=&#8221;default&#8221; hover_enabled=&#8221;0&#8243; global_colors_info=&#8221;{}&#8221; sticky_enabled=&#8221;0&#8243;]<\/p>\n<p>Jag gick sedan till en pl\u00e5tslagare och en takl\u00e4ggare och fr\u00e5gade vilket l\u00f6vskyddssystem de skulle rekommendera.<br \/>\nSvaret var att det inte finns n\u00e5got riktigt bra skyddssystem f\u00f6r h\u00e4ngr\u00e4nnor och att man som hus\u00e4gare f\u00e5r leva med att man m\u00e5ste rensa h\u00e4ngr\u00e4nnorna regelbundet. <\/p>\n<p>Jag var desperat och t\u00e4nkte &#8221;det h\u00e4r kan v\u00e4l inte vara r\u00e4tt, g\u00e5r det verkligen inte att l\u00f6sa problemet p\u00e5 ett tillfredsst\u00e4llande s\u00e4tt? Jag har provat s\u00e5 m\u00e5nga olika system och inget av dem har varit riktigt bra&#8221;.<\/p>\n<p>Jag samlade sedan ihop konstrukt\u00f6rer, tekniker, ingenj\u00f6rer, maskiningenj\u00f6rer, takl\u00e4ggare och r\u00f6rmokare och vi satte oss vid ett stort bord och definierade f\u00f6rst och fr\u00e4mst de kriterier som ett mycket bra skyddssystem f\u00f6r h\u00e4ngr\u00e4nnor ska uppfylla:<\/p>\n<p>[\/et_pb_text][\/et_pb_column][\/et_pb_row][\/et_pb_section][et_pb_section fb_built=&#8221;1&#8243; _builder_version=&#8221;4.25.0&#8243; _module_preset=&#8221;default&#8221; custom_padding=&#8221;0px||0px||false|false&#8221; global_colors_info=&#8221;{}&#8221;][et_pb_row _builder_version=&#8221;4.25.0&#8243; _module_preset=&#8221;default&#8221; background_color=&#8221;#f4bd8d&#8221; width_tablet=&#8221;&#8221; width_phone=&#8221;100%&#8221; width_last_edited=&#8221;on|phone&#8221; custom_margin=&#8221;0px||0px||true|false&#8221; custom_padding=&#8221;21px|27px|21px|27px|true|true&#8221; global_colors_info=&#8221;{}&#8221; width__hover_enabled=&#8221;on|desktop&#8221;][et_pb_column type=&#8221;4_4&#8243; _builder_version=&#8221;4.25.0&#8243; _module_preset=&#8221;default&#8221; global_colors_info=&#8221;{}&#8221;][et_pb_blurb image=&#8221;https:\/\/dari-system.com\/wp-content\/uploads\/2024\/06\/arrow.webp&#8221; alt=&#8221;Kontrollera&#8221; icon_placement=&#8221;left&#8221; content_max_width=&#8221;100%&#8221; _builder_version=&#8221;4.25.0&#8243; _module_preset=&#8221;default&#8221; custom_margin=&#8221;||15px||false|false&#8221; global_colors_info=&#8221;{}&#8221;]<\/p>\n<p><strong>Det m\u00e5ste vara m\u00f6jligt att installera den i takr\u00e4nnor med och utan takfotsblixt<\/strong><\/p>\n<p>[\/et_pb_blurb][et_pb_blurb image=&#8221;https:\/\/dari-system.com\/wp-content\/uploads\/2024\/06\/arrow.webp&#8221; alt=&#8221;Kontrollera&#8221; icon_placement=&#8221;left&#8221; content_max_width=&#8221;100%&#8221; _builder_version=&#8221;4.25.0&#8243; _module_preset=&#8221;default&#8221; custom_margin=&#8221;||15px||false|false&#8221; global_colors_info=&#8221;{}&#8221;]<\/p>\n<p><strong>Den m\u00e5ste ha en stor \u00f6ppen yta s\u00e5 att regnvattnet l\u00e4tt kan rinna av<\/strong><\/p>\n<p>[\/et_pb_blurb][et_pb_blurb image=&#8221;https:\/\/dari-system.com\/wp-content\/uploads\/2024\/06\/arrow.webp&#8221; alt=&#8221;Kontrollera&#8221; icon_placement=&#8221;left&#8221; content_max_width=&#8221;100%&#8221; _builder_version=&#8221;4.25.0&#8243; _module_preset=&#8221;default&#8221; custom_margin=&#8221;||15px||false|false&#8221; global_colors_info=&#8221;{}&#8221;]<\/p>\n<p><strong>H\u00e5lstorleken f\u00e5r inte vara s\u00e5 stor att tr\u00e4dfr\u00f6n fr\u00e5n lindar, l\u00f6nnar etc. faller igenom<\/strong><\/p>\n<p>[\/et_pb_blurb][et_pb_blurb image=&#8221;https:\/\/dari-system.com\/wp-content\/uploads\/2024\/06\/arrow.webp&#8221; alt=&#8221;Kontrollera&#8221; icon_placement=&#8221;left&#8221; content_max_width=&#8221;100%&#8221; _builder_version=&#8221;4.25.0&#8243; _module_preset=&#8221;default&#8221; custom_margin=&#8221;||15px||false|false&#8221; global_colors_info=&#8221;{}&#8221;]<\/p>\n<p><strong>H\u00e5lstorleken f\u00e5r inte vara f\u00f6r liten s\u00e5 att h\u00e5len snabbt t\u00e4pps till<\/strong><\/p>\n<p>[\/et_pb_blurb][et_pb_blurb image=&#8221;https:\/\/dari-system.com\/wp-content\/uploads\/2024\/06\/arrow.webp&#8221; alt=&#8221;Kontrollera&#8221; icon_placement=&#8221;left&#8221; content_max_width=&#8221;100%&#8221; _builder_version=&#8221;4.25.0&#8243; _module_preset=&#8221;default&#8221; custom_margin=&#8221;||15px||false|false&#8221; global_colors_info=&#8221;{}&#8221;]<\/p>\n<p><strong>H\u00e5len m\u00e5ste vara utformade p\u00e5 ett s\u00e5dant s\u00e4tt att regnvattnet snabbt leds in i h\u00e5len<\/strong><\/p>\n<p>[\/et_pb_blurb][et_pb_blurb image=&#8221;https:\/\/dari-system.com\/wp-content\/uploads\/2024\/06\/arrow.webp&#8221; alt=&#8221;Kontrollera&#8221; icon_placement=&#8221;left&#8221; content_max_width=&#8221;100%&#8221; _builder_version=&#8221;4.25.0&#8243; _module_preset=&#8221;default&#8221; custom_margin=&#8221;||15px||false|false&#8221; global_colors_info=&#8221;{}&#8221;]<\/p>\n<p><strong>Ytan m\u00e5ste vara sl\u00e4t s\u00e5 att inga l\u00f6v kan fastna<\/strong><\/p>\n<p>[\/et_pb_blurb][et_pb_blurb image=&#8221;https:\/\/dari-system.com\/wp-content\/uploads\/2024\/06\/arrow.webp&#8221; alt=&#8221;Kontrollera&#8221; icon_placement=&#8221;left&#8221; content_max_width=&#8221;100%&#8221; _builder_version=&#8221;4.25.0&#8243; _module_preset=&#8221;default&#8221; custom_margin=&#8221;||15px||false|false&#8221; global_colors_info=&#8221;{}&#8221;]<\/p>\n<p><strong>Den m\u00e5ste vara l\u00e4tt att installera utan verktyg<\/strong><\/p>\n<p>[\/et_pb_blurb][et_pb_blurb image=&#8221;https:\/\/dari-system.com\/wp-content\/uploads\/2024\/06\/arrow.webp&#8221; alt=&#8221;Kontrollera&#8221; icon_placement=&#8221;left&#8221; content_max_width=&#8221;100%&#8221; _builder_version=&#8221;4.25.0&#8243; _module_preset=&#8221;default&#8221; custom_margin=&#8221;||15px||false|false&#8221; global_colors_info=&#8221;{}&#8221;]<\/p>\n<p><strong>Den m\u00e5ste vara l\u00e4tt att ta bort<\/strong><\/p>\n<p>[\/et_pb_blurb][et_pb_blurb image=&#8221;https:\/\/dari-system.com\/wp-content\/uploads\/2024\/06\/arrow.webp&#8221; alt=&#8221;Kontrollera&#8221; icon_placement=&#8221;left&#8221; content_max_width=&#8221;100%&#8221; _builder_version=&#8221;4.25.0&#8243; _module_preset=&#8221;default&#8221; custom_margin=&#8221;||15px||false|false&#8221; global_colors_info=&#8221;{}&#8221;]<\/p>\n<p><strong>Den m\u00e5ste vara ordentligt fastsatt i h\u00e4ngr\u00e4nnan s\u00e5 att den inte flyger iv\u00e4g vid kraftiga vindar<\/strong><\/p>\n<p>[\/et_pb_blurb][et_pb_blurb image=&#8221;https:\/\/dari-system.com\/wp-content\/uploads\/2024\/06\/arrow.webp&#8221; alt=&#8221;Kontrollera&#8221; icon_placement=&#8221;left&#8221; content_max_width=&#8221;100%&#8221; _builder_version=&#8221;4.25.0&#8243; _module_preset=&#8221;default&#8221; custom_margin=&#8221;||15px||false|false&#8221; global_colors_info=&#8221;{}&#8221;]<\/p>\n<p><strong>Den m\u00e5ste vara ovanf\u00f6r h\u00e4ngr\u00e4nnan s\u00e5 att l\u00f6v l\u00e4tt kan bl\u00e5sa bort<\/strong><\/p>\n<p>[\/et_pb_blurb][et_pb_blurb image=&#8221;https:\/\/dari-system.com\/wp-content\/uploads\/2024\/06\/arrow.webp&#8221; alt=&#8221;Kontrollera&#8221; icon_placement=&#8221;left&#8221; content_max_width=&#8221;100%&#8221; _builder_version=&#8221;4.25.0&#8243; _module_preset=&#8221;default&#8221; custom_margin=&#8221;||15px||false|false&#8221; global_colors_info=&#8221;{}&#8221;]<\/p>\n<p><strong>Den m\u00e5ste str\u00e4cka sig till framkanten s\u00e5 att det inte finns n\u00e5gra hinder f\u00f6r l\u00f6vverket<\/strong><\/p>\n<p>[\/et_pb_blurb][et_pb_blurb image=&#8221;https:\/\/dari-system.com\/wp-content\/uploads\/2024\/06\/arrow.webp&#8221; alt=&#8221;Kontrollera&#8221; icon_placement=&#8221;left&#8221; content_max_width=&#8221;100%&#8221; _builder_version=&#8221;4.25.0&#8243; _module_preset=&#8221;default&#8221; custom_margin=&#8221;||15px||false|false&#8221; global_colors_info=&#8221;{}&#8221;]<\/p>\n<p><strong>Den m\u00e5ste vara v\u00e4rmestabil, k\u00f6ldstabil och UV-stabil<\/strong><\/p>\n<p>[\/et_pb_blurb][et_pb_blurb image=&#8221;https:\/\/dari-system.com\/wp-content\/uploads\/2024\/06\/arrow.webp&#8221; alt=&#8221;Kontrollera&#8221; icon_placement=&#8221;left&#8221; content_max_width=&#8221;100%&#8221; _builder_version=&#8221;4.25.0&#8243; _module_preset=&#8221;default&#8221; custom_margin=&#8221;||15px||false|false&#8221; global_colors_info=&#8221;{}&#8221;]<\/p>\n<p><strong>Den m\u00e5ste vara underh\u00e5llsfri<\/strong><\/p>\n<p>[\/et_pb_blurb][et_pb_blurb image=&#8221;https:\/\/dari-system.com\/wp-content\/uploads\/2024\/06\/arrow.webp&#8221; alt=&#8221;Kontrollera&#8221; icon_placement=&#8221;left&#8221; content_max_width=&#8221;100%&#8221; _builder_version=&#8221;4.25.0&#8243; _module_preset=&#8221;default&#8221; custom_margin=&#8221;||15px||false|false&#8221; global_colors_info=&#8221;{}&#8221;]<\/p>\n<p><strong>Det b\u00f6r garanteras att r\u00e4nnan inte l\u00e4ngre \u00e4r blockerad av l\u00f6v<\/strong><\/p>\n<p>[\/et_pb_blurb][\/et_pb_column][\/et_pb_row][\/et_pb_section][et_pb_section fb_built=&#8221;1&#8243; _builder_version=&#8221;4.25.0&#8243; _module_preset=&#8221;default&#8221; global_colors_info=&#8221;{}&#8221;][et_pb_row _builder_version=&#8221;4.25.0&#8243; _module_preset=&#8221;default&#8221; global_colors_info=&#8221;{}&#8221;][et_pb_column type=&#8221;4_4&#8243; _builder_version=&#8221;4.25.0&#8243; _module_preset=&#8221;default&#8221; global_colors_info=&#8221;{}&#8221;][et_pb_text _builder_version=&#8221;4.25.0&#8243; _module_preset=&#8221;default&#8221; global_colors_info=&#8221;{}&#8221;]<\/p>\n<p>Efter en hel del planering, ritningar, f\u00f6rs\u00f6k och tester f\u00f6ddes <strong>DaRi-systemet<\/strong>. DaRi-systemet beh\u00f6ver inte dra sig f\u00f6r att j\u00e4mf\u00f6ras med n\u00e5got annat system.<br \/>\nEnligt min \u00e5sikt och kunskap finns det inget b\u00e4ttre skyddssystem f\u00f6r h\u00e4ngr\u00e4nnor. <\/p>\n<p>I dag ser jag p\u00e5 min h\u00e4ngr\u00e4nna med tillfredsst\u00e4llelse och \u00e4r glad att jag installerade DaRi-systemet d\u00e4r.<br \/>\nDaRi-systemen fr\u00e5n den tiden \u00e4r fortfarande installerade i r\u00e4nnan och \u00e4r fortfarande fullt fungerande.<br \/>\nJag s\u00e4ger fortfarande ofta &#8221;tack&#8221; till min dotter f\u00f6r att hon gav mig impulsen att installera detta perfekta skyddssystem f\u00f6r h\u00e4ngr\u00e4nnor.<br \/>\nInte nog med att jag slipper besv\u00e4ret, jag har ocks\u00e5 minskat risken f\u00f6r olyckor n\u00e4r jag inte l\u00e4ngre beh\u00f6ver st\u00e5 h\u00f6gt upp p\u00e5 taket p\u00e5 stegen.   <\/p>\n<p>Idag \u00e4r m\u00e4nniskor fr\u00e5n hela Europa glada och tacksamma \u00f6ver att problemet med en igensatt h\u00e4ngr\u00e4nna kunde l\u00f6sas s\u00e5 enkelt med DaRi-systemet och att h\u00e4ngr\u00e4nnan f\u00f6rblir permanent l\u00f6vfri.<\/p>\n<p>Vi p\u00e5 DaRi-System str\u00e4var efter att utveckla och tillverka takr\u00e4nneskyddssystem av h\u00f6gsta kvalitet.<br \/>\nAlla v\u00e5ra produkter har designats h\u00e4r i Tyskland och tillverkas uteslutande h\u00e4r. <\/p>\n<p><em><strong>Tillverkad i Tyskland<\/strong> <\/em>garanterar dig en l\u00e5ng livsl\u00e4ngd.<\/p>\n<p>Som absoluta experter p\u00e5 l\u00f6vskyddssystem har vi i 20 \u00e5r samarbetat med v\u00e5ra kunder f\u00f6r att hitta bra och praktiska l\u00f6sningar p\u00e5 problem med h\u00e4ngr\u00e4nnor.<br \/>\nVi ser fram emot varje kontakt och varje bild p\u00e5 en h\u00e4ngr\u00e4nna som skickas till oss och besvarar din f\u00f6rfr\u00e5gan snabbt, v\u00e4nligt och kostnadsfritt. <\/p>\n<p>Om du ocks\u00e5 letar efter ett tillf\u00f6rlitligt, h\u00f6gkvalitativt, h\u00e5llbart och underh\u00e5llsfritt skyddssystem f\u00f6r din h\u00e4ngr\u00e4nna, ska <strong>du<\/strong> genast v\u00e4lja det perfekt utformade <strong>DaRi-systemet<\/strong>.<\/p>\n<p>[\/et_pb_text][\/et_pb_column][\/et_pb_row][et_pb_row _builder_version=&#8221;4.25.0&#8243; _module_preset=&#8221;default&#8221; global_colors_info=&#8221;{}&#8221;][et_pb_column type=&#8221;4_4&#8243; _builder_version=&#8221;4.25.0&#8243; _module_preset=&#8221;default&#8221; global_colors_info=&#8221;{}&#8221;][et_pb_text _builder_version=&#8221;4.25.0&#8243; _module_preset=&#8221;default&#8221; global_colors_info=&#8221;{}&#8221;]<\/p>\n<h2><strong>Och vi garanterar att r\u00e4nnan inte l\u00e4ngre kommer att blockeras av l\u00f6v n\u00e4r DaRi-systemet har installerats.<\/strong><\/h2>\n<p>[\/et_pb_text][\/et_pb_column][\/et_pb_row][\/et_pb_section]<\/p>\n","protected":false},"excerpt":{"rendered":"<p>V\u00e4gen till det perfekta DaRi-systemetDet finns ett stort l\u00f6nntr\u00e4d framf\u00f6r v\u00e5rt hus och 2 stora lindar bakom huset. Jag brukade beh\u00f6va kl\u00e4ttra upp p\u00e5 stegen flera g\u00e5nger om \u00e5ret f\u00f6r att reng\u00f6ra takr\u00e4nnorna. Det tog mig alltid en enorm anstr\u00e4ngning att komma upp och f\u00e5 ut stegen ur garaget. Jag sk\u00f6t upp denna obehagliga syssla [&hellip;]<\/p>\n","protected":false},"author":1,"featured_media":0,"parent":0,"menu_order":0,"comment_status":"closed","ping_status":"closed","template":"","meta":{"_et_pb_use_builder":"on","_et_pb_old_content":"","_et_gb_content_width":"","iawp_total_views":8,"footnotes":""},"dipi_cpt_category":[],"class_list":["post-25547567","page","type-page","status-publish","hentry"],"yoast_head":"<!-- This site is optimized with the Yoast SEO plugin v27.4 - https:\/\/yoast.com\/product\/yoast-seo-wordpress\/ -->\n<title>Om oss - DaRi System<\/title>\n<meta name=\"robots\" content=\"index, follow, max-snippet:-1, max-image-preview:large, max-video-preview:-1\" \/>\n<link rel=\"canonical\" href=\"https:\/\/dari-system.com\/sv\/om-oss\/\" \/>\n<meta property=\"og:locale\" content=\"sv_SE\" \/>\n<meta property=\"og:type\" content=\"article\" \/>\n<meta property=\"og:title\" content=\"Om oss - DaRi System\" \/>\n<meta property=\"og:description\" content=\"V\u00e4gen till det perfekta DaRi-systemetDet finns ett stort l\u00f6nntr\u00e4d framf\u00f6r v\u00e5rt hus och 2 stora lindar bakom huset. Jag brukade beh\u00f6va kl\u00e4ttra upp p\u00e5 stegen flera g\u00e5nger om \u00e5ret f\u00f6r att reng\u00f6ra takr\u00e4nnorna. Det tog mig alltid en enorm anstr\u00e4ngning att komma upp och f\u00e5 ut stegen ur garaget. Jag sk\u00f6t upp denna obehagliga syssla [&hellip;]\" \/>\n<meta property=\"og:url\" content=\"https:\/\/dari-system.com\/sv\/om-oss\/\" \/>\n<meta property=\"og:site_name\" content=\"DaRi System\" \/>\n<meta property=\"article:modified_time\" content=\"2024-08-19T15:01:54+00:00\" \/>\n<meta name=\"twitter:card\" content=\"summary_large_image\" \/>\n<meta name=\"twitter:label1\" content=\"Ber\u00e4knad l\u00e4stid\" \/>\n\t<meta name=\"twitter:data1\" content=\"9 minuter\" \/>\n<script type=\"application\/ld+json\" class=\"yoast-schema-graph\">{\"@context\":\"https:\\\/\\\/schema.org\",\"@graph\":[{\"@type\":\"WebPage\",\"@id\":\"https:\\\/\\\/dari-system.com\\\/sv\\\/om-oss\\\/\",\"url\":\"https:\\\/\\\/dari-system.com\\\/sv\\\/om-oss\\\/\",\"name\":\"Om oss - DaRi System\",\"isPartOf\":{\"@id\":\"https:\\\/\\\/dari-system.com\\\/sv\\\/#website\"},\"datePublished\":\"2024-05-29T09:26:04+00:00\",\"dateModified\":\"2024-08-19T15:01:54+00:00\",\"breadcrumb\":{\"@id\":\"https:\\\/\\\/dari-system.com\\\/sv\\\/om-oss\\\/#breadcrumb\"},\"inLanguage\":\"sv-SE\",\"potentialAction\":[{\"@type\":\"ReadAction\",\"target\":[\"https:\\\/\\\/dari-system.com\\\/sv\\\/om-oss\\\/\"]}]},{\"@type\":\"BreadcrumbList\",\"@id\":\"https:\\\/\\\/dari-system.com\\\/sv\\\/om-oss\\\/#breadcrumb\",\"itemListElement\":[{\"@type\":\"ListItem\",\"position\":1,\"name\":\"Startseite\",\"item\":\"https:\\\/\\\/dari-system.com\\\/sv\\\/\"},{\"@type\":\"ListItem\",\"position\":2,\"name\":\"Om oss\"}]},{\"@type\":\"WebSite\",\"@id\":\"https:\\\/\\\/dari-system.com\\\/sv\\\/#website\",\"url\":\"https:\\\/\\\/dari-system.com\\\/sv\\\/\",\"name\":\"DaRi System\",\"description\":\"\",\"potentialAction\":[{\"@type\":\"SearchAction\",\"target\":{\"@type\":\"EntryPoint\",\"urlTemplate\":\"https:\\\/\\\/dari-system.com\\\/sv\\\/?s={search_term_string}\"},\"query-input\":{\"@type\":\"PropertyValueSpecification\",\"valueRequired\":true,\"valueName\":\"search_term_string\"}}],\"inLanguage\":\"sv-SE\"}]}<\/script>\n<!-- \/ Yoast SEO plugin. -->","yoast_head_json":{"title":"Om oss - DaRi System","robots":{"index":"index","follow":"follow","max-snippet":"max-snippet:-1","max-image-preview":"max-image-preview:large","max-video-preview":"max-video-preview:-1"},"canonical":"https:\/\/dari-system.com\/sv\/om-oss\/","og_locale":"sv_SE","og_type":"article","og_title":"Om oss - DaRi System","og_description":"V\u00e4gen till det perfekta DaRi-systemetDet finns ett stort l\u00f6nntr\u00e4d framf\u00f6r v\u00e5rt hus och 2 stora lindar bakom huset. Jag brukade beh\u00f6va kl\u00e4ttra upp p\u00e5 stegen flera g\u00e5nger om \u00e5ret f\u00f6r att reng\u00f6ra takr\u00e4nnorna. Det tog mig alltid en enorm anstr\u00e4ngning att komma upp och f\u00e5 ut stegen ur garaget. Jag sk\u00f6t upp denna obehagliga syssla [&hellip;]","og_url":"https:\/\/dari-system.com\/sv\/om-oss\/","og_site_name":"DaRi System","article_modified_time":"2024-08-19T15:01:54+00:00","twitter_card":"summary_large_image","twitter_misc":{"Ber\u00e4knad l\u00e4stid":"9 minuter"},"schema":{"@context":"https:\/\/schema.org","@graph":[{"@type":"WebPage","@id":"https:\/\/dari-system.com\/sv\/om-oss\/","url":"https:\/\/dari-system.com\/sv\/om-oss\/","name":"Om oss - DaRi System","isPartOf":{"@id":"https:\/\/dari-system.com\/sv\/#website"},"datePublished":"2024-05-29T09:26:04+00:00","dateModified":"2024-08-19T15:01:54+00:00","breadcrumb":{"@id":"https:\/\/dari-system.com\/sv\/om-oss\/#breadcrumb"},"inLanguage":"sv-SE","potentialAction":[{"@type":"ReadAction","target":["https:\/\/dari-system.com\/sv\/om-oss\/"]}]},{"@type":"BreadcrumbList","@id":"https:\/\/dari-system.com\/sv\/om-oss\/#breadcrumb","itemListElement":[{"@type":"ListItem","position":1,"name":"Startseite","item":"https:\/\/dari-system.com\/sv\/"},{"@type":"ListItem","position":2,"name":"Om oss"}]},{"@type":"WebSite","@id":"https:\/\/dari-system.com\/sv\/#website","url":"https:\/\/dari-system.com\/sv\/","name":"DaRi System","description":"","potentialAction":[{"@type":"SearchAction","target":{"@type":"EntryPoint","urlTemplate":"https:\/\/dari-system.com\/sv\/?s={search_term_string}"},"query-input":{"@type":"PropertyValueSpecification","valueRequired":true,"valueName":"search_term_string"}}],"inLanguage":"sv-SE"}]}},"_links":{"self":[{"href":"https:\/\/dari-system.com\/sv\/wp-json\/wp\/v2\/pages\/25547567","targetHints":{"allow":["GET"]}}],"collection":[{"href":"https:\/\/dari-system.com\/sv\/wp-json\/wp\/v2\/pages"}],"about":[{"href":"https:\/\/dari-system.com\/sv\/wp-json\/wp\/v2\/types\/page"}],"author":[{"embeddable":true,"href":"https:\/\/dari-system.com\/sv\/wp-json\/wp\/v2\/users\/1"}],"replies":[{"embeddable":true,"href":"https:\/\/dari-system.com\/sv\/wp-json\/wp\/v2\/comments?post=25547567"}],"version-history":[{"count":2,"href":"https:\/\/dari-system.com\/sv\/wp-json\/wp\/v2\/pages\/25547567\/revisions"}],"predecessor-version":[{"id":25547576,"href":"https:\/\/dari-system.com\/sv\/wp-json\/wp\/v2\/pages\/25547567\/revisions\/25547576"}],"wp:attachment":[{"href":"https:\/\/dari-system.com\/sv\/wp-json\/wp\/v2\/media?parent=25547567"}],"wp:term":[{"taxonomy":"dipi_cpt_category","embeddable":true,"href":"https:\/\/dari-system.com\/sv\/wp-json\/wp\/v2\/dipi_cpt_category?post=25547567"}],"curies":[{"name":"wp","href":"https:\/\/api.w.org\/{rel}","templated":true}]}}