{"id":25547541,"date":"2024-06-03T10:59:20","date_gmt":"2024-06-03T10:59:20","guid":{"rendered":"https:\/\/dari-system.com\/dari-faesten\/"},"modified":"2024-08-19T20:37:01","modified_gmt":"2024-08-19T20:37:01","slug":"dari-faesten","status":"publish","type":"page","link":"https:\/\/dari-system.com\/sv\/dari-faesten\/","title":{"rendered":"DaRi-f\u00e4sten"},"content":{"rendered":"<p>[et_pb_section fb_built=&#8221;1&#8243; admin_label=&#8221;TBVS &#8211; Light &#8211; Content 5&#8243; _builder_version=&#8221;4.25.0&#8243; _module_preset=&#8221;773cbfc0-e6bc-474b-b613-dad4bc024acd&#8221; global_colors_info=&#8221;{}&#8221;][et_pb_row column_structure=&#8221;2_5,3_5&#8243; make_equal=&#8221;on&#8221; _builder_version=&#8221;4.25.0&#8243; _module_preset=&#8221;default&#8221; global_colors_info=&#8221;{}&#8221;][et_pb_column type=&#8221;2_5&#8243; _builder_version=&#8221;4.16&#8243; _module_preset=&#8221;default&#8221; global_colors_info=&#8221;{}&#8221;][et_pb_image src=&#8221;https:\/\/dari-system.com\/wp-content\/uploads\/2024\/05\/dari_klammer.webp&#8221; alt=&#8221;DaRi-systemkl\u00e4mma svart och silver&#8221; title_text=&#8221;dari_f\u00e4ste&#8221; show_in_lightbox=&#8221;on&#8221; _builder_version=&#8221;4.25.0&#8243; _module_preset=&#8221;default&#8221; border_radii=&#8221;on|44px|44px|44px|44px&#8221; global_colors_info=&#8221;{}&#8221;][\/et_pb_image][\/et_pb_column][et_pb_column type=&#8221;3_5&#8243; _builder_version=&#8221;4.25.0&#8243; _module_preset=&#8221;default&#8221; custom_padding_tablet=&#8221;||30px||false|false&#8221; custom_padding_phone=&#8221;&#8221; custom_padding_last_edited=&#8221;on|tablet&#8221; custom_css_main_element=&#8221;margin: auto;&#8221; global_colors_info=&#8221;{}&#8221;][et_pb_text _builder_version=&#8221;4.25.0&#8243; _module_preset=&#8221;c68383f9-009f-4682-a0ef-f1cc616ecd44&#8243; global_colors_info=&#8221;{}&#8221;]<\/p>\n<h1>DaRi-kl\u00e4mmor<\/h1>\n<p>[\/et_pb_text][\/et_pb_column][\/et_pb_row][\/et_pb_section][et_pb_section fb_built=&#8221;1&#8243; _builder_version=&#8221;4.25.0&#8243; _module_preset=&#8221;default&#8221; custom_margin=&#8221;||||false|false&#8221; custom_padding=&#8221;||10px||false|false&#8221; global_colors_info=&#8221;{}&#8221;][et_pb_row make_equal=&#8221;on&#8221; _builder_version=&#8221;4.25.0&#8243; _module_preset=&#8221;default&#8221; global_colors_info=&#8221;{}&#8221;][et_pb_column type=&#8221;4_4&#8243; _builder_version=&#8221;4.25.0&#8243; _module_preset=&#8221;default&#8221; custom_css_main_element=&#8221;margin: auto;&#8221; border_color_right=&#8221;#4C76A9&#8243; global_colors_info=&#8221;{}&#8221;][et_pb_text _builder_version=&#8221;4.27.0&#8243; _module_preset=&#8221;default&#8221; hover_enabled=&#8221;0&#8243; global_colors_info=&#8221;{}&#8221; sticky_enabled=&#8221;0&#8243;]<\/p>\n<p>Diameter p\u00e5 den fr\u00e4mre rundningen av en h\u00e4ngr\u00e4nna varierar beroende p\u00e5 r\u00e4nnans storlek.<\/p>\n<p>D\u00e4rf\u00f6r finns det ocks\u00e5 kl\u00e4mmor f\u00f6r DaRi-systemet D1 i tv\u00e5 olika storlekar.<\/p>\n<p>F\u00f6r 28-r\u00e4nnan levererar vi kl\u00e4mmor med en inv\u00e4ndig diameter p\u00e5 18 mm, och f\u00f6r 33- och 40-r\u00e4nnor kl\u00e4mmor med en inv\u00e4ndig diameter p\u00e5 20 mm.<\/p>\n<p>Denna sortering hanterar vi automatiskt.<\/p>\n<p>F\u00f6r att kl\u00e4mmorna inte ska synas s\u00e5 mycket p\u00e5 h\u00e4ngr\u00e4nnan finns kl\u00e4mmorna i tv\u00e5 olika kl\u00e4mf\u00e4rger.<\/p>\n<p>[\/et_pb_text][\/et_pb_column][\/et_pb_row][\/et_pb_section][et_pb_section fb_built=&#8221;1&#8243; _builder_version=&#8221;4.25.0&#8243; _module_preset=&#8221;default&#8221; background_color=&#8221;#f4c092&#8243; custom_margin=&#8221;0px||0px||true|false&#8221; custom_padding=&#8221;10px||10px||true|false&#8221; global_colors_info=&#8221;{}&#8221;][et_pb_row _builder_version=&#8221;4.25.0&#8243; _module_preset=&#8221;default&#8221; global_colors_info=&#8221;{}&#8221;][et_pb_column type=&#8221;4_4&#8243; _builder_version=&#8221;4.25.0&#8243; _module_preset=&#8221;default&#8221; global_colors_info=&#8221;{}&#8221;][et_pb_text _builder_version=&#8221;4.27.0&#8243; _module_preset=&#8221;default&#8221; hover_enabled=&#8221;0&#8243; text_font_size_tablet=&#8221;&#8221; text_font_size_phone=&#8221;18px&#8221; text_font_size_last_edited=&#8221;on|desktop&#8221; global_colors_info=&#8221;{}&#8221; sticky_enabled=&#8221;0&#8243;]<\/p>\n<p><strong>svart:<\/strong> f\u00f6r h\u00e4ngr\u00e4nnor av koppar<br \/><strong>silver:<\/strong> f\u00f6r h\u00e4ngr\u00e4nnor av zink<\/p>\n<p>[\/et_pb_text][\/et_pb_column][\/et_pb_row][\/et_pb_section][et_pb_section fb_built=&#8221;1&#8243; custom_padding_last_edited=&#8221;on|phone&#8221; _builder_version=&#8221;4.25.0&#8243; _module_preset=&#8221;default&#8221; custom_padding=&#8221;10px||||false|false&#8221; custom_padding_tablet=&#8221;10px||||false|false&#8221; custom_padding_phone=&#8221;||0px||false|false&#8221; global_colors_info=&#8221;{}&#8221;][et_pb_row _builder_version=&#8221;4.25.0&#8243; _module_preset=&#8221;default&#8221; global_colors_info=&#8221;{}&#8221;][et_pb_column type=&#8221;4_4&#8243; _builder_version=&#8221;4.25.0&#8243; _module_preset=&#8221;default&#8221; global_colors_info=&#8221;{}&#8221;][et_pb_text _builder_version=&#8221;4.27.0&#8243; _module_preset=&#8221;default&#8221; hover_enabled=&#8221;0&#8243; global_colors_info=&#8221;{}&#8221; sticky_enabled=&#8221;0&#8243;]<\/p>\n<p>Vid en best\u00e4llning beh\u00f6ver du allts\u00e5 bara v\u00e4lja kl\u00e4mf\u00e4rgen, inte kl\u00e4mstorleken. Varje DaRi-system D1 eller D2 f\u00e4sts med 4 kl\u00e4mmor p\u00e5 h\u00e4ngr\u00e4nnan.<\/p>\n<p>[\/et_pb_text][\/et_pb_column][\/et_pb_row][\/et_pb_section][et_pb_section fb_built=&#8221;1&#8243; _builder_version=&#8221;4.25.0&#8243; _module_preset=&#8221;default&#8221; global_colors_info=&#8221;{}&#8221;][et_pb_row _builder_version=&#8221;4.25.0&#8243; _module_preset=&#8221;default&#8221; global_colors_info=&#8221;{}&#8221;][et_pb_column type=&#8221;4_4&#8243; _builder_version=&#8221;4.25.0&#8243; _module_preset=&#8221;default&#8221; global_colors_info=&#8221;{}&#8221;][et_pb_text _builder_version=&#8221;4.25.0&#8243; _module_preset=&#8221;default&#8221; custom_margin=&#8221;||||false|true&#8221; custom_padding=&#8221;||||false|false&#8221; header_3_text_align_tablet=&#8221;&#8221; header_3_text_align_phone=&#8221;&#8221; header_3_text_align_last_edited=&#8221;on|desktop&#8221; global_colors_info=&#8221;{}&#8221;]<\/p>\n<h3 style=\"text-align: center;\">Du kan best\u00e4lla dina DaRi-kl\u00e4mmor h\u00e4r:<\/h3>\n<p>[\/et_pb_text][\/et_pb_column][\/et_pb_row][et_pb_row _builder_version=&#8221;4.25.0&#8243; _module_preset=&#8221;default&#8221; global_colors_info=&#8221;{}&#8221;][et_pb_column type=&#8221;4_4&#8243; _builder_version=&#8221;4.25.0&#8243; _module_preset=&#8221;default&#8221; global_colors_info=&#8221;{}&#8221;][et_pb_button button_url=&#8221;https:\/\/dari-system.com\/sv\/produkt\/dari-faesten\/&#8221; button_text=&#8221;till butiken&#8221; button_alignment=&#8221;center&#8221; _builder_version=&#8221;4.27.0&#8243; _module_preset=&#8221;default&#8221; hover_enabled=&#8221;0&#8243; global_colors_info=&#8221;{}&#8221; sticky_enabled=&#8221;0&#8243;][\/et_pb_button][\/et_pb_column][\/et_pb_row][\/et_pb_section]<\/p>\n","protected":false},"excerpt":{"rendered":"<p>DaRi-kl\u00e4mmorDiameter p\u00e5 den fr\u00e4mre rundningen av en h\u00e4ngr\u00e4nna varierar beroende p\u00e5 r\u00e4nnans storlek. D\u00e4rf\u00f6r finns det ocks\u00e5 kl\u00e4mmor f\u00f6r DaRi-systemet D1 i tv\u00e5 olika storlekar. F\u00f6r 28-r\u00e4nnan levererar vi kl\u00e4mmor med en inv\u00e4ndig diameter p\u00e5 18 mm, och f\u00f6r 33- och 40-r\u00e4nnor kl\u00e4mmor med en inv\u00e4ndig diameter p\u00e5 20 mm. Denna sortering hanterar vi automatiskt. [&hellip;]<\/p>\n","protected":false},"author":1,"featured_media":0,"parent":0,"menu_order":0,"comment_status":"closed","ping_status":"closed","template":"","meta":{"_et_pb_use_builder":"on","_et_pb_old_content":"","_et_gb_content_width":"","iawp_total_views":4,"footnotes":""},"dipi_cpt_category":[],"class_list":["post-25547541","page","type-page","status-publish","hentry"],"yoast_head":"<!-- This site is optimized with the Yoast SEO plugin v27.2 - https:\/\/yoast.com\/product\/yoast-seo-wordpress\/ -->\n<title>DaRi-f\u00e4sten - DaRi System<\/title>\n<meta name=\"robots\" content=\"index, follow, max-snippet:-1, max-image-preview:large, max-video-preview:-1\" \/>\n<link rel=\"canonical\" href=\"https:\/\/dari-system.com\/sv\/dari-faesten\/\" \/>\n<meta property=\"og:locale\" content=\"sv_SE\" \/>\n<meta property=\"og:type\" content=\"article\" \/>\n<meta property=\"og:title\" content=\"DaRi-f\u00e4sten - DaRi System\" \/>\n<meta property=\"og:description\" content=\"DaRi-kl\u00e4mmorDiameter p\u00e5 den fr\u00e4mre rundningen av en h\u00e4ngr\u00e4nna varierar beroende p\u00e5 r\u00e4nnans storlek. D\u00e4rf\u00f6r finns det ocks\u00e5 kl\u00e4mmor f\u00f6r DaRi-systemet D1 i tv\u00e5 olika storlekar. F\u00f6r 28-r\u00e4nnan levererar vi kl\u00e4mmor med en inv\u00e4ndig diameter p\u00e5 18 mm, och f\u00f6r 33- och 40-r\u00e4nnor kl\u00e4mmor med en inv\u00e4ndig diameter p\u00e5 20 mm. Denna sortering hanterar vi automatiskt. [&hellip;]\" \/>\n<meta property=\"og:url\" content=\"https:\/\/dari-system.com\/sv\/dari-faesten\/\" \/>\n<meta property=\"og:site_name\" content=\"DaRi System\" \/>\n<meta property=\"article:modified_time\" content=\"2024-08-19T20:37:01+00:00\" \/>\n<meta name=\"twitter:card\" content=\"summary_large_image\" \/>\n<meta name=\"twitter:label1\" content=\"Ber\u00e4knad l\u00e4stid\" \/>\n\t<meta name=\"twitter:data1\" content=\"4 minuter\" \/>\n<script type=\"application\/ld+json\" class=\"yoast-schema-graph\">{\"@context\":\"https:\/\/schema.org\",\"@graph\":[{\"@type\":\"WebPage\",\"@id\":\"https:\/\/dari-system.com\/sv\/dari-faesten\/\",\"url\":\"https:\/\/dari-system.com\/sv\/dari-faesten\/\",\"name\":\"DaRi-f\u00e4sten - DaRi System\",\"isPartOf\":{\"@id\":\"https:\/\/dari-system.com\/sv\/#website\"},\"datePublished\":\"2024-06-03T10:59:20+00:00\",\"dateModified\":\"2024-08-19T20:37:01+00:00\",\"breadcrumb\":{\"@id\":\"https:\/\/dari-system.com\/sv\/dari-faesten\/#breadcrumb\"},\"inLanguage\":\"sv-SE\",\"potentialAction\":[{\"@type\":\"ReadAction\",\"target\":[\"https:\/\/dari-system.com\/sv\/dari-faesten\/\"]}]},{\"@type\":\"BreadcrumbList\",\"@id\":\"https:\/\/dari-system.com\/sv\/dari-faesten\/#breadcrumb\",\"itemListElement\":[{\"@type\":\"ListItem\",\"position\":1,\"name\":\"Startseite\",\"item\":\"https:\/\/dari-system.com\/sv\/\"},{\"@type\":\"ListItem\",\"position\":2,\"name\":\"DaRi-f\u00e4sten\"}]},{\"@type\":\"WebSite\",\"@id\":\"https:\/\/dari-system.com\/sv\/#website\",\"url\":\"https:\/\/dari-system.com\/sv\/\",\"name\":\"DaRi System\",\"description\":\"\",\"potentialAction\":[{\"@type\":\"SearchAction\",\"target\":{\"@type\":\"EntryPoint\",\"urlTemplate\":\"https:\/\/dari-system.com\/sv\/?s={search_term_string}\"},\"query-input\":{\"@type\":\"PropertyValueSpecification\",\"valueRequired\":true,\"valueName\":\"search_term_string\"}}],\"inLanguage\":\"sv-SE\"}]}<\/script>\n<!-- \/ Yoast SEO plugin. -->","yoast_head_json":{"title":"DaRi-f\u00e4sten - DaRi System","robots":{"index":"index","follow":"follow","max-snippet":"max-snippet:-1","max-image-preview":"max-image-preview:large","max-video-preview":"max-video-preview:-1"},"canonical":"https:\/\/dari-system.com\/sv\/dari-faesten\/","og_locale":"sv_SE","og_type":"article","og_title":"DaRi-f\u00e4sten - DaRi System","og_description":"DaRi-kl\u00e4mmorDiameter p\u00e5 den fr\u00e4mre rundningen av en h\u00e4ngr\u00e4nna varierar beroende p\u00e5 r\u00e4nnans storlek. D\u00e4rf\u00f6r finns det ocks\u00e5 kl\u00e4mmor f\u00f6r DaRi-systemet D1 i tv\u00e5 olika storlekar. F\u00f6r 28-r\u00e4nnan levererar vi kl\u00e4mmor med en inv\u00e4ndig diameter p\u00e5 18 mm, och f\u00f6r 33- och 40-r\u00e4nnor kl\u00e4mmor med en inv\u00e4ndig diameter p\u00e5 20 mm. Denna sortering hanterar vi automatiskt. [&hellip;]","og_url":"https:\/\/dari-system.com\/sv\/dari-faesten\/","og_site_name":"DaRi System","article_modified_time":"2024-08-19T20:37:01+00:00","twitter_card":"summary_large_image","twitter_misc":{"Ber\u00e4knad l\u00e4stid":"4 minuter"},"schema":{"@context":"https:\/\/schema.org","@graph":[{"@type":"WebPage","@id":"https:\/\/dari-system.com\/sv\/dari-faesten\/","url":"https:\/\/dari-system.com\/sv\/dari-faesten\/","name":"DaRi-f\u00e4sten - DaRi System","isPartOf":{"@id":"https:\/\/dari-system.com\/sv\/#website"},"datePublished":"2024-06-03T10:59:20+00:00","dateModified":"2024-08-19T20:37:01+00:00","breadcrumb":{"@id":"https:\/\/dari-system.com\/sv\/dari-faesten\/#breadcrumb"},"inLanguage":"sv-SE","potentialAction":[{"@type":"ReadAction","target":["https:\/\/dari-system.com\/sv\/dari-faesten\/"]}]},{"@type":"BreadcrumbList","@id":"https:\/\/dari-system.com\/sv\/dari-faesten\/#breadcrumb","itemListElement":[{"@type":"ListItem","position":1,"name":"Startseite","item":"https:\/\/dari-system.com\/sv\/"},{"@type":"ListItem","position":2,"name":"DaRi-f\u00e4sten"}]},{"@type":"WebSite","@id":"https:\/\/dari-system.com\/sv\/#website","url":"https:\/\/dari-system.com\/sv\/","name":"DaRi System","description":"","potentialAction":[{"@type":"SearchAction","target":{"@type":"EntryPoint","urlTemplate":"https:\/\/dari-system.com\/sv\/?s={search_term_string}"},"query-input":{"@type":"PropertyValueSpecification","valueRequired":true,"valueName":"search_term_string"}}],"inLanguage":"sv-SE"}]}},"_links":{"self":[{"href":"https:\/\/dari-system.com\/sv\/wp-json\/wp\/v2\/pages\/25547541","targetHints":{"allow":["GET"]}}],"collection":[{"href":"https:\/\/dari-system.com\/sv\/wp-json\/wp\/v2\/pages"}],"about":[{"href":"https:\/\/dari-system.com\/sv\/wp-json\/wp\/v2\/types\/page"}],"author":[{"embeddable":true,"href":"https:\/\/dari-system.com\/sv\/wp-json\/wp\/v2\/users\/1"}],"replies":[{"embeddable":true,"href":"https:\/\/dari-system.com\/sv\/wp-json\/wp\/v2\/comments?post=25547541"}],"version-history":[{"count":3,"href":"https:\/\/dari-system.com\/sv\/wp-json\/wp\/v2\/pages\/25547541\/revisions"}],"predecessor-version":[{"id":25548052,"href":"https:\/\/dari-system.com\/sv\/wp-json\/wp\/v2\/pages\/25547541\/revisions\/25548052"}],"wp:attachment":[{"href":"https:\/\/dari-system.com\/sv\/wp-json\/wp\/v2\/media?parent=25547541"}],"wp:term":[{"taxonomy":"dipi_cpt_category","embeddable":true,"href":"https:\/\/dari-system.com\/sv\/wp-json\/wp\/v2\/dipi_cpt_category?post=25547541"}],"curies":[{"name":"wp","href":"https:\/\/api.w.org\/{rel}","templated":true}]}}