{"id":25547498,"date":"2024-05-23T13:32:49","date_gmt":"2024-05-23T13:32:49","guid":{"rendered":"https:\/\/dari-system.com\/gtc\/"},"modified":"2024-08-19T15:01:21","modified_gmt":"2024-08-19T15:01:21","slug":"gtc","status":"publish","type":"page","link":"https:\/\/dari-system.com\/sv\/gtc\/","title":{"rendered":"GTC"},"content":{"rendered":"<p>[et_pb_section fb_built=&#8221;1&#8243; fullwidth=&#8221;on&#8221; _builder_version=&#8221;4.25.0&#8243; _module_preset=&#8221;default&#8221; bottom_divider_color=&#8221;#FFFFFF&#8221; bottom_divider_height=&#8221;82px&#8221; bottom_divider_flip=&#8221;horizontal&#8221; locked=&#8221;off&#8221; global_colors_info=&#8221;{}&#8221; theme_builder_area=&#8221;post_content&#8221;][et_pb_fullwidth_header title=&#8221;Allm\u00e4nna villkor och best\u00e4mmelser&#8221; _builder_version=&#8221;4.25.0&#8243; _module_preset=&#8221;default&#8221; title_font=&#8221;|800|||||||&#8221; title_font_size=&#8221;45px&#8221; background_image=&#8221;https:\/\/dari-system.com\/wp-content\/uploads\/2024\/05\/header_background.webp&#8221; background_position=&#8221;bottom_center&#8221; custom_padding=&#8221;8vh||8vh||true|false&#8221; hover_enabled=&#8221;0&#8243; title_font_size_tablet=&#8221;45px&#8221; title_font_size_phone=&#8221;29px&#8221; title_font_size_last_edited=&#8221;on|phone&#8221; content_font_size_tablet=&#8221;&#8221; content_font_size_phone=&#8221;17px&#8221; content_font_size_last_edited=&#8221;on|phone&#8221; global_colors_info=&#8221;{}&#8221; theme_builder_area=&#8221;post_content&#8221; sticky_enabled=&#8221;0&#8243;][\/et_pb_fullwidth_header][\/et_pb_section][et_pb_section fb_built=&#8221;1&#8243; theme_builder_area=&#8221;post_content&#8221; _builder_version=&#8221;4.25.0&#8243; _module_preset=&#8221;default&#8221;][et_pb_row _builder_version=&#8221;4.25.0&#8243; _module_preset=&#8221;default&#8221; theme_builder_area=&#8221;post_content&#8221;][et_pb_column _builder_version=&#8221;4.25.0&#8243; _module_preset=&#8221;default&#8221; type=&#8221;4_4&#8243; theme_builder_area=&#8221;post_content&#8221;][et_pb_text _builder_version=&#8221;4.25.0&#8243; _module_preset=&#8221;default&#8221; theme_builder_area=&#8221;post_content&#8221; hover_enabled=&#8221;0&#8243; sticky_enabled=&#8221;0&#8243;]<\/p>\n<h2>GTC<\/h2>\n<p>\u00a7 <strong>1 Till\u00e4mpningsomr\u00e5de &amp; f\u00f6rsvarsklausul<\/strong> (1) F\u00f6ljande allm\u00e4nna villkor i den version som g\u00e4ller vid tidpunkten f\u00f6r best\u00e4llningen g\u00e4ller uteslutande f\u00f6r de r\u00e4ttsf\u00f6rh\u00e5llanden mellan butiksoperat\u00f6ren (nedan kallad &#8221;leverant\u00f6r&#8221;) och dess kunder som uppr\u00e4ttas via denna internetbutik. (2) Avvikande allm\u00e4nna villkor fr\u00e5n kunden ska endast bli en del av avtalet om leverant\u00f6ren uttryckligen godk\u00e4nner deras giltighet.<\/p>\n<p>2 \u00a7 <strong>Avtalets ing\u00e5ende<\/strong> (1) Presentationen av varorna i internetbutiken utg\u00f6r inte ett bindande erbjudande fr\u00e5n leverant\u00f6ren om att ing\u00e5 ett k\u00f6peavtal.<br \/>\nKunden uppmanas endast att l\u00e4mna ett anbud genom att g\u00f6ra en best\u00e4llning. <br \/>(2) Genom att skicka best\u00e4llningen i internetbutiken l\u00e4mnar kunden ett bindande erbjudande om att ing\u00e5 ett k\u00f6peavtal f\u00f6r de varor som finns i kundkorgen.<br \/>\nGenom att skicka best\u00e4llningen erk\u00e4nner kunden ocks\u00e5 dessa villkor som uteslutande till\u00e4mpliga p\u00e5 det r\u00e4ttsliga f\u00f6rh\u00e5llandet med leverant\u00f6ren. <br \/>(3) Leverant\u00f6ren bekr\u00e4ftar mottagandet av kundens best\u00e4llning genom att skicka en bekr\u00e4ftelse via e-post.<br \/>\nDenna orderbekr\u00e4ftelse utg\u00f6r inte ett godk\u00e4nnande av leverant\u00f6rens avtalserbjudande.<br \/>\nDen tj\u00e4nar endast till att informera kunden om att best\u00e4llningen har mottagits av leverant\u00f6ren.<br \/>\nK\u00f6pekontraktet ing\u00e5s f\u00f6rst n\u00e4r leverant\u00f6ren utf\u00e4rdar en f\u00f6rklaring om godk\u00e4nnande, antingen genom en uttrycklig f\u00f6rklaring eller genom att leverera varorna.   <\/p>\n<p>3 \u00a7 <strong>\u00c4gander\u00e4ttsf\u00f6rbeh\u00e5ll<\/strong> De levererade varorna f\u00f6rblir leverant\u00f6rens egendom till dess full betalning erlagts.<\/p>\n<p>4 <strong>\u00a7 F\u00f6rfallodag<\/strong> Betalning av k\u00f6peskillingen f\u00f6rfaller till betalning vid avtalets ing\u00e5ende.<\/p>\n<p>5 \u00a7 Garanti (1) Best\u00e4llarens garantir\u00e4ttigheter regleras av allm\u00e4nna lagstadgade best\u00e4mmelser, om inte annat anges nedan.<br \/>\nBest\u00e4mmelsen i \u00a7 6 i dessa allm\u00e4nna villkor ska till\u00e4mpas p\u00e5 skadest\u00e5ndsanspr\u00e5k fr\u00e5n kunden mot leverant\u00f6ren. <br \/>(2) Garantir\u00e4ttigheterna skiljer sig \u00e5t beroende p\u00e5 om kunden \u00e4r konsument eller inte.<br \/>\nEn konsument \u00e4r en fysisk person som ing\u00e5r en r\u00e4ttshandling f\u00f6r ett \u00e4ndam\u00e5l som inte kan h\u00e4nf\u00f6ras till dennes kommersiella eller sj\u00e4lvst\u00e4ndiga yrkesverksamhet. <br \/>(3) Preskriptionstiden f\u00f6r kundens garantianspr\u00e5k \u00e4r 2 \u00e5r f\u00f6r nytillverkade varor f\u00f6r konsumenter.<br \/>\nF\u00f6r f\u00f6retagare \u00e4r preskriptionstiden 2 \u00e5r f\u00f6r nytillverkade f\u00f6rem\u00e5l och 2 \u00e5r f\u00f6r begagnade f\u00f6rem\u00e5l. <br \/>(4) En garanti deklareras inte av leverant\u00f6ren.<\/p>\n<p>\u00a7 <strong>6 Ansvarsfriskrivning<\/strong> (1) Skadest\u00e5ndsanspr\u00e5k fr\u00e5n best\u00e4llaren \u00e4r uteslutna, om inte annat anges nedan.<br \/>\nOvanst\u00e5ende ansvarsfriskrivning g\u00e4ller \u00e4ven till f\u00f6rm\u00e5n f\u00f6r leverant\u00f6rens juridiska ombud och st\u00e4llf\u00f6retr\u00e4dare, i den m\u00e5n best\u00e4llaren g\u00f6r anspr\u00e5k g\u00e4llande mot dem. <br \/>(2) Fr\u00e5n ansvarsfriskrivningen enligt punkt 1 undantas skadest\u00e5ndsanspr\u00e5k p\u00e5 grund av skada p\u00e5 liv, lem eller h\u00e4lsa samt skadest\u00e5ndsanspr\u00e5k p\u00e5 grund av brott mot v\u00e4sentliga avtalsf\u00f6rpliktelser.<br \/>\nV\u00e4sentliga avtalsf\u00f6rpliktelser \u00e4r s\u00e5dana vars uppfyllande \u00e4r n\u00f6dv\u00e4ndigt f\u00f6r att uppn\u00e5 syftet med avtalet, t.ex. att leverant\u00f6ren m\u00e5ste \u00f6verl\u00e4mna varan till best\u00e4llaren fri fr\u00e5n material- och \u00e4gander\u00e4ttsfel och skaffa \u00e4gander\u00e4tt till den.<br \/>\nFr\u00e5n ansvarsfriskrivningen undantas \u00e4ven skadest\u00e5ndsansvar f\u00f6r skador som beror p\u00e5 upps\u00e5tligt eller grovt v\u00e5rdsl\u00f6st \u00e5sidos\u00e4ttande av skyldigheter fr\u00e5n leverant\u00f6rens, dess juridiska ombuds eller st\u00e4llf\u00f6retr\u00e4dares sida.  <br \/>(3) Best\u00e4mmelserna i den tyska produktansvarslagen (ProdHaftG) ska f\u00f6rbli of\u00f6r\u00e4ndrade.<\/p>\n<p>\u00a7 <strong>7 Lagval och beh\u00f6rig domstol<\/strong> (1) F\u00f6r avtalsf\u00f6rh\u00e5llandet mellan leverant\u00f6ren och kunden g\u00e4ller lagen i F\u00f6rbundsrepubliken Tyskland.<br \/>\nUndantagna fr\u00e5n detta lagval \u00e4r de tvingande konsumentskyddsbest\u00e4mmelserna i det land d\u00e4r kunden har sin vanliga vistelseort.<br \/>\nTill\u00e4mpningen av FN:s konvention om avtal f\u00f6r internationell f\u00f6rs\u00e4ljning av varor \u00e4r utesluten.  <br \/>(2) F\u00f6r alla tvister som uppst\u00e5r p\u00e5 grund av avtalsf\u00f6rh\u00e5llandet mellan kunden och leverant\u00f6ren \u00e4r leverant\u00f6rens s\u00e4te beh\u00f6rig domstol, f\u00f6rutsatt att kunden \u00e4r en n\u00e4ringsidkare, en offentligr\u00e4ttslig juridisk person eller en offentligr\u00e4ttslig specialfond.<\/p>\n<p>\u00a7 <strong>8 Avskiljandeklausul<\/strong> (1) Dessa allm\u00e4nna villkor inneh\u00e5ller alla r\u00e4ttigheter och skyldigheter f\u00f6r de avtalsslutande parterna. (2) Avtalsspr\u00e5ket \u00e4r tyska. (3) Om en eller flera best\u00e4mmelser i dessa allm\u00e4nna villkor \u00e4r eller blir ogiltiga eller inneh\u00e5ller en lucka, \u00e5tar sig de avtalsslutande parterna att inleda f\u00f6rhandlingar i syfte att ers\u00e4tta eller komplettera den ogiltiga eller ofullst\u00e4ndiga best\u00e4mmelsen med ett l\u00e4mpligt individuellt avtal som s\u00e5 l\u00e5ngt som m\u00f6jligt motsvarar det ekonomiska syftet med den avsedda best\u00e4mmelsen.<br \/>\nGiltigheten av de \u00e5terst\u00e5ende best\u00e4mmelserna ska inte p\u00e5verkas. <\/p>\n<p>[\/et_pb_text][\/et_pb_column][\/et_pb_row][\/et_pb_section]<\/p>\n","protected":false},"excerpt":{"rendered":"<p>GTC \u00a7 1 Till\u00e4mpningsomr\u00e5de &amp; f\u00f6rsvarsklausul (1) F\u00f6ljande allm\u00e4nna villkor i den version som g\u00e4ller vid tidpunkten f\u00f6r best\u00e4llningen g\u00e4ller uteslutande f\u00f6r de r\u00e4ttsf\u00f6rh\u00e5llanden mellan butiksoperat\u00f6ren (nedan kallad &#8221;leverant\u00f6r&#8221;) och dess kunder som uppr\u00e4ttas via denna internetbutik. (2) Avvikande allm\u00e4nna villkor fr\u00e5n kunden ska endast bli en del av avtalet om leverant\u00f6ren uttryckligen godk\u00e4nner deras [&hellip;]<\/p>\n","protected":false},"author":1,"featured_media":0,"parent":0,"menu_order":0,"comment_status":"closed","ping_status":"closed","template":"","meta":{"_et_pb_use_builder":"on","_et_pb_old_content":"","_et_gb_content_width":"","iawp_total_views":7,"footnotes":""},"dipi_cpt_category":[],"class_list":["post-25547498","page","type-page","status-publish","hentry"],"yoast_head":"<!-- This site is optimized with the Yoast SEO plugin v27.2 - https:\/\/yoast.com\/product\/yoast-seo-wordpress\/ -->\n<title>GTC - DaRi System<\/title>\n<meta name=\"robots\" content=\"index, follow, max-snippet:-1, max-image-preview:large, max-video-preview:-1\" \/>\n<link rel=\"canonical\" href=\"https:\/\/dari-system.com\/sv\/gtc\/\" \/>\n<meta property=\"og:locale\" content=\"sv_SE\" \/>\n<meta property=\"og:type\" content=\"article\" \/>\n<meta property=\"og:title\" content=\"GTC - DaRi System\" \/>\n<meta property=\"og:description\" content=\"GTC \u00a7 1 Till\u00e4mpningsomr\u00e5de &amp; f\u00f6rsvarsklausul (1) F\u00f6ljande allm\u00e4nna villkor i den version som g\u00e4ller vid tidpunkten f\u00f6r best\u00e4llningen g\u00e4ller uteslutande f\u00f6r de r\u00e4ttsf\u00f6rh\u00e5llanden mellan butiksoperat\u00f6ren (nedan kallad &quot;leverant\u00f6r&quot;) och dess kunder som uppr\u00e4ttas via denna internetbutik. (2) Avvikande allm\u00e4nna villkor fr\u00e5n kunden ska endast bli en del av avtalet om leverant\u00f6ren uttryckligen godk\u00e4nner deras [&hellip;]\" \/>\n<meta property=\"og:url\" content=\"https:\/\/dari-system.com\/sv\/gtc\/\" \/>\n<meta property=\"og:site_name\" content=\"DaRi System\" \/>\n<meta property=\"article:modified_time\" content=\"2024-08-19T15:01:21+00:00\" \/>\n<meta name=\"twitter:card\" content=\"summary_large_image\" \/>\n<meta name=\"twitter:label1\" content=\"Ber\u00e4knad l\u00e4stid\" \/>\n\t<meta name=\"twitter:data1\" content=\"5 minuter\" \/>\n<script type=\"application\/ld+json\" class=\"yoast-schema-graph\">{\"@context\":\"https:\/\/schema.org\",\"@graph\":[{\"@type\":\"WebPage\",\"@id\":\"https:\/\/dari-system.com\/sv\/gtc\/\",\"url\":\"https:\/\/dari-system.com\/sv\/gtc\/\",\"name\":\"GTC - DaRi System\",\"isPartOf\":{\"@id\":\"https:\/\/dari-system.com\/sv\/#website\"},\"datePublished\":\"2024-05-23T13:32:49+00:00\",\"dateModified\":\"2024-08-19T15:01:21+00:00\",\"breadcrumb\":{\"@id\":\"https:\/\/dari-system.com\/sv\/gtc\/#breadcrumb\"},\"inLanguage\":\"sv-SE\",\"potentialAction\":[{\"@type\":\"ReadAction\",\"target\":[\"https:\/\/dari-system.com\/sv\/gtc\/\"]}]},{\"@type\":\"BreadcrumbList\",\"@id\":\"https:\/\/dari-system.com\/sv\/gtc\/#breadcrumb\",\"itemListElement\":[{\"@type\":\"ListItem\",\"position\":1,\"name\":\"Startseite\",\"item\":\"https:\/\/dari-system.com\/sv\/\"},{\"@type\":\"ListItem\",\"position\":2,\"name\":\"GTC\"}]},{\"@type\":\"WebSite\",\"@id\":\"https:\/\/dari-system.com\/sv\/#website\",\"url\":\"https:\/\/dari-system.com\/sv\/\",\"name\":\"DaRi System\",\"description\":\"\",\"potentialAction\":[{\"@type\":\"SearchAction\",\"target\":{\"@type\":\"EntryPoint\",\"urlTemplate\":\"https:\/\/dari-system.com\/sv\/?s={search_term_string}\"},\"query-input\":{\"@type\":\"PropertyValueSpecification\",\"valueRequired\":true,\"valueName\":\"search_term_string\"}}],\"inLanguage\":\"sv-SE\"}]}<\/script>\n<!-- \/ Yoast SEO plugin. -->","yoast_head_json":{"title":"GTC - DaRi System","robots":{"index":"index","follow":"follow","max-snippet":"max-snippet:-1","max-image-preview":"max-image-preview:large","max-video-preview":"max-video-preview:-1"},"canonical":"https:\/\/dari-system.com\/sv\/gtc\/","og_locale":"sv_SE","og_type":"article","og_title":"GTC - DaRi System","og_description":"GTC \u00a7 1 Till\u00e4mpningsomr\u00e5de &amp; f\u00f6rsvarsklausul (1) F\u00f6ljande allm\u00e4nna villkor i den version som g\u00e4ller vid tidpunkten f\u00f6r best\u00e4llningen g\u00e4ller uteslutande f\u00f6r de r\u00e4ttsf\u00f6rh\u00e5llanden mellan butiksoperat\u00f6ren (nedan kallad \"leverant\u00f6r\") och dess kunder som uppr\u00e4ttas via denna internetbutik. (2) Avvikande allm\u00e4nna villkor fr\u00e5n kunden ska endast bli en del av avtalet om leverant\u00f6ren uttryckligen godk\u00e4nner deras [&hellip;]","og_url":"https:\/\/dari-system.com\/sv\/gtc\/","og_site_name":"DaRi System","article_modified_time":"2024-08-19T15:01:21+00:00","twitter_card":"summary_large_image","twitter_misc":{"Ber\u00e4knad l\u00e4stid":"5 minuter"},"schema":{"@context":"https:\/\/schema.org","@graph":[{"@type":"WebPage","@id":"https:\/\/dari-system.com\/sv\/gtc\/","url":"https:\/\/dari-system.com\/sv\/gtc\/","name":"GTC - DaRi System","isPartOf":{"@id":"https:\/\/dari-system.com\/sv\/#website"},"datePublished":"2024-05-23T13:32:49+00:00","dateModified":"2024-08-19T15:01:21+00:00","breadcrumb":{"@id":"https:\/\/dari-system.com\/sv\/gtc\/#breadcrumb"},"inLanguage":"sv-SE","potentialAction":[{"@type":"ReadAction","target":["https:\/\/dari-system.com\/sv\/gtc\/"]}]},{"@type":"BreadcrumbList","@id":"https:\/\/dari-system.com\/sv\/gtc\/#breadcrumb","itemListElement":[{"@type":"ListItem","position":1,"name":"Startseite","item":"https:\/\/dari-system.com\/sv\/"},{"@type":"ListItem","position":2,"name":"GTC"}]},{"@type":"WebSite","@id":"https:\/\/dari-system.com\/sv\/#website","url":"https:\/\/dari-system.com\/sv\/","name":"DaRi System","description":"","potentialAction":[{"@type":"SearchAction","target":{"@type":"EntryPoint","urlTemplate":"https:\/\/dari-system.com\/sv\/?s={search_term_string}"},"query-input":{"@type":"PropertyValueSpecification","valueRequired":true,"valueName":"search_term_string"}}],"inLanguage":"sv-SE"}]}},"_links":{"self":[{"href":"https:\/\/dari-system.com\/sv\/wp-json\/wp\/v2\/pages\/25547498","targetHints":{"allow":["GET"]}}],"collection":[{"href":"https:\/\/dari-system.com\/sv\/wp-json\/wp\/v2\/pages"}],"about":[{"href":"https:\/\/dari-system.com\/sv\/wp-json\/wp\/v2\/types\/page"}],"author":[{"embeddable":true,"href":"https:\/\/dari-system.com\/sv\/wp-json\/wp\/v2\/users\/1"}],"replies":[{"embeddable":true,"href":"https:\/\/dari-system.com\/sv\/wp-json\/wp\/v2\/comments?post=25547498"}],"version-history":[{"count":2,"href":"https:\/\/dari-system.com\/sv\/wp-json\/wp\/v2\/pages\/25547498\/revisions"}],"predecessor-version":[{"id":25547500,"href":"https:\/\/dari-system.com\/sv\/wp-json\/wp\/v2\/pages\/25547498\/revisions\/25547500"}],"wp:attachment":[{"href":"https:\/\/dari-system.com\/sv\/wp-json\/wp\/v2\/media?parent=25547498"}],"wp:term":[{"taxonomy":"dipi_cpt_category","embeddable":true,"href":"https:\/\/dari-system.com\/sv\/wp-json\/wp\/v2\/dipi_cpt_category?post=25547498"}],"curies":[{"name":"wp","href":"https:\/\/api.w.org\/{rel}","templated":true}]}}