{"id":25547495,"date":"2024-05-23T13:32:49","date_gmt":"2024-05-23T13:32:49","guid":{"rendered":"https:\/\/dari-system.com\/avbokningsregler\/"},"modified":"2024-08-19T15:01:19","modified_gmt":"2024-08-19T15:01:19","slug":"avbokningsregler","status":"publish","type":"page","link":"https:\/\/dari-system.com\/sv\/avbokningsregler\/","title":{"rendered":"Avbokningsregler"},"content":{"rendered":"<p>[et_pb_section fb_built=&#8221;1&#8243; fullwidth=&#8221;on&#8221; _builder_version=&#8221;4.25.0&#8243; _module_preset=&#8221;default&#8221; bottom_divider_color=&#8221;#FFFFFF&#8221; bottom_divider_height=&#8221;82px&#8221; bottom_divider_flip=&#8221;horizontal&#8221; locked=&#8221;off&#8221; global_colors_info=&#8221;{}&#8221;][et_pb_fullwidth_header title=&#8221;Avbokningsregler&#8221; _builder_version=&#8221;4.25.0&#8243; _module_preset=&#8221;default&#8221; title_font=&#8221;|800|||||||&#8221; title_font_size=&#8221;45px&#8221; background_image=&#8221;https:\/\/dari-system.com\/wp-content\/uploads\/2024\/05\/header_background.webp&#8221; background_position=&#8221;bottom_center&#8221; custom_padding=&#8221;8vh||8vh||true|false&#8221; title_font_size_tablet=&#8221;45px&#8221; title_font_size_phone=&#8221;29px&#8221; title_font_size_last_edited=&#8221;on|phone&#8221; content_font_size_tablet=&#8221;&#8221; content_font_size_phone=&#8221;17px&#8221; content_font_size_last_edited=&#8221;on|phone&#8221; global_colors_info=&#8221;{}&#8221;][\/et_pb_fullwidth_header][\/et_pb_section][et_pb_section fb_built=&#8221;1&#8243; _builder_version=&#8221;4.25.0&#8243; _module_preset=&#8221;default&#8221; global_colors_info=&#8221;{}&#8221;][et_pb_row _builder_version=&#8221;4.25.0&#8243; _module_preset=&#8221;default&#8221; global_colors_info=&#8221;{}&#8221;][et_pb_column type=&#8221;4_4&#8243; _builder_version=&#8221;4.25.0&#8243; _module_preset=&#8221;default&#8221; global_colors_info=&#8221;{}&#8221;][et_pb_text _builder_version=&#8221;4.25.0&#8243; _module_preset=&#8221;default&#8221; hover_enabled=&#8221;0&#8243; global_colors_info=&#8221;{}&#8221; sticky_enabled=&#8221;0&#8243;]<\/p>\n<h2>Avbest\u00e4llningspolicy \/ Avbest\u00e4llningsr\u00e4tt<\/h2>\n<p>Du har r\u00e4tt att \u00e5ngra detta avtal inom fjorton dagar utan att ange n\u00e5gon anledning. \u00c5ngerfristen \u00e4r fjorton dagar fr\u00e5n den dag d\u00e5 du eller en tredje part som du har utsett, som inte \u00e4r transport\u00f6ren, har tagit varorna i besittning. F\u00f6r att ut\u00f6va din \u00e5ngerr\u00e4tt m\u00e5ste du kontakta oss, DaRi-Systemteile GmbH, Rudolf-Nebel-Str.<br \/>\n12, 91781 Wei\u00dfenburg, Tel.<br \/>\n09141- 8459370, Fax 09141-8459371, E-post<a href=\"mailto:info@dari-system.com\">info@dari-system.com<\/a> om ditt beslut att fr\u00e5ntr\u00e4da detta avtal genom ett otvetydigt uttalande (t.ex. ett brev som skickas per post, fax eller e-post).<br \/>\nDu kan anv\u00e4nda det exempel p\u00e5 \u00e5ngerblankett som bifogas nedan, men detta \u00e4r inte obligatoriskt.   <br \/>F\u00f6r att iaktta \u00e5ngerfristen r\u00e4cker det att du skickar ditt meddelande om att du utnyttjar din \u00e5ngerr\u00e4tt innan \u00e5ngerfristen l\u00f6per ut.<\/p>\n<p>Konsekvenser av h\u00e4vning: Om du h\u00e4ver detta avtal ska vi betala tillbaka alla betalningar som vi har tagit emot fr\u00e5n dig, inklusive leveranskostnader (med undantag f\u00f6r extra kostnader som uppst\u00e5r till f\u00f6ljd av att du har valt en annan typ av leverans \u00e4n den billigaste typen av standardleverans som vi erbjuder), utan on\u00f6digt dr\u00f6jsm\u00e5l och under alla omst\u00e4ndigheter senast 14 dagar fr\u00e5n den dag d\u00e5 vi informerades om ditt beslut att h\u00e4va detta avtal.<br \/>\nVid denna \u00e5terbetalning anv\u00e4nder vi samma betalningsmedel som du anv\u00e4nde vid den ursprungliga transaktionen, s\u00e5vida vi inte uttryckligen kommit \u00f6verens om n\u00e5got annat med dig; under inga omst\u00e4ndigheter debiteras du n\u00e5gra avgifter f\u00f6r denna \u00e5terbetalning.<br \/>\n<br \/>Vi kan v\u00e4gra att g\u00f6ra \u00e5terbetalningen till dig f\u00f6rr\u00e4n vi har f\u00e5tt tillbaka varorna eller tills du har l\u00e4mnat bevis p\u00e5 att du har \u00e5ters\u00e4nt varorna, beroende p\u00e5 vilket som intr\u00e4ffar tidigast. Du m\u00e5ste returnera eller \u00f6verl\u00e4mna varorna till oss omedelbart och i vilket fall som helst senast inom fjorton dagar fr\u00e5n den dag d\u00e5 du informerade oss om att du vill s\u00e4ga upp detta avtal.<\/p>\n<p>Tidsfristen \u00e4r uppfylld om du skickar varorna innan perioden p\u00e5 fjorton dagar har l\u00f6pt ut. Du ska b\u00e4ra de direkta kostnaderna f\u00f6r att returnera varorna. Du ska endast vara ansvarig f\u00f6r eventuell minskning av varornas v\u00e4rde till f\u00f6ljd av annan hantering \u00e4n vad som \u00e4r n\u00f6dv\u00e4ndigt f\u00f6r att fastst\u00e4lla varornas art, egenskaper och funktion.   <br \/><span style=\"text-decoration: underline;\"><strong>Exempel p\u00e5 upps\u00e4gningsformul\u00e4r<\/strong><\/span><\/p>\n<p>(Om du vill s\u00e4ga upp avtalet kan du fylla i detta formul\u00e4r och skicka tillbaka det till oss) Till DaRi-Systemteile GmbH, Rudolf-Nebel-Str.<br \/>\n12, 91781 Wei\u00dfenburg, Tel.<br \/>\n<br \/>09141- 8459370, Fax 09141-8459371, E-Mail <a href=\"mailto:info@dari-system.com\">info@dari-system.com<\/a> H\u00e4rmed h\u00e4ver jag det avtal som jag har ing\u00e5tt om k\u00f6p av f\u00f6ljande varor:<\/p>\n<p>&#8230;&#8230;&#8230;&#8230;&#8230;&#8230;&#8230;&#8230;&#8230;&#8230;&#8230;&#8230;&#8230;&#8230;&#8230;&#8230;&#8230;&#8230;&#8230;&#8230;&#8230;&#8230;&#8230;&#8230;&#8230; &#8211; Best\u00e4lld p\u00e5 &#8230;&#8230;&#8230;., mottagen p\u00e5 &#8230;&#8230;&#8230;&#8230;. &#8211; Ditt namn: &#8211; Din adress: &#8211; Din namnteckning (endast f\u00f6r pappersmeddelande) &#8211; Datum:  <\/p>\n<p>[\/et_pb_text][\/et_pb_column][\/et_pb_row][\/et_pb_section]<\/p>\n","protected":false},"excerpt":{"rendered":"<p>Avbest\u00e4llningspolicy \/ Avbest\u00e4llningsr\u00e4tt Du har r\u00e4tt att \u00e5ngra detta avtal inom fjorton dagar utan att ange n\u00e5gon anledning. \u00c5ngerfristen \u00e4r fjorton dagar fr\u00e5n den dag d\u00e5 du eller en tredje part som du har utsett, som inte \u00e4r transport\u00f6ren, har tagit varorna i besittning. F\u00f6r att ut\u00f6va din \u00e5ngerr\u00e4tt m\u00e5ste du kontakta oss, DaRi-Systemteile GmbH, [&hellip;]<\/p>\n","protected":false},"author":1,"featured_media":0,"parent":0,"menu_order":0,"comment_status":"closed","ping_status":"closed","template":"","meta":{"_et_pb_use_builder":"on","_et_pb_old_content":"","_et_gb_content_width":"","iawp_total_views":0,"footnotes":""},"dipi_cpt_category":[],"class_list":["post-25547495","page","type-page","status-publish","hentry"],"yoast_head":"<!-- This site is optimized with the Yoast SEO plugin v27.4 - https:\/\/yoast.com\/product\/yoast-seo-wordpress\/ -->\n<title>Avbokningsregler - DaRi System<\/title>\n<meta name=\"robots\" content=\"index, follow, max-snippet:-1, max-image-preview:large, max-video-preview:-1\" \/>\n<link rel=\"canonical\" href=\"https:\/\/dari-system.com\/sv\/avbokningsregler\/\" \/>\n<meta property=\"og:locale\" content=\"sv_SE\" \/>\n<meta property=\"og:type\" content=\"article\" \/>\n<meta property=\"og:title\" content=\"Avbokningsregler - DaRi System\" \/>\n<meta property=\"og:description\" content=\"Avbest\u00e4llningspolicy \/ Avbest\u00e4llningsr\u00e4tt Du har r\u00e4tt att \u00e5ngra detta avtal inom fjorton dagar utan att ange n\u00e5gon anledning. \u00c5ngerfristen \u00e4r fjorton dagar fr\u00e5n den dag d\u00e5 du eller en tredje part som du har utsett, som inte \u00e4r transport\u00f6ren, har tagit varorna i besittning. F\u00f6r att ut\u00f6va din \u00e5ngerr\u00e4tt m\u00e5ste du kontakta oss, DaRi-Systemteile GmbH, [&hellip;]\" \/>\n<meta property=\"og:url\" content=\"https:\/\/dari-system.com\/sv\/avbokningsregler\/\" \/>\n<meta property=\"og:site_name\" content=\"DaRi System\" \/>\n<meta property=\"article:modified_time\" content=\"2024-08-19T15:01:19+00:00\" \/>\n<meta name=\"twitter:card\" content=\"summary_large_image\" \/>\n<meta name=\"twitter:label1\" content=\"Ber\u00e4knad l\u00e4stid\" \/>\n\t<meta name=\"twitter:data1\" content=\"3 minuter\" \/>\n<script type=\"application\/ld+json\" class=\"yoast-schema-graph\">{\"@context\":\"https:\\\/\\\/schema.org\",\"@graph\":[{\"@type\":\"WebPage\",\"@id\":\"https:\\\/\\\/dari-system.com\\\/sv\\\/avbokningsregler\\\/\",\"url\":\"https:\\\/\\\/dari-system.com\\\/sv\\\/avbokningsregler\\\/\",\"name\":\"Avbokningsregler - DaRi System\",\"isPartOf\":{\"@id\":\"https:\\\/\\\/dari-system.com\\\/sv\\\/#website\"},\"datePublished\":\"2024-05-23T13:32:49+00:00\",\"dateModified\":\"2024-08-19T15:01:19+00:00\",\"breadcrumb\":{\"@id\":\"https:\\\/\\\/dari-system.com\\\/sv\\\/avbokningsregler\\\/#breadcrumb\"},\"inLanguage\":\"sv-SE\",\"potentialAction\":[{\"@type\":\"ReadAction\",\"target\":[\"https:\\\/\\\/dari-system.com\\\/sv\\\/avbokningsregler\\\/\"]}]},{\"@type\":\"BreadcrumbList\",\"@id\":\"https:\\\/\\\/dari-system.com\\\/sv\\\/avbokningsregler\\\/#breadcrumb\",\"itemListElement\":[{\"@type\":\"ListItem\",\"position\":1,\"name\":\"Startseite\",\"item\":\"https:\\\/\\\/dari-system.com\\\/sv\\\/\"},{\"@type\":\"ListItem\",\"position\":2,\"name\":\"Avbokningsregler\"}]},{\"@type\":\"WebSite\",\"@id\":\"https:\\\/\\\/dari-system.com\\\/sv\\\/#website\",\"url\":\"https:\\\/\\\/dari-system.com\\\/sv\\\/\",\"name\":\"DaRi System\",\"description\":\"\",\"potentialAction\":[{\"@type\":\"SearchAction\",\"target\":{\"@type\":\"EntryPoint\",\"urlTemplate\":\"https:\\\/\\\/dari-system.com\\\/sv\\\/?s={search_term_string}\"},\"query-input\":{\"@type\":\"PropertyValueSpecification\",\"valueRequired\":true,\"valueName\":\"search_term_string\"}}],\"inLanguage\":\"sv-SE\"}]}<\/script>\n<!-- \/ Yoast SEO plugin. -->","yoast_head_json":{"title":"Avbokningsregler - DaRi System","robots":{"index":"index","follow":"follow","max-snippet":"max-snippet:-1","max-image-preview":"max-image-preview:large","max-video-preview":"max-video-preview:-1"},"canonical":"https:\/\/dari-system.com\/sv\/avbokningsregler\/","og_locale":"sv_SE","og_type":"article","og_title":"Avbokningsregler - DaRi System","og_description":"Avbest\u00e4llningspolicy \/ Avbest\u00e4llningsr\u00e4tt Du har r\u00e4tt att \u00e5ngra detta avtal inom fjorton dagar utan att ange n\u00e5gon anledning. \u00c5ngerfristen \u00e4r fjorton dagar fr\u00e5n den dag d\u00e5 du eller en tredje part som du har utsett, som inte \u00e4r transport\u00f6ren, har tagit varorna i besittning. F\u00f6r att ut\u00f6va din \u00e5ngerr\u00e4tt m\u00e5ste du kontakta oss, DaRi-Systemteile GmbH, [&hellip;]","og_url":"https:\/\/dari-system.com\/sv\/avbokningsregler\/","og_site_name":"DaRi System","article_modified_time":"2024-08-19T15:01:19+00:00","twitter_card":"summary_large_image","twitter_misc":{"Ber\u00e4knad l\u00e4stid":"3 minuter"},"schema":{"@context":"https:\/\/schema.org","@graph":[{"@type":"WebPage","@id":"https:\/\/dari-system.com\/sv\/avbokningsregler\/","url":"https:\/\/dari-system.com\/sv\/avbokningsregler\/","name":"Avbokningsregler - DaRi System","isPartOf":{"@id":"https:\/\/dari-system.com\/sv\/#website"},"datePublished":"2024-05-23T13:32:49+00:00","dateModified":"2024-08-19T15:01:19+00:00","breadcrumb":{"@id":"https:\/\/dari-system.com\/sv\/avbokningsregler\/#breadcrumb"},"inLanguage":"sv-SE","potentialAction":[{"@type":"ReadAction","target":["https:\/\/dari-system.com\/sv\/avbokningsregler\/"]}]},{"@type":"BreadcrumbList","@id":"https:\/\/dari-system.com\/sv\/avbokningsregler\/#breadcrumb","itemListElement":[{"@type":"ListItem","position":1,"name":"Startseite","item":"https:\/\/dari-system.com\/sv\/"},{"@type":"ListItem","position":2,"name":"Avbokningsregler"}]},{"@type":"WebSite","@id":"https:\/\/dari-system.com\/sv\/#website","url":"https:\/\/dari-system.com\/sv\/","name":"DaRi System","description":"","potentialAction":[{"@type":"SearchAction","target":{"@type":"EntryPoint","urlTemplate":"https:\/\/dari-system.com\/sv\/?s={search_term_string}"},"query-input":{"@type":"PropertyValueSpecification","valueRequired":true,"valueName":"search_term_string"}}],"inLanguage":"sv-SE"}]}},"_links":{"self":[{"href":"https:\/\/dari-system.com\/sv\/wp-json\/wp\/v2\/pages\/25547495","targetHints":{"allow":["GET"]}}],"collection":[{"href":"https:\/\/dari-system.com\/sv\/wp-json\/wp\/v2\/pages"}],"about":[{"href":"https:\/\/dari-system.com\/sv\/wp-json\/wp\/v2\/types\/page"}],"author":[{"embeddable":true,"href":"https:\/\/dari-system.com\/sv\/wp-json\/wp\/v2\/users\/1"}],"replies":[{"embeddable":true,"href":"https:\/\/dari-system.com\/sv\/wp-json\/wp\/v2\/comments?post=25547495"}],"version-history":[{"count":2,"href":"https:\/\/dari-system.com\/sv\/wp-json\/wp\/v2\/pages\/25547495\/revisions"}],"predecessor-version":[{"id":25547497,"href":"https:\/\/dari-system.com\/sv\/wp-json\/wp\/v2\/pages\/25547495\/revisions\/25547497"}],"wp:attachment":[{"href":"https:\/\/dari-system.com\/sv\/wp-json\/wp\/v2\/media?parent=25547495"}],"wp:term":[{"taxonomy":"dipi_cpt_category","embeddable":true,"href":"https:\/\/dari-system.com\/sv\/wp-json\/wp\/v2\/dipi_cpt_category?post=25547495"}],"curies":[{"name":"wp","href":"https:\/\/api.w.org\/{rel}","templated":true}]}}