{"id":25547475,"date":"2024-05-23T13:32:49","date_gmt":"2024-05-23T13:32:49","guid":{"rendered":"https:\/\/dari-system.com\/avtryck\/"},"modified":"2024-08-19T15:01:17","modified_gmt":"2024-08-19T15:01:17","slug":"avtryck","status":"publish","type":"page","link":"https:\/\/dari-system.com\/sv\/avtryck\/","title":{"rendered":"Avtryck"},"content":{"rendered":"<p>[et_pb_section fb_built=&#8221;1&#8243; fullwidth=&#8221;on&#8221; _builder_version=&#8221;4.25.0&#8243; _module_preset=&#8221;default&#8221; bottom_divider_color=&#8221;#FFFFFF&#8221; bottom_divider_height=&#8221;82px&#8221; bottom_divider_flip=&#8221;horizontal&#8221; locked=&#8221;off&#8221; global_colors_info=&#8221;{}&#8221;][et_pb_fullwidth_header title=&#8221;Avtryck&#8221; _builder_version=&#8221;4.25.0&#8243; _module_preset=&#8221;default&#8221; title_font=&#8221;|800|||||||&#8221; title_font_size=&#8221;45px&#8221; background_image=&#8221;https:\/\/dari-system.com\/wp-content\/uploads\/2024\/05\/header_background.webp&#8221; background_position=&#8221;bottom_center&#8221; custom_padding=&#8221;8vh||8vh||true|false&#8221; title_font_size_tablet=&#8221;45px&#8221; title_font_size_phone=&#8221;29px&#8221; title_font_size_last_edited=&#8221;on|phone&#8221; content_font_size_tablet=&#8221;&#8221; content_font_size_phone=&#8221;17px&#8221; content_font_size_last_edited=&#8221;on|phone&#8221; global_colors_info=&#8221;{}&#8221;][\/et_pb_fullwidth_header][\/et_pb_section][et_pb_section fb_built=&#8221;1&#8243; _builder_version=&#8221;4.25.0&#8243; _module_preset=&#8221;default&#8221; global_colors_info=&#8221;{}&#8221;][et_pb_row _builder_version=&#8221;4.25.0&#8243; _module_preset=&#8221;default&#8221; global_colors_info=&#8221;{}&#8221;][et_pb_column type=&#8221;4_4&#8243; _builder_version=&#8221;4.25.0&#8243; _module_preset=&#8221;default&#8221; global_colors_info=&#8221;{}&#8221;][et_pb_text _builder_version=&#8221;4.25.0&#8243; _module_preset=&#8221;default&#8221; global_colors_info=&#8221;{}&#8221;]<\/p>\n<h2>Information enligt \u00a7 5 TMG:<\/h2>\n<p>D<strong>aRi-Systemteile GmbH<\/strong> Rudolf-Nebel-Str.<\/p>\n<p>12 91781 Wei\u00dfenburg F\u00f6retr\u00e4ds av: Verkst\u00e4llande direkt\u00f6r Dr Eckhard Jentsch Handelsregister: Ansbach Local Court, HRB 4930 VAT ID: DE272707154 <\/p>\n<p>K<strong>ontakt<\/strong> Telefon: 09141 &#8211; 845 937 0 Fax: 09141 &#8211; 845 937 1 E-post:<a href=\"mailto:info@dari-system.com\">&#8221;info@dari-system.com<\/a><\/p>\n<p><strong>Ansvarig f\u00f6r inneh\u00e5llet enligt \u00a7 55 Abs.<br \/>\n2 RStV: <\/strong><\/p>\n<p>Dr Eckhard Jentsch Adress enligt ovan<\/p>\n<p>H\u00e4nvisning till EU:s tvistl\u00f6sning: Europeiska kommissionen tillhandah\u00e5ller en plattform f\u00f6r tvistl\u00f6sning online (OS):<\/p>\n<p><a href=\"http:\/\/ec.europa.eu\/consumer\/odr\">http:\/\/ec.europa.eu\/consumer\/odr<\/a><\/p>\n<p>V\u00e5rt f\u00f6retag deltar i EU:s program f\u00f6r tvistl\u00f6sning.<br \/>\nV\u00e5r e-postadress f\u00f6r onlineplattformen f\u00f6r tvistl\u00f6sning \u00e4r:<a href=\"mailto:info@dari-system.com\">&#8221;info@dari-system.com<\/a> <\/p>\n<p><em>K\u00e4lla: skapad med <a href=\"http:\/\/www.e-recht24.de\/news\/ecommerce\/6048-impressum-gmbh.html\">avtrycksgeneratorn Gesellschaft mit beschr\u00e4nkter Haftung (GmbH)<\/a> fr\u00e5n eRecht24.<\/em><\/p>\n<p><strong>Ansvarsfriskrivning:<\/strong><\/p>\n<p>A<strong>nsvar f\u00f6r inneh\u00e5ll<\/strong> Inneh\u00e5llet p\u00e5 v\u00e5r webbplats har skapats med st\u00f6rsta m\u00f6jliga omsorg.<br \/>\nVi kan dock inte ta n\u00e5got ansvar f\u00f6r inneh\u00e5llets riktighet, fullst\u00e4ndighet och aktualitet.<br \/>\nSom tj\u00e4nsteleverant\u00f6r \u00e4r vi ansvariga enligt \u00a7 7 Abs.1<br \/>\nTMG \u00e4r vi ansvariga f\u00f6r v\u00e5rt eget inneh\u00e5ll p\u00e5 dessa sidor i enlighet med de allm\u00e4nna lagarna.<br \/>\nEnligt \u00a7\u00a7 8 till 10 TMG \u00e4r vi som tj\u00e4nsteleverant\u00f6r dock inte skyldiga att \u00f6vervaka \u00f6verf\u00f6rd eller lagrad information fr\u00e5n tredje part eller att unders\u00f6ka omst\u00e4ndigheter som tyder p\u00e5 olaglig verksamhet.<br \/>\nSkyldigheter att ta bort eller blockera anv\u00e4ndningen av information i enlighet med allm\u00e4n lagstiftning f\u00f6rblir op\u00e5verkade av detta.<br \/>\nAnsvar i detta avseende \u00e4r dock endast m\u00f6jligt fr\u00e5n och med tidpunkten f\u00f6r k\u00e4nnedom om en specifik \u00f6vertr\u00e4delse.<br \/>\nS\u00e5 snart vi f\u00e5r k\u00e4nnedom om s\u00e5dana \u00f6vertr\u00e4delser kommer vi omedelbart att ta bort detta inneh\u00e5ll.       <\/p>\n<p>A<strong>nsvar f\u00f6r l\u00e4nkar<\/strong> V\u00e5r webbplats inneh\u00e5ller l\u00e4nkar till externa webbplatser fr\u00e5n tredje part vars inneh\u00e5ll vi inte har n\u00e5got inflytande \u00f6ver.<br \/>\nD\u00e4rf\u00f6r kan vi inte ta n\u00e5got ansvar f\u00f6r detta inneh\u00e5ll fr\u00e5n tredje part.<br \/>\nRespektive leverant\u00f6r eller operat\u00f6r av sidorna \u00e4r alltid ansvarig f\u00f6r inneh\u00e5llet p\u00e5 de l\u00e4nkade sidorna.<br \/>\nDe l\u00e4nkade sidorna har vid tidpunkten f\u00f6r l\u00e4nkningen kontrollerats med avseende p\u00e5 eventuella lag\u00f6vertr\u00e4delser.<br \/>\nOlagligt inneh\u00e5ll kunde inte identifieras vid tidpunkten f\u00f6r l\u00e4nkningen.<br \/>\nEn permanent \u00f6vervakning av inneh\u00e5llet p\u00e5 de l\u00e4nkade sidorna \u00e4r dock inte rimlig utan konkreta bevis p\u00e5 en \u00f6vertr\u00e4delse.<br \/>\nOm vi f\u00e5r k\u00e4nnedom om lag\u00f6vertr\u00e4delser kommer vi omedelbart att ta bort s\u00e5dana l\u00e4nkar.      <\/p>\n<p>U<strong>pphovsr\u00e4tt<\/strong> Inneh\u00e5llet och de verk som skapats av webbplatsoperat\u00f6rerna p\u00e5 dessa sidor omfattas av tysk upphovsr\u00e4ttslagstiftning.<br \/>\nKopiering, bearbetning, distribution och all annan anv\u00e4ndning utanf\u00f6r upphovsr\u00e4ttslagens gr\u00e4nser kr\u00e4ver skriftligt medgivande fr\u00e5n respektive f\u00f6rfattare eller upphovsman.<br \/>\nNedladdningar och kopior av denna webbplats \u00e4r endast till\u00e5tna f\u00f6r privat, icke-kommersiellt bruk.<br \/>\nI den m\u00e5n inneh\u00e5llet p\u00e5 denna webbplats inte har skapats av operat\u00f6ren respekteras tredje parts upphovsr\u00e4tt.<br \/>\nI synnerhet inneh\u00e5ll fr\u00e5n tredje part \u00e4r m\u00e4rkt som s\u00e5dant.<br \/>\nOm du \u00e4nd\u00e5 skulle f\u00e5 k\u00e4nnedom om ett upphovsr\u00e4ttsintr\u00e5ng ber vi dig att informera oss om detta.<br \/>\nOm vi f\u00e5r k\u00e4nnedom om n\u00e5got intr\u00e5ng kommer vi omedelbart att ta bort inneh\u00e5llet.      <\/p>\n<p>D<strong>ataskydd<\/strong> Anv\u00e4ndningen av v\u00e5r webbplats \u00e4r i allm\u00e4nhet m\u00f6jlig utan att tillhandah\u00e5lla personuppgifter.<br \/>\nI den m\u00e5n personuppgifter (t.ex. namn, adress eller e-postadresser) samlas in p\u00e5 v\u00e5r webbplats sker detta i m\u00f6jligaste m\u00e5n alltid p\u00e5 frivillig basis.<br \/>\n<br \/>Dessa uppgifter kommer inte att vidarebefordras till tredje part utan ditt uttryckliga samtycke. Vi vill p\u00e5peka att data\u00f6verf\u00f6ring via Internet (t.ex. vid kommunikation via e-post) kan ha s\u00e4kerhetsbrister.<br \/>\n<br \/>Ett fullst\u00e4ndigt skydd av uppgifterna mot \u00e5tkomst av tredje part \u00e4r inte m\u00f6jligt. Vi f\u00f6rbjuder h\u00e4rmed uttryckligen anv\u00e4ndningen av kontaktuppgifter som publicerats som en del av v\u00e5r skyldighet att tillhandah\u00e5lla ett r\u00e4ttsligt meddelande i syfte att skicka o\u00f6nskad reklam och informationsmaterial.<br \/>\nOperat\u00f6rerna av denna webbplats f\u00f6rbeh\u00e5ller sig uttryckligen r\u00e4tten att vidta r\u00e4ttsliga \u00e5tg\u00e4rder i h\u00e4ndelse av o\u00f6nskad s\u00e4ndning av reklaminformation, t.ex. skr\u00e4ppost.    <br \/><em>K\u00e4lla: <a href=\"http:\/\/www.e-recht24.de\/muster-disclaimer.htm\">Disclaimer<\/a> fr\u00e5n eRecht24, <a href=\"http:\/\/www.e-recht24.de\/\">advokat<\/a> S\u00f6ren Sieberts portal f\u00f6r internetjuridik.<\/em><\/p>\n<p>[\/et_pb_text][\/et_pb_column][\/et_pb_row][\/et_pb_section]<\/p>\n","protected":false},"excerpt":{"rendered":"<p>Information enligt \u00a7 5 TMG: DaRi-Systemteile GmbH Rudolf-Nebel-Str. 12 91781 Wei\u00dfenburg F\u00f6retr\u00e4ds av: Verkst\u00e4llande direkt\u00f6r Dr Eckhard Jentsch Handelsregister: Ansbach Local Court, HRB 4930 VAT ID: DE272707154 Kontakt Telefon: 09141 &#8211; 845 937 0 Fax: 09141 &#8211; 845 937 1 E-post:&#8221;info@dari-system.com Ansvarig f\u00f6r inneh\u00e5llet enligt \u00a7 55 Abs. 2 RStV: Dr Eckhard Jentsch Adress enligt [&hellip;]<\/p>\n","protected":false},"author":1,"featured_media":0,"parent":0,"menu_order":0,"comment_status":"closed","ping_status":"closed","template":"","meta":{"_et_pb_use_builder":"on","_et_pb_old_content":"","_et_gb_content_width":"","iawp_total_views":1,"footnotes":""},"dipi_cpt_category":[],"class_list":["post-25547475","page","type-page","status-publish","hentry"],"yoast_head":"<!-- This site is optimized with the Yoast SEO plugin v27.2 - https:\/\/yoast.com\/product\/yoast-seo-wordpress\/ -->\n<title>Avtryck - DaRi System<\/title>\n<meta name=\"robots\" content=\"index, follow, max-snippet:-1, max-image-preview:large, max-video-preview:-1\" \/>\n<link rel=\"canonical\" href=\"https:\/\/dari-system.com\/sv\/avtryck\/\" \/>\n<meta property=\"og:locale\" content=\"sv_SE\" \/>\n<meta property=\"og:type\" content=\"article\" \/>\n<meta property=\"og:title\" content=\"Avtryck - DaRi System\" \/>\n<meta property=\"og:description\" content=\"Information enligt \u00a7 5 TMG: DaRi-Systemteile GmbH Rudolf-Nebel-Str. 12 91781 Wei\u00dfenburg F\u00f6retr\u00e4ds av: Verkst\u00e4llande direkt\u00f6r Dr Eckhard Jentsch Handelsregister: Ansbach Local Court, HRB 4930 VAT ID: DE272707154 Kontakt Telefon: 09141 - 845 937 0 Fax: 09141 - 845 937 1 E-post:&quot;info@dari-system.com Ansvarig f\u00f6r inneh\u00e5llet enligt \u00a7 55 Abs. 2 RStV: Dr Eckhard Jentsch Adress enligt [&hellip;]\" \/>\n<meta property=\"og:url\" content=\"https:\/\/dari-system.com\/sv\/avtryck\/\" \/>\n<meta property=\"og:site_name\" content=\"DaRi System\" \/>\n<meta property=\"article:modified_time\" content=\"2024-08-19T15:01:17+00:00\" \/>\n<meta name=\"twitter:card\" content=\"summary_large_image\" \/>\n<meta name=\"twitter:label1\" content=\"Ber\u00e4knad l\u00e4stid\" \/>\n\t<meta name=\"twitter:data1\" content=\"5 minuter\" \/>\n<script type=\"application\/ld+json\" class=\"yoast-schema-graph\">{\"@context\":\"https:\/\/schema.org\",\"@graph\":[{\"@type\":\"WebPage\",\"@id\":\"https:\/\/dari-system.com\/sv\/avtryck\/\",\"url\":\"https:\/\/dari-system.com\/sv\/avtryck\/\",\"name\":\"Avtryck - DaRi System\",\"isPartOf\":{\"@id\":\"https:\/\/dari-system.com\/sv\/#website\"},\"datePublished\":\"2024-05-23T13:32:49+00:00\",\"dateModified\":\"2024-08-19T15:01:17+00:00\",\"breadcrumb\":{\"@id\":\"https:\/\/dari-system.com\/sv\/avtryck\/#breadcrumb\"},\"inLanguage\":\"sv-SE\",\"potentialAction\":[{\"@type\":\"ReadAction\",\"target\":[\"https:\/\/dari-system.com\/sv\/avtryck\/\"]}]},{\"@type\":\"BreadcrumbList\",\"@id\":\"https:\/\/dari-system.com\/sv\/avtryck\/#breadcrumb\",\"itemListElement\":[{\"@type\":\"ListItem\",\"position\":1,\"name\":\"Startseite\",\"item\":\"https:\/\/dari-system.com\/sv\/\"},{\"@type\":\"ListItem\",\"position\":2,\"name\":\"Avtryck\"}]},{\"@type\":\"WebSite\",\"@id\":\"https:\/\/dari-system.com\/sv\/#website\",\"url\":\"https:\/\/dari-system.com\/sv\/\",\"name\":\"DaRi System\",\"description\":\"\",\"potentialAction\":[{\"@type\":\"SearchAction\",\"target\":{\"@type\":\"EntryPoint\",\"urlTemplate\":\"https:\/\/dari-system.com\/sv\/?s={search_term_string}\"},\"query-input\":{\"@type\":\"PropertyValueSpecification\",\"valueRequired\":true,\"valueName\":\"search_term_string\"}}],\"inLanguage\":\"sv-SE\"}]}<\/script>\n<!-- \/ Yoast SEO plugin. -->","yoast_head_json":{"title":"Avtryck - DaRi System","robots":{"index":"index","follow":"follow","max-snippet":"max-snippet:-1","max-image-preview":"max-image-preview:large","max-video-preview":"max-video-preview:-1"},"canonical":"https:\/\/dari-system.com\/sv\/avtryck\/","og_locale":"sv_SE","og_type":"article","og_title":"Avtryck - DaRi System","og_description":"Information enligt \u00a7 5 TMG: DaRi-Systemteile GmbH Rudolf-Nebel-Str. 12 91781 Wei\u00dfenburg F\u00f6retr\u00e4ds av: Verkst\u00e4llande direkt\u00f6r Dr Eckhard Jentsch Handelsregister: Ansbach Local Court, HRB 4930 VAT ID: DE272707154 Kontakt Telefon: 09141 - 845 937 0 Fax: 09141 - 845 937 1 E-post:\"info@dari-system.com Ansvarig f\u00f6r inneh\u00e5llet enligt \u00a7 55 Abs. 2 RStV: Dr Eckhard Jentsch Adress enligt [&hellip;]","og_url":"https:\/\/dari-system.com\/sv\/avtryck\/","og_site_name":"DaRi System","article_modified_time":"2024-08-19T15:01:17+00:00","twitter_card":"summary_large_image","twitter_misc":{"Ber\u00e4knad l\u00e4stid":"5 minuter"},"schema":{"@context":"https:\/\/schema.org","@graph":[{"@type":"WebPage","@id":"https:\/\/dari-system.com\/sv\/avtryck\/","url":"https:\/\/dari-system.com\/sv\/avtryck\/","name":"Avtryck - DaRi System","isPartOf":{"@id":"https:\/\/dari-system.com\/sv\/#website"},"datePublished":"2024-05-23T13:32:49+00:00","dateModified":"2024-08-19T15:01:17+00:00","breadcrumb":{"@id":"https:\/\/dari-system.com\/sv\/avtryck\/#breadcrumb"},"inLanguage":"sv-SE","potentialAction":[{"@type":"ReadAction","target":["https:\/\/dari-system.com\/sv\/avtryck\/"]}]},{"@type":"BreadcrumbList","@id":"https:\/\/dari-system.com\/sv\/avtryck\/#breadcrumb","itemListElement":[{"@type":"ListItem","position":1,"name":"Startseite","item":"https:\/\/dari-system.com\/sv\/"},{"@type":"ListItem","position":2,"name":"Avtryck"}]},{"@type":"WebSite","@id":"https:\/\/dari-system.com\/sv\/#website","url":"https:\/\/dari-system.com\/sv\/","name":"DaRi System","description":"","potentialAction":[{"@type":"SearchAction","target":{"@type":"EntryPoint","urlTemplate":"https:\/\/dari-system.com\/sv\/?s={search_term_string}"},"query-input":{"@type":"PropertyValueSpecification","valueRequired":true,"valueName":"search_term_string"}}],"inLanguage":"sv-SE"}]}},"_links":{"self":[{"href":"https:\/\/dari-system.com\/sv\/wp-json\/wp\/v2\/pages\/25547475","targetHints":{"allow":["GET"]}}],"collection":[{"href":"https:\/\/dari-system.com\/sv\/wp-json\/wp\/v2\/pages"}],"about":[{"href":"https:\/\/dari-system.com\/sv\/wp-json\/wp\/v2\/types\/page"}],"author":[{"embeddable":true,"href":"https:\/\/dari-system.com\/sv\/wp-json\/wp\/v2\/users\/1"}],"replies":[{"embeddable":true,"href":"https:\/\/dari-system.com\/sv\/wp-json\/wp\/v2\/comments?post=25547475"}],"version-history":[{"count":2,"href":"https:\/\/dari-system.com\/sv\/wp-json\/wp\/v2\/pages\/25547475\/revisions"}],"predecessor-version":[{"id":25547482,"href":"https:\/\/dari-system.com\/sv\/wp-json\/wp\/v2\/pages\/25547475\/revisions\/25547482"}],"wp:attachment":[{"href":"https:\/\/dari-system.com\/sv\/wp-json\/wp\/v2\/media?parent=25547475"}],"wp:term":[{"taxonomy":"dipi_cpt_category","embeddable":true,"href":"https:\/\/dari-system.com\/sv\/wp-json\/wp\/v2\/dipi_cpt_category?post=25547475"}],"curies":[{"name":"wp","href":"https:\/\/api.w.org\/{rel}","templated":true}]}}