{"id":25548393,"date":"2024-05-22T16:45:11","date_gmt":"2024-05-22T16:45:11","guid":{"rendered":"https:\/\/dari-system.com\/produkt\/sistema-dari-d1\/"},"modified":"2024-08-20T20:38:42","modified_gmt":"2024-08-20T20:38:42","slug":"sistema-dari-d1","status":"publish","type":"product","link":"https:\/\/dari-system.com\/pt-pt\/produkt\/sistema-dari-d1\/","title":{"rendered":"Sistema DaRi D1"},"content":{"rendered":"<p>[et_pb_section fb_built=&#8221;1&#8243; _builder_version=&#8221;4.16&#8243; custom_padding=&#8221;0px||||false|false&#8221; global_colors_info=&#8221;{}&#8221;][et_pb_row _builder_version=&#8221;4.16&#8243; background_size=&#8221;initial&#8221; background_position=&#8221;top_left&#8221; background_repeat=&#8221;repeat&#8221; width=&#8221;100%&#8221; custom_padding=&#8221;0px||0px||false|false&#8221; global_colors_info=&#8221;{}&#8221;][et_pb_column type=&#8221;4_4&#8243; _builder_version=&#8221;4.16&#8243; custom_padding=&#8221;|||&#8221; global_colors_info=&#8221;{}&#8221; custom_padding__hover=&#8221;|||&#8221;][et_pb_wc_breadcrumb _builder_version=&#8221;4.16&#8243; global_colors_info=&#8221;{}&#8221;][\/et_pb_wc_breadcrumb][et_pb_wc_cart_notice _builder_version=&#8221;4.16&#8243; global_colors_info=&#8221;{}&#8221;][\/et_pb_wc_cart_notice][\/et_pb_column][\/et_pb_row][et_pb_row column_structure=&#8221;1_2,1_2&#8243; _builder_version=&#8221;4.25.0&#8243; background_size=&#8221;initial&#8221; background_position=&#8221;top_left&#8221; background_repeat=&#8221;repeat&#8221; width=&#8221;100%&#8221; custom_padding=&#8221;0px||||false|false&#8221; global_colors_info=&#8221;{}&#8221;][et_pb_column type=&#8221;1_2&#8243; _builder_version=&#8221;4.16&#8243; custom_padding=&#8221;|||&#8221; global_colors_info=&#8221;{}&#8221; custom_padding__hover=&#8221;|||&#8221;][et_pb_wc_images _builder_version=&#8221;4.16&#8243; global_colors_info=&#8221;{}&#8221;][\/et_pb_wc_images][\/et_pb_column][et_pb_column type=&#8221;1_2&#8243; _builder_version=&#8221;4.16&#8243; custom_padding=&#8221;|||&#8221; global_colors_info=&#8221;{}&#8221; custom_padding__hover=&#8221;|||&#8221;][et_pb_wc_title _builder_version=&#8221;4.16&#8243; global_colors_info=&#8221;{}&#8221;][\/et_pb_wc_title][et_pb_wc_rating _builder_version=&#8221;4.16&#8243; global_colors_info=&#8221;{}&#8221;][\/et_pb_wc_rating][et_pb_wc_price disabled_on=&#8221;off|off|on&#8221; _builder_version=&#8221;4.25.0&#8243; global_colors_info=&#8221;{}&#8221;][\/et_pb_wc_price][et_pb_wc_description _builder_version=&#8221;4.16&#8243; global_colors_info=&#8221;{}&#8221;][\/et_pb_wc_description][et_pb_wc_add_to_cart _builder_version=&#8221;4.16&#8243; global_colors_info=&#8221;{}&#8221;][\/et_pb_wc_add_to_cart][et_pb_wc_meta _builder_version=&#8221;4.16&#8243; global_colors_info=&#8221;{}&#8221;][\/et_pb_wc_meta][\/et_pb_column][\/et_pb_row][et_pb_row _builder_version=&#8221;4.16&#8243; background_size=&#8221;initial&#8221; background_position=&#8221;top_left&#8221; background_repeat=&#8221;repeat&#8221; width=&#8221;100%&#8221; global_colors_info=&#8221;{}&#8221;][et_pb_column type=&#8221;4_4&#8243; _builder_version=&#8221;4.16&#8243; custom_padding=&#8221;|||&#8221; global_colors_info=&#8221;{}&#8221; custom_padding__hover=&#8221;|||&#8221;][et_pb_wc_tabs _builder_version=&#8221;4.16&#8243; global_colors_info=&#8221;{}&#8221;]\t\t\t\t\t[\/et_pb_wc_tabs][et_pb_wc_upsells _builder_version=&#8221;4.16&#8243; global_colors_info=&#8221;{}&#8221;][\/et_pb_wc_upsells][et_pb_wc_related_products _builder_version=&#8221;4.16&#8243; global_colors_info=&#8221;{}&#8221;][\/et_pb_wc_related_products][\/et_pb_column][\/et_pb_row][\/et_pb_section]<\/p>\n","protected":false},"excerpt":{"rendered":"<p>Cada pe\u00e7a tem 76 cm de comprimento. Cada pe\u00e7a \u00e9 fixada com 4 clipes. Estes clipes devem ser pedidos separadamente.  <\/p>\n","protected":false},"featured_media":25548396,"template":"","meta":{"_et_pb_use_builder":"on","_et_pb_old_content":"Para cada tamanho de caleira (tamanho 28, 33 ou 40) existe um tamanho adequado de DaRi-System 1. As pe\u00e7as s\u00e3o colocadas de ponta a ponta.\nExistem 2 tamanhos diferentes de clipes.\nO di\u00e2metro interior do clip \u00e9 de 18 mm para a caleira D1\/28 e de 20 mm para as calhas D1\/33 e D1\/40.  ","_et_gb_content_width":"","iawp_total_views":9},"product_brand":[],"product_cat":[570],"product_tag":[],"class_list":{"0":"post-25548393","1":"product","2":"type-product","3":"status-publish","4":"has-post-thumbnail","6":"product_cat-nao-categorizado","8":"first","9":"instock","10":"taxable","11":"shipping-taxable","12":"product-type-grouped"},"yoast_head":"<!-- This site is optimized with the Yoast SEO plugin v27.4 - https:\/\/yoast.com\/product\/yoast-seo-wordpress\/ -->\n<title>Sistema DaRi D1 - DaRi System<\/title>\n<meta name=\"robots\" content=\"index, follow, max-snippet:-1, max-image-preview:large, max-video-preview:-1\" \/>\n<link rel=\"canonical\" href=\"https:\/\/dari-system.com\/pt-pt\/produkt\/sistema-dari-d1\/\" \/>\n<meta property=\"og:locale\" content=\"pt_PT\" \/>\n<meta property=\"og:type\" content=\"article\" \/>\n<meta property=\"og:title\" content=\"Sistema DaRi D1 - DaRi System\" \/>\n<meta property=\"og:description\" content=\"Cada pe\u00e7a tem 76 cm de comprimento. Cada pe\u00e7a \u00e9 fixada com 4 clipes. Estes clipes devem ser pedidos separadamente.\" \/>\n<meta property=\"og:url\" content=\"https:\/\/dari-system.com\/pt-pt\/produkt\/sistema-dari-d1\/\" \/>\n<meta property=\"og:site_name\" content=\"DaRi System\" \/>\n<meta property=\"article:modified_time\" content=\"2024-08-20T20:38:42+00:00\" \/>\n<meta property=\"og:image\" content=\"https:\/\/dari-system.com\/wp-content\/uploads\/2024\/05\/dari_d1-1.webp\" \/>\n\t<meta property=\"og:image:width\" content=\"1042\" \/>\n\t<meta property=\"og:image:height\" content=\"1042\" \/>\n\t<meta property=\"og:image:type\" content=\"image\/webp\" \/>\n<meta name=\"twitter:card\" content=\"summary_large_image\" \/>\n<meta name=\"twitter:label1\" content=\"Tempo estimado de leitura\" \/>\n\t<meta name=\"twitter:data1\" content=\"2 minutos\" \/>\n<script type=\"application\/ld+json\" class=\"yoast-schema-graph\">{\"@context\":\"https:\\\/\\\/schema.org\",\"@graph\":[{\"@type\":\"WebPage\",\"@id\":\"https:\\\/\\\/dari-system.com\\\/pt-pt\\\/produkt\\\/sistema-dari-d1\\\/\",\"url\":\"https:\\\/\\\/dari-system.com\\\/pt-pt\\\/produkt\\\/sistema-dari-d1\\\/\",\"name\":\"Sistema DaRi D1 - DaRi System\",\"isPartOf\":{\"@id\":\"https:\\\/\\\/dari-system.com\\\/pt-pt\\\/#website\"},\"primaryImageOfPage\":{\"@id\":\"https:\\\/\\\/dari-system.com\\\/pt-pt\\\/produkt\\\/sistema-dari-d1\\\/#primaryimage\"},\"image\":{\"@id\":\"https:\\\/\\\/dari-system.com\\\/pt-pt\\\/produkt\\\/sistema-dari-d1\\\/#primaryimage\"},\"thumbnailUrl\":\"https:\\\/\\\/dari-system.com\\\/wp-content\\\/uploads\\\/2024\\\/05\\\/dari_d1-1.webp\",\"datePublished\":\"2024-05-22T16:45:11+00:00\",\"dateModified\":\"2024-08-20T20:38:42+00:00\",\"breadcrumb\":{\"@id\":\"https:\\\/\\\/dari-system.com\\\/pt-pt\\\/produkt\\\/sistema-dari-d1\\\/#breadcrumb\"},\"inLanguage\":\"pt-PT\",\"potentialAction\":[{\"@type\":\"ReadAction\",\"target\":[\"https:\\\/\\\/dari-system.com\\\/pt-pt\\\/produkt\\\/sistema-dari-d1\\\/\"]}]},{\"@type\":\"ImageObject\",\"inLanguage\":\"pt-PT\",\"@id\":\"https:\\\/\\\/dari-system.com\\\/pt-pt\\\/produkt\\\/sistema-dari-d1\\\/#primaryimage\",\"url\":\"https:\\\/\\\/dari-system.com\\\/wp-content\\\/uploads\\\/2024\\\/05\\\/dari_d1-1.webp\",\"contentUrl\":\"https:\\\/\\\/dari-system.com\\\/wp-content\\\/uploads\\\/2024\\\/05\\\/dari_d1-1.webp\",\"width\":1042,\"height\":1042,\"caption\":\"Sistema DRi D1\"},{\"@type\":\"BreadcrumbList\",\"@id\":\"https:\\\/\\\/dari-system.com\\\/pt-pt\\\/produkt\\\/sistema-dari-d1\\\/#breadcrumb\",\"itemListElement\":[{\"@type\":\"ListItem\",\"position\":1,\"name\":\"Startseite\",\"item\":\"https:\\\/\\\/dari-system.com\\\/pt-pt\\\/\"},{\"@type\":\"ListItem\",\"position\":2,\"name\":\"Compra\",\"item\":\"https:\\\/\\\/dari-system.com\\\/compra\\\/\"},{\"@type\":\"ListItem\",\"position\":3,\"name\":\"Sistema DaRi D1\"}]},{\"@type\":\"WebSite\",\"@id\":\"https:\\\/\\\/dari-system.com\\\/pt-pt\\\/#website\",\"url\":\"https:\\\/\\\/dari-system.com\\\/pt-pt\\\/\",\"name\":\"DaRi System\",\"description\":\"\",\"potentialAction\":[{\"@type\":\"SearchAction\",\"target\":{\"@type\":\"EntryPoint\",\"urlTemplate\":\"https:\\\/\\\/dari-system.com\\\/pt-pt\\\/?s={search_term_string}\"},\"query-input\":{\"@type\":\"PropertyValueSpecification\",\"valueRequired\":true,\"valueName\":\"search_term_string\"}}],\"inLanguage\":\"pt-PT\"}]}<\/script>\n<!-- \/ Yoast SEO plugin. -->","yoast_head_json":{"title":"Sistema DaRi D1 - DaRi System","robots":{"index":"index","follow":"follow","max-snippet":"max-snippet:-1","max-image-preview":"max-image-preview:large","max-video-preview":"max-video-preview:-1"},"canonical":"https:\/\/dari-system.com\/pt-pt\/produkt\/sistema-dari-d1\/","og_locale":"pt_PT","og_type":"article","og_title":"Sistema DaRi D1 - DaRi System","og_description":"Cada pe\u00e7a tem 76 cm de comprimento. Cada pe\u00e7a \u00e9 fixada com 4 clipes. Estes clipes devem ser pedidos separadamente.","og_url":"https:\/\/dari-system.com\/pt-pt\/produkt\/sistema-dari-d1\/","og_site_name":"DaRi System","article_modified_time":"2024-08-20T20:38:42+00:00","og_image":[{"width":1042,"height":1042,"url":"https:\/\/dari-system.com\/wp-content\/uploads\/2024\/05\/dari_d1-1.webp","type":"image\/webp"}],"twitter_card":"summary_large_image","twitter_misc":{"Tempo estimado de leitura":"2 minutos"},"schema":{"@context":"https:\/\/schema.org","@graph":[{"@type":"WebPage","@id":"https:\/\/dari-system.com\/pt-pt\/produkt\/sistema-dari-d1\/","url":"https:\/\/dari-system.com\/pt-pt\/produkt\/sistema-dari-d1\/","name":"Sistema DaRi D1 - DaRi System","isPartOf":{"@id":"https:\/\/dari-system.com\/pt-pt\/#website"},"primaryImageOfPage":{"@id":"https:\/\/dari-system.com\/pt-pt\/produkt\/sistema-dari-d1\/#primaryimage"},"image":{"@id":"https:\/\/dari-system.com\/pt-pt\/produkt\/sistema-dari-d1\/#primaryimage"},"thumbnailUrl":"https:\/\/dari-system.com\/wp-content\/uploads\/2024\/05\/dari_d1-1.webp","datePublished":"2024-05-22T16:45:11+00:00","dateModified":"2024-08-20T20:38:42+00:00","breadcrumb":{"@id":"https:\/\/dari-system.com\/pt-pt\/produkt\/sistema-dari-d1\/#breadcrumb"},"inLanguage":"pt-PT","potentialAction":[{"@type":"ReadAction","target":["https:\/\/dari-system.com\/pt-pt\/produkt\/sistema-dari-d1\/"]}]},{"@type":"ImageObject","inLanguage":"pt-PT","@id":"https:\/\/dari-system.com\/pt-pt\/produkt\/sistema-dari-d1\/#primaryimage","url":"https:\/\/dari-system.com\/wp-content\/uploads\/2024\/05\/dari_d1-1.webp","contentUrl":"https:\/\/dari-system.com\/wp-content\/uploads\/2024\/05\/dari_d1-1.webp","width":1042,"height":1042,"caption":"Sistema DRi D1"},{"@type":"BreadcrumbList","@id":"https:\/\/dari-system.com\/pt-pt\/produkt\/sistema-dari-d1\/#breadcrumb","itemListElement":[{"@type":"ListItem","position":1,"name":"Startseite","item":"https:\/\/dari-system.com\/pt-pt\/"},{"@type":"ListItem","position":2,"name":"Compra","item":"https:\/\/dari-system.com\/compra\/"},{"@type":"ListItem","position":3,"name":"Sistema DaRi D1"}]},{"@type":"WebSite","@id":"https:\/\/dari-system.com\/pt-pt\/#website","url":"https:\/\/dari-system.com\/pt-pt\/","name":"DaRi System","description":"","potentialAction":[{"@type":"SearchAction","target":{"@type":"EntryPoint","urlTemplate":"https:\/\/dari-system.com\/pt-pt\/?s={search_term_string}"},"query-input":{"@type":"PropertyValueSpecification","valueRequired":true,"valueName":"search_term_string"}}],"inLanguage":"pt-PT"}]}},"_links":{"self":[{"href":"https:\/\/dari-system.com\/pt-pt\/wp-json\/wp\/v2\/product\/25548393","targetHints":{"allow":["GET"]}}],"collection":[{"href":"https:\/\/dari-system.com\/pt-pt\/wp-json\/wp\/v2\/product"}],"about":[{"href":"https:\/\/dari-system.com\/pt-pt\/wp-json\/wp\/v2\/types\/product"}],"wp:featuredmedia":[{"embeddable":true,"href":"https:\/\/dari-system.com\/pt-pt\/wp-json\/wp\/v2\/media\/25548396"}],"wp:attachment":[{"href":"https:\/\/dari-system.com\/pt-pt\/wp-json\/wp\/v2\/media?parent=25548393"}],"wp:term":[{"taxonomy":"product_brand","embeddable":true,"href":"https:\/\/dari-system.com\/pt-pt\/wp-json\/wp\/v2\/product_brand?post=25548393"},{"taxonomy":"product_cat","embeddable":true,"href":"https:\/\/dari-system.com\/pt-pt\/wp-json\/wp\/v2\/product_cat?post=25548393"},{"taxonomy":"product_tag","embeddable":true,"href":"https:\/\/dari-system.com\/pt-pt\/wp-json\/wp\/v2\/product_tag?post=25548393"}],"curies":[{"name":"wp","href":"https:\/\/api.w.org\/{rel}","templated":true}]}}