{"id":25549795,"date":"2024-11-05T07:26:49","date_gmt":"2024-11-05T07:26:49","guid":{"rendered":"https:\/\/dari-system.com\/?page_id=25549795"},"modified":"2024-11-05T07:27:13","modified_gmt":"2024-11-05T07:27:13","slug":"caleira-de-protecao-contra-folhas-3","status":"publish","type":"page","link":"https:\/\/dari-system.com\/pt-pt\/caleira-de-protecao-contra-folhas-3\/","title":{"rendered":"Caleira de prote\u00e7\u00e3o contra folhas"},"content":{"rendered":"<p>[et_pb_section fb_built=&#8221;1&#8243; fullwidth=&#8221;on&#8221; _builder_version=&#8221;4.25.0&#8243; _module_preset=&#8221;default&#8221; bottom_divider_color=&#8221;#FFFFFF&#8221; bottom_divider_height=&#8221;82px&#8221; bottom_divider_flip=&#8221;horizontal&#8221; locked=&#8221;off&#8221; global_colors_info=&#8221;{}&#8221;][et_pb_fullwidth_header title=&#8221;Caleira de prote\u00e7\u00e3o contra folhas&#8221; subhead=&#8221;O que todos os propriet\u00e1rios de casas precisam&#8221; _builder_version=&#8221;4.25.0&#8243; _module_preset=&#8221;default&#8221; title_font=&#8221;|800|||||||&#8221; title_font_size=&#8221;45px&#8221; background_image=&#8221;https:\/\/dari-system.com\/wp-content\/uploads\/2024\/05\/header_background.webp&#8221; background_position=&#8221;bottom_center&#8221; custom_padding=&#8221;8vh||8vh||true|false&#8221; title_font_size_tablet=&#8221;45px&#8221; title_font_size_phone=&#8221;29px&#8221; title_font_size_last_edited=&#8221;on|phone&#8221; content_font_size_tablet=&#8221;&#8221; content_font_size_phone=&#8221;17px&#8221; content_font_size_last_edited=&#8221;on|phone&#8221; global_colors_info=&#8221;{}&#8221;][\/et_pb_fullwidth_header][\/et_pb_section][et_pb_section fb_built=&#8221;1&#8243; _builder_version=&#8221;4.25.0&#8243; _module_preset=&#8221;default&#8221; custom_margin=&#8221;||0px||false|false&#8221; custom_padding=&#8221;||0px||false|false&#8221; global_colors_info=&#8221;{}&#8221;][et_pb_row column_structure=&#8221;1_2,1_2&#8243; _builder_version=&#8221;4.25.0&#8243; _module_preset=&#8221;default&#8221; global_colors_info=&#8221;{}&#8221;][et_pb_column type=&#8221;1_2&#8243; _builder_version=&#8221;4.25.0&#8243; _module_preset=&#8221;default&#8221; global_colors_info=&#8221;{}&#8221;][et_pb_text _builder_version=&#8221;4.25.0&#8243; _module_preset=&#8221;default&#8221; header_2_font=&#8221;|700|||||||&#8221; global_colors_info=&#8221;{}&#8221;]<\/p>\n<h2><strong>O teu apanhador de folhas perfeito para a sarjeta<\/strong><\/h2>\n<p>Todos os propriet\u00e1rios conhecem o risco de uma caleira entupida devido a folhas, agulhas, musgo, pequenos ramos, p\u00e1ssaros mortos ou fogo de artif\u00edcio.<br \/>\nUma <strong>prote\u00e7\u00e3o contra as folhas para a caleira<\/strong>, seja ela semicircular ou em forma de caixa, \u00e9 praticamente indispens\u00e1vel em muitos aspectos.<br \/>\nProvavelmente, h\u00e1 poucas tarefas em casa e no jardim que as pessoas gostem tanto de adiar como a limpeza de uma caleira.<br \/>\nN\u00e3o s\u00f3 \u00e9 fastidioso pegar na escada e subir ao telhado v\u00e1rias vezes por ano, como tamb\u00e9m \u00e9 perigoso ficar de p\u00e9 na escada comprida e inst\u00e1vel e limpar a caleira.<br \/>\nUma prote\u00e7\u00e3o contra as folhas para o algeroz ou para a caleira oferece a solu\u00e7\u00e3o perfeita.<br \/>\nUm apanha-folhas para a caleira poupa tempo valioso.<br \/>\nSe as folhas bloquearem a sua caleira, a \u00e1gua da chuva acumula-se e pode escorrer por cima da caleira e encharcar as paredes da casa.<br \/>\nIsto tamb\u00e9m pode acontecer com uma caleira de caixa.<br \/>\n\u00c9 por isso que um protetor de folhas \u00e9 OBRIGAT\u00d3RIO para todos os propriet\u00e1rios de casas.        <\/p>\n<p>[\/et_pb_text][\/et_pb_column][et_pb_column type=&#8221;1_2&#8243; _builder_version=&#8221;4.25.0&#8243; _module_preset=&#8221;default&#8221; global_colors_info=&#8221;{}&#8221;][et_pb_image src=&#8221;https:\/\/dari-system.com\/wp-content\/uploads\/2024\/06\/laubfang-dachrinne.webp&#8221; alt=&#8221;Caleira de prote\u00e7\u00e3o contra folhas&#8221; title_text=&#8221;caleiras de prote\u00e7\u00e3o de folhas&#8221; _builder_version=&#8221;4.25.0&#8243; _module_preset=&#8221;default&#8221; custom_margin=&#8221;||5px||false|false&#8221; global_colors_info=&#8221;{}&#8221;][\/et_pb_image][et_pb_text _builder_version=&#8221;4.25.0&#8243; _module_preset=&#8221;default&#8221; custom_margin=&#8221;0px||||false|false&#8221; global_colors_info=&#8221;{}&#8221;]<\/p>\n<p style=\"text-align: center;\"><em>Caleira anti-folha do sistema DaRi-System<\/em><\/p>\n<p>[\/et_pb_text][\/et_pb_column][\/et_pb_row][\/et_pb_section][et_pb_section fb_built=&#8221;1&#8243; _builder_version=&#8221;4.25.0&#8243; _module_preset=&#8221;default&#8221; custom_margin=&#8221;0px||||false|false&#8221; custom_padding=&#8221;0px||||false|false&#8221; global_colors_info=&#8221;{}&#8221;][et_pb_row _builder_version=&#8221;4.25.0&#8243; _module_preset=&#8221;default&#8221; global_colors_info=&#8221;{}&#8221;][et_pb_column type=&#8221;4_4&#8243; _builder_version=&#8221;4.25.0&#8243; _module_preset=&#8221;default&#8221; global_colors_info=&#8221;{}&#8221;][et_pb_text _builder_version=&#8221;4.25.0&#8243; _module_preset=&#8221;default&#8221; header_2_font=&#8221;|800|||||||&#8221; global_colors_info=&#8221;{}&#8221;]<\/p>\n<h2><strong>Oferecemos o protetor de folhas perfeito para caleiras e caleiras de caixa<\/strong><\/h2>\n<p>Se est\u00e1s \u00e0 procura da prote\u00e7\u00e3o perfeita para a tua caleira, vieste ao s\u00edtio certo.<br \/>\nTemos a solu\u00e7\u00e3o certa para cada caleira.<br \/>\nIndependentemente de procurares uma prote\u00e7\u00e3o de folhas para uma caleira de meia volta ou para uma caleira de caixa.<br \/>\nO nosso sistema de prote\u00e7\u00e3o de folhas especialmente desenvolvido para caleiras de caixa pode ser adaptado a caleiras de diferentes larguras e \u00e9, por isso, \u00fanico.<br \/>\nO sistema de prote\u00e7\u00e3o de folhas para caleiras de caixa \u00e9, por isso, ideal para caleiras de caixa em coberturas, varandas e jardins de inverno.<br \/>\nNormalmente, s\u00e3o aqui instaladas caleiras n\u00e3o normalizadas.<br \/>\nNo entanto, isto n\u00e3o \u00e9 um problema para o nosso sistema de prote\u00e7\u00e3o de folhas.      <\/p>\n<h2><strong>A mais alta qualidade e o melhor servi\u00e7o<\/strong><\/h2>\n<p>H\u00e1 mais de 20 anos que trabalhamos no sentido de proteger as caleiras dos entupimentos causados pelas folhas e desenvolvemos produtos de alta qualidade, fabricados na Alemanha.<br \/>\nAguardamos com expetativa cada pedido de informa\u00e7\u00e3o.<br \/>\nEnvia-nos uma fotografia da tua caleira e aconselhar-te-emos gratuitamente sobre o sistema de reten\u00e7\u00e3o de folhas mais adequado para a tua caleira ou caleiras.<br \/>\nTudo isto faz parte do nosso servi\u00e7o completo de recolha de folhas para caleiras.<br \/>\nFornecemos o sistema DaRi a clientes em toda a Europa no mais curto espa\u00e7o de tempo poss\u00edvel.<br \/>\nO sistema DaRi cumpre os mais elevados padr\u00f5es de qualidade e garante uma longa vida \u00fatil.<br \/>\nE garantimos que, com o sistema DaRi, a caleira deixar\u00e1 de ficar obstru\u00edda por folhas.      <\/p>\n<h2><strong>Vantagens dos protectores de folhas para as caleiras:<\/strong><\/h2>\n<ul>\n<li><strong>Evita os entupimentos:<\/strong> Os apanhadores de folhas impedem que as folhas, os ramos e outros detritos entrem nos algerozes, o que evita os entupimentos.<\/li>\n<li><strong>Aumento da longevidade:<\/strong> Ao reduzir os bloqueios, os danos nas caleiras, como a ferrugem e a corros\u00e3o, s\u00e3o minimizados, o que prolonga a sua vida \u00fatil.<\/li>\n<li><strong>Melhora a drenagem da \u00e1gua:<\/strong> Os apanhadores de folhas permitem uma melhor drenagem da \u00e1gua, uma vez que esta pode fluir livremente atrav\u00e9s da caleira sem encontrar quaisquer obst\u00e1culos.<\/li>\n<li><strong>Menos trabalho de manuten\u00e7\u00e3o:<\/strong> Com o sistema DaRi, as caleiras t\u00eam de ser limpas com menos frequ\u00eancia, o que reduz o trabalho de manuten\u00e7\u00e3o e poupa tempo.<\/li>\n<li><strong>Prote\u00e7\u00e3o contra danos no edif\u00edcio:<\/strong> Os algerozes entupidos podem provocar danos causados pela \u00e1gua na fachada do edif\u00edcio, nas funda\u00e7\u00f5es e na \u00e1rea do telhado.<br \/>\nOs apanhadores de folhas protegem contra esses danos. <\/li>\n<li><strong>Melhoria da est\u00e9tica:<\/strong> As caleiras limpas e sem dep\u00f3sitos vis\u00edveis contribuem para a est\u00e9tica do edif\u00edcio<strong>.<\/strong> <\/li>\n<li><strong>Amigo do ambiente:<\/strong> Ao evitar bloqueios e os danos da\u00ed resultantes, o sistema DaRi ajuda a reduzir a necessidade de repara\u00e7\u00f5es e substitui\u00e7\u00f5es, o que poupa recursos e energia.<br \/>\nO sistema DaRi \u00e9 totalmente recicl\u00e1vel. <\/li>\n<\/ul>\n<p>Isto tamb\u00e9m pode ser do teu interesse:<\/p>\n<ul>\n<li><a href=\"https:\/\/dari-system.com\/pt-pt\/caleira-de-protecao-contra-folhas\/\" title=\"Caleira de prote\u00e7\u00e3o contra folhas\"><a href=\"https:\/\/dari-system.com\/pt-pt\/caleira-de-protecao-contra-folhas\/\">Prote\u00e7\u00e3o contra as folhas para a caleira<\/a><\/a><\/li>\n<li><a href=\"https:\/\/dari-system.com\/pt-pt\/calhas-de-chuva-guarda-folhas\/\" title=\"Calhas de chuva Guarda-folhas\"><a href=\"https:\/\/dari-system.com\/pt-pt\/calhas-de-chuva-guarda-folhas\/\">Calhas de chuva Guarda-folhas<\/a><\/a><\/li>\n<li><a href=\"https:\/\/dari-system.com\/pt-pt\/caleira-de-protecao-contra-folhas-2\/\" title=\"Caleira de prote\u00e7\u00e3o contra folhas\"><a href=\"https:\/\/dari-system.com\/pt-pt\/caleira-de-protecao-contra-folhas-2\/\">Prote\u00e7\u00e3o contra as folhas para a caleira<\/a><\/a><\/li>\n<li><a href=\"https:\/\/dari-system.com\/pt-pt\/tampa-da-caleira\/\" title=\"Tampa da caleira\"> <a href=\"https:\/\/dari-system.com\/pt-pt\/tampa-da-caleira\/\"> Tampa da caleira<\/a><\/a><\/li>\n<\/ul>\n<p>[\/et_pb_text][\/et_pb_column][\/et_pb_row][\/et_pb_section][et_pb_section fb_built=&#8221;1&#8243; theme_builder_area=&#8221;post_content&#8221; _builder_version=&#8221;4.27.0&#8243; _module_preset=&#8221;default&#8221;][et_pb_row _builder_version=&#8221;4.27.0&#8243; _module_preset=&#8221;default&#8221; theme_builder_area=&#8221;post_content&#8221;][et_pb_column _builder_version=&#8221;4.27.0&#8243; _module_preset=&#8221;default&#8221; type=&#8221;4_4&#8243; theme_builder_area=&#8221;post_content&#8221;][et_pb_text _builder_version=&#8221;4.27.0&#8243; _module_preset=&#8221;default&#8221; theme_builder_area=&#8221;post_content&#8221; hover_enabled=&#8221;0&#8243; sticky_enabled=&#8221;0&#8243;]<\/p>\n<h2><span>Laubfang f\u00fcr die Dachrinne gesucht? Entdecke jetzt die Vorteile von DaRi System!<\/span><\/h2>\n<p><span>Du bist es leid, nach einem langen Arbeitstag noch aufs Dach zu steigen, um die Dachrinne von Unrat zu befreien, um einen sicheren Wasserablauf zu gew\u00e4hrleisten? Dann geht es dir \u00e4hnlich wie den Entwicklern von DaRi System. Unser Ziel war es von Anfang an, einen zuverl\u00e4ssigen und hochwertigen <strong>Laubfang f\u00fcr die Dachrinne<\/strong> zu entwickeln, der UV-best\u00e4ndig und noch dazu k\u00e4ltestabil ist. Neben der hohen Qualit\u00e4t standen f\u00fcr uns Funktionalit\u00e4t und eine kinderleichte Montage bei der Entwicklung an oberster Stelle. Entstanden ist so ein Laubfang f\u00fcr die Dachrinne, der universell einsetzbar ist und bei verschiedenen Rinnentypen verwendet werden kann. Noch dazu ist unser Laubfang f\u00fcr die Dachrinne aus recyclingf\u00e4higem Material hergestellt und absolut nachhaltig. <\/span><\/p>\n<h2><span>Einfach nachr\u00fcstbar und besonders zuverl\u00e4ssig<\/span><\/h2>\n<p>Egal ob du f\u00fcr deine Dachrinne schon mal ein anderes Laubschutzsystem ausprobiert hast oder ob deine Dachrinne bisher noch nicht gesch\u00fctzt war: Mit dem DaRi-System trifft du mit Sicherheit die richtige Wahl.<span> Du kannst unseren Dachrinnenschutz jederzeit problemlos nachr\u00fcsten. Die optimierte Bauweise sorgt daf\u00fcr, dass die Montage kinderleicht und schnell von der Hand geht. Wir haben unseren <strong>Laubfang f\u00fcr die Dachrinne<\/strong> mit einer optimierten Lochung ausgestattet, sodass auch Nadeln nicht mehr ins Innere der Rinne gelangen k\u00f6nnen. <\/span><span>\u00a0<\/span><\/p>\n<h2><span>Mehr als ein Laubfang f\u00fcr die Dachrinne<\/span><\/h2>\n<p>Mit einem <strong>Laubfang f\u00fcr die Dachrinne<\/strong> von DaRi System w\u00e4hlst du einen zuverl\u00e4ssigen Schutz mit geringem Wartungsaufwand. Er sch\u00fctzt aber nicht nur vor Laub, sondern verhindert ebenso, dass sich V\u00f6gel in der Dachrinne niederlassen oder Nagetiere diese als Einstiegsweg ins Haus nutzen k\u00f6nnen. Da die Dachrinnen frei bleiben, kannst du dich auf eine verbesserte Wasserf\u00fchrung verlassen.<\/p>\n<p>[\/et_pb_text][\/et_pb_column][\/et_pb_row][\/et_pb_section]<\/p>\n","protected":false},"excerpt":{"rendered":"<p>O teu apanhador de folhas perfeito para a sarjeta Todos os propriet\u00e1rios conhecem o risco de uma caleira entupida devido a folhas, agulhas, musgo, pequenos ramos, p\u00e1ssaros mortos ou fogo de artif\u00edcio. Uma prote\u00e7\u00e3o contra as folhas para a caleira, seja ela semicircular ou em forma de caixa, \u00e9 praticamente indispens\u00e1vel em muitos aspectos. Provavelmente, [&hellip;]<\/p>\n","protected":false},"author":2,"featured_media":0,"parent":0,"menu_order":0,"comment_status":"closed","ping_status":"closed","template":"","meta":{"_et_pb_use_builder":"on","_et_pb_old_content":"","_et_gb_content_width":"","iawp_total_views":97,"footnotes":""},"dipi_cpt_category":[],"class_list":["post-25549795","page","type-page","status-publish","hentry"],"yoast_head":"<!-- This site is optimized with the Yoast SEO plugin v27.4 - https:\/\/yoast.com\/product\/yoast-seo-wordpress\/ -->\n<title>Prote\u00e7\u00e3o eficaz contra as folhas para a tua caleira - sistema DaRi<\/title>\n<meta name=\"description\" content=\"Descobre o coletor de folhas perfeito para a tua caleira. Deixa de ter bloqueios e limpezas aborrecidas com o sistema DaRi. Descobre mais agora!\" \/>\n<meta name=\"robots\" content=\"index, follow, max-snippet:-1, max-image-preview:large, max-video-preview:-1\" \/>\n<link rel=\"canonical\" href=\"https:\/\/dari-system.com\/pt-pt\/caleira-de-protecao-contra-folhas-3\/\" \/>\n<meta property=\"og:locale\" content=\"pt_PT\" \/>\n<meta property=\"og:type\" content=\"article\" \/>\n<meta property=\"og:title\" content=\"Prote\u00e7\u00e3o eficaz contra as folhas para a tua caleira - sistema DaRi\" \/>\n<meta property=\"og:description\" content=\"Descobre o coletor de folhas perfeito para a tua caleira. Deixa de ter bloqueios e limpezas aborrecidas com o sistema DaRi. Descobre mais agora!\" \/>\n<meta property=\"og:url\" content=\"https:\/\/dari-system.com\/pt-pt\/caleira-de-protecao-contra-folhas-3\/\" \/>\n<meta property=\"og:site_name\" content=\"DaRi System\" \/>\n<meta property=\"article:modified_time\" content=\"2024-11-05T07:27:13+00:00\" \/>\n<meta name=\"twitter:card\" content=\"summary_large_image\" \/>\n<meta name=\"twitter:label1\" content=\"Tempo estimado de leitura\" \/>\n\t<meta name=\"twitter:data1\" content=\"7 minutos\" \/>\n<script type=\"application\/ld+json\" class=\"yoast-schema-graph\">{\"@context\":\"https:\\\/\\\/schema.org\",\"@graph\":[{\"@type\":\"WebPage\",\"@id\":\"https:\\\/\\\/dari-system.com\\\/pt-pt\\\/caleira-de-protecao-contra-folhas-3\\\/\",\"url\":\"https:\\\/\\\/dari-system.com\\\/pt-pt\\\/caleira-de-protecao-contra-folhas-3\\\/\",\"name\":\"Prote\u00e7\u00e3o eficaz contra as folhas para a tua caleira - sistema DaRi\",\"isPartOf\":{\"@id\":\"https:\\\/\\\/dari-system.com\\\/pt-pt\\\/#website\"},\"datePublished\":\"2024-11-05T07:26:49+00:00\",\"dateModified\":\"2024-11-05T07:27:13+00:00\",\"description\":\"Descobre o coletor de folhas perfeito para a tua caleira. Deixa de ter bloqueios e limpezas aborrecidas com o sistema DaRi. Descobre mais agora!\",\"breadcrumb\":{\"@id\":\"https:\\\/\\\/dari-system.com\\\/pt-pt\\\/caleira-de-protecao-contra-folhas-3\\\/#breadcrumb\"},\"inLanguage\":\"pt-PT\",\"potentialAction\":[{\"@type\":\"ReadAction\",\"target\":[\"https:\\\/\\\/dari-system.com\\\/pt-pt\\\/caleira-de-protecao-contra-folhas-3\\\/\"]}]},{\"@type\":\"BreadcrumbList\",\"@id\":\"https:\\\/\\\/dari-system.com\\\/pt-pt\\\/caleira-de-protecao-contra-folhas-3\\\/#breadcrumb\",\"itemListElement\":[{\"@type\":\"ListItem\",\"position\":1,\"name\":\"Startseite\",\"item\":\"https:\\\/\\\/dari-system.com\\\/pt-pt\\\/\"},{\"@type\":\"ListItem\",\"position\":2,\"name\":\"Caleira de prote\u00e7\u00e3o contra folhas\"}]},{\"@type\":\"WebSite\",\"@id\":\"https:\\\/\\\/dari-system.com\\\/pt-pt\\\/#website\",\"url\":\"https:\\\/\\\/dari-system.com\\\/pt-pt\\\/\",\"name\":\"DaRi System\",\"description\":\"\",\"potentialAction\":[{\"@type\":\"SearchAction\",\"target\":{\"@type\":\"EntryPoint\",\"urlTemplate\":\"https:\\\/\\\/dari-system.com\\\/pt-pt\\\/?s={search_term_string}\"},\"query-input\":{\"@type\":\"PropertyValueSpecification\",\"valueRequired\":true,\"valueName\":\"search_term_string\"}}],\"inLanguage\":\"pt-PT\"}]}<\/script>\n<!-- \/ Yoast SEO plugin. -->","yoast_head_json":{"title":"Prote\u00e7\u00e3o eficaz contra as folhas para a tua caleira - sistema DaRi","description":"Descobre o coletor de folhas perfeito para a tua caleira. Deixa de ter bloqueios e limpezas aborrecidas com o sistema DaRi. Descobre mais agora!","robots":{"index":"index","follow":"follow","max-snippet":"max-snippet:-1","max-image-preview":"max-image-preview:large","max-video-preview":"max-video-preview:-1"},"canonical":"https:\/\/dari-system.com\/pt-pt\/caleira-de-protecao-contra-folhas-3\/","og_locale":"pt_PT","og_type":"article","og_title":"Prote\u00e7\u00e3o eficaz contra as folhas para a tua caleira - sistema DaRi","og_description":"Descobre o coletor de folhas perfeito para a tua caleira. Deixa de ter bloqueios e limpezas aborrecidas com o sistema DaRi. Descobre mais agora!","og_url":"https:\/\/dari-system.com\/pt-pt\/caleira-de-protecao-contra-folhas-3\/","og_site_name":"DaRi System","article_modified_time":"2024-11-05T07:27:13+00:00","twitter_card":"summary_large_image","twitter_misc":{"Tempo estimado de leitura":"7 minutos"},"schema":{"@context":"https:\/\/schema.org","@graph":[{"@type":"WebPage","@id":"https:\/\/dari-system.com\/pt-pt\/caleira-de-protecao-contra-folhas-3\/","url":"https:\/\/dari-system.com\/pt-pt\/caleira-de-protecao-contra-folhas-3\/","name":"Prote\u00e7\u00e3o eficaz contra as folhas para a tua caleira - sistema DaRi","isPartOf":{"@id":"https:\/\/dari-system.com\/pt-pt\/#website"},"datePublished":"2024-11-05T07:26:49+00:00","dateModified":"2024-11-05T07:27:13+00:00","description":"Descobre o coletor de folhas perfeito para a tua caleira. Deixa de ter bloqueios e limpezas aborrecidas com o sistema DaRi. Descobre mais agora!","breadcrumb":{"@id":"https:\/\/dari-system.com\/pt-pt\/caleira-de-protecao-contra-folhas-3\/#breadcrumb"},"inLanguage":"pt-PT","potentialAction":[{"@type":"ReadAction","target":["https:\/\/dari-system.com\/pt-pt\/caleira-de-protecao-contra-folhas-3\/"]}]},{"@type":"BreadcrumbList","@id":"https:\/\/dari-system.com\/pt-pt\/caleira-de-protecao-contra-folhas-3\/#breadcrumb","itemListElement":[{"@type":"ListItem","position":1,"name":"Startseite","item":"https:\/\/dari-system.com\/pt-pt\/"},{"@type":"ListItem","position":2,"name":"Caleira de prote\u00e7\u00e3o contra folhas"}]},{"@type":"WebSite","@id":"https:\/\/dari-system.com\/pt-pt\/#website","url":"https:\/\/dari-system.com\/pt-pt\/","name":"DaRi System","description":"","potentialAction":[{"@type":"SearchAction","target":{"@type":"EntryPoint","urlTemplate":"https:\/\/dari-system.com\/pt-pt\/?s={search_term_string}"},"query-input":{"@type":"PropertyValueSpecification","valueRequired":true,"valueName":"search_term_string"}}],"inLanguage":"pt-PT"}]}},"_links":{"self":[{"href":"https:\/\/dari-system.com\/pt-pt\/wp-json\/wp\/v2\/pages\/25549795","targetHints":{"allow":["GET"]}}],"collection":[{"href":"https:\/\/dari-system.com\/pt-pt\/wp-json\/wp\/v2\/pages"}],"about":[{"href":"https:\/\/dari-system.com\/pt-pt\/wp-json\/wp\/v2\/types\/page"}],"author":[{"embeddable":true,"href":"https:\/\/dari-system.com\/pt-pt\/wp-json\/wp\/v2\/users\/2"}],"replies":[{"embeddable":true,"href":"https:\/\/dari-system.com\/pt-pt\/wp-json\/wp\/v2\/comments?post=25549795"}],"version-history":[{"count":2,"href":"https:\/\/dari-system.com\/pt-pt\/wp-json\/wp\/v2\/pages\/25549795\/revisions"}],"predecessor-version":[{"id":25549823,"href":"https:\/\/dari-system.com\/pt-pt\/wp-json\/wp\/v2\/pages\/25549795\/revisions\/25549823"}],"wp:attachment":[{"href":"https:\/\/dari-system.com\/pt-pt\/wp-json\/wp\/v2\/media?parent=25549795"}],"wp:term":[{"taxonomy":"dipi_cpt_category","embeddable":true,"href":"https:\/\/dari-system.com\/pt-pt\/wp-json\/wp\/v2\/dipi_cpt_category?post=25549795"}],"curies":[{"name":"wp","href":"https:\/\/api.w.org\/{rel}","templated":true}]}}