{"id":25548453,"date":"2024-06-19T09:23:15","date_gmt":"2024-06-19T09:23:15","guid":{"rendered":"https:\/\/dari-system.com\/caleira-de-protecao-contra-folhas-2\/"},"modified":"2024-08-20T10:35:21","modified_gmt":"2024-08-20T10:35:21","slug":"caleira-de-protecao-contra-folhas-2","status":"publish","type":"page","link":"https:\/\/dari-system.com\/pt-pt\/caleira-de-protecao-contra-folhas-2\/","title":{"rendered":"Caleira de prote\u00e7\u00e3o contra folhas"},"content":{"rendered":"<p>[et_pb_section fb_built=&#8221;1&#8243; fullwidth=&#8221;on&#8221; _builder_version=&#8221;4.25.0&#8243; _module_preset=&#8221;default&#8221; bottom_divider_color=&#8221;#FFFFFF&#8221; bottom_divider_height=&#8221;82px&#8221; bottom_divider_flip=&#8221;horizontal&#8221; locked=&#8221;off&#8221; global_colors_info=&#8221;{}&#8221;][et_pb_fullwidth_header title=&#8221;Caleira de prote\u00e7\u00e3o contra folhas&#8221; subhead=&#8221;Para que possas dormir tranquilamente&#8221; _builder_version=&#8221;4.25.0&#8243; _module_preset=&#8221;default&#8221; title_font=&#8221;|800|||||||&#8221; title_font_size=&#8221;45px&#8221; background_image=&#8221;https:\/\/dari-system.com\/wp-content\/uploads\/2024\/05\/header_background.webp&#8221; background_position=&#8221;bottom_center&#8221; custom_padding=&#8221;8vh||8vh||true|false&#8221; title_font_size_tablet=&#8221;45px&#8221; title_font_size_phone=&#8221;29px&#8221; title_font_size_last_edited=&#8221;on|phone&#8221; content_font_size_tablet=&#8221;&#8221; content_font_size_phone=&#8221;17px&#8221; content_font_size_last_edited=&#8221;on|phone&#8221; global_colors_info=&#8221;{}&#8221;][\/et_pb_fullwidth_header][\/et_pb_section][et_pb_section fb_built=&#8221;1&#8243; _builder_version=&#8221;4.25.0&#8243; _module_preset=&#8221;default&#8221; custom_margin=&#8221;||0px||false|false&#8221; custom_padding=&#8221;||0px||false|false&#8221; global_colors_info=&#8221;{}&#8221;][et_pb_row column_structure=&#8221;1_2,1_2&#8243; _builder_version=&#8221;4.25.0&#8243; _module_preset=&#8221;default&#8221; global_colors_info=&#8221;{}&#8221;][et_pb_column type=&#8221;1_2&#8243; _builder_version=&#8221;4.25.0&#8243; _module_preset=&#8221;default&#8221; global_colors_info=&#8221;{}&#8221;][et_pb_text _builder_version=&#8221;4.25.0&#8243; _module_preset=&#8221;default&#8221; header_2_font=&#8221;|700|||||||&#8221; global_colors_info=&#8221;{}&#8221;]<\/p>\n<h2><strong>A prote\u00e7\u00e3o de folhas ideal para a tua caleira<\/strong><\/h2>\n<p>Tamb\u00e9m conheces o problema de ter noites sem dormir no outono porque est\u00e1s preocupado com o facto de a tua caleira ou caleiras poderem ficar entupidas com folhas e transbordar quando chove?<br \/>\nTodos os propriet\u00e1rios est\u00e3o provavelmente familiarizados com esta situa\u00e7\u00e3o.<br \/>\n\u00c9 por isso que queres uma prote\u00e7\u00e3o contra as folhas para o teu algeroz ou caleiras, para que possas voltar a dormir tranquilamente.<br \/>\nIsto porque uma prote\u00e7\u00e3o contra as folhas para o algeroz pode impedir eficazmente que as folhas, o musgo, os pequenos ramos ou as agulhas caiam no algeroz ou na caleira.<br \/>\nUma <strong>prote\u00e7\u00e3o contra as folhas para a caleira<\/strong> \u00e9 uma solu\u00e7\u00e3o particularmente eficaz para poupar muito trabalho.    <\/p>\n<p>[\/et_pb_text][\/et_pb_column][et_pb_column type=&#8221;1_2&#8243; _builder_version=&#8221;4.25.0&#8243; _module_preset=&#8221;default&#8221; global_colors_info=&#8221;{}&#8221;][et_pb_image src=&#8221;https:\/\/dari-system.com\/wp-content\/uploads\/2024\/06\/laubschutz-dachrinne.webp&#8221; alt=&#8221;Caleira de prote\u00e7\u00e3o contra folhas&#8221; title_text=&#8221;caleiras de prote\u00e7\u00e3o de folhas&#8221; _builder_version=&#8221;4.25.0&#8243; _module_preset=&#8221;default&#8221; custom_margin=&#8221;||5px||false|false&#8221; global_colors_info=&#8221;{}&#8221;][\/et_pb_image][et_pb_text _builder_version=&#8221;4.25.0&#8243; _module_preset=&#8221;default&#8221; custom_margin=&#8221;0px||||false|false&#8221; global_colors_info=&#8221;{}&#8221;]<\/p>\n<p style=\"text-align: center;\"><em>DaRi-System caleira de prote\u00e7\u00e3o de folhas<\/em><\/p>\n<p>[\/et_pb_text][\/et_pb_column][\/et_pb_row][\/et_pb_section][et_pb_section fb_built=&#8221;1&#8243; _builder_version=&#8221;4.25.0&#8243; _module_preset=&#8221;default&#8221; custom_margin=&#8221;0px||||false|false&#8221; custom_padding=&#8221;0px||||false|false&#8221; global_colors_info=&#8221;{}&#8221;][et_pb_row _builder_version=&#8221;4.25.0&#8243; _module_preset=&#8221;default&#8221; global_colors_info=&#8221;{}&#8221;][et_pb_column type=&#8221;4_4&#8243; _builder_version=&#8221;4.25.0&#8243; _module_preset=&#8221;default&#8221; global_colors_info=&#8221;{}&#8221;][et_pb_text _builder_version=&#8221;4.25.0&#8243; _module_preset=&#8221;default&#8221; header_2_font=&#8221;|700|||||||&#8221; hover_enabled=&#8221;0&#8243; global_colors_info=&#8221;{}&#8221; sticky_enabled=&#8221;0&#8243;]<\/p>\n<h2>Prote\u00e7\u00e3o contra as folhas para a sarjeta &#8211; n\u00e3o \u00e9 um luxo, mas \u00e9 necess\u00e1ria para todas as sarjetas<\/h2>\n<p>Uma prote\u00e7\u00e3o contra as folhas para a tua caleira n\u00e3o \u00e9 um luxo.<br \/>\nSe tiveres em conta o esfor\u00e7o que tens de fazer para limpar o teu algeroz v\u00e1rias vezes por ano, podes facilitar a tua vida instalando uma prote\u00e7\u00e3o contra as folhas no teu algeroz ou na tua caleira.<br \/>\nCom efeito, a limpeza do algeroz n\u00e3o \u00e9 apenas fastidiosa, mas tamb\u00e9m perigosa.<br \/>\nQuanto mais velho fores, maior \u00e9 o risco de acidentes.<br \/>\nAfinal de contas, a caleira est\u00e1 a v\u00e1rios metros do ch\u00e3o.<br \/>\nCom uma prote\u00e7\u00e3o contra as folhas para a caleira, n\u00e3o s\u00f3 poupa um trabalho desagrad\u00e1vel, como tamb\u00e9m reduz o risco de acidentes e faz algo pela sua sa\u00fade.<br \/>\nAs caleiras dos jardins de inverno, das coberturas e das varandas n\u00e3o s\u00e3o muitas vezes normalizadas.<br \/>\nNormalmente, instalam-se aqui caleiras de caixa estreita.<br \/>\nEncontrar uma prote\u00e7\u00e3o contra as folhas para a caleira n\u00e3o \u00e9 assim t\u00e3o f\u00e1cil.<br \/>\nNo entanto, a nossa gama inclui protectores de folhas n\u00e3o s\u00f3 para caleiras normais e semi-circulares, mas tamb\u00e9m para caleiras de caixa de diferentes larguras.<br \/>\nIsto permite-te proteger de bloqueios mesmo as caleiras estreitas.          <\/p>\n<h2>Compra apenas prote\u00e7\u00e3o de folhas de alta qualidade para a caleira<\/h2>\n<p>Se est\u00e1s realmente \u00e0 procura de uma prote\u00e7\u00e3o de folhas de alta qualidade e duradoura para a tua caleira, ent\u00e3o vieste ao s\u00edtio certo.<br \/>\nH\u00e1 20 anos que lidamos com o tema da prote\u00e7\u00e3o das folhas para caleiras e caleiras de caixa e estamos sempre \u00e0 procura das melhores solu\u00e7\u00f5es para os nossos clientes.<br \/>\nSomos especialistas absolutos neste dom\u00ednio e uma prote\u00e7\u00e3o contra as folhas para caleiras da nossa empresa \u00e9 da mais alta qualidade e durabilidade.  <\/p>\n<h2><em>O servi\u00e7o<\/em> \u00e9 a nossa principal prioridade.<br \/>\nTamb\u00e9m para prote\u00e7\u00e3o das folhas na sarjeta <\/h2>\n<p>H\u00e1 20 anos que somos especialistas em todos os tipos de prote\u00e7\u00e3o de folhas para caleiras.<br \/>\nTodos os sistemas foram concebidos e testados por n\u00f3s e s\u00e3o atualmente fabricados na Alemanha.<br \/>\nPodes enviar-nos fotografias da tua caleira e aconselhar-te-emos gratuitamente sobre qual a prote\u00e7\u00e3o de folhas para a caleira ou caleiras mais adequada para ti.  <\/p>\n<h2>Poupa dinheiro com uma prote\u00e7\u00e3o contra as folhas para a sarjeta<\/h2>\n<p>J\u00e1 pensaste no que pode acontecer se a tua caleira ficar entupida e transbordar quando chove?<br \/>\nAt\u00e9 a tua cave pode encher-se de \u00e1gua atrav\u00e9s do po\u00e7o de luz.<br \/>\nUma prote\u00e7\u00e3o contra as folhas para o algeroz evita este risco e poupa-te muito dinheiro.<\/p>\n<p>Afinal, uma prote\u00e7\u00e3o contra as folhas para o algeroz \u00e9 um investimento \u00fanico e, a longo prazo, ter\u00e1s paz e sossego no teu telhado. Uma prote\u00e7\u00e3o contra as folhas para o algeroz facilita a tua vida Com uma prote\u00e7\u00e3o contra as folhas para o algeroz ou para a caleira, podes ir de f\u00e9rias no outono sem teres de te preocupar com o entupimento do algeroz.<br \/>\nA tua vida ser\u00e1 mais f\u00e1cil e poder\u00e1s concentrar-te em coisas mais agrad\u00e1veis quando souberes que a tua caleira est\u00e1 permanentemente protegida por uma prote\u00e7\u00e3o contra as folhas.    <\/p>\n<p>Isto tamb\u00e9m pode ser do teu interesse:<\/p>\n<ul>\n<li><a href=\"https:\/\/dari-system.com\/pt-pt\/caleira-de-protecao-contra-folhas\/\" title=\"Caleira de prote\u00e7\u00e3o contra folhas\">Prote\u00e7\u00e3o contra as folhas para a caleira<\/a><\/li>\n<li><a href=\"https:\/\/dari-system.com\/pt-pt\/calhas-de-chuva-guarda-folhas\/\" title=\"Calhas de chuva Guarda-folhas\">Calhas de chuva Guarda-folhas<\/a><\/li>\n<li><a href=\"https:\/\/dari-system.com\/pt-pt\/caleira-de-protecao-contra-folhas-2\/\" title=\"Caleira de prote\u00e7\u00e3o contra folhas\">Prote\u00e7\u00e3o contra as folhas para a caleira<\/a><\/li>\n<li><a href=\"https:\/\/dari-system.com\/pt-pt\/tampa-da-caleira\/\" title=\"Tampa da caleira\">  Tampa da caleira  <\/a><\/li>\n<\/ul>\n<p>[\/et_pb_text][\/et_pb_column][\/et_pb_row][\/et_pb_section]<\/p>\n","protected":false},"excerpt":{"rendered":"<p>A prote\u00e7\u00e3o de folhas ideal para a tua caleira Tamb\u00e9m conheces o problema de ter noites sem dormir no outono porque est\u00e1s preocupado com o facto de a tua caleira ou caleiras poderem ficar entupidas com folhas e transbordar quando chove? Todos os propriet\u00e1rios est\u00e3o provavelmente familiarizados com esta situa\u00e7\u00e3o. \u00c9 por isso que queres [&hellip;]<\/p>\n","protected":false},"author":1,"featured_media":0,"parent":0,"menu_order":0,"comment_status":"closed","ping_status":"closed","template":"","meta":{"_et_pb_use_builder":"on","_et_pb_old_content":"","_et_gb_content_width":"","iawp_total_views":27,"footnotes":""},"dipi_cpt_category":[],"class_list":["post-25548453","page","type-page","status-publish","hentry"],"yoast_head":"<!-- This site is optimized with the Yoast SEO plugin v27.4 - https:\/\/yoast.com\/product\/yoast-seo-wordpress\/ -->\n<title>Prote\u00e7\u00e3o \u00f3ptima das folhas para a tua caleira com DaRi-System<\/title>\n<meta name=\"description\" content=\"DaRi protege a tua caleira com a prote\u00e7\u00e3o de folhas de alta qualidade. Deixa de ter o inc\u00f3modo de retirar as folhas. Descobre mais!\" \/>\n<meta name=\"robots\" content=\"index, follow, max-snippet:-1, max-image-preview:large, max-video-preview:-1\" \/>\n<link rel=\"canonical\" href=\"https:\/\/dari-system.com\/pt-pt\/caleira-de-protecao-contra-folhas-2\/\" \/>\n<meta property=\"og:locale\" content=\"pt_PT\" \/>\n<meta property=\"og:type\" content=\"article\" \/>\n<meta property=\"og:title\" content=\"Prote\u00e7\u00e3o \u00f3ptima das folhas para a tua caleira com DaRi-System\" \/>\n<meta property=\"og:description\" content=\"DaRi protege a tua caleira com a prote\u00e7\u00e3o de folhas de alta qualidade. Deixa de ter o inc\u00f3modo de retirar as folhas. Descobre mais!\" \/>\n<meta property=\"og:url\" content=\"https:\/\/dari-system.com\/pt-pt\/caleira-de-protecao-contra-folhas-2\/\" \/>\n<meta property=\"og:site_name\" content=\"DaRi System\" \/>\n<meta property=\"article:modified_time\" content=\"2024-08-20T10:35:21+00:00\" \/>\n<meta name=\"twitter:card\" content=\"summary_large_image\" \/>\n<meta name=\"twitter:label1\" content=\"Tempo estimado de leitura\" \/>\n\t<meta name=\"twitter:data1\" content=\"5 minutos\" \/>\n<script type=\"application\/ld+json\" class=\"yoast-schema-graph\">{\"@context\":\"https:\\\/\\\/schema.org\",\"@graph\":[{\"@type\":\"WebPage\",\"@id\":\"https:\\\/\\\/dari-system.com\\\/pt-pt\\\/caleira-de-protecao-contra-folhas-2\\\/\",\"url\":\"https:\\\/\\\/dari-system.com\\\/pt-pt\\\/caleira-de-protecao-contra-folhas-2\\\/\",\"name\":\"Prote\u00e7\u00e3o \u00f3ptima das folhas para a tua caleira com DaRi-System\",\"isPartOf\":{\"@id\":\"https:\\\/\\\/dari-system.com\\\/pt-pt\\\/#website\"},\"datePublished\":\"2024-06-19T09:23:15+00:00\",\"dateModified\":\"2024-08-20T10:35:21+00:00\",\"description\":\"DaRi protege a tua caleira com a prote\u00e7\u00e3o de folhas de alta qualidade. Deixa de ter o inc\u00f3modo de retirar as folhas. Descobre mais!\",\"breadcrumb\":{\"@id\":\"https:\\\/\\\/dari-system.com\\\/pt-pt\\\/caleira-de-protecao-contra-folhas-2\\\/#breadcrumb\"},\"inLanguage\":\"pt-PT\",\"potentialAction\":[{\"@type\":\"ReadAction\",\"target\":[\"https:\\\/\\\/dari-system.com\\\/pt-pt\\\/caleira-de-protecao-contra-folhas-2\\\/\"]}]},{\"@type\":\"BreadcrumbList\",\"@id\":\"https:\\\/\\\/dari-system.com\\\/pt-pt\\\/caleira-de-protecao-contra-folhas-2\\\/#breadcrumb\",\"itemListElement\":[{\"@type\":\"ListItem\",\"position\":1,\"name\":\"Startseite\",\"item\":\"https:\\\/\\\/dari-system.com\\\/pt-pt\\\/\"},{\"@type\":\"ListItem\",\"position\":2,\"name\":\"Caleira de prote\u00e7\u00e3o contra folhas\"}]},{\"@type\":\"WebSite\",\"@id\":\"https:\\\/\\\/dari-system.com\\\/pt-pt\\\/#website\",\"url\":\"https:\\\/\\\/dari-system.com\\\/pt-pt\\\/\",\"name\":\"DaRi System\",\"description\":\"\",\"potentialAction\":[{\"@type\":\"SearchAction\",\"target\":{\"@type\":\"EntryPoint\",\"urlTemplate\":\"https:\\\/\\\/dari-system.com\\\/pt-pt\\\/?s={search_term_string}\"},\"query-input\":{\"@type\":\"PropertyValueSpecification\",\"valueRequired\":true,\"valueName\":\"search_term_string\"}}],\"inLanguage\":\"pt-PT\"}]}<\/script>\n<!-- \/ Yoast SEO plugin. -->","yoast_head_json":{"title":"Prote\u00e7\u00e3o \u00f3ptima das folhas para a tua caleira com DaRi-System","description":"DaRi protege a tua caleira com a prote\u00e7\u00e3o de folhas de alta qualidade. Deixa de ter o inc\u00f3modo de retirar as folhas. Descobre mais!","robots":{"index":"index","follow":"follow","max-snippet":"max-snippet:-1","max-image-preview":"max-image-preview:large","max-video-preview":"max-video-preview:-1"},"canonical":"https:\/\/dari-system.com\/pt-pt\/caleira-de-protecao-contra-folhas-2\/","og_locale":"pt_PT","og_type":"article","og_title":"Prote\u00e7\u00e3o \u00f3ptima das folhas para a tua caleira com DaRi-System","og_description":"DaRi protege a tua caleira com a prote\u00e7\u00e3o de folhas de alta qualidade. Deixa de ter o inc\u00f3modo de retirar as folhas. Descobre mais!","og_url":"https:\/\/dari-system.com\/pt-pt\/caleira-de-protecao-contra-folhas-2\/","og_site_name":"DaRi System","article_modified_time":"2024-08-20T10:35:21+00:00","twitter_card":"summary_large_image","twitter_misc":{"Tempo estimado de leitura":"5 minutos"},"schema":{"@context":"https:\/\/schema.org","@graph":[{"@type":"WebPage","@id":"https:\/\/dari-system.com\/pt-pt\/caleira-de-protecao-contra-folhas-2\/","url":"https:\/\/dari-system.com\/pt-pt\/caleira-de-protecao-contra-folhas-2\/","name":"Prote\u00e7\u00e3o \u00f3ptima das folhas para a tua caleira com DaRi-System","isPartOf":{"@id":"https:\/\/dari-system.com\/pt-pt\/#website"},"datePublished":"2024-06-19T09:23:15+00:00","dateModified":"2024-08-20T10:35:21+00:00","description":"DaRi protege a tua caleira com a prote\u00e7\u00e3o de folhas de alta qualidade. Deixa de ter o inc\u00f3modo de retirar as folhas. Descobre mais!","breadcrumb":{"@id":"https:\/\/dari-system.com\/pt-pt\/caleira-de-protecao-contra-folhas-2\/#breadcrumb"},"inLanguage":"pt-PT","potentialAction":[{"@type":"ReadAction","target":["https:\/\/dari-system.com\/pt-pt\/caleira-de-protecao-contra-folhas-2\/"]}]},{"@type":"BreadcrumbList","@id":"https:\/\/dari-system.com\/pt-pt\/caleira-de-protecao-contra-folhas-2\/#breadcrumb","itemListElement":[{"@type":"ListItem","position":1,"name":"Startseite","item":"https:\/\/dari-system.com\/pt-pt\/"},{"@type":"ListItem","position":2,"name":"Caleira de prote\u00e7\u00e3o contra folhas"}]},{"@type":"WebSite","@id":"https:\/\/dari-system.com\/pt-pt\/#website","url":"https:\/\/dari-system.com\/pt-pt\/","name":"DaRi System","description":"","potentialAction":[{"@type":"SearchAction","target":{"@type":"EntryPoint","urlTemplate":"https:\/\/dari-system.com\/pt-pt\/?s={search_term_string}"},"query-input":{"@type":"PropertyValueSpecification","valueRequired":true,"valueName":"search_term_string"}}],"inLanguage":"pt-PT"}]}},"_links":{"self":[{"href":"https:\/\/dari-system.com\/pt-pt\/wp-json\/wp\/v2\/pages\/25548453","targetHints":{"allow":["GET"]}}],"collection":[{"href":"https:\/\/dari-system.com\/pt-pt\/wp-json\/wp\/v2\/pages"}],"about":[{"href":"https:\/\/dari-system.com\/pt-pt\/wp-json\/wp\/v2\/types\/page"}],"author":[{"embeddable":true,"href":"https:\/\/dari-system.com\/pt-pt\/wp-json\/wp\/v2\/users\/1"}],"replies":[{"embeddable":true,"href":"https:\/\/dari-system.com\/pt-pt\/wp-json\/wp\/v2\/comments?post=25548453"}],"version-history":[{"count":10,"href":"https:\/\/dari-system.com\/pt-pt\/wp-json\/wp\/v2\/pages\/25548453\/revisions"}],"predecessor-version":[{"id":25548480,"href":"https:\/\/dari-system.com\/pt-pt\/wp-json\/wp\/v2\/pages\/25548453\/revisions\/25548480"}],"wp:attachment":[{"href":"https:\/\/dari-system.com\/pt-pt\/wp-json\/wp\/v2\/media?parent=25548453"}],"wp:term":[{"taxonomy":"dipi_cpt_category","embeddable":true,"href":"https:\/\/dari-system.com\/pt-pt\/wp-json\/wp\/v2\/dipi_cpt_category?post=25548453"}],"curies":[{"name":"wp","href":"https:\/\/api.w.org\/{rel}","templated":true}]}}