{"id":25548281,"date":"2024-05-23T13:32:49","date_gmt":"2024-05-23T13:32:49","guid":{"rendered":"https:\/\/dari-system.com\/gtc\/"},"modified":"2024-08-20T10:28:27","modified_gmt":"2024-08-20T10:28:27","slug":"gtc","status":"publish","type":"page","link":"https:\/\/dari-system.com\/pt-pt\/gtc\/","title":{"rendered":"GTC"},"content":{"rendered":"<p>[et_pb_section fb_built=&#8221;1&#8243; fullwidth=&#8221;on&#8221; _builder_version=&#8221;4.25.0&#8243; _module_preset=&#8221;default&#8221; bottom_divider_color=&#8221;#FFFFFF&#8221; bottom_divider_height=&#8221;82px&#8221; bottom_divider_flip=&#8221;horizontal&#8221; locked=&#8221;off&#8221; global_colors_info=&#8221;{}&#8221; theme_builder_area=&#8221;post_content&#8221;][et_pb_fullwidth_header title=&#8221;Termos e condi\u00e7\u00f5es gerais&#8221; _builder_version=&#8221;4.25.0&#8243; _module_preset=&#8221;default&#8221; title_font=&#8221;|800|||||||&#8221; title_font_size=&#8221;45px&#8221; background_image=&#8221;https:\/\/dari-system.com\/wp-content\/uploads\/2024\/05\/header_background.webp&#8221; background_position=&#8221;bottom_center&#8221; custom_padding=&#8221;8vh||8vh||true|false&#8221; hover_enabled=&#8221;0&#8243; title_font_size_tablet=&#8221;45px&#8221; title_font_size_phone=&#8221;29px&#8221; title_font_size_last_edited=&#8221;on|phone&#8221; content_font_size_tablet=&#8221;&#8221; content_font_size_phone=&#8221;17px&#8221; content_font_size_last_edited=&#8221;on|phone&#8221; global_colors_info=&#8221;{}&#8221; theme_builder_area=&#8221;post_content&#8221; sticky_enabled=&#8221;0&#8243;][\/et_pb_fullwidth_header][\/et_pb_section][et_pb_section fb_built=&#8221;1&#8243; theme_builder_area=&#8221;post_content&#8221; _builder_version=&#8221;4.25.0&#8243; _module_preset=&#8221;default&#8221;][et_pb_row _builder_version=&#8221;4.25.0&#8243; _module_preset=&#8221;default&#8221; theme_builder_area=&#8221;post_content&#8221;][et_pb_column _builder_version=&#8221;4.25.0&#8243; _module_preset=&#8221;default&#8221; type=&#8221;4_4&#8243; theme_builder_area=&#8221;post_content&#8221;][et_pb_text _builder_version=&#8221;4.25.0&#8243; _module_preset=&#8221;default&#8221; theme_builder_area=&#8221;post_content&#8221; hover_enabled=&#8221;0&#8243; sticky_enabled=&#8221;0&#8243;]<\/p>\n<h2>GTC<\/h2>\n<p>\u00a7 <strong>1 \u00c2mbito de aplica\u00e7\u00e3o e cl\u00e1usula de defesa<\/strong> (1) Os seguintes Termos e Condi\u00e7\u00f5es Gerais na respectiva vers\u00e3o no momento da encomenda aplicam-se exclusivamente \u00e0s rela\u00e7\u00f5es jur\u00eddicas entre o operador da loja (doravante &#8220;Fornecedor&#8221;) e os seus clientes estabelecidas atrav\u00e9s desta loja na Internet. (2) Os Termos e Condi\u00e7\u00f5es Gerais divergentes do cliente s\u00f3 se tornam parte do contrato se o Fornecedor concordar expressamente com a sua validade.<\/p>\n<p>\u00a7 <strong>2 Celebra\u00e7\u00e3o do contrato<\/strong> (1) A apresenta\u00e7\u00e3o das mercadorias na loja na Internet n\u00e3o constitui uma oferta vinculativa do fornecedor para celebrar um contrato de compra.<br \/>\nO cliente \u00e9 apenas convidado a apresentar uma proposta atrav\u00e9s de uma encomenda. <br \/>(2) Ao enviar a encomenda na loja da Internet, o cliente apresenta uma proposta vinculativa para a celebra\u00e7\u00e3o de um contrato de compra e venda dos produtos contidos no cesto de compras.<br \/>\nAo enviar a encomenda, o cliente reconhece igualmente que as presentes condi\u00e7\u00f5es s\u00e3o as \u00fanicas aplic\u00e1veis \u00e0 rela\u00e7\u00e3o jur\u00eddica com o fornecedor. <br \/>(3) O fornecedor confirma a rece\u00e7\u00e3o da encomenda do cliente atrav\u00e9s do envio de um e-mail de confirma\u00e7\u00e3o.<br \/>\nEsta confirma\u00e7\u00e3o da encomenda n\u00e3o constitui uma aceita\u00e7\u00e3o da proposta de contrato por parte do prestador.<br \/>\nServe apenas para informar o cliente de que a encomenda foi recebida pelo fornecedor.<br \/>\nO contrato de compra s\u00f3 \u00e9 celebrado quando o fornecedor emite uma declara\u00e7\u00e3o de aceita\u00e7\u00e3o, quer atrav\u00e9s de uma declara\u00e7\u00e3o expressa, quer atrav\u00e9s da entrega dos bens.   <\/p>\n<p>\u00a7 <strong>3 Reserva de propriedade<\/strong> As mercadorias entregues continuam a ser propriedade do fornecedor at\u00e9 ao pagamento integral.<\/p>\n<p>\u00a7 4 Data de vencimento <strong> O pagamento do pre\u00e7o de compra \u00e9 devido aquando da celebra\u00e7\u00e3o do contrato.<\/strong><\/p>\n<p>\u00a7 <strong>5 Garantia<\/strong> (1) Os direitos de garantia do cliente s\u00e3o regidos pelas disposi\u00e7\u00f5es legais gerais, salvo indica\u00e7\u00e3o em contr\u00e1rio abaixo.<br \/>\nO disposto no \u00a7 6 das presentes CGV aplica-se aos pedidos de indemniza\u00e7\u00e3o do cliente contra o fornecedor. <br \/>(2) Os direitos de garantia diferem consoante o cliente seja ou n\u00e3o um consumidor.<br \/>\nUm consumidor \u00e9 qualquer pessoa singular que conclua um neg\u00f3cio jur\u00eddico com um objetivo que n\u00e3o possa ser atribu\u00eddo \u00e0 sua atividade comercial ou profissional independente. <br \/>(3) O prazo de prescri\u00e7\u00e3o para os pedidos de garantia do cliente \u00e9 de 2 anos para os artigos recentemente fabricados para os consumidores.<br \/>\nPara os empres\u00e1rios, o prazo de prescri\u00e7\u00e3o \u00e9 de 2 anos para os artigos recentemente fabricados e de 2 anos para os artigos usados. <br \/>(4) A garantia n\u00e3o \u00e9 declarada pelo prestador.<\/p>\n<p>\u00a7 <strong>6 Exclus\u00e3o de responsabilidade<\/strong> (1) Excluem-se os pedidos de indemniza\u00e7\u00e3o por parte do cliente, salvo indica\u00e7\u00e3o em contr\u00e1rio abaixo.<br \/>\nA exclus\u00e3o de responsabilidade acima referida aplica-se tamb\u00e9m aos representantes legais e agentes do fornecedor, desde que o cliente apresente queixas contra eles. <br \/>(2) Exclu\u00eddos da exclus\u00e3o de responsabilidade estipulada na Sec\u00e7\u00e3o 1 est\u00e3o os pedidos de indemniza\u00e7\u00e3o por danos causados \u00e0 vida, \u00e0 integridade f\u00edsica ou \u00e0 sa\u00fade e os pedidos de indemniza\u00e7\u00e3o por danos resultantes da viola\u00e7\u00e3o de obriga\u00e7\u00f5es contratuais essenciais.<br \/>\nAs obriga\u00e7\u00f5es contratuais essenciais s\u00e3o aquelas cujo cumprimento \u00e9 necess\u00e1rio para atingir o objetivo do contrato, por exemplo, o fornecedor deve entregar o artigo ao cliente sem defeitos materiais e de propriedade e obter a propriedade do mesmo.<br \/>\nTamb\u00e9m est\u00e1 exclu\u00edda da exclus\u00e3o de responsabilidade a responsabilidade por danos resultantes de uma viola\u00e7\u00e3o intencional ou por neglig\u00eancia grosseira do dever por parte do fornecedor, dos seus representantes legais ou agentes indiretos.  <br \/>(3) As disposi\u00e7\u00f5es da lei alem\u00e3 de responsabilidade pelo produto (ProdHaftG) n\u00e3o s\u00e3o afectadas.<\/p>\n<p>\u00a7 <strong>7 Escolha da lei e local de jurisdi\u00e7\u00e3o<\/strong> (1) A lei da Rep\u00fablica Federal da Alemanha aplica-se \u00e0 rela\u00e7\u00e3o contratual entre o fornecedor e o cliente.<br \/>\nExcluem-se desta escolha de lei os regulamentos obrigat\u00f3rios de prote\u00e7\u00e3o do consumidor do pa\u00eds em que o cliente tem a sua resid\u00eancia habitual.<br \/>\nFica exclu\u00edda a aplica\u00e7\u00e3o da Conven\u00e7\u00e3o das Na\u00e7\u00f5es Unidas sobre Contratos de Compra e Venda Internacional de Mercadorias.  <br \/>(2) O local de jurisdi\u00e7\u00e3o para todos os lit\u00edgios decorrentes da rela\u00e7\u00e3o contratual entre o cliente e o prestador \u00e9 a sede do prestador, desde que o cliente seja um comerciante, uma pessoa colectiva de direito p\u00fablico ou um fundo especial de direito p\u00fablico.<\/p>\n<p>\u00a7 <strong>8 Cl\u00e1usula de exclus\u00e3o<\/strong> (1) As presentes Condi\u00e7\u00f5es Gerais de Venda cont\u00eam todos os direitos e obriga\u00e7\u00f5es das partes contratantes. (2) A l\u00edngua contratual \u00e9 o alem\u00e3o. (3) Se uma ou mais disposi\u00e7\u00f5es das presentes Condi\u00e7\u00f5es Gerais de Venda forem ou se tornarem inv\u00e1lidas ou contiverem uma lacuna, as partes contratantes comprometem-se a encetar negocia\u00e7\u00f5es com o objetivo de substituir ou completar a disposi\u00e7\u00e3o inv\u00e1lida ou incompleta com um acordo individual adequado que corresponda, tanto quanto poss\u00edvel, ao objetivo econ\u00f3mico da disposi\u00e7\u00e3o pretendida.<br \/>\nA validade das restantes disposi\u00e7\u00f5es n\u00e3o \u00e9 afetada. <\/p>\n<p>[\/et_pb_text][\/et_pb_column][\/et_pb_row][\/et_pb_section]<\/p>\n","protected":false},"excerpt":{"rendered":"<p>GTC \u00a7 1 \u00c2mbito de aplica\u00e7\u00e3o e cl\u00e1usula de defesa (1) Os seguintes Termos e Condi\u00e7\u00f5es Gerais na respectiva vers\u00e3o no momento da encomenda aplicam-se exclusivamente \u00e0s rela\u00e7\u00f5es jur\u00eddicas entre o operador da loja (doravante &#8220;Fornecedor&#8221;) e os seus clientes estabelecidas atrav\u00e9s desta loja na Internet. (2) Os Termos e Condi\u00e7\u00f5es Gerais divergentes do cliente [&hellip;]<\/p>\n","protected":false},"author":1,"featured_media":0,"parent":0,"menu_order":0,"comment_status":"closed","ping_status":"closed","template":"","meta":{"_et_pb_use_builder":"on","_et_pb_old_content":"","_et_gb_content_width":"","iawp_total_views":1,"footnotes":""},"dipi_cpt_category":[],"class_list":["post-25548281","page","type-page","status-publish","hentry"],"yoast_head":"<!-- This site is optimized with the Yoast SEO plugin v27.4 - https:\/\/yoast.com\/product\/yoast-seo-wordpress\/ -->\n<title>GTC - DaRi System<\/title>\n<meta name=\"robots\" content=\"index, follow, max-snippet:-1, max-image-preview:large, max-video-preview:-1\" \/>\n<link rel=\"canonical\" href=\"https:\/\/dari-system.com\/pt-pt\/gtc\/\" \/>\n<meta property=\"og:locale\" content=\"pt_PT\" \/>\n<meta property=\"og:type\" content=\"article\" \/>\n<meta property=\"og:title\" content=\"GTC - DaRi System\" \/>\n<meta property=\"og:description\" content=\"GTC \u00a7 1 \u00c2mbito de aplica\u00e7\u00e3o e cl\u00e1usula de defesa (1) Os seguintes Termos e Condi\u00e7\u00f5es Gerais na respectiva vers\u00e3o no momento da encomenda aplicam-se exclusivamente \u00e0s rela\u00e7\u00f5es jur\u00eddicas entre o operador da loja (doravante &quot;Fornecedor&quot;) e os seus clientes estabelecidas atrav\u00e9s desta loja na Internet. (2) Os Termos e Condi\u00e7\u00f5es Gerais divergentes do cliente [&hellip;]\" \/>\n<meta property=\"og:url\" content=\"https:\/\/dari-system.com\/pt-pt\/gtc\/\" \/>\n<meta property=\"og:site_name\" content=\"DaRi System\" \/>\n<meta property=\"article:modified_time\" content=\"2024-08-20T10:28:27+00:00\" \/>\n<meta name=\"twitter:card\" content=\"summary_large_image\" \/>\n<meta name=\"twitter:label1\" content=\"Tempo estimado de leitura\" \/>\n\t<meta name=\"twitter:data1\" content=\"5 minutos\" \/>\n<script type=\"application\/ld+json\" class=\"yoast-schema-graph\">{\"@context\":\"https:\\\/\\\/schema.org\",\"@graph\":[{\"@type\":\"WebPage\",\"@id\":\"https:\\\/\\\/dari-system.com\\\/pt-pt\\\/gtc\\\/\",\"url\":\"https:\\\/\\\/dari-system.com\\\/pt-pt\\\/gtc\\\/\",\"name\":\"GTC - DaRi System\",\"isPartOf\":{\"@id\":\"https:\\\/\\\/dari-system.com\\\/pt-pt\\\/#website\"},\"datePublished\":\"2024-05-23T13:32:49+00:00\",\"dateModified\":\"2024-08-20T10:28:27+00:00\",\"breadcrumb\":{\"@id\":\"https:\\\/\\\/dari-system.com\\\/pt-pt\\\/gtc\\\/#breadcrumb\"},\"inLanguage\":\"pt-PT\",\"potentialAction\":[{\"@type\":\"ReadAction\",\"target\":[\"https:\\\/\\\/dari-system.com\\\/pt-pt\\\/gtc\\\/\"]}]},{\"@type\":\"BreadcrumbList\",\"@id\":\"https:\\\/\\\/dari-system.com\\\/pt-pt\\\/gtc\\\/#breadcrumb\",\"itemListElement\":[{\"@type\":\"ListItem\",\"position\":1,\"name\":\"Startseite\",\"item\":\"https:\\\/\\\/dari-system.com\\\/pt-pt\\\/\"},{\"@type\":\"ListItem\",\"position\":2,\"name\":\"GTC\"}]},{\"@type\":\"WebSite\",\"@id\":\"https:\\\/\\\/dari-system.com\\\/pt-pt\\\/#website\",\"url\":\"https:\\\/\\\/dari-system.com\\\/pt-pt\\\/\",\"name\":\"DaRi System\",\"description\":\"\",\"potentialAction\":[{\"@type\":\"SearchAction\",\"target\":{\"@type\":\"EntryPoint\",\"urlTemplate\":\"https:\\\/\\\/dari-system.com\\\/pt-pt\\\/?s={search_term_string}\"},\"query-input\":{\"@type\":\"PropertyValueSpecification\",\"valueRequired\":true,\"valueName\":\"search_term_string\"}}],\"inLanguage\":\"pt-PT\"}]}<\/script>\n<!-- \/ Yoast SEO plugin. -->","yoast_head_json":{"title":"GTC - DaRi System","robots":{"index":"index","follow":"follow","max-snippet":"max-snippet:-1","max-image-preview":"max-image-preview:large","max-video-preview":"max-video-preview:-1"},"canonical":"https:\/\/dari-system.com\/pt-pt\/gtc\/","og_locale":"pt_PT","og_type":"article","og_title":"GTC - DaRi System","og_description":"GTC \u00a7 1 \u00c2mbito de aplica\u00e7\u00e3o e cl\u00e1usula de defesa (1) Os seguintes Termos e Condi\u00e7\u00f5es Gerais na respectiva vers\u00e3o no momento da encomenda aplicam-se exclusivamente \u00e0s rela\u00e7\u00f5es jur\u00eddicas entre o operador da loja (doravante \"Fornecedor\") e os seus clientes estabelecidas atrav\u00e9s desta loja na Internet. (2) Os Termos e Condi\u00e7\u00f5es Gerais divergentes do cliente [&hellip;]","og_url":"https:\/\/dari-system.com\/pt-pt\/gtc\/","og_site_name":"DaRi System","article_modified_time":"2024-08-20T10:28:27+00:00","twitter_card":"summary_large_image","twitter_misc":{"Tempo estimado de leitura":"5 minutos"},"schema":{"@context":"https:\/\/schema.org","@graph":[{"@type":"WebPage","@id":"https:\/\/dari-system.com\/pt-pt\/gtc\/","url":"https:\/\/dari-system.com\/pt-pt\/gtc\/","name":"GTC - DaRi System","isPartOf":{"@id":"https:\/\/dari-system.com\/pt-pt\/#website"},"datePublished":"2024-05-23T13:32:49+00:00","dateModified":"2024-08-20T10:28:27+00:00","breadcrumb":{"@id":"https:\/\/dari-system.com\/pt-pt\/gtc\/#breadcrumb"},"inLanguage":"pt-PT","potentialAction":[{"@type":"ReadAction","target":["https:\/\/dari-system.com\/pt-pt\/gtc\/"]}]},{"@type":"BreadcrumbList","@id":"https:\/\/dari-system.com\/pt-pt\/gtc\/#breadcrumb","itemListElement":[{"@type":"ListItem","position":1,"name":"Startseite","item":"https:\/\/dari-system.com\/pt-pt\/"},{"@type":"ListItem","position":2,"name":"GTC"}]},{"@type":"WebSite","@id":"https:\/\/dari-system.com\/pt-pt\/#website","url":"https:\/\/dari-system.com\/pt-pt\/","name":"DaRi System","description":"","potentialAction":[{"@type":"SearchAction","target":{"@type":"EntryPoint","urlTemplate":"https:\/\/dari-system.com\/pt-pt\/?s={search_term_string}"},"query-input":{"@type":"PropertyValueSpecification","valueRequired":true,"valueName":"search_term_string"}}],"inLanguage":"pt-PT"}]}},"_links":{"self":[{"href":"https:\/\/dari-system.com\/pt-pt\/wp-json\/wp\/v2\/pages\/25548281","targetHints":{"allow":["GET"]}}],"collection":[{"href":"https:\/\/dari-system.com\/pt-pt\/wp-json\/wp\/v2\/pages"}],"about":[{"href":"https:\/\/dari-system.com\/pt-pt\/wp-json\/wp\/v2\/types\/page"}],"author":[{"embeddable":true,"href":"https:\/\/dari-system.com\/pt-pt\/wp-json\/wp\/v2\/users\/1"}],"replies":[{"embeddable":true,"href":"https:\/\/dari-system.com\/pt-pt\/wp-json\/wp\/v2\/comments?post=25548281"}],"version-history":[{"count":1,"href":"https:\/\/dari-system.com\/pt-pt\/wp-json\/wp\/v2\/pages\/25548281\/revisions"}],"predecessor-version":[{"id":25548288,"href":"https:\/\/dari-system.com\/pt-pt\/wp-json\/wp\/v2\/pages\/25548281\/revisions\/25548288"}],"wp:attachment":[{"href":"https:\/\/dari-system.com\/pt-pt\/wp-json\/wp\/v2\/media?parent=25548281"}],"wp:term":[{"taxonomy":"dipi_cpt_category","embeddable":true,"href":"https:\/\/dari-system.com\/pt-pt\/wp-json\/wp\/v2\/dipi_cpt_category?post=25548281"}],"curies":[{"name":"wp","href":"https:\/\/api.w.org\/{rel}","templated":true}]}}