{"id":25548265,"date":"2024-05-23T13:32:49","date_gmt":"2024-05-23T13:32:49","guid":{"rendered":"https:\/\/dari-system.com\/impressao\/"},"modified":"2024-08-20T10:28:33","modified_gmt":"2024-08-20T10:28:33","slug":"impressao","status":"publish","type":"page","link":"https:\/\/dari-system.com\/pt-pt\/impressao\/","title":{"rendered":"Impress\u00e3o"},"content":{"rendered":"<p>[et_pb_section fb_built=&#8221;1&#8243; fullwidth=&#8221;on&#8221; _builder_version=&#8221;4.25.0&#8243; _module_preset=&#8221;default&#8221; bottom_divider_color=&#8221;#FFFFFF&#8221; bottom_divider_height=&#8221;82px&#8221; bottom_divider_flip=&#8221;horizontal&#8221; locked=&#8221;off&#8221; global_colors_info=&#8221;{}&#8221;][et_pb_fullwidth_header title=&#8221;Impress\u00e3o&#8221; _builder_version=&#8221;4.25.0&#8243; _module_preset=&#8221;default&#8221; title_font=&#8221;|800|||||||&#8221; title_font_size=&#8221;45px&#8221; background_image=&#8221;https:\/\/dari-system.com\/wp-content\/uploads\/2024\/05\/header_background.webp&#8221; background_position=&#8221;bottom_center&#8221; custom_padding=&#8221;8vh||8vh||true|false&#8221; title_font_size_tablet=&#8221;45px&#8221; title_font_size_phone=&#8221;29px&#8221; title_font_size_last_edited=&#8221;on|phone&#8221; content_font_size_tablet=&#8221;&#8221; content_font_size_phone=&#8221;17px&#8221; content_font_size_last_edited=&#8221;on|phone&#8221; global_colors_info=&#8221;{}&#8221;][\/et_pb_fullwidth_header][\/et_pb_section][et_pb_section fb_built=&#8221;1&#8243; _builder_version=&#8221;4.25.0&#8243; _module_preset=&#8221;default&#8221; global_colors_info=&#8221;{}&#8221;][et_pb_row _builder_version=&#8221;4.25.0&#8243; _module_preset=&#8221;default&#8221; global_colors_info=&#8221;{}&#8221;][et_pb_column type=&#8221;4_4&#8243; _builder_version=&#8221;4.25.0&#8243; _module_preset=&#8221;default&#8221; global_colors_info=&#8221;{}&#8221;][et_pb_text _builder_version=&#8221;4.25.0&#8243; _module_preset=&#8221;default&#8221; global_colors_info=&#8221;{}&#8221;]<\/p>\n<h2>Informa\u00e7\u00e3o de acordo com o \u00a7 5 TMG:<\/h2>\n<p>D<strong>aRi-Systemteile GmbH<\/strong> Rudolf-Nebel-Str.<\/p>\n<p>12 91781 Wei\u00dfenburg Representada por: Diretor Geral Dr. Eckhard Jentsch Registo comercial: Tribunal de Ansbach, HRB 4930 ID IVA: DE272707154 <\/p>\n<p>C<strong>ontacto<\/strong> Telefone: 09141 &#8211; 845 937 0 Fax: 09141 &#8211; 845 937 1 E-mail:<a href=\"mailto:info@dari-system.com\">&#8216;info@dari-system.com&#8217;<\/a><\/p>\n<p><strong>Respons\u00e1vel pelo conte\u00fado de acordo com \u00a7 55 Abs.<br \/>\n2 RStV: <\/strong><\/p>\n<p>Dr. Eckhard Jentsch Endere\u00e7o como acima<\/p>\n<p>Refer\u00eancia \u00e0 resolu\u00e7\u00e3o de lit\u00edgios na UE: A Comiss\u00e3o Europeia disponibiliza uma plataforma para a resolu\u00e7\u00e3o de lit\u00edgios em linha (OS):<\/p>\n<p><a href=\"http:\/\/ec.europa.eu\/consumer\/odr\">http:\/\/ec.europa.eu\/consumer\/odr<\/a><\/p>\n<p>A nossa empresa participa no programa de resolu\u00e7\u00e3o de lit\u00edgios da UE.<br \/>\nO nosso endere\u00e7o de correio eletr\u00f3nico para a plataforma de resolu\u00e7\u00e3o de lit\u00edgios em linha \u00e9:<a href=\"mailto:info@dari-system.com\">&#8220;info@dari-system.com<\/a> <\/p>\n<p><em>Fonte: criado com o <a href=\"http:\/\/www.e-recht24.de\/news\/ecommerce\/6048-impressum-gmbh.html\">gerador de impress\u00f5es Gesellschaft mit beschr\u00e4nkter Haftung (GmbH)<\/a> da eRecht24.<\/em><\/p>\n<p><strong>N\u00e3o te responsabilizes:<\/strong><\/p>\n<p>R<strong>esponsabilidade pelo conte\u00fado<\/strong> O conte\u00fado do nosso s\u00edtio Web foi criado com o m\u00e1ximo cuidado.<br \/>\nNo entanto, n\u00e3o podemos assumir qualquer responsabilidade pela exatid\u00e3o, integridade e atualidade dos conte\u00fados.<br \/>\nComo prestador de servi\u00e7os, somos respons\u00e1veis de acordo com o \u00a7 7 Abs.1<br \/>\nTMG, somos respons\u00e1veis pelo nosso pr\u00f3prio conte\u00fado nestas p\u00e1ginas, de acordo com as leis gerais.<br \/>\nNo entanto, de acordo com os \u00a7\u00a7 8 a 10 da TMG, n\u00f3s, como prestadores de servi\u00e7os, n\u00e3o somos obrigados a monitorizar informa\u00e7\u00f5es transmitidas ou armazenadas de terceiros ou a investigar circunst\u00e2ncias que indiquem atividade ilegal.<br \/>\nAs obriga\u00e7\u00f5es de remover ou bloquear a utiliza\u00e7\u00e3o de informa\u00e7\u00f5es, de acordo com a legisla\u00e7\u00e3o geral, n\u00e3o s\u00e3o afectadas por este facto.<br \/>\nNo entanto, a responsabilidade a este respeito s\u00f3 \u00e9 poss\u00edvel a partir do momento em que se tem conhecimento de uma infra\u00e7\u00e3o espec\u00edfica.<br \/>\nAssim que tivermos conhecimento de tais infrac\u00e7\u00f5es, removeremos imediatamente esse conte\u00fado.       <\/p>\n<p>R<strong>esponsabilidade pelos links<\/strong> O nosso s\u00edtio Web cont\u00e9m links para s\u00edtios Web externos de terceiros sobre cujo conte\u00fado n\u00e3o temos qualquer influ\u00eancia.<br \/>\nPor conseguinte, n\u00e3o podemos aceitar qualquer responsabilidade por este conte\u00fado de terceiros.<br \/>\nO respetivo fornecedor ou operador das p\u00e1ginas \u00e9 sempre respons\u00e1vel pelo conte\u00fado das p\u00e1ginas ligadas.<br \/>\nNo momento da liga\u00e7\u00e3o, as p\u00e1ginas ligadas foram verificadas quanto a poss\u00edveis viola\u00e7\u00f5es da lei.<br \/>\nN\u00e3o foram detectados conte\u00fados ilegais no momento da liga\u00e7\u00e3o.<br \/>\nNo entanto, o controlo permanente do conte\u00fado das p\u00e1ginas ligadas n\u00e3o \u00e9 razo\u00e1vel sem provas concretas de uma infra\u00e7\u00e3o.<br \/>\nSe tivermos conhecimento de quaisquer infrac\u00e7\u00f5es legais, removeremos imediatamente essas liga\u00e7\u00f5es.      <\/p>\n<p>D<strong>ireitos de autor<\/strong> Os conte\u00fados e trabalhos criados pelos operadores do site nestas p\u00e1ginas est\u00e3o sujeitos \u00e0 lei alem\u00e3 dos direitos de autor.<br \/>\nA duplica\u00e7\u00e3o, processamento, distribui\u00e7\u00e3o e qualquer tipo de utiliza\u00e7\u00e3o fora dos limites da lei de direitos de autor requerem o consentimento escrito do respetivo autor ou criador.<br \/>\nOs downloads e c\u00f3pias deste site s\u00f3 s\u00e3o permitidos para uso privado e n\u00e3o comercial.<br \/>\nNa medida em que o conte\u00fado deste s\u00edtio n\u00e3o foi criado pelo operador, os direitos de autor de terceiros s\u00e3o respeitados.<br \/>\nEm particular, os conte\u00fados de terceiros s\u00e3o assinalados como tal.<br \/>\nSe, no entanto, tiveres conhecimento de uma viola\u00e7\u00e3o de direitos de autor, informa-nos.<br \/>\nSe tivermos conhecimento de qualquer infra\u00e7\u00e3o, removeremos imediatamente esse conte\u00fado.      <\/p>\n<p>P<strong>rote\u00e7\u00e3o de dados<\/strong> A utiliza\u00e7\u00e3o do nosso s\u00edtio Web \u00e9 geralmente poss\u00edvel sem fornecer dados pessoais.<br \/>\nA recolha de dados pessoais (por exemplo, nome, morada ou endere\u00e7os de correio eletr\u00f3nico) no nosso s\u00edtio Web \u00e9 sempre feita, na medida do poss\u00edvel, de forma volunt\u00e1ria.<br \/>\n<br \/>Estes dados n\u00e3o ser\u00e3o transmitidos a terceiros sem o teu consentimento expresso. Gostar\u00edamos de salientar que a transmiss\u00e3o de dados atrav\u00e9s da Internet (por exemplo, ao comunicar por e-mail) pode apresentar falhas de seguran\u00e7a.<br \/>\n<br \/>Proibimos expressamente a utiliza\u00e7\u00e3o dos dados de contacto publicados no \u00e2mbito da nossa obriga\u00e7\u00e3o de notifica\u00e7\u00e3o legal para efeitos de envio de material publicit\u00e1rio e informativo n\u00e3o solicitado.<br \/>\nOs operadores deste s\u00edtio reservam-se expressamente o direito de tomar medidas legais em caso de envio n\u00e3o solicitado de informa\u00e7\u00f5es publicit\u00e1rias, tais como e-mails de spam.    <br \/><em>Fonte: <a href=\"http:\/\/www.e-recht24.de\/muster-disclaimer.htm\">Exonera\u00e7\u00e3o<\/a> de <a href=\"http:\/\/www.e-recht24.de\/muster-disclaimer.htm\">responsabilidade<\/a> do eRecht24, o portal de direito da Internet do <a href=\"http:\/\/www.e-recht24.de\/\">advogado<\/a> S\u00f6ren Siebert.<\/em><\/p>\n<p>[\/et_pb_text][\/et_pb_column][\/et_pb_row][\/et_pb_section]<\/p>\n","protected":false},"excerpt":{"rendered":"<p>Informa\u00e7\u00e3o de acordo com o \u00a7 5 TMG: DaRi-Systemteile GmbH Rudolf-Nebel-Str. 12 91781 Wei\u00dfenburg Representada por: Diretor Geral Dr. Eckhard Jentsch Registo comercial: Tribunal de Ansbach, HRB 4930 ID IVA: DE272707154 Contacto Telefone: 09141 &#8211; 845 937 0 Fax: 09141 &#8211; 845 937 1 E-mail:&#8217;info@dari-system.com&#8217; Respons\u00e1vel pelo conte\u00fado de acordo com \u00a7 55 Abs. 2 [&hellip;]<\/p>\n","protected":false},"author":1,"featured_media":0,"parent":0,"menu_order":0,"comment_status":"closed","ping_status":"closed","template":"","meta":{"_et_pb_use_builder":"on","_et_pb_old_content":"","_et_gb_content_width":"","iawp_total_views":0,"footnotes":""},"dipi_cpt_category":[],"class_list":["post-25548265","page","type-page","status-publish","hentry"],"yoast_head":"<!-- This site is optimized with the Yoast SEO plugin v27.4 - https:\/\/yoast.com\/product\/yoast-seo-wordpress\/ -->\n<title>Impress\u00e3o - DaRi System<\/title>\n<meta name=\"robots\" content=\"index, follow, max-snippet:-1, max-image-preview:large, max-video-preview:-1\" \/>\n<link rel=\"canonical\" href=\"https:\/\/dari-system.com\/pt-pt\/impressao\/\" \/>\n<meta property=\"og:locale\" content=\"pt_PT\" \/>\n<meta property=\"og:type\" content=\"article\" \/>\n<meta property=\"og:title\" content=\"Impress\u00e3o - DaRi System\" \/>\n<meta property=\"og:description\" content=\"Informa\u00e7\u00e3o de acordo com o \u00a7 5 TMG: DaRi-Systemteile GmbH Rudolf-Nebel-Str. 12 91781 Wei\u00dfenburg Representada por: Diretor Geral Dr. Eckhard Jentsch Registo comercial: Tribunal de Ansbach, HRB 4930 ID IVA: DE272707154 Contacto Telefone: 09141 - 845 937 0 Fax: 09141 - 845 937 1 E-mail:&#039;info@dari-system.com&#039; Respons\u00e1vel pelo conte\u00fado de acordo com \u00a7 55 Abs. 2 [&hellip;]\" \/>\n<meta property=\"og:url\" content=\"https:\/\/dari-system.com\/pt-pt\/impressao\/\" \/>\n<meta property=\"og:site_name\" content=\"DaRi System\" \/>\n<meta property=\"article:modified_time\" content=\"2024-08-20T10:28:33+00:00\" \/>\n<meta name=\"twitter:card\" content=\"summary_large_image\" \/>\n<meta name=\"twitter:label1\" content=\"Tempo estimado de leitura\" \/>\n\t<meta name=\"twitter:data1\" content=\"5 minutos\" \/>\n<script type=\"application\/ld+json\" class=\"yoast-schema-graph\">{\"@context\":\"https:\\\/\\\/schema.org\",\"@graph\":[{\"@type\":\"WebPage\",\"@id\":\"https:\\\/\\\/dari-system.com\\\/pt-pt\\\/impressao\\\/\",\"url\":\"https:\\\/\\\/dari-system.com\\\/pt-pt\\\/impressao\\\/\",\"name\":\"Impress\u00e3o - DaRi System\",\"isPartOf\":{\"@id\":\"https:\\\/\\\/dari-system.com\\\/pt-pt\\\/#website\"},\"datePublished\":\"2024-05-23T13:32:49+00:00\",\"dateModified\":\"2024-08-20T10:28:33+00:00\",\"breadcrumb\":{\"@id\":\"https:\\\/\\\/dari-system.com\\\/pt-pt\\\/impressao\\\/#breadcrumb\"},\"inLanguage\":\"pt-PT\",\"potentialAction\":[{\"@type\":\"ReadAction\",\"target\":[\"https:\\\/\\\/dari-system.com\\\/pt-pt\\\/impressao\\\/\"]}]},{\"@type\":\"BreadcrumbList\",\"@id\":\"https:\\\/\\\/dari-system.com\\\/pt-pt\\\/impressao\\\/#breadcrumb\",\"itemListElement\":[{\"@type\":\"ListItem\",\"position\":1,\"name\":\"Startseite\",\"item\":\"https:\\\/\\\/dari-system.com\\\/pt-pt\\\/\"},{\"@type\":\"ListItem\",\"position\":2,\"name\":\"Impress\u00e3o\"}]},{\"@type\":\"WebSite\",\"@id\":\"https:\\\/\\\/dari-system.com\\\/pt-pt\\\/#website\",\"url\":\"https:\\\/\\\/dari-system.com\\\/pt-pt\\\/\",\"name\":\"DaRi System\",\"description\":\"\",\"potentialAction\":[{\"@type\":\"SearchAction\",\"target\":{\"@type\":\"EntryPoint\",\"urlTemplate\":\"https:\\\/\\\/dari-system.com\\\/pt-pt\\\/?s={search_term_string}\"},\"query-input\":{\"@type\":\"PropertyValueSpecification\",\"valueRequired\":true,\"valueName\":\"search_term_string\"}}],\"inLanguage\":\"pt-PT\"}]}<\/script>\n<!-- \/ Yoast SEO plugin. -->","yoast_head_json":{"title":"Impress\u00e3o - DaRi System","robots":{"index":"index","follow":"follow","max-snippet":"max-snippet:-1","max-image-preview":"max-image-preview:large","max-video-preview":"max-video-preview:-1"},"canonical":"https:\/\/dari-system.com\/pt-pt\/impressao\/","og_locale":"pt_PT","og_type":"article","og_title":"Impress\u00e3o - DaRi System","og_description":"Informa\u00e7\u00e3o de acordo com o \u00a7 5 TMG: DaRi-Systemteile GmbH Rudolf-Nebel-Str. 12 91781 Wei\u00dfenburg Representada por: Diretor Geral Dr. Eckhard Jentsch Registo comercial: Tribunal de Ansbach, HRB 4930 ID IVA: DE272707154 Contacto Telefone: 09141 - 845 937 0 Fax: 09141 - 845 937 1 E-mail:'info@dari-system.com' Respons\u00e1vel pelo conte\u00fado de acordo com \u00a7 55 Abs. 2 [&hellip;]","og_url":"https:\/\/dari-system.com\/pt-pt\/impressao\/","og_site_name":"DaRi System","article_modified_time":"2024-08-20T10:28:33+00:00","twitter_card":"summary_large_image","twitter_misc":{"Tempo estimado de leitura":"5 minutos"},"schema":{"@context":"https:\/\/schema.org","@graph":[{"@type":"WebPage","@id":"https:\/\/dari-system.com\/pt-pt\/impressao\/","url":"https:\/\/dari-system.com\/pt-pt\/impressao\/","name":"Impress\u00e3o - DaRi System","isPartOf":{"@id":"https:\/\/dari-system.com\/pt-pt\/#website"},"datePublished":"2024-05-23T13:32:49+00:00","dateModified":"2024-08-20T10:28:33+00:00","breadcrumb":{"@id":"https:\/\/dari-system.com\/pt-pt\/impressao\/#breadcrumb"},"inLanguage":"pt-PT","potentialAction":[{"@type":"ReadAction","target":["https:\/\/dari-system.com\/pt-pt\/impressao\/"]}]},{"@type":"BreadcrumbList","@id":"https:\/\/dari-system.com\/pt-pt\/impressao\/#breadcrumb","itemListElement":[{"@type":"ListItem","position":1,"name":"Startseite","item":"https:\/\/dari-system.com\/pt-pt\/"},{"@type":"ListItem","position":2,"name":"Impress\u00e3o"}]},{"@type":"WebSite","@id":"https:\/\/dari-system.com\/pt-pt\/#website","url":"https:\/\/dari-system.com\/pt-pt\/","name":"DaRi System","description":"","potentialAction":[{"@type":"SearchAction","target":{"@type":"EntryPoint","urlTemplate":"https:\/\/dari-system.com\/pt-pt\/?s={search_term_string}"},"query-input":{"@type":"PropertyValueSpecification","valueRequired":true,"valueName":"search_term_string"}}],"inLanguage":"pt-PT"}]}},"_links":{"self":[{"href":"https:\/\/dari-system.com\/pt-pt\/wp-json\/wp\/v2\/pages\/25548265","targetHints":{"allow":["GET"]}}],"collection":[{"href":"https:\/\/dari-system.com\/pt-pt\/wp-json\/wp\/v2\/pages"}],"about":[{"href":"https:\/\/dari-system.com\/pt-pt\/wp-json\/wp\/v2\/types\/page"}],"author":[{"embeddable":true,"href":"https:\/\/dari-system.com\/pt-pt\/wp-json\/wp\/v2\/users\/1"}],"replies":[{"embeddable":true,"href":"https:\/\/dari-system.com\/pt-pt\/wp-json\/wp\/v2\/comments?post=25548265"}],"version-history":[{"count":1,"href":"https:\/\/dari-system.com\/pt-pt\/wp-json\/wp\/v2\/pages\/25548265\/revisions"}],"predecessor-version":[{"id":25548275,"href":"https:\/\/dari-system.com\/pt-pt\/wp-json\/wp\/v2\/pages\/25548265\/revisions\/25548275"}],"wp:attachment":[{"href":"https:\/\/dari-system.com\/pt-pt\/wp-json\/wp\/v2\/media?parent=25548265"}],"wp:term":[{"taxonomy":"dipi_cpt_category","embeddable":true,"href":"https:\/\/dari-system.com\/pt-pt\/wp-json\/wp\/v2\/dipi_cpt_category?post=25548265"}],"curies":[{"name":"wp","href":"https:\/\/api.w.org\/{rel}","templated":true}]}}