{"id":25548256,"date":"2024-05-23T13:32:49","date_gmt":"2024-05-23T13:32:49","guid":{"rendered":"https:\/\/dari-system.com\/politica-de-cancelamento\/"},"modified":"2024-08-20T10:28:25","modified_gmt":"2024-08-20T10:28:25","slug":"politica-de-cancelamento","status":"publish","type":"page","link":"https:\/\/dari-system.com\/pt-pt\/politica-de-cancelamento\/","title":{"rendered":"Pol\u00edtica de cancelamento"},"content":{"rendered":"<p>[et_pb_section fb_built=&#8221;1&#8243; fullwidth=&#8221;on&#8221; _builder_version=&#8221;4.25.0&#8243; _module_preset=&#8221;default&#8221; bottom_divider_color=&#8221;#FFFFFF&#8221; bottom_divider_height=&#8221;82px&#8221; bottom_divider_flip=&#8221;horizontal&#8221; locked=&#8221;off&#8221; global_colors_info=&#8221;{}&#8221;][et_pb_fullwidth_header title=&#8221;Pol\u00edtica de cancelamento&#8221; _builder_version=&#8221;4.25.0&#8243; _module_preset=&#8221;default&#8221; title_font=&#8221;|800|||||||&#8221; title_font_size=&#8221;45px&#8221; background_image=&#8221;https:\/\/dari-system.com\/wp-content\/uploads\/2024\/05\/header_background.webp&#8221; background_position=&#8221;bottom_center&#8221; custom_padding=&#8221;8vh||8vh||true|false&#8221; title_font_size_tablet=&#8221;45px&#8221; title_font_size_phone=&#8221;29px&#8221; title_font_size_last_edited=&#8221;on|phone&#8221; content_font_size_tablet=&#8221;&#8221; content_font_size_phone=&#8221;17px&#8221; content_font_size_last_edited=&#8221;on|phone&#8221; global_colors_info=&#8221;{}&#8221;][\/et_pb_fullwidth_header][\/et_pb_section][et_pb_section fb_built=&#8221;1&#8243; _builder_version=&#8221;4.25.0&#8243; _module_preset=&#8221;default&#8221; global_colors_info=&#8221;{}&#8221;][et_pb_row _builder_version=&#8221;4.25.0&#8243; _module_preset=&#8221;default&#8221; global_colors_info=&#8221;{}&#8221;][et_pb_column type=&#8221;4_4&#8243; _builder_version=&#8221;4.25.0&#8243; _module_preset=&#8221;default&#8221; global_colors_info=&#8221;{}&#8221;][et_pb_text _builder_version=&#8221;4.25.0&#8243; _module_preset=&#8221;default&#8221; hover_enabled=&#8221;0&#8243; global_colors_info=&#8221;{}&#8221; sticky_enabled=&#8221;0&#8243;]<\/p>\n<h2>Pol\u00edtica de cancelamento \/ Direito de cancelamento<\/h2>\n<p>O prazo de rescis\u00e3o \u00e9 de catorze dias a contar do dia em que o cliente ou um terceiro por si nomeado, que n\u00e3o seja o transportador, tenha tomado posse dos bens. Para exercer o seu direito de rescis\u00e3o, deve contactar-nos, DaRi-Systemteile GmbH, Rudolf-Nebel-Str.<br \/>\n12, 91781 Wei\u00dfenburg, Tel.<br \/>\n09141- 8459370, Fax 09141-8459371, E-Mail<a href=\"mailto:info@dari-system.com\">info@dari-system.com<\/a> da tua decis\u00e3o de rescindir este contrato atrav\u00e9s de uma declara\u00e7\u00e3o inequ\u00edvoca (por exemplo, uma carta enviada por correio, fax ou e-mail).<br \/>\nPodes utilizar o modelo de formul\u00e1rio de rescis\u00e3o anexado abaixo, mas n\u00e3o \u00e9 obrigat\u00f3rio.   <br \/>Para respeitar o prazo de anula\u00e7\u00e3o, basta que envies a notifica\u00e7\u00e3o do exerc\u00edcio do teu direito de anula\u00e7\u00e3o antes do termo do per\u00edodo de anula\u00e7\u00e3o.<\/p>\n<p>Consequ\u00eancias da rescis\u00e3o: Se rescindir o presente contrato, reembolsaremos todos os pagamentos recebidos do cliente, incluindo os custos de entrega (com exce\u00e7\u00e3o dos custos suplementares resultantes da escolha de um tipo de entrega diferente do tipo de entrega normal menos dispendioso oferecido por n\u00f3s), sem atrasos indevidos e, em qualquer caso, o mais tardar 14 dias a contar do dia em que formos informados da sua decis\u00e3o de rescindir o contrato.<br \/>\nPara este reembolso, utilizaremos os mesmos meios de pagamento que utilizaste para a transa\u00e7\u00e3o original, salvo acordo expresso em contr\u00e1rio contigo; em circunst\u00e2ncia alguma te ser\u00e3o cobradas quaisquer taxas por este reembolso.<br \/>\n<br \/>Podemos recusar o reembolso enquanto n\u00e3o tivermos recebido a mercadoria ou enquanto n\u00e3o tiveres apresentado prova da sua devolu\u00e7\u00e3o, consoante o que ocorrer primeiro. Deves devolver-nos ou entregar-nos a mercadoria imediatamente e, em qualquer caso, no prazo m\u00e1ximo de catorze dias a contar do dia em que nos informares da resolu\u00e7\u00e3o do presente contrato.<\/p>\n<p>O prazo \u00e9 respeitado se a mercadoria for expedida antes do termo do prazo de catorze dias. Os custos diretos da devolu\u00e7\u00e3o da mercadoria s\u00e3o suportados por ti. S\u00f3 ser\u00e1s respons\u00e1vel por qualquer diminui\u00e7\u00e3o do valor da mercadoria resultante de um manuseamento que n\u00e3o seja o necess\u00e1rio para determinar a natureza, as carater\u00edsticas e o funcionamento da mercadoria.   <br \/><span style=\"text-decoration: underline;\"><strong>Modelo de formul\u00e1rio de rescis\u00e3o<\/strong><\/span><\/p>\n<p>(Se pretenderes rescindir o contrato, podes preencher este formul\u00e1rio e envi\u00e1-lo de volta para n\u00f3s) Para DaRi-Systemteile GmbH, Rudolf-Nebel-Str.<br \/>\n12, 91781 Wei\u00dfenburg, Tel.<br \/>\n<br \/>09141- 8459370, Fax 09141-8459371, E-Mail <a href=\"mailto:info@dari-system.com\">info@dari-system.com<\/a> Venho por este meio rescindir o contrato por mim celebrado para a compra dos seguintes bens:<\/p>\n<p>&#8230;&#8230;&#8230;&#8230;&#8230;&#8230;&#8230;&#8230;&#8230;&#8230;&#8230;&#8230;&#8230;&#8230;&#8230;&#8230;&#8230;&#8230;&#8230;&#8230;&#8230;&#8230;&#8230;&#8230;&#8230; &#8211; Encomendado em &#8230;&#8230;&#8230;., recebido em &#8230;&#8230;&#8230;&#8230;. &#8211; O teu nome: &#8211; O teu endere\u00e7o: &#8211; A tua assinatura (apenas para notifica\u00e7\u00e3o em papel) &#8211; Data:  <\/p>\n<p>[\/et_pb_text][\/et_pb_column][\/et_pb_row][\/et_pb_section]<\/p>\n","protected":false},"excerpt":{"rendered":"<p>Pol\u00edtica de cancelamento \/ Direito de cancelamento O prazo de rescis\u00e3o \u00e9 de catorze dias a contar do dia em que o cliente ou um terceiro por si nomeado, que n\u00e3o seja o transportador, tenha tomado posse dos bens. Para exercer o seu direito de rescis\u00e3o, deve contactar-nos, DaRi-Systemteile GmbH, Rudolf-Nebel-Str. 12, 91781 Wei\u00dfenburg, Tel. [&hellip;]<\/p>\n","protected":false},"author":1,"featured_media":0,"parent":0,"menu_order":0,"comment_status":"closed","ping_status":"closed","template":"","meta":{"_et_pb_use_builder":"on","_et_pb_old_content":"","_et_gb_content_width":"","iawp_total_views":0,"footnotes":""},"dipi_cpt_category":[],"class_list":["post-25548256","page","type-page","status-publish","hentry"],"yoast_head":"<!-- This site is optimized with the Yoast SEO plugin v27.4 - https:\/\/yoast.com\/product\/yoast-seo-wordpress\/ -->\n<title>Pol\u00edtica de cancelamento - DaRi System<\/title>\n<meta name=\"robots\" content=\"index, follow, max-snippet:-1, max-image-preview:large, max-video-preview:-1\" \/>\n<link rel=\"canonical\" href=\"https:\/\/dari-system.com\/pt-pt\/politica-de-cancelamento\/\" \/>\n<meta property=\"og:locale\" content=\"pt_PT\" \/>\n<meta property=\"og:type\" content=\"article\" \/>\n<meta property=\"og:title\" content=\"Pol\u00edtica de cancelamento - DaRi System\" \/>\n<meta property=\"og:description\" content=\"Pol\u00edtica de cancelamento \/ Direito de cancelamento O prazo de rescis\u00e3o \u00e9 de catorze dias a contar do dia em que o cliente ou um terceiro por si nomeado, que n\u00e3o seja o transportador, tenha tomado posse dos bens. Para exercer o seu direito de rescis\u00e3o, deve contactar-nos, DaRi-Systemteile GmbH, Rudolf-Nebel-Str. 12, 91781 Wei\u00dfenburg, Tel. [&hellip;]\" \/>\n<meta property=\"og:url\" content=\"https:\/\/dari-system.com\/pt-pt\/politica-de-cancelamento\/\" \/>\n<meta property=\"og:site_name\" content=\"DaRi System\" \/>\n<meta property=\"article:modified_time\" content=\"2024-08-20T10:28:25+00:00\" \/>\n<meta name=\"twitter:card\" content=\"summary_large_image\" \/>\n<meta name=\"twitter:label1\" content=\"Tempo estimado de leitura\" \/>\n\t<meta name=\"twitter:data1\" content=\"3 minutos\" \/>\n<script type=\"application\/ld+json\" class=\"yoast-schema-graph\">{\"@context\":\"https:\\\/\\\/schema.org\",\"@graph\":[{\"@type\":\"WebPage\",\"@id\":\"https:\\\/\\\/dari-system.com\\\/pt-pt\\\/politica-de-cancelamento\\\/\",\"url\":\"https:\\\/\\\/dari-system.com\\\/pt-pt\\\/politica-de-cancelamento\\\/\",\"name\":\"Pol\u00edtica de cancelamento - DaRi System\",\"isPartOf\":{\"@id\":\"https:\\\/\\\/dari-system.com\\\/pt-pt\\\/#website\"},\"datePublished\":\"2024-05-23T13:32:49+00:00\",\"dateModified\":\"2024-08-20T10:28:25+00:00\",\"breadcrumb\":{\"@id\":\"https:\\\/\\\/dari-system.com\\\/pt-pt\\\/politica-de-cancelamento\\\/#breadcrumb\"},\"inLanguage\":\"pt-PT\",\"potentialAction\":[{\"@type\":\"ReadAction\",\"target\":[\"https:\\\/\\\/dari-system.com\\\/pt-pt\\\/politica-de-cancelamento\\\/\"]}]},{\"@type\":\"BreadcrumbList\",\"@id\":\"https:\\\/\\\/dari-system.com\\\/pt-pt\\\/politica-de-cancelamento\\\/#breadcrumb\",\"itemListElement\":[{\"@type\":\"ListItem\",\"position\":1,\"name\":\"Startseite\",\"item\":\"https:\\\/\\\/dari-system.com\\\/pt-pt\\\/\"},{\"@type\":\"ListItem\",\"position\":2,\"name\":\"Pol\u00edtica de cancelamento\"}]},{\"@type\":\"WebSite\",\"@id\":\"https:\\\/\\\/dari-system.com\\\/pt-pt\\\/#website\",\"url\":\"https:\\\/\\\/dari-system.com\\\/pt-pt\\\/\",\"name\":\"DaRi System\",\"description\":\"\",\"potentialAction\":[{\"@type\":\"SearchAction\",\"target\":{\"@type\":\"EntryPoint\",\"urlTemplate\":\"https:\\\/\\\/dari-system.com\\\/pt-pt\\\/?s={search_term_string}\"},\"query-input\":{\"@type\":\"PropertyValueSpecification\",\"valueRequired\":true,\"valueName\":\"search_term_string\"}}],\"inLanguage\":\"pt-PT\"}]}<\/script>\n<!-- \/ Yoast SEO plugin. -->","yoast_head_json":{"title":"Pol\u00edtica de cancelamento - DaRi System","robots":{"index":"index","follow":"follow","max-snippet":"max-snippet:-1","max-image-preview":"max-image-preview:large","max-video-preview":"max-video-preview:-1"},"canonical":"https:\/\/dari-system.com\/pt-pt\/politica-de-cancelamento\/","og_locale":"pt_PT","og_type":"article","og_title":"Pol\u00edtica de cancelamento - DaRi System","og_description":"Pol\u00edtica de cancelamento \/ Direito de cancelamento O prazo de rescis\u00e3o \u00e9 de catorze dias a contar do dia em que o cliente ou um terceiro por si nomeado, que n\u00e3o seja o transportador, tenha tomado posse dos bens. Para exercer o seu direito de rescis\u00e3o, deve contactar-nos, DaRi-Systemteile GmbH, Rudolf-Nebel-Str. 12, 91781 Wei\u00dfenburg, Tel. [&hellip;]","og_url":"https:\/\/dari-system.com\/pt-pt\/politica-de-cancelamento\/","og_site_name":"DaRi System","article_modified_time":"2024-08-20T10:28:25+00:00","twitter_card":"summary_large_image","twitter_misc":{"Tempo estimado de leitura":"3 minutos"},"schema":{"@context":"https:\/\/schema.org","@graph":[{"@type":"WebPage","@id":"https:\/\/dari-system.com\/pt-pt\/politica-de-cancelamento\/","url":"https:\/\/dari-system.com\/pt-pt\/politica-de-cancelamento\/","name":"Pol\u00edtica de cancelamento - DaRi System","isPartOf":{"@id":"https:\/\/dari-system.com\/pt-pt\/#website"},"datePublished":"2024-05-23T13:32:49+00:00","dateModified":"2024-08-20T10:28:25+00:00","breadcrumb":{"@id":"https:\/\/dari-system.com\/pt-pt\/politica-de-cancelamento\/#breadcrumb"},"inLanguage":"pt-PT","potentialAction":[{"@type":"ReadAction","target":["https:\/\/dari-system.com\/pt-pt\/politica-de-cancelamento\/"]}]},{"@type":"BreadcrumbList","@id":"https:\/\/dari-system.com\/pt-pt\/politica-de-cancelamento\/#breadcrumb","itemListElement":[{"@type":"ListItem","position":1,"name":"Startseite","item":"https:\/\/dari-system.com\/pt-pt\/"},{"@type":"ListItem","position":2,"name":"Pol\u00edtica de cancelamento"}]},{"@type":"WebSite","@id":"https:\/\/dari-system.com\/pt-pt\/#website","url":"https:\/\/dari-system.com\/pt-pt\/","name":"DaRi System","description":"","potentialAction":[{"@type":"SearchAction","target":{"@type":"EntryPoint","urlTemplate":"https:\/\/dari-system.com\/pt-pt\/?s={search_term_string}"},"query-input":{"@type":"PropertyValueSpecification","valueRequired":true,"valueName":"search_term_string"}}],"inLanguage":"pt-PT"}]}},"_links":{"self":[{"href":"https:\/\/dari-system.com\/pt-pt\/wp-json\/wp\/v2\/pages\/25548256","targetHints":{"allow":["GET"]}}],"collection":[{"href":"https:\/\/dari-system.com\/pt-pt\/wp-json\/wp\/v2\/pages"}],"about":[{"href":"https:\/\/dari-system.com\/pt-pt\/wp-json\/wp\/v2\/types\/page"}],"author":[{"embeddable":true,"href":"https:\/\/dari-system.com\/pt-pt\/wp-json\/wp\/v2\/users\/1"}],"replies":[{"embeddable":true,"href":"https:\/\/dari-system.com\/pt-pt\/wp-json\/wp\/v2\/comments?post=25548256"}],"version-history":[{"count":1,"href":"https:\/\/dari-system.com\/pt-pt\/wp-json\/wp\/v2\/pages\/25548256\/revisions"}],"predecessor-version":[{"id":25548262,"href":"https:\/\/dari-system.com\/pt-pt\/wp-json\/wp\/v2\/pages\/25548256\/revisions\/25548262"}],"wp:attachment":[{"href":"https:\/\/dari-system.com\/pt-pt\/wp-json\/wp\/v2\/media?parent=25548256"}],"wp:term":[{"taxonomy":"dipi_cpt_category","embeddable":true,"href":"https:\/\/dari-system.com\/pt-pt\/wp-json\/wp\/v2\/dipi_cpt_category?post=25548256"}],"curies":[{"name":"wp","href":"https:\/\/api.w.org\/{rel}","templated":true}]}}