{"id":25548151,"date":"2024-05-29T09:26:04","date_gmt":"2024-05-29T09:26:04","guid":{"rendered":"https:\/\/dari-system.com\/sobre-nos\/"},"modified":"2024-08-20T10:26:35","modified_gmt":"2024-08-20T10:26:35","slug":"sobre-nos","status":"publish","type":"page","link":"https:\/\/dari-system.com\/pt-pt\/sobre-nos\/","title":{"rendered":"Sobre n\u00f3s"},"content":{"rendered":"<p>[et_pb_section fb_built=&#8221;1&#8243; fullwidth=&#8221;on&#8221; _builder_version=&#8221;4.25.0&#8243; _module_preset=&#8221;default&#8221; bottom_divider_color=&#8221;#FFFFFF&#8221; bottom_divider_height=&#8221;82px&#8221; bottom_divider_flip=&#8221;horizontal&#8221; locked=&#8221;off&#8221; global_colors_info=&#8221;{}&#8221;][et_pb_fullwidth_header title=&#8221;Sobre n\u00f3s&#8221; _builder_version=&#8221;4.25.0&#8243; _module_preset=&#8221;default&#8221; title_font=&#8221;|800|||||||&#8221; title_font_size=&#8221;45px&#8221; background_image=&#8221;https:\/\/dari-system.com\/wp-content\/uploads\/2024\/05\/header_background.webp&#8221; background_position=&#8221;bottom_center&#8221; custom_padding=&#8221;8vh||8vh||true|false&#8221; title_font_size_tablet=&#8221;45px&#8221; title_font_size_phone=&#8221;29px&#8221; title_font_size_last_edited=&#8221;on|phone&#8221; content_font_size_tablet=&#8221;&#8221; content_font_size_phone=&#8221;17px&#8221; content_font_size_last_edited=&#8221;on|phone&#8221; global_colors_info=&#8221;{}&#8221;]<\/p>\n<p>O caminho para o sistema DaRi perfeito<\/p>\n<p>[\/et_pb_fullwidth_header][\/et_pb_section][et_pb_section fb_built=&#8221;1&#8243; _builder_version=&#8221;4.25.0&#8243; _module_preset=&#8221;default&#8221; global_colors_info=&#8221;{}&#8221;][et_pb_row column_structure=&#8221;2_3,1_3&#8243; make_equal=&#8221;on&#8221; _builder_version=&#8221;4.25.0&#8243; _module_preset=&#8221;default&#8221; custom_margin=&#8221;||0px||false|false&#8221; custom_padding=&#8221;||0px||false|false&#8221; global_colors_info=&#8221;{}&#8221;][et_pb_column type=&#8221;2_3&#8243; _builder_version=&#8221;4.25.0&#8243; _module_preset=&#8221;default&#8221; custom_css_main_element=&#8221;margin: auto;&#8221; global_colors_info=&#8221;{}&#8221;][et_pb_text _builder_version=&#8221;4.25.0&#8243; _module_preset=&#8221;default&#8221; global_colors_info=&#8221;{}&#8221;]<\/p>\n<p>H\u00e1 um grande \u00e1cer em frente \u00e0 nossa casa e duas enormes t\u00edlias atr\u00e1s da casa.<br \/>\nCostumava ter de subir o escadote v\u00e1rias vezes por ano para limpar os algerozes.<br \/>\nFazia sempre um esfor\u00e7o enorme para me levantar e tirar a escada da garagem.<br \/>\nAdiei esta tarefa desagrad\u00e1vel de fim de semana em fim de semana.<br \/>\nH\u00e1 cerca de 20 anos, estava de novo em cima da escada, cheio de aborrecimento, para limpar o meu algeroz de folhas, quando a minha filha de 8 anos se p\u00f4s ao fundo e come\u00e7ou a chorar: &#8220;Pap\u00e1, desce&#8221;, gritou ela, &#8220;tenho medo que caias l\u00e1 em baixo&#8221;.    <\/p>\n<p>&nbsp;<\/p>\n<p>Quando terminei, fui \u00e0 loja de bricolage e comprei v\u00e1rios sistemas de prote\u00e7\u00e3o de caleiras.<br \/>\nInfelizmente, nenhum deles cumpriu bem a sua fun\u00e7\u00e3o. <\/p>\n<p>[\/et_pb_text][\/et_pb_column][et_pb_column type=&#8221;1_3&#8243; _builder_version=&#8221;4.25.0&#8243; _module_preset=&#8221;default&#8221; custom_css_main_element=&#8221;mrgin:auto;&#8221; global_colors_info=&#8221;{}&#8221;][et_pb_image src=&#8221;https:\/\/dari-system.com\/wp-content\/uploads\/2024\/06\/eckhard_jentsch_03.webp&#8221; _builder_version=&#8221;4.25.0&#8243; _module_preset=&#8221;default&#8221; custom_margin=&#8221;||0px||false|false&#8221; custom_margin_tablet=&#8221;||0px||false|false&#8221; custom_margin_phone=&#8221;35px||0px||false|false&#8221; custom_margin_last_edited=&#8221;on|phone&#8221; hover_enabled=&#8221;0&#8243; global_colors_info=&#8221;{}&#8221; alt=&#8221;Eckhard Jentsch&#8221; title_text=&#8221;eckhard_jentsch_03&#8243; sticky_enabled=&#8221;0&#8243;][\/et_pb_image][et_pb_text _builder_version=&#8221;4.25.0&#8243; _module_preset=&#8221;default&#8221; text_font_size=&#8221;12px&#8221; custom_margin=&#8221;||0px||false|false&#8221; custom_padding=&#8221;||0px||false|false&#8221; global_colors_info=&#8221;{}&#8221;]<\/p>\n<p style=\"text-align: center;\"><em>Eckhard Jentsch | Fundador DaRi-System<\/em><\/p>\n<p>[\/et_pb_text][\/et_pb_column][\/et_pb_row][et_pb_row _builder_version=&#8221;4.25.0&#8243; _module_preset=&#8221;default&#8221; global_colors_info=&#8221;{}&#8221;][et_pb_column type=&#8221;4_4&#8243; _builder_version=&#8221;4.25.0&#8243; _module_preset=&#8221;default&#8221; global_colors_info=&#8221;{}&#8221;][et_pb_text _builder_version=&#8221;4.25.0&#8243; _module_preset=&#8221;default&#8221; hover_enabled=&#8221;0&#8243; global_colors_info=&#8221;{}&#8221; sticky_enabled=&#8221;0&#8243;]<\/p>\n<p>Fui ent\u00e3o a um latoeiro e a um telhador e perguntei que sistema de prote\u00e7\u00e3o contra as folhas recomendariam.<br \/>\nA resposta foi que n\u00e3o existe um sistema de prote\u00e7\u00e3o de caleiras realmente bom e que, como propriet\u00e1rio, tens de viver com o facto de teres de limpar as caleiras regularmente. <\/p>\n<p>Estava desesperado e pensei: &#8220;N\u00e3o pode ser assim; n\u00e3o \u00e9 mesmo poss\u00edvel resolver o problema de forma satisfat\u00f3ria? J\u00e1 experimentei tantos sistemas diferentes e nenhum deles foi realmente bom&#8221;.<\/p>\n<p>Depois reuni designers, t\u00e9cnicos, engenheiros, engenheiros mec\u00e2nicos, telhadores e canalizadores e sent\u00e1mo-nos numa grande mesa e come\u00e7\u00e1mos por definir os crit\u00e9rios que um bom sistema de prote\u00e7\u00e3o de caleiras deve cumprir:<\/p>\n<p>[\/et_pb_text][\/et_pb_column][\/et_pb_row][\/et_pb_section][et_pb_section fb_built=&#8221;1&#8243; _builder_version=&#8221;4.25.0&#8243; _module_preset=&#8221;default&#8221; custom_padding=&#8221;0px||0px||false|false&#8221; global_colors_info=&#8221;{}&#8221;][et_pb_row _builder_version=&#8221;4.25.0&#8243; _module_preset=&#8221;default&#8221; background_color=&#8221;#f4bd8d&#8221; width_tablet=&#8221;&#8221; width_phone=&#8221;100%&#8221; width_last_edited=&#8221;on|phone&#8221; custom_margin=&#8221;0px||0px||true|false&#8221; custom_padding=&#8221;21px|27px|21px|27px|true|true&#8221; global_colors_info=&#8221;{}&#8221; width__hover_enabled=&#8221;on|desktop&#8221;][et_pb_column type=&#8221;4_4&#8243; _builder_version=&#8221;4.25.0&#8243; _module_preset=&#8221;default&#8221; global_colors_info=&#8221;{}&#8221;][et_pb_blurb image=&#8221;https:\/\/dari-system.com\/wp-content\/uploads\/2024\/06\/arrow.webp&#8221; alt=&#8221;Verifica&#8221; icon_placement=&#8221;left&#8221; content_max_width=&#8221;100%&#8221; _builder_version=&#8221;4.25.0&#8243; _module_preset=&#8221;default&#8221; custom_margin=&#8221;||15px||false|false&#8221; global_colors_info=&#8221;{}&#8221;]<\/p>\n<p><strong>Deve ser poss\u00edvel instal\u00e1-lo em caleiras com e sem rufos de beiral<\/strong><\/p>\n<p>[\/et_pb_blurb][et_pb_blurb image=&#8221;https:\/\/dari-system.com\/wp-content\/uploads\/2024\/06\/arrow.webp&#8221; alt=&#8221;Verifica&#8221; icon_placement=&#8221;left&#8221; content_max_width=&#8221;100%&#8221; _builder_version=&#8221;4.25.0&#8243; _module_preset=&#8221;default&#8221; custom_margin=&#8221;||15px||false|false&#8221; global_colors_info=&#8221;{}&#8221;]<\/p>\n<p><strong>Deve ter uma grande \u00e1rea aberta para que a \u00e1gua da chuva possa escoar facilmente<\/strong><\/p>\n<p>[\/et_pb_blurb][et_pb_blurb image=&#8221;https:\/\/dari-system.com\/wp-content\/uploads\/2024\/06\/arrow.webp&#8221; alt=&#8221;Verifica&#8221; icon_placement=&#8221;left&#8221; content_max_width=&#8221;100%&#8221; _builder_version=&#8221;4.25.0&#8243; _module_preset=&#8221;default&#8221; custom_margin=&#8221;||15px||false|false&#8221; global_colors_info=&#8221;{}&#8221;]<\/p>\n<p><strong>O tamanho do buraco n\u00e3o deve ser t\u00e3o grande que as sementes de t\u00edlias, bordos, etc. caiam atrav\u00e9s dele<\/strong><\/p>\n<p>[\/et_pb_blurb][et_pb_blurb image=&#8221;https:\/\/dari-system.com\/wp-content\/uploads\/2024\/06\/arrow.webp&#8221; alt=&#8221;Verifica&#8221; icon_placement=&#8221;left&#8221; content_max_width=&#8221;100%&#8221; _builder_version=&#8221;4.25.0&#8243; _module_preset=&#8221;default&#8221; custom_margin=&#8221;||15px||false|false&#8221; global_colors_info=&#8221;{}&#8221;]<\/p>\n<p><strong>O tamanho do furo n\u00e3o deve ser demasiado pequeno para que os furos se entupam rapidamente<\/strong><\/p>\n<p>[\/et_pb_blurb][et_pb_blurb image=&#8221;https:\/\/dari-system.com\/wp-content\/uploads\/2024\/06\/arrow.webp&#8221; alt=&#8221;Verifica&#8221; icon_placement=&#8221;left&#8221; content_max_width=&#8221;100%&#8221; _builder_version=&#8221;4.25.0&#8243; _module_preset=&#8221;default&#8221; custom_margin=&#8221;||15px||false|false&#8221; global_colors_info=&#8221;{}&#8221;]<\/p>\n<p><strong>Os orif\u00edcios devem ser moldados de forma a que a \u00e1gua da chuva seja rapidamente canalizada para os orif\u00edcios<\/strong><\/p>\n<p>[\/et_pb_blurb][et_pb_blurb image=&#8221;https:\/\/dari-system.com\/wp-content\/uploads\/2024\/06\/arrow.webp&#8221; alt=&#8221;Verifica&#8221; icon_placement=&#8221;left&#8221; content_max_width=&#8221;100%&#8221; _builder_version=&#8221;4.25.0&#8243; _module_preset=&#8221;default&#8221; custom_margin=&#8221;||15px||false|false&#8221; global_colors_info=&#8221;{}&#8221;]<\/p>\n<p><strong>A superf\u00edcie deve ser lisa para que as folhas n\u00e3o fiquem presas<\/strong><\/p>\n<p>[\/et_pb_blurb][et_pb_blurb image=&#8221;https:\/\/dari-system.com\/wp-content\/uploads\/2024\/06\/arrow.webp&#8221; alt=&#8221;Verifica&#8221; icon_placement=&#8221;left&#8221; content_max_width=&#8221;100%&#8221; _builder_version=&#8221;4.25.0&#8243; _module_preset=&#8221;default&#8221; custom_margin=&#8221;||15px||false|false&#8221; global_colors_info=&#8221;{}&#8221;]<\/p>\n<p><strong>Deve ser f\u00e1cil de instalar sem ferramentas<\/strong><\/p>\n<p>[\/et_pb_blurb][et_pb_blurb image=&#8221;https:\/\/dari-system.com\/wp-content\/uploads\/2024\/06\/arrow.webp&#8221; alt=&#8221;Verifica&#8221; icon_placement=&#8221;left&#8221; content_max_width=&#8221;100%&#8221; _builder_version=&#8221;4.25.0&#8243; _module_preset=&#8221;default&#8221; custom_margin=&#8221;||15px||false|false&#8221; global_colors_info=&#8221;{}&#8221;]<\/p>\n<p><strong>Deve ser f\u00e1cil de remover<\/strong><\/p>\n<p>[\/et_pb_blurb][et_pb_blurb image=&#8221;https:\/\/dari-system.com\/wp-content\/uploads\/2024\/06\/arrow.webp&#8221; alt=&#8221;Verifica&#8221; icon_placement=&#8221;left&#8221; content_max_width=&#8221;100%&#8221; _builder_version=&#8221;4.25.0&#8243; _module_preset=&#8221;default&#8221; custom_margin=&#8221;||15px||false|false&#8221; global_colors_info=&#8221;{}&#8221;]<\/p>\n<p><strong>Deve estar firmemente fixado \u00e0 caleira para que n\u00e3o se desloque com ventos fortes<\/strong><\/p>\n<p>[\/et_pb_blurb][et_pb_blurb image=&#8221;https:\/\/dari-system.com\/wp-content\/uploads\/2024\/06\/arrow.webp&#8221; alt=&#8221;Verifica&#8221; icon_placement=&#8221;left&#8221; content_max_width=&#8221;100%&#8221; _builder_version=&#8221;4.25.0&#8243; _module_preset=&#8221;default&#8221; custom_margin=&#8221;||15px||false|false&#8221; global_colors_info=&#8221;{}&#8221;]<\/p>\n<p><strong>Deve estar acima do algeroz para que as folhas sejam facilmente levadas pelo vento<\/strong><\/p>\n<p>[\/et_pb_blurb][et_pb_blurb image=&#8221;https:\/\/dari-system.com\/wp-content\/uploads\/2024\/06\/arrow.webp&#8221; alt=&#8221;Verifica&#8221; icon_placement=&#8221;left&#8221; content_max_width=&#8221;100%&#8221; _builder_version=&#8221;4.25.0&#8243; _module_preset=&#8221;default&#8221; custom_margin=&#8221;||15px||false|false&#8221; global_colors_info=&#8221;{}&#8221;]<\/p>\n<p><strong>Deve estender-se at\u00e9 ao bordo frontal para que n\u00e3o haja obst\u00e1culos \u00e0 folhagem<\/strong><\/p>\n<p>[\/et_pb_blurb][et_pb_blurb image=&#8221;https:\/\/dari-system.com\/wp-content\/uploads\/2024\/06\/arrow.webp&#8221; alt=&#8221;Verifica&#8221; icon_placement=&#8221;left&#8221; content_max_width=&#8221;100%&#8221; _builder_version=&#8221;4.25.0&#8243; _module_preset=&#8221;default&#8221; custom_margin=&#8221;||15px||false|false&#8221; global_colors_info=&#8221;{}&#8221;]<\/p>\n<p><strong>Deve ser est\u00e1vel ao calor, ao frio e aos raios UV<\/strong><\/p>\n<p>[\/et_pb_blurb][et_pb_blurb image=&#8221;https:\/\/dari-system.com\/wp-content\/uploads\/2024\/06\/arrow.webp&#8221; alt=&#8221;Verifica&#8221; icon_placement=&#8221;left&#8221; content_max_width=&#8221;100%&#8221; _builder_version=&#8221;4.25.0&#8243; _module_preset=&#8221;default&#8221; custom_margin=&#8221;||15px||false|false&#8221; global_colors_info=&#8221;{}&#8221;]<\/p>\n<p><strong>N\u00e3o deve necessitar de manuten\u00e7\u00e3o<\/strong><\/p>\n<p>[\/et_pb_blurb][et_pb_blurb image=&#8221;https:\/\/dari-system.com\/wp-content\/uploads\/2024\/06\/arrow.webp&#8221; alt=&#8221;Verifica&#8221; icon_placement=&#8221;left&#8221; content_max_width=&#8221;100%&#8221; _builder_version=&#8221;4.25.0&#8243; _module_preset=&#8221;default&#8221; custom_margin=&#8221;||15px||false|false&#8221; global_colors_info=&#8221;{}&#8221;]<\/p>\n<p><strong>Deve garantir que o algeroz j\u00e1 n\u00e3o est\u00e1 entupido com folhas<\/strong><\/p>\n<p>[\/et_pb_blurb][\/et_pb_column][\/et_pb_row][\/et_pb_section][et_pb_section fb_built=&#8221;1&#8243; _builder_version=&#8221;4.25.0&#8243; _module_preset=&#8221;default&#8221; global_colors_info=&#8221;{}&#8221;][et_pb_row _builder_version=&#8221;4.25.0&#8243; _module_preset=&#8221;default&#8221; global_colors_info=&#8221;{}&#8221;][et_pb_column type=&#8221;4_4&#8243; _builder_version=&#8221;4.25.0&#8243; _module_preset=&#8221;default&#8221; global_colors_info=&#8221;{}&#8221;][et_pb_text _builder_version=&#8221;4.25.0&#8243; _module_preset=&#8221;default&#8221; global_colors_info=&#8221;{}&#8221;]<\/p>\n<p>Depois de muito planeamento, desenhos, ensaios e testes, nasceu o <strong>sistema DaRi<\/strong>. O sistema DaRi n\u00e3o precisa de se furtar a compara\u00e7\u00f5es com qualquer outro sistema.<br \/>\nNa minha opini\u00e3o e conhecimento, n\u00e3o h\u00e1 melhor sistema de prote\u00e7\u00e3o para as caleiras. <\/p>\n<p>Hoje, olho para a minha caleira com satisfa\u00e7\u00e3o e estou contente por ter instalado o sistema DaRi.<br \/>\nOs sistemas DaRi da altura ainda est\u00e3o instalados na caleira e continuam a funcionar em pleno.<br \/>\nAinda hoje digo muitas vezes &#8220;obrigado&#8221; \u00e0 minha filha por me ter dado o impulso para instalar este sistema perfeito de prote\u00e7\u00e3o de caleiras.<br \/>\nN\u00e3o s\u00f3 evito o inc\u00f3modo, como tamb\u00e9m reduzi o risco de acidentes, uma vez que j\u00e1 n\u00e3o tenho de me colocar no alto do telhado com a escada.   <\/p>\n<p>Atualmente, pessoas de toda a Europa est\u00e3o satisfeitas e gratas pelo facto de o problema de uma caleira entupida poder ser resolvido t\u00e3o facilmente com o sistema DaRi e de a caleira ficar permanentemente livre de folhas.<\/p>\n<p>Na DaRi-System, o nosso objetivo \u00e9 desenvolver e fabricar sistemas de prote\u00e7\u00e3o de caleiras da mais alta qualidade.<br \/>\nTodos os nossos produtos foram concebidos na Alemanha e s\u00e3o produzidos exclusivamente aqui. <\/p>\n<p><em><strong>Fabricado na Alemanha<\/strong> <\/em>garante-te uma longa vida \u00fatil.<\/p>\n<p>Como especialistas absolutos em sistemas de prote\u00e7\u00e3o de folhas, h\u00e1 20 anos que trabalhamos com os nossos clientes para encontrar solu\u00e7\u00f5es boas e pr\u00e1ticas para caleiras problem\u00e1ticas.<br \/>\nAguardamos com expetativa cada contacto e cada fotografia de uma caleira que nos \u00e9 enviada e responderemos ao seu pedido de forma r\u00e1pida, agrad\u00e1vel e gratuita. <\/p>\n<p>Se tamb\u00e9m est\u00e1s \u00e0 procura de um sistema de prote\u00e7\u00e3o fi\u00e1vel, de alta qualidade, duradouro e sem manuten\u00e7\u00e3o para a tua caleira, ent\u00e3o opta imediatamente pelo <strong>sistema DaRi<\/strong> perfeitamente concebido.<\/p>\n<p>[\/et_pb_text][\/et_pb_column][\/et_pb_row][et_pb_row _builder_version=&#8221;4.25.0&#8243; _module_preset=&#8221;default&#8221; global_colors_info=&#8221;{}&#8221;][et_pb_column type=&#8221;4_4&#8243; _builder_version=&#8221;4.25.0&#8243; _module_preset=&#8221;default&#8221; global_colors_info=&#8221;{}&#8221;][et_pb_text _builder_version=&#8221;4.25.0&#8243; _module_preset=&#8221;default&#8221; global_colors_info=&#8221;{}&#8221;]<\/p>\n<h2><strong>E garantimos que a sarjeta n\u00e3o ficar\u00e1 mais obstru\u00edda por folhas ap\u00f3s a instala\u00e7\u00e3o do sistema DaRi.<\/strong><\/h2>\n<p>[\/et_pb_text][\/et_pb_column][\/et_pb_row][\/et_pb_section]<\/p>\n","protected":false},"excerpt":{"rendered":"<p>O caminho para o sistema DaRi perfeitoH\u00e1 um grande \u00e1cer em frente \u00e0 nossa casa e duas enormes t\u00edlias atr\u00e1s da casa. Costumava ter de subir o escadote v\u00e1rias vezes por ano para limpar os algerozes. Fazia sempre um esfor\u00e7o enorme para me levantar e tirar a escada da garagem. Adiei esta tarefa desagrad\u00e1vel de [&hellip;]<\/p>\n","protected":false},"author":1,"featured_media":0,"parent":0,"menu_order":0,"comment_status":"closed","ping_status":"closed","template":"","meta":{"_et_pb_use_builder":"on","_et_pb_old_content":"","_et_gb_content_width":"","iawp_total_views":2,"footnotes":""},"dipi_cpt_category":[],"class_list":["post-25548151","page","type-page","status-publish","hentry"],"yoast_head":"<!-- This site is optimized with the Yoast SEO plugin v27.4 - https:\/\/yoast.com\/product\/yoast-seo-wordpress\/ -->\n<title>Sobre n\u00f3s - DaRi System<\/title>\n<meta name=\"robots\" content=\"index, follow, max-snippet:-1, max-image-preview:large, max-video-preview:-1\" \/>\n<link rel=\"canonical\" href=\"https:\/\/dari-system.com\/pt-pt\/sobre-nos\/\" \/>\n<meta property=\"og:locale\" content=\"pt_PT\" \/>\n<meta property=\"og:type\" content=\"article\" \/>\n<meta property=\"og:title\" content=\"Sobre n\u00f3s - DaRi System\" \/>\n<meta property=\"og:description\" content=\"O caminho para o sistema DaRi perfeitoH\u00e1 um grande \u00e1cer em frente \u00e0 nossa casa e duas enormes t\u00edlias atr\u00e1s da casa. Costumava ter de subir o escadote v\u00e1rias vezes por ano para limpar os algerozes. Fazia sempre um esfor\u00e7o enorme para me levantar e tirar a escada da garagem. Adiei esta tarefa desagrad\u00e1vel de [&hellip;]\" \/>\n<meta property=\"og:url\" content=\"https:\/\/dari-system.com\/pt-pt\/sobre-nos\/\" \/>\n<meta property=\"og:site_name\" content=\"DaRi System\" \/>\n<meta property=\"article:modified_time\" content=\"2024-08-20T10:26:35+00:00\" \/>\n<meta name=\"twitter:card\" content=\"summary_large_image\" \/>\n<meta name=\"twitter:label1\" content=\"Tempo estimado de leitura\" \/>\n\t<meta name=\"twitter:data1\" content=\"9 minutos\" \/>\n<script type=\"application\/ld+json\" class=\"yoast-schema-graph\">{\"@context\":\"https:\\\/\\\/schema.org\",\"@graph\":[{\"@type\":\"WebPage\",\"@id\":\"https:\\\/\\\/dari-system.com\\\/pt-pt\\\/sobre-nos\\\/\",\"url\":\"https:\\\/\\\/dari-system.com\\\/pt-pt\\\/sobre-nos\\\/\",\"name\":\"Sobre n\u00f3s - DaRi System\",\"isPartOf\":{\"@id\":\"https:\\\/\\\/dari-system.com\\\/pt-pt\\\/#website\"},\"datePublished\":\"2024-05-29T09:26:04+00:00\",\"dateModified\":\"2024-08-20T10:26:35+00:00\",\"breadcrumb\":{\"@id\":\"https:\\\/\\\/dari-system.com\\\/pt-pt\\\/sobre-nos\\\/#breadcrumb\"},\"inLanguage\":\"pt-PT\",\"potentialAction\":[{\"@type\":\"ReadAction\",\"target\":[\"https:\\\/\\\/dari-system.com\\\/pt-pt\\\/sobre-nos\\\/\"]}]},{\"@type\":\"BreadcrumbList\",\"@id\":\"https:\\\/\\\/dari-system.com\\\/pt-pt\\\/sobre-nos\\\/#breadcrumb\",\"itemListElement\":[{\"@type\":\"ListItem\",\"position\":1,\"name\":\"Startseite\",\"item\":\"https:\\\/\\\/dari-system.com\\\/pt-pt\\\/\"},{\"@type\":\"ListItem\",\"position\":2,\"name\":\"Sobre n\u00f3s\"}]},{\"@type\":\"WebSite\",\"@id\":\"https:\\\/\\\/dari-system.com\\\/pt-pt\\\/#website\",\"url\":\"https:\\\/\\\/dari-system.com\\\/pt-pt\\\/\",\"name\":\"DaRi System\",\"description\":\"\",\"potentialAction\":[{\"@type\":\"SearchAction\",\"target\":{\"@type\":\"EntryPoint\",\"urlTemplate\":\"https:\\\/\\\/dari-system.com\\\/pt-pt\\\/?s={search_term_string}\"},\"query-input\":{\"@type\":\"PropertyValueSpecification\",\"valueRequired\":true,\"valueName\":\"search_term_string\"}}],\"inLanguage\":\"pt-PT\"}]}<\/script>\n<!-- \/ Yoast SEO plugin. -->","yoast_head_json":{"title":"Sobre n\u00f3s - DaRi System","robots":{"index":"index","follow":"follow","max-snippet":"max-snippet:-1","max-image-preview":"max-image-preview:large","max-video-preview":"max-video-preview:-1"},"canonical":"https:\/\/dari-system.com\/pt-pt\/sobre-nos\/","og_locale":"pt_PT","og_type":"article","og_title":"Sobre n\u00f3s - DaRi System","og_description":"O caminho para o sistema DaRi perfeitoH\u00e1 um grande \u00e1cer em frente \u00e0 nossa casa e duas enormes t\u00edlias atr\u00e1s da casa. Costumava ter de subir o escadote v\u00e1rias vezes por ano para limpar os algerozes. Fazia sempre um esfor\u00e7o enorme para me levantar e tirar a escada da garagem. Adiei esta tarefa desagrad\u00e1vel de [&hellip;]","og_url":"https:\/\/dari-system.com\/pt-pt\/sobre-nos\/","og_site_name":"DaRi System","article_modified_time":"2024-08-20T10:26:35+00:00","twitter_card":"summary_large_image","twitter_misc":{"Tempo estimado de leitura":"9 minutos"},"schema":{"@context":"https:\/\/schema.org","@graph":[{"@type":"WebPage","@id":"https:\/\/dari-system.com\/pt-pt\/sobre-nos\/","url":"https:\/\/dari-system.com\/pt-pt\/sobre-nos\/","name":"Sobre n\u00f3s - DaRi System","isPartOf":{"@id":"https:\/\/dari-system.com\/pt-pt\/#website"},"datePublished":"2024-05-29T09:26:04+00:00","dateModified":"2024-08-20T10:26:35+00:00","breadcrumb":{"@id":"https:\/\/dari-system.com\/pt-pt\/sobre-nos\/#breadcrumb"},"inLanguage":"pt-PT","potentialAction":[{"@type":"ReadAction","target":["https:\/\/dari-system.com\/pt-pt\/sobre-nos\/"]}]},{"@type":"BreadcrumbList","@id":"https:\/\/dari-system.com\/pt-pt\/sobre-nos\/#breadcrumb","itemListElement":[{"@type":"ListItem","position":1,"name":"Startseite","item":"https:\/\/dari-system.com\/pt-pt\/"},{"@type":"ListItem","position":2,"name":"Sobre n\u00f3s"}]},{"@type":"WebSite","@id":"https:\/\/dari-system.com\/pt-pt\/#website","url":"https:\/\/dari-system.com\/pt-pt\/","name":"DaRi System","description":"","potentialAction":[{"@type":"SearchAction","target":{"@type":"EntryPoint","urlTemplate":"https:\/\/dari-system.com\/pt-pt\/?s={search_term_string}"},"query-input":{"@type":"PropertyValueSpecification","valueRequired":true,"valueName":"search_term_string"}}],"inLanguage":"pt-PT"}]}},"_links":{"self":[{"href":"https:\/\/dari-system.com\/pt-pt\/wp-json\/wp\/v2\/pages\/25548151","targetHints":{"allow":["GET"]}}],"collection":[{"href":"https:\/\/dari-system.com\/pt-pt\/wp-json\/wp\/v2\/pages"}],"about":[{"href":"https:\/\/dari-system.com\/pt-pt\/wp-json\/wp\/v2\/types\/page"}],"author":[{"embeddable":true,"href":"https:\/\/dari-system.com\/pt-pt\/wp-json\/wp\/v2\/users\/1"}],"replies":[{"embeddable":true,"href":"https:\/\/dari-system.com\/pt-pt\/wp-json\/wp\/v2\/comments?post=25548151"}],"version-history":[{"count":10,"href":"https:\/\/dari-system.com\/pt-pt\/wp-json\/wp\/v2\/pages\/25548151\/revisions"}],"predecessor-version":[{"id":25548206,"href":"https:\/\/dari-system.com\/pt-pt\/wp-json\/wp\/v2\/pages\/25548151\/revisions\/25548206"}],"wp:attachment":[{"href":"https:\/\/dari-system.com\/pt-pt\/wp-json\/wp\/v2\/media?parent=25548151"}],"wp:term":[{"taxonomy":"dipi_cpt_category","embeddable":true,"href":"https:\/\/dari-system.com\/pt-pt\/wp-json\/wp\/v2\/dipi_cpt_category?post=25548151"}],"curies":[{"name":"wp","href":"https:\/\/api.w.org\/{rel}","templated":true}]}}