{"id":25546377,"date":"2024-05-22T16:30:39","date_gmt":"2024-05-22T16:30:39","guid":{"rendered":"https:\/\/dari-system.com\/produkt\/dari-system-d2\/"},"modified":"2024-05-22T16:30:39","modified_gmt":"2024-05-22T16:30:39","slug":"dari-system-d2","status":"publish","type":"product","link":"https:\/\/dari-system.com\/pl\/produkt\/dari-system-d2\/","title":{"rendered":"DaRi system D2"},"content":{"rendered":"<p>System DaRi D2 jest dost\u0119pny tylko dla rynien o rozmiarze 33. Elementy s\u0105 uk\u0142adane jeden na drugim<\/p>\n","protected":false},"excerpt":{"rendered":"<p>Ka\u017cdy element ma 76 cm d\u0142ugo\u015bci.<br \/>\nKa\u017cda cz\u0119\u015b\u0107 jest mocowana za pomoc\u0105 4 klips\u00f3w.<br \/>\nKlipsy te nale\u017cy zamawia\u0107 osobno.  <\/p>\n","protected":false},"featured_media":25546381,"template":"","meta":{"_et_pb_use_builder":"on","_et_pb_old_content":"System DaRi D2 jest dost\u0119pny tylko dla rynien o rozmiarze 33. Elementy s\u0105 uk\u0142adane jeden na drugim","_et_gb_content_width":"","iawp_total_views":13},"product_brand":[],"product_cat":[354],"product_tag":[],"class_list":{"0":"post-25546377","1":"product","2":"type-product","3":"status-publish","4":"has-post-thumbnail","6":"product_cat-system-dari","8":"first","9":"instock","10":"taxable","11":"shipping-taxable","12":"purchasable","13":"product-type-simple"},"yoast_head":"<!-- This site is optimized with the Yoast SEO plugin v27.2 - https:\/\/yoast.com\/product\/yoast-seo-wordpress\/ -->\n<title>DaRi system D2 - DaRi System<\/title>\n<meta name=\"robots\" content=\"index, follow, max-snippet:-1, max-image-preview:large, max-video-preview:-1\" \/>\n<link rel=\"canonical\" href=\"https:\/\/dari-system.com\/pl\/produkt\/dari-system-d2\/\" \/>\n<meta property=\"og:locale\" content=\"pl_PL\" \/>\n<meta property=\"og:type\" content=\"article\" \/>\n<meta property=\"og:title\" content=\"DaRi system D2 - DaRi System\" \/>\n<meta property=\"og:description\" content=\"Ka\u017cdy element ma 76 cm d\u0142ugo\u015bci. Ka\u017cda cz\u0119\u015b\u0107 jest mocowana za pomoc\u0105 4 klips\u00f3w. Klipsy te nale\u017cy zamawia\u0107 osobno.\" \/>\n<meta property=\"og:url\" content=\"https:\/\/dari-system.com\/pl\/produkt\/dari-system-d2\/\" \/>\n<meta property=\"og:site_name\" content=\"DaRi System\" \/>\n<meta name=\"twitter:card\" content=\"summary_large_image\" \/>\n<script type=\"application\/ld+json\" class=\"yoast-schema-graph\">{\"@context\":\"https:\/\/schema.org\",\"@graph\":[{\"@type\":\"WebPage\",\"@id\":\"https:\/\/dari-system.com\/pl\/produkt\/dari-system-d2\/\",\"url\":\"https:\/\/dari-system.com\/pl\/produkt\/dari-system-d2\/\",\"name\":\"DaRi system D2 - DaRi System\",\"isPartOf\":{\"@id\":\"https:\/\/dari-system.com\/pl\/#website\"},\"primaryImageOfPage\":{\"@id\":\"https:\/\/dari-system.com\/pl\/produkt\/dari-system-d2\/#primaryimage\"},\"image\":{\"@id\":\"https:\/\/dari-system.com\/pl\/produkt\/dari-system-d2\/#primaryimage\"},\"thumbnailUrl\":\"https:\/\/dari-system.com\/wp-content\/uploads\/2024\/05\/dari_d2_2-1.webp\",\"datePublished\":\"2024-05-22T16:30:39+00:00\",\"breadcrumb\":{\"@id\":\"https:\/\/dari-system.com\/pl\/produkt\/dari-system-d2\/#breadcrumb\"},\"inLanguage\":\"pl-PL\",\"potentialAction\":[{\"@type\":\"ReadAction\",\"target\":[\"https:\/\/dari-system.com\/pl\/produkt\/dari-system-d2\/\"]}]},{\"@type\":\"ImageObject\",\"inLanguage\":\"pl-PL\",\"@id\":\"https:\/\/dari-system.com\/pl\/produkt\/dari-system-d2\/#primaryimage\",\"url\":\"https:\/\/dari-system.com\/wp-content\/uploads\/2024\/05\/dari_d2_2-1.webp\",\"contentUrl\":\"https:\/\/dari-system.com\/wp-content\/uploads\/2024\/05\/dari_d2_2-1.webp\",\"width\":1042,\"height\":1042},{\"@type\":\"BreadcrumbList\",\"@id\":\"https:\/\/dari-system.com\/pl\/produkt\/dari-system-d2\/#breadcrumb\",\"itemListElement\":[{\"@type\":\"ListItem\",\"position\":1,\"name\":\"Startseite\",\"item\":\"https:\/\/dari-system.com\/pl\/\"},{\"@type\":\"ListItem\",\"position\":2,\"name\":\"Sklep\",\"item\":\"https:\/\/dari-system.com\/sklep\/\"},{\"@type\":\"ListItem\",\"position\":3,\"name\":\"DaRi system D2\"}]},{\"@type\":\"WebSite\",\"@id\":\"https:\/\/dari-system.com\/pl\/#website\",\"url\":\"https:\/\/dari-system.com\/pl\/\",\"name\":\"DaRi System\",\"description\":\"\",\"potentialAction\":[{\"@type\":\"SearchAction\",\"target\":{\"@type\":\"EntryPoint\",\"urlTemplate\":\"https:\/\/dari-system.com\/pl\/?s={search_term_string}\"},\"query-input\":{\"@type\":\"PropertyValueSpecification\",\"valueRequired\":true,\"valueName\":\"search_term_string\"}}],\"inLanguage\":\"pl-PL\"}]}<\/script>\n<!-- \/ Yoast SEO plugin. -->","yoast_head_json":{"title":"DaRi system D2 - DaRi System","robots":{"index":"index","follow":"follow","max-snippet":"max-snippet:-1","max-image-preview":"max-image-preview:large","max-video-preview":"max-video-preview:-1"},"canonical":"https:\/\/dari-system.com\/pl\/produkt\/dari-system-d2\/","og_locale":"pl_PL","og_type":"article","og_title":"DaRi system D2 - DaRi System","og_description":"Ka\u017cdy element ma 76 cm d\u0142ugo\u015bci. Ka\u017cda cz\u0119\u015b\u0107 jest mocowana za pomoc\u0105 4 klips\u00f3w. Klipsy te nale\u017cy zamawia\u0107 osobno.","og_url":"https:\/\/dari-system.com\/pl\/produkt\/dari-system-d2\/","og_site_name":"DaRi System","twitter_card":"summary_large_image","schema":{"@context":"https:\/\/schema.org","@graph":[{"@type":"WebPage","@id":"https:\/\/dari-system.com\/pl\/produkt\/dari-system-d2\/","url":"https:\/\/dari-system.com\/pl\/produkt\/dari-system-d2\/","name":"DaRi system D2 - DaRi System","isPartOf":{"@id":"https:\/\/dari-system.com\/pl\/#website"},"primaryImageOfPage":{"@id":"https:\/\/dari-system.com\/pl\/produkt\/dari-system-d2\/#primaryimage"},"image":{"@id":"https:\/\/dari-system.com\/pl\/produkt\/dari-system-d2\/#primaryimage"},"thumbnailUrl":"https:\/\/dari-system.com\/wp-content\/uploads\/2024\/05\/dari_d2_2-1.webp","datePublished":"2024-05-22T16:30:39+00:00","breadcrumb":{"@id":"https:\/\/dari-system.com\/pl\/produkt\/dari-system-d2\/#breadcrumb"},"inLanguage":"pl-PL","potentialAction":[{"@type":"ReadAction","target":["https:\/\/dari-system.com\/pl\/produkt\/dari-system-d2\/"]}]},{"@type":"ImageObject","inLanguage":"pl-PL","@id":"https:\/\/dari-system.com\/pl\/produkt\/dari-system-d2\/#primaryimage","url":"https:\/\/dari-system.com\/wp-content\/uploads\/2024\/05\/dari_d2_2-1.webp","contentUrl":"https:\/\/dari-system.com\/wp-content\/uploads\/2024\/05\/dari_d2_2-1.webp","width":1042,"height":1042},{"@type":"BreadcrumbList","@id":"https:\/\/dari-system.com\/pl\/produkt\/dari-system-d2\/#breadcrumb","itemListElement":[{"@type":"ListItem","position":1,"name":"Startseite","item":"https:\/\/dari-system.com\/pl\/"},{"@type":"ListItem","position":2,"name":"Sklep","item":"https:\/\/dari-system.com\/sklep\/"},{"@type":"ListItem","position":3,"name":"DaRi system D2"}]},{"@type":"WebSite","@id":"https:\/\/dari-system.com\/pl\/#website","url":"https:\/\/dari-system.com\/pl\/","name":"DaRi System","description":"","potentialAction":[{"@type":"SearchAction","target":{"@type":"EntryPoint","urlTemplate":"https:\/\/dari-system.com\/pl\/?s={search_term_string}"},"query-input":{"@type":"PropertyValueSpecification","valueRequired":true,"valueName":"search_term_string"}}],"inLanguage":"pl-PL"}]}},"_links":{"self":[{"href":"https:\/\/dari-system.com\/pl\/wp-json\/wp\/v2\/product\/25546377","targetHints":{"allow":["GET"]}}],"collection":[{"href":"https:\/\/dari-system.com\/pl\/wp-json\/wp\/v2\/product"}],"about":[{"href":"https:\/\/dari-system.com\/pl\/wp-json\/wp\/v2\/types\/product"}],"wp:featuredmedia":[{"embeddable":true,"href":"https:\/\/dari-system.com\/pl\/wp-json\/wp\/v2\/media\/25546381"}],"wp:attachment":[{"href":"https:\/\/dari-system.com\/pl\/wp-json\/wp\/v2\/media?parent=25546377"}],"wp:term":[{"taxonomy":"product_brand","embeddable":true,"href":"https:\/\/dari-system.com\/pl\/wp-json\/wp\/v2\/product_brand?post=25546377"},{"taxonomy":"product_cat","embeddable":true,"href":"https:\/\/dari-system.com\/pl\/wp-json\/wp\/v2\/product_cat?post=25546377"},{"taxonomy":"product_tag","embeddable":true,"href":"https:\/\/dari-system.com\/pl\/wp-json\/wp\/v2\/product_tag?post=25546377"}],"curies":[{"name":"wp","href":"https:\/\/api.w.org\/{rel}","templated":true}]}}