{"id":25546374,"date":"2024-05-22T16:37:31","date_gmt":"2024-05-22T16:37:31","guid":{"rendered":"https:\/\/dari-system.com\/produkt\/dari-system-d3\/"},"modified":"2024-08-14T16:54:04","modified_gmt":"2024-08-14T16:54:04","slug":"dari-system-d3","status":"publish","type":"product","link":"https:\/\/dari-system.com\/pl\/produkt\/dari-system-d3\/","title":{"rendered":"DaRi system D3"},"content":{"rendered":"<p class=\"p1\">DaRi System D3 jest dost\u0119pny w 2 kolorach: <strong>czarnym<\/strong> dla rynien miedzianych, <strong>srebrnym<\/strong> dla rynien cynkowych.<\/p>\n","protected":false},"excerpt":{"rendered":"<p class=\"p1\">W przypadku rynny 76 cm zawsze wymagane s\u0105 2 cz\u0119\u015bci DaRi-System D3. System DaRi 3 nie jest <strong><u>nie<\/u><\/strong> jest mocowany za pomoc\u0105 zacisk\u00f3w. <\/p>\n","protected":false},"featured_media":25546376,"template":"","meta":{"_et_pb_use_builder":"","_et_pb_old_content":"","_et_gb_content_width":"","iawp_total_views":33},"product_brand":[],"product_cat":[354],"product_tag":[],"class_list":{"0":"post-25546374","1":"product","2":"type-product","3":"status-publish","4":"has-post-thumbnail","6":"product_cat-system-dari","8":"first","9":"instock","10":"taxable","11":"shipping-taxable","12":"product-type-grouped"},"yoast_head":"<!-- This site is optimized with the Yoast SEO plugin v27.4 - https:\/\/yoast.com\/product\/yoast-seo-wordpress\/ -->\n<title>DaRi system D3 - DaRi System<\/title>\n<meta name=\"robots\" content=\"index, follow, max-snippet:-1, max-image-preview:large, max-video-preview:-1\" \/>\n<link rel=\"canonical\" href=\"https:\/\/dari-system.com\/pl\/produkt\/dari-system-d3\/\" \/>\n<meta property=\"og:locale\" content=\"pl_PL\" \/>\n<meta property=\"og:type\" content=\"article\" \/>\n<meta property=\"og:title\" content=\"DaRi system D3 - DaRi System\" \/>\n<meta property=\"og:description\" content=\"W przypadku rynny 76 cm zawsze wymagane s\u0105 2 cz\u0119\u015bci DaRi-System D3. System DaRi 3 nie jest nie jest mocowany za pomoc\u0105 zacisk\u00f3w.\" \/>\n<meta property=\"og:url\" content=\"https:\/\/dari-system.com\/pl\/produkt\/dari-system-d3\/\" \/>\n<meta property=\"og:site_name\" content=\"DaRi System\" \/>\n<meta property=\"article:modified_time\" content=\"2024-08-14T16:54:04+00:00\" \/>\n<meta property=\"og:image\" content=\"https:\/\/dari-system.com\/wp-content\/uploads\/2024\/05\/dari_d3-1.webp\" \/>\n\t<meta property=\"og:image:width\" content=\"1042\" \/>\n\t<meta property=\"og:image:height\" content=\"1042\" \/>\n\t<meta property=\"og:image:type\" content=\"image\/webp\" \/>\n<meta name=\"twitter:card\" content=\"summary_large_image\" \/>\n<script type=\"application\/ld+json\" class=\"yoast-schema-graph\">{\"@context\":\"https:\\\/\\\/schema.org\",\"@graph\":[{\"@type\":\"WebPage\",\"@id\":\"https:\\\/\\\/dari-system.com\\\/pl\\\/produkt\\\/dari-system-d3\\\/\",\"url\":\"https:\\\/\\\/dari-system.com\\\/pl\\\/produkt\\\/dari-system-d3\\\/\",\"name\":\"DaRi system D3 - DaRi System\",\"isPartOf\":{\"@id\":\"https:\\\/\\\/dari-system.com\\\/pl\\\/#website\"},\"primaryImageOfPage\":{\"@id\":\"https:\\\/\\\/dari-system.com\\\/pl\\\/produkt\\\/dari-system-d3\\\/#primaryimage\"},\"image\":{\"@id\":\"https:\\\/\\\/dari-system.com\\\/pl\\\/produkt\\\/dari-system-d3\\\/#primaryimage\"},\"thumbnailUrl\":\"https:\\\/\\\/dari-system.com\\\/wp-content\\\/uploads\\\/2024\\\/05\\\/dari_d3-1.webp\",\"datePublished\":\"2024-05-22T16:37:31+00:00\",\"dateModified\":\"2024-08-14T16:54:04+00:00\",\"breadcrumb\":{\"@id\":\"https:\\\/\\\/dari-system.com\\\/pl\\\/produkt\\\/dari-system-d3\\\/#breadcrumb\"},\"inLanguage\":\"pl-PL\",\"potentialAction\":[{\"@type\":\"ReadAction\",\"target\":[\"https:\\\/\\\/dari-system.com\\\/pl\\\/produkt\\\/dari-system-d3\\\/\"]}]},{\"@type\":\"ImageObject\",\"inLanguage\":\"pl-PL\",\"@id\":\"https:\\\/\\\/dari-system.com\\\/pl\\\/produkt\\\/dari-system-d3\\\/#primaryimage\",\"url\":\"https:\\\/\\\/dari-system.com\\\/wp-content\\\/uploads\\\/2024\\\/05\\\/dari_d3-1.webp\",\"contentUrl\":\"https:\\\/\\\/dari-system.com\\\/wp-content\\\/uploads\\\/2024\\\/05\\\/dari_d3-1.webp\",\"width\":1042,\"height\":1042,\"caption\":\"System DRi D3\"},{\"@type\":\"BreadcrumbList\",\"@id\":\"https:\\\/\\\/dari-system.com\\\/pl\\\/produkt\\\/dari-system-d3\\\/#breadcrumb\",\"itemListElement\":[{\"@type\":\"ListItem\",\"position\":1,\"name\":\"Startseite\",\"item\":\"https:\\\/\\\/dari-system.com\\\/pl\\\/\"},{\"@type\":\"ListItem\",\"position\":2,\"name\":\"Sklep\",\"item\":\"https:\\\/\\\/dari-system.com\\\/sklep\\\/\"},{\"@type\":\"ListItem\",\"position\":3,\"name\":\"DaRi system D3\"}]},{\"@type\":\"WebSite\",\"@id\":\"https:\\\/\\\/dari-system.com\\\/pl\\\/#website\",\"url\":\"https:\\\/\\\/dari-system.com\\\/pl\\\/\",\"name\":\"DaRi System\",\"description\":\"\",\"potentialAction\":[{\"@type\":\"SearchAction\",\"target\":{\"@type\":\"EntryPoint\",\"urlTemplate\":\"https:\\\/\\\/dari-system.com\\\/pl\\\/?s={search_term_string}\"},\"query-input\":{\"@type\":\"PropertyValueSpecification\",\"valueRequired\":true,\"valueName\":\"search_term_string\"}}],\"inLanguage\":\"pl-PL\"}]}<\/script>\n<!-- \/ Yoast SEO plugin. -->","yoast_head_json":{"title":"DaRi system D3 - DaRi System","robots":{"index":"index","follow":"follow","max-snippet":"max-snippet:-1","max-image-preview":"max-image-preview:large","max-video-preview":"max-video-preview:-1"},"canonical":"https:\/\/dari-system.com\/pl\/produkt\/dari-system-d3\/","og_locale":"pl_PL","og_type":"article","og_title":"DaRi system D3 - DaRi System","og_description":"W przypadku rynny 76 cm zawsze wymagane s\u0105 2 cz\u0119\u015bci DaRi-System D3. System DaRi 3 nie jest nie jest mocowany za pomoc\u0105 zacisk\u00f3w.","og_url":"https:\/\/dari-system.com\/pl\/produkt\/dari-system-d3\/","og_site_name":"DaRi System","article_modified_time":"2024-08-14T16:54:04+00:00","og_image":[{"width":1042,"height":1042,"url":"https:\/\/dari-system.com\/wp-content\/uploads\/2024\/05\/dari_d3-1.webp","type":"image\/webp"}],"twitter_card":"summary_large_image","schema":{"@context":"https:\/\/schema.org","@graph":[{"@type":"WebPage","@id":"https:\/\/dari-system.com\/pl\/produkt\/dari-system-d3\/","url":"https:\/\/dari-system.com\/pl\/produkt\/dari-system-d3\/","name":"DaRi system D3 - DaRi System","isPartOf":{"@id":"https:\/\/dari-system.com\/pl\/#website"},"primaryImageOfPage":{"@id":"https:\/\/dari-system.com\/pl\/produkt\/dari-system-d3\/#primaryimage"},"image":{"@id":"https:\/\/dari-system.com\/pl\/produkt\/dari-system-d3\/#primaryimage"},"thumbnailUrl":"https:\/\/dari-system.com\/wp-content\/uploads\/2024\/05\/dari_d3-1.webp","datePublished":"2024-05-22T16:37:31+00:00","dateModified":"2024-08-14T16:54:04+00:00","breadcrumb":{"@id":"https:\/\/dari-system.com\/pl\/produkt\/dari-system-d3\/#breadcrumb"},"inLanguage":"pl-PL","potentialAction":[{"@type":"ReadAction","target":["https:\/\/dari-system.com\/pl\/produkt\/dari-system-d3\/"]}]},{"@type":"ImageObject","inLanguage":"pl-PL","@id":"https:\/\/dari-system.com\/pl\/produkt\/dari-system-d3\/#primaryimage","url":"https:\/\/dari-system.com\/wp-content\/uploads\/2024\/05\/dari_d3-1.webp","contentUrl":"https:\/\/dari-system.com\/wp-content\/uploads\/2024\/05\/dari_d3-1.webp","width":1042,"height":1042,"caption":"System DRi D3"},{"@type":"BreadcrumbList","@id":"https:\/\/dari-system.com\/pl\/produkt\/dari-system-d3\/#breadcrumb","itemListElement":[{"@type":"ListItem","position":1,"name":"Startseite","item":"https:\/\/dari-system.com\/pl\/"},{"@type":"ListItem","position":2,"name":"Sklep","item":"https:\/\/dari-system.com\/sklep\/"},{"@type":"ListItem","position":3,"name":"DaRi system D3"}]},{"@type":"WebSite","@id":"https:\/\/dari-system.com\/pl\/#website","url":"https:\/\/dari-system.com\/pl\/","name":"DaRi System","description":"","potentialAction":[{"@type":"SearchAction","target":{"@type":"EntryPoint","urlTemplate":"https:\/\/dari-system.com\/pl\/?s={search_term_string}"},"query-input":{"@type":"PropertyValueSpecification","valueRequired":true,"valueName":"search_term_string"}}],"inLanguage":"pl-PL"}]}},"_links":{"self":[{"href":"https:\/\/dari-system.com\/pl\/wp-json\/wp\/v2\/product\/25546374","targetHints":{"allow":["GET"]}}],"collection":[{"href":"https:\/\/dari-system.com\/pl\/wp-json\/wp\/v2\/product"}],"about":[{"href":"https:\/\/dari-system.com\/pl\/wp-json\/wp\/v2\/types\/product"}],"wp:featuredmedia":[{"embeddable":true,"href":"https:\/\/dari-system.com\/pl\/wp-json\/wp\/v2\/media\/25546376"}],"wp:attachment":[{"href":"https:\/\/dari-system.com\/pl\/wp-json\/wp\/v2\/media?parent=25546374"}],"wp:term":[{"taxonomy":"product_brand","embeddable":true,"href":"https:\/\/dari-system.com\/pl\/wp-json\/wp\/v2\/product_brand?post=25546374"},{"taxonomy":"product_cat","embeddable":true,"href":"https:\/\/dari-system.com\/pl\/wp-json\/wp\/v2\/product_cat?post=25546374"},{"taxonomy":"product_tag","embeddable":true,"href":"https:\/\/dari-system.com\/pl\/wp-json\/wp\/v2\/product_tag?post=25546374"}],"curies":[{"name":"wp","href":"https:\/\/api.w.org\/{rel}","templated":true}]}}