{"id":25551030,"date":"2026-02-27T11:22:35","date_gmt":"2026-02-27T11:22:35","guid":{"rendered":"https:\/\/dari-system.com\/?page_id=25551030"},"modified":"2026-02-27T11:30:47","modified_gmt":"2026-02-27T11:30:47","slug":"polityka-prywatnosci-2","status":"publish","type":"page","link":"https:\/\/dari-system.com\/pl\/polityka-prywatnosci-2\/","title":{"rendered":"Polityka prywatno\u015bci tylko Meta Pixel"},"content":{"rendered":"<p>[et_pb_section fb_built=&#8221;1&#8243; fullwidth=&#8221;on&#8221; _builder_version=&#8221;4.25.0&#8243; _module_preset=&#8221;default&#8221; bottom_divider_color=&#8221;#FFFFFF&#8221; bottom_divider_height=&#8221;82px&#8221; bottom_divider_flip=&#8221;horizontal&#8221; locked=&#8221;off&#8221; global_colors_info=&#8221;{}&#8221;][et_pb_fullwidth_header title=&#8221;Polityka prywatno\u015bci&#8221; _builder_version=&#8221;4.25.0&#8243; _module_preset=&#8221;default&#8221; title_font=&#8221;|800|||||||&#8221; title_font_size=&#8221;45px&#8221; background_image=&#8221;https:\/\/dari-system.com\/wp-content\/uploads\/2024\/05\/header_background.webp&#8221; background_position=&#8221;bottom_center&#8221; custom_padding=&#8221;8vh||8vh||true|false&#8221; title_font_size_tablet=&#8221;45px&#8221; title_font_size_phone=&#8221;29px&#8221; title_font_size_last_edited=&#8221;on|phone&#8221; content_font_size_tablet=&#8221;&#8221; content_font_size_phone=&#8221;17px&#8221; content_font_size_last_edited=&#8221;on|phone&#8221; global_colors_info=&#8221;{}&#8221;][\/et_pb_fullwidth_header][\/et_pb_section][et_pb_section fb_built=&#8221;1&#8243; _builder_version=&#8221;4.25.0&#8243; _module_preset=&#8221;default&#8221; global_colors_info=&#8221;{}&#8221;][et_pb_row _builder_version=&#8221;4.25.0&#8243; _module_preset=&#8221;default&#8221; global_colors_info=&#8221;{}&#8221;][et_pb_column type=&#8221;4_4&#8243; _builder_version=&#8221;4.25.0&#8243; _module_preset=&#8221;default&#8221; global_colors_info=&#8221;{}&#8221;][et_pb_text _builder_version=&#8221;4.27.4&#8243; _module_preset=&#8221;default&#8221; global_colors_info=&#8221;{}&#8221;]<\/p>\n<h3>Meta Pixel (dawniej Facebook Pixel)<\/h3>\n<p>Ta witryna wykorzystuje piksel akcji odwiedzaj\u0105cego firmy Meta do pomiaru konwersji. Dostawc\u0105 tej us\u0142ugi jest Meta Platforms Ireland Limited, 4 Grand Canal Square, Dublin 2, Irlandia. Jednak wed\u0142ug Meta zebrane dane s\u0105 r\u00f3wnie\u017c przekazywane do USA i innych kraj\u00f3w trzecich.  <\/p>\n<p>Umo\u017cliwia to \u015bledzenie zachowania os\u00f3b odwiedzaj\u0105cych witryn\u0119 po przekierowaniu ich do witryny dostawcy poprzez klikni\u0119cie meta reklamy. Umo\u017cliwia to ocen\u0119 skuteczno\u015bci meta reklam do cel\u00f3w statystycznych i bada\u0144 rynkowych oraz optymalizacj\u0119 przysz\u0142ych dzia\u0142a\u0144 reklamowych. <\/p>\n<p>Zebrane dane s\u0105 anonimowe dla nas jako operatora tej strony internetowej; nie mo\u017cemy wyci\u0105ga\u0107 \u017cadnych wniosk\u00f3w na temat to\u017csamo\u015bci u\u017cytkownika. Dane s\u0105 jednak przechowywane i przetwarzane przez Meta, aby mo\u017cliwe by\u0142o po\u0142\u0105czenie z odpowiednim profilem u\u017cytkownika na Facebooku lub Instagramie, a Meta mo\u017ce wykorzystywa\u0107 dane do w\u0142asnych cel\u00f3w reklamowych zgodnie z Polityk\u0105 wykorzystania danych Meta<a href=\"https:\/\/de-de.facebook.com\/about\/privacy\/\" target=\"_blank\" rel=\"noopener noreferrer\">(https:\/\/de-de.facebook.com\/about\/privacy\/)<\/a>. Umo\u017cliwia to firmie Meta umieszczanie reklam na stronach Facebooka lub Instagrama oraz w innych kana\u0142ach reklamowych. Na takie wykorzystanie danych nie mamy wp\u0142ywu jako operator strony internetowej.   <\/p>\n<p>Korzystanie z tej us\u0142ugi odbywa si\u0119 na podstawie zgody u\u017cytkownika zgodnie z art. 6 ust. 1 lit. a RODO i \u00a7 25 ust. 1 RODO. Zgoda mo\u017ce zosta\u0107 cofni\u0119ta w dowolnym momencie.    <\/p>\n<p>W zakresie, w jakim dane osobowe s\u0105 gromadzone na naszej stronie internetowej za pomoc\u0105 opisanego tutaj narz\u0119dzia i przekazywane do Meta, my i Meta Platforms Ireland Limited, 4 Grand Canal Square, Grand Canal Harbour, Dublin 2, Irlandia jeste\u015bmy wsp\u00f3lnie odpowiedzialni za to przetwarzanie danych (art. 26 RODO). Wsp\u00f3lna odpowiedzialno\u015b\u0107 ogranicza si\u0119 wy\u0142\u0105cznie do gromadzenia danych i ich przekazywania do Meta. Przetwarzanie danych przez Meta po ich przekazaniu nie jest obj\u0119te wsp\u00f3ln\u0105 odpowiedzialno\u015bci\u0105. Obowi\u0105zki spoczywaj\u0105ce na nas wsp\u00f3lnie zosta\u0142y okre\u015blone w umowie o wsp\u00f3lnym przetwarzaniu danych. Tre\u015b\u0107 umowy mo\u017cna znale\u017a\u0107 pod adresem    <span> <\/span><a href=\"https:\/\/www.facebook.com\/legal\/controller_addendum\" target=\"_blank\" rel=\"noopener noreferrer\">https:\/\/www.facebook.com\/legal\/controller_addendum.<\/a> Zgodnie z t\u0105 umow\u0105 jeste\u015bmy odpowiedzialni za dostarczenie informacji o ochronie danych podczas korzystania z narz\u0119dzia Meta oraz za bezpieczne wdro\u017cenie narz\u0119dzia na naszej stronie internetowej zgodnie z prawem o ochronie danych. Meta jest odpowiedzialna za bezpiecze\u0144stwo danych produkt\u00f3w Meta. U\u017cytkownik mo\u017ce dochodzi\u0107 praw osoby, kt\u00f3rej dane dotycz\u0105 (np. \u017c\u0105dania informacji) w odniesieniu do danych przetwarzanych przez Facebook lub Instagram bezpo\u015brednio z Meta. W przypadku dochodzenia praw osoby, kt\u00f3rej dane dotycz\u0105 u nas, jeste\u015bmy zobowi\u0105zani do przekazania ich firmie Meta.    <\/p>\n<p>Przekazywanie danych do USA odbywa si\u0119 na podstawie standardowych klauzul umownych Komisji Europejskiej. Szczeg\u00f3\u0142y mo\u017cna znale\u017a\u0107 tutaj: <span> <\/span><a href=\"https:\/\/www.facebook.com\/legal\/EU_data_transfer_addendum\" target=\"_blank\" rel=\"noopener noreferrer\">https:\/\/www.facebook.com\/legal\/EU_data_transfer_addendum<\/a><span> <\/span>oraz<span> <\/span><a href=\"https:\/\/de-de.facebook.com\/help\/566994660333381\" target=\"_blank\" rel=\"noopener noreferrer\">https:\/\/de-de.facebook.com\/help\/566994660333381.<\/a><\/p>\n<p>Wi\u0119cej informacji na temat ochrony prywatno\u015bci mo\u017cna znale\u017a\u0107 w informacjach Meta dotycz\u0105cych ochrony danych:<span> <\/span><a href=\"https:\/\/de-de.facebook.com\/about\/privacy\/\" target=\"_blank\" rel=\"noopener noreferrer\">https:\/\/de-de.facebook.com\/about\/privacy\/.<\/a><\/p>\n<p>Mo\u017cesz tak\u017ce skorzysta\u0107 z funkcji remarketingu &#8222;Custom Audiences&#8221; w ustawieniach reklam w sekcji<span> <\/span><a href=\"https:\/\/www.facebook.com\/ads\/preferences\/?entry_product=ad_settings_screen\" target=\"_blank\" rel=\"noopener noreferrer\">https:\/\/www.facebook.com\/ads\/preferences\/?entry_product=ad_settings_screen<\/a><span> <\/span>dezaktywowa\u0107 go. Aby to zrobi\u0107, musisz by\u0107 zalogowany do Facebooka. <\/p>\n<p>Je\u015bli u\u017cytkownik nie ma konta na Facebooku lub Instagramie, mo\u017ce wy\u0142\u0105czy\u0107 reklamy oparte na u\u017cytkowaniu z Meta na stronie internetowej European Interactive Digital Advertising Alliance:<span> <\/span><a href=\"http:\/\/www.youronlinechoices.com\/de\/praferenzmanagement\/\" target=\"_blank\" rel=\"noopener noreferrer\">http:\/\/www.youronlinechoices.com\/de\/praferenzmanagement\/.<\/a><\/p>\n<p>Firma posiada certyfikat zgodno\u015bci z &#8222;EU-US Data Privacy Framework&#8221; (DPF). DPF to umowa mi\u0119dzy Uni\u0105 Europejsk\u0105 a USA, kt\u00f3ra ma na celu zapewnienie zgodno\u015bci z europejskimi standardami ochrony danych w zakresie przetwarzania danych w USA. Ka\u017cda firma certyfikowana w ramach DPF zobowi\u0105zuje si\u0119 do przestrzegania tych standard\u00f3w ochrony danych. Wi\u0119cej informacji na ten temat mo\u017cna uzyska\u0107 od dostawcy pod poni\u017cszym linkiem:   <span> <\/span><a href=\"https:\/\/www.dataprivacyframework.gov\/participant\/4452\" target=\"_blank\" rel=\"noopener noreferrer\">https:\/\/www.dataprivacyframework.gov\/participant\/4452.<\/a><\/p>\n<p>[\/et_pb_text][\/et_pb_column][\/et_pb_row][\/et_pb_section]<\/p>\n","protected":false},"excerpt":{"rendered":"<p>Meta Pixel (dawniej Facebook Pixel) Ta witryna wykorzystuje piksel akcji odwiedzaj\u0105cego firmy Meta do pomiaru konwersji. Dostawc\u0105 tej us\u0142ugi jest Meta Platforms Ireland Limited, 4 Grand Canal Square, Dublin 2, Irlandia. Jednak wed\u0142ug Meta zebrane dane s\u0105 r\u00f3wnie\u017c przekazywane do USA i innych kraj\u00f3w trzecich. Umo\u017cliwia to \u015bledzenie zachowania os\u00f3b odwiedzaj\u0105cych witryn\u0119 po przekierowaniu ich [&hellip;]<\/p>\n","protected":false},"author":1,"featured_media":0,"parent":0,"menu_order":0,"comment_status":"closed","ping_status":"closed","template":"","meta":{"_et_pb_use_builder":"on","_et_pb_old_content":"","_et_gb_content_width":"","iawp_total_views":4,"footnotes":""},"dipi_cpt_category":[],"class_list":["post-25551030","page","type-page","status-publish","hentry"],"yoast_head":"<!-- This site is optimized with the Yoast SEO plugin v27.4 - https:\/\/yoast.com\/product\/yoast-seo-wordpress\/ -->\n<title>Polityka prywatno\u015bci tylko Meta Pixel - DaRi System<\/title>\n<meta name=\"robots\" content=\"index, follow, max-snippet:-1, max-image-preview:large, max-video-preview:-1\" \/>\n<link rel=\"canonical\" href=\"https:\/\/dari-system.com\/pl\/polityka-prywatnosci-2\/\" \/>\n<meta property=\"og:locale\" content=\"pl_PL\" \/>\n<meta property=\"og:type\" content=\"article\" \/>\n<meta property=\"og:title\" content=\"Polityka prywatno\u015bci tylko Meta Pixel - DaRi System\" \/>\n<meta property=\"og:description\" content=\"Meta Pixel (dawniej Facebook Pixel) Ta witryna wykorzystuje piksel akcji odwiedzaj\u0105cego firmy Meta do pomiaru konwersji. Dostawc\u0105 tej us\u0142ugi jest Meta Platforms Ireland Limited, 4 Grand Canal Square, Dublin 2, Irlandia. Jednak wed\u0142ug Meta zebrane dane s\u0105 r\u00f3wnie\u017c przekazywane do USA i innych kraj\u00f3w trzecich. Umo\u017cliwia to \u015bledzenie zachowania os\u00f3b odwiedzaj\u0105cych witryn\u0119 po przekierowaniu ich [&hellip;]\" \/>\n<meta property=\"og:url\" content=\"https:\/\/dari-system.com\/pl\/polityka-prywatnosci-2\/\" \/>\n<meta property=\"og:site_name\" content=\"DaRi System\" \/>\n<meta property=\"article:modified_time\" content=\"2026-02-27T11:30:47+00:00\" \/>\n<meta name=\"twitter:card\" content=\"summary_large_image\" \/>\n<meta name=\"twitter:label1\" content=\"Szacowany czas czytania\" \/>\n\t<meta name=\"twitter:data1\" content=\"4 minuty\" \/>\n<script type=\"application\/ld+json\" class=\"yoast-schema-graph\">{\"@context\":\"https:\\\/\\\/schema.org\",\"@graph\":[{\"@type\":\"WebPage\",\"@id\":\"https:\\\/\\\/dari-system.com\\\/pl\\\/polityka-prywatnosci-2\\\/\",\"url\":\"https:\\\/\\\/dari-system.com\\\/pl\\\/polityka-prywatnosci-2\\\/\",\"name\":\"Polityka prywatno\u015bci tylko Meta Pixel - DaRi System\",\"isPartOf\":{\"@id\":\"https:\\\/\\\/dari-system.com\\\/pl\\\/#website\"},\"datePublished\":\"2026-02-27T11:22:35+00:00\",\"dateModified\":\"2026-02-27T11:30:47+00:00\",\"breadcrumb\":{\"@id\":\"https:\\\/\\\/dari-system.com\\\/pl\\\/polityka-prywatnosci-2\\\/#breadcrumb\"},\"inLanguage\":\"pl-PL\",\"potentialAction\":[{\"@type\":\"ReadAction\",\"target\":[\"https:\\\/\\\/dari-system.com\\\/pl\\\/polityka-prywatnosci-2\\\/\"]}]},{\"@type\":\"BreadcrumbList\",\"@id\":\"https:\\\/\\\/dari-system.com\\\/pl\\\/polityka-prywatnosci-2\\\/#breadcrumb\",\"itemListElement\":[{\"@type\":\"ListItem\",\"position\":1,\"name\":\"Startseite\",\"item\":\"https:\\\/\\\/dari-system.com\\\/pl\\\/\"},{\"@type\":\"ListItem\",\"position\":2,\"name\":\"Polityka prywatno\u015bci tylko Meta Pixel\"}]},{\"@type\":\"WebSite\",\"@id\":\"https:\\\/\\\/dari-system.com\\\/pl\\\/#website\",\"url\":\"https:\\\/\\\/dari-system.com\\\/pl\\\/\",\"name\":\"DaRi System\",\"description\":\"\",\"potentialAction\":[{\"@type\":\"SearchAction\",\"target\":{\"@type\":\"EntryPoint\",\"urlTemplate\":\"https:\\\/\\\/dari-system.com\\\/pl\\\/?s={search_term_string}\"},\"query-input\":{\"@type\":\"PropertyValueSpecification\",\"valueRequired\":true,\"valueName\":\"search_term_string\"}}],\"inLanguage\":\"pl-PL\"}]}<\/script>\n<!-- \/ Yoast SEO plugin. -->","yoast_head_json":{"title":"Polityka prywatno\u015bci tylko Meta Pixel - DaRi System","robots":{"index":"index","follow":"follow","max-snippet":"max-snippet:-1","max-image-preview":"max-image-preview:large","max-video-preview":"max-video-preview:-1"},"canonical":"https:\/\/dari-system.com\/pl\/polityka-prywatnosci-2\/","og_locale":"pl_PL","og_type":"article","og_title":"Polityka prywatno\u015bci tylko Meta Pixel - DaRi System","og_description":"Meta Pixel (dawniej Facebook Pixel) Ta witryna wykorzystuje piksel akcji odwiedzaj\u0105cego firmy Meta do pomiaru konwersji. Dostawc\u0105 tej us\u0142ugi jest Meta Platforms Ireland Limited, 4 Grand Canal Square, Dublin 2, Irlandia. Jednak wed\u0142ug Meta zebrane dane s\u0105 r\u00f3wnie\u017c przekazywane do USA i innych kraj\u00f3w trzecich. Umo\u017cliwia to \u015bledzenie zachowania os\u00f3b odwiedzaj\u0105cych witryn\u0119 po przekierowaniu ich [&hellip;]","og_url":"https:\/\/dari-system.com\/pl\/polityka-prywatnosci-2\/","og_site_name":"DaRi System","article_modified_time":"2026-02-27T11:30:47+00:00","twitter_card":"summary_large_image","twitter_misc":{"Szacowany czas czytania":"4 minuty"},"schema":{"@context":"https:\/\/schema.org","@graph":[{"@type":"WebPage","@id":"https:\/\/dari-system.com\/pl\/polityka-prywatnosci-2\/","url":"https:\/\/dari-system.com\/pl\/polityka-prywatnosci-2\/","name":"Polityka prywatno\u015bci tylko Meta Pixel - DaRi System","isPartOf":{"@id":"https:\/\/dari-system.com\/pl\/#website"},"datePublished":"2026-02-27T11:22:35+00:00","dateModified":"2026-02-27T11:30:47+00:00","breadcrumb":{"@id":"https:\/\/dari-system.com\/pl\/polityka-prywatnosci-2\/#breadcrumb"},"inLanguage":"pl-PL","potentialAction":[{"@type":"ReadAction","target":["https:\/\/dari-system.com\/pl\/polityka-prywatnosci-2\/"]}]},{"@type":"BreadcrumbList","@id":"https:\/\/dari-system.com\/pl\/polityka-prywatnosci-2\/#breadcrumb","itemListElement":[{"@type":"ListItem","position":1,"name":"Startseite","item":"https:\/\/dari-system.com\/pl\/"},{"@type":"ListItem","position":2,"name":"Polityka prywatno\u015bci tylko Meta Pixel"}]},{"@type":"WebSite","@id":"https:\/\/dari-system.com\/pl\/#website","url":"https:\/\/dari-system.com\/pl\/","name":"DaRi System","description":"","potentialAction":[{"@type":"SearchAction","target":{"@type":"EntryPoint","urlTemplate":"https:\/\/dari-system.com\/pl\/?s={search_term_string}"},"query-input":{"@type":"PropertyValueSpecification","valueRequired":true,"valueName":"search_term_string"}}],"inLanguage":"pl-PL"}]}},"_links":{"self":[{"href":"https:\/\/dari-system.com\/pl\/wp-json\/wp\/v2\/pages\/25551030","targetHints":{"allow":["GET"]}}],"collection":[{"href":"https:\/\/dari-system.com\/pl\/wp-json\/wp\/v2\/pages"}],"about":[{"href":"https:\/\/dari-system.com\/pl\/wp-json\/wp\/v2\/types\/page"}],"author":[{"embeddable":true,"href":"https:\/\/dari-system.com\/pl\/wp-json\/wp\/v2\/users\/1"}],"replies":[{"embeddable":true,"href":"https:\/\/dari-system.com\/pl\/wp-json\/wp\/v2\/comments?post=25551030"}],"version-history":[{"count":8,"href":"https:\/\/dari-system.com\/pl\/wp-json\/wp\/v2\/pages\/25551030\/revisions"}],"predecessor-version":[{"id":25551112,"href":"https:\/\/dari-system.com\/pl\/wp-json\/wp\/v2\/pages\/25551030\/revisions\/25551112"}],"wp:attachment":[{"href":"https:\/\/dari-system.com\/pl\/wp-json\/wp\/v2\/media?parent=25551030"}],"wp:term":[{"taxonomy":"dipi_cpt_category","embeddable":true,"href":"https:\/\/dari-system.com\/pl\/wp-json\/wp\/v2\/dipi_cpt_category?post=25551030"}],"curies":[{"name":"wp","href":"https:\/\/api.w.org\/{rel}","templated":true}]}}