{"id":25549785,"date":"2024-11-05T07:26:49","date_gmt":"2024-11-05T07:26:49","guid":{"rendered":"https:\/\/dari-system.com\/?page_id=25549785"},"modified":"2024-11-05T07:26:57","modified_gmt":"2024-11-05T07:26:57","slug":"rynna-chroniaca-przed-liscmi-3","status":"publish","type":"page","link":"https:\/\/dari-system.com\/pl\/rynna-chroniaca-przed-liscmi-3\/","title":{"rendered":"Rynna chroni\u0105ca przed li\u015b\u0107mi"},"content":{"rendered":"<p>[et_pb_section fb_built=&#8221;1&#8243; fullwidth=&#8221;on&#8221; _builder_version=&#8221;4.25.0&#8243; _module_preset=&#8221;default&#8221; bottom_divider_color=&#8221;#FFFFFF&#8221; bottom_divider_height=&#8221;82px&#8221; bottom_divider_flip=&#8221;horizontal&#8221; locked=&#8221;off&#8221; global_colors_info=&#8221;{}&#8221;][et_pb_fullwidth_header title=&#8221;Rynna chroni\u0105ca przed li\u015b\u0107mi&#8221; subhead=&#8221;Czego potrzebuje ka\u017cdy w\u0142a\u015bciciel domu&#8221; _builder_version=&#8221;4.25.0&#8243; _module_preset=&#8221;default&#8221; title_font=&#8221;|800|||||||&#8221; title_font_size=&#8221;45px&#8221; background_image=&#8221;https:\/\/dari-system.com\/wp-content\/uploads\/2024\/05\/header_background.webp&#8221; background_position=&#8221;bottom_center&#8221; custom_padding=&#8221;8vh||8vh||true|false&#8221; title_font_size_tablet=&#8221;45px&#8221; title_font_size_phone=&#8221;29px&#8221; title_font_size_last_edited=&#8221;on|phone&#8221; content_font_size_tablet=&#8221;&#8221; content_font_size_phone=&#8221;17px&#8221; content_font_size_last_edited=&#8221;on|phone&#8221; global_colors_info=&#8221;{}&#8221;][\/et_pb_fullwidth_header][\/et_pb_section][et_pb_section fb_built=&#8221;1&#8243; _builder_version=&#8221;4.25.0&#8243; _module_preset=&#8221;default&#8221; custom_margin=&#8221;||0px||false|false&#8221; custom_padding=&#8221;||0px||false|false&#8221; global_colors_info=&#8221;{}&#8221;][et_pb_row column_structure=&#8221;1_2,1_2&#8243; _builder_version=&#8221;4.25.0&#8243; _module_preset=&#8221;default&#8221; global_colors_info=&#8221;{}&#8221;][et_pb_column type=&#8221;1_2&#8243; _builder_version=&#8221;4.25.0&#8243; _module_preset=&#8221;default&#8221; global_colors_info=&#8221;{}&#8221;][et_pb_text _builder_version=&#8221;4.25.0&#8243; _module_preset=&#8221;default&#8221; header_2_font=&#8221;|700|||||||&#8221; global_colors_info=&#8221;{}&#8221;]<\/p>\n<h2><strong>Idealny \u0142apacz li\u015bci do rynien<\/strong><\/h2>\n<p>Ka\u017cdy w\u0142a\u015bciciel domu zna ryzyko zatkania rynny przez li\u015bcie, ig\u0142y, mech, ma\u0142e ga\u0142\u0119zie, martwe ptaki lub fajerwerki.<br \/>\n <strong>Os\u0142ona przeciw li\u015bciom do rynny<\/strong>, czy to p\u00f3\u0142okr\u0105g\u0142ej, czy skrzynkowej, jest praktycznie niezb\u0119dna pod wieloma wzgl\u0119dami.<br \/>\nPrawdopodobnie istnieje niewiele prac w domu i ogrodzie, kt\u00f3re ludzie lubi\u0105 odk\u0142ada\u0107 na p\u00f3\u017aniej tak bardzo, jak czyszczenie rynien.<br \/>\nNie tylko uci\u0105\u017cliwe jest wyci\u0105ganie drabiny i wspinanie si\u0119 na dach kilka razy w roku; niebezpieczne jest r\u00f3wnie\u017c stanie na d\u0142ugiej, chybotliwej drabinie i czyszczenie rynny.<br \/>\nOs\u0142ona przeciw li\u015bciom do rynny lub rynny skrzynkowej stanowi idealne rozwi\u0105zanie.<br \/>\n\u0141apacz li\u015bci do rynny pozwala zaoszcz\u0119dzi\u0107 cenny czas.<br \/>\nJe\u015bli li\u015bcie blokuj\u0105 rynn\u0119, woda deszczowa zbiera si\u0119 i mo\u017ce przep\u0142ywa\u0107 przez rynn\u0119 i moczy\u0107 \u015bciany domu.<br \/>\nMo\u017ce si\u0119 to r\u00f3wnie\u017c zdarzy\u0107 w przypadku rynny skrzynkowej.<br \/>\nDlatego os\u0142ona przed li\u015b\u0107mi jest OBOWI\u0104ZKOWA dla ka\u017cdego w\u0142a\u015bciciela domu.        <\/p>\n<p>[\/et_pb_text][\/et_pb_column][et_pb_column type=&#8221;1_2&#8243; _builder_version=&#8221;4.25.0&#8243; _module_preset=&#8221;default&#8221; global_colors_info=&#8221;{}&#8221;][et_pb_image src=&#8221;https:\/\/dari-system.com\/wp-content\/uploads\/2024\/06\/laubfang-dachrinne.webp&#8221; alt=&#8221;Rynna chroni\u0105ca przed li\u015b\u0107mi&#8221; title_text=&#8221;os\u0142ona na li\u015bcie rynna&#8221; _builder_version=&#8221;4.25.0&#8243; _module_preset=&#8221;default&#8221; custom_margin=&#8221;||5px||false|false&#8221; global_colors_info=&#8221;{}&#8221;][\/et_pb_image][et_pb_text _builder_version=&#8221;4.25.0&#8243; _module_preset=&#8221;default&#8221; custom_margin=&#8221;0px||||false|false&#8221; global_colors_info=&#8221;{}&#8221;]<\/p>\n<p style=\"text-align: center;\"><em>Rynna chroni\u0105ca przed li\u015b\u0107mi od DaRi-System<\/em><\/p>\n<p>[\/et_pb_text][\/et_pb_column][\/et_pb_row][\/et_pb_section][et_pb_section fb_built=&#8221;1&#8243; _builder_version=&#8221;4.25.0&#8243; _module_preset=&#8221;default&#8221; custom_margin=&#8221;0px||||false|false&#8221; custom_padding=&#8221;0px||||false|false&#8221; global_colors_info=&#8221;{}&#8221;][et_pb_row _builder_version=&#8221;4.25.0&#8243; _module_preset=&#8221;default&#8221; global_colors_info=&#8221;{}&#8221;][et_pb_column type=&#8221;4_4&#8243; _builder_version=&#8221;4.25.0&#8243; _module_preset=&#8221;default&#8221; global_colors_info=&#8221;{}&#8221;][et_pb_text _builder_version=&#8221;4.25.0&#8243; _module_preset=&#8221;default&#8221; header_2_font=&#8221;|800|||||||&#8221; global_colors_info=&#8221;{}&#8221;]<\/p>\n<h2><strong>Oferujemy idealn\u0105 ochron\u0119 przed li\u015b\u0107mi do rynien i rynien skrzynkowych<\/strong><\/h2>\n<p>Je\u015bli szukasz idealnej os\u0142ony przed li\u015b\u0107mi do swojej rynny, jeste\u015b we w\u0142a\u015bciwym miejscu.<br \/>\nMamy odpowiednie rozwi\u0105zanie dla ka\u017cdej rynny.<br \/>\nNiezale\u017cnie od tego, czy szukasz os\u0142ony przeciw li\u015bciom do rynny p\u00f3\u0142okr\u0105g\u0142ej, czy rynny skrzynkowej.<br \/>\nNasz specjalnie opracowany system ochrony przed li\u015b\u0107mi do rynien skrzynkowych mo\u017ce by\u0107 dostosowany do rynien o r\u00f3\u017cnych szeroko\u015bciach i dlatego jest wyj\u0105tkowy.<br \/>\nOs\u0142ona przed li\u015b\u0107mi do rynien skrzynkowych idealnie nadaje si\u0119 do rynien skrzynkowych na zadaszeniach, balkonach i ogrodach zimowych.<br \/>\nW tych miejscach zazwyczaj instalowane s\u0105 rynny niestandardowe.<br \/>\nNie stanowi to jednak problemu dla naszego systemu ochrony przed li\u015b\u0107mi.      <\/p>\n<h2><strong>Najwy\u017csza jako\u015b\u0107 i najlepsza obs\u0142uga<\/strong><\/h2>\n<p>Od ponad 20 lat pracujemy nad sposobem ochrony rynien przed zatykaniem przez li\u015bcie i opracowali\u015bmy wysokiej jako\u015bci produkty, kt\u00f3re s\u0105 wytwarzane w Niemczech.<br \/>\nCzekamy na ka\u017cde zapytanie.<br \/>\nPrze\u015blij nam zdj\u0119cie swojej rynny, a my bezp\u0142atnie doradzimy, kt\u00f3ry system wy\u0142apywania li\u015bci jest najlepszy dla Twojej rynny lub rynny skrzynkowej.<br \/>\nTo wszystko jest cz\u0119\u015bci\u0105 naszej wszechstronnej us\u0142ugi w zakresie \u0142apaczy li\u015bci do rynien.<br \/>\nDostarczamy system DaRi klientom w ca\u0142ej Europie w najkr\u00f3tszym mo\u017cliwym czasie.<br \/>\nSystem DaRi spe\u0142nia najwy\u017csze standardy jako\u015bci i gwarantuje d\u0142ug\u0105 \u017cywotno\u015b\u0107.<br \/>\nGwarantujemy r\u00f3wnie\u017c, \u017ce rynna nie b\u0119dzie ju\u017c blokowana przez li\u015bcie dzi\u0119ki os\u0142onie przeciw li\u015bciom systemu DaRi.      <\/p>\n<h2><strong>Zalety os\u0142on przeciw li\u015bciom do rynien:<\/strong><\/h2>\n<ul>\n<li><strong>Zapobieganie zatorom:<\/strong> \u0141apacze li\u015bci zapobiegaj\u0105 przedostawaniu si\u0119 li\u015bci, ga\u0142\u0119zi i innych zanieczyszcze\u0144 do rynien, co zapobiega ich zatykaniu.<\/li>\n<li><strong>Zwi\u0119kszona \u017cywotno\u015b\u0107:<\/strong> Ograniczenie zator\u00f3w minimalizuje uszkodzenia rynien, takie jak rdza i korozja, co wyd\u0142u\u017ca ich \u017cywotno\u015b\u0107.<\/li>\n<li><strong>Lepsze odprowadzanie wody:<\/strong> \u0141apacze li\u015bci umo\u017cliwiaj\u0105 lepsze odprowadzanie wody, poniewa\u017c woda mo\u017ce swobodnie przep\u0142ywa\u0107 przez rynn\u0119, nie napotykaj\u0105c \u017cadnych przeszk\u00f3d.<\/li>\n<li><strong>Mniej prac konserwacyjnych:<\/strong> Dzi\u0119ki systemowi DaRi, rynny musz\u0105 by\u0107 czyszczone rzadziej, co ogranicza prace konserwacyjne i oszcz\u0119dza czas.<\/li>\n<li><strong>Ochrona przed uszkodzeniem budynku:<\/strong> Zablokowane rynny mog\u0105 prowadzi\u0107 do uszkodzenia fasady budynku, fundament\u00f3w i dachu przez wod\u0119.<br \/>\n\u0141apacze li\u015bci chroni\u0105 przed takimi uszkodzeniami. <\/li>\n<li><strong>Lepsza estetyka:<\/strong> Czyste rynny bez widocznych osad\u00f3w przyczyniaj\u0105 si\u0119 do estetycznego wygl\u0105du budynku<strong>.<\/strong> <\/li>\n<li><strong>Przyjazny dla \u015brodowiska:<\/strong> Zapobiegaj\u0105c zatorom i wynikaj\u0105cym z nich uszkodzeniom, system DaRi pomaga ograniczy\u0107 potrzeb\u0119 napraw i wymiany, co oszcz\u0119dza zasoby i energi\u0119.<br \/>\nSystem DaRi w pe\u0142ni nadaje si\u0119 do recyklingu. <\/li>\n<\/ul>\n<p>To r\u00f3wnie\u017c mo\u017ce Ci\u0119 zainteresowa\u0107:<\/p>\n<ul>\n<li><a href=\"https:\/\/dari-system.com\/pl\/rynna-chroniaca-przed-liscmi-2\/\" title=\"Rynna chroni\u0105ca przed li\u015b\u0107mi\"><a href=\"https:\/\/dari-system.com\/pl\/rynna-chroniaca-przed-liscmi-2\/\">Os\u0142ona na li\u015bcie do rynny<\/a><\/a><\/li>\n<li><a href=\"https:\/\/dari-system.com\/pl\/rynny-deszczowe-oslona-przed-liscmi\/\" title=\"Rynny deszczowe Os\u0142ona przed li\u015b\u0107mi\"><a href=\"https:\/\/dari-system.com\/pl\/rynny-deszczowe-oslona-przed-liscmi\/\">Rynny deszczowe Os\u0142ona przed li\u015b\u0107mi<\/a><\/a><\/li>\n<li><a href=\"https:\/\/dari-system.com\/pl\/rynna-chroniaca-przed-liscmi\/\" title=\"Rynna chroni\u0105ca przed li\u015b\u0107mi\"><a href=\"https:\/\/dari-system.com\/pl\/rynna-chroniaca-przed-liscmi\/\">Zabezpieczenie rynny przed li\u015b\u0107mi<\/a><\/a><\/li>\n<li><a href=\"https:\/\/dari-system.com\/pl\/oslona-rynny\/\" title=\"Os\u0142ona rynny\"> <a href=\"https:\/\/dari-system.com\/pl\/oslona-rynny\/\"> Os\u0142ona rynny<\/a><\/a><\/li>\n<\/ul>\n<p>[\/et_pb_text][\/et_pb_column][\/et_pb_row][\/et_pb_section][et_pb_section fb_built=&#8221;1&#8243; theme_builder_area=&#8221;post_content&#8221; _builder_version=&#8221;4.27.0&#8243; _module_preset=&#8221;default&#8221;][et_pb_row _builder_version=&#8221;4.27.0&#8243; _module_preset=&#8221;default&#8221; theme_builder_area=&#8221;post_content&#8221;][et_pb_column _builder_version=&#8221;4.27.0&#8243; _module_preset=&#8221;default&#8221; type=&#8221;4_4&#8243; theme_builder_area=&#8221;post_content&#8221;][et_pb_text _builder_version=&#8221;4.27.0&#8243; _module_preset=&#8221;default&#8221; theme_builder_area=&#8221;post_content&#8221; hover_enabled=&#8221;0&#8243; sticky_enabled=&#8221;0&#8243;]<\/p>\n<h2><span>Laubfang f\u00fcr die Dachrinne gesucht? Entdecke jetzt die Vorteile von DaRi System!<\/span><\/h2>\n<p><span>Du bist es leid, nach einem langen Arbeitstag noch aufs Dach zu steigen, um die Dachrinne von Unrat zu befreien, um einen sicheren Wasserablauf zu gew\u00e4hrleisten? Dann geht es dir \u00e4hnlich wie den Entwicklern von DaRi System. Unser Ziel war es von Anfang an, einen zuverl\u00e4ssigen und hochwertigen <strong>Laubfang f\u00fcr die Dachrinne<\/strong> zu entwickeln, der UV-best\u00e4ndig und noch dazu k\u00e4ltestabil ist. Neben der hohen Qualit\u00e4t standen f\u00fcr uns Funktionalit\u00e4t und eine kinderleichte Montage bei der Entwicklung an oberster Stelle. Entstanden ist so ein Laubfang f\u00fcr die Dachrinne, der universell einsetzbar ist und bei verschiedenen Rinnentypen verwendet werden kann. Noch dazu ist unser Laubfang f\u00fcr die Dachrinne aus recyclingf\u00e4higem Material hergestellt und absolut nachhaltig. <\/span><\/p>\n<h2><span>Einfach nachr\u00fcstbar und besonders zuverl\u00e4ssig<\/span><\/h2>\n<p>Egal ob du f\u00fcr deine Dachrinne schon mal ein anderes Laubschutzsystem ausprobiert hast oder ob deine Dachrinne bisher noch nicht gesch\u00fctzt war: Mit dem DaRi-System trifft du mit Sicherheit die richtige Wahl.<span> Du kannst unseren Dachrinnenschutz jederzeit problemlos nachr\u00fcsten. Die optimierte Bauweise sorgt daf\u00fcr, dass die Montage kinderleicht und schnell von der Hand geht. Wir haben unseren <strong>Laubfang f\u00fcr die Dachrinne<\/strong> mit einer optimierten Lochung ausgestattet, sodass auch Nadeln nicht mehr ins Innere der Rinne gelangen k\u00f6nnen. <\/span><span>\u00a0<\/span><\/p>\n<h2><span>Mehr als ein Laubfang f\u00fcr die Dachrinne<\/span><\/h2>\n<p>Mit einem <strong>Laubfang f\u00fcr die Dachrinne<\/strong> von DaRi System w\u00e4hlst du einen zuverl\u00e4ssigen Schutz mit geringem Wartungsaufwand. Er sch\u00fctzt aber nicht nur vor Laub, sondern verhindert ebenso, dass sich V\u00f6gel in der Dachrinne niederlassen oder Nagetiere diese als Einstiegsweg ins Haus nutzen k\u00f6nnen. Da die Dachrinnen frei bleiben, kannst du dich auf eine verbesserte Wasserf\u00fchrung verlassen.<\/p>\n<p>[\/et_pb_text][\/et_pb_column][\/et_pb_row][\/et_pb_section]<\/p>\n","protected":false},"excerpt":{"rendered":"<p>Idealny \u0142apacz li\u015bci do rynien Ka\u017cdy w\u0142a\u015bciciel domu zna ryzyko zatkania rynny przez li\u015bcie, ig\u0142y, mech, ma\u0142e ga\u0142\u0119zie, martwe ptaki lub fajerwerki. Os\u0142ona przeciw li\u015bciom do rynny, czy to p\u00f3\u0142okr\u0105g\u0142ej, czy skrzynkowej, jest praktycznie niezb\u0119dna pod wieloma wzgl\u0119dami. Prawdopodobnie istnieje niewiele prac w domu i ogrodzie, kt\u00f3re ludzie lubi\u0105 odk\u0142ada\u0107 na p\u00f3\u017aniej tak bardzo, jak [&hellip;]<\/p>\n","protected":false},"author":2,"featured_media":0,"parent":0,"menu_order":0,"comment_status":"closed","ping_status":"closed","template":"","meta":{"_et_pb_use_builder":"on","_et_pb_old_content":"","_et_gb_content_width":"","iawp_total_views":5,"footnotes":""},"dipi_cpt_category":[],"class_list":["post-25549785","page","type-page","status-publish","hentry"],"yoast_head":"<!-- This site is optimized with the Yoast SEO plugin v27.2 - https:\/\/yoast.com\/product\/yoast-seo-wordpress\/ -->\n<title>Skuteczna ochrona rynien przed li\u015b\u0107mi - system DaRi<\/title>\n<meta name=\"description\" content=\"Odkryj idealn\u0105 pu\u0142apk\u0119 na li\u015bcie do swojej rynny. Koniec z zatorami i \u017cmudnym czyszczeniem dzi\u0119ki systemowi DaRi. Dowiedz si\u0119 wi\u0119cej ju\u017c teraz!\" \/>\n<meta name=\"robots\" content=\"index, follow, max-snippet:-1, max-image-preview:large, max-video-preview:-1\" \/>\n<link rel=\"canonical\" href=\"https:\/\/dari-system.com\/pl\/rynna-chroniaca-przed-liscmi-3\/\" \/>\n<meta property=\"og:locale\" content=\"pl_PL\" \/>\n<meta property=\"og:type\" content=\"article\" \/>\n<meta property=\"og:title\" content=\"Skuteczna ochrona rynien przed li\u015b\u0107mi - system DaRi\" \/>\n<meta property=\"og:description\" content=\"Odkryj idealn\u0105 pu\u0142apk\u0119 na li\u015bcie do swojej rynny. Koniec z zatorami i \u017cmudnym czyszczeniem dzi\u0119ki systemowi DaRi. Dowiedz si\u0119 wi\u0119cej ju\u017c teraz!\" \/>\n<meta property=\"og:url\" content=\"https:\/\/dari-system.com\/pl\/rynna-chroniaca-przed-liscmi-3\/\" \/>\n<meta property=\"og:site_name\" content=\"DaRi System\" \/>\n<meta property=\"article:modified_time\" content=\"2024-11-05T07:26:57+00:00\" \/>\n<meta name=\"twitter:card\" content=\"summary_large_image\" \/>\n<meta name=\"twitter:label1\" content=\"Szacowany czas czytania\" \/>\n\t<meta name=\"twitter:data1\" content=\"7 minut\" \/>\n<script type=\"application\/ld+json\" class=\"yoast-schema-graph\">{\"@context\":\"https:\/\/schema.org\",\"@graph\":[{\"@type\":\"WebPage\",\"@id\":\"https:\/\/dari-system.com\/pl\/rynna-chroniaca-przed-liscmi-3\/\",\"url\":\"https:\/\/dari-system.com\/pl\/rynna-chroniaca-przed-liscmi-3\/\",\"name\":\"Skuteczna ochrona rynien przed li\u015b\u0107mi - system DaRi\",\"isPartOf\":{\"@id\":\"https:\/\/dari-system.com\/pl\/#website\"},\"datePublished\":\"2024-11-05T07:26:49+00:00\",\"dateModified\":\"2024-11-05T07:26:57+00:00\",\"description\":\"Odkryj idealn\u0105 pu\u0142apk\u0119 na li\u015bcie do swojej rynny. Koniec z zatorami i \u017cmudnym czyszczeniem dzi\u0119ki systemowi DaRi. Dowiedz si\u0119 wi\u0119cej ju\u017c teraz!\",\"breadcrumb\":{\"@id\":\"https:\/\/dari-system.com\/pl\/rynna-chroniaca-przed-liscmi-3\/#breadcrumb\"},\"inLanguage\":\"pl-PL\",\"potentialAction\":[{\"@type\":\"ReadAction\",\"target\":[\"https:\/\/dari-system.com\/pl\/rynna-chroniaca-przed-liscmi-3\/\"]}]},{\"@type\":\"BreadcrumbList\",\"@id\":\"https:\/\/dari-system.com\/pl\/rynna-chroniaca-przed-liscmi-3\/#breadcrumb\",\"itemListElement\":[{\"@type\":\"ListItem\",\"position\":1,\"name\":\"Startseite\",\"item\":\"https:\/\/dari-system.com\/pl\/\"},{\"@type\":\"ListItem\",\"position\":2,\"name\":\"Rynna chroni\u0105ca przed li\u015b\u0107mi\"}]},{\"@type\":\"WebSite\",\"@id\":\"https:\/\/dari-system.com\/pl\/#website\",\"url\":\"https:\/\/dari-system.com\/pl\/\",\"name\":\"DaRi System\",\"description\":\"\",\"potentialAction\":[{\"@type\":\"SearchAction\",\"target\":{\"@type\":\"EntryPoint\",\"urlTemplate\":\"https:\/\/dari-system.com\/pl\/?s={search_term_string}\"},\"query-input\":{\"@type\":\"PropertyValueSpecification\",\"valueRequired\":true,\"valueName\":\"search_term_string\"}}],\"inLanguage\":\"pl-PL\"}]}<\/script>\n<!-- \/ Yoast SEO plugin. -->","yoast_head_json":{"title":"Skuteczna ochrona rynien przed li\u015b\u0107mi - system DaRi","description":"Odkryj idealn\u0105 pu\u0142apk\u0119 na li\u015bcie do swojej rynny. Koniec z zatorami i \u017cmudnym czyszczeniem dzi\u0119ki systemowi DaRi. Dowiedz si\u0119 wi\u0119cej ju\u017c teraz!","robots":{"index":"index","follow":"follow","max-snippet":"max-snippet:-1","max-image-preview":"max-image-preview:large","max-video-preview":"max-video-preview:-1"},"canonical":"https:\/\/dari-system.com\/pl\/rynna-chroniaca-przed-liscmi-3\/","og_locale":"pl_PL","og_type":"article","og_title":"Skuteczna ochrona rynien przed li\u015b\u0107mi - system DaRi","og_description":"Odkryj idealn\u0105 pu\u0142apk\u0119 na li\u015bcie do swojej rynny. Koniec z zatorami i \u017cmudnym czyszczeniem dzi\u0119ki systemowi DaRi. Dowiedz si\u0119 wi\u0119cej ju\u017c teraz!","og_url":"https:\/\/dari-system.com\/pl\/rynna-chroniaca-przed-liscmi-3\/","og_site_name":"DaRi System","article_modified_time":"2024-11-05T07:26:57+00:00","twitter_card":"summary_large_image","twitter_misc":{"Szacowany czas czytania":"7 minut"},"schema":{"@context":"https:\/\/schema.org","@graph":[{"@type":"WebPage","@id":"https:\/\/dari-system.com\/pl\/rynna-chroniaca-przed-liscmi-3\/","url":"https:\/\/dari-system.com\/pl\/rynna-chroniaca-przed-liscmi-3\/","name":"Skuteczna ochrona rynien przed li\u015b\u0107mi - system DaRi","isPartOf":{"@id":"https:\/\/dari-system.com\/pl\/#website"},"datePublished":"2024-11-05T07:26:49+00:00","dateModified":"2024-11-05T07:26:57+00:00","description":"Odkryj idealn\u0105 pu\u0142apk\u0119 na li\u015bcie do swojej rynny. Koniec z zatorami i \u017cmudnym czyszczeniem dzi\u0119ki systemowi DaRi. Dowiedz si\u0119 wi\u0119cej ju\u017c teraz!","breadcrumb":{"@id":"https:\/\/dari-system.com\/pl\/rynna-chroniaca-przed-liscmi-3\/#breadcrumb"},"inLanguage":"pl-PL","potentialAction":[{"@type":"ReadAction","target":["https:\/\/dari-system.com\/pl\/rynna-chroniaca-przed-liscmi-3\/"]}]},{"@type":"BreadcrumbList","@id":"https:\/\/dari-system.com\/pl\/rynna-chroniaca-przed-liscmi-3\/#breadcrumb","itemListElement":[{"@type":"ListItem","position":1,"name":"Startseite","item":"https:\/\/dari-system.com\/pl\/"},{"@type":"ListItem","position":2,"name":"Rynna chroni\u0105ca przed li\u015b\u0107mi"}]},{"@type":"WebSite","@id":"https:\/\/dari-system.com\/pl\/#website","url":"https:\/\/dari-system.com\/pl\/","name":"DaRi System","description":"","potentialAction":[{"@type":"SearchAction","target":{"@type":"EntryPoint","urlTemplate":"https:\/\/dari-system.com\/pl\/?s={search_term_string}"},"query-input":{"@type":"PropertyValueSpecification","valueRequired":true,"valueName":"search_term_string"}}],"inLanguage":"pl-PL"}]}},"_links":{"self":[{"href":"https:\/\/dari-system.com\/pl\/wp-json\/wp\/v2\/pages\/25549785","targetHints":{"allow":["GET"]}}],"collection":[{"href":"https:\/\/dari-system.com\/pl\/wp-json\/wp\/v2\/pages"}],"about":[{"href":"https:\/\/dari-system.com\/pl\/wp-json\/wp\/v2\/types\/page"}],"author":[{"embeddable":true,"href":"https:\/\/dari-system.com\/pl\/wp-json\/wp\/v2\/users\/2"}],"replies":[{"embeddable":true,"href":"https:\/\/dari-system.com\/pl\/wp-json\/wp\/v2\/comments?post=25549785"}],"version-history":[{"count":2,"href":"https:\/\/dari-system.com\/pl\/wp-json\/wp\/v2\/pages\/25549785\/revisions"}],"predecessor-version":[{"id":25549822,"href":"https:\/\/dari-system.com\/pl\/wp-json\/wp\/v2\/pages\/25549785\/revisions\/25549822"}],"wp:attachment":[{"href":"https:\/\/dari-system.com\/pl\/wp-json\/wp\/v2\/media?parent=25549785"}],"wp:term":[{"taxonomy":"dipi_cpt_category","embeddable":true,"href":"https:\/\/dari-system.com\/pl\/wp-json\/wp\/v2\/dipi_cpt_category?post=25549785"}],"curies":[{"name":"wp","href":"https:\/\/api.w.org\/{rel}","templated":true}]}}