{"id":25546384,"date":"2024-06-19T09:23:15","date_gmt":"2024-06-19T09:23:15","guid":{"rendered":"https:\/\/dari-system.com\/rynna-chroniaca-przed-liscmi\/"},"modified":"2024-08-12T11:58:37","modified_gmt":"2024-08-12T11:58:37","slug":"rynna-chroniaca-przed-liscmi","status":"publish","type":"page","link":"https:\/\/dari-system.com\/pl\/rynna-chroniaca-przed-liscmi\/","title":{"rendered":"Rynna chroni\u0105ca przed li\u015b\u0107mi"},"content":{"rendered":"<p>[et_pb_section fb_built=&#8221;1&#8243; fullwidth=&#8221;on&#8221; _builder_version=&#8221;4.25.0&#8243; _module_preset=&#8221;default&#8221; bottom_divider_color=&#8221;#FFFFFF&#8221; bottom_divider_height=&#8221;82px&#8221; bottom_divider_flip=&#8221;horizontal&#8221; locked=&#8221;off&#8221; global_colors_info=&#8221;{}&#8221;][et_pb_fullwidth_header title=&#8221;Rynna chroni\u0105ca przed li\u015b\u0107mi&#8221; subhead=&#8221;Aby\u015b m\u00f3g\u0142 spa\u0107 spokojnie&#8221; _builder_version=&#8221;4.25.0&#8243; _module_preset=&#8221;default&#8221; title_font=&#8221;|800|||||||&#8221; title_font_size=&#8221;45px&#8221; background_image=&#8221;https:\/\/dari-system.com\/wp-content\/uploads\/2024\/05\/header_background.webp&#8221; background_position=&#8221;bottom_center&#8221; custom_padding=&#8221;8vh||8vh||true|false&#8221; title_font_size_tablet=&#8221;45px&#8221; title_font_size_phone=&#8221;29px&#8221; title_font_size_last_edited=&#8221;on|phone&#8221; content_font_size_tablet=&#8221;&#8221; content_font_size_phone=&#8221;17px&#8221; content_font_size_last_edited=&#8221;on|phone&#8221; global_colors_info=&#8221;{}&#8221;][\/et_pb_fullwidth_header][\/et_pb_section][et_pb_section fb_built=&#8221;1&#8243; _builder_version=&#8221;4.25.0&#8243; _module_preset=&#8221;default&#8221; custom_margin=&#8221;||0px||false|false&#8221; custom_padding=&#8221;||0px||false|false&#8221; global_colors_info=&#8221;{}&#8221;][et_pb_row column_structure=&#8221;1_2,1_2&#8243; _builder_version=&#8221;4.25.0&#8243; _module_preset=&#8221;default&#8221; global_colors_info=&#8221;{}&#8221;][et_pb_column type=&#8221;1_2&#8243; _builder_version=&#8221;4.25.0&#8243; _module_preset=&#8221;default&#8221; global_colors_info=&#8221;{}&#8221;][et_pb_text _builder_version=&#8221;4.25.0&#8243; _module_preset=&#8221;default&#8221; header_2_font=&#8221;|700|||||||&#8221; global_colors_info=&#8221;{}&#8221;]<\/p>\n<h2><strong>Idealna os\u0142ona przed li\u015b\u0107mi do rynny<\/strong><\/h2>\n<p>Czy znasz r\u00f3wnie\u017c problem bezsennych nocy jesieni\u0105, poniewa\u017c martwisz si\u0119, \u017ce Twoja rynna lub rynna skrzynkowa mo\u017ce zosta\u0107 zablokowana przez li\u015bcie i przela\u0107 si\u0119 podczas deszczu?<br \/>\nPrawdopodobnie ka\u017cdy w\u0142a\u015bciciel domu zna ten problem.<br \/>\nW\u0142a\u015bnie dlatego potrzebujesz os\u0142ony na li\u015bcie do rynny lub rynny skrzynkowej, aby\u015b m\u00f3g\u0142 znowu spa\u0107 spokojnie.<br \/>\nWynika to z faktu, \u017ce os\u0142ona przeciw li\u015bciom do rynny mo\u017ce skutecznie zapobiega\u0107 wpadaniu li\u015bci, mchu, ma\u0142ych ga\u0142\u0119zi lub igie\u0142 do rynny lub rynny skrzynkowej.<br \/>\n <strong>Os\u0142ona przeciw li\u015bciom do rynny<\/strong> jest szczeg\u00f3lnie skutecznym rozwi\u0105zaniem, kt\u00f3re pozwala zaoszcz\u0119dzi\u0107 sobie wiele pracy.    <\/p>\n<p>[\/et_pb_text][\/et_pb_column][et_pb_column type=&#8221;1_2&#8243; _builder_version=&#8221;4.25.0&#8243; _module_preset=&#8221;default&#8221; global_colors_info=&#8221;{}&#8221;][et_pb_image src=&#8221;https:\/\/dari-system.com\/wp-content\/uploads\/2024\/06\/laubschutz-dachrinne.webp&#8221; alt=&#8221;Rynna chroni\u0105ca przed li\u015b\u0107mi&#8221; title_text=&#8221;os\u0142ona na li\u015bcie rynna&#8221; _builder_version=&#8221;4.25.0&#8243; _module_preset=&#8221;default&#8221; custom_margin=&#8221;||5px||false|false&#8221; global_colors_info=&#8221;{}&#8221;][\/et_pb_image][et_pb_text _builder_version=&#8221;4.25.0&#8243; _module_preset=&#8221;default&#8221; custom_margin=&#8221;0px||||false|false&#8221; global_colors_info=&#8221;{}&#8221;]<\/p>\n<p style=\"text-align: center;\"><em>Rynna ochronna DaRi-System<\/em><\/p>\n<p>[\/et_pb_text][\/et_pb_column][\/et_pb_row][\/et_pb_section][et_pb_section fb_built=&#8221;1&#8243; _builder_version=&#8221;4.25.0&#8243; _module_preset=&#8221;default&#8221; custom_margin=&#8221;0px||||false|false&#8221; custom_padding=&#8221;0px||||false|false&#8221; global_colors_info=&#8221;{}&#8221;][et_pb_row _builder_version=&#8221;4.25.0&#8243; _module_preset=&#8221;default&#8221; global_colors_info=&#8221;{}&#8221;][et_pb_column type=&#8221;4_4&#8243; _builder_version=&#8221;4.25.0&#8243; _module_preset=&#8221;default&#8221; global_colors_info=&#8221;{}&#8221;][et_pb_text _builder_version=&#8221;4.25.0&#8243; _module_preset=&#8221;default&#8221; header_2_font=&#8221;|700|||||||&#8221; hover_enabled=&#8221;0&#8243; global_colors_info=&#8221;{}&#8221; sticky_enabled=&#8221;0&#8243;]<\/p>\n<h2>Zabezpieczenie rynny przed li\u015b\u0107mi &#8211; nie luksus, ale konieczno\u015b\u0107 dla ka\u017cdej rynny<\/h2>\n<p>Os\u0142ona przeciw li\u015bciom do rynny nie jest luksusem.<br \/>\nJe\u015bli we\u017amiesz pod uwag\u0119 wysi\u0142ek, jaki musisz w\u0142o\u017cy\u0107 w czyszczenie rynny kilka razy w roku, mo\u017cesz u\u0142atwi\u0107 sobie \u017cycie, instaluj\u0105c os\u0142on\u0119 na li\u015bcie do rynny lub rynny skrzynkowej.<br \/>\nWynika to z faktu, \u017ce czyszczenie rynny jest nie tylko \u017cmudne, ale tak\u017ce niebezpieczne.<br \/>\nIm jeste\u015b starszy, tym wi\u0119ksze ryzyko wypadk\u00f3w.<br \/>\nW ko\u0144cu rynna znajduje si\u0119 kilka metr\u00f3w nad ziemi\u0105.<br \/>\nDzi\u0119ki os\u0142onie na li\u015bcie do rynny nie tylko oszcz\u0119dzisz sobie nieprzyjemnej pracy, ale tak\u017ce zmniejszysz ryzyko wypadk\u00f3w i zrobisz co\u015b dla swojego zdrowia.<br \/>\nRynny w ogrodach zimowych, zadaszeniach i balkonach cz\u0119sto nie s\u0105 znormalizowane.<br \/>\nZwykle instaluje si\u0119 tu w\u0105skie rynny skrzynkowe.<br \/>\nZnalezienie os\u0142ony przeciw li\u015bciom do rynny w tym miejscu nie jest \u0142atwe.<br \/>\nNasza oferta obejmuje jednak os\u0142ony przeciw li\u015bciom nie tylko do zwyk\u0142ych, p\u00f3\u0142okr\u0105g\u0142ych rynien, ale tak\u017ce do rynien skrzynkowych o r\u00f3\u017cnych szeroko\u015bciach.<br \/>\nPozwala to chroni\u0107 nawet w\u0105skie rynny skrzynkowe przed zatykaniem.          <\/p>\n<h2>Kupuj tylko wysokiej jako\u015bci ochron\u0119 przed li\u015b\u0107mi do rynien<\/h2>\n<p>Je\u015bli naprawd\u0119 szukasz wysokiej jako\u015bci, trwa\u0142ej os\u0142ony przed li\u015b\u0107mi do swojej rynny, to trafi\u0142e\u015b we w\u0142a\u015bciwe miejsce.<br \/>\nOd 20 lat zajmujemy si\u0119 tematem ochrony przed li\u015b\u0107mi do rynien i rynien skrzynkowych i zawsze szukamy najlepszych rozwi\u0105za\u0144 dla naszych klient\u00f3w.<br \/>\nJeste\u015bmy absolutnymi ekspertami w tej dziedzinie, a os\u0142ona przeciw li\u015bciom do rynien od naszej firmy charakteryzuje si\u0119 najwy\u017csz\u0105 jako\u015bci\u0105 i trwa\u0142o\u015bci\u0105.  <\/p>\n<h2><em>Serwis<\/em> jest dla nas najwy\u017cszym priorytetem.<br \/>\nR\u00f3wnie\u017c do ochrony rynien przed li\u015b\u0107mi <\/h2>\n<p>Od 20 lat jeste\u015bmy ekspertami w dziedzinie wszelkiego rodzaju os\u0142on przeciwlawinowych.<br \/>\nWszystkie systemy zosta\u0142y zaprojektowane i przetestowane przez nas i s\u0105 obecnie produkowane w Niemczech.<br \/>\nZach\u0119camy do przes\u0142ania nam zdj\u0119\u0107 swojej rynny, a my bezp\u0142atnie doradzimy, kt\u00f3ra os\u0142ona przeciw li\u015bciom do rynny lub rynny skrzynkowej jest dla Ciebie najbardziej odpowiednia.  <\/p>\n<h2>Oszcz\u0119dzaj pieni\u0105dze dzi\u0119ki os\u0142onie rynny przed li\u015b\u0107mi<\/h2>\n<p>Czy kiedykolwiek zastanawia\u0142e\u015b si\u0119, co mo\u017ce si\u0119 sta\u0107, je\u015bli Twoja rynna zostanie zablokowana i przeleje si\u0119 podczas deszczu?<br \/>\nNawet piwnica mo\u017ce nape\u0142ni\u0107 si\u0119 wod\u0105 przez lekk\u0105 studzienk\u0119.<br \/>\nOs\u0142ona rynny przed li\u015b\u0107mi zapobiega takiemu ryzyku i pozwala zaoszcz\u0119dzi\u0107 sporo pieni\u0119dzy.<\/p>\n<p>W ko\u0144cu os\u0142ona przeciw li\u015bciom do rynny to jednorazowa inwestycja, a w d\u0142u\u017cszej perspektywie b\u0119dziesz mie\u0107 cisz\u0119 i spok\u00f3j na swoim dachu. Os\u0142ona przeciw li\u015bciom do rynny u\u0142atwia \u017cycie Dzi\u0119ki os\u0142onie przeciw li\u015bciom do rynny lub rynny skrzynkowej mo\u017cesz wyjecha\u0107 na wakacje jesieni\u0105, nie martwi\u0105c si\u0119 o zatkanie rynny.<br \/>\nTwoje \u017cycie b\u0119dzie \u0142atwiejsze i b\u0119dziesz m\u00f3g\u0142 skoncentrowa\u0107 si\u0119 na przyjemniejszych rzeczach, gdy b\u0119dziesz wiedzia\u0142, \u017ce Twoja rynna jest stale chroniona przez zabezpieczenie przed li\u015b\u0107mi.    <\/p>\n<p>To r\u00f3wnie\u017c mo\u017ce Ci\u0119 zainteresowa\u0107:<\/p>\n<ul>\n<li><a href=\"https:\/\/dari-system.com\/laubfang-dachrinne\/\" title=\"Rynna chroni\u0105ca przed li\u015b\u0107mi\"><a href=\"https:\/\/dari-system.com\/laubfang-dachrinne\/\">Os\u0142ona na li\u015bcie do rynny<\/a><\/a><\/li>\n<li><a href=\"https:\/\/dari-system.com\/pl\/rynny-deszczowe-oslona-przed-liscmi\/\" title=\"Rynny deszczowe Os\u0142ona przed li\u015b\u0107mi\"><a href=\"https:\/\/dari-system.com\/pl\/rynny-deszczowe-oslona-przed-liscmi\/\">Rynny deszczowe Os\u0142ona przed li\u015b\u0107mi<\/a><\/a><\/li>\n<li><a href=\"https:\/\/dari-system.com\/pl\/rynna-chroniaca-przed-liscmi\/\" title=\"Rynna chroni\u0105ca przed li\u015b\u0107mi\"><a href=\"https:\/\/dari-system.com\/pl\/rynna-chroniaca-przed-liscmi\/\">Zabezpieczenie rynny przed li\u015b\u0107mi<\/a><\/a><\/li>\n<li><a href=\"https:\/\/dari-system.com\/pl\/oslona-rynny\/\" title=\"Os\u0142ona rynny\"> <a href=\"https:\/\/dari-system.com\/pl\/oslona-rynny\/\"> Os\u0142ona rynny <\/a> <\/a><\/li>\n<\/ul>\n<p>[\/et_pb_text][\/et_pb_column][\/et_pb_row][\/et_pb_section]<\/p>\n","protected":false},"excerpt":{"rendered":"<p>Idealna os\u0142ona przed li\u015b\u0107mi do rynny Czy znasz r\u00f3wnie\u017c problem bezsennych nocy jesieni\u0105, poniewa\u017c martwisz si\u0119, \u017ce Twoja rynna lub rynna skrzynkowa mo\u017ce zosta\u0107 zablokowana przez li\u015bcie i przela\u0107 si\u0119 podczas deszczu? Prawdopodobnie ka\u017cdy w\u0142a\u015bciciel domu zna ten problem. W\u0142a\u015bnie dlatego potrzebujesz os\u0142ony na li\u015bcie do rynny lub rynny skrzynkowej, aby\u015b m\u00f3g\u0142 znowu spa\u0107 spokojnie. [&hellip;]<\/p>\n","protected":false},"author":1,"featured_media":0,"parent":0,"menu_order":0,"comment_status":"closed","ping_status":"closed","template":"","meta":{"_et_pb_use_builder":"on","_et_pb_old_content":"","_et_gb_content_width":"","iawp_total_views":22,"footnotes":""},"dipi_cpt_category":[],"class_list":["post-25546384","page","type-page","status-publish","hentry"],"yoast_head":"<!-- This site is optimized with the Yoast SEO plugin v27.2 - https:\/\/yoast.com\/product\/yoast-seo-wordpress\/ -->\n<title>Optymalna ochrona przed li\u015b\u0107mi dla rynien od DaRi-System<\/title>\n<meta name=\"description\" content=\"DaRi zabezpiecza rynn\u0119 za pomoc\u0105 wysokiej jako\u015bci os\u0142ony przeciw li\u015bciom. Koniec z irytuj\u0105cym usuwaniem li\u015bci. Dowiedz si\u0119 wi\u0119cej!\" \/>\n<meta name=\"robots\" content=\"index, follow, max-snippet:-1, max-image-preview:large, max-video-preview:-1\" \/>\n<link rel=\"canonical\" href=\"https:\/\/dari-system.com\/pl\/rynna-chroniaca-przed-liscmi\/\" \/>\n<meta property=\"og:locale\" content=\"pl_PL\" \/>\n<meta property=\"og:type\" content=\"article\" \/>\n<meta property=\"og:title\" content=\"Optymalna ochrona przed li\u015b\u0107mi dla rynien od DaRi-System\" \/>\n<meta property=\"og:description\" content=\"DaRi zabezpiecza rynn\u0119 za pomoc\u0105 wysokiej jako\u015bci os\u0142ony przeciw li\u015bciom. Koniec z irytuj\u0105cym usuwaniem li\u015bci. Dowiedz si\u0119 wi\u0119cej!\" \/>\n<meta property=\"og:url\" content=\"https:\/\/dari-system.com\/pl\/rynna-chroniaca-przed-liscmi\/\" \/>\n<meta property=\"og:site_name\" content=\"DaRi System\" \/>\n<meta property=\"article:modified_time\" content=\"2024-08-12T11:58:37+00:00\" \/>\n<meta name=\"twitter:card\" content=\"summary_large_image\" \/>\n<meta name=\"twitter:label1\" content=\"Szacowany czas czytania\" \/>\n\t<meta name=\"twitter:data1\" content=\"5 minut\" \/>\n<script type=\"application\/ld+json\" class=\"yoast-schema-graph\">{\"@context\":\"https:\/\/schema.org\",\"@graph\":[{\"@type\":\"WebPage\",\"@id\":\"https:\/\/dari-system.com\/pl\/rynna-chroniaca-przed-liscmi\/\",\"url\":\"https:\/\/dari-system.com\/pl\/rynna-chroniaca-przed-liscmi\/\",\"name\":\"Optymalna ochrona przed li\u015b\u0107mi dla rynien od DaRi-System\",\"isPartOf\":{\"@id\":\"https:\/\/dari-system.com\/pl\/#website\"},\"datePublished\":\"2024-06-19T09:23:15+00:00\",\"dateModified\":\"2024-08-12T11:58:37+00:00\",\"description\":\"DaRi zabezpiecza rynn\u0119 za pomoc\u0105 wysokiej jako\u015bci os\u0142ony przeciw li\u015bciom. Koniec z irytuj\u0105cym usuwaniem li\u015bci. Dowiedz si\u0119 wi\u0119cej!\",\"breadcrumb\":{\"@id\":\"https:\/\/dari-system.com\/pl\/rynna-chroniaca-przed-liscmi\/#breadcrumb\"},\"inLanguage\":\"pl-PL\",\"potentialAction\":[{\"@type\":\"ReadAction\",\"target\":[\"https:\/\/dari-system.com\/pl\/rynna-chroniaca-przed-liscmi\/\"]}]},{\"@type\":\"BreadcrumbList\",\"@id\":\"https:\/\/dari-system.com\/pl\/rynna-chroniaca-przed-liscmi\/#breadcrumb\",\"itemListElement\":[{\"@type\":\"ListItem\",\"position\":1,\"name\":\"Startseite\",\"item\":\"https:\/\/dari-system.com\/pl\/\"},{\"@type\":\"ListItem\",\"position\":2,\"name\":\"Rynna chroni\u0105ca przed li\u015b\u0107mi\"}]},{\"@type\":\"WebSite\",\"@id\":\"https:\/\/dari-system.com\/pl\/#website\",\"url\":\"https:\/\/dari-system.com\/pl\/\",\"name\":\"DaRi System\",\"description\":\"\",\"potentialAction\":[{\"@type\":\"SearchAction\",\"target\":{\"@type\":\"EntryPoint\",\"urlTemplate\":\"https:\/\/dari-system.com\/pl\/?s={search_term_string}\"},\"query-input\":{\"@type\":\"PropertyValueSpecification\",\"valueRequired\":true,\"valueName\":\"search_term_string\"}}],\"inLanguage\":\"pl-PL\"}]}<\/script>\n<!-- \/ Yoast SEO plugin. -->","yoast_head_json":{"title":"Optymalna ochrona przed li\u015b\u0107mi dla rynien od DaRi-System","description":"DaRi zabezpiecza rynn\u0119 za pomoc\u0105 wysokiej jako\u015bci os\u0142ony przeciw li\u015bciom. Koniec z irytuj\u0105cym usuwaniem li\u015bci. Dowiedz si\u0119 wi\u0119cej!","robots":{"index":"index","follow":"follow","max-snippet":"max-snippet:-1","max-image-preview":"max-image-preview:large","max-video-preview":"max-video-preview:-1"},"canonical":"https:\/\/dari-system.com\/pl\/rynna-chroniaca-przed-liscmi\/","og_locale":"pl_PL","og_type":"article","og_title":"Optymalna ochrona przed li\u015b\u0107mi dla rynien od DaRi-System","og_description":"DaRi zabezpiecza rynn\u0119 za pomoc\u0105 wysokiej jako\u015bci os\u0142ony przeciw li\u015bciom. Koniec z irytuj\u0105cym usuwaniem li\u015bci. Dowiedz si\u0119 wi\u0119cej!","og_url":"https:\/\/dari-system.com\/pl\/rynna-chroniaca-przed-liscmi\/","og_site_name":"DaRi System","article_modified_time":"2024-08-12T11:58:37+00:00","twitter_card":"summary_large_image","twitter_misc":{"Szacowany czas czytania":"5 minut"},"schema":{"@context":"https:\/\/schema.org","@graph":[{"@type":"WebPage","@id":"https:\/\/dari-system.com\/pl\/rynna-chroniaca-przed-liscmi\/","url":"https:\/\/dari-system.com\/pl\/rynna-chroniaca-przed-liscmi\/","name":"Optymalna ochrona przed li\u015b\u0107mi dla rynien od DaRi-System","isPartOf":{"@id":"https:\/\/dari-system.com\/pl\/#website"},"datePublished":"2024-06-19T09:23:15+00:00","dateModified":"2024-08-12T11:58:37+00:00","description":"DaRi zabezpiecza rynn\u0119 za pomoc\u0105 wysokiej jako\u015bci os\u0142ony przeciw li\u015bciom. Koniec z irytuj\u0105cym usuwaniem li\u015bci. Dowiedz si\u0119 wi\u0119cej!","breadcrumb":{"@id":"https:\/\/dari-system.com\/pl\/rynna-chroniaca-przed-liscmi\/#breadcrumb"},"inLanguage":"pl-PL","potentialAction":[{"@type":"ReadAction","target":["https:\/\/dari-system.com\/pl\/rynna-chroniaca-przed-liscmi\/"]}]},{"@type":"BreadcrumbList","@id":"https:\/\/dari-system.com\/pl\/rynna-chroniaca-przed-liscmi\/#breadcrumb","itemListElement":[{"@type":"ListItem","position":1,"name":"Startseite","item":"https:\/\/dari-system.com\/pl\/"},{"@type":"ListItem","position":2,"name":"Rynna chroni\u0105ca przed li\u015b\u0107mi"}]},{"@type":"WebSite","@id":"https:\/\/dari-system.com\/pl\/#website","url":"https:\/\/dari-system.com\/pl\/","name":"DaRi System","description":"","potentialAction":[{"@type":"SearchAction","target":{"@type":"EntryPoint","urlTemplate":"https:\/\/dari-system.com\/pl\/?s={search_term_string}"},"query-input":{"@type":"PropertyValueSpecification","valueRequired":true,"valueName":"search_term_string"}}],"inLanguage":"pl-PL"}]}},"_links":{"self":[{"href":"https:\/\/dari-system.com\/pl\/wp-json\/wp\/v2\/pages\/25546384","targetHints":{"allow":["GET"]}}],"collection":[{"href":"https:\/\/dari-system.com\/pl\/wp-json\/wp\/v2\/pages"}],"about":[{"href":"https:\/\/dari-system.com\/pl\/wp-json\/wp\/v2\/types\/page"}],"author":[{"embeddable":true,"href":"https:\/\/dari-system.com\/pl\/wp-json\/wp\/v2\/users\/1"}],"replies":[{"embeddable":true,"href":"https:\/\/dari-system.com\/pl\/wp-json\/wp\/v2\/comments?post=25546384"}],"version-history":[{"count":1,"href":"https:\/\/dari-system.com\/pl\/wp-json\/wp\/v2\/pages\/25546384\/revisions"}],"predecessor-version":[{"id":25546388,"href":"https:\/\/dari-system.com\/pl\/wp-json\/wp\/v2\/pages\/25546384\/revisions\/25546388"}],"wp:attachment":[{"href":"https:\/\/dari-system.com\/pl\/wp-json\/wp\/v2\/media?parent=25546384"}],"wp:term":[{"taxonomy":"dipi_cpt_category","embeddable":true,"href":"https:\/\/dari-system.com\/pl\/wp-json\/wp\/v2\/dipi_cpt_category?post=25546384"}],"curies":[{"name":"wp","href":"https:\/\/api.w.org\/{rel}","templated":true}]}}