{"id":25546370,"date":"2024-06-19T14:44:07","date_gmt":"2024-06-19T14:44:07","guid":{"rendered":"https:\/\/dari-system.com\/rynny-deszczowe-oslona-przed-liscmi\/"},"modified":"2024-08-12T11:58:36","modified_gmt":"2024-08-12T11:58:36","slug":"rynny-deszczowe-oslona-przed-liscmi","status":"publish","type":"page","link":"https:\/\/dari-system.com\/pl\/rynny-deszczowe-oslona-przed-liscmi\/","title":{"rendered":"Rynny deszczowe Os\u0142ona przed li\u015b\u0107mi"},"content":{"rendered":"<p>[et_pb_section fb_built=&#8221;1&#8243; fullwidth=&#8221;on&#8221; _builder_version=&#8221;4.25.0&#8243; _module_preset=&#8221;default&#8221; bottom_divider_color=&#8221;#FFFFFF&#8221; bottom_divider_height=&#8221;82px&#8221; bottom_divider_flip=&#8221;horizontal&#8221; locked=&#8221;off&#8221; global_colors_info=&#8221;{}&#8221;][et_pb_fullwidth_header title=&#8221;Rynny deszczowe Os\u0142ona przed li\u015b\u0107mi&#8221; subhead=&#8221;i masz o jedn\u0105 rzecz mniej do zmartwienia&#8221; _builder_version=&#8221;4.25.0&#8243; _module_preset=&#8221;default&#8221; title_font=&#8221;|800|||||||&#8221; title_font_size=&#8221;45px&#8221; background_image=&#8221;https:\/\/dari-system.com\/wp-content\/uploads\/2024\/05\/header_background.webp&#8221; background_position=&#8221;bottom_center&#8221; custom_padding=&#8221;8vh||8vh||true|false&#8221; hover_enabled=&#8221;0&#8243; title_font_size_tablet=&#8221;45px&#8221; title_font_size_phone=&#8221;29px&#8221; title_font_size_last_edited=&#8221;on|phone&#8221; content_font_size_tablet=&#8221;&#8221; content_font_size_phone=&#8221;17px&#8221; content_font_size_last_edited=&#8221;on|phone&#8221; global_colors_info=&#8221;{}&#8221; sticky_enabled=&#8221;0&#8243;][\/et_pb_fullwidth_header][\/et_pb_section][et_pb_section fb_built=&#8221;1&#8243; _builder_version=&#8221;4.25.0&#8243; _module_preset=&#8221;default&#8221; custom_margin=&#8221;||0px||false|false&#8221; custom_padding=&#8221;||0px||false|false&#8221; global_colors_info=&#8221;{}&#8221;][et_pb_row _builder_version=&#8221;4.25.0&#8243; _module_preset=&#8221;default&#8221; global_colors_info=&#8221;{}&#8221;][et_pb_column type=&#8221;4_4&#8243; _builder_version=&#8221;4.25.0&#8243; _module_preset=&#8221;default&#8221; global_colors_info=&#8221;{}&#8221;][et_pb_text _builder_version=&#8221;4.25.0&#8243; _module_preset=&#8221;default&#8221; header_2_font=&#8221;|700|||||||&#8221; hover_enabled=&#8221;0&#8243; global_colors_info=&#8221;{}&#8221; sticky_enabled=&#8221;0&#8243;]<\/p>\n<h2>Niezawodna os\u0142ona przed li\u015b\u0107mi do rynien deszczowych<\/h2>\n<p>  Dzi\u0119ki naszej os\u0142onie rynny nie musisz si\u0119 ju\u017c martwi\u0107 o zatkanie rynny.<br \/>\nOs\u0142ona przeciw li\u015bciom do rynien niezawodnie chroni rynny p\u00f3\u0142okr\u0105g\u0142e i skrzynkowe przed zatykaniem przez li\u015bcie lub ig\u0142y.<br \/>\nMonta\u017c os\u0142ony rynny przed li\u015b\u0107mi jest dziecinnie prosty.<br \/>\nNie potrzebujesz nawet \u017cadnych narz\u0119dzi.<br \/>\nOs\u0142on\u0119 rynny wystarczy umie\u015bci\u0107 w rynnie i przypi\u0105\u0107 do okr\u0105g\u0142ego koralika z przodu.<br \/>\nKlipsy s\u0105 dost\u0119pne w kolorze czarnym i srebrnym.<br \/>\nOznacza to, \u017ce klipsy s\u0105 ledwo widoczne od spodu.<br \/>\nA mimo to rynna jest nadal doskonale chroniona przez os\u0142on\u0119 li\u015bci rynny.<br \/>\nOs\u0142ona przeciw li\u015bciom nie chroni jednak rynny przed li\u015b\u0107mi i ig\u0142ami.<br \/>\nMa\u0142e ga\u0142\u0119zie lub mech s\u0105 r\u00f3wnie\u017c zdmuchiwane z dachu i trafia\u0142yby do rynny, gdyby nie chroni\u0142a jej os\u0142ona przeciw li\u015bciom.[\/et_pb_text][\/et_pb_column][\/et_pb_row][et_pb_row column_structure=&#8221;1_2,1_2&#8243; _builder_version=&#8221;4.25.0&#8243; _module_preset=&#8221;default&#8221; global_colors_info=&#8221;{}&#8221;][et_pb_column type=&#8221;1_2&#8243; _builder_version=&#8221;4.25.0&#8243; _module_preset=&#8221;default&#8221; global_colors_info=&#8221;{}&#8221;][et_pb_text _builder_version=&#8221;4.25.0&#8243; _module_preset=&#8221;default&#8221; header_2_font=&#8221;|700|||||||&#8221; hover_enabled=&#8221;0&#8243; global_colors_info=&#8221;{}&#8221; sticky_enabled=&#8221;0&#8243;]<\/p>\n<h2>Nasza os\u0142ona przeciw li\u015bciom pasuje do niemal ka\u017cdej rynny<\/h2>\n<p>  W zale\u017cno\u015bci od wielko\u015bci dachu, rozmiar rynny r\u00f3wnie\u017c zostanie do niego dostosowany.<br \/>\nW przypadku bardzo du\u017cych dach\u00f3w cz\u0119sto instaluje si\u0119 rynn\u0119 o rozmiarze 40, a w przypadku ma\u0142ych dach\u00f3w rynn\u0119 o rozmiarze 28.<br \/>\nW budownictwie mieszkaniowym najcz\u0119\u015bciej stosowane s\u0105 jednak rynny w rozmiarze 33.<br \/>\nRozmiar rynny mo\u017cna sprawdzi\u0107 na jej ko\u0144cu.<br \/>\nZnajduje si\u0119 tam tabliczka ko\u0144cowa.<br \/>\nTabliczka ta zazwyczaj wskazuje rozmiar rynny.<br \/>\nRozmiar rynny jest bardzo wa\u017cny, aby zapewni\u0107 idealne dopasowanie os\u0142ony li\u015bci rynny.<br \/>\nJednak w przypadku rynien skrzynkowych cz\u0119sto wyst\u0119puj\u0105 niestandardowe rynny, np. w ogrodzie zimowym lub na balkonie.<br \/>\nNasza os\u0142ona przeciwdeszczowa do rynien skrzynkowych jest zatem bardzo elastyczna i mo\u017ce by\u0107 dostosowana do rynien skrzynkowych o bardzo r\u00f3\u017cnych szeroko\u015bciach.<br \/>\nMo\u017cna regulowa\u0107 zar\u00f3wno wysoko\u015b\u0107, jak i szeroko\u015b\u0107 os\u0142ony skrzyd\u0142a rynny do rynien skrzynkowych.[\/et_pb_text][\/et_pb_column][et_pb_column type=&#8221;1_2&#8243; _builder_version=&#8221;4.25.0&#8243; _module_preset=&#8221;default&#8221; global_colors_info=&#8221;{}&#8221;][et_pb_image src=&#8221;https:\/\/dari-system.com\/wp-content\/uploads\/2024\/06\/regenrinnen-laubschutz.webp&#8221; alt=&#8221;Rynny deszczowe Os\u0142ona przed li\u015b\u0107mi&#8221; title_text=&#8221;os\u0142ona rynny&#8221; _builder_version=&#8221;4.25.0&#8243; _module_preset=&#8221;default&#8221; custom_margin=&#8221;||5px||false|false&#8221; hover_enabled=&#8221;0&#8243; global_colors_info=&#8221;{}&#8221; sticky_enabled=&#8221;0&#8243;][\/et_pb_image][et_pb_text _builder_version=&#8221;4.25.0&#8243; _module_preset=&#8221;default&#8221; custom_margin=&#8221;0px||||false|false&#8221; hover_enabled=&#8221;0&#8243; global_colors_info=&#8221;{}&#8221; sticky_enabled=&#8221;0&#8243;]<\/p>\n<p style=\"text-align: center;\"><em>Os\u0142ona przeciw li\u015bciom do ka\u017cdej rynny<\/em><\/p>\n<p>[\/et_pb_text][\/et_pb_column][\/et_pb_row][\/et_pb_section][et_pb_section fb_built=&#8221;1&#8243; _builder_version=&#8221;4.25.0&#8243; _module_preset=&#8221;default&#8221; custom_margin=&#8221;0px||||false|false&#8221; custom_padding=&#8221;0px||||false|false&#8221; global_colors_info=&#8221;{}&#8221;][et_pb_row _builder_version=&#8221;4.25.0&#8243; _module_preset=&#8221;default&#8221; hover_enabled=&#8221;0&#8243; global_colors_info=&#8221;{}&#8221; sticky_enabled=&#8221;0&#8243;][et_pb_column type=&#8221;4_4&#8243; _builder_version=&#8221;4.25.0&#8243; _module_preset=&#8221;default&#8221; global_colors_info=&#8221;{}&#8221;][et_pb_text _builder_version=&#8221;4.25.0&#8243; _module_preset=&#8221;default&#8221; header_2_font=&#8221;|700|||||||&#8221; hover_enabled=&#8221;0&#8243; global_colors_info=&#8221;{}&#8221; sticky_enabled=&#8221;0&#8243;]<\/p>\n<h2>Zaufaj ponad 20-letniemu do\u015bwiadczeniu z nasz\u0105 os\u0142on\u0105 li\u015bci rynny deszczowej<\/h2>\n<p>Od ponad 20 lat zajmujemy si\u0119 kwesti\u0105 ochrony rynien przed zatykaniem przez li\u015bcie, ig\u0142y, ga\u0142\u0105zki, mech lub kwiaty drzew.<br \/>\nOtrzymujemy zapytania od w\u0142a\u015bcicieli dom\u00f3w, kt\u00f3rych dom s\u0105siaduje z du\u017c\u0105 sosn\u0105 i kt\u00f3rzy s\u0105 zdesperowani, poniewa\u017c rynna jest co tydzie\u0144 pe\u0142na sosnowych igie\u0142.<br \/>\nDzi\u0119ki os\u0142onie rynny przed li\u015b\u0107mi ci w\u0142a\u015bciciele dom\u00f3w s\u0105 szcz\u0119\u015bliwi, \u017ce rozwi\u0105zali ten problem.<br \/>\nDzi\u0119ki naszym produktom przywr\u00f3cili\u015bmy ju\u017c beztroskie \u017cycie wielu klientom.   <\/p>\n<h2>Obs\u0142uga jest naszym najwy\u017cszym priorytetem<\/h2>\n<p>Jeste\u015bmy zachwyceni, gdy otrzymujemy zapytania od klient\u00f3w, kt\u00f3rzy przesy\u0142aj\u0105 nam zdj\u0119cia swoich rynien i pytaj\u0105, czy nasza os\u0142ona przed li\u015b\u0107mi nadaje si\u0119 do ich rynien.<br \/>\nKlienci otrzymuj\u0105 bezp\u0142atn\u0105 porad\u0119, a my mo\u017cemy pom\u00f3c w prawie wszystkich przypadkach, aby zapobiec zatykaniu si\u0119 rynny.<br \/>\nPoniewa\u017c os\u0142ona na li\u015bcie do rynien jest wykonana z trwa\u0142ego polipropylenu z ochron\u0105 przed promieniowaniem UV, cz\u0119sto otrzymujemy pozytywne opinie od klient\u00f3w na temat ich zadowolenia, nawet po wielu latach.<br \/>\nRobimy r\u00f3wnie\u017c co\u015b dobrego dla \u015brodowiska, poniewa\u017c nasze produkty w pe\u0142ni nadaj\u0105 si\u0119 do recyklingu.<br \/>\nA co najlepsze: os\u0142ona na li\u015bcie rynny deszczowej zosta\u0142a zaprojektowana w Niemczech i jest produkowana w Niemczech.<br \/>\nMade in Germany oznacza najwy\u017csz\u0105 jako\u015b\u0107 i trwa\u0142o\u015b\u0107.     <\/p>\n<h2>Instrukcje dotycz\u0105ce monta\u017cu os\u0142on na li\u015bcie do rynny<\/h2>\n<p><strong>Zainstaluj zabezpieczenie rynien przed li\u015b\u0107mi w 5 krokach<\/strong><\/p>\n<ol>\n<li>Przygotowanie: Przed zainstalowaniem os\u0142ony przeciw li\u015bciom nale\u017cy dok\u0142adnie wyczy\u015bci\u0107 rynn\u0119<\/li>\n<li>Przygotuj materia\u0142y: Nie potrzebujesz m\u0142otka ani \u015brub, aby zainstalowa\u0107 zabezpieczenie przed li\u015b\u0107mi rynny.<br \/>\nWystarczy nasun\u0105\u0107 klipsy na system DaRi i gotowe. <\/li>\n<li>Instalacja: Instalacja jest dziecinnie prosta.<br \/>\nWystarczy umie\u015bci\u0107 os\u0142on\u0119 rynny w rynnie i wsun\u0105\u0107 klipsy na okr\u0105g\u0142\u0105 listw\u0119 z przodu.<br \/>\nOs\u0142ona rynny jest nast\u0119pnie uk\u0142adana od ko\u0144ca do ko\u0144ca.<br \/>\nPoszczeg\u00f3lne cz\u0119\u015bci nie powinny na siebie nachodzi\u0107.   <\/li>\n<li>Przyci\u0105\u0107 na wymiar: W zale\u017cno\u015bci od tego, jak 76-centymetrowe cz\u0119\u015bci os\u0142ony na li\u015bcie rynny pasuj\u0105 do rynny, ostatni element mo\u017ce wymaga\u0107 nieznacznego skr\u00f3cenia.<br \/>\nW tym celu mo\u017cna przyci\u0105\u0107 ostatni\u0105 cz\u0119\u015b\u0107 os\u0142ony na li\u015bcie rynny do odpowiedniej d\u0142ugo\u015bci za pomoc\u0105 no\u017cyczek lub sekatora. <\/li>\n<li>Wnioski: Po bezpiecznym zamontowaniu os\u0142ony rynny, wszystkie odpady powinny zosta\u0107 prawid\u0142owo usuni\u0119te, a drabina od\u0142o\u017cona na miejsce.<\/li>\n<\/ol>\n<p>To r\u00f3wnie\u017c mo\u017ce Ci\u0119 zainteresowa\u0107:<\/p>\n<ul>\n<li><a href=\"https:\/\/dari-system.com\/laubfang-dachrinne\/\" title=\"Rynna chroni\u0105ca przed li\u015b\u0107mi\"><a href=\"https:\/\/dari-system.com\/laubfang-dachrinne\/\">Os\u0142ona na li\u015bcie do rynny<\/a><\/a><\/li>\n<li><a href=\"https:\/\/dari-system.com\/pl\/rynny-deszczowe-oslona-przed-liscmi\/\" title=\"Rynny deszczowe Os\u0142ona przed li\u015b\u0107mi\"><a href=\"https:\/\/dari-system.com\/pl\/rynny-deszczowe-oslona-przed-liscmi\/\">Rynny deszczowe Os\u0142ona przed li\u015b\u0107mi<\/a><\/a><\/li>\n<li><a href=\"https:\/\/dari-system.com\/laubschutz-dachrinne\/\" title=\"Rynna chroni\u0105ca przed li\u015b\u0107mi\"><a href=\"https:\/\/dari-system.com\/laubschutz-dachrinne\/\">Zabezpieczenie rynny przed li\u015b\u0107mi<\/a><\/a><\/li>\n<li><a href=\"https:\/\/dari-system.com\/dachrinnenabdeckung\/\" title=\"Os\u0142ona rynny\"> <a href=\"https:\/\/dari-system.com\/dachrinnenabdeckung\/\"> Os\u0142ona rynny<\/a><\/a><\/li>\n<\/ul>\n<p>[\/et_pb_text][\/et_pb_column][\/et_pb_row][\/et_pb_section]<\/p>\n","protected":false},"excerpt":{"rendered":"<p>Niezawodna os\u0142ona przed li\u015b\u0107mi do rynien deszczowych Dzi\u0119ki naszej os\u0142onie rynny nie musisz si\u0119 ju\u017c martwi\u0107 o zatkanie rynny. Os\u0142ona przeciw li\u015bciom do rynien niezawodnie chroni rynny p\u00f3\u0142okr\u0105g\u0142e i skrzynkowe przed zatykaniem przez li\u015bcie lub ig\u0142y. Monta\u017c os\u0142ony rynny przed li\u015b\u0107mi jest dziecinnie prosty. Nie potrzebujesz nawet \u017cadnych narz\u0119dzi. Os\u0142on\u0119 rynny wystarczy umie\u015bci\u0107 w rynnie [&hellip;]<\/p>\n","protected":false},"author":1,"featured_media":0,"parent":0,"menu_order":0,"comment_status":"closed","ping_status":"closed","template":"","meta":{"_et_pb_use_builder":"on","_et_pb_old_content":"","_et_gb_content_width":"","iawp_total_views":52,"footnotes":""},"dipi_cpt_category":[],"class_list":["post-25546370","page","type-page","status-publish","hentry"],"yoast_head":"<!-- This site is optimized with the Yoast SEO plugin v27.4 - https:\/\/yoast.com\/product\/yoast-seo-wordpress\/ -->\n<title>Os\u0142ona rynny DaRi - ochrona przed li\u015b\u0107mi w rynnie<\/title>\n<meta name=\"description\" content=\"Chro\u0144 swoj\u0105 rynn\u0119 za pomoc\u0105 os\u0142ony przeciw li\u015bciom DaRi. Zapobiegaj zatorom i uszkodzeniom spowodowanym przez li\u015bcie w rynnie. Dowiedz si\u0119 wi\u0119cej ju\u017c teraz!\" \/>\n<meta name=\"robots\" content=\"index, follow, max-snippet:-1, max-image-preview:large, max-video-preview:-1\" \/>\n<link rel=\"canonical\" href=\"https:\/\/dari-system.com\/pl\/rynny-deszczowe-oslona-przed-liscmi\/\" \/>\n<meta property=\"og:locale\" content=\"pl_PL\" \/>\n<meta property=\"og:type\" content=\"article\" \/>\n<meta property=\"og:title\" content=\"Os\u0142ona rynny DaRi - ochrona przed li\u015b\u0107mi w rynnie\" \/>\n<meta property=\"og:description\" content=\"Chro\u0144 swoj\u0105 rynn\u0119 za pomoc\u0105 os\u0142ony przeciw li\u015bciom DaRi. Zapobiegaj zatorom i uszkodzeniom spowodowanym przez li\u015bcie w rynnie. Dowiedz si\u0119 wi\u0119cej ju\u017c teraz!\" \/>\n<meta property=\"og:url\" content=\"https:\/\/dari-system.com\/pl\/rynny-deszczowe-oslona-przed-liscmi\/\" \/>\n<meta property=\"og:site_name\" content=\"DaRi System\" \/>\n<meta property=\"article:modified_time\" content=\"2024-08-12T11:58:36+00:00\" \/>\n<meta name=\"twitter:card\" content=\"summary_large_image\" \/>\n<meta name=\"twitter:label1\" content=\"Szacowany czas czytania\" \/>\n\t<meta name=\"twitter:data1\" content=\"6 minut\" \/>\n<script type=\"application\/ld+json\" class=\"yoast-schema-graph\">{\"@context\":\"https:\\\/\\\/schema.org\",\"@graph\":[{\"@type\":\"WebPage\",\"@id\":\"https:\\\/\\\/dari-system.com\\\/pl\\\/rynny-deszczowe-oslona-przed-liscmi\\\/\",\"url\":\"https:\\\/\\\/dari-system.com\\\/pl\\\/rynny-deszczowe-oslona-przed-liscmi\\\/\",\"name\":\"Os\u0142ona rynny DaRi - ochrona przed li\u015b\u0107mi w rynnie\",\"isPartOf\":{\"@id\":\"https:\\\/\\\/dari-system.com\\\/pl\\\/#website\"},\"datePublished\":\"2024-06-19T14:44:07+00:00\",\"dateModified\":\"2024-08-12T11:58:36+00:00\",\"description\":\"Chro\u0144 swoj\u0105 rynn\u0119 za pomoc\u0105 os\u0142ony przeciw li\u015bciom DaRi. Zapobiegaj zatorom i uszkodzeniom spowodowanym przez li\u015bcie w rynnie. Dowiedz si\u0119 wi\u0119cej ju\u017c teraz!\",\"breadcrumb\":{\"@id\":\"https:\\\/\\\/dari-system.com\\\/pl\\\/rynny-deszczowe-oslona-przed-liscmi\\\/#breadcrumb\"},\"inLanguage\":\"pl-PL\",\"potentialAction\":[{\"@type\":\"ReadAction\",\"target\":[\"https:\\\/\\\/dari-system.com\\\/pl\\\/rynny-deszczowe-oslona-przed-liscmi\\\/\"]}]},{\"@type\":\"BreadcrumbList\",\"@id\":\"https:\\\/\\\/dari-system.com\\\/pl\\\/rynny-deszczowe-oslona-przed-liscmi\\\/#breadcrumb\",\"itemListElement\":[{\"@type\":\"ListItem\",\"position\":1,\"name\":\"Startseite\",\"item\":\"https:\\\/\\\/dari-system.com\\\/pl\\\/\"},{\"@type\":\"ListItem\",\"position\":2,\"name\":\"Rynny deszczowe Os\u0142ona przed li\u015b\u0107mi\"}]},{\"@type\":\"WebSite\",\"@id\":\"https:\\\/\\\/dari-system.com\\\/pl\\\/#website\",\"url\":\"https:\\\/\\\/dari-system.com\\\/pl\\\/\",\"name\":\"DaRi System\",\"description\":\"\",\"potentialAction\":[{\"@type\":\"SearchAction\",\"target\":{\"@type\":\"EntryPoint\",\"urlTemplate\":\"https:\\\/\\\/dari-system.com\\\/pl\\\/?s={search_term_string}\"},\"query-input\":{\"@type\":\"PropertyValueSpecification\",\"valueRequired\":true,\"valueName\":\"search_term_string\"}}],\"inLanguage\":\"pl-PL\"}]}<\/script>\n<!-- \/ Yoast SEO plugin. -->","yoast_head_json":{"title":"Os\u0142ona rynny DaRi - ochrona przed li\u015b\u0107mi w rynnie","description":"Chro\u0144 swoj\u0105 rynn\u0119 za pomoc\u0105 os\u0142ony przeciw li\u015bciom DaRi. Zapobiegaj zatorom i uszkodzeniom spowodowanym przez li\u015bcie w rynnie. Dowiedz si\u0119 wi\u0119cej ju\u017c teraz!","robots":{"index":"index","follow":"follow","max-snippet":"max-snippet:-1","max-image-preview":"max-image-preview:large","max-video-preview":"max-video-preview:-1"},"canonical":"https:\/\/dari-system.com\/pl\/rynny-deszczowe-oslona-przed-liscmi\/","og_locale":"pl_PL","og_type":"article","og_title":"Os\u0142ona rynny DaRi - ochrona przed li\u015b\u0107mi w rynnie","og_description":"Chro\u0144 swoj\u0105 rynn\u0119 za pomoc\u0105 os\u0142ony przeciw li\u015bciom DaRi. Zapobiegaj zatorom i uszkodzeniom spowodowanym przez li\u015bcie w rynnie. Dowiedz si\u0119 wi\u0119cej ju\u017c teraz!","og_url":"https:\/\/dari-system.com\/pl\/rynny-deszczowe-oslona-przed-liscmi\/","og_site_name":"DaRi System","article_modified_time":"2024-08-12T11:58:36+00:00","twitter_card":"summary_large_image","twitter_misc":{"Szacowany czas czytania":"6 minut"},"schema":{"@context":"https:\/\/schema.org","@graph":[{"@type":"WebPage","@id":"https:\/\/dari-system.com\/pl\/rynny-deszczowe-oslona-przed-liscmi\/","url":"https:\/\/dari-system.com\/pl\/rynny-deszczowe-oslona-przed-liscmi\/","name":"Os\u0142ona rynny DaRi - ochrona przed li\u015b\u0107mi w rynnie","isPartOf":{"@id":"https:\/\/dari-system.com\/pl\/#website"},"datePublished":"2024-06-19T14:44:07+00:00","dateModified":"2024-08-12T11:58:36+00:00","description":"Chro\u0144 swoj\u0105 rynn\u0119 za pomoc\u0105 os\u0142ony przeciw li\u015bciom DaRi. Zapobiegaj zatorom i uszkodzeniom spowodowanym przez li\u015bcie w rynnie. Dowiedz si\u0119 wi\u0119cej ju\u017c teraz!","breadcrumb":{"@id":"https:\/\/dari-system.com\/pl\/rynny-deszczowe-oslona-przed-liscmi\/#breadcrumb"},"inLanguage":"pl-PL","potentialAction":[{"@type":"ReadAction","target":["https:\/\/dari-system.com\/pl\/rynny-deszczowe-oslona-przed-liscmi\/"]}]},{"@type":"BreadcrumbList","@id":"https:\/\/dari-system.com\/pl\/rynny-deszczowe-oslona-przed-liscmi\/#breadcrumb","itemListElement":[{"@type":"ListItem","position":1,"name":"Startseite","item":"https:\/\/dari-system.com\/pl\/"},{"@type":"ListItem","position":2,"name":"Rynny deszczowe Os\u0142ona przed li\u015b\u0107mi"}]},{"@type":"WebSite","@id":"https:\/\/dari-system.com\/pl\/#website","url":"https:\/\/dari-system.com\/pl\/","name":"DaRi System","description":"","potentialAction":[{"@type":"SearchAction","target":{"@type":"EntryPoint","urlTemplate":"https:\/\/dari-system.com\/pl\/?s={search_term_string}"},"query-input":{"@type":"PropertyValueSpecification","valueRequired":true,"valueName":"search_term_string"}}],"inLanguage":"pl-PL"}]}},"_links":{"self":[{"href":"https:\/\/dari-system.com\/pl\/wp-json\/wp\/v2\/pages\/25546370","targetHints":{"allow":["GET"]}}],"collection":[{"href":"https:\/\/dari-system.com\/pl\/wp-json\/wp\/v2\/pages"}],"about":[{"href":"https:\/\/dari-system.com\/pl\/wp-json\/wp\/v2\/types\/page"}],"author":[{"embeddable":true,"href":"https:\/\/dari-system.com\/pl\/wp-json\/wp\/v2\/users\/1"}],"replies":[{"embeddable":true,"href":"https:\/\/dari-system.com\/pl\/wp-json\/wp\/v2\/comments?post=25546370"}],"version-history":[{"count":10,"href":"https:\/\/dari-system.com\/pl\/wp-json\/wp\/v2\/pages\/25546370\/revisions"}],"predecessor-version":[{"id":25546396,"href":"https:\/\/dari-system.com\/pl\/wp-json\/wp\/v2\/pages\/25546370\/revisions\/25546396"}],"wp:attachment":[{"href":"https:\/\/dari-system.com\/pl\/wp-json\/wp\/v2\/media?parent=25546370"}],"wp:term":[{"taxonomy":"dipi_cpt_category","embeddable":true,"href":"https:\/\/dari-system.com\/pl\/wp-json\/wp\/v2\/dipi_cpt_category?post=25546370"}],"curies":[{"name":"wp","href":"https:\/\/api.w.org\/{rel}","templated":true}]}}