{"id":25546330,"date":"2024-05-29T09:26:04","date_gmt":"2024-05-29T09:26:04","guid":{"rendered":"https:\/\/dari-system.com\/o-nas\/"},"modified":"2024-08-12T11:54:49","modified_gmt":"2024-08-12T11:54:49","slug":"o-nas","status":"publish","type":"page","link":"https:\/\/dari-system.com\/pl\/o-nas\/","title":{"rendered":"O nas"},"content":{"rendered":"<p>[et_pb_section fb_built=&#8221;1&#8243; fullwidth=&#8221;on&#8221; _builder_version=&#8221;4.25.0&#8243; _module_preset=&#8221;default&#8221; bottom_divider_color=&#8221;#FFFFFF&#8221; bottom_divider_height=&#8221;82px&#8221; bottom_divider_flip=&#8221;horizontal&#8221; locked=&#8221;off&#8221; global_colors_info=&#8221;{}&#8221;][et_pb_fullwidth_header title=&#8221;O nas&#8221; _builder_version=&#8221;4.25.0&#8243; _module_preset=&#8221;default&#8221; title_font=&#8221;|800|||||||&#8221; title_font_size=&#8221;45px&#8221; background_image=&#8221;https:\/\/dari-system.com\/wp-content\/uploads\/2024\/05\/header_background.webp&#8221; background_position=&#8221;bottom_center&#8221; custom_padding=&#8221;8vh||8vh||true|false&#8221; title_font_size_tablet=&#8221;45px&#8221; title_font_size_phone=&#8221;29px&#8221; title_font_size_last_edited=&#8221;on|phone&#8221; content_font_size_tablet=&#8221;&#8221; content_font_size_phone=&#8221;17px&#8221; content_font_size_last_edited=&#8221;on|phone&#8221; global_colors_info=&#8221;{}&#8221;]<\/p>\n<p>Droga do idealnego systemu DaRi<\/p>\n<p>[\/et_pb_fullwidth_header][\/et_pb_section][et_pb_section fb_built=&#8221;1&#8243; _builder_version=&#8221;4.25.0&#8243; _module_preset=&#8221;default&#8221; global_colors_info=&#8221;{}&#8221;][et_pb_row column_structure=&#8221;2_3,1_3&#8243; make_equal=&#8221;on&#8221; _builder_version=&#8221;4.25.0&#8243; _module_preset=&#8221;default&#8221; custom_margin=&#8221;||0px||false|false&#8221; custom_padding=&#8221;||0px||false|false&#8221; global_colors_info=&#8221;{}&#8221;][et_pb_column type=&#8221;2_3&#8243; _builder_version=&#8221;4.25.0&#8243; _module_preset=&#8221;default&#8221; custom_css_main_element=&#8221;margin: auto;&#8221; global_colors_info=&#8221;{}&#8221;][et_pb_text _builder_version=&#8221;4.25.0&#8243; _module_preset=&#8221;default&#8221; global_colors_info=&#8221;{}&#8221;]<\/p>\n<p>Przed naszym domem ro\u015bnie du\u017cy klon, a za domem 2 ogromne lipy.<br \/>\nKilka razy w roku musia\u0142em wchodzi\u0107 na drabin\u0119, aby wyczy\u015bci\u0107 rynny.<br \/>\nWstanie i wyniesienie drabiny z gara\u017cu zawsze wymaga\u0142o ode mnie ogromnego wysi\u0142ku.<br \/>\nOdk\u0142ada\u0142em ten nieprzyjemny obowi\u0105zek z weekendu na weekend.<br \/>\nOko\u0142o 20 lat temu po raz kolejny sta\u0142em na drabinie pe\u0142en irytacji, aby oczy\u015bci\u0107 rynn\u0119 z li\u015bci, kiedy moja 8-letnia c\u00f3rka stan\u0119\u0142a na dole i zacz\u0119\u0142a p\u0142aka\u0107: &#8222;Tatusiu, zejd\u017a&#8221;, p\u0142aka\u0142a, &#8222;Boj\u0119 si\u0119, \u017ce tam spadniesz&#8221;.    <\/p>\n<p>&nbsp;<\/p>\n<p>Kiedy sko\u0144czy\u0142em, poszed\u0142em do sklepu dla majsterkowicz\u00f3w i kupi\u0142em r\u00f3\u017cne systemy ochrony rynien.<br \/>\nNiestety \u017caden z nich nie spe\u0142nia\u0142 dobrze swojej funkcji. <\/p>\n<p>[\/et_pb_text][\/et_pb_column][et_pb_column type=&#8221;1_3&#8243; _builder_version=&#8221;4.25.0&#8243; _module_preset=&#8221;default&#8221; custom_css_main_element=&#8221;mrgin:auto;&#8221; global_colors_info=&#8221;{}&#8221;][et_pb_image src=&#8221;https:\/\/dari-system.com\/wp-content\/uploads\/2024\/06\/eckhard_jentsch_03.webp&#8221; _builder_version=&#8221;4.25.0&#8243; _module_preset=&#8221;default&#8221; custom_margin=&#8221;||0px||false|false&#8221; custom_margin_tablet=&#8221;||0px||false|false&#8221; custom_margin_phone=&#8221;35px||0px||false|false&#8221; custom_margin_last_edited=&#8221;on|phone&#8221; hover_enabled=&#8221;0&#8243; global_colors_info=&#8221;{}&#8221; alt=&#8221;Eckhard Jentsch&#8221; title_text=&#8221;eckhard_jentsch_03&#8243; sticky_enabled=&#8221;0&#8243;][\/et_pb_image][et_pb_text _builder_version=&#8221;4.25.0&#8243; _module_preset=&#8221;default&#8221; text_font_size=&#8221;12px&#8221; custom_margin=&#8221;||0px||false|false&#8221; custom_padding=&#8221;||0px||false|false&#8221; global_colors_info=&#8221;{}&#8221;]<\/p>\n<p style=\"text-align: center;\"><em>Eckhard Jentsch | Za\u0142o\u017cyciel DaRi-System<\/em><\/p>\n<p>[\/et_pb_text][\/et_pb_column][\/et_pb_row][et_pb_row _builder_version=&#8221;4.25.0&#8243; _module_preset=&#8221;default&#8221; global_colors_info=&#8221;{}&#8221;][et_pb_column type=&#8221;4_4&#8243; _builder_version=&#8221;4.25.0&#8243; _module_preset=&#8221;default&#8221; global_colors_info=&#8221;{}&#8221;][et_pb_text _builder_version=&#8221;4.25.0&#8243; _module_preset=&#8221;default&#8221; hover_enabled=&#8221;0&#8243; global_colors_info=&#8221;{}&#8221; sticky_enabled=&#8221;0&#8243;]<\/p>\n<p>Nast\u0119pnie uda\u0142em si\u0119 do blacharza i dekarza i zapyta\u0142em, jaki system ochrony przed li\u015b\u0107mi by polecili.<br \/>\nOdpowied\u017a by\u0142a taka, \u017ce nie ma naprawd\u0119 dobrego systemu ochrony rynien i \u017ce jako w\u0142a\u015bciciel domu musisz \u017cy\u0107 z faktem, \u017ce musisz regularnie czy\u015bci\u0107 rynny. <\/p>\n<p>By\u0142em zrozpaczony i pomy\u015bla\u0142em &#8222;to na pewno nie mo\u017ce by\u0107 prawda; czy naprawd\u0119 nie da si\u0119 rozwi\u0105za\u0107 tego problemu w zadowalaj\u0105cy spos\u00f3b? Pr\u00f3bowa\u0142em ju\u017c wielu r\u00f3\u017cnych system\u00f3w i \u017caden z nich nie by\u0142 naprawd\u0119 dobry&#8221;.<\/p>\n<p>Nast\u0119pnie zebra\u0142em projektant\u00f3w, technik\u00f3w, in\u017cynier\u00f3w, in\u017cynier\u00f3w mechanik\u00f3w, dekarzy i hydraulik\u00f3w i usiedli\u015bmy przy du\u017cym stole i przede wszystkim zdefiniowali\u015bmy kryteria, kt\u00f3re powinien spe\u0142nia\u0107 bardzo dobry system ochrony rynien:<\/p>\n<p>[\/et_pb_text][\/et_pb_column][\/et_pb_row][\/et_pb_section][et_pb_section fb_built=&#8221;1&#8243; _builder_version=&#8221;4.25.0&#8243; _module_preset=&#8221;default&#8221; custom_padding=&#8221;0px||0px||false|false&#8221; global_colors_info=&#8221;{}&#8221;][et_pb_row _builder_version=&#8221;4.25.0&#8243; _module_preset=&#8221;default&#8221; background_color=&#8221;#f4bd8d&#8221; width_tablet=&#8221;&#8221; width_phone=&#8221;100%&#8221; width_last_edited=&#8221;on|phone&#8221; custom_margin=&#8221;0px||0px||true|false&#8221; custom_padding=&#8221;21px|27px|21px|27px|true|true&#8221; global_colors_info=&#8221;{}&#8221; width__hover_enabled=&#8221;on|desktop&#8221;][et_pb_column type=&#8221;4_4&#8243; _builder_version=&#8221;4.25.0&#8243; _module_preset=&#8221;default&#8221; global_colors_info=&#8221;{}&#8221;][et_pb_blurb image=&#8221;https:\/\/dari-system.com\/wp-content\/uploads\/2024\/06\/arrow.webp&#8221; alt=&#8221;Sprawd\u017a&#8221; icon_placement=&#8221;left&#8221; content_max_width=&#8221;100%&#8221; _builder_version=&#8221;4.25.0&#8243; _module_preset=&#8221;default&#8221; custom_margin=&#8221;||15px||false|false&#8221; global_colors_info=&#8221;{}&#8221;]<\/p>\n<p><strong>Musi istnie\u0107 mo\u017cliwo\u015b\u0107 instalacji w rynnach z obr\u00f3bk\u0105 okapu i bez niej<\/strong><\/p>\n<p>[\/et_pb_blurb][et_pb_blurb image=&#8221;https:\/\/dari-system.com\/wp-content\/uploads\/2024\/06\/arrow.webp&#8221; alt=&#8221;Sprawd\u017a&#8221; icon_placement=&#8221;left&#8221; content_max_width=&#8221;100%&#8221; _builder_version=&#8221;4.25.0&#8243; _module_preset=&#8221;default&#8221; custom_margin=&#8221;||15px||false|false&#8221; global_colors_info=&#8221;{}&#8221;]<\/p>\n<p><strong>Musi mie\u0107 du\u017c\u0105 otwart\u0105 przestrze\u0144, aby woda deszczowa mog\u0142a \u0142atwo odp\u0142ywa\u0107<\/strong><\/p>\n<p>[\/et_pb_blurb][et_pb_blurb image=&#8221;https:\/\/dari-system.com\/wp-content\/uploads\/2024\/06\/arrow.webp&#8221; alt=&#8221;Sprawd\u017a&#8221; icon_placement=&#8221;left&#8221; content_max_width=&#8221;100%&#8221; _builder_version=&#8221;4.25.0&#8243; _module_preset=&#8221;default&#8221; custom_margin=&#8221;||15px||false|false&#8221; global_colors_info=&#8221;{}&#8221;]<\/p>\n<p><strong>Rozmiar otworu nie mo\u017ce by\u0107 tak du\u017cy, aby wpada\u0142y przez niego nasiona lip, klon\u00f3w itp.<\/strong><\/p>\n<p>[\/et_pb_blurb][et_pb_blurb image=&#8221;https:\/\/dari-system.com\/wp-content\/uploads\/2024\/06\/arrow.webp&#8221; alt=&#8221;Sprawd\u017a&#8221; icon_placement=&#8221;left&#8221; content_max_width=&#8221;100%&#8221; _builder_version=&#8221;4.25.0&#8243; _module_preset=&#8221;default&#8221; custom_margin=&#8221;||15px||false|false&#8221; global_colors_info=&#8221;{}&#8221;]<\/p>\n<p><strong>Rozmiar otworu nie mo\u017ce by\u0107 zbyt ma\u0142y, aby otwory szybko si\u0119 zatyka\u0142y<\/strong><\/p>\n<p>[\/et_pb_blurb][et_pb_blurb image=&#8221;https:\/\/dari-system.com\/wp-content\/uploads\/2024\/06\/arrow.webp&#8221; alt=&#8221;Sprawd\u017a&#8221; icon_placement=&#8221;left&#8221; content_max_width=&#8221;100%&#8221; _builder_version=&#8221;4.25.0&#8243; _module_preset=&#8221;default&#8221; custom_margin=&#8221;||15px||false|false&#8221; global_colors_info=&#8221;{}&#8221;]<\/p>\n<p><strong>Otwory musz\u0105 by\u0107 ukszta\u0142towane w taki spos\u00f3b, aby woda deszczowa by\u0142a szybko odprowadzana do otwor\u00f3w<\/strong><\/p>\n<p>[\/et_pb_blurb][et_pb_blurb image=&#8221;https:\/\/dari-system.com\/wp-content\/uploads\/2024\/06\/arrow.webp&#8221; alt=&#8221;Sprawd\u017a&#8221; icon_placement=&#8221;left&#8221; content_max_width=&#8221;100%&#8221; _builder_version=&#8221;4.25.0&#8243; _module_preset=&#8221;default&#8221; custom_margin=&#8221;||15px||false|false&#8221; global_colors_info=&#8221;{}&#8221;]<\/p>\n<p><strong>Powierzchnia musi by\u0107 g\u0142adka, aby li\u015bcie nie mog\u0142y si\u0119 o ni\u0105 zaczepi\u0107<\/strong><\/p>\n<p>[\/et_pb_blurb][et_pb_blurb image=&#8221;https:\/\/dari-system.com\/wp-content\/uploads\/2024\/06\/arrow.webp&#8221; alt=&#8221;Sprawd\u017a&#8221; icon_placement=&#8221;left&#8221; content_max_width=&#8221;100%&#8221; _builder_version=&#8221;4.25.0&#8243; _module_preset=&#8221;default&#8221; custom_margin=&#8221;||15px||false|false&#8221; global_colors_info=&#8221;{}&#8221;]<\/p>\n<p><strong>Musi by\u0107 \u0142atwy w instalacji bez u\u017cycia narz\u0119dzi<\/strong><\/p>\n<p>[\/et_pb_blurb][et_pb_blurb image=&#8221;https:\/\/dari-system.com\/wp-content\/uploads\/2024\/06\/arrow.webp&#8221; alt=&#8221;Sprawd\u017a&#8221; icon_placement=&#8221;left&#8221; content_max_width=&#8221;100%&#8221; _builder_version=&#8221;4.25.0&#8243; _module_preset=&#8221;default&#8221; custom_margin=&#8221;||15px||false|false&#8221; global_colors_info=&#8221;{}&#8221;]<\/p>\n<p><strong>Musi by\u0107 \u0142atwy do usuni\u0119cia<\/strong><\/p>\n<p>[\/et_pb_blurb][et_pb_blurb image=&#8221;https:\/\/dari-system.com\/wp-content\/uploads\/2024\/06\/arrow.webp&#8221; alt=&#8221;Sprawd\u017a&#8221; icon_placement=&#8221;left&#8221; content_max_width=&#8221;100%&#8221; _builder_version=&#8221;4.25.0&#8243; _module_preset=&#8221;default&#8221; custom_margin=&#8221;||15px||false|false&#8221; global_colors_info=&#8221;{}&#8221;]<\/p>\n<p><strong>Musi by\u0107 mocno przymocowany do rynny, aby nie odlecia\u0142 przy silnym wietrze<\/strong><\/p>\n<p>[\/et_pb_blurb][et_pb_blurb image=&#8221;https:\/\/dari-system.com\/wp-content\/uploads\/2024\/06\/arrow.webp&#8221; alt=&#8221;Sprawd\u017a&#8221; icon_placement=&#8221;left&#8221; content_max_width=&#8221;100%&#8221; _builder_version=&#8221;4.25.0&#8243; _module_preset=&#8221;default&#8221; custom_margin=&#8221;||15px||false|false&#8221; global_colors_info=&#8221;{}&#8221;]<\/p>\n<p><strong>Musi znajdowa\u0107 si\u0119 nad rynn\u0105, aby li\u015bcie by\u0142y \u0142atwo zdmuchiwane<\/strong><\/p>\n<p>[\/et_pb_blurb][et_pb_blurb image=&#8221;https:\/\/dari-system.com\/wp-content\/uploads\/2024\/06\/arrow.webp&#8221; alt=&#8221;Sprawd\u017a&#8221; icon_placement=&#8221;left&#8221; content_max_width=&#8221;100%&#8221; _builder_version=&#8221;4.25.0&#8243; _module_preset=&#8221;default&#8221; custom_margin=&#8221;||15px||false|false&#8221; global_colors_info=&#8221;{}&#8221;]<\/p>\n<p><strong>Musi si\u0119ga\u0107 do przedniej kraw\u0119dzi, aby nie by\u0142o \u017cadnych przeszk\u00f3d dla li\u015bci<\/strong><\/p>\n<p>[\/et_pb_blurb][et_pb_blurb image=&#8221;https:\/\/dari-system.com\/wp-content\/uploads\/2024\/06\/arrow.webp&#8221; alt=&#8221;Sprawd\u017a&#8221; icon_placement=&#8221;left&#8221; content_max_width=&#8221;100%&#8221; _builder_version=&#8221;4.25.0&#8243; _module_preset=&#8221;default&#8221; custom_margin=&#8221;||15px||false|false&#8221; global_colors_info=&#8221;{}&#8221;]<\/p>\n<p><strong>Musi by\u0107 odporny na ciep\u0142o, zimno i promieniowanie UV<\/strong><\/p>\n<p>[\/et_pb_blurb][et_pb_blurb image=&#8221;https:\/\/dari-system.com\/wp-content\/uploads\/2024\/06\/arrow.webp&#8221; alt=&#8221;Sprawd\u017a&#8221; icon_placement=&#8221;left&#8221; content_max_width=&#8221;100%&#8221; _builder_version=&#8221;4.25.0&#8243; _module_preset=&#8221;default&#8221; custom_margin=&#8221;||15px||false|false&#8221; global_colors_info=&#8221;{}&#8221;]<\/p>\n<p><strong>Musi by\u0107 bezobs\u0142ugowy<\/strong><\/p>\n<p>[\/et_pb_blurb][et_pb_blurb image=&#8221;https:\/\/dari-system.com\/wp-content\/uploads\/2024\/06\/arrow.webp&#8221; alt=&#8221;Sprawd\u017a&#8221; icon_placement=&#8221;left&#8221; content_max_width=&#8221;100%&#8221; _builder_version=&#8221;4.25.0&#8243; _module_preset=&#8221;default&#8221; custom_margin=&#8221;||15px||false|false&#8221; global_colors_info=&#8221;{}&#8221;]<\/p>\n<p><strong>Nale\u017cy zagwarantowa\u0107, \u017ce rynna nie jest ju\u017c zablokowana przez li\u015bcie<\/strong><\/p>\n<p>[\/et_pb_blurb][\/et_pb_column][\/et_pb_row][\/et_pb_section][et_pb_section fb_built=&#8221;1&#8243; _builder_version=&#8221;4.25.0&#8243; _module_preset=&#8221;default&#8221; global_colors_info=&#8221;{}&#8221;][et_pb_row _builder_version=&#8221;4.25.0&#8243; _module_preset=&#8221;default&#8221; global_colors_info=&#8221;{}&#8221;][et_pb_column type=&#8221;4_4&#8243; _builder_version=&#8221;4.25.0&#8243; _module_preset=&#8221;default&#8221; global_colors_info=&#8221;{}&#8221;][et_pb_text _builder_version=&#8221;4.25.0&#8243; _module_preset=&#8221;default&#8221; global_colors_info=&#8221;{}&#8221;]<\/p>\n<p>Po wielu planach, rysunkach, pr\u00f3bach i testach narodzi\u0142 si\u0119 <strong>system DaRi<\/strong>. System DaRi nie musi obawia\u0107 si\u0119 por\u00f3wnania z \u017cadnym innym systemem.<br \/>\nW mojej opinii i wiedzy nie ma lepszego systemu ochrony rynien. <\/p>\n<p>Dzi\u015b patrz\u0119 na moj\u0105 rynn\u0119 z satysfakcj\u0105 i ciesz\u0119 si\u0119, \u017ce zainstalowa\u0142em w niej system DaRi.<br \/>\nSystemy DaRi z tamtych czas\u00f3w nadal s\u0105 zainstalowane w rynnie i nadal s\u0105 w pe\u0142ni funkcjonalne.<br \/>\nNadal cz\u0119sto m\u00f3wi\u0119 &#8222;dzi\u0119kuj\u0119&#8221; mojej c\u00f3rce za to, \u017ce da\u0142a mi impuls do zainstalowania tego doskona\u0142ego systemu ochrony rynien.<br \/>\nNie tylko unikn\u0105\u0142em k\u0142opot\u00f3w, ale tak\u017ce zmniejszy\u0142em ryzyko wypadk\u00f3w, poniewa\u017c nie musz\u0119 ju\u017c sta\u0107 wysoko na dachu na drabinie.   <\/p>\n<p>Obecnie ludzie z ca\u0142ej Europy s\u0105 zadowoleni i wdzi\u0119czni, \u017ce problem zatkanej rynny mo\u017ce by\u0107 tak \u0142atwo rozwi\u0105zany dzi\u0119ki systemowi DaRi, a rynna pozostaje trwale wolna od li\u015bci.<\/p>\n<p>Celem DaRi-System jest opracowywanie i produkcja system\u00f3w ochrony rynien najwy\u017cszej jako\u015bci.<br \/>\nWszystkie nasze produkty zosta\u0142y zaprojektowane w Niemczech i s\u0105 produkowane wy\u0142\u0105cznie tutaj. <\/p>\n<p><em><strong>Wyprodukowano w Niemczech<\/strong> <\/em>gwarantuje d\u0142ug\u0105 \u017cywotno\u015b\u0107.<\/p>\n<p>Jako absolutni eksperci w dziedzinie system\u00f3w ochrony przed li\u015b\u0107mi, od 20 lat wsp\u00f3\u0142pracujemy z naszymi klientami w celu znalezienia dobrych i praktycznych rozwi\u0105za\u0144 dla problematycznych rynien.<br \/>\nZ niecierpliwo\u015bci\u0105 czekamy na ka\u017cdy kontakt i ka\u017cde przes\u0142ane do nas zdj\u0119cie rynny i odpowiemy na Twoje zapytanie szybko, ch\u0119tnie i bezp\u0142atnie. <\/p>\n<p>Je\u015bli r\u00f3wnie\u017c szukasz niezawodnego, wysokiej jako\u015bci, trwa\u0142ego i niewymagaj\u0105cego konserwacji systemu ochrony dla swojej rynny, to od razu zdecyduj si\u0119 na doskonale zaprojektowany <strong>system DaRi<\/strong>.<\/p>\n<p>[\/et_pb_text][\/et_pb_column][\/et_pb_row][et_pb_row _builder_version=&#8221;4.25.0&#8243; _module_preset=&#8221;default&#8221; global_colors_info=&#8221;{}&#8221;][et_pb_column type=&#8221;4_4&#8243; _builder_version=&#8221;4.25.0&#8243; _module_preset=&#8221;default&#8221; global_colors_info=&#8221;{}&#8221;][et_pb_text _builder_version=&#8221;4.25.0&#8243; _module_preset=&#8221;default&#8221; global_colors_info=&#8221;{}&#8221;]<\/p>\n<h2><strong>Gwarantujemy, \u017ce po zainstalowaniu systemu DaRi rynna nie b\u0119dzie ju\u017c blokowana przez li\u015bcie.<\/strong><\/h2>\n<p>[\/et_pb_text][\/et_pb_column][\/et_pb_row][\/et_pb_section]<\/p>\n","protected":false},"excerpt":{"rendered":"<p>Droga do idealnego systemu DaRiPrzed naszym domem ro\u015bnie du\u017cy klon, a za domem 2 ogromne lipy. Kilka razy w roku musia\u0142em wchodzi\u0107 na drabin\u0119, aby wyczy\u015bci\u0107 rynny. Wstanie i wyniesienie drabiny z gara\u017cu zawsze wymaga\u0142o ode mnie ogromnego wysi\u0142ku. Odk\u0142ada\u0142em ten nieprzyjemny obowi\u0105zek z weekendu na weekend. Oko\u0142o 20 lat temu po raz kolejny sta\u0142em [&hellip;]<\/p>\n","protected":false},"author":1,"featured_media":0,"parent":0,"menu_order":0,"comment_status":"closed","ping_status":"closed","template":"","meta":{"_et_pb_use_builder":"on","_et_pb_old_content":"","_et_gb_content_width":"","iawp_total_views":8,"footnotes":""},"dipi_cpt_category":[],"class_list":["post-25546330","page","type-page","status-publish","hentry"],"yoast_head":"<!-- This site is optimized with the Yoast SEO plugin v27.2 - https:\/\/yoast.com\/product\/yoast-seo-wordpress\/ -->\n<title>O nas - DaRi System<\/title>\n<meta name=\"robots\" content=\"index, follow, max-snippet:-1, max-image-preview:large, max-video-preview:-1\" \/>\n<link rel=\"canonical\" href=\"https:\/\/dari-system.com\/pl\/o-nas\/\" \/>\n<meta property=\"og:locale\" content=\"pl_PL\" \/>\n<meta property=\"og:type\" content=\"article\" \/>\n<meta property=\"og:title\" content=\"O nas - DaRi System\" \/>\n<meta property=\"og:description\" content=\"Droga do idealnego systemu DaRiPrzed naszym domem ro\u015bnie du\u017cy klon, a za domem 2 ogromne lipy. Kilka razy w roku musia\u0142em wchodzi\u0107 na drabin\u0119, aby wyczy\u015bci\u0107 rynny. Wstanie i wyniesienie drabiny z gara\u017cu zawsze wymaga\u0142o ode mnie ogromnego wysi\u0142ku. Odk\u0142ada\u0142em ten nieprzyjemny obowi\u0105zek z weekendu na weekend. Oko\u0142o 20 lat temu po raz kolejny sta\u0142em [&hellip;]\" \/>\n<meta property=\"og:url\" content=\"https:\/\/dari-system.com\/pl\/o-nas\/\" \/>\n<meta property=\"og:site_name\" content=\"DaRi System\" \/>\n<meta property=\"article:modified_time\" content=\"2024-08-12T11:54:49+00:00\" \/>\n<meta name=\"twitter:card\" content=\"summary_large_image\" \/>\n<meta name=\"twitter:label1\" content=\"Szacowany czas czytania\" \/>\n\t<meta name=\"twitter:data1\" content=\"9 minut\" \/>\n<script type=\"application\/ld+json\" class=\"yoast-schema-graph\">{\"@context\":\"https:\/\/schema.org\",\"@graph\":[{\"@type\":\"WebPage\",\"@id\":\"https:\/\/dari-system.com\/pl\/o-nas\/\",\"url\":\"https:\/\/dari-system.com\/pl\/o-nas\/\",\"name\":\"O nas - DaRi System\",\"isPartOf\":{\"@id\":\"https:\/\/dari-system.com\/pl\/#website\"},\"datePublished\":\"2024-05-29T09:26:04+00:00\",\"dateModified\":\"2024-08-12T11:54:49+00:00\",\"breadcrumb\":{\"@id\":\"https:\/\/dari-system.com\/pl\/o-nas\/#breadcrumb\"},\"inLanguage\":\"pl-PL\",\"potentialAction\":[{\"@type\":\"ReadAction\",\"target\":[\"https:\/\/dari-system.com\/pl\/o-nas\/\"]}]},{\"@type\":\"BreadcrumbList\",\"@id\":\"https:\/\/dari-system.com\/pl\/o-nas\/#breadcrumb\",\"itemListElement\":[{\"@type\":\"ListItem\",\"position\":1,\"name\":\"Startseite\",\"item\":\"https:\/\/dari-system.com\/pl\/\"},{\"@type\":\"ListItem\",\"position\":2,\"name\":\"O nas\"}]},{\"@type\":\"WebSite\",\"@id\":\"https:\/\/dari-system.com\/pl\/#website\",\"url\":\"https:\/\/dari-system.com\/pl\/\",\"name\":\"DaRi System\",\"description\":\"\",\"potentialAction\":[{\"@type\":\"SearchAction\",\"target\":{\"@type\":\"EntryPoint\",\"urlTemplate\":\"https:\/\/dari-system.com\/pl\/?s={search_term_string}\"},\"query-input\":{\"@type\":\"PropertyValueSpecification\",\"valueRequired\":true,\"valueName\":\"search_term_string\"}}],\"inLanguage\":\"pl-PL\"}]}<\/script>\n<!-- \/ Yoast SEO plugin. -->","yoast_head_json":{"title":"O nas - DaRi System","robots":{"index":"index","follow":"follow","max-snippet":"max-snippet:-1","max-image-preview":"max-image-preview:large","max-video-preview":"max-video-preview:-1"},"canonical":"https:\/\/dari-system.com\/pl\/o-nas\/","og_locale":"pl_PL","og_type":"article","og_title":"O nas - DaRi System","og_description":"Droga do idealnego systemu DaRiPrzed naszym domem ro\u015bnie du\u017cy klon, a za domem 2 ogromne lipy. Kilka razy w roku musia\u0142em wchodzi\u0107 na drabin\u0119, aby wyczy\u015bci\u0107 rynny. Wstanie i wyniesienie drabiny z gara\u017cu zawsze wymaga\u0142o ode mnie ogromnego wysi\u0142ku. Odk\u0142ada\u0142em ten nieprzyjemny obowi\u0105zek z weekendu na weekend. Oko\u0142o 20 lat temu po raz kolejny sta\u0142em [&hellip;]","og_url":"https:\/\/dari-system.com\/pl\/o-nas\/","og_site_name":"DaRi System","article_modified_time":"2024-08-12T11:54:49+00:00","twitter_card":"summary_large_image","twitter_misc":{"Szacowany czas czytania":"9 minut"},"schema":{"@context":"https:\/\/schema.org","@graph":[{"@type":"WebPage","@id":"https:\/\/dari-system.com\/pl\/o-nas\/","url":"https:\/\/dari-system.com\/pl\/o-nas\/","name":"O nas - DaRi System","isPartOf":{"@id":"https:\/\/dari-system.com\/pl\/#website"},"datePublished":"2024-05-29T09:26:04+00:00","dateModified":"2024-08-12T11:54:49+00:00","breadcrumb":{"@id":"https:\/\/dari-system.com\/pl\/o-nas\/#breadcrumb"},"inLanguage":"pl-PL","potentialAction":[{"@type":"ReadAction","target":["https:\/\/dari-system.com\/pl\/o-nas\/"]}]},{"@type":"BreadcrumbList","@id":"https:\/\/dari-system.com\/pl\/o-nas\/#breadcrumb","itemListElement":[{"@type":"ListItem","position":1,"name":"Startseite","item":"https:\/\/dari-system.com\/pl\/"},{"@type":"ListItem","position":2,"name":"O nas"}]},{"@type":"WebSite","@id":"https:\/\/dari-system.com\/pl\/#website","url":"https:\/\/dari-system.com\/pl\/","name":"DaRi System","description":"","potentialAction":[{"@type":"SearchAction","target":{"@type":"EntryPoint","urlTemplate":"https:\/\/dari-system.com\/pl\/?s={search_term_string}"},"query-input":{"@type":"PropertyValueSpecification","valueRequired":true,"valueName":"search_term_string"}}],"inLanguage":"pl-PL"}]}},"_links":{"self":[{"href":"https:\/\/dari-system.com\/pl\/wp-json\/wp\/v2\/pages\/25546330","targetHints":{"allow":["GET"]}}],"collection":[{"href":"https:\/\/dari-system.com\/pl\/wp-json\/wp\/v2\/pages"}],"about":[{"href":"https:\/\/dari-system.com\/pl\/wp-json\/wp\/v2\/types\/page"}],"author":[{"embeddable":true,"href":"https:\/\/dari-system.com\/pl\/wp-json\/wp\/v2\/users\/1"}],"replies":[{"embeddable":true,"href":"https:\/\/dari-system.com\/pl\/wp-json\/wp\/v2\/comments?post=25546330"}],"version-history":[{"count":2,"href":"https:\/\/dari-system.com\/pl\/wp-json\/wp\/v2\/pages\/25546330\/revisions"}],"predecessor-version":[{"id":25546334,"href":"https:\/\/dari-system.com\/pl\/wp-json\/wp\/v2\/pages\/25546330\/revisions\/25546334"}],"wp:attachment":[{"href":"https:\/\/dari-system.com\/pl\/wp-json\/wp\/v2\/media?parent=25546330"}],"wp:term":[{"taxonomy":"dipi_cpt_category","embeddable":true,"href":"https:\/\/dari-system.com\/pl\/wp-json\/wp\/v2\/dipi_cpt_category?post=25546330"}],"curies":[{"name":"wp","href":"https:\/\/api.w.org\/{rel}","templated":true}]}}