{"id":25546323,"date":"2024-06-03T10:59:20","date_gmt":"2024-06-03T10:59:20","guid":{"rendered":"https:\/\/dari-system.com\/wsporniki-dari\/"},"modified":"2024-08-15T17:32:37","modified_gmt":"2024-08-15T17:32:37","slug":"wsporniki-dari","status":"publish","type":"page","link":"https:\/\/dari-system.com\/pl\/wsporniki-dari\/","title":{"rendered":"Wsporniki DaRi"},"content":{"rendered":"<p>[et_pb_section fb_built=&#8221;1&#8243; admin_label=&#8221;TBVS &#8211; Light &#8211; Content 5&#8243; _builder_version=&#8221;4.25.0&#8243; _module_preset=&#8221;773cbfc0-e6bc-474b-b613-dad4bc024acd&#8221; global_colors_info=&#8221;{}&#8221;][et_pb_row column_structure=&#8221;2_5,3_5&#8243; make_equal=&#8221;on&#8221; _builder_version=&#8221;4.25.0&#8243; _module_preset=&#8221;default&#8221; global_colors_info=&#8221;{}&#8221;][et_pb_column type=&#8221;2_5&#8243; _builder_version=&#8221;4.16&#8243; _module_preset=&#8221;default&#8221; global_colors_info=&#8221;{}&#8221;][et_pb_image src=&#8221;https:\/\/dari-system.com\/wp-content\/uploads\/2024\/05\/dari_klammer.webp&#8221; alt=&#8221;Zacisk systemowy DaRi czarny i srebrny&#8221; title_text=&#8221;dari_bracket&#8221; show_in_lightbox=&#8221;on&#8221; _builder_version=&#8221;4.25.0&#8243; _module_preset=&#8221;default&#8221; border_radii=&#8221;on|44px|44px|44px|44px&#8221; global_colors_info=&#8221;{}&#8221;][\/et_pb_image][\/et_pb_column][et_pb_column type=&#8221;3_5&#8243; _builder_version=&#8221;4.25.0&#8243; _module_preset=&#8221;default&#8221; custom_padding_tablet=&#8221;||30px||false|false&#8221; custom_padding_phone=&#8221;&#8221; custom_padding_last_edited=&#8221;on|tablet&#8221; custom_css_main_element=&#8221;margin: auto;&#8221; global_colors_info=&#8221;{}&#8221;][et_pb_text _builder_version=&#8221;4.25.0&#8243; _module_preset=&#8221;c68383f9-009f-4682-a0ef-f1cc616ecd44&#8243; global_colors_info=&#8221;{}&#8221;]<\/p>\n<h1>Zaciski-DaRi<\/h1>\n<p>[\/et_pb_text][\/et_pb_column][\/et_pb_row][\/et_pb_section][et_pb_section fb_built=&#8221;1&#8243; _builder_version=&#8221;4.25.0&#8243; _module_preset=&#8221;default&#8221; custom_margin=&#8221;||||false|false&#8221; custom_padding=&#8221;||10px||false|false&#8221; global_colors_info=&#8221;{}&#8221;][et_pb_row make_equal=&#8221;on&#8221; _builder_version=&#8221;4.25.0&#8243; _module_preset=&#8221;default&#8221; global_colors_info=&#8221;{}&#8221;][et_pb_column type=&#8221;4_4&#8243; _builder_version=&#8221;4.25.0&#8243; _module_preset=&#8221;default&#8221; custom_css_main_element=&#8221;margin: auto;&#8221; border_color_right=&#8221;#4C76A9&#8243; global_colors_info=&#8221;{}&#8221;][et_pb_text _builder_version=&#8221;4.25.0&#8243; _module_preset=&#8221;default&#8221; global_colors_info=&#8221;{}&#8221;]<\/p>\n<p>\u015arednica przedniego \u0142uku rynny r\u00f3\u017cni si\u0119 w zale\u017cno\u015bci od rozmiaru rynny.<\/p>\n<p>Dlatego zaciski do systemu DaRi D1 s\u0105 r\u00f3wnie\u017c dost\u0119pne w 2 r\u00f3\u017cnych rozmiarach.<\/p>\n<p>Dla rynien 28 mm dostarczamy wsporniki o \u015brednicy wewn\u0119trznej 18 mm, a dla rynien 33 mm i 40 mm wsporniki o \u015brednicy wewn\u0119trznej 20 mm.<\/p>\n<p>Sortowanie odbywa si\u0119 automatycznie.<\/p>\n<p>Klipsy s\u0105 dost\u0119pne w 2 r\u00f3\u017cnych kolorach, dzi\u0119ki czemu nie rzucaj\u0105 si\u0119 w oczy:<\/p>\n<p>[\/et_pb_text][\/et_pb_column][\/et_pb_row][\/et_pb_section][et_pb_section fb_built=&#8221;1&#8243; _builder_version=&#8221;4.25.0&#8243; _module_preset=&#8221;default&#8221; background_color=&#8221;#f4c092&#8243; custom_margin=&#8221;0px||0px||true|false&#8221; custom_padding=&#8221;10px||10px||true|false&#8221; global_colors_info=&#8221;{}&#8221;][et_pb_row _builder_version=&#8221;4.25.0&#8243; _module_preset=&#8221;default&#8221; global_colors_info=&#8221;{}&#8221;][et_pb_column type=&#8221;4_4&#8243; _builder_version=&#8221;4.25.0&#8243; _module_preset=&#8221;default&#8221; global_colors_info=&#8221;{}&#8221;][et_pb_text _builder_version=&#8221;4.27.0&#8243; _module_preset=&#8221;default&#8221; hover_enabled=&#8221;0&#8243; text_font_size_tablet=&#8221;&#8221; text_font_size_phone=&#8221;18px&#8221; text_font_size_last_edited=&#8221;on|desktop&#8221; global_colors_info=&#8221;{}&#8221; sticky_enabled=&#8221;0&#8243;]<\/p>\n<p><strong>czarny:<\/strong> dla rynien wykonanych z miedzi<br \/><strong>srebrny:<\/strong> dla rynien wykonanych z cynku<\/p>\n<p>[\/et_pb_text][\/et_pb_column][\/et_pb_row][\/et_pb_section][et_pb_section fb_built=&#8221;1&#8243; custom_padding_last_edited=&#8221;on|phone&#8221; _builder_version=&#8221;4.25.0&#8243; _module_preset=&#8221;default&#8221; custom_padding=&#8221;10px||||false|false&#8221; custom_padding_tablet=&#8221;10px||||false|false&#8221; custom_padding_phone=&#8221;||0px||false|false&#8221; global_colors_info=&#8221;{}&#8221;][et_pb_row _builder_version=&#8221;4.25.0&#8243; _module_preset=&#8221;default&#8221; global_colors_info=&#8221;{}&#8221;][et_pb_column type=&#8221;4_4&#8243; _builder_version=&#8221;4.25.0&#8243; _module_preset=&#8221;default&#8221; global_colors_info=&#8221;{}&#8221;][et_pb_text _builder_version=&#8221;4.25.0&#8243; _module_preset=&#8221;default&#8221; global_colors_info=&#8221;{}&#8221;]<\/p>\n<p>Podczas sk\u0142adania zam\u00f3wienia nale\u017cy wybra\u0107 tylko kolor klipsa, a nie jego rozmiar.<\/p>\n<p>Ka\u017cdy system DaRi D1 lub D2 jest mocowany do rynny za pomoc\u0105 4 wspornik\u00f3w.<\/p>\n<p>[\/et_pb_text][\/et_pb_column][\/et_pb_row][\/et_pb_section][et_pb_section fb_built=&#8221;1&#8243; _builder_version=&#8221;4.25.0&#8243; _module_preset=&#8221;default&#8221; global_colors_info=&#8221;{}&#8221;][et_pb_row _builder_version=&#8221;4.25.0&#8243; _module_preset=&#8221;default&#8221; global_colors_info=&#8221;{}&#8221;][et_pb_column type=&#8221;4_4&#8243; _builder_version=&#8221;4.25.0&#8243; _module_preset=&#8221;default&#8221; global_colors_info=&#8221;{}&#8221;][et_pb_text _builder_version=&#8221;4.25.0&#8243; _module_preset=&#8221;default&#8221; custom_margin=&#8221;||||false|true&#8221; custom_padding=&#8221;||||false|false&#8221; header_3_text_align_tablet=&#8221;&#8221; header_3_text_align_phone=&#8221;&#8221; header_3_text_align_last_edited=&#8221;on|desktop&#8221; global_colors_info=&#8221;{}&#8221;]<\/p>\n<h3 style=\"text-align: center;\">Zaciski DaRi mo\u017cna zam\u00f3wi\u0107 tutaj:<\/h3>\n<p>[\/et_pb_text][\/et_pb_column][\/et_pb_row][et_pb_row _builder_version=&#8221;4.25.0&#8243; _module_preset=&#8221;default&#8221; global_colors_info=&#8221;{}&#8221;][et_pb_column type=&#8221;4_4&#8243; _builder_version=&#8221;4.25.0&#8243; _module_preset=&#8221;default&#8221; global_colors_info=&#8221;{}&#8221;][et_pb_button button_url=&#8221;https:\/\/dari-system.com\/pl\/produkt\/wsporniki-dari\/&#8221; button_text=&#8221;do sklepu&#8221; button_alignment=&#8221;center&#8221; _builder_version=&#8221;4.27.0&#8243; _module_preset=&#8221;default&#8221; global_colors_info=&#8221;{}&#8221;][\/et_pb_button][\/et_pb_column][\/et_pb_row][\/et_pb_section]<\/p>\n","protected":false},"excerpt":{"rendered":"<p>Zaciski-DaRi\u015arednica przedniego \u0142uku rynny r\u00f3\u017cni si\u0119 w zale\u017cno\u015bci od rozmiaru rynny. Dlatego zaciski do systemu DaRi D1 s\u0105 r\u00f3wnie\u017c dost\u0119pne w 2 r\u00f3\u017cnych rozmiarach. Dla rynien 28 mm dostarczamy wsporniki o \u015brednicy wewn\u0119trznej 18 mm, a dla rynien 33 mm i 40 mm wsporniki o \u015brednicy wewn\u0119trznej 20 mm. Sortowanie odbywa si\u0119 automatycznie. Klipsy s\u0105 [&hellip;]<\/p>\n","protected":false},"author":1,"featured_media":0,"parent":0,"menu_order":0,"comment_status":"closed","ping_status":"closed","template":"","meta":{"_et_pb_use_builder":"on","_et_pb_old_content":"","_et_gb_content_width":"","iawp_total_views":5,"footnotes":""},"dipi_cpt_category":[],"class_list":["post-25546323","page","type-page","status-publish","hentry"],"yoast_head":"<!-- This site is optimized with the Yoast SEO plugin v27.4 - https:\/\/yoast.com\/product\/yoast-seo-wordpress\/ -->\n<title>Wsporniki DaRi - DaRi System<\/title>\n<meta name=\"robots\" content=\"index, follow, max-snippet:-1, max-image-preview:large, max-video-preview:-1\" \/>\n<link rel=\"canonical\" href=\"https:\/\/dari-system.com\/pl\/wsporniki-dari\/\" \/>\n<meta property=\"og:locale\" content=\"pl_PL\" \/>\n<meta property=\"og:type\" content=\"article\" \/>\n<meta property=\"og:title\" content=\"Wsporniki DaRi - DaRi System\" \/>\n<meta property=\"og:description\" content=\"Zaciski-DaRi\u015arednica przedniego \u0142uku rynny r\u00f3\u017cni si\u0119 w zale\u017cno\u015bci od rozmiaru rynny. Dlatego zaciski do systemu DaRi D1 s\u0105 r\u00f3wnie\u017c dost\u0119pne w 2 r\u00f3\u017cnych rozmiarach. Dla rynien 28 mm dostarczamy wsporniki o \u015brednicy wewn\u0119trznej 18 mm, a dla rynien 33 mm i 40 mm wsporniki o \u015brednicy wewn\u0119trznej 20 mm. Sortowanie odbywa si\u0119 automatycznie. Klipsy s\u0105 [&hellip;]\" \/>\n<meta property=\"og:url\" content=\"https:\/\/dari-system.com\/pl\/wsporniki-dari\/\" \/>\n<meta property=\"og:site_name\" content=\"DaRi System\" \/>\n<meta property=\"article:modified_time\" content=\"2024-08-15T17:32:37+00:00\" \/>\n<meta name=\"twitter:card\" content=\"summary_large_image\" \/>\n<meta name=\"twitter:label1\" content=\"Szacowany czas czytania\" \/>\n\t<meta name=\"twitter:data1\" content=\"3 minuty\" \/>\n<script type=\"application\/ld+json\" class=\"yoast-schema-graph\">{\"@context\":\"https:\\\/\\\/schema.org\",\"@graph\":[{\"@type\":\"WebPage\",\"@id\":\"https:\\\/\\\/dari-system.com\\\/pl\\\/wsporniki-dari\\\/\",\"url\":\"https:\\\/\\\/dari-system.com\\\/pl\\\/wsporniki-dari\\\/\",\"name\":\"Wsporniki DaRi - DaRi System\",\"isPartOf\":{\"@id\":\"https:\\\/\\\/dari-system.com\\\/pl\\\/#website\"},\"datePublished\":\"2024-06-03T10:59:20+00:00\",\"dateModified\":\"2024-08-15T17:32:37+00:00\",\"breadcrumb\":{\"@id\":\"https:\\\/\\\/dari-system.com\\\/pl\\\/wsporniki-dari\\\/#breadcrumb\"},\"inLanguage\":\"pl-PL\",\"potentialAction\":[{\"@type\":\"ReadAction\",\"target\":[\"https:\\\/\\\/dari-system.com\\\/pl\\\/wsporniki-dari\\\/\"]}]},{\"@type\":\"BreadcrumbList\",\"@id\":\"https:\\\/\\\/dari-system.com\\\/pl\\\/wsporniki-dari\\\/#breadcrumb\",\"itemListElement\":[{\"@type\":\"ListItem\",\"position\":1,\"name\":\"Startseite\",\"item\":\"https:\\\/\\\/dari-system.com\\\/pl\\\/\"},{\"@type\":\"ListItem\",\"position\":2,\"name\":\"Wsporniki DaRi\"}]},{\"@type\":\"WebSite\",\"@id\":\"https:\\\/\\\/dari-system.com\\\/pl\\\/#website\",\"url\":\"https:\\\/\\\/dari-system.com\\\/pl\\\/\",\"name\":\"DaRi System\",\"description\":\"\",\"potentialAction\":[{\"@type\":\"SearchAction\",\"target\":{\"@type\":\"EntryPoint\",\"urlTemplate\":\"https:\\\/\\\/dari-system.com\\\/pl\\\/?s={search_term_string}\"},\"query-input\":{\"@type\":\"PropertyValueSpecification\",\"valueRequired\":true,\"valueName\":\"search_term_string\"}}],\"inLanguage\":\"pl-PL\"}]}<\/script>\n<!-- \/ Yoast SEO plugin. -->","yoast_head_json":{"title":"Wsporniki DaRi - DaRi System","robots":{"index":"index","follow":"follow","max-snippet":"max-snippet:-1","max-image-preview":"max-image-preview:large","max-video-preview":"max-video-preview:-1"},"canonical":"https:\/\/dari-system.com\/pl\/wsporniki-dari\/","og_locale":"pl_PL","og_type":"article","og_title":"Wsporniki DaRi - DaRi System","og_description":"Zaciski-DaRi\u015arednica przedniego \u0142uku rynny r\u00f3\u017cni si\u0119 w zale\u017cno\u015bci od rozmiaru rynny. Dlatego zaciski do systemu DaRi D1 s\u0105 r\u00f3wnie\u017c dost\u0119pne w 2 r\u00f3\u017cnych rozmiarach. Dla rynien 28 mm dostarczamy wsporniki o \u015brednicy wewn\u0119trznej 18 mm, a dla rynien 33 mm i 40 mm wsporniki o \u015brednicy wewn\u0119trznej 20 mm. Sortowanie odbywa si\u0119 automatycznie. Klipsy s\u0105 [&hellip;]","og_url":"https:\/\/dari-system.com\/pl\/wsporniki-dari\/","og_site_name":"DaRi System","article_modified_time":"2024-08-15T17:32:37+00:00","twitter_card":"summary_large_image","twitter_misc":{"Szacowany czas czytania":"3 minuty"},"schema":{"@context":"https:\/\/schema.org","@graph":[{"@type":"WebPage","@id":"https:\/\/dari-system.com\/pl\/wsporniki-dari\/","url":"https:\/\/dari-system.com\/pl\/wsporniki-dari\/","name":"Wsporniki DaRi - DaRi System","isPartOf":{"@id":"https:\/\/dari-system.com\/pl\/#website"},"datePublished":"2024-06-03T10:59:20+00:00","dateModified":"2024-08-15T17:32:37+00:00","breadcrumb":{"@id":"https:\/\/dari-system.com\/pl\/wsporniki-dari\/#breadcrumb"},"inLanguage":"pl-PL","potentialAction":[{"@type":"ReadAction","target":["https:\/\/dari-system.com\/pl\/wsporniki-dari\/"]}]},{"@type":"BreadcrumbList","@id":"https:\/\/dari-system.com\/pl\/wsporniki-dari\/#breadcrumb","itemListElement":[{"@type":"ListItem","position":1,"name":"Startseite","item":"https:\/\/dari-system.com\/pl\/"},{"@type":"ListItem","position":2,"name":"Wsporniki DaRi"}]},{"@type":"WebSite","@id":"https:\/\/dari-system.com\/pl\/#website","url":"https:\/\/dari-system.com\/pl\/","name":"DaRi System","description":"","potentialAction":[{"@type":"SearchAction","target":{"@type":"EntryPoint","urlTemplate":"https:\/\/dari-system.com\/pl\/?s={search_term_string}"},"query-input":{"@type":"PropertyValueSpecification","valueRequired":true,"valueName":"search_term_string"}}],"inLanguage":"pl-PL"}]}},"_links":{"self":[{"href":"https:\/\/dari-system.com\/pl\/wp-json\/wp\/v2\/pages\/25546323","targetHints":{"allow":["GET"]}}],"collection":[{"href":"https:\/\/dari-system.com\/pl\/wp-json\/wp\/v2\/pages"}],"about":[{"href":"https:\/\/dari-system.com\/pl\/wp-json\/wp\/v2\/types\/page"}],"author":[{"embeddable":true,"href":"https:\/\/dari-system.com\/pl\/wp-json\/wp\/v2\/users\/1"}],"replies":[{"embeddable":true,"href":"https:\/\/dari-system.com\/pl\/wp-json\/wp\/v2\/comments?post=25546323"}],"version-history":[{"count":5,"href":"https:\/\/dari-system.com\/pl\/wp-json\/wp\/v2\/pages\/25546323\/revisions"}],"predecessor-version":[{"id":25546948,"href":"https:\/\/dari-system.com\/pl\/wp-json\/wp\/v2\/pages\/25546323\/revisions\/25546948"}],"wp:attachment":[{"href":"https:\/\/dari-system.com\/pl\/wp-json\/wp\/v2\/media?parent=25546323"}],"wp:term":[{"taxonomy":"dipi_cpt_category","embeddable":true,"href":"https:\/\/dari-system.com\/pl\/wp-json\/wp\/v2\/dipi_cpt_category?post=25546323"}],"curies":[{"name":"wp","href":"https:\/\/api.w.org\/{rel}","templated":true}]}}