{"id":25546314,"date":"2024-05-23T13:32:49","date_gmt":"2024-05-23T13:32:49","guid":{"rendered":"https:\/\/dari-system.com\/nadruk\/"},"modified":"2024-08-12T11:54:38","modified_gmt":"2024-08-12T11:54:38","slug":"nadruk","status":"publish","type":"page","link":"https:\/\/dari-system.com\/pl\/nadruk\/","title":{"rendered":"Nadruk"},"content":{"rendered":"<p>[et_pb_section fb_built=&#8221;1&#8243; fullwidth=&#8221;on&#8221; _builder_version=&#8221;4.25.0&#8243; _module_preset=&#8221;default&#8221; bottom_divider_color=&#8221;#FFFFFF&#8221; bottom_divider_height=&#8221;82px&#8221; bottom_divider_flip=&#8221;horizontal&#8221; locked=&#8221;off&#8221; global_colors_info=&#8221;{}&#8221;][et_pb_fullwidth_header title=&#8221;Nadruk&#8221; _builder_version=&#8221;4.25.0&#8243; _module_preset=&#8221;default&#8221; title_font=&#8221;|800|||||||&#8221; title_font_size=&#8221;45px&#8221; background_image=&#8221;https:\/\/dari-system.com\/wp-content\/uploads\/2024\/05\/header_background.webp&#8221; background_position=&#8221;bottom_center&#8221; custom_padding=&#8221;8vh||8vh||true|false&#8221; title_font_size_tablet=&#8221;45px&#8221; title_font_size_phone=&#8221;29px&#8221; title_font_size_last_edited=&#8221;on|phone&#8221; content_font_size_tablet=&#8221;&#8221; content_font_size_phone=&#8221;17px&#8221; content_font_size_last_edited=&#8221;on|phone&#8221; global_colors_info=&#8221;{}&#8221;][\/et_pb_fullwidth_header][\/et_pb_section][et_pb_section fb_built=&#8221;1&#8243; _builder_version=&#8221;4.25.0&#8243; _module_preset=&#8221;default&#8221; global_colors_info=&#8221;{}&#8221;][et_pb_row _builder_version=&#8221;4.25.0&#8243; _module_preset=&#8221;default&#8221; global_colors_info=&#8221;{}&#8221;][et_pb_column type=&#8221;4_4&#8243; _builder_version=&#8221;4.25.0&#8243; _module_preset=&#8221;default&#8221; global_colors_info=&#8221;{}&#8221;][et_pb_text _builder_version=&#8221;4.25.0&#8243; _module_preset=&#8221;default&#8221; global_colors_info=&#8221;{}&#8221;]<\/p>\n<h2>Informacje zgodnie z \u00a7 5 TMG:<\/h2>\n<p>D<strong>aRi-Systemteile GmbH<\/strong> Rudolf-Nebel-Str.<\/p>\n<p>12 91781 Wei\u00dfenburg Reprezentowany przez: Dyrektor zarz\u0105dzaj\u0105cy Dr Eckhard Jentsch Rejestr handlowy: S\u0105d lokalny w Ansbach, HRB 4930 NIP: DE272707154 <\/p>\n<p>K<strong>ontakt<\/strong> Telefon: 09141 &#8211; 845 937 0 Faks: 09141 &#8211; 845 937 1 E-mail:<a href=\"mailto:info@dari-system.com\">&#8217;info@dari-system.com&#8217;<\/a><\/p>\n<p><strong>Odpowiedzialny za tre\u015b\u0107 zgodnie z \u00a7 55 Abs.<br \/>\n2 RStV: <\/strong><\/p>\n<p>Dr Eckhard Jentsch Adres jak wy\u017cej<\/p>\n<p>Odniesienie do rozstrzygania spor\u00f3w w UE: Komisja Europejska zapewnia platform\u0119 internetowego rozstrzygania spor\u00f3w (OS):<\/p>\n<p><a href=\"http:\/\/ec.europa.eu\/consumer\/odr\">http:\/\/ec.europa.eu\/consumer\/odr<\/a><\/p>\n<p>Nasza firma uczestniczy w unijnym programie rozstrzygania spor\u00f3w.<br \/>\nNasz adres e-mail dla platformy internetowego rozstrzygania spor\u00f3w to:<a href=\"mailto:info@dari-system.com\">&#8222;info@dari-system.com&#8221;<\/a>. <\/p>\n<p><em>\u0179r\u00f3d\u0142o: utworzono za pomoc\u0105 <a href=\"http:\/\/www.e-recht24.de\/news\/ecommerce\/6048-impressum-gmbh.html\">generatora odcisk\u00f3w Gesellschaft mit beschr\u00e4nkter Haftung (GmbH)<\/a> z eRecht24.<\/em><\/p>\n<p><strong>Zastrze\u017cenie:<\/strong><\/p>\n<p>O<strong>dpowiedzialno\u015b\u0107 za tre\u015b\u0107<\/strong> Tre\u015b\u0107 naszej strony internetowej zosta\u0142a stworzona z najwy\u017csz\u0105 staranno\u015bci\u0105.<br \/>\nNie mo\u017cemy jednak przyj\u0105\u0107 \u017cadnej odpowiedzialno\u015bci za dok\u0142adno\u015b\u0107, kompletno\u015b\u0107 i aktualno\u015b\u0107 tre\u015bci.<br \/>\nJako dostawca us\u0142ug jeste\u015bmy odpowiedzialni zgodnie z \u00a7 7 Abs.1<br \/>\nTMG, jeste\u015bmy odpowiedzialni za w\u0142asne tre\u015bci na tych stronach zgodnie z og\u00f3lnymi przepisami prawa.<br \/>\nZgodnie z \u00a7\u00a7 8 do 10 TMG, jako us\u0142ugodawca nie jeste\u015bmy jednak zobowi\u0105zani do monitorowania przekazywanych lub przechowywanych informacji os\u00f3b trzecich ani do badania okoliczno\u015bci wskazuj\u0105cych na nielegaln\u0105 dzia\u0142alno\u015b\u0107.<br \/>\nNie ma to wp\u0142ywu na obowi\u0105zek usuni\u0119cia lub zablokowania korzystania z informacji zgodnie z og\u00f3lnymi przepisami prawa.<br \/>\nOdpowiedzialno\u015b\u0107 w tym zakresie jest jednak mo\u017cliwa dopiero od momentu powzi\u0119cia informacji o konkretnym naruszeniu.<br \/>\nGdy tylko dowiemy si\u0119 o takich naruszeniach, niezw\u0142ocznie usuniemy te tre\u015bci.       <\/p>\n<p>O<strong>dpowiedzialno\u015b\u0107 za linki<\/strong> Nasza strona internetowa zawiera linki do zewn\u0119trznych stron internetowych os\u00f3b trzecich, na kt\u00f3rych tre\u015b\u0107 nie mamy wp\u0142ywu.<br \/>\nW zwi\u0105zku z tym nie mo\u017cemy ponosi\u0107 \u017cadnej odpowiedzialno\u015bci za tre\u015bci stron trzecich.<br \/>\nOdpowiedni dostawca lub operator stron jest zawsze odpowiedzialny za tre\u015b\u0107 stron, do kt\u00f3rych prowadz\u0105 linki.<br \/>\nPo\u0142\u0105czone strony zosta\u0142y sprawdzone pod k\u0105tem mo\u017cliwych narusze\u0144 prawa w momencie \u0142\u0105czenia.<br \/>\nNielegalne tre\u015bci nie zosta\u0142y rozpoznane w momencie linkowania.<br \/>\nSta\u0142e monitorowanie tre\u015bci stron, do kt\u00f3rych prowadz\u0105 linki, nie jest jednak uzasadnione bez konkretnych dowod\u00f3w naruszenia prawa.<br \/>\nJe\u015bli dowiemy si\u0119 o jakichkolwiek naruszeniach prawa, natychmiast usuniemy takie linki.      <\/p>\n<p>P<strong>rawa autorskie<\/strong> Tre\u015bci i dzie\u0142a stworzone przez operator\u00f3w witryn na tych stronach podlegaj\u0105 niemieckiemu prawu autorskiemu.<br \/>\nPowielanie, przetwarzanie, rozpowszechnianie i wszelkiego rodzaju wykorzystywanie poza granicami prawa autorskiego wymaga pisemnej zgody odpowiedniego autora lub tw\u00f3rcy.<br \/>\nPobieranie i kopiowanie tej strony jest dozwolone wy\u0142\u0105cznie do prywatnego, niekomercyjnego u\u017cytku.<br \/>\nO ile tre\u015bci na tej stronie nie zosta\u0142y stworzone przez operatora, prawa autorskie os\u00f3b trzecich s\u0105 przestrzegane.<br \/>\nW szczeg\u00f3lno\u015bci tre\u015bci os\u00f3b trzecich s\u0105 oznaczone jako takie.<br \/>\nJe\u015bli mimo to dowiesz si\u0119 o naruszeniu praw autorskich, poinformuj nas o tym.<br \/>\nJe\u015bli dowiemy si\u0119 o jakichkolwiek naruszeniach, niezw\u0142ocznie usuniemy takie tre\u015bci.      <\/p>\n<p>O<strong>chrona danych<\/strong> Korzystanie z naszej strony internetowej jest zasadniczo mo\u017cliwe bez podawania danych osobowych.<br \/>\nO ile dane osobowe (np. imi\u0119 i nazwisko, adres lub adresy e-mail) s\u0105 gromadzone na naszej stronie internetowej, zawsze odbywa si\u0119 to na zasadzie dobrowolno\u015bci, o ile to mo\u017cliwe.<br \/>\n<br \/>Dane te nie b\u0119d\u0105 przekazywane osobom trzecim bez wyra\u017anej zgody u\u017cytkownika. Zwracamy uwag\u0119, \u017ce transmisja danych przez Internet (np. podczas komunikacji za po\u015brednictwem poczty elektronicznej) mo\u017ce podlega\u0107 lukom w zabezpieczeniach.<br \/>\n<br \/>Ca\u0142kowita ochrona danych przed dost\u0119pem os\u00f3b trzecich nie jest mo\u017cliwa. Niniejszym wyra\u017anie zabraniamy wykorzystywania danych kontaktowych opublikowanych w ramach naszego obowi\u0105zku dostarczenia informacji prawnej w celu wysy\u0142ania niezam\u00f3wionych materia\u0142\u00f3w reklamowych i informacyjnych.<br \/>\nOperatorzy tej witryny wyra\u017anie zastrzegaj\u0105 sobie prawo do podj\u0119cia krok\u00f3w prawnych w przypadku niezam\u00f3wionego wysy\u0142ania informacji reklamowych, takich jak spam.    <br \/><em>\u0179r\u00f3d\u0142o: <a href=\"http:\/\/www.e-recht24.de\/muster-disclaimer.htm\">Disclaimer<\/a> z eRecht24, portalu prawa internetowego prowadzonego przez <a href=\"http:\/\/www.e-recht24.de\/\">prawnika<\/a> S\u00f6rena Sieberta.<\/em><\/p>\n<p>[\/et_pb_text][\/et_pb_column][\/et_pb_row][\/et_pb_section]<\/p>\n","protected":false},"excerpt":{"rendered":"<p>Informacje zgodnie z \u00a7 5 TMG: DaRi-Systemteile GmbH Rudolf-Nebel-Str. 12 91781 Wei\u00dfenburg Reprezentowany przez: Dyrektor zarz\u0105dzaj\u0105cy Dr Eckhard Jentsch Rejestr handlowy: S\u0105d lokalny w Ansbach, HRB 4930 NIP: DE272707154 Kontakt Telefon: 09141 &#8211; 845 937 0 Faks: 09141 &#8211; 845 937 1 E-mail:&#8217;info@dari-system.com&#8217; Odpowiedzialny za tre\u015b\u0107 zgodnie z \u00a7 55 Abs. 2 RStV: Dr Eckhard [&hellip;]<\/p>\n","protected":false},"author":1,"featured_media":0,"parent":0,"menu_order":0,"comment_status":"closed","ping_status":"closed","template":"","meta":{"_et_pb_use_builder":"on","_et_pb_old_content":"","_et_gb_content_width":"","iawp_total_views":3,"footnotes":""},"dipi_cpt_category":[],"class_list":["post-25546314","page","type-page","status-publish","hentry"],"yoast_head":"<!-- This site is optimized with the Yoast SEO plugin v27.4 - https:\/\/yoast.com\/product\/yoast-seo-wordpress\/ -->\n<title>Nadruk - DaRi System<\/title>\n<meta name=\"robots\" content=\"index, follow, max-snippet:-1, max-image-preview:large, max-video-preview:-1\" \/>\n<link rel=\"canonical\" href=\"https:\/\/dari-system.com\/pl\/nadruk\/\" \/>\n<meta property=\"og:locale\" content=\"pl_PL\" \/>\n<meta property=\"og:type\" content=\"article\" \/>\n<meta property=\"og:title\" content=\"Nadruk - DaRi System\" \/>\n<meta property=\"og:description\" content=\"Informacje zgodnie z \u00a7 5 TMG: DaRi-Systemteile GmbH Rudolf-Nebel-Str. 12 91781 Wei\u00dfenburg Reprezentowany przez: Dyrektor zarz\u0105dzaj\u0105cy Dr Eckhard Jentsch Rejestr handlowy: S\u0105d lokalny w Ansbach, HRB 4930 NIP: DE272707154 Kontakt Telefon: 09141 - 845 937 0 Faks: 09141 - 845 937 1 E-mail:&#039;info@dari-system.com&#039; Odpowiedzialny za tre\u015b\u0107 zgodnie z \u00a7 55 Abs. 2 RStV: Dr Eckhard [&hellip;]\" \/>\n<meta property=\"og:url\" content=\"https:\/\/dari-system.com\/pl\/nadruk\/\" \/>\n<meta property=\"og:site_name\" content=\"DaRi System\" \/>\n<meta property=\"article:modified_time\" content=\"2024-08-12T11:54:38+00:00\" \/>\n<meta name=\"twitter:card\" content=\"summary_large_image\" \/>\n<meta name=\"twitter:label1\" content=\"Szacowany czas czytania\" \/>\n\t<meta name=\"twitter:data1\" content=\"4 minuty\" \/>\n<script type=\"application\/ld+json\" class=\"yoast-schema-graph\">{\"@context\":\"https:\\\/\\\/schema.org\",\"@graph\":[{\"@type\":\"WebPage\",\"@id\":\"https:\\\/\\\/dari-system.com\\\/pl\\\/nadruk\\\/\",\"url\":\"https:\\\/\\\/dari-system.com\\\/pl\\\/nadruk\\\/\",\"name\":\"Nadruk - DaRi System\",\"isPartOf\":{\"@id\":\"https:\\\/\\\/dari-system.com\\\/pl\\\/#website\"},\"datePublished\":\"2024-05-23T13:32:49+00:00\",\"dateModified\":\"2024-08-12T11:54:38+00:00\",\"breadcrumb\":{\"@id\":\"https:\\\/\\\/dari-system.com\\\/pl\\\/nadruk\\\/#breadcrumb\"},\"inLanguage\":\"pl-PL\",\"potentialAction\":[{\"@type\":\"ReadAction\",\"target\":[\"https:\\\/\\\/dari-system.com\\\/pl\\\/nadruk\\\/\"]}]},{\"@type\":\"BreadcrumbList\",\"@id\":\"https:\\\/\\\/dari-system.com\\\/pl\\\/nadruk\\\/#breadcrumb\",\"itemListElement\":[{\"@type\":\"ListItem\",\"position\":1,\"name\":\"Startseite\",\"item\":\"https:\\\/\\\/dari-system.com\\\/pl\\\/\"},{\"@type\":\"ListItem\",\"position\":2,\"name\":\"Nadruk\"}]},{\"@type\":\"WebSite\",\"@id\":\"https:\\\/\\\/dari-system.com\\\/pl\\\/#website\",\"url\":\"https:\\\/\\\/dari-system.com\\\/pl\\\/\",\"name\":\"DaRi System\",\"description\":\"\",\"potentialAction\":[{\"@type\":\"SearchAction\",\"target\":{\"@type\":\"EntryPoint\",\"urlTemplate\":\"https:\\\/\\\/dari-system.com\\\/pl\\\/?s={search_term_string}\"},\"query-input\":{\"@type\":\"PropertyValueSpecification\",\"valueRequired\":true,\"valueName\":\"search_term_string\"}}],\"inLanguage\":\"pl-PL\"}]}<\/script>\n<!-- \/ Yoast SEO plugin. -->","yoast_head_json":{"title":"Nadruk - DaRi System","robots":{"index":"index","follow":"follow","max-snippet":"max-snippet:-1","max-image-preview":"max-image-preview:large","max-video-preview":"max-video-preview:-1"},"canonical":"https:\/\/dari-system.com\/pl\/nadruk\/","og_locale":"pl_PL","og_type":"article","og_title":"Nadruk - DaRi System","og_description":"Informacje zgodnie z \u00a7 5 TMG: DaRi-Systemteile GmbH Rudolf-Nebel-Str. 12 91781 Wei\u00dfenburg Reprezentowany przez: Dyrektor zarz\u0105dzaj\u0105cy Dr Eckhard Jentsch Rejestr handlowy: S\u0105d lokalny w Ansbach, HRB 4930 NIP: DE272707154 Kontakt Telefon: 09141 - 845 937 0 Faks: 09141 - 845 937 1 E-mail:'info@dari-system.com' Odpowiedzialny za tre\u015b\u0107 zgodnie z \u00a7 55 Abs. 2 RStV: Dr Eckhard [&hellip;]","og_url":"https:\/\/dari-system.com\/pl\/nadruk\/","og_site_name":"DaRi System","article_modified_time":"2024-08-12T11:54:38+00:00","twitter_card":"summary_large_image","twitter_misc":{"Szacowany czas czytania":"4 minuty"},"schema":{"@context":"https:\/\/schema.org","@graph":[{"@type":"WebPage","@id":"https:\/\/dari-system.com\/pl\/nadruk\/","url":"https:\/\/dari-system.com\/pl\/nadruk\/","name":"Nadruk - DaRi System","isPartOf":{"@id":"https:\/\/dari-system.com\/pl\/#website"},"datePublished":"2024-05-23T13:32:49+00:00","dateModified":"2024-08-12T11:54:38+00:00","breadcrumb":{"@id":"https:\/\/dari-system.com\/pl\/nadruk\/#breadcrumb"},"inLanguage":"pl-PL","potentialAction":[{"@type":"ReadAction","target":["https:\/\/dari-system.com\/pl\/nadruk\/"]}]},{"@type":"BreadcrumbList","@id":"https:\/\/dari-system.com\/pl\/nadruk\/#breadcrumb","itemListElement":[{"@type":"ListItem","position":1,"name":"Startseite","item":"https:\/\/dari-system.com\/pl\/"},{"@type":"ListItem","position":2,"name":"Nadruk"}]},{"@type":"WebSite","@id":"https:\/\/dari-system.com\/pl\/#website","url":"https:\/\/dari-system.com\/pl\/","name":"DaRi System","description":"","potentialAction":[{"@type":"SearchAction","target":{"@type":"EntryPoint","urlTemplate":"https:\/\/dari-system.com\/pl\/?s={search_term_string}"},"query-input":{"@type":"PropertyValueSpecification","valueRequired":true,"valueName":"search_term_string"}}],"inLanguage":"pl-PL"}]}},"_links":{"self":[{"href":"https:\/\/dari-system.com\/pl\/wp-json\/wp\/v2\/pages\/25546314","targetHints":{"allow":["GET"]}}],"collection":[{"href":"https:\/\/dari-system.com\/pl\/wp-json\/wp\/v2\/pages"}],"about":[{"href":"https:\/\/dari-system.com\/pl\/wp-json\/wp\/v2\/types\/page"}],"author":[{"embeddable":true,"href":"https:\/\/dari-system.com\/pl\/wp-json\/wp\/v2\/users\/1"}],"replies":[{"embeddable":true,"href":"https:\/\/dari-system.com\/pl\/wp-json\/wp\/v2\/comments?post=25546314"}],"version-history":[{"count":2,"href":"https:\/\/dari-system.com\/pl\/wp-json\/wp\/v2\/pages\/25546314\/revisions"}],"predecessor-version":[{"id":25546318,"href":"https:\/\/dari-system.com\/pl\/wp-json\/wp\/v2\/pages\/25546314\/revisions\/25546318"}],"wp:attachment":[{"href":"https:\/\/dari-system.com\/pl\/wp-json\/wp\/v2\/media?parent=25546314"}],"wp:term":[{"taxonomy":"dipi_cpt_category","embeddable":true,"href":"https:\/\/dari-system.com\/pl\/wp-json\/wp\/v2\/dipi_cpt_category?post=25546314"}],"curies":[{"name":"wp","href":"https:\/\/api.w.org\/{rel}","templated":true}]}}