{"id":25546311,"date":"2024-05-23T13:32:49","date_gmt":"2024-05-23T13:32:49","guid":{"rendered":"https:\/\/dari-system.com\/gtc\/"},"modified":"2024-08-12T11:54:37","modified_gmt":"2024-08-12T11:54:37","slug":"gtc","status":"publish","type":"page","link":"https:\/\/dari-system.com\/pl\/gtc\/","title":{"rendered":"GTC"},"content":{"rendered":"<p>[et_pb_section fb_built=&#8221;1&#8243; fullwidth=&#8221;on&#8221; _builder_version=&#8221;4.25.0&#8243; _module_preset=&#8221;default&#8221; bottom_divider_color=&#8221;#FFFFFF&#8221; bottom_divider_height=&#8221;82px&#8221; bottom_divider_flip=&#8221;horizontal&#8221; locked=&#8221;off&#8221; global_colors_info=&#8221;{}&#8221; theme_builder_area=&#8221;post_content&#8221;][et_pb_fullwidth_header title=&#8221;Og\u00f3lne warunki handlowe&#8221; _builder_version=&#8221;4.25.0&#8243; _module_preset=&#8221;default&#8221; title_font=&#8221;|800|||||||&#8221; title_font_size=&#8221;45px&#8221; background_image=&#8221;https:\/\/dari-system.com\/wp-content\/uploads\/2024\/05\/header_background.webp&#8221; background_position=&#8221;bottom_center&#8221; custom_padding=&#8221;8vh||8vh||true|false&#8221; hover_enabled=&#8221;0&#8243; title_font_size_tablet=&#8221;45px&#8221; title_font_size_phone=&#8221;29px&#8221; title_font_size_last_edited=&#8221;on|phone&#8221; content_font_size_tablet=&#8221;&#8221; content_font_size_phone=&#8221;17px&#8221; content_font_size_last_edited=&#8221;on|phone&#8221; global_colors_info=&#8221;{}&#8221; theme_builder_area=&#8221;post_content&#8221; sticky_enabled=&#8221;0&#8243;][\/et_pb_fullwidth_header][\/et_pb_section][et_pb_section fb_built=&#8221;1&#8243; theme_builder_area=&#8221;post_content&#8221; _builder_version=&#8221;4.25.0&#8243; _module_preset=&#8221;default&#8221;][et_pb_row _builder_version=&#8221;4.25.0&#8243; _module_preset=&#8221;default&#8221; theme_builder_area=&#8221;post_content&#8221;][et_pb_column _builder_version=&#8221;4.25.0&#8243; _module_preset=&#8221;default&#8221; type=&#8221;4_4&#8243; theme_builder_area=&#8221;post_content&#8221;][et_pb_text _builder_version=&#8221;4.25.0&#8243; _module_preset=&#8221;default&#8221; theme_builder_area=&#8221;post_content&#8221; hover_enabled=&#8221;0&#8243; sticky_enabled=&#8221;0&#8243;]<\/p>\n<h2>GTC<\/h2>\n<p>\u00a7 <strong>1 Zakres zastosowania i klauzula ochronna<\/strong> (1) Poni\u017csze Og\u00f3lne Warunki Handlowe w wersji obowi\u0105zuj\u0105cej w momencie sk\u0142adania zam\u00f3wienia maj\u0105 zastosowanie wy\u0142\u0105cznie do stosunk\u00f3w prawnych mi\u0119dzy operatorem sklepu (zwanym dalej &#8222;Dostawc\u0105&#8221;) a jego klientami ustanowionymi za po\u015brednictwem tego sklepu internetowego. (2) Odmienne Og\u00f3lne Warunki Handlowe klienta staj\u0105 si\u0119 cz\u0119\u015bci\u0105 umowy tylko wtedy, gdy Dostawca wyra\u017anie zgadza si\u0119 na ich wa\u017cno\u015b\u0107.<\/p>\n<p>\u00a7 <strong>2 Zawarcie umowy<\/strong> (1) Prezentacja towar\u00f3w w sklepie internetowym nie stanowi wi\u0105\u017c\u0105cej oferty dostawcy do zawarcia umowy kupna.<br \/>\nKlient jest jedynie proszony o z\u0142o\u017cenie oferty poprzez z\u0142o\u017cenie zam\u00f3wienia. <br \/>(2) Wysy\u0142aj\u0105c zam\u00f3wienie w sklepie internetowym, klient sk\u0142ada wi\u0105\u017c\u0105c\u0105 ofert\u0119 zawarcia umowy kupna towar\u00f3w znajduj\u0105cych si\u0119 w koszyku.<br \/>\nSk\u0142adaj\u0105c zam\u00f3wienie, klient uznaje r\u00f3wnie\u017c niniejsze warunki za maj\u0105ce wy\u0142\u0105czne zastosowanie do stosunku prawnego z dostawc\u0105. <br \/>(3) Dostawca potwierdza otrzymanie zam\u00f3wienia klienta, wysy\u0142aj\u0105c wiadomo\u015b\u0107 e-mail z potwierdzeniem.<br \/>\nPotwierdzenie zam\u00f3wienia nie stanowi przyj\u0119cia oferty umowy przez dostawc\u0119.<br \/>\nS\u0142u\u017cy ono jedynie poinformowaniu klienta o otrzymaniu zam\u00f3wienia przez dostawc\u0119.<br \/>\nUmowa kupna zostaje zawarta dopiero wtedy, gdy dostawca wyda o\u015bwiadczenie o przyj\u0119ciu zam\u00f3wienia, w drodze wyra\u017anego o\u015bwiadczenia lub poprzez dostarczenie towar\u00f3w.   <\/p>\n<p>\u00a7 <strong>3 Zastrze\u017cenie w\u0142asno\u015bci<\/strong> Dostarczone towary pozostaj\u0105 w\u0142asno\u015bci\u0105 dostawcy do momentu dokonania pe\u0142nej zap\u0142aty.<\/p>\n<p>\u00a7 4 Termin p\u0142atno\u015bci <strong> P\u0142atno\u015b\u0107 ceny zakupu jest wymagalna po zawarciu umowy.<\/strong><\/p>\n<p>\u00a7 <strong>5 Gwarancja<\/strong> (1) Prawa gwarancyjne klienta podlegaj\u0105 og\u00f3lnym przepisom ustawowym, chyba \u017ce poni\u017cej okre\u015blono inaczej.<br \/>\nPostanowienie \u00a7 6 niniejszych OWH ma zastosowanie do roszcze\u0144 odszkodowawczych klienta wobec dostawcy. <br \/>(2) Prawa gwarancyjne r\u00f3\u017cni\u0105 si\u0119 w zale\u017cno\u015bci od tego, czy klient jest konsumentem, czy nie.<br \/>\nKonsumentem jest ka\u017cda osoba fizyczna, kt\u00f3ra dokonuje czynno\u015bci prawnej w celu, kt\u00f3rego nie mo\u017cna przypisa\u0107 jej dzia\u0142alno\u015bci gospodarczej lub niezale\u017cnej dzia\u0142alno\u015bci zawodowej. <br \/>(3) Okres przedawnienia roszcze\u0144 gwarancyjnych klienta wynosi 2 lata dla nowo wyprodukowanych przedmiot\u00f3w dla konsument\u00f3w.<br \/>\nW przypadku przedsi\u0119biorc\u00f3w okres przedawnienia wynosi 2 lata dla nowo wyprodukowanych przedmiot\u00f3w i 2 lata dla przedmiot\u00f3w u\u017cywanych. <br \/>(4) Gwarancja nie zosta\u0142a zadeklarowana przez dostawc\u0119.<\/p>\n<p>\u00a7 <strong>6 Wy\u0142\u0105czenie odpowiedzialno\u015bci<\/strong> (1) Roszczenia odszkodowawcze klienta s\u0105 wykluczone, o ile poni\u017cej nie okre\u015blono inaczej.<br \/>\nPowy\u017csze wy\u0142\u0105czenie odpowiedzialno\u015bci obowi\u0105zuje r\u00f3wnie\u017c na rzecz przedstawicieli prawnych i zast\u0119pc\u00f3w prawnych dostawcy, o ile klient dochodzi wobec nich roszcze\u0144. <br \/>(2) Z wy\u0142\u0105czenia odpowiedzialno\u015bci okre\u015blonego w punkcie 1 wy\u0142\u0105czone s\u0105 roszczenia odszkodowawcze z tytu\u0142u uszczerbku na \u017cyciu, ciele lub zdrowiu oraz roszczenia odszkodowawcze wynikaj\u0105ce z naruszenia istotnych zobowi\u0105za\u0144 umownych.<br \/>\nIstotne zobowi\u0105zania umowne to takie, kt\u00f3rych wype\u0142nienie jest niezb\u0119dne do osi\u0105gni\u0119cia celu umowy, np. dostawca musi przekaza\u0107 klientowi przedmiot wolny od wad materia\u0142owych i wad prawnych oraz zapewni\u0107 jego w\u0142asno\u015b\u0107.<br \/>\nZ wy\u0142\u0105czenia odpowiedzialno\u015bci wy\u0142\u0105czona jest r\u00f3wnie\u017c odpowiedzialno\u015b\u0107 za szkody wynikaj\u0105ce z umy\u015blnego lub ra\u017c\u0105co niedba\u0142ego naruszenia obowi\u0105zk\u00f3w przez dostawc\u0119, jego przedstawicieli prawnych lub zast\u0119pc\u00f3w.  <br \/>(3) Przepisy niemieckiej ustawy o odpowiedzialno\u015bci za produkt (ProdHaftG) pozostaj\u0105 nienaruszone.<\/p>\n<p>\u00a7 <strong>7 Wyb\u00f3r prawa i miejsca jurysdykcji<\/strong> (1) Prawo Republiki Federalnej Niemiec ma zastosowanie do stosunku umownego mi\u0119dzy us\u0142ugodawc\u0105 a klientem.<br \/>\nZ tego wyboru prawa wy\u0142\u0105czone s\u0105 obowi\u0105zkowe przepisy dotycz\u0105ce ochrony konsument\u00f3w obowi\u0105zuj\u0105ce w kraju, w kt\u00f3rym klient ma miejsce zwyk\u0142ego pobytu.<br \/>\nZastosowanie Konwencji Narod\u00f3w Zjednoczonych o umowach mi\u0119dzynarodowej sprzeda\u017cy towar\u00f3w jest wykluczone.  <br \/>(2) Miejscem jurysdykcji dla wszystkich spor\u00f3w wynikaj\u0105cych ze stosunku umownego mi\u0119dzy klientem a us\u0142ugodawc\u0105 jest siedziba us\u0142ugodawcy, pod warunkiem, \u017ce klient jest handlowcem, osob\u0105 prawn\u0105 prawa publicznego lub specjalnym funduszem prawa publicznego.<\/p>\n<p>\u00a7 <strong>8 Klauzula salwatoryjna<\/strong> (1) Niniejsze Og\u00f3lne Warunki Handlowe zawieraj\u0105 wszystkie prawa i obowi\u0105zki stron umowy. (2) J\u0119zykiem umowy jest j\u0119zyk niemiecki. (3) Je\u017celi jedno lub wi\u0119cej postanowie\u0144 niniejszych Og\u00f3lnych Warunk\u00f3w Handlowych jest lub stanie si\u0119 niewa\u017cne lub zawiera luk\u0119, strony umowy zobowi\u0105zuj\u0105 si\u0119 do podj\u0119cia negocjacji w celu zast\u0105pienia lub uzupe\u0142nienia niewa\u017cnego lub niekompletnego postanowienia odpowiedni\u0105 indywidualn\u0105 umow\u0105, kt\u00f3ra w mo\u017cliwie najwi\u0119kszym stopniu odpowiada celowi gospodarczemu zamierzonego postanowienia.<br \/>\nWa\u017cno\u015b\u0107 pozosta\u0142ych postanowie\u0144 pozostaje nienaruszona. <\/p>\n<p>[\/et_pb_text][\/et_pb_column][\/et_pb_row][\/et_pb_section]<\/p>\n","protected":false},"excerpt":{"rendered":"<p>GTC \u00a7 1 Zakres zastosowania i klauzula ochronna (1) Poni\u017csze Og\u00f3lne Warunki Handlowe w wersji obowi\u0105zuj\u0105cej w momencie sk\u0142adania zam\u00f3wienia maj\u0105 zastosowanie wy\u0142\u0105cznie do stosunk\u00f3w prawnych mi\u0119dzy operatorem sklepu (zwanym dalej &#8222;Dostawc\u0105&#8221;) a jego klientami ustanowionymi za po\u015brednictwem tego sklepu internetowego. (2) Odmienne Og\u00f3lne Warunki Handlowe klienta staj\u0105 si\u0119 cz\u0119\u015bci\u0105 umowy tylko wtedy, gdy Dostawca [&hellip;]<\/p>\n","protected":false},"author":1,"featured_media":0,"parent":0,"menu_order":0,"comment_status":"closed","ping_status":"closed","template":"","meta":{"_et_pb_use_builder":"on","_et_pb_old_content":"","_et_gb_content_width":"","iawp_total_views":4,"footnotes":""},"dipi_cpt_category":[],"class_list":["post-25546311","page","type-page","status-publish","hentry"],"yoast_head":"<!-- This site is optimized with the Yoast SEO plugin v27.4 - https:\/\/yoast.com\/product\/yoast-seo-wordpress\/ -->\n<title>GTC - DaRi System<\/title>\n<meta name=\"robots\" content=\"index, follow, max-snippet:-1, max-image-preview:large, max-video-preview:-1\" \/>\n<link rel=\"canonical\" href=\"https:\/\/dari-system.com\/pl\/gtc\/\" \/>\n<meta property=\"og:locale\" content=\"pl_PL\" \/>\n<meta property=\"og:type\" content=\"article\" \/>\n<meta property=\"og:title\" content=\"GTC - DaRi System\" \/>\n<meta property=\"og:description\" content=\"GTC \u00a7 1 Zakres zastosowania i klauzula ochronna (1) Poni\u017csze Og\u00f3lne Warunki Handlowe w wersji obowi\u0105zuj\u0105cej w momencie sk\u0142adania zam\u00f3wienia maj\u0105 zastosowanie wy\u0142\u0105cznie do stosunk\u00f3w prawnych mi\u0119dzy operatorem sklepu (zwanym dalej &quot;Dostawc\u0105&quot;) a jego klientami ustanowionymi za po\u015brednictwem tego sklepu internetowego. (2) Odmienne Og\u00f3lne Warunki Handlowe klienta staj\u0105 si\u0119 cz\u0119\u015bci\u0105 umowy tylko wtedy, gdy Dostawca [&hellip;]\" \/>\n<meta property=\"og:url\" content=\"https:\/\/dari-system.com\/pl\/gtc\/\" \/>\n<meta property=\"og:site_name\" content=\"DaRi System\" \/>\n<meta property=\"article:modified_time\" content=\"2024-08-12T11:54:37+00:00\" \/>\n<meta name=\"twitter:card\" content=\"summary_large_image\" \/>\n<meta name=\"twitter:label1\" content=\"Szacowany czas czytania\" \/>\n\t<meta name=\"twitter:data1\" content=\"5 minut\" \/>\n<script type=\"application\/ld+json\" class=\"yoast-schema-graph\">{\"@context\":\"https:\\\/\\\/schema.org\",\"@graph\":[{\"@type\":\"WebPage\",\"@id\":\"https:\\\/\\\/dari-system.com\\\/pl\\\/gtc\\\/\",\"url\":\"https:\\\/\\\/dari-system.com\\\/pl\\\/gtc\\\/\",\"name\":\"GTC - DaRi System\",\"isPartOf\":{\"@id\":\"https:\\\/\\\/dari-system.com\\\/pl\\\/#website\"},\"datePublished\":\"2024-05-23T13:32:49+00:00\",\"dateModified\":\"2024-08-12T11:54:37+00:00\",\"breadcrumb\":{\"@id\":\"https:\\\/\\\/dari-system.com\\\/pl\\\/gtc\\\/#breadcrumb\"},\"inLanguage\":\"pl-PL\",\"potentialAction\":[{\"@type\":\"ReadAction\",\"target\":[\"https:\\\/\\\/dari-system.com\\\/pl\\\/gtc\\\/\"]}]},{\"@type\":\"BreadcrumbList\",\"@id\":\"https:\\\/\\\/dari-system.com\\\/pl\\\/gtc\\\/#breadcrumb\",\"itemListElement\":[{\"@type\":\"ListItem\",\"position\":1,\"name\":\"Startseite\",\"item\":\"https:\\\/\\\/dari-system.com\\\/pl\\\/\"},{\"@type\":\"ListItem\",\"position\":2,\"name\":\"GTC\"}]},{\"@type\":\"WebSite\",\"@id\":\"https:\\\/\\\/dari-system.com\\\/pl\\\/#website\",\"url\":\"https:\\\/\\\/dari-system.com\\\/pl\\\/\",\"name\":\"DaRi System\",\"description\":\"\",\"potentialAction\":[{\"@type\":\"SearchAction\",\"target\":{\"@type\":\"EntryPoint\",\"urlTemplate\":\"https:\\\/\\\/dari-system.com\\\/pl\\\/?s={search_term_string}\"},\"query-input\":{\"@type\":\"PropertyValueSpecification\",\"valueRequired\":true,\"valueName\":\"search_term_string\"}}],\"inLanguage\":\"pl-PL\"}]}<\/script>\n<!-- \/ Yoast SEO plugin. -->","yoast_head_json":{"title":"GTC - DaRi System","robots":{"index":"index","follow":"follow","max-snippet":"max-snippet:-1","max-image-preview":"max-image-preview:large","max-video-preview":"max-video-preview:-1"},"canonical":"https:\/\/dari-system.com\/pl\/gtc\/","og_locale":"pl_PL","og_type":"article","og_title":"GTC - DaRi System","og_description":"GTC \u00a7 1 Zakres zastosowania i klauzula ochronna (1) Poni\u017csze Og\u00f3lne Warunki Handlowe w wersji obowi\u0105zuj\u0105cej w momencie sk\u0142adania zam\u00f3wienia maj\u0105 zastosowanie wy\u0142\u0105cznie do stosunk\u00f3w prawnych mi\u0119dzy operatorem sklepu (zwanym dalej \"Dostawc\u0105\") a jego klientami ustanowionymi za po\u015brednictwem tego sklepu internetowego. (2) Odmienne Og\u00f3lne Warunki Handlowe klienta staj\u0105 si\u0119 cz\u0119\u015bci\u0105 umowy tylko wtedy, gdy Dostawca [&hellip;]","og_url":"https:\/\/dari-system.com\/pl\/gtc\/","og_site_name":"DaRi System","article_modified_time":"2024-08-12T11:54:37+00:00","twitter_card":"summary_large_image","twitter_misc":{"Szacowany czas czytania":"5 minut"},"schema":{"@context":"https:\/\/schema.org","@graph":[{"@type":"WebPage","@id":"https:\/\/dari-system.com\/pl\/gtc\/","url":"https:\/\/dari-system.com\/pl\/gtc\/","name":"GTC - DaRi System","isPartOf":{"@id":"https:\/\/dari-system.com\/pl\/#website"},"datePublished":"2024-05-23T13:32:49+00:00","dateModified":"2024-08-12T11:54:37+00:00","breadcrumb":{"@id":"https:\/\/dari-system.com\/pl\/gtc\/#breadcrumb"},"inLanguage":"pl-PL","potentialAction":[{"@type":"ReadAction","target":["https:\/\/dari-system.com\/pl\/gtc\/"]}]},{"@type":"BreadcrumbList","@id":"https:\/\/dari-system.com\/pl\/gtc\/#breadcrumb","itemListElement":[{"@type":"ListItem","position":1,"name":"Startseite","item":"https:\/\/dari-system.com\/pl\/"},{"@type":"ListItem","position":2,"name":"GTC"}]},{"@type":"WebSite","@id":"https:\/\/dari-system.com\/pl\/#website","url":"https:\/\/dari-system.com\/pl\/","name":"DaRi System","description":"","potentialAction":[{"@type":"SearchAction","target":{"@type":"EntryPoint","urlTemplate":"https:\/\/dari-system.com\/pl\/?s={search_term_string}"},"query-input":{"@type":"PropertyValueSpecification","valueRequired":true,"valueName":"search_term_string"}}],"inLanguage":"pl-PL"}]}},"_links":{"self":[{"href":"https:\/\/dari-system.com\/pl\/wp-json\/wp\/v2\/pages\/25546311","targetHints":{"allow":["GET"]}}],"collection":[{"href":"https:\/\/dari-system.com\/pl\/wp-json\/wp\/v2\/pages"}],"about":[{"href":"https:\/\/dari-system.com\/pl\/wp-json\/wp\/v2\/types\/page"}],"author":[{"embeddable":true,"href":"https:\/\/dari-system.com\/pl\/wp-json\/wp\/v2\/users\/1"}],"replies":[{"embeddable":true,"href":"https:\/\/dari-system.com\/pl\/wp-json\/wp\/v2\/comments?post=25546311"}],"version-history":[{"count":2,"href":"https:\/\/dari-system.com\/pl\/wp-json\/wp\/v2\/pages\/25546311\/revisions"}],"predecessor-version":[{"id":25546313,"href":"https:\/\/dari-system.com\/pl\/wp-json\/wp\/v2\/pages\/25546311\/revisions\/25546313"}],"wp:attachment":[{"href":"https:\/\/dari-system.com\/pl\/wp-json\/wp\/v2\/media?parent=25546311"}],"wp:term":[{"taxonomy":"dipi_cpt_category","embeddable":true,"href":"https:\/\/dari-system.com\/pl\/wp-json\/wp\/v2\/dipi_cpt_category?post=25546311"}],"curies":[{"name":"wp","href":"https:\/\/api.w.org\/{rel}","templated":true}]}}