{"id":25547737,"date":"2024-05-22T16:45:11","date_gmt":"2024-05-22T16:45:11","guid":{"rendered":"https:\/\/dari-system.com\/produkt\/dari-system-d1\/"},"modified":"2024-08-19T15:33:42","modified_gmt":"2024-08-19T15:33:42","slug":"dari-system-d1","status":"publish","type":"product","link":"https:\/\/dari-system.com\/no\/produkt\/dari-system-d1\/","title":{"rendered":"DaRi-system D1"},"content":{"rendered":"<p>[et_pb_section fb_built=&raquo;1&#8243; _builder_version=&raquo;4.16&#8243; custom_padding=&raquo;0px||||false|false&raquo; global_colors_info=&raquo;{}&raquo;][et_pb_row _builder_version=&raquo;4.16&#8243; background_size=&raquo;initial&raquo; background_position=&raquo;top_left&raquo; background_repeat=&raquo;repeat&raquo; width=&raquo;100%&raquo; custom_padding=&raquo;0px||0px||false|false&raquo; global_colors_info=&raquo;{}&raquo;][et_pb_column type=&raquo;4_4&#8243; _builder_version=&raquo;4.16&#8243; custom_padding=&raquo;|||&raquo; global_colors_info=&raquo;{}&raquo; custom_padding__hover=&raquo;|||&raquo;][et_pb_wc_breadcrumb _builder_version=&raquo;4.16&#8243; global_colors_info=&raquo;{}&raquo;][\/et_pb_wc_breadcrumb][et_pb_wc_cart_notice _builder_version=&raquo;4.16&#8243; global_colors_info=&raquo;{}&raquo;][\/et_pb_wc_cart_notice][\/et_pb_column][\/et_pb_row][et_pb_row column_structure=&raquo;1_2,1_2&#8243; _builder_version=&raquo;4.25.0&#8243; background_size=&raquo;initial&raquo; background_position=&raquo;top_left&raquo; background_repeat=&raquo;repeat&raquo; width=&raquo;100%&raquo; custom_padding=&raquo;0px||||false|false&raquo; global_colors_info=&raquo;{}&raquo;][et_pb_column type=&raquo;1_2&#8243; _builder_version=&raquo;4.16&#8243; custom_padding=&raquo;|||&raquo; global_colors_info=&raquo;{}&raquo; custom_padding__hover=&raquo;|||&raquo;][et_pb_wc_images _builder_version=&raquo;4.16&#8243; global_colors_info=&raquo;{}&raquo;][\/et_pb_wc_images][\/et_pb_column][et_pb_column type=&raquo;1_2&#8243; _builder_version=&raquo;4.16&#8243; custom_padding=&raquo;|||&raquo; global_colors_info=&raquo;{}&raquo; custom_padding__hover=&raquo;|||&raquo;][et_pb_wc_title _builder_version=&raquo;4.16&#8243; global_colors_info=&raquo;{}&raquo;][\/et_pb_wc_title][et_pb_wc_rating _builder_version=&raquo;4.16&#8243; global_colors_info=&raquo;{}&raquo;][\/et_pb_wc_rating][et_pb_wc_price disabled_on=&raquo;off|off|on&raquo; _builder_version=&raquo;4.25.0&#8243; global_colors_info=&raquo;{}&raquo;][\/et_pb_wc_price][et_pb_wc_description _builder_version=&raquo;4.16&#8243; global_colors_info=&raquo;{}&raquo;][\/et_pb_wc_description][et_pb_wc_add_to_cart _builder_version=&raquo;4.16&#8243; global_colors_info=&raquo;{}&raquo;][\/et_pb_wc_add_to_cart][et_pb_wc_meta _builder_version=&raquo;4.16&#8243; global_colors_info=&raquo;{}&raquo;][\/et_pb_wc_meta][\/et_pb_column][\/et_pb_row][et_pb_row _builder_version=&raquo;4.16&#8243; background_size=&raquo;initial&raquo; background_position=&raquo;top_left&raquo; background_repeat=&raquo;repeat&raquo; width=&raquo;100%&raquo; global_colors_info=&raquo;{}&raquo;][et_pb_column type=&raquo;4_4&#8243; _builder_version=&raquo;4.16&#8243; custom_padding=&raquo;|||&raquo; global_colors_info=&raquo;{}&raquo; custom_padding__hover=&raquo;|||&raquo;][et_pb_wc_tabs _builder_version=&raquo;4.16&#8243; global_colors_info=&raquo;{}&raquo;]\t\t\t\t\t[\/et_pb_wc_tabs][et_pb_wc_upsells _builder_version=&raquo;4.16&#8243; global_colors_info=&raquo;{}&raquo;][\/et_pb_wc_upsells][et_pb_wc_related_products _builder_version=&raquo;4.16&#8243; global_colors_info=&raquo;{}&raquo;][\/et_pb_wc_related_products][\/et_pb_column][\/et_pb_row][\/et_pb_section]<\/p>\n","protected":false},"excerpt":{"rendered":"<p>Hver del er 76 cm lang. Hver del festes med 4 klips. Disse klipsene m\u00e5 bestilles separat.  <\/p>\n","protected":false},"featured_media":25547740,"template":"","meta":{"_et_pb_use_builder":"on","_et_pb_old_content":"For hver rennesteinsst\u00f8rrelse (st\u00f8rrelse 28, 33 eller 40) finnes det en passende st\u00f8rrelse DaRi-System 1. Delene legges ende mot ende.\nDet finnes 2 forskjellige klipsst\u00f8rrelser.\nDen indre diameteren p\u00e5 klemmen er 18 mm for takrenne D1\/28 og 20 mm for takrenne D1\/33 og D1\/40.  ","_et_gb_content_width":"","iawp_total_views":18},"product_brand":[],"product_cat":[503],"product_tag":[],"class_list":{"0":"post-25547737","1":"product","2":"type-product","3":"status-publish","4":"has-post-thumbnail","6":"product_cat-ikke-kategorisert","8":"first","9":"instock","10":"taxable","11":"shipping-taxable","12":"product-type-grouped"},"yoast_head":"<!-- This site is optimized with the Yoast SEO plugin v27.4 - https:\/\/yoast.com\/product\/yoast-seo-wordpress\/ -->\n<title>DaRi-system D1 - DaRi System<\/title>\n<meta name=\"robots\" content=\"index, follow, max-snippet:-1, max-image-preview:large, max-video-preview:-1\" \/>\n<link rel=\"canonical\" href=\"https:\/\/dari-system.com\/no\/produkt\/dari-system-d1\/\" \/>\n<meta property=\"og:locale\" content=\"nb_NO\" \/>\n<meta property=\"og:type\" content=\"article\" \/>\n<meta property=\"og:title\" content=\"DaRi-system D1 - DaRi System\" \/>\n<meta property=\"og:description\" content=\"Hver del er 76 cm lang. Hver del festes med 4 klips. Disse klipsene m\u00e5 bestilles separat.\" \/>\n<meta property=\"og:url\" content=\"https:\/\/dari-system.com\/no\/produkt\/dari-system-d1\/\" \/>\n<meta property=\"og:site_name\" content=\"DaRi System\" \/>\n<meta property=\"article:modified_time\" content=\"2024-08-19T15:33:42+00:00\" \/>\n<meta property=\"og:image\" content=\"https:\/\/dari-system.com\/wp-content\/uploads\/2024\/05\/dari_d1-1.webp\" \/>\n\t<meta property=\"og:image:width\" content=\"1042\" \/>\n\t<meta property=\"og:image:height\" content=\"1042\" \/>\n\t<meta property=\"og:image:type\" content=\"image\/webp\" \/>\n<meta name=\"twitter:card\" content=\"summary_large_image\" \/>\n<meta name=\"twitter:label1\" content=\"Ansl. lesetid\" \/>\n\t<meta name=\"twitter:data1\" content=\"2 minutter\" \/>\n<script type=\"application\/ld+json\" class=\"yoast-schema-graph\">{\"@context\":\"https:\\\/\\\/schema.org\",\"@graph\":[{\"@type\":\"WebPage\",\"@id\":\"https:\\\/\\\/dari-system.com\\\/no\\\/produkt\\\/dari-system-d1\\\/\",\"url\":\"https:\\\/\\\/dari-system.com\\\/no\\\/produkt\\\/dari-system-d1\\\/\",\"name\":\"DaRi-system D1 - DaRi System\",\"isPartOf\":{\"@id\":\"https:\\\/\\\/dari-system.com\\\/no\\\/#website\"},\"primaryImageOfPage\":{\"@id\":\"https:\\\/\\\/dari-system.com\\\/no\\\/produkt\\\/dari-system-d1\\\/#primaryimage\"},\"image\":{\"@id\":\"https:\\\/\\\/dari-system.com\\\/no\\\/produkt\\\/dari-system-d1\\\/#primaryimage\"},\"thumbnailUrl\":\"https:\\\/\\\/dari-system.com\\\/wp-content\\\/uploads\\\/2024\\\/05\\\/dari_d1-1.webp\",\"datePublished\":\"2024-05-22T16:45:11+00:00\",\"dateModified\":\"2024-08-19T15:33:42+00:00\",\"breadcrumb\":{\"@id\":\"https:\\\/\\\/dari-system.com\\\/no\\\/produkt\\\/dari-system-d1\\\/#breadcrumb\"},\"inLanguage\":\"nb-NO\",\"potentialAction\":[{\"@type\":\"ReadAction\",\"target\":[\"https:\\\/\\\/dari-system.com\\\/no\\\/produkt\\\/dari-system-d1\\\/\"]}]},{\"@type\":\"ImageObject\",\"inLanguage\":\"nb-NO\",\"@id\":\"https:\\\/\\\/dari-system.com\\\/no\\\/produkt\\\/dari-system-d1\\\/#primaryimage\",\"url\":\"https:\\\/\\\/dari-system.com\\\/wp-content\\\/uploads\\\/2024\\\/05\\\/dari_d1-1.webp\",\"contentUrl\":\"https:\\\/\\\/dari-system.com\\\/wp-content\\\/uploads\\\/2024\\\/05\\\/dari_d1-1.webp\",\"width\":1042,\"height\":1042,\"caption\":\"DRi-system D1\"},{\"@type\":\"BreadcrumbList\",\"@id\":\"https:\\\/\\\/dari-system.com\\\/no\\\/produkt\\\/dari-system-d1\\\/#breadcrumb\",\"itemListElement\":[{\"@type\":\"ListItem\",\"position\":1,\"name\":\"Startseite\",\"item\":\"https:\\\/\\\/dari-system.com\\\/no\\\/\"},{\"@type\":\"ListItem\",\"position\":2,\"name\":\"Butikk\",\"item\":\"https:\\\/\\\/dari-system.com\\\/butikk\\\/\"},{\"@type\":\"ListItem\",\"position\":3,\"name\":\"DaRi-system D1\"}]},{\"@type\":\"WebSite\",\"@id\":\"https:\\\/\\\/dari-system.com\\\/no\\\/#website\",\"url\":\"https:\\\/\\\/dari-system.com\\\/no\\\/\",\"name\":\"DaRi System\",\"description\":\"\",\"potentialAction\":[{\"@type\":\"SearchAction\",\"target\":{\"@type\":\"EntryPoint\",\"urlTemplate\":\"https:\\\/\\\/dari-system.com\\\/no\\\/?s={search_term_string}\"},\"query-input\":{\"@type\":\"PropertyValueSpecification\",\"valueRequired\":true,\"valueName\":\"search_term_string\"}}],\"inLanguage\":\"nb-NO\"}]}<\/script>\n<!-- \/ Yoast SEO plugin. -->","yoast_head_json":{"title":"DaRi-system D1 - DaRi System","robots":{"index":"index","follow":"follow","max-snippet":"max-snippet:-1","max-image-preview":"max-image-preview:large","max-video-preview":"max-video-preview:-1"},"canonical":"https:\/\/dari-system.com\/no\/produkt\/dari-system-d1\/","og_locale":"nb_NO","og_type":"article","og_title":"DaRi-system D1 - DaRi System","og_description":"Hver del er 76 cm lang. Hver del festes med 4 klips. Disse klipsene m\u00e5 bestilles separat.","og_url":"https:\/\/dari-system.com\/no\/produkt\/dari-system-d1\/","og_site_name":"DaRi System","article_modified_time":"2024-08-19T15:33:42+00:00","og_image":[{"width":1042,"height":1042,"url":"https:\/\/dari-system.com\/wp-content\/uploads\/2024\/05\/dari_d1-1.webp","type":"image\/webp"}],"twitter_card":"summary_large_image","twitter_misc":{"Ansl. lesetid":"2 minutter"},"schema":{"@context":"https:\/\/schema.org","@graph":[{"@type":"WebPage","@id":"https:\/\/dari-system.com\/no\/produkt\/dari-system-d1\/","url":"https:\/\/dari-system.com\/no\/produkt\/dari-system-d1\/","name":"DaRi-system D1 - DaRi System","isPartOf":{"@id":"https:\/\/dari-system.com\/no\/#website"},"primaryImageOfPage":{"@id":"https:\/\/dari-system.com\/no\/produkt\/dari-system-d1\/#primaryimage"},"image":{"@id":"https:\/\/dari-system.com\/no\/produkt\/dari-system-d1\/#primaryimage"},"thumbnailUrl":"https:\/\/dari-system.com\/wp-content\/uploads\/2024\/05\/dari_d1-1.webp","datePublished":"2024-05-22T16:45:11+00:00","dateModified":"2024-08-19T15:33:42+00:00","breadcrumb":{"@id":"https:\/\/dari-system.com\/no\/produkt\/dari-system-d1\/#breadcrumb"},"inLanguage":"nb-NO","potentialAction":[{"@type":"ReadAction","target":["https:\/\/dari-system.com\/no\/produkt\/dari-system-d1\/"]}]},{"@type":"ImageObject","inLanguage":"nb-NO","@id":"https:\/\/dari-system.com\/no\/produkt\/dari-system-d1\/#primaryimage","url":"https:\/\/dari-system.com\/wp-content\/uploads\/2024\/05\/dari_d1-1.webp","contentUrl":"https:\/\/dari-system.com\/wp-content\/uploads\/2024\/05\/dari_d1-1.webp","width":1042,"height":1042,"caption":"DRi-system D1"},{"@type":"BreadcrumbList","@id":"https:\/\/dari-system.com\/no\/produkt\/dari-system-d1\/#breadcrumb","itemListElement":[{"@type":"ListItem","position":1,"name":"Startseite","item":"https:\/\/dari-system.com\/no\/"},{"@type":"ListItem","position":2,"name":"Butikk","item":"https:\/\/dari-system.com\/butikk\/"},{"@type":"ListItem","position":3,"name":"DaRi-system D1"}]},{"@type":"WebSite","@id":"https:\/\/dari-system.com\/no\/#website","url":"https:\/\/dari-system.com\/no\/","name":"DaRi System","description":"","potentialAction":[{"@type":"SearchAction","target":{"@type":"EntryPoint","urlTemplate":"https:\/\/dari-system.com\/no\/?s={search_term_string}"},"query-input":{"@type":"PropertyValueSpecification","valueRequired":true,"valueName":"search_term_string"}}],"inLanguage":"nb-NO"}]}},"_links":{"self":[{"href":"https:\/\/dari-system.com\/no\/wp-json\/wp\/v2\/product\/25547737","targetHints":{"allow":["GET"]}}],"collection":[{"href":"https:\/\/dari-system.com\/no\/wp-json\/wp\/v2\/product"}],"about":[{"href":"https:\/\/dari-system.com\/no\/wp-json\/wp\/v2\/types\/product"}],"wp:featuredmedia":[{"embeddable":true,"href":"https:\/\/dari-system.com\/no\/wp-json\/wp\/v2\/media\/25547740"}],"wp:attachment":[{"href":"https:\/\/dari-system.com\/no\/wp-json\/wp\/v2\/media?parent=25547737"}],"wp:term":[{"taxonomy":"product_brand","embeddable":true,"href":"https:\/\/dari-system.com\/no\/wp-json\/wp\/v2\/product_brand?post=25547737"},{"taxonomy":"product_cat","embeddable":true,"href":"https:\/\/dari-system.com\/no\/wp-json\/wp\/v2\/product_cat?post=25547737"},{"taxonomy":"product_tag","embeddable":true,"href":"https:\/\/dari-system.com\/no\/wp-json\/wp\/v2\/product_tag?post=25547737"}],"curies":[{"name":"wp","href":"https:\/\/api.w.org\/{rel}","templated":true}]}}