{"id":25551036,"date":"2026-02-27T11:22:35","date_gmt":"2026-02-27T11:22:35","guid":{"rendered":"https:\/\/dari-system.com\/?page_id=25551036"},"modified":"2026-02-27T11:25:43","modified_gmt":"2026-02-27T11:25:43","slug":"retningslinjer-for-personvern-2","status":"publish","type":"page","link":"https:\/\/dari-system.com\/no\/retningslinjer-for-personvern-2\/","title":{"rendered":"Personvernerkl\u00e6ring kun Meta Pixel"},"content":{"rendered":"<p>[et_pb_section fb_built=&raquo;1&#8243; fullwidth=&raquo;on&raquo; _builder_version=&raquo;4.25.0&#8243; _module_preset=&raquo;default&raquo; bottom_divider_color=&raquo;#FFFFFF&raquo; bottom_divider_height=&raquo;82px&raquo; bottom_divider_flip=&raquo;horizontal&raquo; locked=&raquo;off&raquo; global_colors_info=&raquo;{}&raquo;][et_pb_fullwidth_header title=&raquo;Retningslinjer for personvern&raquo; _builder_version=&raquo;4.25.0&#8243; _module_preset=&raquo;default&raquo; title_font=&raquo;|800|||||||&raquo; title_font_size=&raquo;45px&raquo; background_image=&raquo;https:\/\/dari-system.com\/wp-content\/uploads\/2024\/05\/header_background.webp&raquo; background_position=&raquo;bottom_center&raquo; custom_padding=&raquo;8vh||8vh||true|false&raquo; title_font_size_tablet=&raquo;45px&raquo; title_font_size_phone=&raquo;29px&raquo; title_font_size_last_edited=&raquo;on|phone&raquo; content_font_size_tablet=&raquo;&raquo; content_font_size_phone=&raquo;17px&raquo; content_font_size_last_edited=&raquo;on|phone&raquo; global_colors_info=&raquo;{}&raquo;][\/et_pb_fullwidth_header][\/et_pb_section][et_pb_section fb_built=&raquo;1&#8243; _builder_version=&raquo;4.25.0&#8243; _module_preset=&raquo;default&raquo; global_colors_info=&raquo;{}&raquo;][et_pb_row _builder_version=&raquo;4.25.0&#8243; _module_preset=&raquo;default&raquo; global_colors_info=&raquo;{}&raquo;][et_pb_column type=&raquo;4_4&#8243; _builder_version=&raquo;4.25.0&#8243; _module_preset=&raquo;default&raquo; global_colors_info=&raquo;{}&raquo;][et_pb_text _builder_version=&raquo;4.27.4&#8243; _module_preset=&raquo;default&raquo; global_colors_info=&raquo;{}&raquo;]<\/p>\n<h3>Meta Pixel (tidligere Facebook Pixel)<\/h3>\n<p>Dette nettstedet bruker bes\u00f8kspikselen fra Meta til \u00e5 m\u00e5le konverteringer. Leverand\u00f8ren av denne tjenesten er Meta Platforms Ireland Limited, 4 Grand Canal Square, Dublin 2, Irland. If\u00f8lge Meta overf\u00f8res imidlertid de innsamlede dataene ogs\u00e5 til USA og andre tredjeland.  <\/p>\n<p>Dette gj\u00f8r det mulig \u00e5 spore atferden til bes\u00f8kende p\u00e5 nettstedet etter at de har blitt omdirigert til leverand\u00f8rens nettsted ved \u00e5 klikke p\u00e5 en meta-annonse. Dette gj\u00f8r det mulig \u00e5 evaluere effektiviteten til meta-annonsene for statistiske form\u00e5l og markedsunders\u00f8kelser, og \u00e5 optimalisere fremtidige annonseringstiltak. <\/p>\n<p>De innsamlede dataene er anonyme for oss som operat\u00f8r av dette nettstedet; vi kan ikke trekke noen konklusjoner om brukerens identitet. Dataene lagres og behandles imidlertid av Meta slik at det er mulig \u00e5 koble til den respektive brukerprofilen p\u00e5 Facebook eller Instagram, og Meta kan bruke dataene til sine egne reklameform\u00e5l i samsvar med Metas retningslinjer for databruk<a href=\"https:\/\/de-de.facebook.com\/about\/privacy\/\" target=\"_blank\" rel=\"noopener noreferrer\">(https:\/\/de-de.facebook.com\/about\/privacy\/).<\/a> Dette gj\u00f8r det mulig for Meta \u00e5 plassere annonser p\u00e5 Facebook- eller Instagram-sider og andre annonseringskanaler. Denne bruken av dataene kan ikke p\u00e5virkes av oss som nettstedoperat\u00f8r.   <\/p>\n<p>Bruken av denne tjenesten er basert p\u00e5 ditt samtykke i samsvar med art. 6 nr. 1 lit. a GDPR og \u00a7 25 nr. 1 TDDDG. Samtykket kan n\u00e5r som helst tilbakekalles.    <\/p>\n<p>I den grad personopplysninger samles inn p\u00e5 nettstedet v\u00e5rt ved hjelp av verkt\u00f8yet som er beskrevet her og videresendes til Meta, er vi og Meta Platforms Ireland Limited, 4 Grand Canal Square, Grand Canal Harbour, Dublin 2, Irland, i fellesskap ansvarlige for denne databehandlingen (art. 26 GDPR). Det felles ansvaret er utelukkende begrenset til innsamlingen av opplysningene og overf\u00f8ringen av dem til Meta. Behandlingen som Meta utf\u00f8rer etter videresending, er ikke en del av det felles ansvaret. Forpliktelsene som p\u00e5hviler oss i fellesskap er nedfelt i en felles databehandleravtale. Ordlyden i avtalen finner du p\u00e5    <span> <\/span><a href=\"https:\/\/www.facebook.com\/legal\/controller_addendum\" target=\"_blank\" rel=\"noopener noreferrer\">https:\/\/www.facebook.com\/legal\/controller_addendum.<\/a> I henhold til denne avtalen er vi ansvarlige for \u00e5 gi informasjon om databeskyttelse ved bruk av Meta-verkt\u00f8yet og for sikker implementering av verkt\u00f8yet p\u00e5 nettstedet v\u00e5rt i samsvar med databeskyttelsesloven. Meta er ansvarlig for datasikkerheten til Meta-produktene. Du kan hevde de registrertes rettigheter (f.eks. foresp\u00f8rsler om informasjon) om dataene som behandles av Facebook eller Instagram direkte med Meta. Hvis du hevder dine rettigheter som registrert hos oss, er vi forpliktet til \u00e5 videresende dem til Meta.    <\/p>\n<p>Dataoverf\u00f8ring til USA er basert p\u00e5 EU-kommisjonens standard kontraktsklausuler. Du finner mer informasjon her: <span> <\/span><a href=\"https:\/\/www.facebook.com\/legal\/EU_data_transfer_addendum\" target=\"_blank\" rel=\"noopener noreferrer\">https:\/\/www.facebook.com\/legal\/EU_data_transfer_addendum<\/a><span> <\/span>og<span> <\/span><a href=\"https:\/\/de-de.facebook.com\/help\/566994660333381\" target=\"_blank\" rel=\"noopener noreferrer\">https:\/\/de-de.facebook.com\/help\/566994660333381.<\/a><\/p>\n<p>Du finner mer informasjon om personvern i Metas informasjon om databeskyttelse:<span> <\/span><a href=\"https:\/\/de-de.facebook.com\/about\/privacy\/\" target=\"_blank\" rel=\"noopener noreferrer\">https:\/\/de-de.facebook.com\/about\/privacy\/.<\/a><\/p>\n<p>Du kan ogs\u00e5 bruke remarketingfunksjonen &laquo;Egendefinerte m\u00e5lgrupper&raquo; i innstillingene for annonser under<span> <\/span><a href=\"https:\/\/www.facebook.com\/ads\/preferences\/?entry_product=ad_settings_screen\" target=\"_blank\" rel=\"noopener noreferrer\">https:\/\/www.facebook.com\/ads\/preferences\/?entry_product=ad_settings_screen<\/a><span> <\/span>deaktivere den. Du m\u00e5 v\u00e6re logget inn p\u00e5 Facebook for \u00e5 gj\u00f8re dette. <\/p>\n<p>Hvis du ikke har en Facebook- eller Instagram-konto, kan du deaktivere bruksbasert annonsering fra Meta p\u00e5 nettstedet til European Interactive Digital Advertising Alliance:<span> <\/span><a href=\"http:\/\/www.youronlinechoices.com\/de\/praferenzmanagement\/\" target=\"_blank\" rel=\"noopener noreferrer\">http:\/\/www.youronlinechoices.com\/de\/praferenzmanagement\/.<\/a><\/p>\n<p>Selskapet er sertifisert i henhold til &laquo;EU-US Data Privacy Framework&raquo; (DPF). DPF er en avtale mellom EU og USA som skal sikre at europeiske standarder for databeskyttelse overholdes ved databehandling i USA. Alle selskaper som er sertifisert i henhold til DPF, forplikter seg til \u00e5 overholde disse personvernstandardene. Ytterligere informasjon om dette kan f\u00e5s fra leverand\u00f8ren via f\u00f8lgende lenke:   <span> <\/span><a href=\"https:\/\/www.dataprivacyframework.gov\/participant\/4452\" target=\"_blank\" rel=\"noopener noreferrer\">https:\/\/www.dataprivacyframework.gov\/participant\/4452.<\/a><\/p>\n<p>[\/et_pb_text][\/et_pb_column][\/et_pb_row][\/et_pb_section]<\/p>\n","protected":false},"excerpt":{"rendered":"<p>Meta Pixel (tidligere Facebook Pixel) Dette nettstedet bruker bes\u00f8kspikselen fra Meta til \u00e5 m\u00e5le konverteringer. Leverand\u00f8ren av denne tjenesten er Meta Platforms Ireland Limited, 4 Grand Canal Square, Dublin 2, Irland. If\u00f8lge Meta overf\u00f8res imidlertid de innsamlede dataene ogs\u00e5 til USA og andre tredjeland. Dette gj\u00f8r det mulig \u00e5 spore atferden til bes\u00f8kende p\u00e5 nettstedet [&hellip;]<\/p>\n","protected":false},"author":1,"featured_media":0,"parent":0,"menu_order":0,"comment_status":"closed","ping_status":"closed","template":"","meta":{"_et_pb_use_builder":"on","_et_pb_old_content":"","_et_gb_content_width":"","iawp_total_views":2,"footnotes":""},"dipi_cpt_category":[],"class_list":["post-25551036","page","type-page","status-publish","hentry"],"yoast_head":"<!-- This site is optimized with the Yoast SEO plugin v27.4 - https:\/\/yoast.com\/product\/yoast-seo-wordpress\/ -->\n<title>Personvernerkl\u00e6ring kun Meta Pixel - DaRi System<\/title>\n<meta name=\"robots\" content=\"index, follow, max-snippet:-1, max-image-preview:large, max-video-preview:-1\" \/>\n<link rel=\"canonical\" href=\"https:\/\/dari-system.com\/no\/retningslinjer-for-personvern-2\/\" \/>\n<meta property=\"og:locale\" content=\"nb_NO\" \/>\n<meta property=\"og:type\" content=\"article\" \/>\n<meta property=\"og:title\" content=\"Personvernerkl\u00e6ring kun Meta Pixel - DaRi System\" \/>\n<meta property=\"og:description\" content=\"Meta Pixel (tidligere Facebook Pixel) Dette nettstedet bruker bes\u00f8kspikselen fra Meta til \u00e5 m\u00e5le konverteringer. Leverand\u00f8ren av denne tjenesten er Meta Platforms Ireland Limited, 4 Grand Canal Square, Dublin 2, Irland. If\u00f8lge Meta overf\u00f8res imidlertid de innsamlede dataene ogs\u00e5 til USA og andre tredjeland. Dette gj\u00f8r det mulig \u00e5 spore atferden til bes\u00f8kende p\u00e5 nettstedet [&hellip;]\" \/>\n<meta property=\"og:url\" content=\"https:\/\/dari-system.com\/no\/retningslinjer-for-personvern-2\/\" \/>\n<meta property=\"og:site_name\" content=\"DaRi System\" \/>\n<meta property=\"article:modified_time\" content=\"2026-02-27T11:25:43+00:00\" \/>\n<meta name=\"twitter:card\" content=\"summary_large_image\" \/>\n<meta name=\"twitter:label1\" content=\"Ansl. lesetid\" \/>\n\t<meta name=\"twitter:data1\" content=\"4 minutter\" \/>\n<script type=\"application\/ld+json\" class=\"yoast-schema-graph\">{\"@context\":\"https:\\\/\\\/schema.org\",\"@graph\":[{\"@type\":\"WebPage\",\"@id\":\"https:\\\/\\\/dari-system.com\\\/no\\\/retningslinjer-for-personvern-2\\\/\",\"url\":\"https:\\\/\\\/dari-system.com\\\/no\\\/retningslinjer-for-personvern-2\\\/\",\"name\":\"Personvernerkl\u00e6ring kun Meta Pixel - DaRi System\",\"isPartOf\":{\"@id\":\"https:\\\/\\\/dari-system.com\\\/no\\\/#website\"},\"datePublished\":\"2026-02-27T11:22:35+00:00\",\"dateModified\":\"2026-02-27T11:25:43+00:00\",\"breadcrumb\":{\"@id\":\"https:\\\/\\\/dari-system.com\\\/no\\\/retningslinjer-for-personvern-2\\\/#breadcrumb\"},\"inLanguage\":\"nb-NO\",\"potentialAction\":[{\"@type\":\"ReadAction\",\"target\":[\"https:\\\/\\\/dari-system.com\\\/no\\\/retningslinjer-for-personvern-2\\\/\"]}]},{\"@type\":\"BreadcrumbList\",\"@id\":\"https:\\\/\\\/dari-system.com\\\/no\\\/retningslinjer-for-personvern-2\\\/#breadcrumb\",\"itemListElement\":[{\"@type\":\"ListItem\",\"position\":1,\"name\":\"Startseite\",\"item\":\"https:\\\/\\\/dari-system.com\\\/no\\\/\"},{\"@type\":\"ListItem\",\"position\":2,\"name\":\"Personvernerkl\u00e6ring kun Meta Pixel\"}]},{\"@type\":\"WebSite\",\"@id\":\"https:\\\/\\\/dari-system.com\\\/no\\\/#website\",\"url\":\"https:\\\/\\\/dari-system.com\\\/no\\\/\",\"name\":\"DaRi System\",\"description\":\"\",\"potentialAction\":[{\"@type\":\"SearchAction\",\"target\":{\"@type\":\"EntryPoint\",\"urlTemplate\":\"https:\\\/\\\/dari-system.com\\\/no\\\/?s={search_term_string}\"},\"query-input\":{\"@type\":\"PropertyValueSpecification\",\"valueRequired\":true,\"valueName\":\"search_term_string\"}}],\"inLanguage\":\"nb-NO\"}]}<\/script>\n<!-- \/ Yoast SEO plugin. -->","yoast_head_json":{"title":"Personvernerkl\u00e6ring kun Meta Pixel - DaRi System","robots":{"index":"index","follow":"follow","max-snippet":"max-snippet:-1","max-image-preview":"max-image-preview:large","max-video-preview":"max-video-preview:-1"},"canonical":"https:\/\/dari-system.com\/no\/retningslinjer-for-personvern-2\/","og_locale":"nb_NO","og_type":"article","og_title":"Personvernerkl\u00e6ring kun Meta Pixel - DaRi System","og_description":"Meta Pixel (tidligere Facebook Pixel) Dette nettstedet bruker bes\u00f8kspikselen fra Meta til \u00e5 m\u00e5le konverteringer. Leverand\u00f8ren av denne tjenesten er Meta Platforms Ireland Limited, 4 Grand Canal Square, Dublin 2, Irland. If\u00f8lge Meta overf\u00f8res imidlertid de innsamlede dataene ogs\u00e5 til USA og andre tredjeland. Dette gj\u00f8r det mulig \u00e5 spore atferden til bes\u00f8kende p\u00e5 nettstedet [&hellip;]","og_url":"https:\/\/dari-system.com\/no\/retningslinjer-for-personvern-2\/","og_site_name":"DaRi System","article_modified_time":"2026-02-27T11:25:43+00:00","twitter_card":"summary_large_image","twitter_misc":{"Ansl. lesetid":"4 minutter"},"schema":{"@context":"https:\/\/schema.org","@graph":[{"@type":"WebPage","@id":"https:\/\/dari-system.com\/no\/retningslinjer-for-personvern-2\/","url":"https:\/\/dari-system.com\/no\/retningslinjer-for-personvern-2\/","name":"Personvernerkl\u00e6ring kun Meta Pixel - DaRi System","isPartOf":{"@id":"https:\/\/dari-system.com\/no\/#website"},"datePublished":"2026-02-27T11:22:35+00:00","dateModified":"2026-02-27T11:25:43+00:00","breadcrumb":{"@id":"https:\/\/dari-system.com\/no\/retningslinjer-for-personvern-2\/#breadcrumb"},"inLanguage":"nb-NO","potentialAction":[{"@type":"ReadAction","target":["https:\/\/dari-system.com\/no\/retningslinjer-for-personvern-2\/"]}]},{"@type":"BreadcrumbList","@id":"https:\/\/dari-system.com\/no\/retningslinjer-for-personvern-2\/#breadcrumb","itemListElement":[{"@type":"ListItem","position":1,"name":"Startseite","item":"https:\/\/dari-system.com\/no\/"},{"@type":"ListItem","position":2,"name":"Personvernerkl\u00e6ring kun Meta Pixel"}]},{"@type":"WebSite","@id":"https:\/\/dari-system.com\/no\/#website","url":"https:\/\/dari-system.com\/no\/","name":"DaRi System","description":"","potentialAction":[{"@type":"SearchAction","target":{"@type":"EntryPoint","urlTemplate":"https:\/\/dari-system.com\/no\/?s={search_term_string}"},"query-input":{"@type":"PropertyValueSpecification","valueRequired":true,"valueName":"search_term_string"}}],"inLanguage":"nb-NO"}]}},"_links":{"self":[{"href":"https:\/\/dari-system.com\/no\/wp-json\/wp\/v2\/pages\/25551036","targetHints":{"allow":["GET"]}}],"collection":[{"href":"https:\/\/dari-system.com\/no\/wp-json\/wp\/v2\/pages"}],"about":[{"href":"https:\/\/dari-system.com\/no\/wp-json\/wp\/v2\/types\/page"}],"author":[{"embeddable":true,"href":"https:\/\/dari-system.com\/no\/wp-json\/wp\/v2\/users\/1"}],"replies":[{"embeddable":true,"href":"https:\/\/dari-system.com\/no\/wp-json\/wp\/v2\/comments?post=25551036"}],"version-history":[{"count":6,"href":"https:\/\/dari-system.com\/no\/wp-json\/wp\/v2\/pages\/25551036\/revisions"}],"predecessor-version":[{"id":25551097,"href":"https:\/\/dari-system.com\/no\/wp-json\/wp\/v2\/pages\/25551036\/revisions\/25551097"}],"wp:attachment":[{"href":"https:\/\/dari-system.com\/no\/wp-json\/wp\/v2\/media?parent=25551036"}],"wp:term":[{"taxonomy":"dipi_cpt_category","embeddable":true,"href":"https:\/\/dari-system.com\/no\/wp-json\/wp\/v2\/dipi_cpt_category?post=25551036"}],"curies":[{"name":"wp","href":"https:\/\/api.w.org\/{rel}","templated":true}]}}