{"id":25547618,"date":"2024-06-19T14:44:07","date_gmt":"2024-06-19T14:44:07","guid":{"rendered":"https:\/\/dari-system.com\/takrenner-loevbeskyttelse\/"},"modified":"2024-08-19T15:02:08","modified_gmt":"2024-08-19T15:02:08","slug":"takrenner-loevbeskyttelse","status":"publish","type":"page","link":"https:\/\/dari-system.com\/no\/takrenner-loevbeskyttelse\/","title":{"rendered":"Takrenner L\u00f8vbeskyttelse"},"content":{"rendered":"<p>[et_pb_section fb_built=&raquo;1&#8243; fullwidth=&raquo;on&raquo; _builder_version=&raquo;4.25.0&#8243; _module_preset=&raquo;default&raquo; bottom_divider_color=&raquo;#FFFFFF&raquo; bottom_divider_height=&raquo;82px&raquo; bottom_divider_flip=&raquo;horizontal&raquo; locked=&raquo;off&raquo; global_colors_info=&raquo;{}&raquo;][et_pb_fullwidth_header title=&raquo;Takrenner L\u00f8vbeskyttelse&raquo; subhead=&raquo;og du har \u00e9n ting mindre \u00e5 bekymre deg for&raquo; _builder_version=&raquo;4.25.0&#8243; _module_preset=&raquo;default&raquo; title_font=&raquo;|800|||||||&raquo; title_font_size=&raquo;45px&raquo; background_image=&raquo;https:\/\/dari-system.com\/wp-content\/uploads\/2024\/05\/header_background.webp&raquo; background_position=&raquo;bottom_center&raquo; custom_padding=&raquo;8vh||8vh||true|false&raquo; hover_enabled=&raquo;0&#8243; title_font_size_tablet=&raquo;45px&raquo; title_font_size_phone=&raquo;29px&raquo; title_font_size_last_edited=&raquo;on|phone&raquo; content_font_size_tablet=&raquo;&raquo; content_font_size_phone=&raquo;17px&raquo; content_font_size_last_edited=&raquo;on|phone&raquo; global_colors_info=&raquo;{}&raquo; sticky_enabled=&raquo;0&#8243;][\/et_pb_fullwidth_header][\/et_pb_section][et_pb_section fb_built=&raquo;1&#8243; _builder_version=&raquo;4.25.0&#8243; _module_preset=&raquo;default&raquo; custom_margin=&raquo;||0px||false|false&raquo; custom_padding=&raquo;||0px||false|false&raquo; global_colors_info=&raquo;{}&raquo;][et_pb_row _builder_version=&raquo;4.25.0&#8243; _module_preset=&raquo;default&raquo; global_colors_info=&raquo;{}&raquo;][et_pb_column type=&raquo;4_4&#8243; _builder_version=&raquo;4.25.0&#8243; _module_preset=&raquo;default&raquo; global_colors_info=&raquo;{}&raquo;][et_pb_text _builder_version=&raquo;4.25.0&#8243; _module_preset=&raquo;default&raquo; header_2_font=&raquo;|700|||||||&raquo; hover_enabled=&raquo;0&#8243; global_colors_info=&raquo;{}&raquo; sticky_enabled=&raquo;0&#8243;]<\/p>\n<h2>Den p\u00e5litelige bladbeskyttelsen for takrenner<\/h2>\n<p>  Med v\u00e5r takrennebeskytter trenger du ikke lenger \u00e5 bekymre deg for at takrennen blokkeres.<br \/>\nTakrennebeskyttelsen beskytter halvrunde takrenner og takrenner i kasse p\u00e5 en p\u00e5litelig m\u00e5te mot blokkeringer for\u00e5rsaket av l\u00f8v eller barn\u00e5ler.<br \/>\nDet er en barnelek \u00e5 montere takrennebeskyttelsen.<br \/>\nDu trenger ikke engang verkt\u00f8y.<br \/>\nTakrennebeskyttelsen plasseres ganske enkelt i takrennen og klipses fast i den runde vulsten foran.<br \/>\nKlipsene er tilgjengelige i svart og s\u00f8lv.<br \/>\nDet betyr at klipsene knapt er synlige nedenfra.<br \/>\nLikevel er takrennen din godt beskyttet av takrennebeskyttelsen.<br \/>\nTakrennebeskyttelsen beskytter imidlertid ikke rennesteinen mot l\u00f8v eller n\u00e5ler.<br \/>\nSm\u00e5 greiner eller mose bl\u00e5ser ogs\u00e5 ned fra taket og ville havnet i takrenna hvis det ikke hadde v\u00e6rt en takrennebeskytter.[\/et_pb_text][\/et_pb_column][\/et_pb_row][et_pb_row column_structure=&raquo;1_2,1_2&#8243; _builder_version=&raquo;4.25.0&#8243; _module_preset=&raquo;default&raquo; global_colors_info=&raquo;{}&raquo;][et_pb_column type=&raquo;1_2&#8243; _builder_version=&raquo;4.25.0&#8243; _module_preset=&raquo;default&raquo; global_colors_info=&raquo;{}&raquo;][et_pb_text _builder_version=&raquo;4.25.0&#8243; _module_preset=&raquo;default&raquo; header_2_font=&raquo;|700|||||||&raquo; hover_enabled=&raquo;0&#8243; global_colors_info=&raquo;{}&raquo; sticky_enabled=&raquo;0&#8243;]<\/p>\n<h2>V\u00e5re bladbeskyttere passer til nesten alle takrenner<\/h2>\n<p>  Avhengig av st\u00f8rrelsen p\u00e5 taket ditt, vil ogs\u00e5 st\u00f8rrelsen p\u00e5 takrenna tilpasses dette.<br \/>\nP\u00e5 veldig store tak brukes ofte en takrenne i st\u00f8rrelse 40, og p\u00e5 sm\u00e5 tak brukes en takrenne i st\u00f8rrelse 28.<br \/>\nI boligbygg er det imidlertid vanligst \u00e5 bruke takrenner i st\u00f8rrelse 33.<br \/>\nDu kan se st\u00f8rrelsen p\u00e5 takrennen i enden av takrennen.<br \/>\nDer er det en endeplate.<br \/>\nDenne platen viser vanligvis st\u00f8rrelsen p\u00e5 takrennen.<br \/>\nSt\u00f8rrelsen p\u00e5 takrennen er sv\u00e6rt viktig for \u00e5 sikre at bladbeskyttelsen passer perfekt.<br \/>\nMed takrenner er det imidlertid ofte ikke-standardiserte takrenner, f.eks. p\u00e5 en vinterhage eller balkong.<br \/>\nDerfor er v\u00e5r takrennebeskytter for takrenner sv\u00e6rt fleksibel og kan tilpasses til takrenner med sv\u00e6rt ulik bredde.<br \/>\nB\u00e5de h\u00f8yden og bredden p\u00e5 takrennebeskyttelsen for takrenner kan justeres.[\/et_pb_text][\/et_pb_column][et_pb_column type=&raquo;1_2&#8243; _builder_version=&raquo;4.25.0&#8243; _module_preset=&raquo;default&raquo; global_colors_info=&raquo;{}&raquo;][et_pb_image src=&raquo;https:\/\/dari-system.com\/wp-content\/uploads\/2024\/06\/regenrinnen-laubschutz.webp&raquo; alt=&raquo;Takrenner L\u00f8vbeskyttelse&raquo; title_text=&raquo;takrennebeskytter&raquo; _builder_version=&raquo;4.25.0&#8243; _module_preset=&raquo;default&raquo; custom_margin=&raquo;||5px||false|false&raquo; hover_enabled=&raquo;0&#8243; global_colors_info=&raquo;{}&raquo; sticky_enabled=&raquo;0&#8243;][\/et_pb_image][et_pb_text _builder_version=&raquo;4.25.0&#8243; _module_preset=&raquo;default&raquo; custom_margin=&raquo;0px||||false|false&raquo; hover_enabled=&raquo;0&#8243; global_colors_info=&raquo;{}&raquo; sticky_enabled=&raquo;0&#8243;]<\/p>\n<p style=\"text-align: center;\"><em>Bladbeskyttelse for alle takrenner<\/em><\/p>\n<p>[\/et_pb_text][\/et_pb_column][\/et_pb_row][\/et_pb_section][et_pb_section fb_built=&raquo;1&#8243; _builder_version=&raquo;4.25.0&#8243; _module_preset=&raquo;default&raquo; custom_margin=&raquo;0px||||false|false&raquo; custom_padding=&raquo;0px||||false|false&raquo; global_colors_info=&raquo;{}&raquo;][et_pb_row _builder_version=&raquo;4.25.0&#8243; _module_preset=&raquo;default&raquo; hover_enabled=&raquo;0&#8243; global_colors_info=&raquo;{}&raquo; sticky_enabled=&raquo;0&#8243;][et_pb_column type=&raquo;4_4&#8243; _builder_version=&raquo;4.25.0&#8243; _module_preset=&raquo;default&raquo; global_colors_info=&raquo;{}&raquo;][et_pb_text _builder_version=&raquo;4.25.0&#8243; _module_preset=&raquo;default&raquo; header_2_font=&raquo;|700|||||||&raquo; hover_enabled=&raquo;0&#8243; global_colors_info=&raquo;{}&raquo; sticky_enabled=&raquo;0&#8243;]<\/p>\n<h2>Stol p\u00e5 mer enn 20 \u00e5rs erfaring med v\u00e5re takrennebeskyttere<\/h2>\n<p>I mer enn 20 \u00e5r har vi jobbet med sp\u00f8rsm\u00e5let om hvordan takrenner kan beskyttes mot blokkeringer for\u00e5rsaket av l\u00f8v, n\u00e5ler, kvister, mose eller treblomster.<br \/>\nVi f\u00e5r henvendelser fra huseiere som har huset sitt ved siden av et stort furutre, og som er fortvilet over at takrenna er full av barn\u00e5ler hver uke.<br \/>\nMed takrennebeskyttelsen er disse huseierne glade for \u00e5 ha l\u00f8st dette problemet.<br \/>\nMed v\u00e5re produkter har vi allerede gitt mange kunder et bekymringsfritt liv tilbake.   <\/p>\n<h2>Service er v\u00e5r h\u00f8yeste prioritet<\/h2>\n<p>Vi blir veldig glade n\u00e5r vi f\u00e5r henvendelser fra kunder som sender oss bilder av takrennene sine og sp\u00f8r om v\u00e5r takrennebeskytter passer til deres takrenner.<br \/>\nKundene f\u00e5r gratis r\u00e5dgivning, og vi kan i nesten alle tilfeller hjelpe til med \u00e5 forhindre tilstopping av takrenner.<br \/>\nEttersom takrennebeskyttelsen er laget av slitesterk polypropylen med UV-beskyttelse, f\u00e5r vi ofte positive tilbakemeldinger fra kunder om hvor forn\u00f8yde de er, selv etter mange \u00e5r.<br \/>\nVi gj\u00f8r ogs\u00e5 noe godt for milj\u00f8et, fordi produktene v\u00e5re er fullt resirkulerbare.<br \/>\nOg det beste av alt: takrennebeskyttelsen er designet og produsert i Tyskland.<br \/>\nMade in Germany st\u00e5r for h\u00f8yeste kvalitet og holdbarhet.     <\/p>\n<h2>Instruksjoner for montering av bladbeskyttere for takrenner<\/h2>\n<p><strong>Installer bladbeskyttelsen for takrenner i 5 trinn<\/strong><\/p>\n<ol>\n<li>Forberedelse: F\u00f8r du monterer takrennebeskyttelsen, b\u00f8r du rengj\u00f8re takrennen grundig<\/li>\n<li>Forbered materialene: Du trenger verken hammer eller skruer for \u00e5 montere takrennebeskyttelsen.<br \/>\nBare skyv klipsene p\u00e5 DaRi-systemet, s\u00e5 er du klar til \u00e5 sette i gang. <\/li>\n<li>Installasjon: Installasjonen er en barnelek.<br \/>\nPlasser ganske enkelt takrennebeskyttelsen i takrennen og skyv klipsene p\u00e5 den runde vulsten foran.<br \/>\nDeretter legges takrennebeskyttelsen ende mot ende.<br \/>\nDe enkelte delene skal ikke overlappe hverandre.   <\/li>\n<li>Kutt til riktig st\u00f8rrelse: Avhengig av hvordan de 76 cm lange delene av takrennebeskyttelsen passer p\u00e5 takrennen, kan det hende at det siste stykket m\u00e5 kortes noe ned.<br \/>\nDette gj\u00f8res ved \u00e5 klippe det siste stykket av takrennebeskyttelsen til riktig lengde med en saks eller en saks. <\/li>\n<li>Konklusjon: Etter at rennesteinsbeskyttelsen er forsvarlig montert, b\u00f8r alt avfall kastes p\u00e5 riktig m\u00e5te og stigen settes tilbake p\u00e5 plass.<\/li>\n<\/ol>\n<p>Dette kan ogs\u00e5 v\u00e6re av interesse for deg:<\/p>\n<ul>\n<li><a href=\"https:\/\/dari-system.com\/no\/loevbeskyttet-takrenne\/\" title=\"L\u00f8vbeskyttet takrenne\"><a href=\"https:\/\/dari-system.com\/no\/loevbeskyttet-takrenne\/\">L\u00f8vbeskyttelse for takrennen<\/a><\/a><\/li>\n<li><a href=\"https:\/\/dari-system.com\/no\/takrenner-loevbeskyttelse\/\" title=\"Takrenner L\u00f8vbeskyttelse\"><a href=\"https:\/\/dari-system.com\/no\/takrenner-loevbeskyttelse\/\">Takrenner L\u00f8vbeskyttelse<\/a><\/a><\/li>\n<li><a href=\"https:\/\/dari-system.com\/no\/loevbeskyttet-takrenne-2\/\" title=\"L\u00f8vbeskyttet takrenne\"><a href=\"https:\/\/dari-system.com\/no\/loevbeskyttet-takrenne-2\/\">L\u00f8vbeskyttelse for takrennen<\/a><\/a><\/li>\n<li><a href=\"https:\/\/dari-system.com\/no\/takrennedeksel\/\" title=\"Takrennedeksel\"> <a href=\"https:\/\/dari-system.com\/no\/takrennedeksel\/\"> Takrennedeksel<\/a><\/a><\/li>\n<\/ul>\n<p>[\/et_pb_text][\/et_pb_column][\/et_pb_row][\/et_pb_section]<\/p>\n","protected":false},"excerpt":{"rendered":"<p>Den p\u00e5litelige bladbeskyttelsen for takrenner Med v\u00e5r takrennebeskytter trenger du ikke lenger \u00e5 bekymre deg for at takrennen blokkeres. Takrennebeskyttelsen beskytter halvrunde takrenner og takrenner i kasse p\u00e5 en p\u00e5litelig m\u00e5te mot blokkeringer for\u00e5rsaket av l\u00f8v eller barn\u00e5ler. Det er en barnelek \u00e5 montere takrennebeskyttelsen. Du trenger ikke engang verkt\u00f8y. Takrennebeskyttelsen plasseres ganske enkelt i [&hellip;]<\/p>\n","protected":false},"author":1,"featured_media":0,"parent":0,"menu_order":0,"comment_status":"closed","ping_status":"closed","template":"","meta":{"_et_pb_use_builder":"on","_et_pb_old_content":"","_et_gb_content_width":"","iawp_total_views":20,"footnotes":""},"dipi_cpt_category":[],"class_list":["post-25547618","page","type-page","status-publish","hentry"],"yoast_head":"<!-- This site is optimized with the Yoast SEO plugin v27.4 - https:\/\/yoast.com\/product\/yoast-seo-wordpress\/ -->\n<title>DaRi takrennebeskytter - beskyttelse mot l\u00f8v i takrennen<\/title>\n<meta name=\"description\" content=\"Beskytt takrennen med DaRi l\u00f8vbeskytter. Forebygg blokkeringer og vannskader for\u00e5rsaket av l\u00f8v i takrennen. Finn ut mer n\u00e5!\" \/>\n<meta name=\"robots\" content=\"index, follow, max-snippet:-1, max-image-preview:large, max-video-preview:-1\" \/>\n<link rel=\"canonical\" href=\"https:\/\/dari-system.com\/no\/takrenner-loevbeskyttelse\/\" \/>\n<meta property=\"og:locale\" content=\"nb_NO\" \/>\n<meta property=\"og:type\" content=\"article\" \/>\n<meta property=\"og:title\" content=\"DaRi takrennebeskytter - beskyttelse mot l\u00f8v i takrennen\" \/>\n<meta property=\"og:description\" content=\"Beskytt takrennen med DaRi l\u00f8vbeskytter. Forebygg blokkeringer og vannskader for\u00e5rsaket av l\u00f8v i takrennen. Finn ut mer n\u00e5!\" \/>\n<meta property=\"og:url\" content=\"https:\/\/dari-system.com\/no\/takrenner-loevbeskyttelse\/\" \/>\n<meta property=\"og:site_name\" content=\"DaRi System\" \/>\n<meta property=\"article:modified_time\" content=\"2024-08-19T15:02:08+00:00\" \/>\n<meta name=\"twitter:card\" content=\"summary_large_image\" \/>\n<meta name=\"twitter:label1\" content=\"Ansl. lesetid\" \/>\n\t<meta name=\"twitter:data1\" content=\"5 minutter\" \/>\n<script type=\"application\/ld+json\" class=\"yoast-schema-graph\">{\"@context\":\"https:\\\/\\\/schema.org\",\"@graph\":[{\"@type\":\"WebPage\",\"@id\":\"https:\\\/\\\/dari-system.com\\\/no\\\/takrenner-loevbeskyttelse\\\/\",\"url\":\"https:\\\/\\\/dari-system.com\\\/no\\\/takrenner-loevbeskyttelse\\\/\",\"name\":\"DaRi takrennebeskytter - beskyttelse mot l\u00f8v i takrennen\",\"isPartOf\":{\"@id\":\"https:\\\/\\\/dari-system.com\\\/no\\\/#website\"},\"datePublished\":\"2024-06-19T14:44:07+00:00\",\"dateModified\":\"2024-08-19T15:02:08+00:00\",\"description\":\"Beskytt takrennen med DaRi l\u00f8vbeskytter. Forebygg blokkeringer og vannskader for\u00e5rsaket av l\u00f8v i takrennen. Finn ut mer n\u00e5!\",\"breadcrumb\":{\"@id\":\"https:\\\/\\\/dari-system.com\\\/no\\\/takrenner-loevbeskyttelse\\\/#breadcrumb\"},\"inLanguage\":\"nb-NO\",\"potentialAction\":[{\"@type\":\"ReadAction\",\"target\":[\"https:\\\/\\\/dari-system.com\\\/no\\\/takrenner-loevbeskyttelse\\\/\"]}]},{\"@type\":\"BreadcrumbList\",\"@id\":\"https:\\\/\\\/dari-system.com\\\/no\\\/takrenner-loevbeskyttelse\\\/#breadcrumb\",\"itemListElement\":[{\"@type\":\"ListItem\",\"position\":1,\"name\":\"Startseite\",\"item\":\"https:\\\/\\\/dari-system.com\\\/no\\\/\"},{\"@type\":\"ListItem\",\"position\":2,\"name\":\"Takrenner L\u00f8vbeskyttelse\"}]},{\"@type\":\"WebSite\",\"@id\":\"https:\\\/\\\/dari-system.com\\\/no\\\/#website\",\"url\":\"https:\\\/\\\/dari-system.com\\\/no\\\/\",\"name\":\"DaRi System\",\"description\":\"\",\"potentialAction\":[{\"@type\":\"SearchAction\",\"target\":{\"@type\":\"EntryPoint\",\"urlTemplate\":\"https:\\\/\\\/dari-system.com\\\/no\\\/?s={search_term_string}\"},\"query-input\":{\"@type\":\"PropertyValueSpecification\",\"valueRequired\":true,\"valueName\":\"search_term_string\"}}],\"inLanguage\":\"nb-NO\"}]}<\/script>\n<!-- \/ Yoast SEO plugin. -->","yoast_head_json":{"title":"DaRi takrennebeskytter - beskyttelse mot l\u00f8v i takrennen","description":"Beskytt takrennen med DaRi l\u00f8vbeskytter. Forebygg blokkeringer og vannskader for\u00e5rsaket av l\u00f8v i takrennen. Finn ut mer n\u00e5!","robots":{"index":"index","follow":"follow","max-snippet":"max-snippet:-1","max-image-preview":"max-image-preview:large","max-video-preview":"max-video-preview:-1"},"canonical":"https:\/\/dari-system.com\/no\/takrenner-loevbeskyttelse\/","og_locale":"nb_NO","og_type":"article","og_title":"DaRi takrennebeskytter - beskyttelse mot l\u00f8v i takrennen","og_description":"Beskytt takrennen med DaRi l\u00f8vbeskytter. Forebygg blokkeringer og vannskader for\u00e5rsaket av l\u00f8v i takrennen. Finn ut mer n\u00e5!","og_url":"https:\/\/dari-system.com\/no\/takrenner-loevbeskyttelse\/","og_site_name":"DaRi System","article_modified_time":"2024-08-19T15:02:08+00:00","twitter_card":"summary_large_image","twitter_misc":{"Ansl. lesetid":"5 minutter"},"schema":{"@context":"https:\/\/schema.org","@graph":[{"@type":"WebPage","@id":"https:\/\/dari-system.com\/no\/takrenner-loevbeskyttelse\/","url":"https:\/\/dari-system.com\/no\/takrenner-loevbeskyttelse\/","name":"DaRi takrennebeskytter - beskyttelse mot l\u00f8v i takrennen","isPartOf":{"@id":"https:\/\/dari-system.com\/no\/#website"},"datePublished":"2024-06-19T14:44:07+00:00","dateModified":"2024-08-19T15:02:08+00:00","description":"Beskytt takrennen med DaRi l\u00f8vbeskytter. Forebygg blokkeringer og vannskader for\u00e5rsaket av l\u00f8v i takrennen. Finn ut mer n\u00e5!","breadcrumb":{"@id":"https:\/\/dari-system.com\/no\/takrenner-loevbeskyttelse\/#breadcrumb"},"inLanguage":"nb-NO","potentialAction":[{"@type":"ReadAction","target":["https:\/\/dari-system.com\/no\/takrenner-loevbeskyttelse\/"]}]},{"@type":"BreadcrumbList","@id":"https:\/\/dari-system.com\/no\/takrenner-loevbeskyttelse\/#breadcrumb","itemListElement":[{"@type":"ListItem","position":1,"name":"Startseite","item":"https:\/\/dari-system.com\/no\/"},{"@type":"ListItem","position":2,"name":"Takrenner L\u00f8vbeskyttelse"}]},{"@type":"WebSite","@id":"https:\/\/dari-system.com\/no\/#website","url":"https:\/\/dari-system.com\/no\/","name":"DaRi System","description":"","potentialAction":[{"@type":"SearchAction","target":{"@type":"EntryPoint","urlTemplate":"https:\/\/dari-system.com\/no\/?s={search_term_string}"},"query-input":{"@type":"PropertyValueSpecification","valueRequired":true,"valueName":"search_term_string"}}],"inLanguage":"nb-NO"}]}},"_links":{"self":[{"href":"https:\/\/dari-system.com\/no\/wp-json\/wp\/v2\/pages\/25547618","targetHints":{"allow":["GET"]}}],"collection":[{"href":"https:\/\/dari-system.com\/no\/wp-json\/wp\/v2\/pages"}],"about":[{"href":"https:\/\/dari-system.com\/no\/wp-json\/wp\/v2\/types\/page"}],"author":[{"embeddable":true,"href":"https:\/\/dari-system.com\/no\/wp-json\/wp\/v2\/users\/1"}],"replies":[{"embeddable":true,"href":"https:\/\/dari-system.com\/no\/wp-json\/wp\/v2\/comments?post=25547618"}],"version-history":[{"count":2,"href":"https:\/\/dari-system.com\/no\/wp-json\/wp\/v2\/pages\/25547618\/revisions"}],"predecessor-version":[{"id":25547621,"href":"https:\/\/dari-system.com\/no\/wp-json\/wp\/v2\/pages\/25547618\/revisions\/25547621"}],"wp:attachment":[{"href":"https:\/\/dari-system.com\/no\/wp-json\/wp\/v2\/media?parent=25547618"}],"wp:term":[{"taxonomy":"dipi_cpt_category","embeddable":true,"href":"https:\/\/dari-system.com\/no\/wp-json\/wp\/v2\/dipi_cpt_category?post=25547618"}],"curies":[{"name":"wp","href":"https:\/\/api.w.org\/{rel}","templated":true}]}}