{"id":25547610,"date":"2024-06-19T09:58:35","date_gmt":"2024-06-19T09:58:35","guid":{"rendered":"https:\/\/dari-system.com\/takrennedeksel\/"},"modified":"2024-08-19T15:02:06","modified_gmt":"2024-08-19T15:02:06","slug":"takrennedeksel","status":"publish","type":"page","link":"https:\/\/dari-system.com\/no\/takrennedeksel\/","title":{"rendered":"Takrennedeksel"},"content":{"rendered":"<p>[et_pb_section fb_built=&raquo;1&#8243; fullwidth=&raquo;on&raquo; _builder_version=&raquo;4.25.0&#8243; _module_preset=&raquo;default&raquo; bottom_divider_color=&raquo;#FFFFFF&raquo; bottom_divider_height=&raquo;82px&raquo; bottom_divider_flip=&raquo;horizontal&raquo; locked=&raquo;off&raquo; global_colors_info=&raquo;{}&raquo;][et_pb_fullwidth_header title=&raquo;Takrennedeksel  &raquo; subhead=&raquo;Den beste beskyttelsen for taket ditt&raquo; _builder_version=&raquo;4.25.0&#8243; _module_preset=&raquo;default&raquo; title_font=&raquo;|800|||||||&raquo; title_font_size=&raquo;45px&raquo; background_image=&raquo;https:\/\/dari-system.com\/wp-content\/uploads\/2024\/05\/header_background.webp&raquo; background_position=&raquo;bottom_center&raquo; custom_padding=&raquo;8vh||8vh||true|false&raquo; title_font_size_tablet=&raquo;45px&raquo; title_font_size_phone=&raquo;29px&raquo; title_font_size_last_edited=&raquo;on|phone&raquo; content_font_size_tablet=&raquo;&raquo; content_font_size_phone=&raquo;17px&raquo; content_font_size_last_edited=&raquo;on|phone&raquo; global_colors_info=&raquo;{}&raquo;][\/et_pb_fullwidth_header][\/et_pb_section][et_pb_section fb_built=&raquo;1&#8243; _builder_version=&raquo;4.25.0&#8243; _module_preset=&raquo;default&raquo; custom_margin=&raquo;||0px||false|false&raquo; custom_padding=&raquo;||0px||false|false&raquo; global_colors_info=&raquo;{}&raquo;][et_pb_row column_structure=&raquo;1_2,1_2&#8243; _builder_version=&raquo;4.25.0&#8243; _module_preset=&raquo;default&raquo; global_colors_info=&raquo;{}&raquo;][et_pb_column type=&raquo;1_2&#8243; _builder_version=&raquo;4.25.0&#8243; _module_preset=&raquo;default&raquo; global_colors_info=&raquo;{}&raquo;][et_pb_text _builder_version=&raquo;4.25.0&#8243; _module_preset=&raquo;default&raquo; header_2_font=&raquo;|700|||||||&raquo; global_colors_info=&raquo;{}&raquo;]<\/p>\n<h2>Det sikre takrenneovertrekket for taket ditt<\/h2>\n<p>Et takrenneovertrekk beskytter takrennen effektivt mot blokkeringer for\u00e5rsaket av l\u00f8v, n\u00e5ler, sm\u00e5 greiner og mose.<br \/>\nUten <strong>takrennekappe<\/strong> kan selv takrenner med kasseform raskt bli tette.<br \/>\nAlle huseiere kjenner til problemet med \u00e5 m\u00e5tte rengj\u00f8re halvrunde takrenner og takrenner igjen og igjen.<br \/>\nSpesielt om h\u00f8sten blir takrenner og takrenner raskt tette av l\u00f8v.<br \/>\nEt effektivt takrennedeksel beskytter derfor ikke bare takrennen mot tilstopping, men gj\u00f8r det ogs\u00e5 lettere for huseieren \u00e5 beskytte huset sitt, ettersom regnvannet ikke renner over den tilstoppede takrennen og suger opp husveggen.    <\/p>\n<p>[\/et_pb_text][\/et_pb_column][et_pb_column type=&raquo;1_2&#8243; _builder_version=&raquo;4.25.0&#8243; _module_preset=&raquo;default&raquo; global_colors_info=&raquo;{}&raquo;][et_pb_image src=&raquo;https:\/\/dari-system.com\/wp-content\/uploads\/2024\/06\/dachrinnenabdeckung.webp&raquo; alt=&raquo;Deksel for takrenner&raquo; title_text=&raquo;Takrennedeksel&raquo; _builder_version=&raquo;4.25.0&#8243; _module_preset=&raquo;default&raquo; custom_margin=&raquo;||5px||false|false&raquo; global_colors_info=&raquo;{}&raquo;][\/et_pb_image][et_pb_text _builder_version=&raquo;4.25.0&#8243; _module_preset=&raquo;default&raquo; custom_margin=&raquo;0px||||false|false&raquo; global_colors_info=&raquo;{}&raquo;]<\/p>\n<p style=\"text-align: center;\"><em>DaRi takrennedeksel<\/em><\/p>\n<p>[\/et_pb_text][\/et_pb_column][\/et_pb_row][\/et_pb_section][et_pb_section fb_built=&raquo;1&#8243; _builder_version=&raquo;4.25.0&#8243; _module_preset=&raquo;default&raquo; custom_margin=&raquo;0px||||false|false&raquo; custom_padding=&raquo;0px||||false|false&raquo; global_colors_info=&raquo;{}&raquo;][et_pb_row _builder_version=&raquo;4.25.0&#8243; _module_preset=&raquo;default&raquo; global_colors_info=&raquo;{}&raquo;][et_pb_column type=&raquo;4_4&#8243; _builder_version=&raquo;4.25.0&#8243; _module_preset=&raquo;default&raquo; global_colors_info=&raquo;{}&raquo;][et_pb_text _builder_version=&raquo;4.25.0&#8243; _module_preset=&raquo;default&raquo; header_2_font=&raquo;|700|||||||&raquo; hover_enabled=&raquo;0&#8243; global_colors_info=&raquo;{}&raquo; sticky_enabled=&raquo;0&#8243;]<\/p>\n<h2>Spar kostnader ved \u00e5 kj\u00f8pe et takrenneovertrekk<\/h2>\n<p>Med et takrenneovertrekk til takrennen eller takrenneboksen din kan du effektivt spare kostnader.<br \/>\nEn tilstoppet takrenne kan nemlig bli sv\u00e6rt kostbar hvis takrennen renner over og suger til seg husveggen.<br \/>\nVann kan ogs\u00e5 trenge inn i kjelleren via lysbr\u00f8nnen hvis takrennen renner over.<br \/>\nUnng\u00e5 denne risikoen og beskytt takrennen med et takrenneovertrekk.   <\/p>\n<h2>Bedre livskvalitet med et godt takrenneovertrekk<\/h2>\n<p>Med et godt takrenneovertrekk f\u00e5r du ogs\u00e5 bedre livskvalitet.<br \/>\nFor hvis du ikke lenger trenger \u00e5 bekymre deg for at takrenna eller takrennen skal bli tett, kan du dra p\u00e5 h\u00f8stferie med ro i sinnet. <\/p>\n<h2>V\u00e6r oppmerksom p\u00e5 kvaliteten p\u00e5 takrenneovertrekket<\/h2>\n<p>Hvis du er p\u00e5 utkikk etter et takrenneovertrekk av h\u00f8y kvalitet, m\u00e5 du sjekke n\u00f8ye om takrenneovertrekket oppfyller sitt form\u00e5l.<br \/>\nV\u00e6r derfor oppmerksom p\u00e5 kvaliteten p\u00e5 takrenneovertrekket.<br \/>\nVi tilbyr takrennekapper av topp kvalitet til halvrunde takrenner og takrenner med kasse.<br \/>\nV\u00e5re takrenneovertrekk passer til nesten alle takrenner.   <\/p>\n<h2>God service er sv\u00e6rt viktig n\u00e5r du kj\u00f8per et takrenneovertrekk<\/h2>\n<p>Du f\u00e5r den beste servicen fra oss.<br \/>\nDu kan sende oss bilder av takrennen eller rennesteinen din, s\u00e5 gir vi deg gratis r\u00e5d om hvilken takrennekappe som passer best til din takrenne eller rennestein.<br \/>\nSelv om det skulle oppst\u00e5 problemer under monteringen, er vi der for \u00e5 hjelpe deg og gi deg r\u00e5d.  <\/p>\n<h2>For \u00e5 sikre at du kan ha glede av taket ditt i lang tid, b\u00f8r du beskytte takrennen med et takrenneovertrekk<\/h2>\n<p>Et takrenneovertrekk sparer deg for mye kjedelig arbeid.<br \/>\n\u00c5 m\u00e5tte klatre opp i den h\u00f8ye stigen flere ganger i \u00e5ret er ikke bare kjedelig, men ogs\u00e5 farlig.<br \/>\nJo eldre du blir, desto mer \u00f8nsker du \u00e5 unng\u00e5 denne ulykkesrisikoen.  <\/p>\n<h2>Garanti for at rennesteinen ikke lenger tetter seg<\/h2>\n<p>Med et takrenneovertrekk fra v\u00e5r butikk f\u00e5r du en garanti fra oss om at takrennen din ikke lenger vil bli blokkert av l\u00f8v.<br \/>\nHvor ellers kan du f\u00e5 en slik garanti p\u00e5 et takrenneovertrekk? <\/p>\n<p>Dette kan ogs\u00e5 v\u00e6re av interesse for deg:<\/p>\n<ul>\n<li><a href=\"https:\/\/dari-system.com\/no\/loevbeskyttet-takrenne\/\" title=\"L\u00f8vbeskyttet takrenne\"><a href=\"https:\/\/dari-system.com\/no\/loevbeskyttet-takrenne\/\">L\u00f8vbeskyttelse for takrennen<\/a><\/a><\/li>\n<li><a href=\"https:\/\/dari-system.com\/regenrinnen-laubschutz\/\" title=\"Takrenner L\u00f8vbeskyttelse\"><a href=\"https:\/\/dari-system.com\/regenrinnen-laubschutz\/\">Takrenner L\u00f8vbeskyttelse<\/a><\/a><\/li>\n<li><a href=\"https:\/\/dari-system.com\/no\/loevbeskyttet-takrenne-2\/\" title=\"L\u00f8vbeskyttet takrenne\"><a href=\"https:\/\/dari-system.com\/no\/loevbeskyttet-takrenne-2\/\">L\u00f8vbeskyttelse for takrennen<\/a><\/a><\/li>\n<li><a href=\"https:\/\/dari-system.com\/no\/takrennedeksel\/\" title=\"Takrennedeksel\"> <a href=\"https:\/\/dari-system.com\/no\/takrennedeksel\/\"> Takrennedeksel<\/a><\/a><\/li>\n<\/ul>\n<p>[\/et_pb_text][\/et_pb_column][\/et_pb_row][\/et_pb_section]<\/p>\n","protected":false},"excerpt":{"rendered":"<p>Det sikre takrenneovertrekket for taket ditt Et takrenneovertrekk beskytter takrennen effektivt mot blokkeringer for\u00e5rsaket av l\u00f8v, n\u00e5ler, sm\u00e5 greiner og mose. Uten takrennekappe kan selv takrenner med kasseform raskt bli tette. Alle huseiere kjenner til problemet med \u00e5 m\u00e5tte rengj\u00f8re halvrunde takrenner og takrenner igjen og igjen. Spesielt om h\u00f8sten blir takrenner og takrenner raskt [&hellip;]<\/p>\n","protected":false},"author":1,"featured_media":0,"parent":0,"menu_order":0,"comment_status":"closed","ping_status":"closed","template":"","meta":{"_et_pb_use_builder":"on","_et_pb_old_content":"","_et_gb_content_width":"","iawp_total_views":22,"footnotes":""},"dipi_cpt_category":[],"class_list":["post-25547610","page","type-page","status-publish","hentry"],"yoast_head":"<!-- This site is optimized with the Yoast SEO plugin v27.2 - https:\/\/yoast.com\/product\/yoast-seo-wordpress\/ -->\n<title>DaRi takrenneovertrekk - perfekt beskyttelse mot l\u00f8v<\/title>\n<meta name=\"description\" content=\"Finn ut mer om DaRi takrenneovertrekk og beskytt takrennen din mot l\u00f8v og blokkeringer. Vi gir r\u00e5d om\" \/>\n<meta name=\"robots\" content=\"index, follow, max-snippet:-1, max-image-preview:large, max-video-preview:-1\" \/>\n<link rel=\"canonical\" href=\"https:\/\/dari-system.com\/no\/takrennedeksel\/\" \/>\n<meta property=\"og:locale\" content=\"nb_NO\" \/>\n<meta property=\"og:type\" content=\"article\" \/>\n<meta property=\"og:title\" content=\"DaRi takrenneovertrekk - perfekt beskyttelse mot l\u00f8v\" \/>\n<meta property=\"og:description\" content=\"Finn ut mer om DaRi takrenneovertrekk og beskytt takrennen din mot l\u00f8v og blokkeringer. Vi gir r\u00e5d om\" \/>\n<meta property=\"og:url\" content=\"https:\/\/dari-system.com\/no\/takrennedeksel\/\" \/>\n<meta property=\"og:site_name\" content=\"DaRi System\" \/>\n<meta property=\"article:modified_time\" content=\"2024-08-19T15:02:06+00:00\" \/>\n<meta name=\"twitter:card\" content=\"summary_large_image\" \/>\n<meta name=\"twitter:label1\" content=\"Ansl. lesetid\" \/>\n\t<meta name=\"twitter:data1\" content=\"4 minutter\" \/>\n<script type=\"application\/ld+json\" class=\"yoast-schema-graph\">{\"@context\":\"https:\/\/schema.org\",\"@graph\":[{\"@type\":\"WebPage\",\"@id\":\"https:\/\/dari-system.com\/no\/takrennedeksel\/\",\"url\":\"https:\/\/dari-system.com\/no\/takrennedeksel\/\",\"name\":\"DaRi takrenneovertrekk - perfekt beskyttelse mot l\u00f8v\",\"isPartOf\":{\"@id\":\"https:\/\/dari-system.com\/no\/#website\"},\"datePublished\":\"2024-06-19T09:58:35+00:00\",\"dateModified\":\"2024-08-19T15:02:06+00:00\",\"description\":\"Finn ut mer om DaRi takrenneovertrekk og beskytt takrennen din mot l\u00f8v og blokkeringer. Vi gir r\u00e5d om\",\"breadcrumb\":{\"@id\":\"https:\/\/dari-system.com\/no\/takrennedeksel\/#breadcrumb\"},\"inLanguage\":\"nb-NO\",\"potentialAction\":[{\"@type\":\"ReadAction\",\"target\":[\"https:\/\/dari-system.com\/no\/takrennedeksel\/\"]}]},{\"@type\":\"BreadcrumbList\",\"@id\":\"https:\/\/dari-system.com\/no\/takrennedeksel\/#breadcrumb\",\"itemListElement\":[{\"@type\":\"ListItem\",\"position\":1,\"name\":\"Startseite\",\"item\":\"https:\/\/dari-system.com\/no\/\"},{\"@type\":\"ListItem\",\"position\":2,\"name\":\"Takrennedeksel\"}]},{\"@type\":\"WebSite\",\"@id\":\"https:\/\/dari-system.com\/no\/#website\",\"url\":\"https:\/\/dari-system.com\/no\/\",\"name\":\"DaRi System\",\"description\":\"\",\"potentialAction\":[{\"@type\":\"SearchAction\",\"target\":{\"@type\":\"EntryPoint\",\"urlTemplate\":\"https:\/\/dari-system.com\/no\/?s={search_term_string}\"},\"query-input\":{\"@type\":\"PropertyValueSpecification\",\"valueRequired\":true,\"valueName\":\"search_term_string\"}}],\"inLanguage\":\"nb-NO\"}]}<\/script>\n<!-- \/ Yoast SEO plugin. -->","yoast_head_json":{"title":"DaRi takrenneovertrekk - perfekt beskyttelse mot l\u00f8v","description":"Finn ut mer om DaRi takrenneovertrekk og beskytt takrennen din mot l\u00f8v og blokkeringer. Vi gir r\u00e5d om","robots":{"index":"index","follow":"follow","max-snippet":"max-snippet:-1","max-image-preview":"max-image-preview:large","max-video-preview":"max-video-preview:-1"},"canonical":"https:\/\/dari-system.com\/no\/takrennedeksel\/","og_locale":"nb_NO","og_type":"article","og_title":"DaRi takrenneovertrekk - perfekt beskyttelse mot l\u00f8v","og_description":"Finn ut mer om DaRi takrenneovertrekk og beskytt takrennen din mot l\u00f8v og blokkeringer. Vi gir r\u00e5d om","og_url":"https:\/\/dari-system.com\/no\/takrennedeksel\/","og_site_name":"DaRi System","article_modified_time":"2024-08-19T15:02:06+00:00","twitter_card":"summary_large_image","twitter_misc":{"Ansl. lesetid":"4 minutter"},"schema":{"@context":"https:\/\/schema.org","@graph":[{"@type":"WebPage","@id":"https:\/\/dari-system.com\/no\/takrennedeksel\/","url":"https:\/\/dari-system.com\/no\/takrennedeksel\/","name":"DaRi takrenneovertrekk - perfekt beskyttelse mot l\u00f8v","isPartOf":{"@id":"https:\/\/dari-system.com\/no\/#website"},"datePublished":"2024-06-19T09:58:35+00:00","dateModified":"2024-08-19T15:02:06+00:00","description":"Finn ut mer om DaRi takrenneovertrekk og beskytt takrennen din mot l\u00f8v og blokkeringer. Vi gir r\u00e5d om","breadcrumb":{"@id":"https:\/\/dari-system.com\/no\/takrennedeksel\/#breadcrumb"},"inLanguage":"nb-NO","potentialAction":[{"@type":"ReadAction","target":["https:\/\/dari-system.com\/no\/takrennedeksel\/"]}]},{"@type":"BreadcrumbList","@id":"https:\/\/dari-system.com\/no\/takrennedeksel\/#breadcrumb","itemListElement":[{"@type":"ListItem","position":1,"name":"Startseite","item":"https:\/\/dari-system.com\/no\/"},{"@type":"ListItem","position":2,"name":"Takrennedeksel"}]},{"@type":"WebSite","@id":"https:\/\/dari-system.com\/no\/#website","url":"https:\/\/dari-system.com\/no\/","name":"DaRi System","description":"","potentialAction":[{"@type":"SearchAction","target":{"@type":"EntryPoint","urlTemplate":"https:\/\/dari-system.com\/no\/?s={search_term_string}"},"query-input":{"@type":"PropertyValueSpecification","valueRequired":true,"valueName":"search_term_string"}}],"inLanguage":"nb-NO"}]}},"_links":{"self":[{"href":"https:\/\/dari-system.com\/no\/wp-json\/wp\/v2\/pages\/25547610","targetHints":{"allow":["GET"]}}],"collection":[{"href":"https:\/\/dari-system.com\/no\/wp-json\/wp\/v2\/pages"}],"about":[{"href":"https:\/\/dari-system.com\/no\/wp-json\/wp\/v2\/types\/page"}],"author":[{"embeddable":true,"href":"https:\/\/dari-system.com\/no\/wp-json\/wp\/v2\/users\/1"}],"replies":[{"embeddable":true,"href":"https:\/\/dari-system.com\/no\/wp-json\/wp\/v2\/comments?post=25547610"}],"version-history":[{"count":2,"href":"https:\/\/dari-system.com\/no\/wp-json\/wp\/v2\/pages\/25547610\/revisions"}],"predecessor-version":[{"id":25547617,"href":"https:\/\/dari-system.com\/no\/wp-json\/wp\/v2\/pages\/25547610\/revisions\/25547617"}],"wp:attachment":[{"href":"https:\/\/dari-system.com\/no\/wp-json\/wp\/v2\/media?parent=25547610"}],"wp:term":[{"taxonomy":"dipi_cpt_category","embeddable":true,"href":"https:\/\/dari-system.com\/no\/wp-json\/wp\/v2\/dipi_cpt_category?post=25547610"}],"curies":[{"name":"wp","href":"https:\/\/api.w.org\/{rel}","templated":true}]}}