{"id":25547599,"date":"2024-06-19T09:23:15","date_gmt":"2024-06-19T09:23:15","guid":{"rendered":"https:\/\/dari-system.com\/loevbeskyttet-takrenne-2\/"},"modified":"2024-08-19T15:02:04","modified_gmt":"2024-08-19T15:02:04","slug":"loevbeskyttet-takrenne-2","status":"publish","type":"page","link":"https:\/\/dari-system.com\/no\/loevbeskyttet-takrenne-2\/","title":{"rendered":"L\u00f8vbeskyttet takrenne"},"content":{"rendered":"<p>[et_pb_section fb_built=&raquo;1&#8243; fullwidth=&raquo;on&raquo; _builder_version=&raquo;4.25.0&#8243; _module_preset=&raquo;default&raquo; bottom_divider_color=&raquo;#FFFFFF&raquo; bottom_divider_height=&raquo;82px&raquo; bottom_divider_flip=&raquo;horizontal&raquo; locked=&raquo;off&raquo; global_colors_info=&raquo;{}&raquo;][et_pb_fullwidth_header title=&raquo;L\u00f8vbeskyttet takrenne&raquo; subhead=&raquo;Slik at du kan sove rolig&raquo; _builder_version=&raquo;4.25.0&#8243; _module_preset=&raquo;default&raquo; title_font=&raquo;|800|||||||&raquo; title_font_size=&raquo;45px&raquo; background_image=&raquo;https:\/\/dari-system.com\/wp-content\/uploads\/2024\/05\/header_background.webp&raquo; background_position=&raquo;bottom_center&raquo; custom_padding=&raquo;8vh||8vh||true|false&raquo; title_font_size_tablet=&raquo;45px&raquo; title_font_size_phone=&raquo;29px&raquo; title_font_size_last_edited=&raquo;on|phone&raquo; content_font_size_tablet=&raquo;&raquo; content_font_size_phone=&raquo;17px&raquo; content_font_size_last_edited=&raquo;on|phone&raquo; global_colors_info=&raquo;{}&raquo;][\/et_pb_fullwidth_header][\/et_pb_section][et_pb_section fb_built=&raquo;1&#8243; _builder_version=&raquo;4.25.0&#8243; _module_preset=&raquo;default&raquo; custom_margin=&raquo;||0px||false|false&raquo; custom_padding=&raquo;||0px||false|false&raquo; global_colors_info=&raquo;{}&raquo;][et_pb_row column_structure=&raquo;1_2,1_2&#8243; _builder_version=&raquo;4.25.0&#8243; _module_preset=&raquo;default&raquo; global_colors_info=&raquo;{}&raquo;][et_pb_column type=&raquo;1_2&#8243; _builder_version=&raquo;4.25.0&#8243; _module_preset=&raquo;default&raquo; global_colors_info=&raquo;{}&raquo;][et_pb_text _builder_version=&raquo;4.25.0&#8243; _module_preset=&raquo;default&raquo; header_2_font=&raquo;|700|||||||&raquo; global_colors_info=&raquo;{}&raquo;]<\/p>\n<h2><strong>Den ideelle l\u00f8vbeskyttelsen for takrennen din<\/strong><\/h2>\n<p>Kjenner du til problemet med \u00e5 ha s\u00f8vnl\u00f8se netter om h\u00f8sten fordi du er bekymret for at takrenna eller takrennen skal bli blokkert av l\u00f8v og renne over n\u00e5r det regner?<br \/>\nAlle huseiere kjenner nok til dette.<br \/>\nDerfor vil du ha en l\u00f8vbeskytter til takrenna eller takrennen, slik at du kan sove rolig igjen.<br \/>\nEn l\u00f8vbeskytter til takrennen kan nemlig effektivt forhindre at l\u00f8v, mose, sm\u00e5 greiner eller n\u00e5ler faller ned i takrennen eller takrennen.<br \/>\nEn <strong>l\u00f8vbeskytter til takrenna<\/strong> er en s\u00e6rdeles effektiv l\u00f8sning som sparer deg <strong>for<\/strong> mye arbeid.    <\/p>\n<p>[\/et_pb_text][\/et_pb_column][et_pb_column type=&raquo;1_2&#8243; _builder_version=&raquo;4.25.0&#8243; _module_preset=&raquo;default&raquo; global_colors_info=&raquo;{}&raquo;][et_pb_image src=&raquo;https:\/\/dari-system.com\/wp-content\/uploads\/2024\/06\/laubschutz-dachrinne.webp&raquo; alt=&raquo;L\u00f8vbeskyttet takrenne&raquo; title_text=&raquo;bladbeskyttelse takrenne&raquo; _builder_version=&raquo;4.25.0&#8243; _module_preset=&raquo;default&raquo; custom_margin=&raquo;||5px||false|false&raquo; global_colors_info=&raquo;{}&raquo;][\/et_pb_image][et_pb_text _builder_version=&raquo;4.25.0&#8243; _module_preset=&raquo;default&raquo; custom_margin=&raquo;0px||||false|false&raquo; global_colors_info=&raquo;{}&raquo;]<\/p>\n<p style=\"text-align: center;\"><em>DaRi-System bladbeskyttende takrenne<\/em><\/p>\n<p>[\/et_pb_text][\/et_pb_column][\/et_pb_row][\/et_pb_section][et_pb_section fb_built=&raquo;1&#8243; _builder_version=&raquo;4.25.0&#8243; _module_preset=&raquo;default&raquo; custom_margin=&raquo;0px||||false|false&raquo; custom_padding=&raquo;0px||||false|false&raquo; global_colors_info=&raquo;{}&raquo;][et_pb_row _builder_version=&raquo;4.25.0&#8243; _module_preset=&raquo;default&raquo; global_colors_info=&raquo;{}&raquo;][et_pb_column type=&raquo;4_4&#8243; _builder_version=&raquo;4.25.0&#8243; _module_preset=&raquo;default&raquo; global_colors_info=&raquo;{}&raquo;][et_pb_text _builder_version=&raquo;4.25.0&#8243; _module_preset=&raquo;default&raquo; header_2_font=&raquo;|700|||||||&raquo; hover_enabled=&raquo;0&#8243; global_colors_info=&raquo;{}&raquo; sticky_enabled=&raquo;0&#8243;]<\/p>\n<h2>L\u00f8vbeskyttelse for takrenner &#8211; ikke en luksus, men n\u00f8dvendig for alle takrenner<\/h2>\n<p>En l\u00f8vbeskytter til takrennen er ingen luksus.<br \/>\nHvis du tenker p\u00e5 hvor mye arbeid du m\u00e5 legge ned i \u00e5 rengj\u00f8re takrennen flere ganger i \u00e5ret, kan du gj\u00f8re livet ditt enklere ved \u00e5 installere en l\u00f8vbeskytter til takrennen.<br \/>\nDet er nemlig ikke bare kjedelig \u00e5 rense takrennen, det er ogs\u00e5 farlig.<br \/>\nJo eldre du blir, desto st\u00f8rre er risikoen for ulykker.<br \/>\nTakrenna befinner seg tross alt flere meter over bakken.<br \/>\nMed en l\u00f8vbeskytter til takrenna sparer du ikke bare deg selv for en ubehagelig jobb, men reduserer ogs\u00e5 risikoen for ulykker og gj\u00f8r noe for helsen din.<br \/>\nTakrennene p\u00e5 utestuer, kalesjer og balkonger er ofte ikke standardiserte.<br \/>\nHer er det som regel montert smale bokrenner.<br \/>\nDet er derfor ikke s\u00e5 lett \u00e5 finne en l\u00f8vbeskytter til takrenner her.<br \/>\nI v\u00e5rt sortiment finner du imidlertid ikke bare bladbeskyttere til vanlige, halvsirkelformede takrenner, men ogs\u00e5 til takrenner i ulike bredder.<br \/>\nDette gj\u00f8r at du kan beskytte selv smale takrenner mot blokkeringer.          <\/p>\n<h2>Kj\u00f8p kun l\u00f8vbeskyttelse av h\u00f8y kvalitet til takrennen<\/h2>\n<p>Hvis du virkelig er p\u00e5 utkikk etter en holdbar bladbeskyttelse av h\u00f8y kvalitet til takrennen din, har du kommet til rett sted.<br \/>\nVi har jobbet med temaet l\u00f8vbeskyttelse for takrenner og takrenner i 20 \u00e5r og er alltid p\u00e5 utkikk etter de beste l\u00f8sningene for v\u00e5re kunder.<br \/>\nVi er absolutte eksperter p\u00e5 dette feltet, og en l\u00f8vbeskyttelse for takrenner fra v\u00e5rt firma er av h\u00f8yeste kvalitet og holdbarhet.  <\/p>\n<h2><em>Service<\/em> er en topp prioritet for oss.<br \/>\nOgs\u00e5 for bladbeskyttelse for takrennen <\/h2>\n<p>Vi har v\u00e6rt eksperter p\u00e5 alle typer takrennebeskyttelser i 20 \u00e5r.<br \/>\nAlle systemene er designet og testet av oss og produseres n\u00e5 i Tyskland.<br \/>\nSend oss gjerne bilder av takrennen din, s\u00e5 gir vi deg gratis r\u00e5d om hvilken l\u00f8vbeskytter til takrenne eller takrenne som passer best for deg.  <\/p>\n<h2>Spar penger med en l\u00f8vbeskytter for takrennen<\/h2>\n<p>Har du noen gang tenkt p\u00e5 hva som kan skje hvis takrenna blokkeres og renner over n\u00e5r det regner?<br \/>\nTil og med kjelleren din kan fylles med vann via lysbr\u00f8nnen.<br \/>\nMed en l\u00f8vbeskytter til takrenna unng\u00e5r du denne risikoen og sparer mye penger.<\/p>\n<p>En l\u00f8vbeskytter til takrenna er tross alt en engangsinvestering, og du f\u00e5r fred og ro p\u00e5 taket p\u00e5 lang sikt. En l\u00f8vbeskytter til takrenna gj\u00f8r livet ditt enklere Med en l\u00f8vbeskytter til takrenna eller takrennen kan du dra p\u00e5 ferie om h\u00f8sten uten \u00e5 bekymre deg for at takrenna skal bli tett.<br \/>\nLivet ditt blir enklere, og du kan konsentrere deg om morsommere ting n\u00e5r du vet at takrenna er permanent beskyttet av en l\u00f8vbeskytter.    <\/p>\n<p>Dette kan ogs\u00e5 v\u00e6re av interesse for deg:<\/p>\n<ul>\n<li><a href=\"https:\/\/dari-system.com\/no\/loevbeskyttet-takrenne\/\" title=\"L\u00f8vbeskyttet takrenne\"><a href=\"https:\/\/dari-system.com\/no\/loevbeskyttet-takrenne\/\">L\u00f8vbeskyttelse for takrennen<\/a><\/a><\/li>\n<li><a href=\"https:\/\/dari-system.com\/regenrinnen-laubschutz\/\" title=\"Takrenner L\u00f8vbeskyttelse\"><a href=\"https:\/\/dari-system.com\/regenrinnen-laubschutz\/\">Takrenner L\u00f8vbeskyttelse<\/a><\/a><\/li>\n<li><a href=\"https:\/\/dari-system.com\/no\/loevbeskyttet-takrenne-2\/\" title=\"L\u00f8vbeskyttet takrenne\"><a href=\"https:\/\/dari-system.com\/no\/loevbeskyttet-takrenne-2\/\">L\u00f8vbeskyttelse for takrennen<\/a><\/a><\/li>\n<li><a href=\"https:\/\/dari-system.com\/dachrinnenabdeckung\/\" title=\"Takrennedeksel\"> <a href=\"https:\/\/dari-system.com\/dachrinnenabdeckung\/\"> Takrennedeksel <\/a> <\/a><\/li>\n<\/ul>\n<p>[\/et_pb_text][\/et_pb_column][\/et_pb_row][\/et_pb_section]<\/p>\n","protected":false},"excerpt":{"rendered":"<p>Den ideelle l\u00f8vbeskyttelsen for takrennen din Kjenner du til problemet med \u00e5 ha s\u00f8vnl\u00f8se netter om h\u00f8sten fordi du er bekymret for at takrenna eller takrennen skal bli blokkert av l\u00f8v og renne over n\u00e5r det regner? Alle huseiere kjenner nok til dette. Derfor vil du ha en l\u00f8vbeskytter til takrenna eller takrennen, slik at [&hellip;]<\/p>\n","protected":false},"author":1,"featured_media":0,"parent":0,"menu_order":0,"comment_status":"closed","ping_status":"closed","template":"","meta":{"_et_pb_use_builder":"on","_et_pb_old_content":"","_et_gb_content_width":"","iawp_total_views":17,"footnotes":""},"dipi_cpt_category":[],"class_list":["post-25547599","page","type-page","status-publish","hentry"],"yoast_head":"<!-- This site is optimized with the Yoast SEO plugin v27.4 - https:\/\/yoast.com\/product\/yoast-seo-wordpress\/ -->\n<title>Optimal l\u00f8vbeskyttelse for takrennen din fra DaRi-System<\/title>\n<meta name=\"description\" content=\"DaRi sikrer takrennen din med en l\u00f8vbeskytter av h\u00f8y kvalitet. N\u00e5 slipper du \u00e5 fjerne irriterende l\u00f8v. Finn ut mer om dette!\" \/>\n<meta name=\"robots\" content=\"index, follow, max-snippet:-1, max-image-preview:large, max-video-preview:-1\" \/>\n<link rel=\"canonical\" href=\"https:\/\/dari-system.com\/no\/loevbeskyttet-takrenne-2\/\" \/>\n<meta property=\"og:locale\" content=\"nb_NO\" \/>\n<meta property=\"og:type\" content=\"article\" \/>\n<meta property=\"og:title\" content=\"Optimal l\u00f8vbeskyttelse for takrennen din fra DaRi-System\" \/>\n<meta property=\"og:description\" content=\"DaRi sikrer takrennen din med en l\u00f8vbeskytter av h\u00f8y kvalitet. N\u00e5 slipper du \u00e5 fjerne irriterende l\u00f8v. Finn ut mer om dette!\" \/>\n<meta property=\"og:url\" content=\"https:\/\/dari-system.com\/no\/loevbeskyttet-takrenne-2\/\" \/>\n<meta property=\"og:site_name\" content=\"DaRi System\" \/>\n<meta property=\"article:modified_time\" content=\"2024-08-19T15:02:04+00:00\" \/>\n<meta name=\"twitter:card\" content=\"summary_large_image\" \/>\n<meta name=\"twitter:label1\" content=\"Ansl. lesetid\" \/>\n\t<meta name=\"twitter:data1\" content=\"5 minutter\" \/>\n<script type=\"application\/ld+json\" class=\"yoast-schema-graph\">{\"@context\":\"https:\\\/\\\/schema.org\",\"@graph\":[{\"@type\":\"WebPage\",\"@id\":\"https:\\\/\\\/dari-system.com\\\/no\\\/loevbeskyttet-takrenne-2\\\/\",\"url\":\"https:\\\/\\\/dari-system.com\\\/no\\\/loevbeskyttet-takrenne-2\\\/\",\"name\":\"Optimal l\u00f8vbeskyttelse for takrennen din fra DaRi-System\",\"isPartOf\":{\"@id\":\"https:\\\/\\\/dari-system.com\\\/no\\\/#website\"},\"datePublished\":\"2024-06-19T09:23:15+00:00\",\"dateModified\":\"2024-08-19T15:02:04+00:00\",\"description\":\"DaRi sikrer takrennen din med en l\u00f8vbeskytter av h\u00f8y kvalitet. N\u00e5 slipper du \u00e5 fjerne irriterende l\u00f8v. Finn ut mer om dette!\",\"breadcrumb\":{\"@id\":\"https:\\\/\\\/dari-system.com\\\/no\\\/loevbeskyttet-takrenne-2\\\/#breadcrumb\"},\"inLanguage\":\"nb-NO\",\"potentialAction\":[{\"@type\":\"ReadAction\",\"target\":[\"https:\\\/\\\/dari-system.com\\\/no\\\/loevbeskyttet-takrenne-2\\\/\"]}]},{\"@type\":\"BreadcrumbList\",\"@id\":\"https:\\\/\\\/dari-system.com\\\/no\\\/loevbeskyttet-takrenne-2\\\/#breadcrumb\",\"itemListElement\":[{\"@type\":\"ListItem\",\"position\":1,\"name\":\"Startseite\",\"item\":\"https:\\\/\\\/dari-system.com\\\/no\\\/\"},{\"@type\":\"ListItem\",\"position\":2,\"name\":\"L\u00f8vbeskyttet takrenne\"}]},{\"@type\":\"WebSite\",\"@id\":\"https:\\\/\\\/dari-system.com\\\/no\\\/#website\",\"url\":\"https:\\\/\\\/dari-system.com\\\/no\\\/\",\"name\":\"DaRi System\",\"description\":\"\",\"potentialAction\":[{\"@type\":\"SearchAction\",\"target\":{\"@type\":\"EntryPoint\",\"urlTemplate\":\"https:\\\/\\\/dari-system.com\\\/no\\\/?s={search_term_string}\"},\"query-input\":{\"@type\":\"PropertyValueSpecification\",\"valueRequired\":true,\"valueName\":\"search_term_string\"}}],\"inLanguage\":\"nb-NO\"}]}<\/script>\n<!-- \/ Yoast SEO plugin. -->","yoast_head_json":{"title":"Optimal l\u00f8vbeskyttelse for takrennen din fra DaRi-System","description":"DaRi sikrer takrennen din med en l\u00f8vbeskytter av h\u00f8y kvalitet. N\u00e5 slipper du \u00e5 fjerne irriterende l\u00f8v. Finn ut mer om dette!","robots":{"index":"index","follow":"follow","max-snippet":"max-snippet:-1","max-image-preview":"max-image-preview:large","max-video-preview":"max-video-preview:-1"},"canonical":"https:\/\/dari-system.com\/no\/loevbeskyttet-takrenne-2\/","og_locale":"nb_NO","og_type":"article","og_title":"Optimal l\u00f8vbeskyttelse for takrennen din fra DaRi-System","og_description":"DaRi sikrer takrennen din med en l\u00f8vbeskytter av h\u00f8y kvalitet. N\u00e5 slipper du \u00e5 fjerne irriterende l\u00f8v. Finn ut mer om dette!","og_url":"https:\/\/dari-system.com\/no\/loevbeskyttet-takrenne-2\/","og_site_name":"DaRi System","article_modified_time":"2024-08-19T15:02:04+00:00","twitter_card":"summary_large_image","twitter_misc":{"Ansl. lesetid":"5 minutter"},"schema":{"@context":"https:\/\/schema.org","@graph":[{"@type":"WebPage","@id":"https:\/\/dari-system.com\/no\/loevbeskyttet-takrenne-2\/","url":"https:\/\/dari-system.com\/no\/loevbeskyttet-takrenne-2\/","name":"Optimal l\u00f8vbeskyttelse for takrennen din fra DaRi-System","isPartOf":{"@id":"https:\/\/dari-system.com\/no\/#website"},"datePublished":"2024-06-19T09:23:15+00:00","dateModified":"2024-08-19T15:02:04+00:00","description":"DaRi sikrer takrennen din med en l\u00f8vbeskytter av h\u00f8y kvalitet. N\u00e5 slipper du \u00e5 fjerne irriterende l\u00f8v. Finn ut mer om dette!","breadcrumb":{"@id":"https:\/\/dari-system.com\/no\/loevbeskyttet-takrenne-2\/#breadcrumb"},"inLanguage":"nb-NO","potentialAction":[{"@type":"ReadAction","target":["https:\/\/dari-system.com\/no\/loevbeskyttet-takrenne-2\/"]}]},{"@type":"BreadcrumbList","@id":"https:\/\/dari-system.com\/no\/loevbeskyttet-takrenne-2\/#breadcrumb","itemListElement":[{"@type":"ListItem","position":1,"name":"Startseite","item":"https:\/\/dari-system.com\/no\/"},{"@type":"ListItem","position":2,"name":"L\u00f8vbeskyttet takrenne"}]},{"@type":"WebSite","@id":"https:\/\/dari-system.com\/no\/#website","url":"https:\/\/dari-system.com\/no\/","name":"DaRi System","description":"","potentialAction":[{"@type":"SearchAction","target":{"@type":"EntryPoint","urlTemplate":"https:\/\/dari-system.com\/no\/?s={search_term_string}"},"query-input":{"@type":"PropertyValueSpecification","valueRequired":true,"valueName":"search_term_string"}}],"inLanguage":"nb-NO"}]}},"_links":{"self":[{"href":"https:\/\/dari-system.com\/no\/wp-json\/wp\/v2\/pages\/25547599","targetHints":{"allow":["GET"]}}],"collection":[{"href":"https:\/\/dari-system.com\/no\/wp-json\/wp\/v2\/pages"}],"about":[{"href":"https:\/\/dari-system.com\/no\/wp-json\/wp\/v2\/types\/page"}],"author":[{"embeddable":true,"href":"https:\/\/dari-system.com\/no\/wp-json\/wp\/v2\/users\/1"}],"replies":[{"embeddable":true,"href":"https:\/\/dari-system.com\/no\/wp-json\/wp\/v2\/comments?post=25547599"}],"version-history":[{"count":2,"href":"https:\/\/dari-system.com\/no\/wp-json\/wp\/v2\/pages\/25547599\/revisions"}],"predecessor-version":[{"id":25547607,"href":"https:\/\/dari-system.com\/no\/wp-json\/wp\/v2\/pages\/25547599\/revisions\/25547607"}],"wp:attachment":[{"href":"https:\/\/dari-system.com\/no\/wp-json\/wp\/v2\/media?parent=25547599"}],"wp:term":[{"taxonomy":"dipi_cpt_category","embeddable":true,"href":"https:\/\/dari-system.com\/no\/wp-json\/wp\/v2\/dipi_cpt_category?post=25547599"}],"curies":[{"name":"wp","href":"https:\/\/api.w.org\/{rel}","templated":true}]}}