{"id":25547594,"date":"2024-05-29T12:54:59","date_gmt":"2024-05-29T12:54:59","guid":{"rendered":"https:\/\/dari-system.com\/kontakt-oss\/"},"modified":"2024-08-19T19:44:31","modified_gmt":"2024-08-19T19:44:31","slug":"kontakt-oss","status":"publish","type":"page","link":"https:\/\/dari-system.com\/no\/kontakt-oss\/","title":{"rendered":"Kontakt oss"},"content":{"rendered":"<p>[et_pb_section fb_built=&raquo;1&#8243; fullwidth=&raquo;on&raquo; _builder_version=&raquo;4.25.0&#8243; _module_preset=&raquo;default&raquo; bottom_divider_color=&raquo;#FFFFFF&raquo; bottom_divider_height=&raquo;82px&raquo; bottom_divider_flip=&raquo;horizontal&raquo; locked=&raquo;off&raquo; global_colors_info=&raquo;{}&raquo;][et_pb_fullwidth_header title=&raquo;Den varme linjen til DaRi-systemet&raquo; _builder_version=&raquo;4.25.0&#8243; _module_preset=&raquo;default&raquo; title_font=&raquo;|800|||||||&raquo; title_font_size=&raquo;45px&raquo; background_image=&raquo;https:\/\/dari-system.com\/wp-content\/uploads\/2024\/05\/header_background.webp&raquo; background_position=&raquo;bottom_center&raquo; custom_padding=&raquo;8vh||8vh||true|false&raquo; title_font_size_tablet=&raquo;45px&raquo; title_font_size_phone=&raquo;29px&raquo; title_font_size_last_edited=&raquo;on|phone&raquo; content_font_size_tablet=&raquo;&raquo; content_font_size_phone=&raquo;17px&raquo; content_font_size_last_edited=&raquo;on|phone&raquo; global_colors_info=&raquo;{}&raquo;]<\/p>\n<p>Vi ser frem til \u00e5 motta dine sp\u00f8rsm\u00e5l og forslag<\/p>\n<p>[\/et_pb_fullwidth_header][\/et_pb_section][et_pb_section fb_built=&raquo;1&#8243; _builder_version=&raquo;4.25.0&#8243; _module_preset=&raquo;default&raquo; global_colors_info=&raquo;{}&raquo;][et_pb_row column_structure=&raquo;1_3,1_3,1_3&#8243; _builder_version=&raquo;4.25.0&#8243; _module_preset=&raquo;default&raquo; global_colors_info=&raquo;{}&raquo;][et_pb_column type=&raquo;1_3&#8243; _builder_version=&raquo;4.25.0&#8243; _module_preset=&raquo;default&raquo; global_colors_info=&raquo;{}&raquo;][et_pb_text _builder_version=&raquo;4.25.0&#8243; _module_preset=&raquo;default&raquo; global_colors_info=&raquo;{}&raquo;]<\/p>\n<h1>Kontakt oss<\/h1>\n<p>[\/et_pb_text][\/et_pb_column][et_pb_column type=&raquo;1_3&#8243; _builder_version=&raquo;4.25.0&#8243; _module_preset=&raquo;default&raquo; global_colors_info=&raquo;{}&raquo;][et_pb_text _builder_version=&raquo;4.27.0&#8243; _module_preset=&raquo;default&raquo; hover_enabled=&raquo;0&#8243; global_colors_info=&raquo;{}&raquo; sticky_enabled=&raquo;0&#8243;]<\/p>\n<p><span class=\"contact-street\" itemprop=\"streetAddress\"><strong>DaRi-Systemteile GmbH<br \/><\/strong><\/span><span class=\"contact-street\" itemprop=\"streetAddress\">Rudolf-Nebel-Str. 12<br \/><\/span><span class=\"contact-suburb\" itemprop=\"addressLocality\">91781 Wei\u00dfenburg<\/span><span class=\"contact-postcode\" itemprop=\"postalCode\"><br \/><\/span><span class=\"contact-country\" itemprop=\"addressCountry\">Tyskland<\/span><\/p>\n<p><span class=\"contact-country\" itemprop=\"addressCountry\"><br \/><\/span><span class=\"jicons-text\" itemprop=\"email\">e-post:<\/span><span class=\"contact-emailto\"><span id=\"cloak5c1e84c5da5ba6caf991d5cc2e8c4796\"> <a href=\"mailto:info@dari-system.com\">info@dari-system.com<\/a><br \/><\/span><\/span><span class=\"jicons-text\">Telefon <\/span><span class=\"contact-telephone\" itemprop=\"telephone\">+49 9141 &#8211; 84 59 370<br \/><\/span><span class=\"jicons-text\">Faks: <\/span><span class=\"contact-fax\" itemprop=\"faxNumber\">+49 9141 &#8211; 84 59 371<\/span><\/p>\n<p>[\/et_pb_text][\/et_pb_column][et_pb_column type=&raquo;1_3&#8243; _builder_version=&raquo;4.25.0&#8243; _module_preset=&raquo;default&raquo; global_colors_info=&raquo;{}&raquo;][et_pb_image src=&raquo;https:\/\/dari-system.com\/wp-content\/uploads\/2024\/06\/eckhard_jentsch_02.webp&raquo; alt=&raquo;Eckhard Jentsch&raquo; title_text=&raquo;eckhard_jentsch_02&#8243; _builder_version=&raquo;4.25.0&#8243; _module_preset=&raquo;default&raquo; border_radii=&raquo;on|1px|1px|1px|1px&raquo; border_width_all=&raquo;2px&raquo; border_color_all=&raquo;#4C76A9&#8243; global_colors_info=&raquo;{}&raquo;][\/et_pb_image][\/et_pb_column][\/et_pb_row][\/et_pb_section][et_pb_section fb_built=&raquo;1&#8243; admin_label=&raquo;Produktvergleich&raquo; module_class=&raquo;tbvs-section-light&raquo; _builder_version=&raquo;4.25.0&#8243; _module_preset=&raquo;default&raquo; background_color=&raquo;#cde2f2&#8243; background_enable_image=&raquo;off&raquo; parallax=&raquo;on&raquo; z_index=&raquo;5&#8243; min_height=&raquo;410.3px&raquo; custom_margin=&raquo;33px||46px||false|false&raquo; custom_padding=&raquo;46px||||false|false&raquo; top_divider_height=&raquo;72px&raquo; locked=&raquo;off&raquo; global_colors_info=&raquo;{}&raquo;][et_pb_row _builder_version=&raquo;4.25.0&#8243; _module_preset=&raquo;default&raquo; global_colors_info=&raquo;{}&raquo;][et_pb_column type=&raquo;4_4&#8243; _builder_version=&raquo;4.25.0&#8243; _module_preset=&raquo;default&raquo; global_colors_info=&raquo;{}&raquo;][et_pb_text _builder_version=&raquo;4.25.0&#8243; _module_preset=&raquo;default&raquo; text_font=&raquo;Open Sans||||||||&raquo; text_text_color=&raquo;#333333&#8243; locked=&raquo;off&raquo; global_colors_info=&raquo;{}&raquo;]<\/p>\n<p><strong><br \/>Hvis du har sp\u00f8rsm\u00e5l, kan du sende oss et bilde av takrennen din p\u00e5 e-post:<a href=\"mailto:info@dari-system.com\">info@dari-system.com<\/a><\/strong><\/p>\n<p>[\/et_pb_text][et_pb_text _builder_version=&raquo;4.25.0&#8243; _module_preset=&raquo;default&raquo; global_colors_info=&raquo;{}&raquo;]<\/p>\n<h2>Eller send oss en melding<\/h2>\n<p>[\/et_pb_text][et_pb_code _builder_version=&raquo;4.27.0&#8243; _module_preset=&raquo;default&raquo; global_colors_info=&raquo;{}&raquo;]<style id=\"wpforms-css-vars-25544250\">\n\t\t\t\t#wpforms-25544250 {\n\t\t\t\t\n\t\t\t}\n\t\t\t<\/style><div class=\"wpforms-container wpforms-container-full wpforms-render-modern\" id=\"wpforms-25544250\"><form id=\"wpforms-form-25544250\" class=\"wpforms-validate wpforms-form wpforms-ajax-form\" data-formid=\"25544250\" method=\"post\" enctype=\"multipart\/form-data\" action=\"\/no\/wp-json\/wp\/v2\/pages\/25547594\" data-token=\"e7f16b909384ae87fa005a09109f0ba0\" data-token-time=\"1776430114\"><noscript class=\"wpforms-error-noscript\">Please enable JavaScript in your browser to complete this form.<\/noscript><div id=\"wpforms-error-noscript\" style=\"display: none;\">Please enable JavaScript in your browser to complete this form.<\/div><div class=\"wpforms-field-container\"><div id=\"wpforms-25544250-field_0-container\" class=\"wpforms-field wpforms-field-name\" data-field-id=\"0\"><fieldset><legend class=\"wpforms-field-label\">Navn <span class=\"wpforms-required-label\" aria-hidden=\"true\">*<\/span><\/legend><div class=\"wpforms-field-row wpforms-field-medium\"><div class=\"wpforms-field-row-block wpforms-first wpforms-one-half\"><input type=\"text\" id=\"wpforms-25544250-field_0\" class=\"wpforms-field-name-first wpforms-field-required\" name=\"wpforms[fields][0][first]\" aria-errormessage=\"wpforms-25544250-field_0-error\" required><label for=\"wpforms-25544250-field_0\" class=\"wpforms-field-sublabel after\">Fornavn<\/label><\/div><div class=\"wpforms-field-row-block wpforms-one-half\"><input type=\"text\" id=\"wpforms-25544250-field_0-last\" class=\"wpforms-field-name-last wpforms-field-required\" name=\"wpforms[fields][0][last]\" aria-errormessage=\"wpforms-25544250-field_0-last-error\" required><label for=\"wpforms-25544250-field_0-last\" class=\"wpforms-field-sublabel after\">Etternavn<\/label><\/div><\/div><\/fieldset><\/div>\t\t<div id=\"wpforms-25544250-field_5-container\"\n\t\t\tclass=\"wpforms-field wpforms-field-text\"\n\t\t\tdata-field-type=\"text\"\n\t\t\tdata-field-id=\"5\"\n\t\t\t>\n\t\t\t<label class=\"wpforms-field-label\" for=\"wpforms-25544250-field_5\" >Navn E-Mail-Adresse melding<\/label>\n\t\t\t<input type=\"text\" id=\"wpforms-25544250-field_5\" class=\"wpforms-field-medium\" name=\"wpforms[fields][5]\" >\n\t\t<\/div>\n\t\t<div id=\"wpforms-25544250-field_1-container\" class=\"wpforms-field wpforms-field-email\" data-field-id=\"1\"><label class=\"wpforms-field-label\" for=\"wpforms-25544250-field_1\">e-post <span class=\"wpforms-required-label\" aria-hidden=\"true\">*<\/span><\/label><input type=\"email\" id=\"wpforms-25544250-field_1\" class=\"wpforms-field-medium wpforms-field-required\" name=\"wpforms[fields][1]\" spellcheck=\"false\" aria-errormessage=\"wpforms-25544250-field_1-error\" required><\/div><div id=\"wpforms-25544250-field_3-container\" class=\"wpforms-field wpforms-field-text\" data-field-id=\"3\"><label class=\"wpforms-field-label\" for=\"wpforms-25544250-field_3\">Emne<\/label><input type=\"text\" id=\"wpforms-25544250-field_3\" class=\"wpforms-field-medium\" name=\"wpforms[fields][3]\" aria-errormessage=\"wpforms-25544250-field_3-error\" ><\/div><div id=\"wpforms-25544250-field_2-container\" class=\"wpforms-field wpforms-field-textarea\" data-field-id=\"2\"><label class=\"wpforms-field-label\" for=\"wpforms-25544250-field_2\">Din melding <span class=\"wpforms-required-label\" aria-hidden=\"true\">*<\/span><\/label><textarea id=\"wpforms-25544250-field_2\" class=\"wpforms-field-medium wpforms-field-required\" name=\"wpforms[fields][2]\" aria-errormessage=\"wpforms-25544250-field_2-error\" required><\/textarea><\/div><div id=\"wpforms-25544250-field_4-container\" class=\"wpforms-field wpforms-field-email\" data-field-id=\"4\"><label class=\"wpforms-field-label\" for=\"wpforms-25544250-field_4\">E-Mail-Adresse <span class=\"wpforms-required-label\" aria-hidden=\"true\">*<\/span><\/label><input type=\"email\" id=\"wpforms-25544250-field_4\" class=\"wpforms-field-medium wpforms-field-required\" name=\"wpforms[fields][4]\" spellcheck=\"false\" aria-errormessage=\"wpforms-25544250-field_4-error\" required><\/div><script>\n\t\t\t\t( function() {\n\t\t\t\t\tconst style = document.createElement( 'style' );\n\t\t\t\t\tstyle.appendChild( document.createTextNode( '#wpforms-25544250-field_5-container { position: absolute !important; overflow: hidden !important; display: inline !important; height: 1px !important; width: 1px !important; z-index: -1000 !important; padding: 0 !important; } #wpforms-25544250-field_5-container input { visibility: hidden; } #wpforms-conversational-form-page #wpforms-25544250-field_5-container label { counter-increment: none; }' ) );\n\t\t\t\t\tdocument.head.appendChild( style );\n\t\t\t\t\tdocument.currentScript?.remove();\n\t\t\t\t} )();\n\t\t\t<\/script><\/div><!-- .wpforms-field-container --><div class=\"wpforms-submit-container\" ><input type=\"hidden\" name=\"wpforms[id]\" value=\"25544250\"><input type=\"hidden\" name=\"page_title\" value=\"\"><input type=\"hidden\" name=\"page_url\" value=\"https:\/\/dari-system.com\/no\/wp-json\/wp\/v2\/pages\/25547594\"><input type=\"hidden\" name=\"url_referer\" value=\"\"><button type=\"submit\" name=\"wpforms[submit]\" id=\"wpforms-submit-25544250\" class=\"wpforms-submit\" data-alt-text=\"Vil bli sendt ...\" data-submit-text=\"Send\" aria-live=\"assertive\" value=\"wpforms-submit\">Send<\/button><img loading=\"lazy\" decoding=\"async\" src=\"https:\/\/dari-system.com\/wp-content\/plugins\/wpforms-lite\/assets\/images\/submit-spin.svg\" class=\"wpforms-submit-spinner\" style=\"display: none;\" width=\"26\" height=\"26\" alt=\"Loading\"><\/div><\/form><\/div>  <!-- .wpforms-container -->[\/et_pb_code][\/et_pb_column][\/et_pb_row][\/et_pb_section][et_pb_section fb_built=&raquo;1&#8243; _builder_version=&raquo;4.27.0&#8243; _module_preset=&raquo;default&raquo; custom_margin=&raquo;0px||||false|false&raquo; custom_padding=&raquo;0px||||false|false&raquo; locked=&raquo;off&raquo; global_colors_info=&raquo;{}&raquo;][et_pb_row _builder_version=&raquo;4.27.0&#8243; _module_preset=&raquo;default&raquo; custom_margin=&raquo;0px||0px||true|false&raquo; custom_padding=&raquo;0px||0px||true|false&raquo; global_colors_info=&raquo;{}&raquo;][et_pb_column type=&raquo;4_4&#8243; _builder_version=&raquo;4.27.0&#8243; _module_preset=&raquo;default&raquo; global_colors_info=&raquo;{}&raquo;][et_pb_text _builder_version=&raquo;4.27.0&#8243; _module_preset=&raquo;default&raquo; text_text_color=&raquo;#4C76A9&#8243; text_font_size=&raquo;10px&raquo; custom_margin=&raquo;0px||0px||true|false&raquo; custom_padding=&raquo;0px||0px||true|false&raquo; link_option_url=&raquo;https:\/\/dari-system.com\/mein-konto\/&raquo; global_colors_info=&raquo;{}&raquo;]<\/p>\n<p style=\"text-align: right;\"><a href=\"https:\/\/dari-system.com\/wp-login?action=logout\"><a href=\"https:\/\/dari-system.com\/wp-login?action=logout\">Logg ut<\/a><\/a><\/p>\n<p>[\/et_pb_text][\/et_pb_column][\/et_pb_row][\/et_pb_section]<\/p>\n","protected":false},"excerpt":{"rendered":"<p>Vi ser frem til \u00e5 motta dine sp\u00f8rsm\u00e5l og forslagKontakt ossDaRi-Systemteile GmbHRudolf-Nebel-Str. 1291781 Wei\u00dfenburgTyskland e-post: info@dari-system.comTelefon +49 9141 &#8211; 84 59 370Faks: +49 9141 &#8211; 84 59 371Hvis du har sp\u00f8rsm\u00e5l, kan du sende oss et bilde av takrennen din p\u00e5 e-post:info@dari-system.comEller send oss en melding<style id=\"wpforms-css-vars-25544250\">\n\t\t\t\t#wpforms-25544250 {\n\t\t\t\t\n\t\t\t}\n\t\t\t<\/style><div class=\"wpforms-container wpforms-container-full wpforms-render-modern\" id=\"wpforms-25544250\"><form id=\"wpforms-form-25544250\" class=\"wpforms-validate wpforms-form wpforms-ajax-form\" data-formid=\"25544250\" method=\"post\" enctype=\"multipart\/form-data\" action=\"\/no\/wp-json\/wp\/v2\/pages\/25547594\" data-token=\"e7f16b909384ae87fa005a09109f0ba0\" data-token-time=\"1776430114\"><noscript class=\"wpforms-error-noscript\">Please enable JavaScript in your browser to complete this form.<\/noscript><div id=\"wpforms-error-noscript\" style=\"display: none;\">Please enable JavaScript in your browser to complete this form.<\/div><div class=\"wpforms-field-container\"><div id=\"wpforms-25544250-field_0-container\" class=\"wpforms-field wpforms-field-name\" data-field-id=\"0\"><fieldset><legend class=\"wpforms-field-label\">Navn <span class=\"wpforms-required-label\" aria-hidden=\"true\">*<\/span><\/legend><div class=\"wpforms-field-row wpforms-field-medium\"><div class=\"wpforms-field-row-block wpforms-first wpforms-one-half\"><input type=\"text\" id=\"wpforms-25544250-field_0\" class=\"wpforms-field-name-first wpforms-field-required\" name=\"wpforms[fields][0][first]\" aria-errormessage=\"wpforms-25544250-field_0-error\" required><label for=\"wpforms-25544250-field_0\" class=\"wpforms-field-sublabel after\">Fornavn<\/label><\/div><div class=\"wpforms-field-row-block wpforms-one-half\"><input type=\"text\" id=\"wpforms-25544250-field_0-last\" class=\"wpforms-field-name-last wpforms-field-required\" name=\"wpforms[fields][0][last]\" aria-errormessage=\"wpforms-25544250-field_0-last-error\" required><label for=\"wpforms-25544250-field_0-last\" class=\"wpforms-field-sublabel after\">Etternavn<\/label><\/div><\/div><\/fieldset><\/div>\t\t<div id=\"wpforms-25544250-field_5-container\"\n\t\t\tclass=\"wpforms-field wpforms-field-text\"\n\t\t\tdata-field-type=\"text\"\n\t\t\tdata-field-id=\"5\"\n\t\t\t>\n\t\t\t<label class=\"wpforms-field-label\" for=\"wpforms-25544250-field_5\" >Emne E-Mail-Adresse Din<\/label>\n\t\t\t<input type=\"text\" id=\"wpforms-25544250-field_5\" class=\"wpforms-field-medium\" name=\"wpforms[fields][5]\" >\n\t\t<\/div>\n\t\t<div id=\"wpforms-25544250-field_1-container\" class=\"wpforms-field wpforms-field-email\" data-field-id=\"1\"><label class=\"wpforms-field-label\" for=\"wpforms-25544250-field_1\">e-post <span class=\"wpforms-required-label\" aria-hidden=\"true\">*<\/span><\/label><input type=\"email\" id=\"wpforms-25544250-field_1\" class=\"wpforms-field-medium wpforms-field-required\" name=\"wpforms[fields][1]\" spellcheck=\"false\" aria-errormessage=\"wpforms-25544250-field_1-error\" required><\/div><div id=\"wpforms-25544250-field_3-container\" class=\"wpforms-field wpforms-field-text\" data-field-id=\"3\"><label class=\"wpforms-field-label\" for=\"wpforms-25544250-field_3\">Emne<\/label><input type=\"text\" id=\"wpforms-25544250-field_3\" class=\"wpforms-field-medium\" name=\"wpforms[fields][3]\" aria-errormessage=\"wpforms-25544250-field_3-error\" ><\/div><div id=\"wpforms-25544250-field_2-container\" class=\"wpforms-field wpforms-field-textarea\" data-field-id=\"2\"><label class=\"wpforms-field-label\" for=\"wpforms-25544250-field_2\">Din melding <span class=\"wpforms-required-label\" aria-hidden=\"true\">*<\/span><\/label><textarea id=\"wpforms-25544250-field_2\" class=\"wpforms-field-medium wpforms-field-required\" name=\"wpforms[fields][2]\" aria-errormessage=\"wpforms-25544250-field_2-error\" required><\/textarea><\/div><div id=\"wpforms-25544250-field_4-container\" class=\"wpforms-field wpforms-field-email\" data-field-id=\"4\"><label class=\"wpforms-field-label\" for=\"wpforms-25544250-field_4\">E-Mail-Adresse <span class=\"wpforms-required-label\" aria-hidden=\"true\">*<\/span><\/label><input type=\"email\" id=\"wpforms-25544250-field_4\" class=\"wpforms-field-medium wpforms-field-required\" name=\"wpforms[fields][4]\" spellcheck=\"false\" aria-errormessage=\"wpforms-25544250-field_4-error\" required><\/div><script>\n\t\t\t\t( function() {\n\t\t\t\t\tconst style = document.createElement( 'style' );\n\t\t\t\t\tstyle.appendChild( document.createTextNode( '#wpforms-25544250-field_5-container { position: absolute !important; overflow: hidden !important; display: inline !important; height: 1px !important; width: 1px !important; z-index: -1000 !important; padding: 0 !important; } #wpforms-25544250-field_5-container input { visibility: hidden; } #wpforms-conversational-form-page #wpforms-25544250-field_5-container label { counter-increment: none; }' ) );\n\t\t\t\t\tdocument.head.appendChild( style );\n\t\t\t\t\tdocument.currentScript?.remove();\n\t\t\t\t} )();\n\t\t\t<\/script><\/div><!-- .wpforms-field-container --><div class=\"wpforms-submit-container\" ><input type=\"hidden\" name=\"wpforms[id]\" value=\"25544250\"><input type=\"hidden\" name=\"page_title\" value=\"\"><input type=\"hidden\" name=\"page_url\" value=\"https:\/\/dari-system.com\/no\/wp-json\/wp\/v2\/pages\/25547594\"><input type=\"hidden\" name=\"url_referer\" value=\"\"><button type=\"submit\" name=\"wpforms[submit]\" id=\"wpforms-submit-25544250\" class=\"wpforms-submit\" data-alt-text=\"Vil bli sendt ...\" data-submit-text=\"Send\" aria-live=\"assertive\" value=\"wpforms-submit\">Send<\/button><img loading=\"lazy\" decoding=\"async\" src=\"https:\/\/dari-system.com\/wp-content\/plugins\/wpforms-lite\/assets\/images\/submit-spin.svg\" class=\"wpforms-submit-spinner\" style=\"display: none;\" width=\"26\" height=\"26\" alt=\"Loading\"><\/div><\/form><\/div>  <!-- .wpforms-container -->Logg ut<\/p>\n","protected":false},"author":1,"featured_media":0,"parent":0,"menu_order":0,"comment_status":"closed","ping_status":"closed","template":"","meta":{"_et_pb_use_builder":"on","_et_pb_old_content":"","_et_gb_content_width":"","iawp_total_views":16,"footnotes":""},"dipi_cpt_category":[],"class_list":["post-25547594","page","type-page","status-publish","hentry"],"yoast_head":"<!-- This site is optimized with the Yoast SEO plugin v27.4 - https:\/\/yoast.com\/product\/yoast-seo-wordpress\/ -->\n<title>Kontakt oss - DaRi System<\/title>\n<meta name=\"robots\" content=\"index, follow, max-snippet:-1, max-image-preview:large, max-video-preview:-1\" \/>\n<link rel=\"canonical\" href=\"https:\/\/dari-system.com\/no\/kontakt-oss\/\" \/>\n<meta property=\"og:locale\" content=\"nb_NO\" \/>\n<meta property=\"og:type\" content=\"article\" \/>\n<meta property=\"og:title\" content=\"Kontakt oss - DaRi System\" \/>\n<meta property=\"og:description\" content=\"Vi ser frem til \u00e5 motta dine sp\u00f8rsm\u00e5l og forslagKontakt ossDaRi-Systemteile GmbHRudolf-Nebel-Str. 1291781 Wei\u00dfenburgTyskland e-post: info@dari-system.comTelefon +49 9141 - 84 59 370Faks: +49 9141 - 84 59 371Hvis du har sp\u00f8rsm\u00e5l, kan du sende oss et bilde av takrennen din p\u00e5 e-post:info@dari-system.comEller send oss en meldingLogg ut\" \/>\n<meta property=\"og:url\" content=\"https:\/\/dari-system.com\/no\/kontakt-oss\/\" \/>\n<meta property=\"og:site_name\" content=\"DaRi System\" \/>\n<meta property=\"article:modified_time\" content=\"2024-08-19T19:44:31+00:00\" \/>\n<meta name=\"twitter:card\" content=\"summary_large_image\" \/>\n<meta name=\"twitter:label1\" content=\"Ansl. lesetid\" \/>\n\t<meta name=\"twitter:data1\" content=\"3 minutter\" \/>\n<script type=\"application\/ld+json\" class=\"yoast-schema-graph\">{\"@context\":\"https:\\\/\\\/schema.org\",\"@graph\":[{\"@type\":\"WebPage\",\"@id\":\"https:\\\/\\\/dari-system.com\\\/no\\\/kontakt-oss\\\/\",\"url\":\"https:\\\/\\\/dari-system.com\\\/no\\\/kontakt-oss\\\/\",\"name\":\"Kontakt oss - DaRi System\",\"isPartOf\":{\"@id\":\"https:\\\/\\\/dari-system.com\\\/no\\\/#website\"},\"datePublished\":\"2024-05-29T12:54:59+00:00\",\"dateModified\":\"2024-08-19T19:44:31+00:00\",\"breadcrumb\":{\"@id\":\"https:\\\/\\\/dari-system.com\\\/no\\\/kontakt-oss\\\/#breadcrumb\"},\"inLanguage\":\"nb-NO\",\"potentialAction\":[{\"@type\":\"ReadAction\",\"target\":[\"https:\\\/\\\/dari-system.com\\\/no\\\/kontakt-oss\\\/\"]}]},{\"@type\":\"BreadcrumbList\",\"@id\":\"https:\\\/\\\/dari-system.com\\\/no\\\/kontakt-oss\\\/#breadcrumb\",\"itemListElement\":[{\"@type\":\"ListItem\",\"position\":1,\"name\":\"Startseite\",\"item\":\"https:\\\/\\\/dari-system.com\\\/no\\\/\"},{\"@type\":\"ListItem\",\"position\":2,\"name\":\"Kontakt oss\"}]},{\"@type\":\"WebSite\",\"@id\":\"https:\\\/\\\/dari-system.com\\\/no\\\/#website\",\"url\":\"https:\\\/\\\/dari-system.com\\\/no\\\/\",\"name\":\"DaRi System\",\"description\":\"\",\"potentialAction\":[{\"@type\":\"SearchAction\",\"target\":{\"@type\":\"EntryPoint\",\"urlTemplate\":\"https:\\\/\\\/dari-system.com\\\/no\\\/?s={search_term_string}\"},\"query-input\":{\"@type\":\"PropertyValueSpecification\",\"valueRequired\":true,\"valueName\":\"search_term_string\"}}],\"inLanguage\":\"nb-NO\"}]}<\/script>\n<!-- \/ Yoast SEO plugin. -->","yoast_head_json":{"title":"Kontakt oss - DaRi System","robots":{"index":"index","follow":"follow","max-snippet":"max-snippet:-1","max-image-preview":"max-image-preview:large","max-video-preview":"max-video-preview:-1"},"canonical":"https:\/\/dari-system.com\/no\/kontakt-oss\/","og_locale":"nb_NO","og_type":"article","og_title":"Kontakt oss - DaRi System","og_description":"Vi ser frem til \u00e5 motta dine sp\u00f8rsm\u00e5l og forslagKontakt ossDaRi-Systemteile GmbHRudolf-Nebel-Str. 1291781 Wei\u00dfenburgTyskland e-post: info@dari-system.comTelefon +49 9141 - 84 59 370Faks: +49 9141 - 84 59 371Hvis du har sp\u00f8rsm\u00e5l, kan du sende oss et bilde av takrennen din p\u00e5 e-post:info@dari-system.comEller send oss en meldingLogg ut","og_url":"https:\/\/dari-system.com\/no\/kontakt-oss\/","og_site_name":"DaRi System","article_modified_time":"2024-08-19T19:44:31+00:00","twitter_card":"summary_large_image","twitter_misc":{"Ansl. lesetid":"3 minutter"},"schema":{"@context":"https:\/\/schema.org","@graph":[{"@type":"WebPage","@id":"https:\/\/dari-system.com\/no\/kontakt-oss\/","url":"https:\/\/dari-system.com\/no\/kontakt-oss\/","name":"Kontakt oss - DaRi System","isPartOf":{"@id":"https:\/\/dari-system.com\/no\/#website"},"datePublished":"2024-05-29T12:54:59+00:00","dateModified":"2024-08-19T19:44:31+00:00","breadcrumb":{"@id":"https:\/\/dari-system.com\/no\/kontakt-oss\/#breadcrumb"},"inLanguage":"nb-NO","potentialAction":[{"@type":"ReadAction","target":["https:\/\/dari-system.com\/no\/kontakt-oss\/"]}]},{"@type":"BreadcrumbList","@id":"https:\/\/dari-system.com\/no\/kontakt-oss\/#breadcrumb","itemListElement":[{"@type":"ListItem","position":1,"name":"Startseite","item":"https:\/\/dari-system.com\/no\/"},{"@type":"ListItem","position":2,"name":"Kontakt oss"}]},{"@type":"WebSite","@id":"https:\/\/dari-system.com\/no\/#website","url":"https:\/\/dari-system.com\/no\/","name":"DaRi System","description":"","potentialAction":[{"@type":"SearchAction","target":{"@type":"EntryPoint","urlTemplate":"https:\/\/dari-system.com\/no\/?s={search_term_string}"},"query-input":{"@type":"PropertyValueSpecification","valueRequired":true,"valueName":"search_term_string"}}],"inLanguage":"nb-NO"}]}},"_links":{"self":[{"href":"https:\/\/dari-system.com\/no\/wp-json\/wp\/v2\/pages\/25547594","targetHints":{"allow":["GET"]}}],"collection":[{"href":"https:\/\/dari-system.com\/no\/wp-json\/wp\/v2\/pages"}],"about":[{"href":"https:\/\/dari-system.com\/no\/wp-json\/wp\/v2\/types\/page"}],"author":[{"embeddable":true,"href":"https:\/\/dari-system.com\/no\/wp-json\/wp\/v2\/users\/1"}],"replies":[{"embeddable":true,"href":"https:\/\/dari-system.com\/no\/wp-json\/wp\/v2\/comments?post=25547594"}],"version-history":[{"count":3,"href":"https:\/\/dari-system.com\/no\/wp-json\/wp\/v2\/pages\/25547594\/revisions"}],"predecessor-version":[{"id":25548040,"href":"https:\/\/dari-system.com\/no\/wp-json\/wp\/v2\/pages\/25547594\/revisions\/25548040"}],"wp:attachment":[{"href":"https:\/\/dari-system.com\/no\/wp-json\/wp\/v2\/media?parent=25547594"}],"wp:term":[{"taxonomy":"dipi_cpt_category","embeddable":true,"href":"https:\/\/dari-system.com\/no\/wp-json\/wp\/v2\/dipi_cpt_category?post=25547594"}],"curies":[{"name":"wp","href":"https:\/\/api.w.org\/{rel}","templated":true}]}}