{"id":25547581,"date":"2024-06-19T09:05:14","date_gmt":"2024-06-19T09:05:14","guid":{"rendered":"https:\/\/dari-system.com\/loevbeskyttet-takrenne\/"},"modified":"2024-08-19T15:01:57","modified_gmt":"2024-08-19T15:01:57","slug":"loevbeskyttet-takrenne","status":"publish","type":"page","link":"https:\/\/dari-system.com\/no\/loevbeskyttet-takrenne\/","title":{"rendered":"L\u00f8vbeskyttet takrenne"},"content":{"rendered":"<p>[et_pb_section fb_built=&raquo;1&#8243; fullwidth=&raquo;on&raquo; _builder_version=&raquo;4.25.0&#8243; _module_preset=&raquo;default&raquo; bottom_divider_color=&raquo;#FFFFFF&raquo; bottom_divider_height=&raquo;82px&raquo; bottom_divider_flip=&raquo;horizontal&raquo; locked=&raquo;off&raquo; global_colors_info=&raquo;{}&raquo;][et_pb_fullwidth_header title=&raquo;L\u00f8vbeskyttet takrenne&raquo; subhead=&raquo;Det alle huseiere trenger&raquo; _builder_version=&raquo;4.25.0&#8243; _module_preset=&raquo;default&raquo; title_font=&raquo;|800|||||||&raquo; title_font_size=&raquo;45px&raquo; background_image=&raquo;https:\/\/dari-system.com\/wp-content\/uploads\/2024\/05\/header_background.webp&raquo; background_position=&raquo;bottom_center&raquo; custom_padding=&raquo;8vh||8vh||true|false&raquo; title_font_size_tablet=&raquo;45px&raquo; title_font_size_phone=&raquo;29px&raquo; title_font_size_last_edited=&raquo;on|phone&raquo; content_font_size_tablet=&raquo;&raquo; content_font_size_phone=&raquo;17px&raquo; content_font_size_last_edited=&raquo;on|phone&raquo; global_colors_info=&raquo;{}&raquo;][\/et_pb_fullwidth_header][\/et_pb_section][et_pb_section fb_built=&raquo;1&#8243; _builder_version=&raquo;4.25.0&#8243; _module_preset=&raquo;default&raquo; custom_margin=&raquo;||0px||false|false&raquo; custom_padding=&raquo;||0px||false|false&raquo; global_colors_info=&raquo;{}&raquo;][et_pb_row column_structure=&raquo;1_2,1_2&#8243; _builder_version=&raquo;4.25.0&#8243; _module_preset=&raquo;default&raquo; global_colors_info=&raquo;{}&raquo;][et_pb_column type=&raquo;1_2&#8243; _builder_version=&raquo;4.25.0&#8243; _module_preset=&raquo;default&raquo; global_colors_info=&raquo;{}&raquo;][et_pb_text _builder_version=&raquo;4.25.0&#8243; _module_preset=&raquo;default&raquo; header_2_font=&raquo;|700|||||||&raquo; global_colors_info=&raquo;{}&raquo;]<\/p>\n<h2><strong>Den perfekte l\u00f8vfangeren for takrennen<\/strong><\/h2>\n<p>Alle huseiere kjenner til risikoen for en tett takrenne for\u00e5rsaket av l\u00f8v, n\u00e5ler, mose, sm\u00e5 greiner, d\u00f8de fugler eller fyrverkeri.<br \/>\nEn <strong>l\u00f8vbeskytter til takrenna<\/strong>, enten den er halvrund eller som kassettrenne, er praktisk talt uunnv\u00e6rlig i mange henseender.<br \/>\nDet er nok f\u00e5 oppgaver rundt hus og hage som folk liker \u00e5 utsette s\u00e5 mye som \u00e5 rense takrenner.<br \/>\nIkke bare er det slitsomt \u00e5 finne frem stigen og klatre opp p\u00e5 taket flere ganger i \u00e5ret, det er ogs\u00e5 farlig \u00e5 st\u00e5 p\u00e5 den lange, vaklende stigen og rense takrenna.<br \/>\nEn l\u00f8vbeskytter for takrenne eller takrenne er den perfekte l\u00f8sningen.<br \/>\nEn l\u00f8vfanger til takrenna sparer verdifull tid.<br \/>\nHvis l\u00f8v blokkerer takrennen, samler regnvannet seg og kan renne over takrenna og bl\u00f8te opp husveggene.<br \/>\nDette kan ogs\u00e5 skje med en takrenne.<br \/>\nDerfor er en l\u00f8vfanger et MUST for alle huseiere.        <\/p>\n<p>[\/et_pb_text][\/et_pb_column][et_pb_column type=&raquo;1_2&#8243; _builder_version=&raquo;4.25.0&#8243; _module_preset=&raquo;default&raquo; global_colors_info=&raquo;{}&raquo;][et_pb_image src=&raquo;https:\/\/dari-system.com\/wp-content\/uploads\/2024\/06\/laubfang-dachrinne.webp&raquo; alt=&raquo;L\u00f8vbeskyttet takrenne&raquo; title_text=&raquo;bladbeskyttelse takrenne&raquo; _builder_version=&raquo;4.25.0&#8243; _module_preset=&raquo;default&raquo; custom_margin=&raquo;||5px||false|false&raquo; global_colors_info=&raquo;{}&raquo;][\/et_pb_image][et_pb_text _builder_version=&raquo;4.25.0&#8243; _module_preset=&raquo;default&raquo; custom_margin=&raquo;0px||||false|false&raquo; global_colors_info=&raquo;{}&raquo;]<\/p>\n<p style=\"text-align: center;\"><em>L\u00f8vbeskyttet takrenne fra DaRi-System<\/em><\/p>\n<p>[\/et_pb_text][\/et_pb_column][\/et_pb_row][\/et_pb_section][et_pb_section fb_built=&raquo;1&#8243; _builder_version=&raquo;4.25.0&#8243; _module_preset=&raquo;default&raquo; custom_margin=&raquo;0px||||false|false&raquo; custom_padding=&raquo;0px||||false|false&raquo; global_colors_info=&raquo;{}&raquo;][et_pb_row _builder_version=&raquo;4.25.0&#8243; _module_preset=&raquo;default&raquo; global_colors_info=&raquo;{}&raquo;][et_pb_column type=&raquo;4_4&#8243; _builder_version=&raquo;4.25.0&#8243; _module_preset=&raquo;default&raquo; global_colors_info=&raquo;{}&raquo;][et_pb_text _builder_version=&raquo;4.25.0&#8243; _module_preset=&raquo;default&raquo; header_2_font=&raquo;|800|||||||&raquo; hover_enabled=&raquo;0&#8243; global_colors_info=&raquo;{}&raquo; sticky_enabled=&raquo;0&#8243;]<\/p>\n<h2><strong>Vi tilbyr den perfekte l\u00f8vbeskyttelsen for takrenner og takrenner<\/strong><\/h2>\n<p>Hvis du er p\u00e5 utkikk etter den perfekte bladbeskyttelsen til takrennen din, har du kommet til rett sted.<br \/>\nVi har den rette l\u00f8sningen for enhver takrenne.<br \/>\nUansett om du er p\u00e5 utkikk etter en l\u00f8vbeskytter til en halvrund takrenne eller en takrenne i kasse.<br \/>\nV\u00e5rt spesialutviklede l\u00f8vbeskyttelsessystem for takrenner kan tilpasses takrenner med ulik bredde og er derfor unikt.<br \/>\nDerfor er l\u00f8vbeskytteren for takrenner ideell for takrenner p\u00e5 baldakiner, balkonger og utestuer.<br \/>\nHer monteres det vanligvis ikke-standardiserte takrenner.<br \/>\nDette er imidlertid ikke noe problem for v\u00e5rt bladbeskyttelsessystem.      <\/p>\n<h2><strong>H\u00f8yeste kvalitet og beste service<\/strong><\/h2>\n<p>I mer enn 20 \u00e5r har vi arbeidet med \u00e5 beskytte takrenner mot l\u00f8vstopp, og vi har utviklet produkter av h\u00f8y kvalitet som produseres i Tyskland.<br \/>\nVi ser frem til enhver henvendelse.<br \/>\nSend oss et bilde av takrennen din, s\u00e5 gir vi deg gratis r\u00e5d om hvilket l\u00f8vfangersystem som passer best til din takrenne eller takboks.<br \/>\nAlt dette er en del av v\u00e5r allsidige service for l\u00f8vfangere til takrenner.<br \/>\nVi leverer DaRi-systemet til kunder i hele Europa p\u00e5 kortest mulig tid.<br \/>\nDaRi-systemet oppfyller de h\u00f8yeste kvalitetsstandarder og garanterer en lang levetid.<br \/>\nOg vi garanterer at l\u00f8v ikke lenger vil blokkere rennesteinen med DaRi-systemets l\u00f8vbeskytter.      <\/p>\n<h2><strong>Fordeler med bladbeskyttere for takrenner:<\/strong><\/h2>\n<ul>\n<li><strong>Forhindrer blokkeringer:<\/strong> L\u00f8vfangere hindrer l\u00f8v, greiner og annet rusk fra \u00e5 komme inn i takrennene, noe som forhindrer tilstopping.<\/li>\n<li><strong>\u00d8kt levetid:<\/strong> Ved \u00e5 redusere tilstopping minimeres skader p\u00e5 takrennene som rust og korrosjon, noe som forlenger levetiden.<\/li>\n<li><strong>Forbedret vannavrenning:<\/strong> L\u00f8vfangere gir bedre vannavrenning, ettersom vannet kan renne fritt gjennom rennesteinen uten \u00e5 st\u00f8te p\u00e5 hindringer.<\/li>\n<li><strong>Mindre vedlikeholdsarbeid:<\/strong> Med DaRi-systemet m\u00e5 takrennene rengj\u00f8res sjeldnere, noe som reduserer vedlikeholdsarbeidet og sparer tid.<\/li>\n<li><strong>Beskyttelse mot skader p\u00e5 bygningen:<\/strong> Tette takrenner kan f\u00f8re til vannskader p\u00e5 fasaden, grunnmuren og takomr\u00e5det.<br \/>\nL\u00f8vfangere beskytter mot slike skader. <\/li>\n<li><strong>Forbedret estetikk:<\/strong> Rene takrenner uten synlige avleiringer bidrar til bygningens estetiske utseende<strong>.<\/strong> <\/li>\n<li><strong>Milj\u00f8vennlig:<\/strong> DaRi-systemet forebygger tilstopping og skader som f\u00f8lge av dette, og bidrar dermed til \u00e5 redusere behovet for reparasjoner og utskiftninger, noe som sparer ressurser og energi.<br \/>\nDaRi-systemet er fullstendig resirkulerbart. <\/li>\n<\/ul>\n<p>Dette kan ogs\u00e5 v\u00e6re av interesse for deg:<\/p>\n<ul>\n<li><a href=\"https:\/\/dari-system.com\/no\/loevbeskyttet-takrenne\/\" title=\"L\u00f8vbeskyttet takrenne\"><a href=\"https:\/\/dari-system.com\/no\/loevbeskyttet-takrenne\/\">L\u00f8vbeskyttelse for takrennen<\/a><\/a><\/li>\n<li><a href=\"https:\/\/dari-system.com\/regenrinnen-laubschutz\/\" title=\"Takrenner L\u00f8vbeskyttelse\"><a href=\"https:\/\/dari-system.com\/regenrinnen-laubschutz\/\">Takrenner L\u00f8vbeskyttelse<\/a><\/a><\/li>\n<li><a href=\"https:\/\/dari-system.com\/laubschutz-dachrinne\/\" title=\"L\u00f8vbeskyttet takrenne\"><a href=\"https:\/\/dari-system.com\/laubschutz-dachrinne\/\">L\u00f8vbeskyttelse for takrennen<\/a><\/a><\/li>\n<li><a href=\"https:\/\/dari-system.com\/dachrinnenabdeckung\/\" title=\"Takrennedeksel\"> <a href=\"https:\/\/dari-system.com\/dachrinnenabdeckung\/\"> Takrennedeksel<\/a><\/a><\/li>\n<\/ul>\n<p>[\/et_pb_text][\/et_pb_column][\/et_pb_row][\/et_pb_section]<\/p>\n","protected":false},"excerpt":{"rendered":"<p>Den perfekte l\u00f8vfangeren for takrennen Alle huseiere kjenner til risikoen for en tett takrenne for\u00e5rsaket av l\u00f8v, n\u00e5ler, mose, sm\u00e5 greiner, d\u00f8de fugler eller fyrverkeri. En l\u00f8vbeskytter til takrenna, enten den er halvrund eller som kassettrenne, er praktisk talt uunnv\u00e6rlig i mange henseender. Det er nok f\u00e5 oppgaver rundt hus og hage som folk liker [&hellip;]<\/p>\n","protected":false},"author":1,"featured_media":0,"parent":0,"menu_order":0,"comment_status":"closed","ping_status":"closed","template":"","meta":{"_et_pb_use_builder":"on","_et_pb_old_content":"","_et_gb_content_width":"","iawp_total_views":60,"footnotes":""},"dipi_cpt_category":[],"class_list":["post-25547581","page","type-page","status-publish","hentry"],"yoast_head":"<!-- This site is optimized with the Yoast SEO plugin v27.2 - https:\/\/yoast.com\/product\/yoast-seo-wordpress\/ -->\n<title>Effektiv l\u00f8vbeskyttelse for takrennen din - DaRi-systemet<\/title>\n<meta name=\"description\" content=\"Oppdag den perfekte l\u00f8vfangeren for takrennen din. Med DaRi-systemet er det slutt p\u00e5 blokkeringer og kjedelig rengj\u00f8ring. Finn ut mer n\u00e5!\" \/>\n<meta name=\"robots\" content=\"index, follow, max-snippet:-1, max-image-preview:large, max-video-preview:-1\" \/>\n<link rel=\"canonical\" href=\"https:\/\/dari-system.com\/no\/loevbeskyttet-takrenne\/\" \/>\n<meta property=\"og:locale\" content=\"nb_NO\" \/>\n<meta property=\"og:type\" content=\"article\" \/>\n<meta property=\"og:title\" content=\"Effektiv l\u00f8vbeskyttelse for takrennen din - DaRi-systemet\" \/>\n<meta property=\"og:description\" content=\"Oppdag den perfekte l\u00f8vfangeren for takrennen din. Med DaRi-systemet er det slutt p\u00e5 blokkeringer og kjedelig rengj\u00f8ring. Finn ut mer n\u00e5!\" \/>\n<meta property=\"og:url\" content=\"https:\/\/dari-system.com\/no\/loevbeskyttet-takrenne\/\" \/>\n<meta property=\"og:site_name\" content=\"DaRi System\" \/>\n<meta property=\"article:modified_time\" content=\"2024-08-19T15:01:57+00:00\" \/>\n<meta name=\"twitter:card\" content=\"summary_large_image\" \/>\n<meta name=\"twitter:label1\" content=\"Ansl. lesetid\" \/>\n\t<meta name=\"twitter:data1\" content=\"4 minutter\" \/>\n<script type=\"application\/ld+json\" class=\"yoast-schema-graph\">{\"@context\":\"https:\/\/schema.org\",\"@graph\":[{\"@type\":\"WebPage\",\"@id\":\"https:\/\/dari-system.com\/no\/loevbeskyttet-takrenne\/\",\"url\":\"https:\/\/dari-system.com\/no\/loevbeskyttet-takrenne\/\",\"name\":\"Effektiv l\u00f8vbeskyttelse for takrennen din - DaRi-systemet\",\"isPartOf\":{\"@id\":\"https:\/\/dari-system.com\/no\/#website\"},\"datePublished\":\"2024-06-19T09:05:14+00:00\",\"dateModified\":\"2024-08-19T15:01:57+00:00\",\"description\":\"Oppdag den perfekte l\u00f8vfangeren for takrennen din. Med DaRi-systemet er det slutt p\u00e5 blokkeringer og kjedelig rengj\u00f8ring. Finn ut mer n\u00e5!\",\"breadcrumb\":{\"@id\":\"https:\/\/dari-system.com\/no\/loevbeskyttet-takrenne\/#breadcrumb\"},\"inLanguage\":\"nb-NO\",\"potentialAction\":[{\"@type\":\"ReadAction\",\"target\":[\"https:\/\/dari-system.com\/no\/loevbeskyttet-takrenne\/\"]}]},{\"@type\":\"BreadcrumbList\",\"@id\":\"https:\/\/dari-system.com\/no\/loevbeskyttet-takrenne\/#breadcrumb\",\"itemListElement\":[{\"@type\":\"ListItem\",\"position\":1,\"name\":\"Startseite\",\"item\":\"https:\/\/dari-system.com\/no\/\"},{\"@type\":\"ListItem\",\"position\":2,\"name\":\"L\u00f8vbeskyttet takrenne\"}]},{\"@type\":\"WebSite\",\"@id\":\"https:\/\/dari-system.com\/no\/#website\",\"url\":\"https:\/\/dari-system.com\/no\/\",\"name\":\"DaRi System\",\"description\":\"\",\"potentialAction\":[{\"@type\":\"SearchAction\",\"target\":{\"@type\":\"EntryPoint\",\"urlTemplate\":\"https:\/\/dari-system.com\/no\/?s={search_term_string}\"},\"query-input\":{\"@type\":\"PropertyValueSpecification\",\"valueRequired\":true,\"valueName\":\"search_term_string\"}}],\"inLanguage\":\"nb-NO\"}]}<\/script>\n<!-- \/ Yoast SEO plugin. -->","yoast_head_json":{"title":"Effektiv l\u00f8vbeskyttelse for takrennen din - DaRi-systemet","description":"Oppdag den perfekte l\u00f8vfangeren for takrennen din. Med DaRi-systemet er det slutt p\u00e5 blokkeringer og kjedelig rengj\u00f8ring. Finn ut mer n\u00e5!","robots":{"index":"index","follow":"follow","max-snippet":"max-snippet:-1","max-image-preview":"max-image-preview:large","max-video-preview":"max-video-preview:-1"},"canonical":"https:\/\/dari-system.com\/no\/loevbeskyttet-takrenne\/","og_locale":"nb_NO","og_type":"article","og_title":"Effektiv l\u00f8vbeskyttelse for takrennen din - DaRi-systemet","og_description":"Oppdag den perfekte l\u00f8vfangeren for takrennen din. Med DaRi-systemet er det slutt p\u00e5 blokkeringer og kjedelig rengj\u00f8ring. Finn ut mer n\u00e5!","og_url":"https:\/\/dari-system.com\/no\/loevbeskyttet-takrenne\/","og_site_name":"DaRi System","article_modified_time":"2024-08-19T15:01:57+00:00","twitter_card":"summary_large_image","twitter_misc":{"Ansl. lesetid":"4 minutter"},"schema":{"@context":"https:\/\/schema.org","@graph":[{"@type":"WebPage","@id":"https:\/\/dari-system.com\/no\/loevbeskyttet-takrenne\/","url":"https:\/\/dari-system.com\/no\/loevbeskyttet-takrenne\/","name":"Effektiv l\u00f8vbeskyttelse for takrennen din - DaRi-systemet","isPartOf":{"@id":"https:\/\/dari-system.com\/no\/#website"},"datePublished":"2024-06-19T09:05:14+00:00","dateModified":"2024-08-19T15:01:57+00:00","description":"Oppdag den perfekte l\u00f8vfangeren for takrennen din. Med DaRi-systemet er det slutt p\u00e5 blokkeringer og kjedelig rengj\u00f8ring. Finn ut mer n\u00e5!","breadcrumb":{"@id":"https:\/\/dari-system.com\/no\/loevbeskyttet-takrenne\/#breadcrumb"},"inLanguage":"nb-NO","potentialAction":[{"@type":"ReadAction","target":["https:\/\/dari-system.com\/no\/loevbeskyttet-takrenne\/"]}]},{"@type":"BreadcrumbList","@id":"https:\/\/dari-system.com\/no\/loevbeskyttet-takrenne\/#breadcrumb","itemListElement":[{"@type":"ListItem","position":1,"name":"Startseite","item":"https:\/\/dari-system.com\/no\/"},{"@type":"ListItem","position":2,"name":"L\u00f8vbeskyttet takrenne"}]},{"@type":"WebSite","@id":"https:\/\/dari-system.com\/no\/#website","url":"https:\/\/dari-system.com\/no\/","name":"DaRi System","description":"","potentialAction":[{"@type":"SearchAction","target":{"@type":"EntryPoint","urlTemplate":"https:\/\/dari-system.com\/no\/?s={search_term_string}"},"query-input":{"@type":"PropertyValueSpecification","valueRequired":true,"valueName":"search_term_string"}}],"inLanguage":"nb-NO"}]}},"_links":{"self":[{"href":"https:\/\/dari-system.com\/no\/wp-json\/wp\/v2\/pages\/25547581","targetHints":{"allow":["GET"]}}],"collection":[{"href":"https:\/\/dari-system.com\/no\/wp-json\/wp\/v2\/pages"}],"about":[{"href":"https:\/\/dari-system.com\/no\/wp-json\/wp\/v2\/types\/page"}],"author":[{"embeddable":true,"href":"https:\/\/dari-system.com\/no\/wp-json\/wp\/v2\/users\/1"}],"replies":[{"embeddable":true,"href":"https:\/\/dari-system.com\/no\/wp-json\/wp\/v2\/comments?post=25547581"}],"version-history":[{"count":2,"href":"https:\/\/dari-system.com\/no\/wp-json\/wp\/v2\/pages\/25547581\/revisions"}],"predecessor-version":[{"id":25547589,"href":"https:\/\/dari-system.com\/no\/wp-json\/wp\/v2\/pages\/25547581\/revisions\/25547589"}],"wp:attachment":[{"href":"https:\/\/dari-system.com\/no\/wp-json\/wp\/v2\/media?parent=25547581"}],"wp:term":[{"taxonomy":"dipi_cpt_category","embeddable":true,"href":"https:\/\/dari-system.com\/no\/wp-json\/wp\/v2\/dipi_cpt_category?post=25547581"}],"curies":[{"name":"wp","href":"https:\/\/api.w.org\/{rel}","templated":true}]}}