{"id":25547558,"date":"2024-06-03T10:59:20","date_gmt":"2024-06-03T10:59:20","guid":{"rendered":"https:\/\/dari-system.com\/dari-braketter\/"},"modified":"2024-08-19T19:35:32","modified_gmt":"2024-08-19T19:35:32","slug":"dari-braketter","status":"publish","type":"page","link":"https:\/\/dari-system.com\/no\/dari-braketter\/","title":{"rendered":"DaRi-braketter"},"content":{"rendered":"<p>[et_pb_section fb_built=&raquo;1&#8243; admin_label=&raquo;TBVS &#8211; Light &#8211; Content 5&#8243; _builder_version=&raquo;4.25.0&#8243; _module_preset=&raquo;773cbfc0-e6bc-474b-b613-dad4bc024acd&raquo; global_colors_info=&raquo;{}&raquo;][et_pb_row column_structure=&raquo;2_5,3_5&#8243; make_equal=&raquo;on&raquo; _builder_version=&raquo;4.25.0&#8243; _module_preset=&raquo;default&raquo; global_colors_info=&raquo;{}&raquo;][et_pb_column type=&raquo;2_5&#8243; _builder_version=&raquo;4.16&#8243; _module_preset=&raquo;default&raquo; global_colors_info=&raquo;{}&raquo;][et_pb_image src=&raquo;https:\/\/dari-system.com\/wp-content\/uploads\/2024\/05\/dari_klammer.webp&raquo; alt=&raquo;DaRi-systemklemme svart og s\u00f8lv&raquo; title_text=&raquo;dari_brakett&raquo; show_in_lightbox=&raquo;on&raquo; _builder_version=&raquo;4.25.0&#8243; _module_preset=&raquo;default&raquo; border_radii=&raquo;on|44px|44px|44px|44px&raquo; global_colors_info=&raquo;{}&raquo;][\/et_pb_image][\/et_pb_column][et_pb_column type=&raquo;3_5&#8243; _builder_version=&raquo;4.25.0&#8243; _module_preset=&raquo;default&raquo; custom_padding_tablet=&raquo;||30px||false|false&raquo; custom_padding_phone=&raquo;&raquo; custom_padding_last_edited=&raquo;on|tablet&raquo; custom_css_main_element=&raquo;margin: auto;&raquo; global_colors_info=&raquo;{}&raquo;][et_pb_text _builder_version=&raquo;4.27.0&#8243; _module_preset=&raquo;c68383f9-009f-4682-a0ef-f1cc616ecd44&#8243; hover_enabled=&raquo;0&#8243; global_colors_info=&raquo;{}&raquo; sticky_enabled=&raquo;0&#8243;]<\/p>\n<h1>DaRi-klips<\/h1>\n<p>[\/et_pb_text][\/et_pb_column][\/et_pb_row][\/et_pb_section][et_pb_section fb_built=&raquo;1&#8243; _builder_version=&raquo;4.25.0&#8243; _module_preset=&raquo;default&raquo; custom_margin=&raquo;||||false|false&raquo; custom_padding=&raquo;||10px||false|false&raquo; global_colors_info=&raquo;{}&raquo;][et_pb_row make_equal=&raquo;on&raquo; _builder_version=&raquo;4.25.0&#8243; _module_preset=&raquo;default&raquo; global_colors_info=&raquo;{}&raquo;][et_pb_column type=&raquo;4_4&#8243; _builder_version=&raquo;4.25.0&#8243; _module_preset=&raquo;default&raquo; custom_css_main_element=&raquo;margin: auto;&raquo; border_color_right=&raquo;#4C76A9&#8243; global_colors_info=&raquo;{}&raquo;][et_pb_text _builder_version=&raquo;4.27.0&#8243; _module_preset=&raquo;default&raquo; hover_enabled=&raquo;0&#8243; global_colors_info=&raquo;{}&raquo; sticky_enabled=&raquo;0&#8243;]Diameteren p\u00e5 den fremre avrundingen av en takrenne varierer avhengig av takrennens st\u00f8rrelse. <\/p>\n<p>Derfor finnes klipsene for DaRi-system D1 i 2 forskjellige st\u00f8rrelser. <\/p>\n<p>For 28-rennen leverer vi klips med en innvendig diameter p\u00e5 18 mm, og for 33- og 40-renner klips med en innvendig diameter p\u00e5 20 mm. <\/p>\n<p>Denne sorteringen h\u00e5ndterer vi automatisk. <\/p>\n<p>For at klipsene ikke skal v\u00e6re s\u00e5 synlige p\u00e5 takrennen, finnes de i 2 forskjellige farger:<br \/>\n[\/et_pb_text][\/et_pb_column][\/et_pb_row][\/et_pb_section][et_pb_section fb_built=&raquo;1&#8243; _builder_version=&raquo;4.25.0&#8243; _module_preset=&raquo;default&raquo; background_color=&raquo;#f4c092&#8243; custom_margin=&raquo;0px||0px||true|false&raquo; custom_padding=&raquo;10px||10px||true|false&raquo; global_colors_info=&raquo;{}&raquo;][et_pb_row _builder_version=&raquo;4.25.0&#8243; _module_preset=&raquo;default&raquo; global_colors_info=&raquo;{}&raquo;][et_pb_column type=&raquo;4_4&#8243; _builder_version=&raquo;4.25.0&#8243; _module_preset=&raquo;default&raquo; global_colors_info=&raquo;{}&raquo;][et_pb_text _builder_version=&raquo;4.27.0&#8243; _module_preset=&raquo;default&raquo; hover_enabled=&raquo;0&#8243; text_font_size_tablet=&raquo;&raquo; text_font_size_phone=&raquo;18px&raquo; text_font_size_last_edited=&raquo;on|desktop&raquo; global_colors_info=&raquo;{}&raquo; sticky_enabled=&raquo;0&#8243;]<\/p>\n<p><strong>svart:<\/strong> for takrenner av kobber<br \/><strong>s\u00f8lv:<\/strong> for takrenner av sink<\/p>\n<p>[\/et_pb_text][\/et_pb_column][\/et_pb_row][\/et_pb_section][et_pb_section fb_built=&raquo;1&#8243; custom_padding_last_edited=&raquo;on|phone&raquo; _builder_version=&raquo;4.25.0&#8243; _module_preset=&raquo;default&raquo; custom_padding=&raquo;10px||||false|false&raquo; custom_padding_tablet=&raquo;10px||||false|false&raquo; custom_padding_phone=&raquo;||0px||false|false&raquo; global_colors_info=&raquo;{}&raquo;][et_pb_row _builder_version=&raquo;4.25.0&#8243; _module_preset=&raquo;default&raquo; global_colors_info=&raquo;{}&raquo;][et_pb_column type=&raquo;4_4&#8243; _builder_version=&raquo;4.25.0&#8243; _module_preset=&raquo;default&raquo; global_colors_info=&raquo;{}&raquo;][et_pb_text _builder_version=&raquo;4.27.0&#8243; _module_preset=&raquo;default&raquo; hover_enabled=&raquo;0&#8243; global_colors_info=&raquo;{}&raquo; sticky_enabled=&raquo;0&#8243;]Ved bestilling m\u00e5 det derfor kun velges klipsfarge, ikke klipsst\u00f8rrelse. Hvert DaRi-system D1 eller D2 festes med 4 klips til takrennen.[\/et_pb_text][\/et_pb_column][\/et_pb_row][\/et_pb_section][et_pb_section fb_built=&raquo;1&#8243; _builder_version=&raquo;4.25.0&#8243; _module_preset=&raquo;default&raquo; global_colors_info=&raquo;{}&raquo;][et_pb_row _builder_version=&raquo;4.25.0&#8243; _module_preset=&raquo;default&raquo; global_colors_info=&raquo;{}&raquo;][et_pb_column type=&raquo;4_4&#8243; _builder_version=&raquo;4.25.0&#8243; _module_preset=&raquo;default&raquo; global_colors_info=&raquo;{}&raquo;][et_pb_text _builder_version=&raquo;4.25.0&#8243; _module_preset=&raquo;default&raquo; custom_margin=&raquo;||||false|true&raquo; custom_padding=&raquo;||||false|false&raquo; header_3_text_align_tablet=&raquo;&raquo; header_3_text_align_phone=&raquo;&raquo; header_3_text_align_last_edited=&raquo;on|desktop&raquo; global_colors_info=&raquo;{}&raquo;]<\/p>\n<h3 style=\"text-align: center;\">Du kan bestille DaRi-klemmene dine her:<\/h3>\n<p>[\/et_pb_text][\/et_pb_column][\/et_pb_row][et_pb_row _builder_version=&raquo;4.25.0&#8243; _module_preset=&raquo;default&raquo; global_colors_info=&raquo;{}&raquo;][et_pb_column type=&raquo;4_4&#8243; _builder_version=&raquo;4.25.0&#8243; _module_preset=&raquo;default&raquo; global_colors_info=&raquo;{}&raquo;][et_pb_button button_url=&raquo;https:\/\/dari-system.com\/no\/produkt\/dari-braketter\/&raquo; button_text=&raquo;til butikken&raquo; button_alignment=&raquo;center&raquo; _builder_version=&raquo;4.27.0&#8243; _module_preset=&raquo;default&raquo; hover_enabled=&raquo;0&#8243; global_colors_info=&raquo;{}&raquo; sticky_enabled=&raquo;0&#8243;][\/et_pb_button][\/et_pb_column][\/et_pb_row][\/et_pb_section]<\/p>\n","protected":false},"excerpt":{"rendered":"<p>DaRi-klipsDiameteren p\u00e5 den fremre avrundingen av en takrenne varierer avhengig av takrennens st\u00f8rrelse. Derfor finnes klipsene for DaRi-system D1 i 2 forskjellige st\u00f8rrelser. For 28-rennen leverer vi klips med en innvendig diameter p\u00e5 18 mm, og for 33- og 40-renner klips med en innvendig diameter p\u00e5 20 mm. Denne sorteringen h\u00e5ndterer vi automatisk. For at [&hellip;]<\/p>\n","protected":false},"author":1,"featured_media":0,"parent":0,"menu_order":0,"comment_status":"closed","ping_status":"closed","template":"","meta":{"_et_pb_use_builder":"on","_et_pb_old_content":"","_et_gb_content_width":"","iawp_total_views":2,"footnotes":""},"dipi_cpt_category":[],"class_list":["post-25547558","page","type-page","status-publish","hentry"],"yoast_head":"<!-- This site is optimized with the Yoast SEO plugin v27.4 - https:\/\/yoast.com\/product\/yoast-seo-wordpress\/ -->\n<title>DaRi-braketter - DaRi System<\/title>\n<meta name=\"robots\" content=\"index, follow, max-snippet:-1, max-image-preview:large, max-video-preview:-1\" \/>\n<link rel=\"canonical\" href=\"https:\/\/dari-system.com\/no\/dari-braketter\/\" \/>\n<meta property=\"og:locale\" content=\"nb_NO\" \/>\n<meta property=\"og:type\" content=\"article\" \/>\n<meta property=\"og:title\" content=\"DaRi-braketter - DaRi System\" \/>\n<meta property=\"og:description\" content=\"DaRi-klipsDiameteren p\u00e5 den fremre avrundingen av en takrenne varierer avhengig av takrennens st\u00f8rrelse. Derfor finnes klipsene for DaRi-system D1 i 2 forskjellige st\u00f8rrelser. For 28-rennen leverer vi klips med en innvendig diameter p\u00e5 18 mm, og for 33- og 40-renner klips med en innvendig diameter p\u00e5 20 mm. Denne sorteringen h\u00e5ndterer vi automatisk. For at [&hellip;]\" \/>\n<meta property=\"og:url\" content=\"https:\/\/dari-system.com\/no\/dari-braketter\/\" \/>\n<meta property=\"og:site_name\" content=\"DaRi System\" \/>\n<meta property=\"article:modified_time\" content=\"2024-08-19T19:35:32+00:00\" \/>\n<meta name=\"twitter:card\" content=\"summary_large_image\" \/>\n<meta name=\"twitter:label1\" content=\"Ansl. lesetid\" \/>\n\t<meta name=\"twitter:data1\" content=\"3 minutter\" \/>\n<script type=\"application\/ld+json\" class=\"yoast-schema-graph\">{\"@context\":\"https:\\\/\\\/schema.org\",\"@graph\":[{\"@type\":\"WebPage\",\"@id\":\"https:\\\/\\\/dari-system.com\\\/no\\\/dari-braketter\\\/\",\"url\":\"https:\\\/\\\/dari-system.com\\\/no\\\/dari-braketter\\\/\",\"name\":\"DaRi-braketter - DaRi System\",\"isPartOf\":{\"@id\":\"https:\\\/\\\/dari-system.com\\\/no\\\/#website\"},\"datePublished\":\"2024-06-03T10:59:20+00:00\",\"dateModified\":\"2024-08-19T19:35:32+00:00\",\"breadcrumb\":{\"@id\":\"https:\\\/\\\/dari-system.com\\\/no\\\/dari-braketter\\\/#breadcrumb\"},\"inLanguage\":\"nb-NO\",\"potentialAction\":[{\"@type\":\"ReadAction\",\"target\":[\"https:\\\/\\\/dari-system.com\\\/no\\\/dari-braketter\\\/\"]}]},{\"@type\":\"BreadcrumbList\",\"@id\":\"https:\\\/\\\/dari-system.com\\\/no\\\/dari-braketter\\\/#breadcrumb\",\"itemListElement\":[{\"@type\":\"ListItem\",\"position\":1,\"name\":\"Startseite\",\"item\":\"https:\\\/\\\/dari-system.com\\\/no\\\/\"},{\"@type\":\"ListItem\",\"position\":2,\"name\":\"DaRi-braketter\"}]},{\"@type\":\"WebSite\",\"@id\":\"https:\\\/\\\/dari-system.com\\\/no\\\/#website\",\"url\":\"https:\\\/\\\/dari-system.com\\\/no\\\/\",\"name\":\"DaRi System\",\"description\":\"\",\"potentialAction\":[{\"@type\":\"SearchAction\",\"target\":{\"@type\":\"EntryPoint\",\"urlTemplate\":\"https:\\\/\\\/dari-system.com\\\/no\\\/?s={search_term_string}\"},\"query-input\":{\"@type\":\"PropertyValueSpecification\",\"valueRequired\":true,\"valueName\":\"search_term_string\"}}],\"inLanguage\":\"nb-NO\"}]}<\/script>\n<!-- \/ Yoast SEO plugin. -->","yoast_head_json":{"title":"DaRi-braketter - DaRi System","robots":{"index":"index","follow":"follow","max-snippet":"max-snippet:-1","max-image-preview":"max-image-preview:large","max-video-preview":"max-video-preview:-1"},"canonical":"https:\/\/dari-system.com\/no\/dari-braketter\/","og_locale":"nb_NO","og_type":"article","og_title":"DaRi-braketter - DaRi System","og_description":"DaRi-klipsDiameteren p\u00e5 den fremre avrundingen av en takrenne varierer avhengig av takrennens st\u00f8rrelse. Derfor finnes klipsene for DaRi-system D1 i 2 forskjellige st\u00f8rrelser. For 28-rennen leverer vi klips med en innvendig diameter p\u00e5 18 mm, og for 33- og 40-renner klips med en innvendig diameter p\u00e5 20 mm. Denne sorteringen h\u00e5ndterer vi automatisk. For at [&hellip;]","og_url":"https:\/\/dari-system.com\/no\/dari-braketter\/","og_site_name":"DaRi System","article_modified_time":"2024-08-19T19:35:32+00:00","twitter_card":"summary_large_image","twitter_misc":{"Ansl. lesetid":"3 minutter"},"schema":{"@context":"https:\/\/schema.org","@graph":[{"@type":"WebPage","@id":"https:\/\/dari-system.com\/no\/dari-braketter\/","url":"https:\/\/dari-system.com\/no\/dari-braketter\/","name":"DaRi-braketter - DaRi System","isPartOf":{"@id":"https:\/\/dari-system.com\/no\/#website"},"datePublished":"2024-06-03T10:59:20+00:00","dateModified":"2024-08-19T19:35:32+00:00","breadcrumb":{"@id":"https:\/\/dari-system.com\/no\/dari-braketter\/#breadcrumb"},"inLanguage":"nb-NO","potentialAction":[{"@type":"ReadAction","target":["https:\/\/dari-system.com\/no\/dari-braketter\/"]}]},{"@type":"BreadcrumbList","@id":"https:\/\/dari-system.com\/no\/dari-braketter\/#breadcrumb","itemListElement":[{"@type":"ListItem","position":1,"name":"Startseite","item":"https:\/\/dari-system.com\/no\/"},{"@type":"ListItem","position":2,"name":"DaRi-braketter"}]},{"@type":"WebSite","@id":"https:\/\/dari-system.com\/no\/#website","url":"https:\/\/dari-system.com\/no\/","name":"DaRi System","description":"","potentialAction":[{"@type":"SearchAction","target":{"@type":"EntryPoint","urlTemplate":"https:\/\/dari-system.com\/no\/?s={search_term_string}"},"query-input":{"@type":"PropertyValueSpecification","valueRequired":true,"valueName":"search_term_string"}}],"inLanguage":"nb-NO"}]}},"_links":{"self":[{"href":"https:\/\/dari-system.com\/no\/wp-json\/wp\/v2\/pages\/25547558","targetHints":{"allow":["GET"]}}],"collection":[{"href":"https:\/\/dari-system.com\/no\/wp-json\/wp\/v2\/pages"}],"about":[{"href":"https:\/\/dari-system.com\/no\/wp-json\/wp\/v2\/types\/page"}],"author":[{"embeddable":true,"href":"https:\/\/dari-system.com\/no\/wp-json\/wp\/v2\/users\/1"}],"replies":[{"embeddable":true,"href":"https:\/\/dari-system.com\/no\/wp-json\/wp\/v2\/comments?post=25547558"}],"version-history":[{"count":3,"href":"https:\/\/dari-system.com\/no\/wp-json\/wp\/v2\/pages\/25547558\/revisions"}],"predecessor-version":[{"id":25548032,"href":"https:\/\/dari-system.com\/no\/wp-json\/wp\/v2\/pages\/25547558\/revisions\/25548032"}],"wp:attachment":[{"href":"https:\/\/dari-system.com\/no\/wp-json\/wp\/v2\/media?parent=25547558"}],"wp:term":[{"taxonomy":"dipi_cpt_category","embeddable":true,"href":"https:\/\/dari-system.com\/no\/wp-json\/wp\/v2\/dipi_cpt_category?post=25547558"}],"curies":[{"name":"wp","href":"https:\/\/api.w.org\/{rel}","templated":true}]}}