{"id":25547550,"date":"2024-05-29T09:26:04","date_gmt":"2024-05-29T09:26:04","guid":{"rendered":"https:\/\/dari-system.com\/om-oss\/"},"modified":"2024-08-19T15:01:45","modified_gmt":"2024-08-19T15:01:45","slug":"om-oss","status":"publish","type":"page","link":"https:\/\/dari-system.com\/no\/om-oss\/","title":{"rendered":"Om oss"},"content":{"rendered":"<p>[et_pb_section fb_built=&raquo;1&#8243; fullwidth=&raquo;on&raquo; _builder_version=&raquo;4.25.0&#8243; _module_preset=&raquo;default&raquo; bottom_divider_color=&raquo;#FFFFFF&raquo; bottom_divider_height=&raquo;82px&raquo; bottom_divider_flip=&raquo;horizontal&raquo; locked=&raquo;off&raquo; global_colors_info=&raquo;{}&raquo;][et_pb_fullwidth_header title=&raquo;Om oss&raquo; _builder_version=&raquo;4.25.0&#8243; _module_preset=&raquo;default&raquo; title_font=&raquo;|800|||||||&raquo; title_font_size=&raquo;45px&raquo; background_image=&raquo;https:\/\/dari-system.com\/wp-content\/uploads\/2024\/05\/header_background.webp&raquo; background_position=&raquo;bottom_center&raquo; custom_padding=&raquo;8vh||8vh||true|false&raquo; title_font_size_tablet=&raquo;45px&raquo; title_font_size_phone=&raquo;29px&raquo; title_font_size_last_edited=&raquo;on|phone&raquo; content_font_size_tablet=&raquo;&raquo; content_font_size_phone=&raquo;17px&raquo; content_font_size_last_edited=&raquo;on|phone&raquo; global_colors_info=&raquo;{}&raquo;]<\/p>\n<p>Veien til det perfekte DaRi-systemet<\/p>\n<p>[\/et_pb_fullwidth_header][\/et_pb_section][et_pb_section fb_built=&raquo;1&#8243; _builder_version=&raquo;4.25.0&#8243; _module_preset=&raquo;default&raquo; global_colors_info=&raquo;{}&raquo;][et_pb_row column_structure=&raquo;2_3,1_3&#8243; make_equal=&raquo;on&raquo; _builder_version=&raquo;4.25.0&#8243; _module_preset=&raquo;default&raquo; custom_margin=&raquo;||0px||false|false&raquo; custom_padding=&raquo;||0px||false|false&raquo; global_colors_info=&raquo;{}&raquo;][et_pb_column type=&raquo;2_3&#8243; _builder_version=&raquo;4.25.0&#8243; _module_preset=&raquo;default&raquo; custom_css_main_element=&raquo;margin: auto;&raquo; global_colors_info=&raquo;{}&raquo;][et_pb_text _builder_version=&raquo;4.25.0&#8243; _module_preset=&raquo;default&raquo; global_colors_info=&raquo;{}&raquo;]<\/p>\n<p>Det er et stort l\u00f8nnetre foran huset v\u00e5rt og to store lindetr\u00e6r bak huset.<br \/>\nJeg pleide \u00e5 m\u00e5tte klatre opp stigen flere ganger i \u00e5ret for \u00e5 rense takrennene.<br \/>\nDet tok meg alltid en enorm anstrengelse \u00e5 komme meg opp og f\u00e5 stigen ut av garasjen.<br \/>\nJeg utsatte denne ubehagelige oppgaven fra helg til helg.<br \/>\nFor omtrent 20 \u00e5r siden sto jeg nok en gang full av irritasjon p\u00e5 stigen for \u00e5 rense takrenna for l\u00f8v da datteren min p\u00e5 8 \u00e5r sto nederst og begynte \u00e5 gr\u00e5te: &laquo;Pappa, kom ned&raquo;, ropte hun, &laquo;jeg er redd du kommer til \u00e5 falle ned der.&raquo;    <\/p>\n<p>&nbsp;<\/p>\n<p>Da jeg var ferdig, gikk jeg til byggevarebutikken og kj\u00f8pte ulike takrennebeskyttelsessystemer.<br \/>\nDessverre var det ingen av dem som oppfylte funksjonen sin p\u00e5 en god m\u00e5te. <\/p>\n<p>[\/et_pb_text][\/et_pb_column][et_pb_column type=&raquo;1_3&#8243; _builder_version=&raquo;4.25.0&#8243; _module_preset=&raquo;default&raquo; custom_css_main_element=&raquo;mrgin:auto;&raquo; global_colors_info=&raquo;{}&raquo;][et_pb_image src=&raquo;https:\/\/dari-system.com\/wp-content\/uploads\/2024\/06\/eckhard_jentsch_03.webp&raquo; _builder_version=&raquo;4.25.0&#8243; _module_preset=&raquo;default&raquo; custom_margin=&raquo;||0px||false|false&raquo; custom_margin_tablet=&raquo;||0px||false|false&raquo; custom_margin_phone=&raquo;35px||0px||false|false&raquo; custom_margin_last_edited=&raquo;on|phone&raquo; hover_enabled=&raquo;0&#8243; global_colors_info=&raquo;{}&raquo; alt=&raquo;Eckhard Jentsch&raquo; title_text=&raquo;eckhard_jentsch_03&#8243; sticky_enabled=&raquo;0&#8243;][\/et_pb_image][et_pb_text _builder_version=&raquo;4.25.0&#8243; _module_preset=&raquo;default&raquo; text_font_size=&raquo;12px&raquo; custom_margin=&raquo;||0px||false|false&raquo; custom_padding=&raquo;||0px||false|false&raquo; global_colors_info=&raquo;{}&raquo;]<\/p>\n<p style=\"text-align: center;\"><em>Eckhard Jentsch | Grunnlegger DaRi-System<\/em><\/p>\n<p>[\/et_pb_text][\/et_pb_column][\/et_pb_row][et_pb_row _builder_version=&raquo;4.25.0&#8243; _module_preset=&raquo;default&raquo; global_colors_info=&raquo;{}&raquo;][et_pb_column type=&raquo;4_4&#8243; _builder_version=&raquo;4.25.0&#8243; _module_preset=&raquo;default&raquo; global_colors_info=&raquo;{}&raquo;][et_pb_text _builder_version=&raquo;4.25.0&#8243; _module_preset=&raquo;default&raquo; hover_enabled=&raquo;0&#8243; global_colors_info=&raquo;{}&raquo; sticky_enabled=&raquo;0&#8243;]<\/p>\n<p>Jeg gikk deretter til en blikkenslager og en taktekker og spurte hvilket l\u00f8vbeskyttelsessystem de ville anbefale.<br \/>\nSvaret var at det ikke finnes noe virkelig godt takrennebeskyttelsessystem, og at man som huseier m\u00e5 leve med at man m\u00e5 rense takrennen regelmessig. <\/p>\n<p>Jeg var desperat og tenkte &laquo;dette kan da ikke stemme; er det virkelig ikke mulig \u00e5 l\u00f8se problemet p\u00e5 en tilfredsstillende m\u00e5te? Jeg har pr\u00f8vd s\u00e5 mange forskjellige systemer, og ingen av dem var virkelig gode&raquo;.<\/p>\n<p>Deretter samlet jeg designere, teknikere, ingeni\u00f8rer, maskiningeni\u00f8rer, taktekkere og blikkenslagere, og vi satte oss ned ved et stort bord og definerte f\u00f8rst og fremst de kriteriene som et godt takrennebeskyttelsessystem skal oppfylle:<\/p>\n<p>[\/et_pb_text][\/et_pb_column][\/et_pb_row][\/et_pb_section][et_pb_section fb_built=&raquo;1&#8243; _builder_version=&raquo;4.25.0&#8243; _module_preset=&raquo;default&raquo; custom_padding=&raquo;0px||0px||false|false&raquo; global_colors_info=&raquo;{}&raquo;][et_pb_row _builder_version=&raquo;4.25.0&#8243; _module_preset=&raquo;default&raquo; background_color=&raquo;#f4bd8d&raquo; width_tablet=&raquo;&raquo; width_phone=&raquo;100%&raquo; width_last_edited=&raquo;on|phone&raquo; custom_margin=&raquo;0px||0px||true|false&raquo; custom_padding=&raquo;21px|27px|21px|27px|true|true&raquo; global_colors_info=&raquo;{}&raquo; width__hover_enabled=&raquo;on|desktop&raquo;][et_pb_column type=&raquo;4_4&#8243; _builder_version=&raquo;4.25.0&#8243; _module_preset=&raquo;default&raquo; global_colors_info=&raquo;{}&raquo;][et_pb_blurb image=&raquo;https:\/\/dari-system.com\/wp-content\/uploads\/2024\/06\/arrow.webp&raquo; alt=&raquo;Sjekk&raquo; icon_placement=&raquo;left&raquo; content_max_width=&raquo;100%&raquo; _builder_version=&raquo;4.25.0&#8243; _module_preset=&raquo;default&raquo; custom_margin=&raquo;||15px||false|false&raquo; global_colors_info=&raquo;{}&raquo;]<\/p>\n<p><strong>Det m\u00e5 v\u00e6re mulig \u00e5 montere den i takrenner med og uten takfotinnfesting<\/strong><\/p>\n<p>[\/et_pb_blurb][et_pb_blurb image=&raquo;https:\/\/dari-system.com\/wp-content\/uploads\/2024\/06\/arrow.webp&raquo; alt=&raquo;Sjekk&raquo; icon_placement=&raquo;left&raquo; content_max_width=&raquo;100%&raquo; _builder_version=&raquo;4.25.0&#8243; _module_preset=&raquo;default&raquo; custom_margin=&raquo;||15px||false|false&raquo; global_colors_info=&raquo;{}&raquo;]<\/p>\n<p><strong>Den m\u00e5 ha et stort \u00e5pent omr\u00e5de slik at regnvannet lett kan renne av<\/strong><\/p>\n<p>[\/et_pb_blurb][et_pb_blurb image=&raquo;https:\/\/dari-system.com\/wp-content\/uploads\/2024\/06\/arrow.webp&raquo; alt=&raquo;Sjekk&raquo; icon_placement=&raquo;left&raquo; content_max_width=&raquo;100%&raquo; _builder_version=&raquo;4.25.0&#8243; _module_preset=&raquo;default&raquo; custom_margin=&raquo;||15px||false|false&raquo; global_colors_info=&raquo;{}&raquo;]<\/p>\n<p><strong>Hullst\u00f8rrelsen m\u00e5 ikke v\u00e6re s\u00e5 stor at fr\u00f8 fra lindetr\u00e6r, l\u00f8nnetr\u00e6r osv. faller gjennom<\/strong><\/p>\n<p>[\/et_pb_blurb][et_pb_blurb image=&raquo;https:\/\/dari-system.com\/wp-content\/uploads\/2024\/06\/arrow.webp&raquo; alt=&raquo;Sjekk&raquo; icon_placement=&raquo;left&raquo; content_max_width=&raquo;100%&raquo; _builder_version=&raquo;4.25.0&#8243; _module_preset=&raquo;default&raquo; custom_margin=&raquo;||15px||false|false&raquo; global_colors_info=&raquo;{}&raquo;]<\/p>\n<p><strong>Hullst\u00f8rrelsen m\u00e5 ikke v\u00e6re for liten slik at hullene tetter seg raskt<\/strong><\/p>\n<p>[\/et_pb_blurb][et_pb_blurb image=&raquo;https:\/\/dari-system.com\/wp-content\/uploads\/2024\/06\/arrow.webp&raquo; alt=&raquo;Sjekk&raquo; icon_placement=&raquo;left&raquo; content_max_width=&raquo;100%&raquo; _builder_version=&raquo;4.25.0&#8243; _module_preset=&raquo;default&raquo; custom_margin=&raquo;||15px||false|false&raquo; global_colors_info=&raquo;{}&raquo;]<\/p>\n<p><strong>Hullene m\u00e5 v\u00e6re utformet p\u00e5 en slik m\u00e5te at regnvannet ledes raskt ned i hullene<\/strong><\/p>\n<p>[\/et_pb_blurb][et_pb_blurb image=&raquo;https:\/\/dari-system.com\/wp-content\/uploads\/2024\/06\/arrow.webp&raquo; alt=&raquo;Sjekk&raquo; icon_placement=&raquo;left&raquo; content_max_width=&raquo;100%&raquo; _builder_version=&raquo;4.25.0&#8243; _module_preset=&raquo;default&raquo; custom_margin=&raquo;||15px||false|false&raquo; global_colors_info=&raquo;{}&raquo;]<\/p>\n<p><strong>Overflaten m\u00e5 v\u00e6re glatt slik at ingen blader kan sette seg fast<\/strong><\/p>\n<p>[\/et_pb_blurb][et_pb_blurb image=&raquo;https:\/\/dari-system.com\/wp-content\/uploads\/2024\/06\/arrow.webp&raquo; alt=&raquo;Sjekk&raquo; icon_placement=&raquo;left&raquo; content_max_width=&raquo;100%&raquo; _builder_version=&raquo;4.25.0&#8243; _module_preset=&raquo;default&raquo; custom_margin=&raquo;||15px||false|false&raquo; global_colors_info=&raquo;{}&raquo;]<\/p>\n<p><strong>Den m\u00e5 v\u00e6re enkel \u00e5 installere uten verkt\u00f8y<\/strong><\/p>\n<p>[\/et_pb_blurb][et_pb_blurb image=&raquo;https:\/\/dari-system.com\/wp-content\/uploads\/2024\/06\/arrow.webp&raquo; alt=&raquo;Sjekk&raquo; icon_placement=&raquo;left&raquo; content_max_width=&raquo;100%&raquo; _builder_version=&raquo;4.25.0&#8243; _module_preset=&raquo;default&raquo; custom_margin=&raquo;||15px||false|false&raquo; global_colors_info=&raquo;{}&raquo;]<\/p>\n<p><strong>Den m\u00e5 v\u00e6re enkel \u00e5 fjerne<\/strong><\/p>\n<p>[\/et_pb_blurb][et_pb_blurb image=&raquo;https:\/\/dari-system.com\/wp-content\/uploads\/2024\/06\/arrow.webp&raquo; alt=&raquo;Sjekk&raquo; icon_placement=&raquo;left&raquo; content_max_width=&raquo;100%&raquo; _builder_version=&raquo;4.25.0&#8243; _module_preset=&raquo;default&raquo; custom_margin=&raquo;||15px||false|false&raquo; global_colors_info=&raquo;{}&raquo;]<\/p>\n<p><strong>Den m\u00e5 v\u00e6re godt festet til takrennen slik at den ikke flyr bort i sterk vind<\/strong><\/p>\n<p>[\/et_pb_blurb][et_pb_blurb image=&raquo;https:\/\/dari-system.com\/wp-content\/uploads\/2024\/06\/arrow.webp&raquo; alt=&raquo;Sjekk&raquo; icon_placement=&raquo;left&raquo; content_max_width=&raquo;100%&raquo; _builder_version=&raquo;4.25.0&#8243; _module_preset=&raquo;default&raquo; custom_margin=&raquo;||15px||false|false&raquo; global_colors_info=&raquo;{}&raquo;]<\/p>\n<p><strong>Den m\u00e5 v\u00e6re over takrennen slik at l\u00f8v lett kan bl\u00e5ses bort<\/strong><\/p>\n<p>[\/et_pb_blurb][et_pb_blurb image=&raquo;https:\/\/dari-system.com\/wp-content\/uploads\/2024\/06\/arrow.webp&raquo; alt=&raquo;Sjekk&raquo; icon_placement=&raquo;left&raquo; content_max_width=&raquo;100%&raquo; _builder_version=&raquo;4.25.0&#8243; _module_preset=&raquo;default&raquo; custom_margin=&raquo;||15px||false|false&raquo; global_colors_info=&raquo;{}&raquo;]<\/p>\n<p><strong>Den m\u00e5 strekke seg til forkanten slik at det ikke er noen hindringer for l\u00f8vverket<\/strong><\/p>\n<p>[\/et_pb_blurb][et_pb_blurb image=&raquo;https:\/\/dari-system.com\/wp-content\/uploads\/2024\/06\/arrow.webp&raquo; alt=&raquo;Sjekk&raquo; icon_placement=&raquo;left&raquo; content_max_width=&raquo;100%&raquo; _builder_version=&raquo;4.25.0&#8243; _module_preset=&raquo;default&raquo; custom_margin=&raquo;||15px||false|false&raquo; global_colors_info=&raquo;{}&raquo;]<\/p>\n<p><strong>Det m\u00e5 v\u00e6re varmestabilt, kuldestabilt og UV-stabilt<\/strong><\/p>\n<p>[\/et_pb_blurb][et_pb_blurb image=&raquo;https:\/\/dari-system.com\/wp-content\/uploads\/2024\/06\/arrow.webp&raquo; alt=&raquo;Sjekk&raquo; icon_placement=&raquo;left&raquo; content_max_width=&raquo;100%&raquo; _builder_version=&raquo;4.25.0&#8243; _module_preset=&raquo;default&raquo; custom_margin=&raquo;||15px||false|false&raquo; global_colors_info=&raquo;{}&raquo;]<\/p>\n<p><strong>Den m\u00e5 v\u00e6re vedlikeholdsfri<\/strong><\/p>\n<p>[\/et_pb_blurb][et_pb_blurb image=&raquo;https:\/\/dari-system.com\/wp-content\/uploads\/2024\/06\/arrow.webp&raquo; alt=&raquo;Sjekk&raquo; icon_placement=&raquo;left&raquo; content_max_width=&raquo;100%&raquo; _builder_version=&raquo;4.25.0&#8243; _module_preset=&raquo;default&raquo; custom_margin=&raquo;||15px||false|false&raquo; global_colors_info=&raquo;{}&raquo;]<\/p>\n<p><strong>Det b\u00f8r garanteres at rennesteinen ikke lenger er blokkert av l\u00f8v<\/strong><\/p>\n<p>[\/et_pb_blurb][\/et_pb_column][\/et_pb_row][\/et_pb_section][et_pb_section fb_built=&raquo;1&#8243; _builder_version=&raquo;4.25.0&#8243; _module_preset=&raquo;default&raquo; global_colors_info=&raquo;{}&raquo;][et_pb_row _builder_version=&raquo;4.25.0&#8243; _module_preset=&raquo;default&raquo; global_colors_info=&raquo;{}&raquo;][et_pb_column type=&raquo;4_4&#8243; _builder_version=&raquo;4.25.0&#8243; _module_preset=&raquo;default&raquo; global_colors_info=&raquo;{}&raquo;][et_pb_text _builder_version=&raquo;4.25.0&#8243; _module_preset=&raquo;default&raquo; global_colors_info=&raquo;{}&raquo;]<\/p>\n<p>Etter mye planlegging, tegninger, fors\u00f8k og tester ble <strong>DaRi-systemet<\/strong> f\u00f8dt. DaRi-systemet trenger ikke \u00e5 frykte sammenligning med noe annet system.<br \/>\nEtter min mening og kunnskap finnes det ikke noe bedre beskyttelsessystem for takrenner. <\/p>\n<p>I dag ser jeg p\u00e5 takrennen min med tilfredshet og er glad for at jeg installerte DaRi-systemet der.<br \/>\nDaRi-systemene fra den gang er fortsatt installert i takrenna og fungerer fortsatt fullt ut.<br \/>\nJeg takker fortsatt ofte datteren min for at hun ga meg impulsen til \u00e5 installere dette perfekte takrennebeskyttelsessystemet.<br \/>\nIkke bare slipper jeg bryderiet, men jeg har ogs\u00e5 redusert risikoen for ulykker n\u00e5r jeg ikke lenger trenger \u00e5 st\u00e5 h\u00f8yt oppe p\u00e5 taket i stigen.   <\/p>\n<p>I dag er folk fra hele Europa glade og takknemlige for at problemet med en tilstoppet takrenne kunne l\u00f8ses s\u00e5 enkelt med DaRi-systemet, og at takrennen forblir permanent l\u00f8vfri.<\/p>\n<p>DaRi-System har som m\u00e5l \u00e5 utvikle og produsere takrennebeskyttelsessystemer av h\u00f8yeste kvalitet.<br \/>\nAlle produktene v\u00e5re er designet her i Tyskland og produseres utelukkende her. <\/p>\n<p><em><strong>Produsert i Tyskland<\/strong> <\/em>garanterer deg en lang levetid.<\/p>\n<p>Som absolutte eksperter p\u00e5 l\u00f8vbeskyttelsessystemer har vi i 20 \u00e5r jobbet sammen med kundene v\u00e5re for \u00e5 finne gode og praktiske l\u00f8sninger for problematiske takrenner.<br \/>\nVi ser frem til hver eneste kontakt og hvert eneste bilde av en takrenne som blir sendt til oss, og vi besvarer din henvendelse raskt, hyggelig og kostnadsfritt. <\/p>\n<p>Hvis du ogs\u00e5 er p\u00e5 utkikk etter et p\u00e5litelig, holdbart og vedlikeholdsfritt beskyttelsessystem av h\u00f8y kvalitet for takrennen din, b\u00f8r du velge det perfekt utformede <strong>DaRi-systemet<\/strong> med en gang.<\/p>\n<p>[\/et_pb_text][\/et_pb_column][\/et_pb_row][et_pb_row _builder_version=&raquo;4.25.0&#8243; _module_preset=&raquo;default&raquo; global_colors_info=&raquo;{}&raquo;][et_pb_column type=&raquo;4_4&#8243; _builder_version=&raquo;4.25.0&#8243; _module_preset=&raquo;default&raquo; global_colors_info=&raquo;{}&raquo;][et_pb_text _builder_version=&raquo;4.25.0&#8243; _module_preset=&raquo;default&raquo; global_colors_info=&raquo;{}&raquo;]<\/p>\n<h2><strong>Og vi garanterer at rennesteinen ikke lenger vil bli blokkert av l\u00f8v etter at DaRi-systemet er installert.<\/strong><\/h2>\n<p>[\/et_pb_text][\/et_pb_column][\/et_pb_row][\/et_pb_section]<\/p>\n","protected":false},"excerpt":{"rendered":"<p>Veien til det perfekte DaRi-systemetDet er et stort l\u00f8nnetre foran huset v\u00e5rt og to store lindetr\u00e6r bak huset. Jeg pleide \u00e5 m\u00e5tte klatre opp stigen flere ganger i \u00e5ret for \u00e5 rense takrennene. Det tok meg alltid en enorm anstrengelse \u00e5 komme meg opp og f\u00e5 stigen ut av garasjen. Jeg utsatte denne ubehagelige oppgaven [&hellip;]<\/p>\n","protected":false},"author":1,"featured_media":0,"parent":0,"menu_order":0,"comment_status":"closed","ping_status":"closed","template":"","meta":{"_et_pb_use_builder":"on","_et_pb_old_content":"","_et_gb_content_width":"","iawp_total_views":5,"footnotes":""},"dipi_cpt_category":[],"class_list":["post-25547550","page","type-page","status-publish","hentry"],"yoast_head":"<!-- This site is optimized with the Yoast SEO plugin v27.2 - https:\/\/yoast.com\/product\/yoast-seo-wordpress\/ -->\n<title>Om oss - DaRi System<\/title>\n<meta name=\"robots\" content=\"index, follow, max-snippet:-1, max-image-preview:large, max-video-preview:-1\" \/>\n<link rel=\"canonical\" href=\"https:\/\/dari-system.com\/no\/om-oss\/\" \/>\n<meta property=\"og:locale\" content=\"nb_NO\" \/>\n<meta property=\"og:type\" content=\"article\" \/>\n<meta property=\"og:title\" content=\"Om oss - DaRi System\" \/>\n<meta property=\"og:description\" content=\"Veien til det perfekte DaRi-systemetDet er et stort l\u00f8nnetre foran huset v\u00e5rt og to store lindetr\u00e6r bak huset. Jeg pleide \u00e5 m\u00e5tte klatre opp stigen flere ganger i \u00e5ret for \u00e5 rense takrennene. Det tok meg alltid en enorm anstrengelse \u00e5 komme meg opp og f\u00e5 stigen ut av garasjen. Jeg utsatte denne ubehagelige oppgaven [&hellip;]\" \/>\n<meta property=\"og:url\" content=\"https:\/\/dari-system.com\/no\/om-oss\/\" \/>\n<meta property=\"og:site_name\" content=\"DaRi System\" \/>\n<meta property=\"article:modified_time\" content=\"2024-08-19T15:01:45+00:00\" \/>\n<meta name=\"twitter:card\" content=\"summary_large_image\" \/>\n<meta name=\"twitter:label1\" content=\"Ansl. lesetid\" \/>\n\t<meta name=\"twitter:data1\" content=\"9 minutter\" \/>\n<script type=\"application\/ld+json\" class=\"yoast-schema-graph\">{\"@context\":\"https:\/\/schema.org\",\"@graph\":[{\"@type\":\"WebPage\",\"@id\":\"https:\/\/dari-system.com\/no\/om-oss\/\",\"url\":\"https:\/\/dari-system.com\/no\/om-oss\/\",\"name\":\"Om oss - DaRi System\",\"isPartOf\":{\"@id\":\"https:\/\/dari-system.com\/no\/#website\"},\"datePublished\":\"2024-05-29T09:26:04+00:00\",\"dateModified\":\"2024-08-19T15:01:45+00:00\",\"breadcrumb\":{\"@id\":\"https:\/\/dari-system.com\/no\/om-oss\/#breadcrumb\"},\"inLanguage\":\"nb-NO\",\"potentialAction\":[{\"@type\":\"ReadAction\",\"target\":[\"https:\/\/dari-system.com\/no\/om-oss\/\"]}]},{\"@type\":\"BreadcrumbList\",\"@id\":\"https:\/\/dari-system.com\/no\/om-oss\/#breadcrumb\",\"itemListElement\":[{\"@type\":\"ListItem\",\"position\":1,\"name\":\"Startseite\",\"item\":\"https:\/\/dari-system.com\/no\/\"},{\"@type\":\"ListItem\",\"position\":2,\"name\":\"Om oss\"}]},{\"@type\":\"WebSite\",\"@id\":\"https:\/\/dari-system.com\/no\/#website\",\"url\":\"https:\/\/dari-system.com\/no\/\",\"name\":\"DaRi System\",\"description\":\"\",\"potentialAction\":[{\"@type\":\"SearchAction\",\"target\":{\"@type\":\"EntryPoint\",\"urlTemplate\":\"https:\/\/dari-system.com\/no\/?s={search_term_string}\"},\"query-input\":{\"@type\":\"PropertyValueSpecification\",\"valueRequired\":true,\"valueName\":\"search_term_string\"}}],\"inLanguage\":\"nb-NO\"}]}<\/script>\n<!-- \/ Yoast SEO plugin. -->","yoast_head_json":{"title":"Om oss - DaRi System","robots":{"index":"index","follow":"follow","max-snippet":"max-snippet:-1","max-image-preview":"max-image-preview:large","max-video-preview":"max-video-preview:-1"},"canonical":"https:\/\/dari-system.com\/no\/om-oss\/","og_locale":"nb_NO","og_type":"article","og_title":"Om oss - DaRi System","og_description":"Veien til det perfekte DaRi-systemetDet er et stort l\u00f8nnetre foran huset v\u00e5rt og to store lindetr\u00e6r bak huset. Jeg pleide \u00e5 m\u00e5tte klatre opp stigen flere ganger i \u00e5ret for \u00e5 rense takrennene. Det tok meg alltid en enorm anstrengelse \u00e5 komme meg opp og f\u00e5 stigen ut av garasjen. Jeg utsatte denne ubehagelige oppgaven [&hellip;]","og_url":"https:\/\/dari-system.com\/no\/om-oss\/","og_site_name":"DaRi System","article_modified_time":"2024-08-19T15:01:45+00:00","twitter_card":"summary_large_image","twitter_misc":{"Ansl. lesetid":"9 minutter"},"schema":{"@context":"https:\/\/schema.org","@graph":[{"@type":"WebPage","@id":"https:\/\/dari-system.com\/no\/om-oss\/","url":"https:\/\/dari-system.com\/no\/om-oss\/","name":"Om oss - DaRi System","isPartOf":{"@id":"https:\/\/dari-system.com\/no\/#website"},"datePublished":"2024-05-29T09:26:04+00:00","dateModified":"2024-08-19T15:01:45+00:00","breadcrumb":{"@id":"https:\/\/dari-system.com\/no\/om-oss\/#breadcrumb"},"inLanguage":"nb-NO","potentialAction":[{"@type":"ReadAction","target":["https:\/\/dari-system.com\/no\/om-oss\/"]}]},{"@type":"BreadcrumbList","@id":"https:\/\/dari-system.com\/no\/om-oss\/#breadcrumb","itemListElement":[{"@type":"ListItem","position":1,"name":"Startseite","item":"https:\/\/dari-system.com\/no\/"},{"@type":"ListItem","position":2,"name":"Om oss"}]},{"@type":"WebSite","@id":"https:\/\/dari-system.com\/no\/#website","url":"https:\/\/dari-system.com\/no\/","name":"DaRi System","description":"","potentialAction":[{"@type":"SearchAction","target":{"@type":"EntryPoint","urlTemplate":"https:\/\/dari-system.com\/no\/?s={search_term_string}"},"query-input":{"@type":"PropertyValueSpecification","valueRequired":true,"valueName":"search_term_string"}}],"inLanguage":"nb-NO"}]}},"_links":{"self":[{"href":"https:\/\/dari-system.com\/no\/wp-json\/wp\/v2\/pages\/25547550","targetHints":{"allow":["GET"]}}],"collection":[{"href":"https:\/\/dari-system.com\/no\/wp-json\/wp\/v2\/pages"}],"about":[{"href":"https:\/\/dari-system.com\/no\/wp-json\/wp\/v2\/types\/page"}],"author":[{"embeddable":true,"href":"https:\/\/dari-system.com\/no\/wp-json\/wp\/v2\/users\/1"}],"replies":[{"embeddable":true,"href":"https:\/\/dari-system.com\/no\/wp-json\/wp\/v2\/comments?post=25547550"}],"version-history":[{"count":2,"href":"https:\/\/dari-system.com\/no\/wp-json\/wp\/v2\/pages\/25547550\/revisions"}],"predecessor-version":[{"id":25547554,"href":"https:\/\/dari-system.com\/no\/wp-json\/wp\/v2\/pages\/25547550\/revisions\/25547554"}],"wp:attachment":[{"href":"https:\/\/dari-system.com\/no\/wp-json\/wp\/v2\/media?parent=25547550"}],"wp:term":[{"taxonomy":"dipi_cpt_category","embeddable":true,"href":"https:\/\/dari-system.com\/no\/wp-json\/wp\/v2\/dipi_cpt_category?post=25547550"}],"curies":[{"name":"wp","href":"https:\/\/api.w.org\/{rel}","templated":true}]}}