{"id":25547513,"date":"2024-05-28T18:02:41","date_gmt":"2024-05-28T18:02:41","guid":{"rendered":"https:\/\/dari-system.com\/dari-system-d2\/"},"modified":"2024-08-19T19:30:04","modified_gmt":"2024-08-19T19:30:04","slug":"dari-system-d2","status":"publish","type":"page","link":"https:\/\/dari-system.com\/no\/dari-system-d2\/","title":{"rendered":"DaRi System D2"},"content":{"rendered":"<p>[et_pb_section fb_built=&raquo;1&#8243; admin_label=&raquo;TBVS &#8211; Light &#8211; Content 5&#8243; _builder_version=&raquo;4.25.0&#8243; _module_preset=&raquo;773cbfc0-e6bc-474b-b613-dad4bc024acd&raquo; global_colors_info=&raquo;{}&raquo;][et_pb_row column_structure=&raquo;2_5,3_5&#8243; make_equal=&raquo;on&raquo; _builder_version=&raquo;4.25.0&#8243; _module_preset=&raquo;default&raquo; global_colors_info=&raquo;{}&raquo;][et_pb_column type=&raquo;2_5&#8243; _builder_version=&raquo;4.16&#8243; _module_preset=&raquo;default&raquo; global_colors_info=&raquo;{}&raquo;][et_pb_image src=&raquo;https:\/\/dari-system.com\/wp-content\/uploads\/2024\/05\/dari_d2_montiert.webp&raquo; alt=&raquo;DaRi-system D1 montert&raquo; title_text=&raquo;dari_d2_assembled&raquo; show_in_lightbox=&raquo;on&raquo; _builder_version=&raquo;4.25.0&#8243; _module_preset=&raquo;default&raquo; border_radii=&raquo;on|44px|44px|44px|44px&raquo; global_colors_info=&raquo;{}&raquo;][\/et_pb_image][\/et_pb_column][et_pb_column type=&raquo;3_5&#8243; _builder_version=&raquo;4.25.0&#8243; _module_preset=&raquo;default&raquo; custom_padding_tablet=&raquo;||30px||false|false&raquo; custom_padding_phone=&raquo;&raquo; custom_padding_last_edited=&raquo;on|tablet&raquo; custom_css_main_element=&raquo;margin: auto;&raquo; global_colors_info=&raquo;{}&raquo;][et_pb_text _builder_version=&raquo;4.25.0&#8243; _module_preset=&raquo;c68383f9-009f-4682-a0ef-f1cc616ecd44&#8243; global_colors_info=&raquo;{}&raquo;]<\/p>\n<h1>DaRi-system D2<\/h1>\n<p>[\/et_pb_text][et_pb_text _builder_version=&raquo;4.25.0&#8243; _module_preset=&raquo;default&raquo; header_3_text_color=&raquo;#FFFFFF&raquo; header_3_line_height=&raquo;1.1em&raquo; background_layout=&raquo;dark&raquo; custom_margin=&raquo;||5px||false|false&raquo; header_3_text_color_tablet=&raquo;&raquo; header_3_text_color_phone=&raquo;&raquo; header_3_text_color_last_edited=&raquo;on|desktop&raquo; global_colors_info=&raquo;{}&raquo;]<\/p>\n<h3>For tak der taksteinene stikker dypt ned i takrennen<\/h3>\n<p>[\/et_pb_text][\/et_pb_column][\/et_pb_row][\/et_pb_section][et_pb_section fb_built=&raquo;1&#8243; _builder_version=&raquo;4.25.0&#8243; _module_preset=&raquo;default&raquo; global_colors_info=&raquo;{}&raquo;][et_pb_row column_structure=&raquo;2_3,1_3&#8243; make_equal=&raquo;on&raquo; _builder_version=&raquo;4.25.0&#8243; _module_preset=&raquo;default&raquo; global_colors_info=&raquo;{}&raquo;][et_pb_column type=&raquo;2_3&#8243; _builder_version=&raquo;4.25.0&#8243; _module_preset=&raquo;default&raquo; custom_css_main_element=&raquo;margin: auto;&raquo; border_color_right=&raquo;#4C76A9&#8243; global_colors_info=&raquo;{}&raquo;][et_pb_text _builder_version=&raquo;4.25.0&#8243; _module_preset=&raquo;default&raquo; global_colors_info=&raquo;{}&raquo;]<\/p>\n<p>Taksteinene stikker ofte dypt ned i takrennen, spesielt p\u00e5 bratte tak.<br \/>\nI slike tilfeller er DaRi System D1 ofte vanskelig \u00e5 montere.<br \/>\nDaRi System D2 er utviklet for slike takrenner.    <\/p>\n<p>[\/et_pb_text][\/et_pb_column][et_pb_column type=&raquo;1_3&#8243; _builder_version=&raquo;4.25.0&#8243; _module_preset=&raquo;default&raquo; custom_css_main_element=&raquo;margin: auto;&raquo; border_color_right=&raquo;#4C76A9&#8243; global_colors_info=&raquo;{}&raquo;][et_pb_image src=&raquo;https:\/\/dari-system.com\/wp-content\/uploads\/2024\/05\/einbausituation_d2.webp&raquo; alt=&raquo;DaRi System D2 Installasjonssituasjon&raquo; title_text=&raquo;installasjon_situasjon_d2&#8243; _builder_version=&raquo;4.25.0&#8243; _module_preset=&raquo;default&raquo; global_colors_info=&raquo;{}&raquo;][\/et_pb_image][\/et_pb_column][\/et_pb_row][\/et_pb_section][et_pb_section fb_built=&raquo;1&#8243; admin_label=&raquo;Produktvergleich&raquo; module_class=&raquo;tbvs-section-light&raquo; _builder_version=&raquo;4.25.0&#8243; _module_preset=&raquo;default&raquo; background_color=&raquo;#cde2f2&#8243; background_enable_image=&raquo;off&raquo; parallax=&raquo;on&raquo; z_index=&raquo;5&#8243; min_height=&raquo;410.3px&raquo; custom_margin=&raquo;||14px||false|false&raquo; custom_padding=&raquo;46px||||false|false&raquo; top_divider_height=&raquo;72px&raquo; global_colors_info=&raquo;{}&raquo;][et_pb_row column_structure=&raquo;1_4,1_2,1_4&#8243; _builder_version=&raquo;4.25.0&#8243; _module_preset=&raquo;default&raquo; global_colors_info=&raquo;{}&raquo;][et_pb_column type=&raquo;1_4&#8243; _builder_version=&raquo;4.25.0&#8243; _module_preset=&raquo;default&raquo; background_enable_color=&raquo;off&raquo; border_color_top=&raquo;#4C76A9&#8243; global_colors_info=&raquo;{}&raquo;][\/et_pb_column][et_pb_column type=&raquo;1_2&#8243; _builder_version=&raquo;4.25.0&#8243; _module_preset=&raquo;default&raquo; background_enable_color=&raquo;off&raquo; border_color_top=&raquo;#4C76A9&#8243; global_colors_info=&raquo;{}&raquo;][et_pb_text _builder_version=&raquo;4.25.0&#8243; _module_preset=&raquo;default&raquo; custom_margin=&raquo;||||false|true&raquo; custom_padding=&raquo;||||false|false&raquo; header_3_text_align_tablet=&raquo;&raquo; header_3_text_align_phone=&raquo;&raquo; header_3_text_align_last_edited=&raquo;on|desktop&raquo; global_colors_info=&raquo;{}&raquo;]<\/p>\n<h3>Se kortfilmen for \u00e5 finne ut mer:<\/h3>\n<p>[\/et_pb_text][et_pb_code _builder_version=&raquo;4.27.0&#8243; _module_preset=&raquo;default&raquo; hover_enabled=&raquo;0&#8243; border_radii=&raquo;on|10px|10px|10px|10px&raquo; box_shadow_style=&raquo;preset1&#8243; global_colors_info=&raquo;{}&raquo; sticky_enabled=&raquo;0&#8243;] <\/p>\n<div class=\"brlbs-cmpnt-container brlbs-cmpnt-content-blocker brlbs-cmpnt-with-individual-styles\" data-borlabs-cookie-content-blocker-id=\"youtube-content-blocker\" data-borlabs-cookie-content=\"PGRpdiBjbGFzcz0iYnJsYnMtY21wbnQtY2ItZmx1aWQtd2lkdGgtdmlkZW8td3JhcHBlci15b3V0dWJlIj48aWZyYW1lIHNyYz0iaHR0cHM6Ly93d3cueW91dHViZS1ub2Nvb2tpZS5jb20vZW1iZWQvc3k4OGtDeThKak0\/bW9kZXN0YnJhbmRpbmc9MSZyZWw9MCIgd2lkdGg9IjUxNiIgaGVpZ2h0PSIyNjQiIGZyYW1lYm9yZGVyPSIwIiBhbGxvd2Z1bGxzY3JlZW49IiI+PC9pZnJhbWU+PC9kaXY+\">\n<div class=\"brlbs-cmpnt-cb-preset-c brlbs-cmpnt-cb-youtube\">\n<div class=\"brlbs-cmpnt-cb-thumbnail\" style=\"background-image: url('https:\/\/dari-system.com\/wp-content\/uploads\/borlabs-cookie\/1\/yt_sy88kCy8JjM_hqdefault.jpg')\"><\/div>\n<div class=\"brlbs-cmpnt-cb-main\">\n<div class=\"brlbs-cmpnt-cb-play-button\"><\/div>\n<div class=\"brlbs-cmpnt-cb-content\">\n<p class=\"brlbs-cmpnt-cb-description\">You are currently viewing a placeholder content from <strong>YouTube<\/strong>. To access the actual content, click the button below. Please note that doing so will share data with third-party providers.<\/p>\n<p> <a class=\"brlbs-cmpnt-cb-provider-toggle\" href=\"#\" data-borlabs-cookie-show-provider-information role=\"button\">More Information<\/a> <\/div>\n<div class=\"brlbs-cmpnt-cb-buttons\"> <a class=\"brlbs-cmpnt-cb-btn\" href=\"#\" data-borlabs-cookie-unblock role=\"button\">Unblock content<\/a> <a class=\"brlbs-cmpnt-cb-btn\" href=\"#\" data-borlabs-cookie-accept-service role=\"button\" style=\"display: inherit\">Accept required service and unblock content<\/a> <\/div>\n<\/p><\/div>\n<\/p><\/div>\n<\/div>\n<p>[\/et_pb_code][\/et_pb_column][et_pb_column type=&raquo;1_4&#8243; _builder_version=&raquo;4.25.0&#8243; _module_preset=&raquo;default&raquo; background_enable_color=&raquo;off&raquo; border_color_top=&raquo;#4C76A9&#8243; global_colors_info=&raquo;{}&raquo;][\/et_pb_column][\/et_pb_row][et_pb_row _builder_version=&raquo;4.25.0&#8243; _module_preset=&raquo;default&raquo; global_colors_info=&raquo;{}&raquo;][et_pb_column type=&raquo;4_4&#8243; _builder_version=&raquo;4.25.0&#8243; _module_preset=&raquo;default&raquo; global_colors_info=&raquo;{}&raquo;][et_pb_text _builder_version=&raquo;4.25.0&#8243; _module_preset=&raquo;default&raquo; global_colors_info=&raquo;{}&raquo;]<\/p>\n<p style=\"text-align: center;\">DaRi-systemet D2 er kun tilgjengelig for takrenner i st\u00f8rrelse 33.<\/p>\n<p>[\/et_pb_text][\/et_pb_column][\/et_pb_row][\/et_pb_section][et_pb_section fb_built=&raquo;1&#8243; _builder_version=&raquo;4.25.0&#8243; _module_preset=&raquo;default&raquo; global_colors_info=&raquo;{}&raquo;][et_pb_row _builder_version=&raquo;4.25.0&#8243; _module_preset=&raquo;default&raquo; global_colors_info=&raquo;{}&raquo;][et_pb_column type=&raquo;4_4&#8243; _builder_version=&raquo;4.25.0&#8243; _module_preset=&raquo;default&raquo; global_colors_info=&raquo;{}&raquo;][et_pb_text _builder_version=&raquo;4.25.0&#8243; _module_preset=&raquo;default&raquo; custom_margin=&raquo;||||false|true&raquo; custom_padding=&raquo;||||false|false&raquo; header_3_text_align_tablet=&raquo;&raquo; header_3_text_align_phone=&raquo;&raquo; header_3_text_align_last_edited=&raquo;on|desktop&raquo; global_colors_info=&raquo;{}&raquo;]<\/p>\n<h3 style=\"text-align: center;\">Er DaRi System D2 det riktige for din takrenne?<br \/>\nDa kan du bestille her: <\/h3>\n<p>[\/et_pb_text][\/et_pb_column][\/et_pb_row][et_pb_row _builder_version=&raquo;4.25.0&#8243; _module_preset=&raquo;default&raquo; global_colors_info=&raquo;{}&raquo;][et_pb_column type=&raquo;4_4&#8243; _builder_version=&raquo;4.25.0&#8243; _module_preset=&raquo;default&raquo; global_colors_info=&raquo;{}&raquo;][et_pb_button button_url=&raquo;https:\/\/dari-system.com\/no\/produkt\/dari-system-d2\/&raquo; button_text=&raquo;til butikken&raquo; button_alignment=&raquo;center&raquo; _builder_version=&raquo;4.27.0&#8243; _module_preset=&raquo;default&raquo; hover_enabled=&raquo;0&#8243; global_colors_info=&raquo;{}&raquo; sticky_enabled=&raquo;0&#8243;][\/et_pb_button][\/et_pb_column][\/et_pb_row][\/et_pb_section]<\/p>\n","protected":false},"excerpt":{"rendered":"<p>DaRi-system D2For tak der taksteinene stikker dypt ned i takrennenTaksteinene stikker ofte dypt ned i takrennen, spesielt p\u00e5 bratte tak. I slike tilfeller er DaRi System D1 ofte vanskelig \u00e5 montere. DaRi System D2 er utviklet for slike takrenner. Se kortfilmen for \u00e5 finne ut mer:DaRi-systemet D2 er kun tilgjengelig for takrenner i st\u00f8rrelse 33.Er [&hellip;]<\/p>\n","protected":false},"author":1,"featured_media":0,"parent":0,"menu_order":0,"comment_status":"closed","ping_status":"closed","template":"","meta":{"_et_pb_use_builder":"on","_et_pb_old_content":"","_et_gb_content_width":"","iawp_total_views":9,"footnotes":""},"dipi_cpt_category":[],"class_list":["post-25547513","page","type-page","status-publish","hentry"],"yoast_head":"<!-- This site is optimized with the Yoast SEO plugin v27.2 - https:\/\/yoast.com\/product\/yoast-seo-wordpress\/ -->\n<title>DaRi System D2 - DaRi System<\/title>\n<meta name=\"robots\" content=\"index, follow, max-snippet:-1, max-image-preview:large, max-video-preview:-1\" \/>\n<link rel=\"canonical\" href=\"https:\/\/dari-system.com\/no\/dari-system-d2\/\" \/>\n<meta property=\"og:locale\" content=\"nb_NO\" \/>\n<meta property=\"og:type\" content=\"article\" \/>\n<meta property=\"og:title\" content=\"DaRi System D2 - DaRi System\" \/>\n<meta property=\"og:description\" content=\"DaRi-system D2For tak der taksteinene stikker dypt ned i takrennenTaksteinene stikker ofte dypt ned i takrennen, spesielt p\u00e5 bratte tak. I slike tilfeller er DaRi System D1 ofte vanskelig \u00e5 montere. DaRi System D2 er utviklet for slike takrenner. Se kortfilmen for \u00e5 finne ut mer:DaRi-systemet D2 er kun tilgjengelig for takrenner i st\u00f8rrelse 33.Er [&hellip;]\" \/>\n<meta property=\"og:url\" content=\"https:\/\/dari-system.com\/no\/dari-system-d2\/\" \/>\n<meta property=\"og:site_name\" content=\"DaRi System\" \/>\n<meta property=\"article:modified_time\" content=\"2024-08-19T19:30:04+00:00\" \/>\n<meta name=\"twitter:card\" content=\"summary_large_image\" \/>\n<meta name=\"twitter:label1\" content=\"Ansl. lesetid\" \/>\n\t<meta name=\"twitter:data1\" content=\"4 minutter\" \/>\n<script type=\"application\/ld+json\" class=\"yoast-schema-graph\">{\"@context\":\"https:\/\/schema.org\",\"@graph\":[{\"@type\":\"WebPage\",\"@id\":\"https:\/\/dari-system.com\/no\/dari-system-d2\/\",\"url\":\"https:\/\/dari-system.com\/no\/dari-system-d2\/\",\"name\":\"DaRi System D2 - DaRi System\",\"isPartOf\":{\"@id\":\"https:\/\/dari-system.com\/no\/#website\"},\"datePublished\":\"2024-05-28T18:02:41+00:00\",\"dateModified\":\"2024-08-19T19:30:04+00:00\",\"breadcrumb\":{\"@id\":\"https:\/\/dari-system.com\/no\/dari-system-d2\/#breadcrumb\"},\"inLanguage\":\"nb-NO\",\"potentialAction\":[{\"@type\":\"ReadAction\",\"target\":[\"https:\/\/dari-system.com\/no\/dari-system-d2\/\"]}]},{\"@type\":\"BreadcrumbList\",\"@id\":\"https:\/\/dari-system.com\/no\/dari-system-d2\/#breadcrumb\",\"itemListElement\":[{\"@type\":\"ListItem\",\"position\":1,\"name\":\"Startseite\",\"item\":\"https:\/\/dari-system.com\/no\/\"},{\"@type\":\"ListItem\",\"position\":2,\"name\":\"DaRi System D2\"}]},{\"@type\":\"WebSite\",\"@id\":\"https:\/\/dari-system.com\/no\/#website\",\"url\":\"https:\/\/dari-system.com\/no\/\",\"name\":\"DaRi System\",\"description\":\"\",\"potentialAction\":[{\"@type\":\"SearchAction\",\"target\":{\"@type\":\"EntryPoint\",\"urlTemplate\":\"https:\/\/dari-system.com\/no\/?s={search_term_string}\"},\"query-input\":{\"@type\":\"PropertyValueSpecification\",\"valueRequired\":true,\"valueName\":\"search_term_string\"}}],\"inLanguage\":\"nb-NO\"}]}<\/script>\n<!-- \/ Yoast SEO plugin. -->","yoast_head_json":{"title":"DaRi System D2 - DaRi System","robots":{"index":"index","follow":"follow","max-snippet":"max-snippet:-1","max-image-preview":"max-image-preview:large","max-video-preview":"max-video-preview:-1"},"canonical":"https:\/\/dari-system.com\/no\/dari-system-d2\/","og_locale":"nb_NO","og_type":"article","og_title":"DaRi System D2 - DaRi System","og_description":"DaRi-system D2For tak der taksteinene stikker dypt ned i takrennenTaksteinene stikker ofte dypt ned i takrennen, spesielt p\u00e5 bratte tak. I slike tilfeller er DaRi System D1 ofte vanskelig \u00e5 montere. DaRi System D2 er utviklet for slike takrenner. Se kortfilmen for \u00e5 finne ut mer:DaRi-systemet D2 er kun tilgjengelig for takrenner i st\u00f8rrelse 33.Er [&hellip;]","og_url":"https:\/\/dari-system.com\/no\/dari-system-d2\/","og_site_name":"DaRi System","article_modified_time":"2024-08-19T19:30:04+00:00","twitter_card":"summary_large_image","twitter_misc":{"Ansl. lesetid":"4 minutter"},"schema":{"@context":"https:\/\/schema.org","@graph":[{"@type":"WebPage","@id":"https:\/\/dari-system.com\/no\/dari-system-d2\/","url":"https:\/\/dari-system.com\/no\/dari-system-d2\/","name":"DaRi System D2 - DaRi System","isPartOf":{"@id":"https:\/\/dari-system.com\/no\/#website"},"datePublished":"2024-05-28T18:02:41+00:00","dateModified":"2024-08-19T19:30:04+00:00","breadcrumb":{"@id":"https:\/\/dari-system.com\/no\/dari-system-d2\/#breadcrumb"},"inLanguage":"nb-NO","potentialAction":[{"@type":"ReadAction","target":["https:\/\/dari-system.com\/no\/dari-system-d2\/"]}]},{"@type":"BreadcrumbList","@id":"https:\/\/dari-system.com\/no\/dari-system-d2\/#breadcrumb","itemListElement":[{"@type":"ListItem","position":1,"name":"Startseite","item":"https:\/\/dari-system.com\/no\/"},{"@type":"ListItem","position":2,"name":"DaRi System D2"}]},{"@type":"WebSite","@id":"https:\/\/dari-system.com\/no\/#website","url":"https:\/\/dari-system.com\/no\/","name":"DaRi System","description":"","potentialAction":[{"@type":"SearchAction","target":{"@type":"EntryPoint","urlTemplate":"https:\/\/dari-system.com\/no\/?s={search_term_string}"},"query-input":{"@type":"PropertyValueSpecification","valueRequired":true,"valueName":"search_term_string"}}],"inLanguage":"nb-NO"}]}},"_links":{"self":[{"href":"https:\/\/dari-system.com\/no\/wp-json\/wp\/v2\/pages\/25547513","targetHints":{"allow":["GET"]}}],"collection":[{"href":"https:\/\/dari-system.com\/no\/wp-json\/wp\/v2\/pages"}],"about":[{"href":"https:\/\/dari-system.com\/no\/wp-json\/wp\/v2\/types\/page"}],"author":[{"embeddable":true,"href":"https:\/\/dari-system.com\/no\/wp-json\/wp\/v2\/users\/1"}],"replies":[{"embeddable":true,"href":"https:\/\/dari-system.com\/no\/wp-json\/wp\/v2\/comments?post=25547513"}],"version-history":[{"count":3,"href":"https:\/\/dari-system.com\/no\/wp-json\/wp\/v2\/pages\/25547513\/revisions"}],"predecessor-version":[{"id":25548027,"href":"https:\/\/dari-system.com\/no\/wp-json\/wp\/v2\/pages\/25547513\/revisions\/25548027"}],"wp:attachment":[{"href":"https:\/\/dari-system.com\/no\/wp-json\/wp\/v2\/media?parent=25547513"}],"wp:term":[{"taxonomy":"dipi_cpt_category","embeddable":true,"href":"https:\/\/dari-system.com\/no\/wp-json\/wp\/v2\/dipi_cpt_category?post=25547513"}],"curies":[{"name":"wp","href":"https:\/\/api.w.org\/{rel}","templated":true}]}}