{"id":25547488,"date":"2024-05-23T13:32:49","date_gmt":"2024-05-23T13:32:49","guid":{"rendered":"https:\/\/dari-system.com\/avbestillingsregler\/"},"modified":"2024-08-19T15:01:18","modified_gmt":"2024-08-19T15:01:18","slug":"avbestillingsregler","status":"publish","type":"page","link":"https:\/\/dari-system.com\/no\/avbestillingsregler\/","title":{"rendered":"Avbestillingsregler"},"content":{"rendered":"<p>[et_pb_section fb_built=&raquo;1&#8243; fullwidth=&raquo;on&raquo; _builder_version=&raquo;4.25.0&#8243; _module_preset=&raquo;default&raquo; bottom_divider_color=&raquo;#FFFFFF&raquo; bottom_divider_height=&raquo;82px&raquo; bottom_divider_flip=&raquo;horizontal&raquo; locked=&raquo;off&raquo; global_colors_info=&raquo;{}&raquo;][et_pb_fullwidth_header title=&raquo;Avbestillingsregler&raquo; _builder_version=&raquo;4.25.0&#8243; _module_preset=&raquo;default&raquo; title_font=&raquo;|800|||||||&raquo; title_font_size=&raquo;45px&raquo; background_image=&raquo;https:\/\/dari-system.com\/wp-content\/uploads\/2024\/05\/header_background.webp&raquo; background_position=&raquo;bottom_center&raquo; custom_padding=&raquo;8vh||8vh||true|false&raquo; title_font_size_tablet=&raquo;45px&raquo; title_font_size_phone=&raquo;29px&raquo; title_font_size_last_edited=&raquo;on|phone&raquo; content_font_size_tablet=&raquo;&raquo; content_font_size_phone=&raquo;17px&raquo; content_font_size_last_edited=&raquo;on|phone&raquo; global_colors_info=&raquo;{}&raquo;][\/et_pb_fullwidth_header][\/et_pb_section][et_pb_section fb_built=&raquo;1&#8243; _builder_version=&raquo;4.25.0&#8243; _module_preset=&raquo;default&raquo; global_colors_info=&raquo;{}&raquo;][et_pb_row _builder_version=&raquo;4.25.0&#8243; _module_preset=&raquo;default&raquo; global_colors_info=&raquo;{}&raquo;][et_pb_column type=&raquo;4_4&#8243; _builder_version=&raquo;4.25.0&#8243; _module_preset=&raquo;default&raquo; global_colors_info=&raquo;{}&raquo;][et_pb_text _builder_version=&raquo;4.25.0&#8243; _module_preset=&raquo;default&raquo; hover_enabled=&raquo;0&#8243; global_colors_info=&raquo;{}&raquo; sticky_enabled=&raquo;0&#8243;]<\/p>\n<h2>Avbestillingsregler \/ Avbestillingsrett<\/h2>\n<p>Du har rett til \u00e5 kansellere denne kontrakten innen fjorten dager uten \u00e5 oppgi noen grunn. Kanselleringsfristen er fjorten dager fra den dagen du eller en tredjepart som er utpekt av deg, som ikke er transport\u00f8ren, har tatt varene i besittelse. For \u00e5 ut\u00f8ve din kanselleringsrett m\u00e5 du kontakte oss, DaRi-Systemteile GmbH, Rudolf-Nebel-Str.<br \/>\n12, 91781 Wei\u00dfenburg, Tel.<br \/>\n09141-8459370, Fax 09141-8459371, E-Mail<a href=\"mailto:info@dari-system.com\">info@dari-system.com<\/a> om din beslutning om \u00e5 kansellere denne kontrakten med en tydelig erkl\u00e6ring (f.eks. et brev sendt per post, faks eller e-post).<br \/>\nDu kan bruke eksempelet p\u00e5 oppsigelsesskjema som er vedlagt nedenfor, men dette er ikke obligatorisk.   <br \/>For \u00e5 overholde angrefristen er det tilstrekkelig at du sender melding om at du benytter deg av angreretten din f\u00f8r angrefristen utl\u00f8per.<\/p>\n<p>Konsekvenser av kansellering: Hvis du kansellerer denne avtalen, skal vi tilbakebetale alle betalinger mottatt fra deg, inkludert leveringskostnadene (med unntak av tilleggskostnader som f\u00f8lge av at du har valgt en annen type levering enn den rimeligste typen standardlevering som tilbys av oss), uten un\u00f8dig forsinkelse og under ingen omstendigheter senere enn 14 dager fra den dagen da vi ble informert om din beslutning om \u00e5 kansellere denne avtalen.<br \/>\nFor denne tilbakebetalingen vil vi benytte samme betalingsmiddel som du benyttet ved den opprinnelige transaksjonen, med mindre annet er uttrykkelig avtalt med deg; du vil ikke under noen omstendigheter bli belastet med gebyrer for denne tilbakebetalingen.<br \/>\n<br \/>Vi kan nekte \u00e5 tilbakebetale pengene f\u00f8r vi har mottatt varene i retur, eller f\u00f8r du har fremlagt bevis for at du har returnert varene, avhengig av hvilket tidspunkt som er tidligst. Du m\u00e5 returnere eller overlevere varene til oss umiddelbart og senest innen fjorten dager fra den dagen du informerer oss om at du har kansellert denne avtalen.<\/p>\n<p>Fristen er overholdt hvis du sender varene f\u00f8r utl\u00f8pet av fristen p\u00e5 fjorten dager. Du skal b\u00e6re de direkte kostnadene ved \u00e5 returnere varene. Du er kun ansvarlig for eventuell redusert verdi p\u00e5 varene som f\u00f8lge av annen h\u00e5ndtering enn det som er n\u00f8dvendig for \u00e5 fastsl\u00e5 varenes art, egenskaper og funksjon.   <br \/><span style=\"text-decoration: underline;\"><strong>Eksempel p\u00e5 oppsigelsesskjema<\/strong><\/span><\/p>\n<p>(Hvis du \u00f8nsker \u00e5 kansellere kontrakten, kan du fylle ut dette skjemaet og sende det tilbake til oss) Til DaRi-Systemteile GmbH, Rudolf-Nebel-Str.<br \/>\n12, 91781 Wei\u00dfenburg, Tel.<br \/>\n<br \/>09141- 8459370, Fax 09141-8459371, E-Mail <a href=\"mailto:info@dari-system.com\">info@dari-system.com<\/a> Jeg angrer herved p\u00e5 kontrakten som jeg har inng\u00e5tt for kj\u00f8p av f\u00f8lgende varer:<\/p>\n<p>&#8230;&#8230;&#8230;&#8230;&#8230;&#8230;&#8230;&#8230;&#8230;&#8230;&#8230;&#8230;&#8230;&#8230;&#8230;&#8230;&#8230;&#8230;&#8230;&#8230;&#8230;&#8230;&#8230;&#8230;&#8230; &#8211; Bestilt p\u00e5 &#8230;&#8230;&#8230;., mottatt p\u00e5 &#8230;&#8230;&#8230;&#8230;. &#8211; Ditt navn: &#8211; Din adresse: &#8211; Din underskrift (kun ved papirmelding) &#8211; Dato:  <\/p>\n<p>[\/et_pb_text][\/et_pb_column][\/et_pb_row][\/et_pb_section]<\/p>\n","protected":false},"excerpt":{"rendered":"<p>Avbestillingsregler \/ Avbestillingsrett Du har rett til \u00e5 kansellere denne kontrakten innen fjorten dager uten \u00e5 oppgi noen grunn. Kanselleringsfristen er fjorten dager fra den dagen du eller en tredjepart som er utpekt av deg, som ikke er transport\u00f8ren, har tatt varene i besittelse. For \u00e5 ut\u00f8ve din kanselleringsrett m\u00e5 du kontakte oss, DaRi-Systemteile GmbH, [&hellip;]<\/p>\n","protected":false},"author":1,"featured_media":0,"parent":0,"menu_order":0,"comment_status":"closed","ping_status":"closed","template":"","meta":{"_et_pb_use_builder":"on","_et_pb_old_content":"","_et_gb_content_width":"","iawp_total_views":0,"footnotes":""},"dipi_cpt_category":[],"class_list":["post-25547488","page","type-page","status-publish","hentry"],"yoast_head":"<!-- This site is optimized with the Yoast SEO plugin v27.2 - https:\/\/yoast.com\/product\/yoast-seo-wordpress\/ -->\n<title>Avbestillingsregler - DaRi System<\/title>\n<meta name=\"robots\" content=\"index, follow, max-snippet:-1, max-image-preview:large, max-video-preview:-1\" \/>\n<link rel=\"canonical\" href=\"https:\/\/dari-system.com\/no\/avbestillingsregler\/\" \/>\n<meta property=\"og:locale\" content=\"nb_NO\" \/>\n<meta property=\"og:type\" content=\"article\" \/>\n<meta property=\"og:title\" content=\"Avbestillingsregler - DaRi System\" \/>\n<meta property=\"og:description\" content=\"Avbestillingsregler \/ Avbestillingsrett Du har rett til \u00e5 kansellere denne kontrakten innen fjorten dager uten \u00e5 oppgi noen grunn. Kanselleringsfristen er fjorten dager fra den dagen du eller en tredjepart som er utpekt av deg, som ikke er transport\u00f8ren, har tatt varene i besittelse. For \u00e5 ut\u00f8ve din kanselleringsrett m\u00e5 du kontakte oss, DaRi-Systemteile GmbH, [&hellip;]\" \/>\n<meta property=\"og:url\" content=\"https:\/\/dari-system.com\/no\/avbestillingsregler\/\" \/>\n<meta property=\"og:site_name\" content=\"DaRi System\" \/>\n<meta property=\"article:modified_time\" content=\"2024-08-19T15:01:18+00:00\" \/>\n<meta name=\"twitter:card\" content=\"summary_large_image\" \/>\n<meta name=\"twitter:label1\" content=\"Ansl. lesetid\" \/>\n\t<meta name=\"twitter:data1\" content=\"3 minutter\" \/>\n<script type=\"application\/ld+json\" class=\"yoast-schema-graph\">{\"@context\":\"https:\/\/schema.org\",\"@graph\":[{\"@type\":\"WebPage\",\"@id\":\"https:\/\/dari-system.com\/no\/avbestillingsregler\/\",\"url\":\"https:\/\/dari-system.com\/no\/avbestillingsregler\/\",\"name\":\"Avbestillingsregler - DaRi System\",\"isPartOf\":{\"@id\":\"https:\/\/dari-system.com\/no\/#website\"},\"datePublished\":\"2024-05-23T13:32:49+00:00\",\"dateModified\":\"2024-08-19T15:01:18+00:00\",\"breadcrumb\":{\"@id\":\"https:\/\/dari-system.com\/no\/avbestillingsregler\/#breadcrumb\"},\"inLanguage\":\"nb-NO\",\"potentialAction\":[{\"@type\":\"ReadAction\",\"target\":[\"https:\/\/dari-system.com\/no\/avbestillingsregler\/\"]}]},{\"@type\":\"BreadcrumbList\",\"@id\":\"https:\/\/dari-system.com\/no\/avbestillingsregler\/#breadcrumb\",\"itemListElement\":[{\"@type\":\"ListItem\",\"position\":1,\"name\":\"Startseite\",\"item\":\"https:\/\/dari-system.com\/no\/\"},{\"@type\":\"ListItem\",\"position\":2,\"name\":\"Avbestillingsregler\"}]},{\"@type\":\"WebSite\",\"@id\":\"https:\/\/dari-system.com\/no\/#website\",\"url\":\"https:\/\/dari-system.com\/no\/\",\"name\":\"DaRi System\",\"description\":\"\",\"potentialAction\":[{\"@type\":\"SearchAction\",\"target\":{\"@type\":\"EntryPoint\",\"urlTemplate\":\"https:\/\/dari-system.com\/no\/?s={search_term_string}\"},\"query-input\":{\"@type\":\"PropertyValueSpecification\",\"valueRequired\":true,\"valueName\":\"search_term_string\"}}],\"inLanguage\":\"nb-NO\"}]}<\/script>\n<!-- \/ Yoast SEO plugin. -->","yoast_head_json":{"title":"Avbestillingsregler - DaRi System","robots":{"index":"index","follow":"follow","max-snippet":"max-snippet:-1","max-image-preview":"max-image-preview:large","max-video-preview":"max-video-preview:-1"},"canonical":"https:\/\/dari-system.com\/no\/avbestillingsregler\/","og_locale":"nb_NO","og_type":"article","og_title":"Avbestillingsregler - DaRi System","og_description":"Avbestillingsregler \/ Avbestillingsrett Du har rett til \u00e5 kansellere denne kontrakten innen fjorten dager uten \u00e5 oppgi noen grunn. Kanselleringsfristen er fjorten dager fra den dagen du eller en tredjepart som er utpekt av deg, som ikke er transport\u00f8ren, har tatt varene i besittelse. For \u00e5 ut\u00f8ve din kanselleringsrett m\u00e5 du kontakte oss, DaRi-Systemteile GmbH, [&hellip;]","og_url":"https:\/\/dari-system.com\/no\/avbestillingsregler\/","og_site_name":"DaRi System","article_modified_time":"2024-08-19T15:01:18+00:00","twitter_card":"summary_large_image","twitter_misc":{"Ansl. lesetid":"3 minutter"},"schema":{"@context":"https:\/\/schema.org","@graph":[{"@type":"WebPage","@id":"https:\/\/dari-system.com\/no\/avbestillingsregler\/","url":"https:\/\/dari-system.com\/no\/avbestillingsregler\/","name":"Avbestillingsregler - DaRi System","isPartOf":{"@id":"https:\/\/dari-system.com\/no\/#website"},"datePublished":"2024-05-23T13:32:49+00:00","dateModified":"2024-08-19T15:01:18+00:00","breadcrumb":{"@id":"https:\/\/dari-system.com\/no\/avbestillingsregler\/#breadcrumb"},"inLanguage":"nb-NO","potentialAction":[{"@type":"ReadAction","target":["https:\/\/dari-system.com\/no\/avbestillingsregler\/"]}]},{"@type":"BreadcrumbList","@id":"https:\/\/dari-system.com\/no\/avbestillingsregler\/#breadcrumb","itemListElement":[{"@type":"ListItem","position":1,"name":"Startseite","item":"https:\/\/dari-system.com\/no\/"},{"@type":"ListItem","position":2,"name":"Avbestillingsregler"}]},{"@type":"WebSite","@id":"https:\/\/dari-system.com\/no\/#website","url":"https:\/\/dari-system.com\/no\/","name":"DaRi System","description":"","potentialAction":[{"@type":"SearchAction","target":{"@type":"EntryPoint","urlTemplate":"https:\/\/dari-system.com\/no\/?s={search_term_string}"},"query-input":{"@type":"PropertyValueSpecification","valueRequired":true,"valueName":"search_term_string"}}],"inLanguage":"nb-NO"}]}},"_links":{"self":[{"href":"https:\/\/dari-system.com\/no\/wp-json\/wp\/v2\/pages\/25547488","targetHints":{"allow":["GET"]}}],"collection":[{"href":"https:\/\/dari-system.com\/no\/wp-json\/wp\/v2\/pages"}],"about":[{"href":"https:\/\/dari-system.com\/no\/wp-json\/wp\/v2\/types\/page"}],"author":[{"embeddable":true,"href":"https:\/\/dari-system.com\/no\/wp-json\/wp\/v2\/users\/1"}],"replies":[{"embeddable":true,"href":"https:\/\/dari-system.com\/no\/wp-json\/wp\/v2\/comments?post=25547488"}],"version-history":[{"count":2,"href":"https:\/\/dari-system.com\/no\/wp-json\/wp\/v2\/pages\/25547488\/revisions"}],"predecessor-version":[{"id":25547494,"href":"https:\/\/dari-system.com\/no\/wp-json\/wp\/v2\/pages\/25547488\/revisions\/25547494"}],"wp:attachment":[{"href":"https:\/\/dari-system.com\/no\/wp-json\/wp\/v2\/media?parent=25547488"}],"wp:term":[{"taxonomy":"dipi_cpt_category","embeddable":true,"href":"https:\/\/dari-system.com\/no\/wp-json\/wp\/v2\/dipi_cpt_category?post=25547488"}],"curies":[{"name":"wp","href":"https:\/\/api.w.org\/{rel}","templated":true}]}}