{"id":25547477,"date":"2024-05-23T13:32:49","date_gmt":"2024-05-23T13:32:49","guid":{"rendered":"https:\/\/dari-system.com\/gtc\/"},"modified":"2024-08-19T15:01:17","modified_gmt":"2024-08-19T15:01:17","slug":"gtc","status":"publish","type":"page","link":"https:\/\/dari-system.com\/no\/gtc\/","title":{"rendered":"GTC"},"content":{"rendered":"<p>[et_pb_section fb_built=&raquo;1&#8243; fullwidth=&raquo;on&raquo; _builder_version=&raquo;4.25.0&#8243; _module_preset=&raquo;default&raquo; bottom_divider_color=&raquo;#FFFFFF&raquo; bottom_divider_height=&raquo;82px&raquo; bottom_divider_flip=&raquo;horizontal&raquo; locked=&raquo;off&raquo; global_colors_info=&raquo;{}&raquo; theme_builder_area=&raquo;post_content&raquo;][et_pb_fullwidth_header title=&raquo;Generelle vilk\u00e5r og betingelser&raquo; _builder_version=&raquo;4.25.0&#8243; _module_preset=&raquo;default&raquo; title_font=&raquo;|800|||||||&raquo; title_font_size=&raquo;45px&raquo; background_image=&raquo;https:\/\/dari-system.com\/wp-content\/uploads\/2024\/05\/header_background.webp&raquo; background_position=&raquo;bottom_center&raquo; custom_padding=&raquo;8vh||8vh||true|false&raquo; hover_enabled=&raquo;0&#8243; title_font_size_tablet=&raquo;45px&raquo; title_font_size_phone=&raquo;29px&raquo; title_font_size_last_edited=&raquo;on|phone&raquo; content_font_size_tablet=&raquo;&raquo; content_font_size_phone=&raquo;17px&raquo; content_font_size_last_edited=&raquo;on|phone&raquo; global_colors_info=&raquo;{}&raquo; theme_builder_area=&raquo;post_content&raquo; sticky_enabled=&raquo;0&#8243;][\/et_pb_fullwidth_header][\/et_pb_section][et_pb_section fb_built=&raquo;1&#8243; theme_builder_area=&raquo;post_content&raquo; _builder_version=&raquo;4.25.0&#8243; _module_preset=&raquo;default&raquo;][et_pb_row _builder_version=&raquo;4.25.0&#8243; _module_preset=&raquo;default&raquo; theme_builder_area=&raquo;post_content&raquo;][et_pb_column _builder_version=&raquo;4.25.0&#8243; _module_preset=&raquo;default&raquo; type=&raquo;4_4&#8243; theme_builder_area=&raquo;post_content&raquo;][et_pb_text _builder_version=&raquo;4.25.0&#8243; _module_preset=&raquo;default&raquo; theme_builder_area=&raquo;post_content&raquo; hover_enabled=&raquo;0&#8243; sticky_enabled=&raquo;0&#8243;]<\/p>\n<h2>GTC<\/h2>\n<p>\u00a7 <strong>1 Anvendelsesomr\u00e5de og forsvarsklausul<\/strong> (1) F\u00f8lgende generelle vilk\u00e5r <strong>og<\/strong> betingelser i den respektive versjonen p\u00e5 bestillingstidspunktet skal utelukkende gjelde for de juridiske forholdene mellom operat\u00f8ren av butikken (heretter &laquo;Tilbyder&raquo;) og kundene som er etablert via denne nettbutikken. (2) Avvikende generelle vilk\u00e5r og betingelser fra kunden skal bare bli en del av kontrakten hvis Tilbyder uttrykkelig godtar gyldigheten av dem.<\/p>\n<p>\u00a7 <strong>2 Avtaleinng\u00e5else<\/strong> (1) Presentasjonen av varene i nettbutikken utgj\u00f8r ikke et bindende tilbud fra tilbyderen om \u00e5 inng\u00e5 en kj\u00f8psavtale.<br \/>\nKunden blir kun oppfordret til \u00e5 gi et tilbud ved \u00e5 legge inn en bestilling. <br \/>(2) Ved \u00e5 sende inn bestillingen i nettbutikken gir kunden et bindende tilbud om \u00e5 inng\u00e5 en kj\u00f8psavtale for varene som ligger i handlekurven.<br \/>\nVed \u00e5 sende inn bestillingen anerkjenner kunden ogs\u00e5 disse vilk\u00e5rene og betingelsene som utelukkende gjeldende for det juridiske forholdet med leverand\u00f8ren. <br \/>(3) Leverand\u00f8ren bekrefter mottak av kundens bestilling ved \u00e5 sende en bekreftelse p\u00e5 e-post.<br \/>\nDenne ordrebekreftelsen utgj\u00f8r ikke en aksept av kontraktstilbudet fra leverand\u00f8rens side.<br \/>\nDen tjener kun til \u00e5 informere kunden om at bestillingen er mottatt av leverand\u00f8ren.<br \/>\nKj\u00f8pekontrakten er f\u00f8rst inng\u00e5tt n\u00e5r leverand\u00f8ren avgir en aksept, enten ved hjelp av en uttrykkelig erkl\u00e6ring eller ved \u00e5 levere varene.   <\/p>\n<p>\u00a7 <strong>3 Eiendomsforbehold<\/strong> De leverte varene forblir leverand\u00f8rens eiendom inntil full betaling har funnet sted.<\/p>\n<p>\u00a7 <strong>4 Forfallstidspunkt<\/strong> Kj\u00f8pesummen forfaller til betaling ved avtaleinng\u00e5else.<\/p>\n<p>\u00a7 <strong>5<\/strong> Garanti (1) Kundens garantirettigheter reguleres av de generelle lovbestemmelsene, med mindre annet er spesifisert nedenfor.<br \/>\nBestemmelsen i \u00a7 6 i disse vilk\u00e5rene gjelder for erstatningskrav fra kunden mot leverand\u00f8ren. <br \/>(2) Garantirettighetene er forskjellige avhengig av om kunden er forbruker eller ikke.<br \/>\nEn forbruker er enhver fysisk person som inng\u00e5r en rettshandel med et form\u00e5l som ikke kan henf\u00f8res til vedkommendes n\u00e6ringsvirksomhet eller selvstendige yrkesut\u00f8velse. <br \/>(3) Foreldelsesfristen for garantikrav fra kunden er 2 \u00e5r for nyproduserte gjenstander for forbrukere.<br \/>\nFor n\u00e6ringsdrivende er foreldelsesfristen 2 \u00e5r for nyproduserte gjenstander og 2 \u00e5r for brukte gjenstander. <br \/>(4) Garantien er ikke erkl\u00e6rt av leverand\u00f8ren.<\/p>\n<p>\u00a7 <strong>6 Ansvarsfraskrivelse<\/strong> (1) Erstatningskrav fra kunden er utelukket, med mindre annet er spesifisert nedenfor.<br \/>\nOvennevnte ansvarsfraskrivelse gjelder ogs\u00e5 til fordel for leverand\u00f8rens juridiske representanter og stedfortredere, i den grad kunden gj\u00f8r krav gjeldende mot dem. <br \/>(2) Unntatt fra ansvarsfraskrivelsen i punkt 1 er erstatningskrav som f\u00f8lge av skade p\u00e5 liv, legeme eller helse og erstatningskrav som f\u00f8lge av brudd p\u00e5 vesentlige kontraktsforpliktelser.<br \/>\nVesentlige kontraktsforpliktelser er forpliktelser hvis oppfyllelse er n\u00f8dvendig for \u00e5 oppn\u00e5 kontraktens form\u00e5l, f.eks. at leverand\u00f8ren skal overlevere varen til bestilleren uten vesentlige feil og mangler og s\u00f8rge for at bestilleren f\u00e5r eiendomsretten til den.<br \/>\nAnsvaret omfatter heller ikke erstatningsansvar for skader som skyldes forsettlig eller grovt uaktsomt pliktbrudd fra leverand\u00f8rens, dennes juridiske representanters eller medhjelperes side.  <br \/>(3) Bestemmelsene i den tyske produktansvarsloven (ProdHaftG) forblir uber\u00f8rt.<\/p>\n<p>\u00a7 <strong>7 Lovvalg og verneting<\/strong> (1) Lovverket i Forbundsrepublikken Tyskland skal gjelde for kontraktsforholdet mellom leverand\u00f8ren og kunden<strong>.<\/strong><br \/>\nUnntatt fra dette lovvalget er de ufravikelige forbrukerbeskyttelsesbestemmelsene i det landet der kunden har sitt vanlige bosted.<br \/>\nAnvendelsen av FN-konvensjonen om kontrakter for internasjonalt salg av varer er utelukket.  <br \/>(2) Verneting for alle tvister som oppst\u00e5r i forbindelse med kontraktsforholdet mellom kunden og leverand\u00f8ren er leverand\u00f8rens hjemsted, forutsatt at kunden er en n\u00e6ringsdrivende, en offentligrettslig juridisk person eller et offentligrettslig spesialfond.<\/p>\n<p>\u00a7 <strong>8 Salvatorisk klausul<\/strong> (1) Disse alminnelige forretningsvilk\u00e5rene inneholder alle rettigheter og forpliktelser for avtalepartene. (2) Avtalespr\u00e5ket er tysk. (3) Dersom en eller flere bestemmelser i disse alminnelige forretningsvilk\u00e5rene er eller blir ugyldige eller inneholder en mangel, forplikter avtalepartene seg til \u00e5 innlede forhandlinger med sikte p\u00e5 \u00e5 erstatte eller supplere den ugyldige eller ufullstendige bestemmelsen med en passende individuell avtale som s\u00e5 langt som mulig tilsvarer det \u00f8konomiske form\u00e5let med den tiltenkte bestemmelsen.<br \/>\nGyldigheten av de \u00f8vrige bestemmelsene skal ikke ber\u00f8res. <\/p>\n<p>[\/et_pb_text][\/et_pb_column][\/et_pb_row][\/et_pb_section]<\/p>\n","protected":false},"excerpt":{"rendered":"<p>GTC \u00a7 1 Anvendelsesomr\u00e5de og forsvarsklausul (1) F\u00f8lgende generelle vilk\u00e5r og betingelser i den respektive versjonen p\u00e5 bestillingstidspunktet skal utelukkende gjelde for de juridiske forholdene mellom operat\u00f8ren av butikken (heretter &laquo;Tilbyder&raquo;) og kundene som er etablert via denne nettbutikken. (2) Avvikende generelle vilk\u00e5r og betingelser fra kunden skal bare bli en del av kontrakten hvis [&hellip;]<\/p>\n","protected":false},"author":1,"featured_media":0,"parent":0,"menu_order":0,"comment_status":"closed","ping_status":"closed","template":"","meta":{"_et_pb_use_builder":"on","_et_pb_old_content":"","_et_gb_content_width":"","iawp_total_views":0,"footnotes":""},"dipi_cpt_category":[],"class_list":["post-25547477","page","type-page","status-publish","hentry"],"yoast_head":"<!-- This site is optimized with the Yoast SEO plugin v27.4 - https:\/\/yoast.com\/product\/yoast-seo-wordpress\/ -->\n<title>GTC - DaRi System<\/title>\n<meta name=\"robots\" content=\"index, follow, max-snippet:-1, max-image-preview:large, max-video-preview:-1\" \/>\n<link rel=\"canonical\" href=\"https:\/\/dari-system.com\/no\/gtc\/\" \/>\n<meta property=\"og:locale\" content=\"nb_NO\" \/>\n<meta property=\"og:type\" content=\"article\" \/>\n<meta property=\"og:title\" content=\"GTC - DaRi System\" \/>\n<meta property=\"og:description\" content=\"GTC \u00a7 1 Anvendelsesomr\u00e5de og forsvarsklausul (1) F\u00f8lgende generelle vilk\u00e5r og betingelser i den respektive versjonen p\u00e5 bestillingstidspunktet skal utelukkende gjelde for de juridiske forholdene mellom operat\u00f8ren av butikken (heretter &quot;Tilbyder&quot;) og kundene som er etablert via denne nettbutikken. (2) Avvikende generelle vilk\u00e5r og betingelser fra kunden skal bare bli en del av kontrakten hvis [&hellip;]\" \/>\n<meta property=\"og:url\" content=\"https:\/\/dari-system.com\/no\/gtc\/\" \/>\n<meta property=\"og:site_name\" content=\"DaRi System\" \/>\n<meta property=\"article:modified_time\" content=\"2024-08-19T15:01:17+00:00\" \/>\n<meta name=\"twitter:card\" content=\"summary_large_image\" \/>\n<meta name=\"twitter:label1\" content=\"Ansl. lesetid\" \/>\n\t<meta name=\"twitter:data1\" content=\"4 minutter\" \/>\n<script type=\"application\/ld+json\" class=\"yoast-schema-graph\">{\"@context\":\"https:\\\/\\\/schema.org\",\"@graph\":[{\"@type\":\"WebPage\",\"@id\":\"https:\\\/\\\/dari-system.com\\\/no\\\/gtc\\\/\",\"url\":\"https:\\\/\\\/dari-system.com\\\/no\\\/gtc\\\/\",\"name\":\"GTC - DaRi System\",\"isPartOf\":{\"@id\":\"https:\\\/\\\/dari-system.com\\\/no\\\/#website\"},\"datePublished\":\"2024-05-23T13:32:49+00:00\",\"dateModified\":\"2024-08-19T15:01:17+00:00\",\"breadcrumb\":{\"@id\":\"https:\\\/\\\/dari-system.com\\\/no\\\/gtc\\\/#breadcrumb\"},\"inLanguage\":\"nb-NO\",\"potentialAction\":[{\"@type\":\"ReadAction\",\"target\":[\"https:\\\/\\\/dari-system.com\\\/no\\\/gtc\\\/\"]}]},{\"@type\":\"BreadcrumbList\",\"@id\":\"https:\\\/\\\/dari-system.com\\\/no\\\/gtc\\\/#breadcrumb\",\"itemListElement\":[{\"@type\":\"ListItem\",\"position\":1,\"name\":\"Startseite\",\"item\":\"https:\\\/\\\/dari-system.com\\\/no\\\/\"},{\"@type\":\"ListItem\",\"position\":2,\"name\":\"GTC\"}]},{\"@type\":\"WebSite\",\"@id\":\"https:\\\/\\\/dari-system.com\\\/no\\\/#website\",\"url\":\"https:\\\/\\\/dari-system.com\\\/no\\\/\",\"name\":\"DaRi System\",\"description\":\"\",\"potentialAction\":[{\"@type\":\"SearchAction\",\"target\":{\"@type\":\"EntryPoint\",\"urlTemplate\":\"https:\\\/\\\/dari-system.com\\\/no\\\/?s={search_term_string}\"},\"query-input\":{\"@type\":\"PropertyValueSpecification\",\"valueRequired\":true,\"valueName\":\"search_term_string\"}}],\"inLanguage\":\"nb-NO\"}]}<\/script>\n<!-- \/ Yoast SEO plugin. -->","yoast_head_json":{"title":"GTC - DaRi System","robots":{"index":"index","follow":"follow","max-snippet":"max-snippet:-1","max-image-preview":"max-image-preview:large","max-video-preview":"max-video-preview:-1"},"canonical":"https:\/\/dari-system.com\/no\/gtc\/","og_locale":"nb_NO","og_type":"article","og_title":"GTC - DaRi System","og_description":"GTC \u00a7 1 Anvendelsesomr\u00e5de og forsvarsklausul (1) F\u00f8lgende generelle vilk\u00e5r og betingelser i den respektive versjonen p\u00e5 bestillingstidspunktet skal utelukkende gjelde for de juridiske forholdene mellom operat\u00f8ren av butikken (heretter \"Tilbyder\") og kundene som er etablert via denne nettbutikken. (2) Avvikende generelle vilk\u00e5r og betingelser fra kunden skal bare bli en del av kontrakten hvis [&hellip;]","og_url":"https:\/\/dari-system.com\/no\/gtc\/","og_site_name":"DaRi System","article_modified_time":"2024-08-19T15:01:17+00:00","twitter_card":"summary_large_image","twitter_misc":{"Ansl. lesetid":"4 minutter"},"schema":{"@context":"https:\/\/schema.org","@graph":[{"@type":"WebPage","@id":"https:\/\/dari-system.com\/no\/gtc\/","url":"https:\/\/dari-system.com\/no\/gtc\/","name":"GTC - DaRi System","isPartOf":{"@id":"https:\/\/dari-system.com\/no\/#website"},"datePublished":"2024-05-23T13:32:49+00:00","dateModified":"2024-08-19T15:01:17+00:00","breadcrumb":{"@id":"https:\/\/dari-system.com\/no\/gtc\/#breadcrumb"},"inLanguage":"nb-NO","potentialAction":[{"@type":"ReadAction","target":["https:\/\/dari-system.com\/no\/gtc\/"]}]},{"@type":"BreadcrumbList","@id":"https:\/\/dari-system.com\/no\/gtc\/#breadcrumb","itemListElement":[{"@type":"ListItem","position":1,"name":"Startseite","item":"https:\/\/dari-system.com\/no\/"},{"@type":"ListItem","position":2,"name":"GTC"}]},{"@type":"WebSite","@id":"https:\/\/dari-system.com\/no\/#website","url":"https:\/\/dari-system.com\/no\/","name":"DaRi System","description":"","potentialAction":[{"@type":"SearchAction","target":{"@type":"EntryPoint","urlTemplate":"https:\/\/dari-system.com\/no\/?s={search_term_string}"},"query-input":{"@type":"PropertyValueSpecification","valueRequired":true,"valueName":"search_term_string"}}],"inLanguage":"nb-NO"}]}},"_links":{"self":[{"href":"https:\/\/dari-system.com\/no\/wp-json\/wp\/v2\/pages\/25547477","targetHints":{"allow":["GET"]}}],"collection":[{"href":"https:\/\/dari-system.com\/no\/wp-json\/wp\/v2\/pages"}],"about":[{"href":"https:\/\/dari-system.com\/no\/wp-json\/wp\/v2\/types\/page"}],"author":[{"embeddable":true,"href":"https:\/\/dari-system.com\/no\/wp-json\/wp\/v2\/users\/1"}],"replies":[{"embeddable":true,"href":"https:\/\/dari-system.com\/no\/wp-json\/wp\/v2\/comments?post=25547477"}],"version-history":[{"count":2,"href":"https:\/\/dari-system.com\/no\/wp-json\/wp\/v2\/pages\/25547477\/revisions"}],"predecessor-version":[{"id":25547485,"href":"https:\/\/dari-system.com\/no\/wp-json\/wp\/v2\/pages\/25547477\/revisions\/25547485"}],"wp:attachment":[{"href":"https:\/\/dari-system.com\/no\/wp-json\/wp\/v2\/media?parent=25547477"}],"wp:term":[{"taxonomy":"dipi_cpt_category","embeddable":true,"href":"https:\/\/dari-system.com\/no\/wp-json\/wp\/v2\/dipi_cpt_category?post=25547477"}],"curies":[{"name":"wp","href":"https:\/\/api.w.org\/{rel}","templated":true}]}}