{"id":25547476,"date":"2024-05-23T13:32:49","date_gmt":"2024-05-23T13:32:49","guid":{"rendered":"https:\/\/dari-system.com\/avtrykk\/"},"modified":"2024-08-19T15:01:17","modified_gmt":"2024-08-19T15:01:17","slug":"avtrykk","status":"publish","type":"page","link":"https:\/\/dari-system.com\/no\/avtrykk\/","title":{"rendered":"Avtrykk"},"content":{"rendered":"<p>[et_pb_section fb_built=&raquo;1&#8243; fullwidth=&raquo;on&raquo; _builder_version=&raquo;4.25.0&#8243; _module_preset=&raquo;default&raquo; bottom_divider_color=&raquo;#FFFFFF&raquo; bottom_divider_height=&raquo;82px&raquo; bottom_divider_flip=&raquo;horizontal&raquo; locked=&raquo;off&raquo; global_colors_info=&raquo;{}&raquo;][et_pb_fullwidth_header title=&raquo;Avtrykk&raquo; _builder_version=&raquo;4.25.0&#8243; _module_preset=&raquo;default&raquo; title_font=&raquo;|800|||||||&raquo; title_font_size=&raquo;45px&raquo; background_image=&raquo;https:\/\/dari-system.com\/wp-content\/uploads\/2024\/05\/header_background.webp&raquo; background_position=&raquo;bottom_center&raquo; custom_padding=&raquo;8vh||8vh||true|false&raquo; title_font_size_tablet=&raquo;45px&raquo; title_font_size_phone=&raquo;29px&raquo; title_font_size_last_edited=&raquo;on|phone&raquo; content_font_size_tablet=&raquo;&raquo; content_font_size_phone=&raquo;17px&raquo; content_font_size_last_edited=&raquo;on|phone&raquo; global_colors_info=&raquo;{}&raquo;][\/et_pb_fullwidth_header][\/et_pb_section][et_pb_section fb_built=&raquo;1&#8243; _builder_version=&raquo;4.25.0&#8243; _module_preset=&raquo;default&raquo; global_colors_info=&raquo;{}&raquo;][et_pb_row _builder_version=&raquo;4.25.0&#8243; _module_preset=&raquo;default&raquo; global_colors_info=&raquo;{}&raquo;][et_pb_column type=&raquo;4_4&#8243; _builder_version=&raquo;4.25.0&#8243; _module_preset=&raquo;default&raquo; global_colors_info=&raquo;{}&raquo;][et_pb_text _builder_version=&raquo;4.25.0&#8243; _module_preset=&raquo;default&raquo; global_colors_info=&raquo;{}&raquo;]<\/p>\n<h2>Informasjon i henhold til \u00a7 5 TMG:<\/h2>\n<p>D<strong>aRi-Systemteile GmbH<\/strong> Rudolf-Nebel-Str.<\/p>\n<p>12 91781 Wei\u00dfenburg Representert av: Administrerende direkt\u00f8r Dr. Eckhard Jentsch Handelsregister: Ansbach Local Court, HRB 4930 VAT ID: DE272707154 <\/p>\n<p>K<strong>ontakt<\/strong> Telefon: 09141 &#8211; 845 937 0 Telefaks: 09141 &#8211; 845 937 1 E-post:<a href=\"mailto:info@dari-system.com\">&#8216;info@dari-system.com&#8217;<\/a><\/p>\n<p><strong>Ansvarlig for innholdet i henhold til \u00a7 55 Abs.<br \/>\n2 RStV: <\/strong><\/p>\n<p>Dr. Eckhard Jentsch Adresse som ovenfor<\/p>\n<p>Henvisning til EU-tvistel\u00f8sning: EU-kommisjonen tilbyr en plattform for nettbasert tvistel\u00f8sning (OS):<\/p>\n<p><a href=\"http:\/\/ec.europa.eu\/consumer\/odr\">http:\/\/ec.europa.eu\/consumer\/odr<\/a><\/p>\n<p>V\u00e5rt selskap deltar i EUs program for tvistel\u00f8sning.<br \/>\nE-postadressen v\u00e5r til den elektroniske plattformen for tvistel\u00f8sning er:<a href=\"mailto:info@dari-system.com\">&laquo;info@dari-system.com<\/a> <\/p>\n<p><em>Kilde: opprettet med <a href=\"http:\/\/www.e-recht24.de\/news\/ecommerce\/6048-impressum-gmbh.html\">avtrykksgeneratoren Gesellschaft mit beschr\u00e4nkter Haftung (GmbH)<\/a> fra eRecht24.<\/em><\/p>\n<p><strong>Ansvarsfraskrivelse:<\/strong><\/p>\n<p>A<strong>nsvar for innhold<\/strong> Innholdet p\u00e5 nettstedet v\u00e5rt er utarbeidet med den st\u00f8rste omhu.<br \/>\nVi kan imidlertid ikke p\u00e5ta oss noe ansvar for innholdets n\u00f8yaktighet, fullstendighet og aktualitet.<br \/>\nSom tjenesteleverand\u00f8r er vi ansvarlige i henhold til \u00a7 7 Abs.1<br \/>\nTMG er vi ansvarlige for v\u00e5rt eget innhold p\u00e5 disse sidene i samsvar med de generelle lovene.<br \/>\nI henhold til \u00a7\u00a7 8 til 10 TMG er vi som tjenesteleverand\u00f8r imidlertid ikke forpliktet til \u00e5 overv\u00e5ke overf\u00f8rt eller lagret tredjepartsinformasjon eller til \u00e5 unders\u00f8ke omstendigheter som indikerer ulovlig aktivitet.<br \/>\nForpliktelser til \u00e5 fjerne eller blokkere bruken av informasjon i samsvar med generell lovgivning forblir up\u00e5virket av dette.<br \/>\nAnsvar i denne forbindelse er imidlertid bare mulig fra det tidspunktet vi f\u00e5r kjennskap til en konkret overtredelse.<br \/>\nS\u00e5 snart vi blir oppmerksomme p\u00e5 slike overtredelser, vil vi fjerne dette innholdet umiddelbart.       <\/p>\n<p>A<strong>nsvar for<\/strong> lenker Nettstedet v\u00e5rt inneholder lenker til eksterne tredjeparts nettsteder som vi ikke har noen innflytelse over innholdet p\u00e5.<br \/>\nDerfor kan vi ikke p\u00e5ta oss noe ansvar for dette tredjepartsinnholdet.<br \/>\nDet er alltid den respektive leverand\u00f8ren eller operat\u00f8ren av sidene som er ansvarlig for innholdet p\u00e5 de lenkede sidene.<br \/>\nDe lenkede sidene ble sjekket for mulige lovbrudd p\u00e5 tidspunktet for lenkingen.<br \/>\nUlovlig innhold var ikke gjenkjennelig p\u00e5 tidspunktet for lenkingen.<br \/>\nDet er imidlertid ikke rimelig \u00e5 overv\u00e5ke innholdet p\u00e5 de lenkede sidene permanent uten at det foreligger konkrete bevis p\u00e5 lovbrudd.<br \/>\nHvis vi blir oppmerksomme p\u00e5 lovbrudd, vil vi fjerne slike lenker umiddelbart.      <\/p>\n<p>O<strong>pphavsrett<\/strong> Innholdet og verkene som er skapt av nettstedets operat\u00f8rer p\u00e5 disse sidene, er underlagt tysk lov om opphavsrett.<br \/>\nKopiering, bearbeiding, distribusjon og enhver form for bruk utenfor opphavsrettslovens grenser krever skriftlig samtykke fra den respektive forfatteren eller opphavsmannen.<br \/>\nNedlasting og kopiering av dette nettstedet er kun tillatt for privat, ikke-kommersiell bruk.<br \/>\nI den grad innholdet p\u00e5 dette nettstedet ikke er opprettet av operat\u00f8ren, respekteres opphavsrettighetene til tredjeparter.<br \/>\nSpesielt innhold fra tredjeparter er merket som s\u00e5dan.<br \/>\nSkulle du likevel bli oppmerksom p\u00e5 brudd p\u00e5 opphavsretten, ber vi deg informere oss om dette.<br \/>\nHvis vi blir oppmerksomme p\u00e5 brudd p\u00e5 opphavsretten, vil vi fjerne slikt innhold umiddelbart.      <\/p>\n<p>P<strong>ersonvern<\/strong> Bruk av nettstedet v\u00e5rt er i utgangspunktet mulig uten \u00e5 oppgi personopplysninger.<br \/>\nI den grad personopplysninger (f.eks. navn, adresse eller e-postadresser) samles inn p\u00e5 nettstedet v\u00e5rt, skjer dette s\u00e5 langt det er mulig alltid p\u00e5 frivillig basis.<br \/>\n<br \/>Disse opplysningene vil ikke bli gitt videre til tredjeparter uten ditt uttrykkelige samtykke. Vi gj\u00f8r oppmerksom p\u00e5 at dataoverf\u00f8ring over Internett (f.eks. ved kommunikasjon via e-post) kan ha sikkerhetshull.<br \/>\n<br \/>Det er ikke mulig \u00e5 beskytte opplysningene fullstendig mot innsyn fra tredjeparter. Vi forbyr herved uttrykkelig bruk av kontaktopplysninger som er offentliggjort som en del av v\u00e5r opplysningsplikt, til \u00e5 sende uoppfordret reklame- og informasjonsmateriell.<br \/>\nOperat\u00f8rene av dette nettstedet forbeholder seg uttrykkelig retten til \u00e5 ta rettslige skritt i tilfelle uoppfordret sending av reklameinformasjon, for eksempel spam-e-post.    <br \/><em>Kilde: <a href=\"http:\/\/www.e-recht24.de\/muster-disclaimer.htm\">Ansvarsfraskrivelse<\/a> fra eRecht24, <a href=\"http:\/\/www.e-recht24.de\/\">advokat<\/a> S\u00f6ren Sieberts portal for internettrett.<\/em><\/p>\n<p>[\/et_pb_text][\/et_pb_column][\/et_pb_row][\/et_pb_section]<\/p>\n","protected":false},"excerpt":{"rendered":"<p>Informasjon i henhold til \u00a7 5 TMG: DaRi-Systemteile GmbH Rudolf-Nebel-Str. 12 91781 Wei\u00dfenburg Representert av: Administrerende direkt\u00f8r Dr. Eckhard Jentsch Handelsregister: Ansbach Local Court, HRB 4930 VAT ID: DE272707154 Kontakt Telefon: 09141 &#8211; 845 937 0 Telefaks: 09141 &#8211; 845 937 1 E-post:&#8217;info@dari-system.com&#8217; Ansvarlig for innholdet i henhold til \u00a7 55 Abs. 2 RStV: Dr. [&hellip;]<\/p>\n","protected":false},"author":1,"featured_media":0,"parent":0,"menu_order":0,"comment_status":"closed","ping_status":"closed","template":"","meta":{"_et_pb_use_builder":"on","_et_pb_old_content":"","_et_gb_content_width":"","iawp_total_views":4,"footnotes":""},"dipi_cpt_category":[],"class_list":["post-25547476","page","type-page","status-publish","hentry"],"yoast_head":"<!-- This site is optimized with the Yoast SEO plugin v27.4 - https:\/\/yoast.com\/product\/yoast-seo-wordpress\/ -->\n<title>Avtrykk - DaRi System<\/title>\n<meta name=\"robots\" content=\"index, follow, max-snippet:-1, max-image-preview:large, max-video-preview:-1\" \/>\n<link rel=\"canonical\" href=\"https:\/\/dari-system.com\/no\/avtrykk\/\" \/>\n<meta property=\"og:locale\" content=\"nb_NO\" \/>\n<meta property=\"og:type\" content=\"article\" \/>\n<meta property=\"og:title\" content=\"Avtrykk - DaRi System\" \/>\n<meta property=\"og:description\" content=\"Informasjon i henhold til \u00a7 5 TMG: DaRi-Systemteile GmbH Rudolf-Nebel-Str. 12 91781 Wei\u00dfenburg Representert av: Administrerende direkt\u00f8r Dr. Eckhard Jentsch Handelsregister: Ansbach Local Court, HRB 4930 VAT ID: DE272707154 Kontakt Telefon: 09141 - 845 937 0 Telefaks: 09141 - 845 937 1 E-post:&#039;info@dari-system.com&#039; Ansvarlig for innholdet i henhold til \u00a7 55 Abs. 2 RStV: Dr. [&hellip;]\" \/>\n<meta property=\"og:url\" content=\"https:\/\/dari-system.com\/no\/avtrykk\/\" \/>\n<meta property=\"og:site_name\" content=\"DaRi System\" \/>\n<meta property=\"article:modified_time\" content=\"2024-08-19T15:01:17+00:00\" \/>\n<meta name=\"twitter:card\" content=\"summary_large_image\" \/>\n<meta name=\"twitter:label1\" content=\"Ansl. lesetid\" \/>\n\t<meta name=\"twitter:data1\" content=\"4 minutter\" \/>\n<script type=\"application\/ld+json\" class=\"yoast-schema-graph\">{\"@context\":\"https:\\\/\\\/schema.org\",\"@graph\":[{\"@type\":\"WebPage\",\"@id\":\"https:\\\/\\\/dari-system.com\\\/no\\\/avtrykk\\\/\",\"url\":\"https:\\\/\\\/dari-system.com\\\/no\\\/avtrykk\\\/\",\"name\":\"Avtrykk - DaRi System\",\"isPartOf\":{\"@id\":\"https:\\\/\\\/dari-system.com\\\/no\\\/#website\"},\"datePublished\":\"2024-05-23T13:32:49+00:00\",\"dateModified\":\"2024-08-19T15:01:17+00:00\",\"breadcrumb\":{\"@id\":\"https:\\\/\\\/dari-system.com\\\/no\\\/avtrykk\\\/#breadcrumb\"},\"inLanguage\":\"nb-NO\",\"potentialAction\":[{\"@type\":\"ReadAction\",\"target\":[\"https:\\\/\\\/dari-system.com\\\/no\\\/avtrykk\\\/\"]}]},{\"@type\":\"BreadcrumbList\",\"@id\":\"https:\\\/\\\/dari-system.com\\\/no\\\/avtrykk\\\/#breadcrumb\",\"itemListElement\":[{\"@type\":\"ListItem\",\"position\":1,\"name\":\"Startseite\",\"item\":\"https:\\\/\\\/dari-system.com\\\/no\\\/\"},{\"@type\":\"ListItem\",\"position\":2,\"name\":\"Avtrykk\"}]},{\"@type\":\"WebSite\",\"@id\":\"https:\\\/\\\/dari-system.com\\\/no\\\/#website\",\"url\":\"https:\\\/\\\/dari-system.com\\\/no\\\/\",\"name\":\"DaRi System\",\"description\":\"\",\"potentialAction\":[{\"@type\":\"SearchAction\",\"target\":{\"@type\":\"EntryPoint\",\"urlTemplate\":\"https:\\\/\\\/dari-system.com\\\/no\\\/?s={search_term_string}\"},\"query-input\":{\"@type\":\"PropertyValueSpecification\",\"valueRequired\":true,\"valueName\":\"search_term_string\"}}],\"inLanguage\":\"nb-NO\"}]}<\/script>\n<!-- \/ Yoast SEO plugin. -->","yoast_head_json":{"title":"Avtrykk - DaRi System","robots":{"index":"index","follow":"follow","max-snippet":"max-snippet:-1","max-image-preview":"max-image-preview:large","max-video-preview":"max-video-preview:-1"},"canonical":"https:\/\/dari-system.com\/no\/avtrykk\/","og_locale":"nb_NO","og_type":"article","og_title":"Avtrykk - DaRi System","og_description":"Informasjon i henhold til \u00a7 5 TMG: DaRi-Systemteile GmbH Rudolf-Nebel-Str. 12 91781 Wei\u00dfenburg Representert av: Administrerende direkt\u00f8r Dr. Eckhard Jentsch Handelsregister: Ansbach Local Court, HRB 4930 VAT ID: DE272707154 Kontakt Telefon: 09141 - 845 937 0 Telefaks: 09141 - 845 937 1 E-post:'info@dari-system.com' Ansvarlig for innholdet i henhold til \u00a7 55 Abs. 2 RStV: Dr. [&hellip;]","og_url":"https:\/\/dari-system.com\/no\/avtrykk\/","og_site_name":"DaRi System","article_modified_time":"2024-08-19T15:01:17+00:00","twitter_card":"summary_large_image","twitter_misc":{"Ansl. lesetid":"4 minutter"},"schema":{"@context":"https:\/\/schema.org","@graph":[{"@type":"WebPage","@id":"https:\/\/dari-system.com\/no\/avtrykk\/","url":"https:\/\/dari-system.com\/no\/avtrykk\/","name":"Avtrykk - DaRi System","isPartOf":{"@id":"https:\/\/dari-system.com\/no\/#website"},"datePublished":"2024-05-23T13:32:49+00:00","dateModified":"2024-08-19T15:01:17+00:00","breadcrumb":{"@id":"https:\/\/dari-system.com\/no\/avtrykk\/#breadcrumb"},"inLanguage":"nb-NO","potentialAction":[{"@type":"ReadAction","target":["https:\/\/dari-system.com\/no\/avtrykk\/"]}]},{"@type":"BreadcrumbList","@id":"https:\/\/dari-system.com\/no\/avtrykk\/#breadcrumb","itemListElement":[{"@type":"ListItem","position":1,"name":"Startseite","item":"https:\/\/dari-system.com\/no\/"},{"@type":"ListItem","position":2,"name":"Avtrykk"}]},{"@type":"WebSite","@id":"https:\/\/dari-system.com\/no\/#website","url":"https:\/\/dari-system.com\/no\/","name":"DaRi System","description":"","potentialAction":[{"@type":"SearchAction","target":{"@type":"EntryPoint","urlTemplate":"https:\/\/dari-system.com\/no\/?s={search_term_string}"},"query-input":{"@type":"PropertyValueSpecification","valueRequired":true,"valueName":"search_term_string"}}],"inLanguage":"nb-NO"}]}},"_links":{"self":[{"href":"https:\/\/dari-system.com\/no\/wp-json\/wp\/v2\/pages\/25547476","targetHints":{"allow":["GET"]}}],"collection":[{"href":"https:\/\/dari-system.com\/no\/wp-json\/wp\/v2\/pages"}],"about":[{"href":"https:\/\/dari-system.com\/no\/wp-json\/wp\/v2\/types\/page"}],"author":[{"embeddable":true,"href":"https:\/\/dari-system.com\/no\/wp-json\/wp\/v2\/users\/1"}],"replies":[{"embeddable":true,"href":"https:\/\/dari-system.com\/no\/wp-json\/wp\/v2\/comments?post=25547476"}],"version-history":[{"count":2,"href":"https:\/\/dari-system.com\/no\/wp-json\/wp\/v2\/pages\/25547476\/revisions"}],"predecessor-version":[{"id":25547484,"href":"https:\/\/dari-system.com\/no\/wp-json\/wp\/v2\/pages\/25547476\/revisions\/25547484"}],"wp:attachment":[{"href":"https:\/\/dari-system.com\/no\/wp-json\/wp\/v2\/media?parent=25547476"}],"wp:term":[{"taxonomy":"dipi_cpt_category","embeddable":true,"href":"https:\/\/dari-system.com\/no\/wp-json\/wp\/v2\/dipi_cpt_category?post=25547476"}],"curies":[{"name":"wp","href":"https:\/\/api.w.org\/{rel}","templated":true}]}}