{"id":25547460,"date":"2024-05-16T12:45:13","date_gmt":"2024-05-16T12:45:13","guid":{"rendered":"https:\/\/dari-system.com\/dari-system-d1\/"},"modified":"2024-09-04T14:36:31","modified_gmt":"2024-09-04T14:36:31","slug":"dari-system-d1","status":"publish","type":"page","link":"https:\/\/dari-system.com\/no\/dari-system-d1\/","title":{"rendered":"DaRi System D1"},"content":{"rendered":"<p>[et_pb_section fb_built=&raquo;1&#8243; admin_label=&raquo;TBVS &#8211; Light &#8211; Content 5&#8243; _builder_version=&raquo;4.25.0&#8243; _module_preset=&raquo;773cbfc0-e6bc-474b-b613-dad4bc024acd&raquo; custom_padding_tablet=&raquo;8vh||8vh||true|false&raquo; global_colors_info=&raquo;{}&raquo;][et_pb_row column_structure=&raquo;2_5,3_5&#8243; make_equal=&raquo;on&raquo; _builder_version=&raquo;4.25.0&#8243; _module_preset=&raquo;default&raquo; global_colors_info=&raquo;{}&raquo;][et_pb_column type=&raquo;2_5&#8243; _builder_version=&raquo;4.16&#8243; _module_preset=&raquo;default&raquo; global_colors_info=&raquo;{}&raquo;][et_pb_image src=&raquo;https:\/\/dari-system.com\/wp-content\/uploads\/2024\/05\/montiert_4_zu_3.webp&raquo; alt=&raquo;DaRi-system D1&#8243; title_text=&raquo;montert_4_til_3&#8243; show_in_lightbox=&raquo;on&raquo; _builder_version=&raquo;4.25.0&#8243; _module_preset=&raquo;default&raquo; border_radii=&raquo;on|44px|44px|44px|44px&raquo; global_colors_info=&raquo;{}&raquo;][\/et_pb_image][\/et_pb_column][et_pb_column type=&raquo;3_5&#8243; _builder_version=&raquo;4.25.0&#8243; _module_preset=&raquo;default&raquo; custom_padding_tablet=&raquo;||30px||false|false&raquo; custom_padding_phone=&raquo;&raquo; custom_padding_last_edited=&raquo;on|tablet&raquo; custom_css_main_element=&raquo;margin: auto;&raquo; global_colors_info=&raquo;{}&raquo;][et_pb_text _builder_version=&raquo;4.25.0&#8243; _module_preset=&raquo;c68383f9-009f-4682-a0ef-f1cc616ecd44&#8243; header_font_size_phone=&raquo;35px&raquo; global_colors_info=&raquo;{}&raquo;]<\/p>\n<h1>DaRi-system D1<\/h1>\n<p>[\/et_pb_text][et_pb_text _builder_version=&raquo;4.25.0&#8243; _module_preset=&raquo;default&raquo; header_3_text_color=&raquo;#FFFFFF&raquo; header_3_line_height=&raquo;1.1em&raquo; background_layout=&raquo;dark&raquo; custom_margin=&raquo;||5px||false|false&raquo; header_3_text_color_tablet=&raquo;&raquo; header_3_text_color_phone=&raquo;&raquo; header_3_text_color_last_edited=&raquo;on|desktop&raquo; global_colors_info=&raquo;{}&raquo;]<\/p>\n<h3>For tak med en helning p\u00e5 opptil ca. 50\u00b0.<\/h3>\n<p>[\/et_pb_text][\/et_pb_column][\/et_pb_row][\/et_pb_section][et_pb_section fb_built=&raquo;1&#8243; _builder_version=&raquo;4.25.0&#8243; _module_preset=&raquo;default&raquo; global_colors_info=&raquo;{}&raquo;][et_pb_row column_structure=&raquo;2_3,1_3&#8243; make_equal=&raquo;on&raquo; _builder_version=&raquo;4.25.0&#8243; _module_preset=&raquo;default&raquo; global_colors_info=&raquo;{}&raquo;][et_pb_column type=&raquo;2_3&#8243; _builder_version=&raquo;4.25.0&#8243; _module_preset=&raquo;default&raquo; custom_css_main_element=&raquo;margin: auto;&raquo; border_color_right=&raquo;#4C76A9&#8243; global_colors_info=&raquo;{}&raquo;][et_pb_text _builder_version=&raquo;4.27.0&#8243; _module_preset=&raquo;default&raquo; hover_enabled=&raquo;0&#8243; global_colors_info=&raquo;{}&raquo; sticky_enabled=&raquo;0&#8243;]<\/p>\n<p><strong>DaRi System D1 er det rette systemet for tak med flat og middels takhelling p\u00e5 opptil ca. 50\u00b0.<\/strong><\/p>\n<p>En av f\u00f8lgende 3 takrennest\u00f8rrelser installeres vanligvis p\u00e5 boligbygg: 40, 33 eller 28.<\/p>\n<p><o verbaut=\"\" br=\"\">Deretter m\u00e5 du bestille riktig DaRi-Svstem som passer til st\u00f8rrelsen p\u00e5 takrennen din.<br \/>\nHvis du ikke vet st\u00f8rrelsen p\u00e5 takrennen din, kan du m\u00e5le den: <\/o><\/p>\n<p>[\/et_pb_text][\/et_pb_column][et_pb_column type=&raquo;1_3&#8243; _builder_version=&raquo;4.25.0&#8243; _module_preset=&raquo;default&raquo; global_colors_info=&raquo;{}&raquo;][et_pb_image src=&raquo;https:\/\/dari-system.com\/wp-content\/uploads\/2024\/05\/dachrinnengroesse.webp&raquo; alt=&raquo;St\u00f8rrelse p\u00e5 takrenner&raquo; title_text=&raquo;st\u00f8rrelse p\u00e5 takrenne&raquo; show_in_lightbox=&raquo;on&raquo; _builder_version=&raquo;4.25.0&#8243; _module_preset=&raquo;default&raquo; custom_margin_tablet=&raquo;&raquo; custom_margin_phone=&raquo;40px||||false|false&raquo; custom_margin_last_edited=&raquo;on|phone&raquo; global_colors_info=&raquo;{}&raquo;][\/et_pb_image][\/et_pb_column][\/et_pb_row][et_pb_row column_structure=&raquo;2_3,1_3&#8243; make_equal=&raquo;on&raquo; _builder_version=&raquo;4.25.0&#8243; _module_preset=&raquo;default&raquo; global_colors_info=&raquo;{}&raquo;][et_pb_column type=&raquo;2_3&#8243; _builder_version=&raquo;4.25.0&#8243; _module_preset=&raquo;default&raquo; global_colors_info=&raquo;{}&raquo;][et_pb_text _builder_version=&raquo;4.25.0&#8243; _module_preset=&raquo;default&raquo; global_colors_info=&raquo;{}&raquo;]<\/p>\n<p>Den perfekte utformingen av DaRi System D1 demonstreres av den bakre b\u00f8yningen som st\u00f8tter hele delen i takrennen.<br \/>\nDette gir DaRi System D1 en helt spesiell stabilitet, uavhengig av om det er montert et takfotbeslag i takrenna eller ikke. <\/p>\n<p>DaRi System D1 beholder formen, selv n\u00e5r det utsettes for sn\u00f8 eller is.<br \/>\nDen ekstremt glatte overflaten forhindrer at l\u00f8v blir liggende igjen og bl\u00e5ses bort av vinden.<br \/>\nDet er en stor fordel at forkanten p\u00e5 DaRi System D1 strekker seg over den fremre kurven p\u00e5 rennesteinen, slik at det ikke er noen forstyrrende kant som hindrer at l\u00f8vet bl\u00e5ses bort.  <\/p>\n<p>DaRi System D1 kan installeres i over 90 % av alle takrenner.<\/p>\n<p>Bare hvis taksteinene stikker veldig langt inn i takrennen, trenger du DaRi-systemet D2.<\/p>\n<p>[\/et_pb_text][\/et_pb_column][et_pb_column type=&raquo;1_3&#8243; _builder_version=&raquo;4.25.0&#8243; _module_preset=&raquo;default&raquo; custom_css_main_element=&raquo;margin: auto;&raquo; global_colors_info=&raquo;{}&raquo;][et_pb_image src=&raquo;https:\/\/dari-system.com\/wp-content\/uploads\/2024\/05\/einbausituation_d1.webp&raquo; alt=&raquo;DaRi System D1 Installasjonssituasjon&raquo; title_text=&raquo;installasjon_situasjon_d1&#8243; _builder_version=&raquo;4.25.0&#8243; _module_preset=&raquo;default&raquo; global_colors_info=&raquo;{}&raquo;][\/et_pb_image][\/et_pb_column][\/et_pb_row][\/et_pb_section][et_pb_section fb_built=&raquo;1&#8243; admin_label=&raquo;Produktvergleich&raquo; module_id=&raquo;d1video&raquo; module_class=&raquo;tbvs-section-light&raquo; _builder_version=&raquo;4.25.0&#8243; _module_preset=&raquo;default&raquo; background_color=&raquo;#cde2f2&#8243; background_enable_image=&raquo;off&raquo; parallax=&raquo;on&raquo; z_index=&raquo;5&#8243; min_height=&raquo;410.3px&raquo; custom_margin=&raquo;33px||14px||false|false&raquo; custom_padding=&raquo;46px||||false|false&raquo; top_divider_height=&raquo;72px&raquo; global_colors_info=&raquo;{}&raquo;][et_pb_row column_structure=&raquo;1_2,1_2&#8243; _builder_version=&raquo;4.25.0&#8243; _module_preset=&raquo;default&raquo; global_colors_info=&raquo;{}&raquo;][et_pb_column type=&raquo;1_2&#8243; _builder_version=&raquo;4.25.0&#8243; _module_preset=&raquo;default&raquo; background_enable_color=&raquo;off&raquo; border_color_top=&raquo;#4C76A9&#8243; global_colors_info=&raquo;{}&raquo;][et_pb_text _builder_version=&raquo;4.25.0&#8243; _module_preset=&raquo;default&raquo; custom_margin=&raquo;||||false|true&raquo; custom_padding=&raquo;||||false|false&raquo; header_3_text_align_tablet=&raquo;&raquo; header_3_text_align_phone=&raquo;&raquo; header_3_text_align_last_edited=&raquo;on|desktop&raquo; global_colors_info=&raquo;{}&raquo;]<\/p>\n<h3>Installasjonsinstruksjoner for DaRi-systemet D1<\/h3>\n<p>[\/et_pb_text][et_pb_code _builder_version=&raquo;4.25.0&#8243; _module_preset=&raquo;default&raquo; border_radii=&raquo;on|10px|10px|10px|10px&raquo; box_shadow_style=&raquo;preset1&#8243; global_colors_info=&raquo;{}&raquo;] <\/p>\n<div class=\"brlbs-cmpnt-container brlbs-cmpnt-content-blocker brlbs-cmpnt-with-individual-styles\" data-borlabs-cookie-content-blocker-id=\"youtube-content-blocker\" data-borlabs-cookie-content=\"PGRpdiBjbGFzcz0iYnJsYnMtY21wbnQtY2ItZmx1aWQtd2lkdGgtdmlkZW8td3JhcHBlci15b3V0dWJlIj48aWZyYW1lIHNyYz0iaHR0cHM6Ly93d3cueW91dHViZS1ub2Nvb2tpZS5jb20vZW1iZWQvUkZ6VDZLX25uWGc\/bW9kZXN0YnJhbmRpbmc9MSZhbXA7cmVsPTAmYW1wO3Nob3dpbmZvPTAiIHdpZHRoPSI1MTYiIGhlaWdodD0iMjY2IiB0aXRsZT0iRW4gWW91VHViZS12aWRlbyIgZnJhbWVib3JkZXI9IjAiIGFsbG93ZnVsbHNjcmVlbj0iIj48L2lmcmFtZT48L2Rpdj4=\">\n<div class=\"brlbs-cmpnt-cb-preset-c brlbs-cmpnt-cb-youtube\">\n<div class=\"brlbs-cmpnt-cb-thumbnail\" style=\"background-image: url('https:\/\/dari-system.com\/wp-content\/uploads\/borlabs-cookie\/1\/yt_RFzT6K_nnXg_hqdefault.jpg')\"><\/div>\n<div class=\"brlbs-cmpnt-cb-main\">\n<div class=\"brlbs-cmpnt-cb-play-button\"><\/div>\n<div class=\"brlbs-cmpnt-cb-content\">\n<p class=\"brlbs-cmpnt-cb-description\">You are currently viewing a placeholder content from <strong>YouTube<\/strong>. To access the actual content, click the button below. Please note that doing so will share data with third-party providers.<\/p>\n<p> <a class=\"brlbs-cmpnt-cb-provider-toggle\" href=\"#\" data-borlabs-cookie-show-provider-information role=\"button\">More Information<\/a> <\/div>\n<div class=\"brlbs-cmpnt-cb-buttons\"> <a class=\"brlbs-cmpnt-cb-btn\" href=\"#\" data-borlabs-cookie-unblock role=\"button\">Unblock content<\/a> <a class=\"brlbs-cmpnt-cb-btn\" href=\"#\" data-borlabs-cookie-accept-service role=\"button\" style=\"display: inherit\">Accept required service and unblock content<\/a> <\/div>\n<\/p><\/div>\n<\/p><\/div>\n<\/div>\n<p>[\/et_pb_code][\/et_pb_column][et_pb_column type=&raquo;1_2&#8243; _builder_version=&raquo;4.25.0&#8243; _module_preset=&raquo;default&raquo; background_enable_color=&raquo;off&raquo; border_color_top=&raquo;#4C76A9&#8243; global_colors_info=&raquo;{}&raquo;][et_pb_text _builder_version=&raquo;4.25.0&#8243; _module_preset=&raquo;default&raquo; custom_margin=&raquo;||||false|true&raquo; custom_padding=&raquo;||||false|false&raquo; header_3_text_align_tablet=&raquo;&raquo; header_3_text_align_phone=&raquo;&raquo; header_3_text_align_last_edited=&raquo;on|desktop&raquo; global_colors_info=&raquo;{}&raquo;]<\/p>\n<h3>Stikker taksteinene litt ut i takrennen?<br \/>\nDa b\u00f8r du ta en titt p\u00e5 denne videoen: <\/h3>\n<p>[\/et_pb_text][et_pb_code _builder_version=&raquo;4.25.0&#8243; _module_preset=&raquo;default&raquo; border_radii=&raquo;on|10px|10px|10px|10px&raquo; box_shadow_style=&raquo;preset1&#8243; global_colors_info=&raquo;{}&raquo;] <\/p>\n<div class=\"brlbs-cmpnt-container brlbs-cmpnt-content-blocker brlbs-cmpnt-with-individual-styles\" data-borlabs-cookie-content-blocker-id=\"youtube-content-blocker\" data-borlabs-cookie-content=\"PGRpdiBjbGFzcz0iYnJsYnMtY21wbnQtY2ItZmx1aWQtd2lkdGgtdmlkZW8td3JhcHBlci15b3V0dWJlIj48aWZyYW1lIHNyYz0iaHR0cHM6Ly93d3cueW91dHViZS1ub2Nvb2tpZS5jb20vZW1iZWQvbFBrNXlmQzJsazg\/bW9kZXN0YnJhbmRpbmc9MSZhbXA7cmVsPTAmYW1wO3Nob3dpbmZvPTAiIHdpZHRoPSI1MTYiIGhlaWdodD0iMjUwIiBmcmFtZWJvcmRlcj0iMCIgYWxsb3dmdWxsc2NyZWVuPSIiPjwvaWZyYW1lPjwvZGl2Pg==\">\n<div class=\"brlbs-cmpnt-cb-preset-c brlbs-cmpnt-cb-youtube\">\n<div class=\"brlbs-cmpnt-cb-thumbnail\" style=\"background-image: url('https:\/\/dari-system.com\/wp-content\/uploads\/borlabs-cookie\/1\/yt_lPk5yfC2lk8_hqdefault.jpg')\"><\/div>\n<div class=\"brlbs-cmpnt-cb-main\">\n<div class=\"brlbs-cmpnt-cb-play-button\"><\/div>\n<div class=\"brlbs-cmpnt-cb-content\">\n<p class=\"brlbs-cmpnt-cb-description\">You are currently viewing a placeholder content from <strong>YouTube<\/strong>. To access the actual content, click the button below. Please note that doing so will share data with third-party providers.<\/p>\n<p> <a class=\"brlbs-cmpnt-cb-provider-toggle\" href=\"#\" data-borlabs-cookie-show-provider-information role=\"button\">More Information<\/a> <\/div>\n<div class=\"brlbs-cmpnt-cb-buttons\"> <a class=\"brlbs-cmpnt-cb-btn\" href=\"#\" data-borlabs-cookie-unblock role=\"button\">Unblock content<\/a> <a class=\"brlbs-cmpnt-cb-btn\" href=\"#\" data-borlabs-cookie-accept-service role=\"button\" style=\"display: inherit\">Accept required service and unblock content<\/a> <\/div>\n<\/p><\/div>\n<\/p><\/div>\n<\/div>\n<p>[\/et_pb_code][\/et_pb_column][\/et_pb_row][\/et_pb_section][et_pb_section fb_built=&raquo;1&#8243; _builder_version=&raquo;4.25.0&#8243; _module_preset=&raquo;default&raquo; global_colors_info=&raquo;{}&raquo;][et_pb_row _builder_version=&raquo;4.25.0&#8243; _module_preset=&raquo;default&raquo; global_colors_info=&raquo;{}&raquo;][et_pb_column type=&raquo;4_4&#8243; _builder_version=&raquo;4.25.0&#8243; _module_preset=&raquo;default&raquo; global_colors_info=&raquo;{}&raquo;][et_pb_text _builder_version=&raquo;4.25.0&#8243; _module_preset=&raquo;default&raquo; custom_margin=&raquo;||||false|true&raquo; custom_padding=&raquo;||||false|false&raquo; header_3_text_align_tablet=&raquo;&raquo; header_3_text_align_phone=&raquo;&raquo; header_3_text_align_last_edited=&raquo;on|desktop&raquo; global_colors_info=&raquo;{}&raquo;]<\/p>\n<h3 style=\"text-align: center;\">Hvis du vet hvilken st\u00f8rrelse du har p\u00e5 takrennen, kan du bestille her:<\/h3>\n<p>[\/et_pb_text][\/et_pb_column][\/et_pb_row][et_pb_row _builder_version=&raquo;4.25.0&#8243; _module_preset=&raquo;default&raquo; global_colors_info=&raquo;{}&raquo;][et_pb_column type=&raquo;4_4&#8243; _builder_version=&raquo;4.25.0&#8243; _module_preset=&raquo;default&raquo; global_colors_info=&raquo;{}&raquo;][et_pb_button button_url=&raquo;https:\/\/dari-system.com\/no\/produkt\/dari-system-d1\/&raquo; button_text=&raquo;til butikken&raquo; button_alignment=&raquo;center&raquo; _builder_version=&raquo;4.25.0&#8243; _module_preset=&raquo;default&raquo; global_colors_info=&raquo;{}&raquo;][\/et_pb_button][\/et_pb_column][\/et_pb_row][\/et_pb_section]<\/p>\n","protected":false},"excerpt":{"rendered":"<p>DaRi-system D1For tak med en helning p\u00e5 opptil ca. 50\u00b0.DaRi System D1 er det rette systemet for tak med flat og middels takhelling p\u00e5 opptil ca. 50\u00b0. En av f\u00f8lgende 3 takrennest\u00f8rrelser installeres vanligvis p\u00e5 boligbygg: 40, 33 eller 28. Deretter m\u00e5 du bestille riktig DaRi-Svstem som passer til st\u00f8rrelsen p\u00e5 takrennen din. Hvis du [&hellip;]<\/p>\n","protected":false},"author":1,"featured_media":0,"parent":0,"menu_order":0,"comment_status":"closed","ping_status":"closed","template":"","meta":{"_et_pb_use_builder":"on","_et_pb_old_content":"","_et_gb_content_width":"","iawp_total_views":14,"footnotes":""},"dipi_cpt_category":[],"class_list":["post-25547460","page","type-page","status-publish","hentry"],"yoast_head":"<!-- This site is optimized with the Yoast SEO plugin v27.2 - https:\/\/yoast.com\/product\/yoast-seo-wordpress\/ -->\n<title>DaRi System D1 - DaRi System<\/title>\n<meta name=\"robots\" content=\"index, follow, max-snippet:-1, max-image-preview:large, max-video-preview:-1\" \/>\n<link rel=\"canonical\" href=\"https:\/\/dari-system.com\/no\/dari-system-d1\/\" \/>\n<meta property=\"og:locale\" content=\"nb_NO\" \/>\n<meta property=\"og:type\" content=\"article\" \/>\n<meta property=\"og:title\" content=\"DaRi System D1 - DaRi System\" \/>\n<meta property=\"og:description\" content=\"DaRi-system D1For tak med en helning p\u00e5 opptil ca. 50\u00b0.DaRi System D1 er det rette systemet for tak med flat og middels takhelling p\u00e5 opptil ca. 50\u00b0. En av f\u00f8lgende 3 takrennest\u00f8rrelser installeres vanligvis p\u00e5 boligbygg: 40, 33 eller 28. Deretter m\u00e5 du bestille riktig DaRi-Svstem som passer til st\u00f8rrelsen p\u00e5 takrennen din. Hvis du [&hellip;]\" \/>\n<meta property=\"og:url\" content=\"https:\/\/dari-system.com\/no\/dari-system-d1\/\" \/>\n<meta property=\"og:site_name\" content=\"DaRi System\" \/>\n<meta property=\"article:modified_time\" content=\"2024-09-04T14:36:31+00:00\" \/>\n<meta name=\"twitter:card\" content=\"summary_large_image\" \/>\n<meta name=\"twitter:label1\" content=\"Ansl. lesetid\" \/>\n\t<meta name=\"twitter:data1\" content=\"5 minutter\" \/>\n<script type=\"application\/ld+json\" class=\"yoast-schema-graph\">{\"@context\":\"https:\/\/schema.org\",\"@graph\":[{\"@type\":\"WebPage\",\"@id\":\"https:\/\/dari-system.com\/no\/dari-system-d1\/\",\"url\":\"https:\/\/dari-system.com\/no\/dari-system-d1\/\",\"name\":\"DaRi System D1 - DaRi System\",\"isPartOf\":{\"@id\":\"https:\/\/dari-system.com\/no\/#website\"},\"datePublished\":\"2024-05-16T12:45:13+00:00\",\"dateModified\":\"2024-09-04T14:36:31+00:00\",\"breadcrumb\":{\"@id\":\"https:\/\/dari-system.com\/no\/dari-system-d1\/#breadcrumb\"},\"inLanguage\":\"nb-NO\",\"potentialAction\":[{\"@type\":\"ReadAction\",\"target\":[\"https:\/\/dari-system.com\/no\/dari-system-d1\/\"]}]},{\"@type\":\"BreadcrumbList\",\"@id\":\"https:\/\/dari-system.com\/no\/dari-system-d1\/#breadcrumb\",\"itemListElement\":[{\"@type\":\"ListItem\",\"position\":1,\"name\":\"Startseite\",\"item\":\"https:\/\/dari-system.com\/no\/\"},{\"@type\":\"ListItem\",\"position\":2,\"name\":\"DaRi System D1\"}]},{\"@type\":\"WebSite\",\"@id\":\"https:\/\/dari-system.com\/no\/#website\",\"url\":\"https:\/\/dari-system.com\/no\/\",\"name\":\"DaRi System\",\"description\":\"\",\"potentialAction\":[{\"@type\":\"SearchAction\",\"target\":{\"@type\":\"EntryPoint\",\"urlTemplate\":\"https:\/\/dari-system.com\/no\/?s={search_term_string}\"},\"query-input\":{\"@type\":\"PropertyValueSpecification\",\"valueRequired\":true,\"valueName\":\"search_term_string\"}}],\"inLanguage\":\"nb-NO\"}]}<\/script>\n<!-- \/ Yoast SEO plugin. -->","yoast_head_json":{"title":"DaRi System D1 - DaRi System","robots":{"index":"index","follow":"follow","max-snippet":"max-snippet:-1","max-image-preview":"max-image-preview:large","max-video-preview":"max-video-preview:-1"},"canonical":"https:\/\/dari-system.com\/no\/dari-system-d1\/","og_locale":"nb_NO","og_type":"article","og_title":"DaRi System D1 - DaRi System","og_description":"DaRi-system D1For tak med en helning p\u00e5 opptil ca. 50\u00b0.DaRi System D1 er det rette systemet for tak med flat og middels takhelling p\u00e5 opptil ca. 50\u00b0. En av f\u00f8lgende 3 takrennest\u00f8rrelser installeres vanligvis p\u00e5 boligbygg: 40, 33 eller 28. Deretter m\u00e5 du bestille riktig DaRi-Svstem som passer til st\u00f8rrelsen p\u00e5 takrennen din. Hvis du [&hellip;]","og_url":"https:\/\/dari-system.com\/no\/dari-system-d1\/","og_site_name":"DaRi System","article_modified_time":"2024-09-04T14:36:31+00:00","twitter_card":"summary_large_image","twitter_misc":{"Ansl. lesetid":"5 minutter"},"schema":{"@context":"https:\/\/schema.org","@graph":[{"@type":"WebPage","@id":"https:\/\/dari-system.com\/no\/dari-system-d1\/","url":"https:\/\/dari-system.com\/no\/dari-system-d1\/","name":"DaRi System D1 - DaRi System","isPartOf":{"@id":"https:\/\/dari-system.com\/no\/#website"},"datePublished":"2024-05-16T12:45:13+00:00","dateModified":"2024-09-04T14:36:31+00:00","breadcrumb":{"@id":"https:\/\/dari-system.com\/no\/dari-system-d1\/#breadcrumb"},"inLanguage":"nb-NO","potentialAction":[{"@type":"ReadAction","target":["https:\/\/dari-system.com\/no\/dari-system-d1\/"]}]},{"@type":"BreadcrumbList","@id":"https:\/\/dari-system.com\/no\/dari-system-d1\/#breadcrumb","itemListElement":[{"@type":"ListItem","position":1,"name":"Startseite","item":"https:\/\/dari-system.com\/no\/"},{"@type":"ListItem","position":2,"name":"DaRi System D1"}]},{"@type":"WebSite","@id":"https:\/\/dari-system.com\/no\/#website","url":"https:\/\/dari-system.com\/no\/","name":"DaRi System","description":"","potentialAction":[{"@type":"SearchAction","target":{"@type":"EntryPoint","urlTemplate":"https:\/\/dari-system.com\/no\/?s={search_term_string}"},"query-input":{"@type":"PropertyValueSpecification","valueRequired":true,"valueName":"search_term_string"}}],"inLanguage":"nb-NO"}]}},"_links":{"self":[{"href":"https:\/\/dari-system.com\/no\/wp-json\/wp\/v2\/pages\/25547460","targetHints":{"allow":["GET"]}}],"collection":[{"href":"https:\/\/dari-system.com\/no\/wp-json\/wp\/v2\/pages"}],"about":[{"href":"https:\/\/dari-system.com\/no\/wp-json\/wp\/v2\/types\/page"}],"author":[{"embeddable":true,"href":"https:\/\/dari-system.com\/no\/wp-json\/wp\/v2\/users\/1"}],"replies":[{"embeddable":true,"href":"https:\/\/dari-system.com\/no\/wp-json\/wp\/v2\/comments?post=25547460"}],"version-history":[{"count":5,"href":"https:\/\/dari-system.com\/no\/wp-json\/wp\/v2\/pages\/25547460\/revisions"}],"predecessor-version":[{"id":25549517,"href":"https:\/\/dari-system.com\/no\/wp-json\/wp\/v2\/pages\/25547460\/revisions\/25549517"}],"wp:attachment":[{"href":"https:\/\/dari-system.com\/no\/wp-json\/wp\/v2\/media?parent=25547460"}],"wp:term":[{"taxonomy":"dipi_cpt_category","embeddable":true,"href":"https:\/\/dari-system.com\/no\/wp-json\/wp\/v2\/dipi_cpt_category?post=25547460"}],"curies":[{"name":"wp","href":"https:\/\/api.w.org\/{rel}","templated":true}]}}