{"id":25549787,"date":"2024-11-05T07:26:49","date_gmt":"2024-11-05T07:26:49","guid":{"rendered":"https:\/\/dari-system.com\/?page_id=25549787"},"modified":"2024-11-05T07:27:00","modified_gmt":"2024-11-05T07:27:00","slug":"bladbescherming-dakgoot-3","status":"publish","type":"page","link":"https:\/\/dari-system.com\/nl\/bladbescherming-dakgoot-3\/","title":{"rendered":"Bladbescherming dakgoot"},"content":{"rendered":"<p>[et_pb_section fb_built=&#8221;1&#8243; fullwidth=&#8221;on&#8221; _builder_version=&#8221;4.25.0&#8243; _module_preset=&#8221;default&#8221; bottom_divider_color=&#8221;#FFFFFF&#8221; bottom_divider_height=&#8221;82px&#8221; bottom_divider_flip=&#8221;horizontal&#8221; locked=&#8221;off&#8221; global_colors_info=&#8221;{}&#8221;][et_pb_fullwidth_header title=&#8221;Bladbescherming dakgoot&#8221; subhead=&#8221;Wat elke huiseigenaar nodig heeft&#8221; _builder_version=&#8221;4.25.0&#8243; _module_preset=&#8221;default&#8221; title_font=&#8221;|800|||||||&#8221; title_font_size=&#8221;45px&#8221; background_image=&#8221;https:\/\/dari-system.com\/wp-content\/uploads\/2024\/05\/header_background.webp&#8221; background_position=&#8221;bottom_center&#8221; custom_padding=&#8221;8vh||8vh||true|false&#8221; title_font_size_tablet=&#8221;45px&#8221; title_font_size_phone=&#8221;29px&#8221; title_font_size_last_edited=&#8221;on|phone&#8221; content_font_size_tablet=&#8221;&#8221; content_font_size_phone=&#8221;17px&#8221; content_font_size_last_edited=&#8221;on|phone&#8221; global_colors_info=&#8221;{}&#8221;][\/et_pb_fullwidth_header][\/et_pb_section][et_pb_section fb_built=&#8221;1&#8243; _builder_version=&#8221;4.25.0&#8243; _module_preset=&#8221;default&#8221; custom_margin=&#8221;||0px||false|false&#8221; custom_padding=&#8221;||0px||false|false&#8221; global_colors_info=&#8221;{}&#8221;][et_pb_row column_structure=&#8221;1_2,1_2&#8243; _builder_version=&#8221;4.25.0&#8243; _module_preset=&#8221;default&#8221; global_colors_info=&#8221;{}&#8221;][et_pb_column type=&#8221;1_2&#8243; _builder_version=&#8221;4.25.0&#8243; _module_preset=&#8221;default&#8221; global_colors_info=&#8221;{}&#8221;][et_pb_text _builder_version=&#8221;4.25.0&#8243; _module_preset=&#8221;default&#8221; header_2_font=&#8221;|700|||||||&#8221; global_colors_info=&#8221;{}&#8221;]<\/p>\n<h2><strong>Je perfecte bladvanger voor de dakgoot<\/strong><\/h2>\n<p>Elke huiseigenaar kent het risico van een verstopte dakgoot veroorzaakt door bladeren, naalden, mos, kleine takken, dode vogels of vuurwerk.<br \/>\nEen <strong>bladbescherming voor de dakgoot<\/strong>, halfrond of als bakgoot, is in veel opzichten praktisch onmisbaar.<br \/>\nEr zijn waarschijnlijk maar weinig klussen in huis en tuin die mensen zo graag uitstellen als het schoonmaken van een dakgoot.<br \/>\nHet is niet alleen vervelend om meerdere keren per jaar de ladder tevoorschijn te halen en naar het dak te klimmen; het is ook gevaarlijk om op de lange, wiebelende ladder te staan en de dakgoot schoon te maken.<br \/>\nEen bladvanger voor de dakgoot of bakgoot biedt de perfecte oplossing.<br \/>\nEen bladvanger voor de dakgoot bespaart kostbare tijd.<br \/>\nAls bladeren je dakgoot blokkeren, verzamelt het regenwater zich en kan het over de dakgoot stromen en de muren van het huis doordrenken.<br \/>\nDit kan ook gebeuren met een bakgoot.<br \/>\nDaarom is een bladvanger een MUST voor elke huiseigenaar.        <\/p>\n<p>[\/et_pb_text][\/et_pb_column][et_pb_column type=&#8221;1_2&#8243; _builder_version=&#8221;4.25.0&#8243; _module_preset=&#8221;default&#8221; global_colors_info=&#8221;{}&#8221;][et_pb_image src=&#8221;https:\/\/dari-system.com\/wp-content\/uploads\/2024\/06\/laubfang-dachrinne.webp&#8221; alt=&#8221;Bladbescherming dakgoot&#8221; title_text=&#8221;bladbescherming dakgoot&#8221; _builder_version=&#8221;4.25.0&#8243; _module_preset=&#8221;default&#8221; custom_margin=&#8221;||5px||false|false&#8221; global_colors_info=&#8221;{}&#8221;][\/et_pb_image][et_pb_text _builder_version=&#8221;4.25.0&#8243; _module_preset=&#8221;default&#8221; custom_margin=&#8221;0px||||false|false&#8221; global_colors_info=&#8221;{}&#8221;]<\/p>\n<p style=\"text-align: center;\"><em>Bladbeschermgoot van DaRi-System<\/em><\/p>\n<p>[\/et_pb_text][\/et_pb_column][\/et_pb_row][\/et_pb_section][et_pb_section fb_built=&#8221;1&#8243; _builder_version=&#8221;4.25.0&#8243; _module_preset=&#8221;default&#8221; custom_margin=&#8221;0px||||false|false&#8221; custom_padding=&#8221;0px||||false|false&#8221; global_colors_info=&#8221;{}&#8221;][et_pb_row _builder_version=&#8221;4.25.0&#8243; _module_preset=&#8221;default&#8221; global_colors_info=&#8221;{}&#8221;][et_pb_column type=&#8221;4_4&#8243; _builder_version=&#8221;4.25.0&#8243; _module_preset=&#8221;default&#8221; global_colors_info=&#8221;{}&#8221;][et_pb_text _builder_version=&#8221;4.25.0&#8243; _module_preset=&#8221;default&#8221; header_2_font=&#8221;|800|||||||&#8221; global_colors_info=&#8221;{}&#8221;]<\/p>\n<h2><strong>Wij bieden de perfecte bladbescherming voor dakgoten en bakgoten<\/strong><\/h2>\n<p>Als je op zoek bent naar de perfecte bladbescherming voor je dakgoot, ben je bij ons aan het juiste adres.<br \/>\nWij hebben de juiste oplossing voor elke dakgoot.<br \/>\nOngeacht of je op zoek bent naar een bladbescherming voor een halfronde dakgoot of een bakgoot.<br \/>\nOns speciaal ontwikkelde bladbeschermingssysteem voor bakgoten kan worden aangepast aan goten van verschillende breedtes en is daarom uniek.<br \/>\nDe bladbescherming voor bakgoten is daarom bij uitstek geschikt voor bakgoten op overkappingen, balkons en serres.<br \/>\nHier worden meestal niet-gestandaardiseerde goten ge\u00efnstalleerd.<br \/>\nDit is echter geen probleem voor ons bladbeschermingssysteem.      <\/p>\n<h2><strong>Hoogste kwaliteit en beste service<\/strong><\/h2>\n<p>Al meer dan 20 jaar houden we ons bezig met het beschermen van dakgoten tegen verstoppingen door bladeren en hebben we producten van hoge kwaliteit ontwikkeld die in Duitsland worden geproduceerd.<br \/>\nWe kijken uit naar elke aanvraag.<br \/>\nStuur ons een foto van je dakgoot en wij geven je gratis advies over welk bladvangsysteem het beste is voor je dakgoot of bakgoot.<br \/>\nDit maakt allemaal deel uit van onze allround service voor dakgootbladvangers.<br \/>\nWij leveren het DaRi systeem binnen de kortst mogelijke tijd aan klanten in heel Europa.<br \/>\nHet DaRi systeem voldoet aan de hoogste kwaliteitseisen en garandeert een lange levensduur.<br \/>\nEn we garanderen dat de dakgoot niet langer verstopt raakt door bladeren met de DaRi-bladvanger.      <\/p>\n<h2><strong>Voordelen van bladbescherming voor dakgoten:<\/strong><\/h2>\n<ul>\n<li><strong>Verstoppingen voorkomen:<\/strong> Bladvangers zorgen ervoor dat bladeren, takken en ander afval niet in de dakgoten terechtkomen, waardoor verstoppingen worden voorkomen.<\/li>\n<li><strong>Langere levensduur:<\/strong> Door verstoppingen te verminderen, wordt schade aan de goten zoals roest en corrosie geminimaliseerd, wat de levensduur verlengt.<\/li>\n<li><strong>Betere waterafvoer:<\/strong> Bladvangers zorgen voor een betere waterafvoer, omdat het water vrij door de goot kan stromen zonder obstakels tegen te komen.<\/li>\n<li><strong>Minder onderhoudswerk:<\/strong> Met het DaRi-systeem hoeven dakgoten minder vaak gereinigd te worden, wat het onderhoudswerk vermindert en tijd bespaart.<\/li>\n<li><strong>Bescherming tegen schade aan het gebouw:<\/strong> Verstopte dakgoten kunnen leiden tot waterschade aan de gevel, funderingen en het dak.<br \/>\nBladvangers beschermen tegen dergelijke schade. <\/li>\n<li><strong>Verbeterde esthetiek:<\/strong> Schone goten zonder zichtbare afzettingen dragen bij aan de esthetische aantrekkingskracht van het gebouw<strong>.<\/strong> <\/li>\n<li><strong>Milieuvriendelijk:<\/strong> Door verstoppingen en de daaruit voortvloeiende schade te voorkomen, helpt het DaRi-systeem de behoefte aan reparaties en vervangingen te verminderen, waardoor hulpbronnen en energie worden bespaard.<br \/>\nHet DaRi-systeem is volledig recyclebaar. <\/li>\n<\/ul>\n<p>Dit kan ook interessant voor je zijn:<\/p>\n<ul>\n<li><a href=\"https:\/\/dari-system.com\/nl\/bladbescherming-dakgoot\/\" title=\"Bladbescherming dakgoot\"><a href=\"https:\/\/dari-system.com\/nl\/bladbescherming-dakgoot\/\">Bladbescherming voor de dakgoot<\/a><\/a><\/li>\n<li><a href=\"https:\/\/dari-system.com\/nl\/regengoten-bladbescherming\/\" title=\"Regengoten Bladbescherming\"><a href=\"https:\/\/dari-system.com\/nl\/regengoten-bladbescherming\/\">Regengoten Bladbescherming<\/a><\/a><\/li>\n<li><a href=\"https:\/\/dari-system.com\/nl\/bladbescherming-dakgoot-2\/\" title=\"Bladbescherming dakgoot\"><a href=\"https:\/\/dari-system.com\/nl\/bladbescherming-dakgoot-2\/\">Bladbescherming voor de dakgoot<\/a><\/a><\/li>\n<li><a href=\"https:\/\/dari-system.com\/nl\/dakgoot\/\" title=\"Dakgoot\"> <a href=\"https:\/\/dari-system.com\/nl\/dakgoot\/\"> Dakgoot<\/a><\/a><\/li>\n<\/ul>\n<p>[\/et_pb_text][\/et_pb_column][\/et_pb_row][\/et_pb_section][et_pb_section fb_built=&#8221;1&#8243; theme_builder_area=&#8221;post_content&#8221; _builder_version=&#8221;4.27.0&#8243; _module_preset=&#8221;default&#8221;][et_pb_row _builder_version=&#8221;4.27.0&#8243; _module_preset=&#8221;default&#8221; theme_builder_area=&#8221;post_content&#8221;][et_pb_column _builder_version=&#8221;4.27.0&#8243; _module_preset=&#8221;default&#8221; type=&#8221;4_4&#8243; theme_builder_area=&#8221;post_content&#8221;][et_pb_text _builder_version=&#8221;4.27.0&#8243; _module_preset=&#8221;default&#8221; theme_builder_area=&#8221;post_content&#8221; hover_enabled=&#8221;0&#8243; sticky_enabled=&#8221;0&#8243;]<\/p>\n<h2><span>Laubfang f\u00fcr die Dachrinne gesucht? Entdecke jetzt die Vorteile von DaRi System!<\/span><\/h2>\n<p><span>Du bist es leid, nach einem langen Arbeitstag noch aufs Dach zu steigen, um die Dachrinne von Unrat zu befreien, um einen sicheren Wasserablauf zu gew\u00e4hrleisten? Dann geht es dir \u00e4hnlich wie den Entwicklern von DaRi System. Unser Ziel war es von Anfang an, einen zuverl\u00e4ssigen und hochwertigen <strong>Laubfang f\u00fcr die Dachrinne<\/strong> zu entwickeln, der UV-best\u00e4ndig und noch dazu k\u00e4ltestabil ist. Neben der hohen Qualit\u00e4t standen f\u00fcr uns Funktionalit\u00e4t und eine kinderleichte Montage bei der Entwicklung an oberster Stelle. Entstanden ist so ein Laubfang f\u00fcr die Dachrinne, der universell einsetzbar ist und bei verschiedenen Rinnentypen verwendet werden kann. Noch dazu ist unser Laubfang f\u00fcr die Dachrinne aus recyclingf\u00e4higem Material hergestellt und absolut nachhaltig. <\/span><\/p>\n<h2><span>Einfach nachr\u00fcstbar und besonders zuverl\u00e4ssig<\/span><\/h2>\n<p>Egal ob du f\u00fcr deine Dachrinne schon mal ein anderes Laubschutzsystem ausprobiert hast oder ob deine Dachrinne bisher noch nicht gesch\u00fctzt war: Mit dem DaRi-System trifft du mit Sicherheit die richtige Wahl.<span> Du kannst unseren Dachrinnenschutz jederzeit problemlos nachr\u00fcsten. Die optimierte Bauweise sorgt daf\u00fcr, dass die Montage kinderleicht und schnell von der Hand geht. Wir haben unseren <strong>Laubfang f\u00fcr die Dachrinne<\/strong> mit einer optimierten Lochung ausgestattet, sodass auch Nadeln nicht mehr ins Innere der Rinne gelangen k\u00f6nnen. <\/span><span>\u00a0<\/span><\/p>\n<h2><span>Mehr als ein Laubfang f\u00fcr die Dachrinne<\/span><\/h2>\n<p>Mit einem <strong>Laubfang f\u00fcr die Dachrinne<\/strong> von DaRi System w\u00e4hlst du einen zuverl\u00e4ssigen Schutz mit geringem Wartungsaufwand. Er sch\u00fctzt aber nicht nur vor Laub, sondern verhindert ebenso, dass sich V\u00f6gel in der Dachrinne niederlassen oder Nagetiere diese als Einstiegsweg ins Haus nutzen k\u00f6nnen. Da die Dachrinnen frei bleiben, kannst du dich auf eine verbesserte Wasserf\u00fchrung verlassen.<\/p>\n<p>[\/et_pb_text][\/et_pb_column][\/et_pb_row][\/et_pb_section]<\/p>\n","protected":false},"excerpt":{"rendered":"<p>Je perfecte bladvanger voor de dakgoot Elke huiseigenaar kent het risico van een verstopte dakgoot veroorzaakt door bladeren, naalden, mos, kleine takken, dode vogels of vuurwerk. Een bladbescherming voor de dakgoot, halfrond of als bakgoot, is in veel opzichten praktisch onmisbaar. Er zijn waarschijnlijk maar weinig klussen in huis en tuin die mensen zo graag [&hellip;]<\/p>\n","protected":false},"author":2,"featured_media":0,"parent":0,"menu_order":0,"comment_status":"closed","ping_status":"closed","template":"","meta":{"_et_pb_use_builder":"on","_et_pb_old_content":"","_et_gb_content_width":"","iawp_total_views":10,"footnotes":""},"dipi_cpt_category":[],"class_list":["post-25549787","page","type-page","status-publish","hentry"],"yoast_head":"<!-- This site is optimized with the Yoast SEO plugin v27.2 - https:\/\/yoast.com\/product\/yoast-seo-wordpress\/ -->\n<title>Effectieve bladbescherming voor je dakgoot - DaRi systeem<\/title>\n<meta name=\"description\" content=\"Ontdek de perfecte bladvanger voor je dakgoot. Nooit meer verstoppingen en vervelend schoonmaken met het DaRi systeem. Ontdek nu meer!\" \/>\n<meta name=\"robots\" content=\"index, follow, max-snippet:-1, max-image-preview:large, max-video-preview:-1\" \/>\n<link rel=\"canonical\" href=\"https:\/\/dari-system.com\/nl\/bladbescherming-dakgoot-3\/\" \/>\n<meta property=\"og:locale\" content=\"nl_NL\" \/>\n<meta property=\"og:type\" content=\"article\" \/>\n<meta property=\"og:title\" content=\"Effectieve bladbescherming voor je dakgoot - DaRi systeem\" \/>\n<meta property=\"og:description\" content=\"Ontdek de perfecte bladvanger voor je dakgoot. Nooit meer verstoppingen en vervelend schoonmaken met het DaRi systeem. Ontdek nu meer!\" \/>\n<meta property=\"og:url\" content=\"https:\/\/dari-system.com\/nl\/bladbescherming-dakgoot-3\/\" \/>\n<meta property=\"og:site_name\" content=\"DaRi System\" \/>\n<meta property=\"article:modified_time\" content=\"2024-11-05T07:27:00+00:00\" \/>\n<meta name=\"twitter:card\" content=\"summary_large_image\" \/>\n<meta name=\"twitter:label1\" content=\"Geschatte leestijd\" \/>\n\t<meta name=\"twitter:data1\" content=\"6 minuten\" \/>\n<script type=\"application\/ld+json\" class=\"yoast-schema-graph\">{\"@context\":\"https:\/\/schema.org\",\"@graph\":[{\"@type\":\"WebPage\",\"@id\":\"https:\/\/dari-system.com\/nl\/bladbescherming-dakgoot-3\/\",\"url\":\"https:\/\/dari-system.com\/nl\/bladbescherming-dakgoot-3\/\",\"name\":\"Effectieve bladbescherming voor je dakgoot - DaRi systeem\",\"isPartOf\":{\"@id\":\"https:\/\/dari-system.com\/nl\/#website\"},\"datePublished\":\"2024-11-05T07:26:49+00:00\",\"dateModified\":\"2024-11-05T07:27:00+00:00\",\"description\":\"Ontdek de perfecte bladvanger voor je dakgoot. Nooit meer verstoppingen en vervelend schoonmaken met het DaRi systeem. Ontdek nu meer!\",\"breadcrumb\":{\"@id\":\"https:\/\/dari-system.com\/nl\/bladbescherming-dakgoot-3\/#breadcrumb\"},\"inLanguage\":\"nl-NL\",\"potentialAction\":[{\"@type\":\"ReadAction\",\"target\":[\"https:\/\/dari-system.com\/nl\/bladbescherming-dakgoot-3\/\"]}]},{\"@type\":\"BreadcrumbList\",\"@id\":\"https:\/\/dari-system.com\/nl\/bladbescherming-dakgoot-3\/#breadcrumb\",\"itemListElement\":[{\"@type\":\"ListItem\",\"position\":1,\"name\":\"Startseite\",\"item\":\"https:\/\/dari-system.com\/nl\/\"},{\"@type\":\"ListItem\",\"position\":2,\"name\":\"Bladbescherming dakgoot\"}]},{\"@type\":\"WebSite\",\"@id\":\"https:\/\/dari-system.com\/nl\/#website\",\"url\":\"https:\/\/dari-system.com\/nl\/\",\"name\":\"DaRi System\",\"description\":\"\",\"potentialAction\":[{\"@type\":\"SearchAction\",\"target\":{\"@type\":\"EntryPoint\",\"urlTemplate\":\"https:\/\/dari-system.com\/nl\/?s={search_term_string}\"},\"query-input\":{\"@type\":\"PropertyValueSpecification\",\"valueRequired\":true,\"valueName\":\"search_term_string\"}}],\"inLanguage\":\"nl-NL\"}]}<\/script>\n<!-- \/ Yoast SEO plugin. -->","yoast_head_json":{"title":"Effectieve bladbescherming voor je dakgoot - DaRi systeem","description":"Ontdek de perfecte bladvanger voor je dakgoot. Nooit meer verstoppingen en vervelend schoonmaken met het DaRi systeem. Ontdek nu meer!","robots":{"index":"index","follow":"follow","max-snippet":"max-snippet:-1","max-image-preview":"max-image-preview:large","max-video-preview":"max-video-preview:-1"},"canonical":"https:\/\/dari-system.com\/nl\/bladbescherming-dakgoot-3\/","og_locale":"nl_NL","og_type":"article","og_title":"Effectieve bladbescherming voor je dakgoot - DaRi systeem","og_description":"Ontdek de perfecte bladvanger voor je dakgoot. Nooit meer verstoppingen en vervelend schoonmaken met het DaRi systeem. Ontdek nu meer!","og_url":"https:\/\/dari-system.com\/nl\/bladbescherming-dakgoot-3\/","og_site_name":"DaRi System","article_modified_time":"2024-11-05T07:27:00+00:00","twitter_card":"summary_large_image","twitter_misc":{"Geschatte leestijd":"6 minuten"},"schema":{"@context":"https:\/\/schema.org","@graph":[{"@type":"WebPage","@id":"https:\/\/dari-system.com\/nl\/bladbescherming-dakgoot-3\/","url":"https:\/\/dari-system.com\/nl\/bladbescherming-dakgoot-3\/","name":"Effectieve bladbescherming voor je dakgoot - DaRi systeem","isPartOf":{"@id":"https:\/\/dari-system.com\/nl\/#website"},"datePublished":"2024-11-05T07:26:49+00:00","dateModified":"2024-11-05T07:27:00+00:00","description":"Ontdek de perfecte bladvanger voor je dakgoot. Nooit meer verstoppingen en vervelend schoonmaken met het DaRi systeem. Ontdek nu meer!","breadcrumb":{"@id":"https:\/\/dari-system.com\/nl\/bladbescherming-dakgoot-3\/#breadcrumb"},"inLanguage":"nl-NL","potentialAction":[{"@type":"ReadAction","target":["https:\/\/dari-system.com\/nl\/bladbescherming-dakgoot-3\/"]}]},{"@type":"BreadcrumbList","@id":"https:\/\/dari-system.com\/nl\/bladbescherming-dakgoot-3\/#breadcrumb","itemListElement":[{"@type":"ListItem","position":1,"name":"Startseite","item":"https:\/\/dari-system.com\/nl\/"},{"@type":"ListItem","position":2,"name":"Bladbescherming dakgoot"}]},{"@type":"WebSite","@id":"https:\/\/dari-system.com\/nl\/#website","url":"https:\/\/dari-system.com\/nl\/","name":"DaRi System","description":"","potentialAction":[{"@type":"SearchAction","target":{"@type":"EntryPoint","urlTemplate":"https:\/\/dari-system.com\/nl\/?s={search_term_string}"},"query-input":{"@type":"PropertyValueSpecification","valueRequired":true,"valueName":"search_term_string"}}],"inLanguage":"nl-NL"}]}},"_links":{"self":[{"href":"https:\/\/dari-system.com\/nl\/wp-json\/wp\/v2\/pages\/25549787","targetHints":{"allow":["GET"]}}],"collection":[{"href":"https:\/\/dari-system.com\/nl\/wp-json\/wp\/v2\/pages"}],"about":[{"href":"https:\/\/dari-system.com\/nl\/wp-json\/wp\/v2\/types\/page"}],"author":[{"embeddable":true,"href":"https:\/\/dari-system.com\/nl\/wp-json\/wp\/v2\/users\/2"}],"replies":[{"embeddable":true,"href":"https:\/\/dari-system.com\/nl\/wp-json\/wp\/v2\/comments?post=25549787"}],"version-history":[{"count":2,"href":"https:\/\/dari-system.com\/nl\/wp-json\/wp\/v2\/pages\/25549787\/revisions"}],"predecessor-version":[{"id":25549820,"href":"https:\/\/dari-system.com\/nl\/wp-json\/wp\/v2\/pages\/25549787\/revisions\/25549820"}],"wp:attachment":[{"href":"https:\/\/dari-system.com\/nl\/wp-json\/wp\/v2\/media?parent=25549787"}],"wp:term":[{"taxonomy":"dipi_cpt_category","embeddable":true,"href":"https:\/\/dari-system.com\/nl\/wp-json\/wp\/v2\/dipi_cpt_category?post=25549787"}],"curies":[{"name":"wp","href":"https:\/\/api.w.org\/{rel}","templated":true}]}}