{"id":25548395,"date":"2024-05-22T16:37:31","date_gmt":"2024-05-22T16:37:31","guid":{"rendered":"https:\/\/dari-system.com\/produkt\/dari-sistema-d3\/"},"modified":"2024-08-20T20:42:11","modified_gmt":"2024-08-20T20:42:11","slug":"dari-sistema-d3","status":"publish","type":"product","link":"https:\/\/dari-system.com\/lt\/produkt\/dari-sistema-d3\/","title":{"rendered":"&#8222;DaRi&#8221; sistema D3"},"content":{"rendered":"<p class=\"p1\">&#8222;DaRi System D3&#8221; yra 2 spalv\u0173: <strong>juoda<\/strong> variniams latakams <strong>sidabrin\u0117<\/strong> cinko latakams<\/p>\n","protected":false},"excerpt":{"rendered":"<p class=\"p1\">Kiekvieniems 76 cm lietvamzd\u017eiui visada reikalingos 2 dalys i\u0161 DaRi sistemos D3. DaRi sistema D3 tvirtinama <strong><u>be<\/u><\/strong> klip\u0173. <\/p>\n","protected":false},"featured_media":25548398,"template":"","meta":{"_et_pb_use_builder":"","_et_pb_old_content":"<p class=\"p1\">\"DaRi System D3\" yra 2 spalv\u0173: <strong>juoda<\/strong> variniams latakams <strong>sidabrin\u0117<\/strong> cinko latakams<\/p>","_et_gb_content_width":"","iawp_total_views":2},"product_brand":[],"product_cat":[569],"product_tag":[],"class_list":{"0":"post-25548395","1":"product","2":"type-product","3":"status-publish","4":"has-post-thumbnail","6":"product_cat-dari-sistema","8":"first","9":"instock","10":"taxable","11":"shipping-taxable","12":"product-type-grouped"},"yoast_head":"<!-- This site is optimized with the Yoast SEO plugin v27.2 - https:\/\/yoast.com\/product\/yoast-seo-wordpress\/ -->\n<title>&quot;DaRi&quot; sistema D3 - DaRi System<\/title>\n<meta name=\"robots\" content=\"index, follow, max-snippet:-1, max-image-preview:large, max-video-preview:-1\" \/>\n<link rel=\"canonical\" href=\"https:\/\/dari-system.com\/lt\/produkt\/dari-sistema-d3\/\" \/>\n<meta property=\"og:locale\" content=\"lt_LT\" \/>\n<meta property=\"og:type\" content=\"article\" \/>\n<meta property=\"og:title\" content=\"&quot;DaRi&quot; sistema D3 - DaRi System\" \/>\n<meta property=\"og:description\" content=\"Kiekvieniems 76 cm lietvamzd\u017eiui visada reikalingos 2 dalys i\u0161 DaRi sistemos D3. DaRi sistema D3 tvirtinama be klip\u0173.\" \/>\n<meta property=\"og:url\" content=\"https:\/\/dari-system.com\/lt\/produkt\/dari-sistema-d3\/\" \/>\n<meta property=\"og:site_name\" content=\"DaRi System\" \/>\n<meta property=\"article:modified_time\" content=\"2024-08-20T20:42:11+00:00\" \/>\n<meta property=\"og:image\" content=\"https:\/\/dari-system.com\/wp-content\/uploads\/2024\/05\/dari_d3-1.webp\" \/>\n\t<meta property=\"og:image:width\" content=\"1042\" \/>\n\t<meta property=\"og:image:height\" content=\"1042\" \/>\n\t<meta property=\"og:image:type\" content=\"image\/webp\" \/>\n<meta name=\"twitter:card\" content=\"summary_large_image\" \/>\n<script type=\"application\/ld+json\" class=\"yoast-schema-graph\">{\"@context\":\"https:\/\/schema.org\",\"@graph\":[{\"@type\":\"WebPage\",\"@id\":\"https:\/\/dari-system.com\/lt\/produkt\/dari-sistema-d3\/\",\"url\":\"https:\/\/dari-system.com\/lt\/produkt\/dari-sistema-d3\/\",\"name\":\"\\\"DaRi\\\" sistema D3 - DaRi System\",\"isPartOf\":{\"@id\":\"https:\/\/dari-system.com\/lt\/#website\"},\"primaryImageOfPage\":{\"@id\":\"https:\/\/dari-system.com\/lt\/produkt\/dari-sistema-d3\/#primaryimage\"},\"image\":{\"@id\":\"https:\/\/dari-system.com\/lt\/produkt\/dari-sistema-d3\/#primaryimage\"},\"thumbnailUrl\":\"https:\/\/dari-system.com\/wp-content\/uploads\/2024\/05\/dari_d3-1.webp\",\"datePublished\":\"2024-05-22T16:37:31+00:00\",\"dateModified\":\"2024-08-20T20:42:11+00:00\",\"breadcrumb\":{\"@id\":\"https:\/\/dari-system.com\/lt\/produkt\/dari-sistema-d3\/#breadcrumb\"},\"inLanguage\":\"lt-LT\",\"potentialAction\":[{\"@type\":\"ReadAction\",\"target\":[\"https:\/\/dari-system.com\/lt\/produkt\/dari-sistema-d3\/\"]}]},{\"@type\":\"ImageObject\",\"inLanguage\":\"lt-LT\",\"@id\":\"https:\/\/dari-system.com\/lt\/produkt\/dari-sistema-d3\/#primaryimage\",\"url\":\"https:\/\/dari-system.com\/wp-content\/uploads\/2024\/05\/dari_d3-1.webp\",\"contentUrl\":\"https:\/\/dari-system.com\/wp-content\/uploads\/2024\/05\/dari_d3-1.webp\",\"width\":1042,\"height\":1042,\"caption\":\"DRi sistema D3\"},{\"@type\":\"BreadcrumbList\",\"@id\":\"https:\/\/dari-system.com\/lt\/produkt\/dari-sistema-d3\/#breadcrumb\",\"itemListElement\":[{\"@type\":\"ListItem\",\"position\":1,\"name\":\"Startseite\",\"item\":\"https:\/\/dari-system.com\/lt\/\"},{\"@type\":\"ListItem\",\"position\":2,\"name\":\"Parduotuv\u0117\",\"item\":\"https:\/\/dari-system.com\/parduotuve\/\"},{\"@type\":\"ListItem\",\"position\":3,\"name\":\"&#8222;DaRi&#8221; sistema D3\"}]},{\"@type\":\"WebSite\",\"@id\":\"https:\/\/dari-system.com\/lt\/#website\",\"url\":\"https:\/\/dari-system.com\/lt\/\",\"name\":\"DaRi System\",\"description\":\"\",\"potentialAction\":[{\"@type\":\"SearchAction\",\"target\":{\"@type\":\"EntryPoint\",\"urlTemplate\":\"https:\/\/dari-system.com\/lt\/?s={search_term_string}\"},\"query-input\":{\"@type\":\"PropertyValueSpecification\",\"valueRequired\":true,\"valueName\":\"search_term_string\"}}],\"inLanguage\":\"lt-LT\"}]}<\/script>\n<!-- \/ Yoast SEO plugin. -->","yoast_head_json":{"title":"\"DaRi\" sistema D3 - DaRi System","robots":{"index":"index","follow":"follow","max-snippet":"max-snippet:-1","max-image-preview":"max-image-preview:large","max-video-preview":"max-video-preview:-1"},"canonical":"https:\/\/dari-system.com\/lt\/produkt\/dari-sistema-d3\/","og_locale":"lt_LT","og_type":"article","og_title":"\"DaRi\" sistema D3 - DaRi System","og_description":"Kiekvieniems 76 cm lietvamzd\u017eiui visada reikalingos 2 dalys i\u0161 DaRi sistemos D3. DaRi sistema D3 tvirtinama be klip\u0173.","og_url":"https:\/\/dari-system.com\/lt\/produkt\/dari-sistema-d3\/","og_site_name":"DaRi System","article_modified_time":"2024-08-20T20:42:11+00:00","og_image":[{"width":1042,"height":1042,"url":"https:\/\/dari-system.com\/wp-content\/uploads\/2024\/05\/dari_d3-1.webp","type":"image\/webp"}],"twitter_card":"summary_large_image","schema":{"@context":"https:\/\/schema.org","@graph":[{"@type":"WebPage","@id":"https:\/\/dari-system.com\/lt\/produkt\/dari-sistema-d3\/","url":"https:\/\/dari-system.com\/lt\/produkt\/dari-sistema-d3\/","name":"\"DaRi\" sistema D3 - DaRi System","isPartOf":{"@id":"https:\/\/dari-system.com\/lt\/#website"},"primaryImageOfPage":{"@id":"https:\/\/dari-system.com\/lt\/produkt\/dari-sistema-d3\/#primaryimage"},"image":{"@id":"https:\/\/dari-system.com\/lt\/produkt\/dari-sistema-d3\/#primaryimage"},"thumbnailUrl":"https:\/\/dari-system.com\/wp-content\/uploads\/2024\/05\/dari_d3-1.webp","datePublished":"2024-05-22T16:37:31+00:00","dateModified":"2024-08-20T20:42:11+00:00","breadcrumb":{"@id":"https:\/\/dari-system.com\/lt\/produkt\/dari-sistema-d3\/#breadcrumb"},"inLanguage":"lt-LT","potentialAction":[{"@type":"ReadAction","target":["https:\/\/dari-system.com\/lt\/produkt\/dari-sistema-d3\/"]}]},{"@type":"ImageObject","inLanguage":"lt-LT","@id":"https:\/\/dari-system.com\/lt\/produkt\/dari-sistema-d3\/#primaryimage","url":"https:\/\/dari-system.com\/wp-content\/uploads\/2024\/05\/dari_d3-1.webp","contentUrl":"https:\/\/dari-system.com\/wp-content\/uploads\/2024\/05\/dari_d3-1.webp","width":1042,"height":1042,"caption":"DRi sistema D3"},{"@type":"BreadcrumbList","@id":"https:\/\/dari-system.com\/lt\/produkt\/dari-sistema-d3\/#breadcrumb","itemListElement":[{"@type":"ListItem","position":1,"name":"Startseite","item":"https:\/\/dari-system.com\/lt\/"},{"@type":"ListItem","position":2,"name":"Parduotuv\u0117","item":"https:\/\/dari-system.com\/parduotuve\/"},{"@type":"ListItem","position":3,"name":"&#8222;DaRi&#8221; sistema D3"}]},{"@type":"WebSite","@id":"https:\/\/dari-system.com\/lt\/#website","url":"https:\/\/dari-system.com\/lt\/","name":"DaRi System","description":"","potentialAction":[{"@type":"SearchAction","target":{"@type":"EntryPoint","urlTemplate":"https:\/\/dari-system.com\/lt\/?s={search_term_string}"},"query-input":{"@type":"PropertyValueSpecification","valueRequired":true,"valueName":"search_term_string"}}],"inLanguage":"lt-LT"}]}},"_links":{"self":[{"href":"https:\/\/dari-system.com\/lt\/wp-json\/wp\/v2\/product\/25548395","targetHints":{"allow":["GET"]}}],"collection":[{"href":"https:\/\/dari-system.com\/lt\/wp-json\/wp\/v2\/product"}],"about":[{"href":"https:\/\/dari-system.com\/lt\/wp-json\/wp\/v2\/types\/product"}],"wp:featuredmedia":[{"embeddable":true,"href":"https:\/\/dari-system.com\/lt\/wp-json\/wp\/v2\/media\/25548398"}],"wp:attachment":[{"href":"https:\/\/dari-system.com\/lt\/wp-json\/wp\/v2\/media?parent=25548395"}],"wp:term":[{"taxonomy":"product_brand","embeddable":true,"href":"https:\/\/dari-system.com\/lt\/wp-json\/wp\/v2\/product_brand?post=25548395"},{"taxonomy":"product_cat","embeddable":true,"href":"https:\/\/dari-system.com\/lt\/wp-json\/wp\/v2\/product_cat?post=25548395"},{"taxonomy":"product_tag","embeddable":true,"href":"https:\/\/dari-system.com\/lt\/wp-json\/wp\/v2\/product_tag?post=25548395"}],"curies":[{"name":"wp","href":"https:\/\/api.w.org\/{rel}","templated":true}]}}