{"id":25551039,"date":"2026-02-27T11:22:35","date_gmt":"2026-02-27T11:22:35","guid":{"rendered":"https:\/\/dari-system.com\/?page_id=25551039"},"modified":"2026-02-27T11:30:47","modified_gmt":"2026-02-27T11:30:47","slug":"privatumo-politika-2","status":"publish","type":"page","link":"https:\/\/dari-system.com\/lt\/privatumo-politika-2\/","title":{"rendered":"Tik privatumo politika &#8222;Meta Pixel"},"content":{"rendered":"<p>[et_pb_section fb_built=&#8221;1&#8243; fullwidth=&#8221;on&#8221; _builder_version=&#8221;4.25.0&#8243; _module_preset=&#8221;default&#8221; bottom_divider_color=&#8221;#FFFFFF&#8221; bottom_divider_height=&#8221;82px&#8221; bottom_divider_flip=&#8221;horizontal&#8221; locked=&#8221;off&#8221; global_colors_info=&#8221;{}&#8221;][et_pb_fullwidth_header title=&#8221;Privatumo politika&#8221; _builder_version=&#8221;4.25.0&#8243; _module_preset=&#8221;default&#8221; title_font=&#8221;|800|||||||&#8221; title_font_size=&#8221;45px&#8221; background_image=&#8221;https:\/\/dari-system.com\/wp-content\/uploads\/2024\/05\/header_background.webp&#8221; background_position=&#8221;bottom_center&#8221; custom_padding=&#8221;8vh||8vh||true|false&#8221; title_font_size_tablet=&#8221;45px&#8221; title_font_size_phone=&#8221;29px&#8221; title_font_size_last_edited=&#8221;on|phone&#8221; content_font_size_tablet=&#8221;&#8221; content_font_size_phone=&#8221;17px&#8221; content_font_size_last_edited=&#8221;on|phone&#8221; global_colors_info=&#8221;{}&#8221;][\/et_pb_fullwidth_header][\/et_pb_section][et_pb_section fb_built=&#8221;1&#8243; _builder_version=&#8221;4.25.0&#8243; _module_preset=&#8221;default&#8221; global_colors_info=&#8221;{}&#8221;][et_pb_row _builder_version=&#8221;4.25.0&#8243; _module_preset=&#8221;default&#8221; global_colors_info=&#8221;{}&#8221;][et_pb_column type=&#8221;4_4&#8243; _builder_version=&#8221;4.25.0&#8243; _module_preset=&#8221;default&#8221; global_colors_info=&#8221;{}&#8221;][et_pb_text _builder_version=&#8221;4.27.4&#8243; _module_preset=&#8221;default&#8221; global_colors_info=&#8221;{}&#8221;]<\/p>\n<h3>&#8222;Meta Pixel&#8221; (buv\u0119s &#8222;Facebook Pixel&#8221;)<\/h3>\n<p>\u0160ioje svetain\u0117je naudojamas &#8222;Meta&#8221; lankytoj\u0173 veiksm\u0173 pikselis konversijoms matuoti. \u0160i\u0105 paslaug\u0105 teikia &#8222;Meta Platforms Ireland Limited&#8221;, 4 Grand Canal Square, Dublinas 2, Airija. Ta\u010diau, &#8222;Meta&#8221; teigimu, surinkti duomenys taip pat perduodami \u012f JAV ir kitas tre\u010di\u0105sias \u0161alis.  <\/p>\n<p>Taip galima steb\u0117ti svetain\u0117s lankytoj\u0173 elges\u012f po to, kai jie buvo nukreipti \u012f paslaug\u0173 teik\u0117jo svetain\u0119 spustel\u0117jus meta reklam\u0105. Tai leid\u017eia statistikos ir rinkos tyrim\u0173 tikslais \u012fvertinti metareklamos veiksmingum\u0105 ir optimizuoti b\u016bsimas reklamos priemones. <\/p>\n<p>Surinkti duomenys mums, kaip \u0161ios svetain\u0117s operatoriui, yra anoniminiai; negalime daryti joki\u0173 i\u0161vad\u0173 apie naudotojo tapatyb\u0119. Ta\u010diau duomenis saugo ir apdoroja &#8222;Meta&#8221;, kad b\u016bt\u0173 galima prisijungti prie atitinkamo naudotojo profilio &#8222;Facebook&#8221; arba &#8222;Instagram&#8221; ir &#8222;Meta&#8221; gal\u0117t\u0173 naudoti duomenis savo reklamos tikslais pagal &#8222;Meta&#8221; duomen\u0173 naudojimo politik\u0105<a href=\"https:\/\/de-de.facebook.com\/about\/privacy\/\" target=\"_blank\" rel=\"noopener noreferrer\">(https:\/\/de-de.facebook.com\/about\/privacy\/<\/a>). Tai leid\u017eia &#8222;Meta&#8221; talpinti reklamas &#8222;Facebook&#8221; ar &#8222;Instagram&#8221; puslapiuose ir kituose reklamos kanaluose. \u0160iam duomen\u0173 naudojimui mes, kaip svetain\u0117s operatorius, negalime daryti \u012ftakos.   <\/p>\n<p>Naudojimasis \u0161ia paslauga grind\u017eiamas j\u016bs\u0173 sutikimu pagal BDAR 6 straipsnio 1 dalies a punkt\u0105 ir TDDDG 25 straipsnio 1 dal\u012f. Sutikim\u0105 galima bet kada at\u0161aukti.    <\/p>\n<p>Jei asmens duomenys renkami m\u016bs\u0173 svetain\u0117je naudojant \u010dia apra\u0161yt\u0105 \u012frank\u012f ir perduodami &#8222;Meta&#8221;, mes ir &#8222;Meta Platforms Ireland Limited&#8221;, 4 Grand Canal Square, Grand Canal Harbour, Dublinas 2, Airija, esame bendrai atsakingi u\u017e \u0161i\u0173 duomen\u0173 tvarkym\u0105 (BDAR 26 straipsnis). Bendra atsakomyb\u0117 apsiriboja tik duomen\u0173 rinkimu ir j\u0173 perdavimu &#8222;Meta&#8221;. Duomen\u0173 tvarkymas, kur\u012f &#8222;Meta&#8221; atlieka po perdavimo, n\u0117ra bendros atsakomyb\u0117s dalis. Bendrai mums tenkan\u010dios pareigos nustatytos bendro duomen\u0173 tvarkymo sutartyje. Susitarimo tekst\u0105 galite rasti adresu    <span> <\/span><a href=\"https:\/\/www.facebook.com\/legal\/controller_addendum\" target=\"_blank\" rel=\"noopener noreferrer\">https:\/\/www.facebook.com\/legal\/controller_addendum.<\/a> Pagal \u0161\u012f susitarim\u0105 esame atsakingi u\u017e duomen\u0173 apsaugos informacijos pateikim\u0105 naudojantis &#8222;Meta&#8221; priemone ir u\u017e saug\u0173 priemon\u0117s \u012fdiegim\u0105 m\u016bs\u0173 svetain\u0117je pagal duomen\u0173 apsaugos \u012fstatym\u0105. U\u017e &#8222;Meta&#8221; produkt\u0173 duomen\u0173 saugum\u0105 atsako &#8222;Meta&#8221;. Duomen\u0173 subjekto teises (pvz., pra\u0161ymus suteikti informacij\u0105) d\u0117l &#8222;Facebook&#8221; arba &#8222;Instagram&#8221; tvarkom\u0173 duomen\u0173 galite ginti tiesiogiai kreipdamiesi \u012f &#8222;Meta&#8221;. Jei savo duomen\u0173 subjekto teises pareik\u0161ite mums, mes privalome jas perduoti &#8222;Meta&#8221;.    <\/p>\n<p>Duomen\u0173 perdavimas \u012f JAV grind\u017eiamas standartin\u0117mis ES Komisijos sutar\u010di\u0173 s\u0105lygomis. I\u0161sami\u0105 informacij\u0105 rasite \u010dia: <span> <\/span><a href=\"https:\/\/www.facebook.com\/legal\/EU_data_transfer_addendum\" target=\"_blank\" rel=\"noopener noreferrer\">https:\/\/www.facebook.com\/legal\/EU_data_transfer_addendum<\/a><span> <\/span>ir<span> <\/span><a href=\"https:\/\/de-de.facebook.com\/help\/566994660333381\" target=\"_blank\" rel=\"noopener noreferrer\">https:\/\/de-de.facebook.com\/help\/566994660333381.<\/a><\/p>\n<p>Daugiau informacijos apie privatumo apsaug\u0105 rasite &#8222;Meta&#8221; duomen\u0173 apsaugos informacijoje:<span> <\/span><a href=\"https:\/\/de-de.facebook.com\/about\/privacy\/\" target=\"_blank\" rel=\"noopener noreferrer\">https:\/\/de-de.facebook.com\/about\/privacy\/<\/a>.<\/p>\n<p>Taip pat galite naudoti pakartotin\u0117s rinkodaros funkcij\u0105 &#8222;Custom Audiences&#8221;, esan\u010di\u0105 skelbim\u0173 nustatym\u0173 skiltyje<span> <\/span><a href=\"https:\/\/www.facebook.com\/ads\/preferences\/?entry_product=ad_settings_screen\" target=\"_blank\" rel=\"noopener noreferrer\">https:\/\/www.facebook.com\/ads\/preferences\/?entry_product=ad_settings_screen<\/a><span> <\/span>j\u012f i\u0161jungti. Nor\u0117dami tai padaryti, turite b\u016bti prisijung\u0119 prie &#8222;Facebook&#8221;. <\/p>\n<p>Jei neturite &#8222;Facebook&#8221; arba &#8222;Instagram&#8221; paskyros, naudojimu pagr\u012fst\u0105 reklam\u0105 i\u0161 &#8222;Meta&#8221; galite i\u0161jungti Europos interaktyvaus skaitmenin\u0117s reklamos aljanso svetain\u0117je<span> <\/span><a href=\"http:\/\/www.youronlinechoices.com\/de\/praferenzmanagement\/\" target=\"_blank\" rel=\"noopener noreferrer\">http:\/\/www.youronlinechoices.com\/de\/praferenzmanagement\/<\/a>.<\/p>\n<p>\u012emon\u0117 yra sertifikuota pagal ES ir JAV duomen\u0173 privatumo sistem\u0105 (DPF). DPF &#8211; tai Europos S\u0105jungos ir JAV susitarimas, kuriuo siekiama u\u017etikrinti, kad tvarkant duomenis JAV b\u016bt\u0173 laikomasi Europos duomen\u0173 apsaugos standart\u0173. Kiekviena pagal DPF sertifikuota bendrov\u0117 \u012fsipareigoja laikytis \u0161i\u0173 duomen\u0173 apsaugos standart\u0173. Daugiau informacijos apie tai galima gauti i\u0161 paslaug\u0173 teik\u0117jo, pateikusio \u0161i\u0105 nuorod\u0105:   <span> <\/span><a href=\"https:\/\/www.dataprivacyframework.gov\/participant\/4452\" target=\"_blank\" rel=\"noopener noreferrer\">https:\/\/www.dataprivacyframework.gov\/participant\/4452.<\/a><\/p>\n<p>[\/et_pb_text][\/et_pb_column][\/et_pb_row][\/et_pb_section]<\/p>\n","protected":false},"excerpt":{"rendered":"<p>&#8222;Meta Pixel&#8221; (buv\u0119s &#8222;Facebook Pixel&#8221;) \u0160ioje svetain\u0117je naudojamas &#8222;Meta&#8221; lankytoj\u0173 veiksm\u0173 pikselis konversijoms matuoti. \u0160i\u0105 paslaug\u0105 teikia &#8222;Meta Platforms Ireland Limited&#8221;, 4 Grand Canal Square, Dublinas 2, Airija. Ta\u010diau, &#8222;Meta&#8221; teigimu, surinkti duomenys taip pat perduodami \u012f JAV ir kitas tre\u010di\u0105sias \u0161alis. Taip galima steb\u0117ti svetain\u0117s lankytoj\u0173 elges\u012f po to, kai jie buvo nukreipti \u012f [&hellip;]<\/p>\n","protected":false},"author":1,"featured_media":0,"parent":0,"menu_order":0,"comment_status":"closed","ping_status":"closed","template":"","meta":{"_et_pb_use_builder":"on","_et_pb_old_content":"","_et_gb_content_width":"","iawp_total_views":2,"footnotes":""},"dipi_cpt_category":[],"class_list":["post-25551039","page","type-page","status-publish","hentry"],"yoast_head":"<!-- This site is optimized with the Yoast SEO plugin v27.4 - https:\/\/yoast.com\/product\/yoast-seo-wordpress\/ -->\n<title>Tik privatumo politika &quot;Meta Pixel - DaRi System<\/title>\n<meta name=\"robots\" content=\"index, follow, max-snippet:-1, max-image-preview:large, max-video-preview:-1\" \/>\n<link rel=\"canonical\" href=\"https:\/\/dari-system.com\/lt\/privatumo-politika-2\/\" \/>\n<meta property=\"og:locale\" content=\"lt_LT\" \/>\n<meta property=\"og:type\" content=\"article\" \/>\n<meta property=\"og:title\" content=\"Tik privatumo politika &quot;Meta Pixel - DaRi System\" \/>\n<meta property=\"og:description\" content=\"&quot;Meta Pixel&quot; (buv\u0119s &quot;Facebook Pixel&quot;) \u0160ioje svetain\u0117je naudojamas &quot;Meta&quot; lankytoj\u0173 veiksm\u0173 pikselis konversijoms matuoti. \u0160i\u0105 paslaug\u0105 teikia &quot;Meta Platforms Ireland Limited&quot;, 4 Grand Canal Square, Dublinas 2, Airija. Ta\u010diau, &quot;Meta&quot; teigimu, surinkti duomenys taip pat perduodami \u012f JAV ir kitas tre\u010di\u0105sias \u0161alis. Taip galima steb\u0117ti svetain\u0117s lankytoj\u0173 elges\u012f po to, kai jie buvo nukreipti \u012f [&hellip;]\" \/>\n<meta property=\"og:url\" content=\"https:\/\/dari-system.com\/lt\/privatumo-politika-2\/\" \/>\n<meta property=\"og:site_name\" content=\"DaRi System\" \/>\n<meta property=\"article:modified_time\" content=\"2026-02-27T11:30:47+00:00\" \/>\n<meta name=\"twitter:card\" content=\"summary_large_image\" \/>\n<meta name=\"twitter:label1\" content=\"Est. reading time\" \/>\n\t<meta name=\"twitter:data1\" content=\"3 minut\u0117s\" \/>\n<script type=\"application\/ld+json\" class=\"yoast-schema-graph\">{\"@context\":\"https:\\\/\\\/schema.org\",\"@graph\":[{\"@type\":\"WebPage\",\"@id\":\"https:\\\/\\\/dari-system.com\\\/lt\\\/privatumo-politika-2\\\/\",\"url\":\"https:\\\/\\\/dari-system.com\\\/lt\\\/privatumo-politika-2\\\/\",\"name\":\"Tik privatumo politika \\\"Meta Pixel - DaRi System\",\"isPartOf\":{\"@id\":\"https:\\\/\\\/dari-system.com\\\/lt\\\/#website\"},\"datePublished\":\"2026-02-27T11:22:35+00:00\",\"dateModified\":\"2026-02-27T11:30:47+00:00\",\"breadcrumb\":{\"@id\":\"https:\\\/\\\/dari-system.com\\\/lt\\\/privatumo-politika-2\\\/#breadcrumb\"},\"inLanguage\":\"lt-LT\",\"potentialAction\":[{\"@type\":\"ReadAction\",\"target\":[\"https:\\\/\\\/dari-system.com\\\/lt\\\/privatumo-politika-2\\\/\"]}]},{\"@type\":\"BreadcrumbList\",\"@id\":\"https:\\\/\\\/dari-system.com\\\/lt\\\/privatumo-politika-2\\\/#breadcrumb\",\"itemListElement\":[{\"@type\":\"ListItem\",\"position\":1,\"name\":\"Startseite\",\"item\":\"https:\\\/\\\/dari-system.com\\\/lt\\\/\"},{\"@type\":\"ListItem\",\"position\":2,\"name\":\"Tik privatumo politika &#8222;Meta Pixel\"}]},{\"@type\":\"WebSite\",\"@id\":\"https:\\\/\\\/dari-system.com\\\/lt\\\/#website\",\"url\":\"https:\\\/\\\/dari-system.com\\\/lt\\\/\",\"name\":\"DaRi System\",\"description\":\"\",\"potentialAction\":[{\"@type\":\"SearchAction\",\"target\":{\"@type\":\"EntryPoint\",\"urlTemplate\":\"https:\\\/\\\/dari-system.com\\\/lt\\\/?s={search_term_string}\"},\"query-input\":{\"@type\":\"PropertyValueSpecification\",\"valueRequired\":true,\"valueName\":\"search_term_string\"}}],\"inLanguage\":\"lt-LT\"}]}<\/script>\n<!-- \/ Yoast SEO plugin. -->","yoast_head_json":{"title":"Tik privatumo politika \"Meta Pixel - DaRi System","robots":{"index":"index","follow":"follow","max-snippet":"max-snippet:-1","max-image-preview":"max-image-preview:large","max-video-preview":"max-video-preview:-1"},"canonical":"https:\/\/dari-system.com\/lt\/privatumo-politika-2\/","og_locale":"lt_LT","og_type":"article","og_title":"Tik privatumo politika \"Meta Pixel - DaRi System","og_description":"\"Meta Pixel\" (buv\u0119s \"Facebook Pixel\") \u0160ioje svetain\u0117je naudojamas \"Meta\" lankytoj\u0173 veiksm\u0173 pikselis konversijoms matuoti. \u0160i\u0105 paslaug\u0105 teikia \"Meta Platforms Ireland Limited\", 4 Grand Canal Square, Dublinas 2, Airija. Ta\u010diau, \"Meta\" teigimu, surinkti duomenys taip pat perduodami \u012f JAV ir kitas tre\u010di\u0105sias \u0161alis. Taip galima steb\u0117ti svetain\u0117s lankytoj\u0173 elges\u012f po to, kai jie buvo nukreipti \u012f [&hellip;]","og_url":"https:\/\/dari-system.com\/lt\/privatumo-politika-2\/","og_site_name":"DaRi System","article_modified_time":"2026-02-27T11:30:47+00:00","twitter_card":"summary_large_image","twitter_misc":{"Est. reading time":"3 minut\u0117s"},"schema":{"@context":"https:\/\/schema.org","@graph":[{"@type":"WebPage","@id":"https:\/\/dari-system.com\/lt\/privatumo-politika-2\/","url":"https:\/\/dari-system.com\/lt\/privatumo-politika-2\/","name":"Tik privatumo politika \"Meta Pixel - DaRi System","isPartOf":{"@id":"https:\/\/dari-system.com\/lt\/#website"},"datePublished":"2026-02-27T11:22:35+00:00","dateModified":"2026-02-27T11:30:47+00:00","breadcrumb":{"@id":"https:\/\/dari-system.com\/lt\/privatumo-politika-2\/#breadcrumb"},"inLanguage":"lt-LT","potentialAction":[{"@type":"ReadAction","target":["https:\/\/dari-system.com\/lt\/privatumo-politika-2\/"]}]},{"@type":"BreadcrumbList","@id":"https:\/\/dari-system.com\/lt\/privatumo-politika-2\/#breadcrumb","itemListElement":[{"@type":"ListItem","position":1,"name":"Startseite","item":"https:\/\/dari-system.com\/lt\/"},{"@type":"ListItem","position":2,"name":"Tik privatumo politika &#8222;Meta Pixel"}]},{"@type":"WebSite","@id":"https:\/\/dari-system.com\/lt\/#website","url":"https:\/\/dari-system.com\/lt\/","name":"DaRi System","description":"","potentialAction":[{"@type":"SearchAction","target":{"@type":"EntryPoint","urlTemplate":"https:\/\/dari-system.com\/lt\/?s={search_term_string}"},"query-input":{"@type":"PropertyValueSpecification","valueRequired":true,"valueName":"search_term_string"}}],"inLanguage":"lt-LT"}]}},"_links":{"self":[{"href":"https:\/\/dari-system.com\/lt\/wp-json\/wp\/v2\/pages\/25551039","targetHints":{"allow":["GET"]}}],"collection":[{"href":"https:\/\/dari-system.com\/lt\/wp-json\/wp\/v2\/pages"}],"about":[{"href":"https:\/\/dari-system.com\/lt\/wp-json\/wp\/v2\/types\/page"}],"author":[{"embeddable":true,"href":"https:\/\/dari-system.com\/lt\/wp-json\/wp\/v2\/users\/1"}],"replies":[{"embeddable":true,"href":"https:\/\/dari-system.com\/lt\/wp-json\/wp\/v2\/comments?post=25551039"}],"version-history":[{"count":6,"href":"https:\/\/dari-system.com\/lt\/wp-json\/wp\/v2\/pages\/25551039\/revisions"}],"predecessor-version":[{"id":25551113,"href":"https:\/\/dari-system.com\/lt\/wp-json\/wp\/v2\/pages\/25551039\/revisions\/25551113"}],"wp:attachment":[{"href":"https:\/\/dari-system.com\/lt\/wp-json\/wp\/v2\/media?parent=25551039"}],"wp:term":[{"taxonomy":"dipi_cpt_category","embeddable":true,"href":"https:\/\/dari-system.com\/lt\/wp-json\/wp\/v2\/dipi_cpt_category?post=25551039"}],"curies":[{"name":"wp","href":"https:\/\/api.w.org\/{rel}","templated":true}]}}