{"id":25549794,"date":"2024-11-05T07:26:49","date_gmt":"2024-11-05T07:26:49","guid":{"rendered":"https:\/\/dari-system.com\/?page_id=25549794"},"modified":"2024-11-05T07:27:11","modified_gmt":"2024-11-05T07:27:11","slug":"lapu-apsaugos-latakas-3","status":"publish","type":"page","link":"https:\/\/dari-system.com\/lt\/lapu-apsaugos-latakas-3\/","title":{"rendered":"Lap\u0173 apsaugos latakas"},"content":{"rendered":"<p>[et_pb_section fb_built=&#8221;1&#8243; fullwidth=&#8221;on&#8221; _builder_version=&#8221;4.25.0&#8243; _module_preset=&#8221;default&#8221; bottom_divider_color=&#8221;#FFFFFF&#8221; bottom_divider_height=&#8221;82px&#8221; bottom_divider_flip=&#8221;horizontal&#8221; locked=&#8221;off&#8221; global_colors_info=&#8221;{}&#8221;][et_pb_fullwidth_header title=&#8221;Lap\u0173 apsaugos latakas&#8221; subhead=&#8221;Ko reikia kiekvienam nam\u0173 savininkui&#8221; _builder_version=&#8221;4.25.0&#8243; _module_preset=&#8221;default&#8221; title_font=&#8221;|800|||||||&#8221; title_font_size=&#8221;45px&#8221; background_image=&#8221;https:\/\/dari-system.com\/wp-content\/uploads\/2024\/05\/header_background.webp&#8221; background_position=&#8221;bottom_center&#8221; custom_padding=&#8221;8vh||8vh||true|false&#8221; title_font_size_tablet=&#8221;45px&#8221; title_font_size_phone=&#8221;29px&#8221; title_font_size_last_edited=&#8221;on|phone&#8221; content_font_size_tablet=&#8221;&#8221; content_font_size_phone=&#8221;17px&#8221; content_font_size_last_edited=&#8221;on|phone&#8221; global_colors_info=&#8221;{}&#8221;][\/et_pb_fullwidth_header][\/et_pb_section][et_pb_section fb_built=&#8221;1&#8243; _builder_version=&#8221;4.25.0&#8243; _module_preset=&#8221;default&#8221; custom_margin=&#8221;||0px||false|false&#8221; custom_padding=&#8221;||0px||false|false&#8221; global_colors_info=&#8221;{}&#8221;][et_pb_row column_structure=&#8221;1_2,1_2&#8243; _builder_version=&#8221;4.25.0&#8243; _module_preset=&#8221;default&#8221; global_colors_info=&#8221;{}&#8221;][et_pb_column type=&#8221;1_2&#8243; _builder_version=&#8221;4.25.0&#8243; _module_preset=&#8221;default&#8221; global_colors_info=&#8221;{}&#8221;][et_pb_text _builder_version=&#8221;4.25.0&#8243; _module_preset=&#8221;default&#8221; header_2_font=&#8221;|700|||||||&#8221; global_colors_info=&#8221;{}&#8221;]<\/p>\n<h2><strong>Puiki lap\u0173 gaudykl\u0117 latakui<\/strong><\/h2>\n<p>Kiekvienas nam\u0173 savininkas \u017eino, kad d\u0117l lap\u0173, spygli\u0173, saman\u0173, smulki\u0173 \u0161ak\u0173, negyv\u0173 pauk\u0161\u010di\u0173 ar fejerverk\u0173 gali u\u017esikim\u0161ti latakas.<br \/>\nDaugeliu at\u017evilgi\u0173 pusapvalis ar d\u0117\u017einis <strong>latakas<\/strong> yra prakti\u0161kai nepakei\u010diamas.<br \/>\nTikriausiai yra nedaug darb\u0173 namuose ir sode, kuriuos \u017emon\u0117s taip m\u0117gsta atid\u0117lioti, kaip latak\u0173 valym\u0105.<br \/>\nKeliskart per metus ne tik nuobodu kelti kop\u0117\u010dias ir lipti ant stogo, bet ir pavojinga stov\u0117ti ant ilg\u0173, svyruojan\u010di\u0173 kop\u0117\u010di\u0173 ir valyti latak\u0105.<br \/>\nPuikus sprendimas &#8211; lap\u0173 apsauga latakui arba d\u0117\u017einiam latakui.<br \/>\nLap\u0173 gaudykl\u0117 latakui taupo brang\u0173 laik\u0105.<br \/>\nJei lapai u\u017ekem\u0161a latak\u0105, lietaus vanduo kaupiasi ir gali tek\u0117ti per latak\u0105 bei dr\u0117kinti namo sienas.<br \/>\nTaip gali nutikti ir su d\u0117\u017einiu lataku.<br \/>\n\u0160tai kod\u0117l lap\u0173 apsauga yra PRIVALOMA kiekvienam nam\u0173 savininkui.        <\/p>\n<p>[\/et_pb_text][\/et_pb_column][et_pb_column type=&#8221;1_2&#8243; _builder_version=&#8221;4.25.0&#8243; _module_preset=&#8221;default&#8221; global_colors_info=&#8221;{}&#8221;][et_pb_image src=&#8221;https:\/\/dari-system.com\/wp-content\/uploads\/2024\/06\/laubfang-dachrinne.webp&#8221; alt=&#8221;Lap\u0173 apsaugos latakas&#8221; title_text=&#8221;lap\u0173 apsaugos latakas&#8221; _builder_version=&#8221;4.25.0&#8243; _module_preset=&#8221;default&#8221; custom_margin=&#8221;||5px||false|false&#8221; global_colors_info=&#8221;{}&#8221;][\/et_pb_image][et_pb_text _builder_version=&#8221;4.25.0&#8243; _module_preset=&#8221;default&#8221; custom_margin=&#8221;0px||||false|false&#8221; global_colors_info=&#8221;{}&#8221;]<\/p>\n<p style=\"text-align: center;\"><em>&#8222;DaRi-System&#8221; apsauginis latakas nuo lap\u0173<\/em><\/p>\n<p>[\/et_pb_text][\/et_pb_column][\/et_pb_row][\/et_pb_section][et_pb_section fb_built=&#8221;1&#8243; _builder_version=&#8221;4.25.0&#8243; _module_preset=&#8221;default&#8221; custom_margin=&#8221;0px||||false|false&#8221; custom_padding=&#8221;0px||||false|false&#8221; global_colors_info=&#8221;{}&#8221;][et_pb_row _builder_version=&#8221;4.25.0&#8243; _module_preset=&#8221;default&#8221; global_colors_info=&#8221;{}&#8221;][et_pb_column type=&#8221;4_4&#8243; _builder_version=&#8221;4.25.0&#8243; _module_preset=&#8221;default&#8221; global_colors_info=&#8221;{}&#8221;][et_pb_text _builder_version=&#8221;4.25.0&#8243; _module_preset=&#8221;default&#8221; header_2_font=&#8221;|800|||||||&#8221; global_colors_info=&#8221;{}&#8221;]<\/p>\n<h2><strong>Si\u016blome puiki\u0105 lap\u0173 apsaug\u0105 latakai ir d\u0117\u017einiai latakai<\/strong><\/h2>\n<p>Jei ie\u0161kote tobulos lap\u0173 apsaugos latakui, pataik\u0117te \u012f tinkam\u0105 viet\u0105.<br \/>\nTurime tinkam\u0105 sprendim\u0105 kiekvienam latakui.<br \/>\nNepriklausomai nuo to, ar ie\u0161kote lap\u0173 apsaugos pusapvaliam, ar d\u0117\u017einiam latakui.<br \/>\nM\u016bs\u0173 specialiai sukurta lap\u0173 apsaugos nuo lap\u0173 sistema d\u0117\u017einiams latakams gali b\u016bti pritaikyta \u012fvairaus plo\u010dio latakams, tod\u0117l yra unikali.<br \/>\nTod\u0117l lap\u0173 apsauga skardiniams latakams idealiai tinka skardiniams latakams stogin\u0117se, balkonuose ir \u017eiemos soduose.<br \/>\n\u010cia paprastai montuojami nestandartiniai latakai.<br \/>\nTa\u010diau m\u016bs\u0173 lap\u0173 apsaugos sistemai tai n\u0117ra problema.      <\/p>\n<h2><strong>Auk\u0161\u010diausia kokyb\u0117 ir geriausias aptarnavimas<\/strong><\/h2>\n<p>Jau daugiau nei 20 met\u0173 dirbame ties tuo, kaip apsaugoti latakus nuo u\u017esikim\u0161imo d\u0117l lap\u0173, ir suk\u016br\u0117me auk\u0161tos kokyb\u0117s produktus, kurie gaminami Vokietijoje.<br \/>\nLaukiame kiekvienos u\u017eklausos.<br \/>\nAtsi\u0173skite mums savo latako nuotrauk\u0105 ir mes nemokamai patarsime, kokia lap\u0173 gaudymo sistema geriausiai tinka j\u016bs\u0173 latakui ar d\u0117\u017einiam latakui.<br \/>\nVisa tai yra m\u016bs\u0173 visapusi\u0161k\u0173 paslaug\u0173, susijusi\u0173 su latak\u0173 lap\u0173 gaudykl\u0117mis, dalis.<br \/>\nKlientams visoje Europoje &#8222;DaRi&#8221; sistem\u0105 tiekiame per trumpiausi\u0105 \u012fmanom\u0105 laik\u0105.<br \/>\nDaRi sistema atitinka auk\u0161\u010diausius kokyb\u0117s standartus ir u\u017etikrina ilg\u0105 tarnavimo laik\u0105.<br \/>\nBe to, garantuojame, kad su &#8222;DaRi&#8221; sistemos lap\u0173 gaudytuvu latakas nebebus u\u017ekim\u0161tas lapais.      <\/p>\n<h2><strong>Latak\u0173 apsaug\u0173 nuo lap\u0173 privalumai:<\/strong><\/h2>\n<ul>\n<li><strong>U\u017ekirskite keli\u0105 u\u017esikim\u0161imams:<\/strong> Lap\u0173 gaudykl\u0117s sulaiko lapus, \u0161akas ir kitas \u0161iuk\u0161les, kad jos nepatekt\u0173 \u012f latakus, tod\u0117l jie neu\u017esikem\u0161a.<\/li>\n<li><strong>Ilgesnis tarnavimo laikas:<\/strong> suma\u017einus u\u017esikim\u0161imus, suma\u017e\u0117ja latak\u0173 pa\u017eeidim\u0173, pavyzd\u017eiui, r\u016bd\u017ei\u0173 ir korozijos, tod\u0117l pailg\u0117ja j\u0173 tarnavimo laikas.<\/li>\n<li><strong>Geresnis vandens nutek\u0117jimas:<\/strong> lap\u0173 gaudykl\u0117s u\u017etikrina geresn\u012f vandens nutek\u0117jim\u0105, nes vanduo gali laisvai tek\u0117ti lataku nesusidurdamas su kli\u016btimis.<\/li>\n<li><strong>Ma\u017eiau prie\u017ei\u016bros darb\u0173:<\/strong> naudojant &#8222;DaRi&#8221; sistem\u0105, latakus reikia valyti re\u010diau, tod\u0117l suma\u017e\u0117ja prie\u017ei\u016bros darb\u0173 ir sutaupoma laiko.<\/li>\n<li><strong>Apsauga nuo \u017ealos pastatui:<\/strong> d\u0117l u\u017esikim\u0161usi\u0173 latak\u0173 vanduo gali pakenkti pastato fasadui, pamatams ir stogui.<br \/>\nLap\u0173 gaudykl\u0117s apsaugo nuo tokios \u017ealos. <\/li>\n<li><strong>Geresn\u0117 estetika:<\/strong> \u0161var\u016bs latakai be matom\u0173 nuos\u0117d\u0173 prisideda prie pastato estetinio patrauklumo<strong>.<\/strong> <\/li>\n<li><strong>Ekologi\u0161kumas:<\/strong> &#8222;DaRi&#8221; sistema padeda i\u0161vengti u\u017esikim\u0161imo ir d\u0117l to atsirandan\u010di\u0173 pa\u017eeidim\u0173, tod\u0117l ma\u017eiau reikia remontuoti ir keisti vamzdynus, o tai padeda taupyti i\u0161teklius ir energij\u0105.<br \/>\n&#8222;DaRi&#8221; sistema yra visi\u0161kai perdirbama. <\/li>\n<\/ul>\n<p>Tai taip pat gali jus sudominti:<\/p>\n<ul>\n<li><a href=\"https:\/\/dari-system.com\/lt\/lapu-apsaugos-latakas-2\/\" title=\"Lap\u0173 apsaugos latakas\"><a href=\"https:\/\/dari-system.com\/lt\/lapu-apsaugos-latakas-2\/\">Lap\u0173 apsauga latakui<\/a><\/a><\/li>\n<li><a href=\"https:\/\/dari-system.com\/lt\/lietaus-latakai-lapu-apsauga\/\" title=\"Lietaus latakai Lap\u0173 apsauga\"><a href=\"https:\/\/dari-system.com\/lt\/lietaus-latakai-lapu-apsauga\/\">Lietaus latakai Lap\u0173 apsauga<\/a><\/a><\/li>\n<li><a href=\"https:\/\/dari-system.com\/lt\/lapu-apsaugos-latakas\/\" title=\"Lap\u0173 apsaugos latakas\"><a href=\"https:\/\/dari-system.com\/lt\/lapu-apsaugos-latakas\/\">Apsauga nuo lap\u0173<\/a><\/a><\/li>\n<li><a href=\"https:\/\/dari-system.com\/lt\/lataku-dangtis\/\" title=\"Latak\u0173 dangtis\"> <a href=\"https:\/\/dari-system.com\/lt\/lataku-dangtis\/\"> Latak\u0173 dangtis<\/a><\/a><\/li>\n<\/ul>\n<p>[\/et_pb_text][\/et_pb_column][\/et_pb_row][\/et_pb_section][et_pb_section fb_built=&#8221;1&#8243; theme_builder_area=&#8221;post_content&#8221; _builder_version=&#8221;4.27.0&#8243; _module_preset=&#8221;default&#8221;][et_pb_row _builder_version=&#8221;4.27.0&#8243; _module_preset=&#8221;default&#8221; theme_builder_area=&#8221;post_content&#8221;][et_pb_column _builder_version=&#8221;4.27.0&#8243; _module_preset=&#8221;default&#8221; type=&#8221;4_4&#8243; theme_builder_area=&#8221;post_content&#8221;][et_pb_text _builder_version=&#8221;4.27.0&#8243; _module_preset=&#8221;default&#8221; theme_builder_area=&#8221;post_content&#8221; hover_enabled=&#8221;0&#8243; sticky_enabled=&#8221;0&#8243;]<\/p>\n<h2><span>Laubfang f\u00fcr die Dachrinne gesucht? Entdecke jetzt die Vorteile von DaRi System!<\/span><\/h2>\n<p><span>Du bist es leid, nach einem langen Arbeitstag noch aufs Dach zu steigen, um die Dachrinne von Unrat zu befreien, um einen sicheren Wasserablauf zu gew\u00e4hrleisten? Dann geht es dir \u00e4hnlich wie den Entwicklern von DaRi System. Unser Ziel war es von Anfang an, einen zuverl\u00e4ssigen und hochwertigen <strong>Laubfang f\u00fcr die Dachrinne<\/strong> zu entwickeln, der UV-best\u00e4ndig und noch dazu k\u00e4ltestabil ist. Neben der hohen Qualit\u00e4t standen f\u00fcr uns Funktionalit\u00e4t und eine kinderleichte Montage bei der Entwicklung an oberster Stelle. Entstanden ist so ein Laubfang f\u00fcr die Dachrinne, der universell einsetzbar ist und bei verschiedenen Rinnentypen verwendet werden kann. Noch dazu ist unser Laubfang f\u00fcr die Dachrinne aus recyclingf\u00e4higem Material hergestellt und absolut nachhaltig. <\/span><\/p>\n<h2><span>Einfach nachr\u00fcstbar und besonders zuverl\u00e4ssig<\/span><\/h2>\n<p>Egal ob du f\u00fcr deine Dachrinne schon mal ein anderes Laubschutzsystem ausprobiert hast oder ob deine Dachrinne bisher noch nicht gesch\u00fctzt war: Mit dem DaRi-System trifft du mit Sicherheit die richtige Wahl.<span> Du kannst unseren Dachrinnenschutz jederzeit problemlos nachr\u00fcsten. Die optimierte Bauweise sorgt daf\u00fcr, dass die Montage kinderleicht und schnell von der Hand geht. Wir haben unseren <strong>Laubfang f\u00fcr die Dachrinne<\/strong> mit einer optimierten Lochung ausgestattet, sodass auch Nadeln nicht mehr ins Innere der Rinne gelangen k\u00f6nnen. <\/span><span>\u00a0<\/span><\/p>\n<h2><span>Mehr als ein Laubfang f\u00fcr die Dachrinne<\/span><\/h2>\n<p>Mit einem <strong>Laubfang f\u00fcr die Dachrinne<\/strong> von DaRi System w\u00e4hlst du einen zuverl\u00e4ssigen Schutz mit geringem Wartungsaufwand. Er sch\u00fctzt aber nicht nur vor Laub, sondern verhindert ebenso, dass sich V\u00f6gel in der Dachrinne niederlassen oder Nagetiere diese als Einstiegsweg ins Haus nutzen k\u00f6nnen. Da die Dachrinnen frei bleiben, kannst du dich auf eine verbesserte Wasserf\u00fchrung verlassen.<\/p>\n<p>[\/et_pb_text][\/et_pb_column][\/et_pb_row][\/et_pb_section]<\/p>\n","protected":false},"excerpt":{"rendered":"<p>Puiki lap\u0173 gaudykl\u0117 latakui Kiekvienas nam\u0173 savininkas \u017eino, kad d\u0117l lap\u0173, spygli\u0173, saman\u0173, smulki\u0173 \u0161ak\u0173, negyv\u0173 pauk\u0161\u010di\u0173 ar fejerverk\u0173 gali u\u017esikim\u0161ti latakas. Daugeliu at\u017evilgi\u0173 pusapvalis ar d\u0117\u017einis latakas yra prakti\u0161kai nepakei\u010diamas. Tikriausiai yra nedaug darb\u0173 namuose ir sode, kuriuos \u017emon\u0117s taip m\u0117gsta atid\u0117lioti, kaip latak\u0173 valym\u0105. Keliskart per metus ne tik nuobodu kelti kop\u0117\u010dias ir [&hellip;]<\/p>\n","protected":false},"author":2,"featured_media":0,"parent":0,"menu_order":0,"comment_status":"closed","ping_status":"closed","template":"","meta":{"_et_pb_use_builder":"on","_et_pb_old_content":"","_et_gb_content_width":"","iawp_total_views":36,"footnotes":""},"dipi_cpt_category":[],"class_list":["post-25549794","page","type-page","status-publish","hentry"],"yoast_head":"<!-- This site is optimized with the Yoast SEO plugin v27.2 - https:\/\/yoast.com\/product\/yoast-seo-wordpress\/ -->\n<title>Efektyvi latak\u0173 apsauga nuo lap\u0173 - &quot;DaRi&quot; sistema<\/title>\n<meta name=\"description\" content=\"Atraskite tobul\u0105 lap\u0173 gaudykl\u0119 savo latakui. Daugiau joki\u0173 u\u017esikim\u0161im\u0173 ir varginan\u010dio valymo su &quot;DaRi&quot; sistema. Su\u017einokite daugiau dabar!\" \/>\n<meta name=\"robots\" content=\"index, follow, max-snippet:-1, max-image-preview:large, max-video-preview:-1\" \/>\n<link rel=\"canonical\" href=\"https:\/\/dari-system.com\/lt\/lapu-apsaugos-latakas-3\/\" \/>\n<meta property=\"og:locale\" content=\"lt_LT\" \/>\n<meta property=\"og:type\" content=\"article\" \/>\n<meta property=\"og:title\" content=\"Efektyvi latak\u0173 apsauga nuo lap\u0173 - &quot;DaRi&quot; sistema\" \/>\n<meta property=\"og:description\" content=\"Atraskite tobul\u0105 lap\u0173 gaudykl\u0119 savo latakui. Daugiau joki\u0173 u\u017esikim\u0161im\u0173 ir varginan\u010dio valymo su &quot;DaRi&quot; sistema. Su\u017einokite daugiau dabar!\" \/>\n<meta property=\"og:url\" content=\"https:\/\/dari-system.com\/lt\/lapu-apsaugos-latakas-3\/\" \/>\n<meta property=\"og:site_name\" content=\"DaRi System\" \/>\n<meta property=\"article:modified_time\" content=\"2024-11-05T07:27:11+00:00\" \/>\n<meta name=\"twitter:card\" content=\"summary_large_image\" \/>\n<meta name=\"twitter:label1\" content=\"Est. reading time\" \/>\n\t<meta name=\"twitter:data1\" content=\"6 minut\u0117s\" \/>\n<script type=\"application\/ld+json\" class=\"yoast-schema-graph\">{\"@context\":\"https:\/\/schema.org\",\"@graph\":[{\"@type\":\"WebPage\",\"@id\":\"https:\/\/dari-system.com\/lt\/lapu-apsaugos-latakas-3\/\",\"url\":\"https:\/\/dari-system.com\/lt\/lapu-apsaugos-latakas-3\/\",\"name\":\"Efektyvi latak\u0173 apsauga nuo lap\u0173 - \\\"DaRi\\\" sistema\",\"isPartOf\":{\"@id\":\"https:\/\/dari-system.com\/lt\/#website\"},\"datePublished\":\"2024-11-05T07:26:49+00:00\",\"dateModified\":\"2024-11-05T07:27:11+00:00\",\"description\":\"Atraskite tobul\u0105 lap\u0173 gaudykl\u0119 savo latakui. Daugiau joki\u0173 u\u017esikim\u0161im\u0173 ir varginan\u010dio valymo su \\\"DaRi\\\" sistema. Su\u017einokite daugiau dabar!\",\"breadcrumb\":{\"@id\":\"https:\/\/dari-system.com\/lt\/lapu-apsaugos-latakas-3\/#breadcrumb\"},\"inLanguage\":\"lt-LT\",\"potentialAction\":[{\"@type\":\"ReadAction\",\"target\":[\"https:\/\/dari-system.com\/lt\/lapu-apsaugos-latakas-3\/\"]}]},{\"@type\":\"BreadcrumbList\",\"@id\":\"https:\/\/dari-system.com\/lt\/lapu-apsaugos-latakas-3\/#breadcrumb\",\"itemListElement\":[{\"@type\":\"ListItem\",\"position\":1,\"name\":\"Startseite\",\"item\":\"https:\/\/dari-system.com\/lt\/\"},{\"@type\":\"ListItem\",\"position\":2,\"name\":\"Lap\u0173 apsaugos latakas\"}]},{\"@type\":\"WebSite\",\"@id\":\"https:\/\/dari-system.com\/lt\/#website\",\"url\":\"https:\/\/dari-system.com\/lt\/\",\"name\":\"DaRi System\",\"description\":\"\",\"potentialAction\":[{\"@type\":\"SearchAction\",\"target\":{\"@type\":\"EntryPoint\",\"urlTemplate\":\"https:\/\/dari-system.com\/lt\/?s={search_term_string}\"},\"query-input\":{\"@type\":\"PropertyValueSpecification\",\"valueRequired\":true,\"valueName\":\"search_term_string\"}}],\"inLanguage\":\"lt-LT\"}]}<\/script>\n<!-- \/ Yoast SEO plugin. -->","yoast_head_json":{"title":"Efektyvi latak\u0173 apsauga nuo lap\u0173 - \"DaRi\" sistema","description":"Atraskite tobul\u0105 lap\u0173 gaudykl\u0119 savo latakui. Daugiau joki\u0173 u\u017esikim\u0161im\u0173 ir varginan\u010dio valymo su \"DaRi\" sistema. Su\u017einokite daugiau dabar!","robots":{"index":"index","follow":"follow","max-snippet":"max-snippet:-1","max-image-preview":"max-image-preview:large","max-video-preview":"max-video-preview:-1"},"canonical":"https:\/\/dari-system.com\/lt\/lapu-apsaugos-latakas-3\/","og_locale":"lt_LT","og_type":"article","og_title":"Efektyvi latak\u0173 apsauga nuo lap\u0173 - \"DaRi\" sistema","og_description":"Atraskite tobul\u0105 lap\u0173 gaudykl\u0119 savo latakui. Daugiau joki\u0173 u\u017esikim\u0161im\u0173 ir varginan\u010dio valymo su \"DaRi\" sistema. Su\u017einokite daugiau dabar!","og_url":"https:\/\/dari-system.com\/lt\/lapu-apsaugos-latakas-3\/","og_site_name":"DaRi System","article_modified_time":"2024-11-05T07:27:11+00:00","twitter_card":"summary_large_image","twitter_misc":{"Est. reading time":"6 minut\u0117s"},"schema":{"@context":"https:\/\/schema.org","@graph":[{"@type":"WebPage","@id":"https:\/\/dari-system.com\/lt\/lapu-apsaugos-latakas-3\/","url":"https:\/\/dari-system.com\/lt\/lapu-apsaugos-latakas-3\/","name":"Efektyvi latak\u0173 apsauga nuo lap\u0173 - \"DaRi\" sistema","isPartOf":{"@id":"https:\/\/dari-system.com\/lt\/#website"},"datePublished":"2024-11-05T07:26:49+00:00","dateModified":"2024-11-05T07:27:11+00:00","description":"Atraskite tobul\u0105 lap\u0173 gaudykl\u0119 savo latakui. Daugiau joki\u0173 u\u017esikim\u0161im\u0173 ir varginan\u010dio valymo su \"DaRi\" sistema. Su\u017einokite daugiau dabar!","breadcrumb":{"@id":"https:\/\/dari-system.com\/lt\/lapu-apsaugos-latakas-3\/#breadcrumb"},"inLanguage":"lt-LT","potentialAction":[{"@type":"ReadAction","target":["https:\/\/dari-system.com\/lt\/lapu-apsaugos-latakas-3\/"]}]},{"@type":"BreadcrumbList","@id":"https:\/\/dari-system.com\/lt\/lapu-apsaugos-latakas-3\/#breadcrumb","itemListElement":[{"@type":"ListItem","position":1,"name":"Startseite","item":"https:\/\/dari-system.com\/lt\/"},{"@type":"ListItem","position":2,"name":"Lap\u0173 apsaugos latakas"}]},{"@type":"WebSite","@id":"https:\/\/dari-system.com\/lt\/#website","url":"https:\/\/dari-system.com\/lt\/","name":"DaRi System","description":"","potentialAction":[{"@type":"SearchAction","target":{"@type":"EntryPoint","urlTemplate":"https:\/\/dari-system.com\/lt\/?s={search_term_string}"},"query-input":{"@type":"PropertyValueSpecification","valueRequired":true,"valueName":"search_term_string"}}],"inLanguage":"lt-LT"}]}},"_links":{"self":[{"href":"https:\/\/dari-system.com\/lt\/wp-json\/wp\/v2\/pages\/25549794","targetHints":{"allow":["GET"]}}],"collection":[{"href":"https:\/\/dari-system.com\/lt\/wp-json\/wp\/v2\/pages"}],"about":[{"href":"https:\/\/dari-system.com\/lt\/wp-json\/wp\/v2\/types\/page"}],"author":[{"embeddable":true,"href":"https:\/\/dari-system.com\/lt\/wp-json\/wp\/v2\/users\/2"}],"replies":[{"embeddable":true,"href":"https:\/\/dari-system.com\/lt\/wp-json\/wp\/v2\/comments?post=25549794"}],"version-history":[{"count":2,"href":"https:\/\/dari-system.com\/lt\/wp-json\/wp\/v2\/pages\/25549794\/revisions"}],"predecessor-version":[{"id":25549819,"href":"https:\/\/dari-system.com\/lt\/wp-json\/wp\/v2\/pages\/25549794\/revisions\/25549819"}],"wp:attachment":[{"href":"https:\/\/dari-system.com\/lt\/wp-json\/wp\/v2\/media?parent=25549794"}],"wp:term":[{"taxonomy":"dipi_cpt_category","embeddable":true,"href":"https:\/\/dari-system.com\/lt\/wp-json\/wp\/v2\/dipi_cpt_category?post=25549794"}],"curies":[{"name":"wp","href":"https:\/\/api.w.org\/{rel}","templated":true}]}}