{"id":25548456,"date":"2024-06-19T09:23:15","date_gmt":"2024-06-19T09:23:15","guid":{"rendered":"https:\/\/dari-system.com\/lapu-apsaugos-latakas\/"},"modified":"2024-08-20T10:35:23","modified_gmt":"2024-08-20T10:35:23","slug":"lapu-apsaugos-latakas","status":"publish","type":"page","link":"https:\/\/dari-system.com\/lt\/lapu-apsaugos-latakas\/","title":{"rendered":"Lap\u0173 apsaugos latakas"},"content":{"rendered":"<p>[et_pb_section fb_built=&#8221;1&#8243; fullwidth=&#8221;on&#8221; _builder_version=&#8221;4.25.0&#8243; _module_preset=&#8221;default&#8221; bottom_divider_color=&#8221;#FFFFFF&#8221; bottom_divider_height=&#8221;82px&#8221; bottom_divider_flip=&#8221;horizontal&#8221; locked=&#8221;off&#8221; global_colors_info=&#8221;{}&#8221;][et_pb_fullwidth_header title=&#8221;Lap\u0173 apsaugos latakas&#8221; subhead=&#8221;Kad gal\u0117tum\u0117te ramiai miegoti&#8221; _builder_version=&#8221;4.25.0&#8243; _module_preset=&#8221;default&#8221; title_font=&#8221;|800|||||||&#8221; title_font_size=&#8221;45px&#8221; background_image=&#8221;https:\/\/dari-system.com\/wp-content\/uploads\/2024\/05\/header_background.webp&#8221; background_position=&#8221;bottom_center&#8221; custom_padding=&#8221;8vh||8vh||true|false&#8221; title_font_size_tablet=&#8221;45px&#8221; title_font_size_phone=&#8221;29px&#8221; title_font_size_last_edited=&#8221;on|phone&#8221; content_font_size_tablet=&#8221;&#8221; content_font_size_phone=&#8221;17px&#8221; content_font_size_last_edited=&#8221;on|phone&#8221; global_colors_info=&#8221;{}&#8221;][\/et_pb_fullwidth_header][\/et_pb_section][et_pb_section fb_built=&#8221;1&#8243; _builder_version=&#8221;4.25.0&#8243; _module_preset=&#8221;default&#8221; custom_margin=&#8221;||0px||false|false&#8221; custom_padding=&#8221;||0px||false|false&#8221; global_colors_info=&#8221;{}&#8221;][et_pb_row column_structure=&#8221;1_2,1_2&#8243; _builder_version=&#8221;4.25.0&#8243; _module_preset=&#8221;default&#8221; global_colors_info=&#8221;{}&#8221;][et_pb_column type=&#8221;1_2&#8243; _builder_version=&#8221;4.25.0&#8243; _module_preset=&#8221;default&#8221; global_colors_info=&#8221;{}&#8221;][et_pb_text _builder_version=&#8221;4.25.0&#8243; _module_preset=&#8221;default&#8221; header_2_font=&#8221;|700|||||||&#8221; global_colors_info=&#8221;{}&#8221;]<\/p>\n<h2><strong>Ideali lap\u0173 apsauga j\u016bs\u0173 latakui<\/strong><\/h2>\n<p>Ar jums taip pat \u017einoma problema, kai ruden\u012f tenka praleisti bemieges naktis, nes nerimaujate, kad j\u016bs\u0173 latakas ar lietvamzdis gali u\u017esikim\u0161ti lapais ir per liet\u0173 perpilti?<br \/>\nTikriausiai tai pa\u017e\u012fstama kiekvienam nam\u0173 savininkui.<br \/>\n\u0160tai kod\u0117l norite, kad j\u016bs\u0173 latakui ar d\u0117\u017einiam latakui b\u016bt\u0173 sumontuota lap\u0173 apsauga, kad v\u0117l gal\u0117tum\u0117te ramiai miegoti.<br \/>\nTaip yra tod\u0117l, kad lap\u0173 apsauga latakui gali veiksmingai u\u017ekirsti keli\u0105 lapams, samanoms, smulkioms \u0161akoms ar spygliukams patekti \u012f latak\u0105 ar d\u0117\u017ein\u012f latak\u0105.<br \/>\n <strong>Lap\u0173 apsauga latakui<\/strong> yra ypa\u010d efektyvus sprendimas, padedantis sutaupyti daug darbo.    <\/p>\n<p>[\/et_pb_text][\/et_pb_column][et_pb_column type=&#8221;1_2&#8243; _builder_version=&#8221;4.25.0&#8243; _module_preset=&#8221;default&#8221; global_colors_info=&#8221;{}&#8221;][et_pb_image src=&#8221;https:\/\/dari-system.com\/wp-content\/uploads\/2024\/06\/laubschutz-dachrinne.webp&#8221; alt=&#8221;Lap\u0173 apsaugos latakas&#8221; title_text=&#8221;lap\u0173 apsaugos latakas&#8221; _builder_version=&#8221;4.25.0&#8243; _module_preset=&#8221;default&#8221; custom_margin=&#8221;||5px||false|false&#8221; global_colors_info=&#8221;{}&#8221;][\/et_pb_image][et_pb_text _builder_version=&#8221;4.25.0&#8243; _module_preset=&#8221;default&#8221; custom_margin=&#8221;0px||||false|false&#8221; global_colors_info=&#8221;{}&#8221;]<\/p>\n<p style=\"text-align: center;\"><em>&#8222;DaRi-System&#8221; lap\u0173 apsaugos latakas<\/em><\/p>\n<p>[\/et_pb_text][\/et_pb_column][\/et_pb_row][\/et_pb_section][et_pb_section fb_built=&#8221;1&#8243; _builder_version=&#8221;4.25.0&#8243; _module_preset=&#8221;default&#8221; custom_margin=&#8221;0px||||false|false&#8221; custom_padding=&#8221;0px||||false|false&#8221; global_colors_info=&#8221;{}&#8221;][et_pb_row _builder_version=&#8221;4.25.0&#8243; _module_preset=&#8221;default&#8221; global_colors_info=&#8221;{}&#8221;][et_pb_column type=&#8221;4_4&#8243; _builder_version=&#8221;4.25.0&#8243; _module_preset=&#8221;default&#8221; global_colors_info=&#8221;{}&#8221;][et_pb_text _builder_version=&#8221;4.25.0&#8243; _module_preset=&#8221;default&#8221; header_2_font=&#8221;|700|||||||&#8221; hover_enabled=&#8221;0&#8243; global_colors_info=&#8221;{}&#8221; sticky_enabled=&#8221;0&#8243;]<\/p>\n<h2>Apsauga nuo lap\u0173 &#8211; ne prabanga, bet b\u016btina kiekvienam latakui<\/h2>\n<p>J\u016bs\u0173 latak\u0173 apsauga nuo lap\u0173 n\u0117ra prabanga.<br \/>\n\u012evertin\u0119 pastangas, kurias turite \u012fd\u0117ti kelis kartus per metus valydami latak\u0105, galite palengvinti savo gyvenim\u0105 \u012fsireng\u0119 lap\u0173 apsaug\u0105 latakui arba d\u0117\u017einiam latakui.<br \/>\nTaip yra tod\u0117l, kad valyti latak\u0105 yra ne tik varginantis, bet ir pavojingas darbas.<br \/>\nKuo vyresni, tuo didesn\u0117 nelaiming\u0173 atsitikim\u0173 rizika.<br \/>\nJuk latakas yra keli\u0173 metr\u0173 auk\u0161tyje vir\u0161 \u017eem\u0117s.<br \/>\nNaudodami latakui skirt\u0105 apsaug\u0105 nuo lap\u0173 ne tik i\u0161vengsite nemalonaus darbo, bet ir suma\u017einsite nelaiming\u0173 atsitikim\u0173 rizik\u0105 bei padarysite k\u0105 nors d\u0117l savo sveikatos.<br \/>\n\u017diemos sod\u0173, stoglangi\u0173 ir balkon\u0173 latakai da\u017enai n\u0117ra standartizuoti.<br \/>\n\u010cia paprastai \u012frengiami siauri d\u0117\u017einiai latakai.<br \/>\nRasti lap\u0173 apsaug\u0105 latakui \u010dia n\u0117ra taip paprasta.<br \/>\nTa\u010diau m\u016bs\u0173 asortimente yra lap\u0173 apsaug\u0173 ne tik \u012fprastiems pusapvaliams latakams, bet ir \u012fvairaus plo\u010dio d\u0117\u017einiams latakams.<br \/>\nTai leid\u017eia apsaugoti net siaurus d\u0117\u017einius latakus nuo u\u017esikim\u0161imo.          <\/p>\n<h2>Pirkite tik auk\u0161tos kokyb\u0117s latak\u0173 apsaug\u0105 nuo lap\u0173<\/h2>\n<p>Jei tikrai ie\u0161kote auk\u0161tos kokyb\u0117s ir patvarios lap\u0173 apsaugos latakui, pataik\u0117te \u012f tinkam\u0105 viet\u0105.<br \/>\nMes jau 20 met\u0173 dirbame su latak\u0173 ir skardini\u0173 latak\u0173 apsaug\u0173 nuo lap\u0173 tema ir visada ie\u0161kome geriausi\u0173 sprendim\u0173 savo klientams.<br \/>\nEsame absoliut\u016bs \u0161ios srities ekspertai, o m\u016bs\u0173 \u012fmon\u0117s gaminama apsauga nuo lap\u0173 latakams yra auk\u0161\u010diausios kokyb\u0117s ir ilgaam\u017ei\u0161kumo.  <\/p>\n<h2><em>Aptarnavimas<\/em> mums yra svarbiausias prioritetas.<br \/>\nTaip pat d\u0117l lap\u0173 apsaugos latakams <\/h2>\n<p>Jau 20 met\u0173 esame vis\u0173 tip\u0173 latak\u0173 apsaug\u0173 ekspertai.<br \/>\nVisas sistemas suk\u016br\u0117me ir i\u0161band\u0117me mes, o dabar jos gaminamos Vokietijoje.<br \/>\nKvie\u010diame atsi\u0173sti mums savo latako nuotraukas ir mes nemokamai patarsime, kokia lap\u0173 apsauga latakui ar d\u0117\u017einiam latakui jums labiausiai tinka.  <\/p>\n<h2>Sutaupykite pinig\u0173 naudodami latak\u0173 apsaug\u0105 nuo lap\u0173<\/h2>\n<p>Ar kada nors pagalvojote, kas gali nutikti, jei lietaus metu j\u016bs\u0173 latakas u\u017esikim\u0161 ir i\u0161silies?<br \/>\nNet j\u016bs\u0173 r\u016bsys per \u0161viesos \u0161ulin\u012f gali prisipildyti vandens.<br \/>\nLatak\u0173 apsauga nuo lap\u0173 apsaugo nuo \u0161ios rizikos ir padeda sutaupyti daug pinig\u0173.<\/p>\n<p>Juk latak\u0173 apsauga nuo lap\u0173 yra vienkartin\u0117 investicija, o ilgainiui tur\u0117site ramyb\u0119 ant stogo. Latak\u0173 apsauga nuo lap\u0173 palengvina j\u016bs\u0173 gyvenim\u0105 Tur\u0117dami latak\u0173 arba d\u0117\u017eini\u0173 latak\u0173 apsaug\u0105 nuo lap\u0173, ruden\u012f galite vykti atostogauti nesijaudindami d\u0117l u\u017esikim\u0161usio latako.<br \/>\nJ\u016bs\u0173 gyvenimas bus lengvesnis ir gal\u0117site susikoncentruoti \u012f malonesnius dalykus, kai \u017einosite, kad j\u016bs\u0173 latak\u0105 nuolat saugo lap\u0173 apsauga.    <\/p>\n<p>Tai taip pat gali jus sudominti:<\/p>\n<ul>\n<li><a href=\"https:\/\/dari-system.com\/laubfang-dachrinne\/\" title=\"Lap\u0173 apsaugos latakas\"><a href=\"https:\/\/dari-system.com\/laubfang-dachrinne\/\">Lap\u0173 apsauga latakui<\/a><\/a><\/li>\n<li><a href=\"https:\/\/dari-system.com\/lt\/lietaus-latakai-lapu-apsauga\/\" title=\"Lietaus latakai Lap\u0173 apsauga\"><a href=\"https:\/\/dari-system.com\/lt\/lietaus-latakai-lapu-apsauga\/\">Lietaus latakai Lap\u0173 apsauga<\/a><\/a><\/li>\n<li><a href=\"https:\/\/dari-system.com\/lt\/lapu-apsaugos-latakas\/\" title=\"Lap\u0173 apsaugos latakas\"><a href=\"https:\/\/dari-system.com\/lt\/lapu-apsaugos-latakas\/\">Apsauga nuo lap\u0173<\/a><\/a><\/li>\n<li><a href=\"https:\/\/dari-system.com\/lt\/lataku-dangtis\/\" title=\"Latak\u0173 dangtis\"> <a href=\"https:\/\/dari-system.com\/lt\/lataku-dangtis\/\"> Latak\u0173 dangtis <\/a> <\/a><\/li>\n<\/ul>\n<p>[\/et_pb_text][\/et_pb_column][\/et_pb_row][\/et_pb_section]<\/p>\n","protected":false},"excerpt":{"rendered":"<p>Ideali lap\u0173 apsauga j\u016bs\u0173 latakui Ar jums taip pat \u017einoma problema, kai ruden\u012f tenka praleisti bemieges naktis, nes nerimaujate, kad j\u016bs\u0173 latakas ar lietvamzdis gali u\u017esikim\u0161ti lapais ir per liet\u0173 perpilti? Tikriausiai tai pa\u017e\u012fstama kiekvienam nam\u0173 savininkui. \u0160tai kod\u0117l norite, kad j\u016bs\u0173 latakui ar d\u0117\u017einiam latakui b\u016bt\u0173 sumontuota lap\u0173 apsauga, kad v\u0117l gal\u0117tum\u0117te ramiai miegoti. [&hellip;]<\/p>\n","protected":false},"author":1,"featured_media":0,"parent":0,"menu_order":0,"comment_status":"closed","ping_status":"closed","template":"","meta":{"_et_pb_use_builder":"on","_et_pb_old_content":"","_et_gb_content_width":"","iawp_total_views":11,"footnotes":""},"dipi_cpt_category":[],"class_list":["post-25548456","page","type-page","status-publish","hentry"],"yoast_head":"<!-- This site is optimized with the Yoast SEO plugin v27.2 - https:\/\/yoast.com\/product\/yoast-seo-wordpress\/ -->\n<title>Optimali &quot;DaRi-System&quot; apsauga nuo lap\u0173 j\u016bs\u0173 latakuose<\/title>\n<meta name=\"description\" content=\"&quot;DaRi&quot; apsaugo j\u016bs\u0173 latak\u0105 auk\u0161tos kokyb\u0117s lap\u0173 apsauga. Daugiau nebereik\u0117s varginti lap\u0173 \u0161alinimu. Su\u017einokite daugiau!\" \/>\n<meta name=\"robots\" content=\"index, follow, max-snippet:-1, max-image-preview:large, max-video-preview:-1\" \/>\n<link rel=\"canonical\" href=\"https:\/\/dari-system.com\/lt\/lapu-apsaugos-latakas\/\" \/>\n<meta property=\"og:locale\" content=\"lt_LT\" \/>\n<meta property=\"og:type\" content=\"article\" \/>\n<meta property=\"og:title\" content=\"Optimali &quot;DaRi-System&quot; apsauga nuo lap\u0173 j\u016bs\u0173 latakuose\" \/>\n<meta property=\"og:description\" content=\"&quot;DaRi&quot; apsaugo j\u016bs\u0173 latak\u0105 auk\u0161tos kokyb\u0117s lap\u0173 apsauga. Daugiau nebereik\u0117s varginti lap\u0173 \u0161alinimu. Su\u017einokite daugiau!\" \/>\n<meta property=\"og:url\" content=\"https:\/\/dari-system.com\/lt\/lapu-apsaugos-latakas\/\" \/>\n<meta property=\"og:site_name\" content=\"DaRi System\" \/>\n<meta property=\"article:modified_time\" content=\"2024-08-20T10:35:23+00:00\" \/>\n<meta name=\"twitter:card\" content=\"summary_large_image\" \/>\n<meta name=\"twitter:label1\" content=\"Est. reading time\" \/>\n\t<meta name=\"twitter:data1\" content=\"4 minut\u0117s\" \/>\n<script type=\"application\/ld+json\" class=\"yoast-schema-graph\">{\"@context\":\"https:\/\/schema.org\",\"@graph\":[{\"@type\":\"WebPage\",\"@id\":\"https:\/\/dari-system.com\/lt\/lapu-apsaugos-latakas\/\",\"url\":\"https:\/\/dari-system.com\/lt\/lapu-apsaugos-latakas\/\",\"name\":\"Optimali \\\"DaRi-System\\\" apsauga nuo lap\u0173 j\u016bs\u0173 latakuose\",\"isPartOf\":{\"@id\":\"https:\/\/dari-system.com\/lt\/#website\"},\"datePublished\":\"2024-06-19T09:23:15+00:00\",\"dateModified\":\"2024-08-20T10:35:23+00:00\",\"description\":\"\\\"DaRi\\\" apsaugo j\u016bs\u0173 latak\u0105 auk\u0161tos kokyb\u0117s lap\u0173 apsauga. Daugiau nebereik\u0117s varginti lap\u0173 \u0161alinimu. Su\u017einokite daugiau!\",\"breadcrumb\":{\"@id\":\"https:\/\/dari-system.com\/lt\/lapu-apsaugos-latakas\/#breadcrumb\"},\"inLanguage\":\"lt-LT\",\"potentialAction\":[{\"@type\":\"ReadAction\",\"target\":[\"https:\/\/dari-system.com\/lt\/lapu-apsaugos-latakas\/\"]}]},{\"@type\":\"BreadcrumbList\",\"@id\":\"https:\/\/dari-system.com\/lt\/lapu-apsaugos-latakas\/#breadcrumb\",\"itemListElement\":[{\"@type\":\"ListItem\",\"position\":1,\"name\":\"Startseite\",\"item\":\"https:\/\/dari-system.com\/lt\/\"},{\"@type\":\"ListItem\",\"position\":2,\"name\":\"Lap\u0173 apsaugos latakas\"}]},{\"@type\":\"WebSite\",\"@id\":\"https:\/\/dari-system.com\/lt\/#website\",\"url\":\"https:\/\/dari-system.com\/lt\/\",\"name\":\"DaRi System\",\"description\":\"\",\"potentialAction\":[{\"@type\":\"SearchAction\",\"target\":{\"@type\":\"EntryPoint\",\"urlTemplate\":\"https:\/\/dari-system.com\/lt\/?s={search_term_string}\"},\"query-input\":{\"@type\":\"PropertyValueSpecification\",\"valueRequired\":true,\"valueName\":\"search_term_string\"}}],\"inLanguage\":\"lt-LT\"}]}<\/script>\n<!-- \/ Yoast SEO plugin. -->","yoast_head_json":{"title":"Optimali \"DaRi-System\" apsauga nuo lap\u0173 j\u016bs\u0173 latakuose","description":"\"DaRi\" apsaugo j\u016bs\u0173 latak\u0105 auk\u0161tos kokyb\u0117s lap\u0173 apsauga. Daugiau nebereik\u0117s varginti lap\u0173 \u0161alinimu. Su\u017einokite daugiau!","robots":{"index":"index","follow":"follow","max-snippet":"max-snippet:-1","max-image-preview":"max-image-preview:large","max-video-preview":"max-video-preview:-1"},"canonical":"https:\/\/dari-system.com\/lt\/lapu-apsaugos-latakas\/","og_locale":"lt_LT","og_type":"article","og_title":"Optimali \"DaRi-System\" apsauga nuo lap\u0173 j\u016bs\u0173 latakuose","og_description":"\"DaRi\" apsaugo j\u016bs\u0173 latak\u0105 auk\u0161tos kokyb\u0117s lap\u0173 apsauga. Daugiau nebereik\u0117s varginti lap\u0173 \u0161alinimu. Su\u017einokite daugiau!","og_url":"https:\/\/dari-system.com\/lt\/lapu-apsaugos-latakas\/","og_site_name":"DaRi System","article_modified_time":"2024-08-20T10:35:23+00:00","twitter_card":"summary_large_image","twitter_misc":{"Est. reading time":"4 minut\u0117s"},"schema":{"@context":"https:\/\/schema.org","@graph":[{"@type":"WebPage","@id":"https:\/\/dari-system.com\/lt\/lapu-apsaugos-latakas\/","url":"https:\/\/dari-system.com\/lt\/lapu-apsaugos-latakas\/","name":"Optimali \"DaRi-System\" apsauga nuo lap\u0173 j\u016bs\u0173 latakuose","isPartOf":{"@id":"https:\/\/dari-system.com\/lt\/#website"},"datePublished":"2024-06-19T09:23:15+00:00","dateModified":"2024-08-20T10:35:23+00:00","description":"\"DaRi\" apsaugo j\u016bs\u0173 latak\u0105 auk\u0161tos kokyb\u0117s lap\u0173 apsauga. Daugiau nebereik\u0117s varginti lap\u0173 \u0161alinimu. Su\u017einokite daugiau!","breadcrumb":{"@id":"https:\/\/dari-system.com\/lt\/lapu-apsaugos-latakas\/#breadcrumb"},"inLanguage":"lt-LT","potentialAction":[{"@type":"ReadAction","target":["https:\/\/dari-system.com\/lt\/lapu-apsaugos-latakas\/"]}]},{"@type":"BreadcrumbList","@id":"https:\/\/dari-system.com\/lt\/lapu-apsaugos-latakas\/#breadcrumb","itemListElement":[{"@type":"ListItem","position":1,"name":"Startseite","item":"https:\/\/dari-system.com\/lt\/"},{"@type":"ListItem","position":2,"name":"Lap\u0173 apsaugos latakas"}]},{"@type":"WebSite","@id":"https:\/\/dari-system.com\/lt\/#website","url":"https:\/\/dari-system.com\/lt\/","name":"DaRi System","description":"","potentialAction":[{"@type":"SearchAction","target":{"@type":"EntryPoint","urlTemplate":"https:\/\/dari-system.com\/lt\/?s={search_term_string}"},"query-input":{"@type":"PropertyValueSpecification","valueRequired":true,"valueName":"search_term_string"}}],"inLanguage":"lt-LT"}]}},"_links":{"self":[{"href":"https:\/\/dari-system.com\/lt\/wp-json\/wp\/v2\/pages\/25548456","targetHints":{"allow":["GET"]}}],"collection":[{"href":"https:\/\/dari-system.com\/lt\/wp-json\/wp\/v2\/pages"}],"about":[{"href":"https:\/\/dari-system.com\/lt\/wp-json\/wp\/v2\/types\/page"}],"author":[{"embeddable":true,"href":"https:\/\/dari-system.com\/lt\/wp-json\/wp\/v2\/users\/1"}],"replies":[{"embeddable":true,"href":"https:\/\/dari-system.com\/lt\/wp-json\/wp\/v2\/comments?post=25548456"}],"version-history":[{"count":8,"href":"https:\/\/dari-system.com\/lt\/wp-json\/wp\/v2\/pages\/25548456\/revisions"}],"predecessor-version":[{"id":25548481,"href":"https:\/\/dari-system.com\/lt\/wp-json\/wp\/v2\/pages\/25548456\/revisions\/25548481"}],"wp:attachment":[{"href":"https:\/\/dari-system.com\/lt\/wp-json\/wp\/v2\/media?parent=25548456"}],"wp:term":[{"taxonomy":"dipi_cpt_category","embeddable":true,"href":"https:\/\/dari-system.com\/lt\/wp-json\/wp\/v2\/dipi_cpt_category?post=25548456"}],"curies":[{"name":"wp","href":"https:\/\/api.w.org\/{rel}","templated":true}]}}