{"id":25548426,"date":"2024-06-19T09:58:35","date_gmt":"2024-06-19T09:58:35","guid":{"rendered":"https:\/\/dari-system.com\/lataku-dangtis\/"},"modified":"2024-08-20T10:34:18","modified_gmt":"2024-08-20T10:34:18","slug":"lataku-dangtis","status":"publish","type":"page","link":"https:\/\/dari-system.com\/lt\/lataku-dangtis\/","title":{"rendered":"Latak\u0173 dangtis"},"content":{"rendered":"<p>[et_pb_section fb_built=&#8221;1&#8243; fullwidth=&#8221;on&#8221; _builder_version=&#8221;4.25.0&#8243; _module_preset=&#8221;default&#8221; bottom_divider_color=&#8221;#FFFFFF&#8221; bottom_divider_height=&#8221;82px&#8221; bottom_divider_flip=&#8221;horizontal&#8221; locked=&#8221;off&#8221; global_colors_info=&#8221;{}&#8221;][et_pb_fullwidth_header title=&#8221;Latak\u0173 dangtis  &#8221; subhead=&#8221;Geriausia stogo apsauga&#8221; _builder_version=&#8221;4.25.0&#8243; _module_preset=&#8221;default&#8221; title_font=&#8221;|800|||||||&#8221; title_font_size=&#8221;45px&#8221; background_image=&#8221;https:\/\/dari-system.com\/wp-content\/uploads\/2024\/05\/header_background.webp&#8221; background_position=&#8221;bottom_center&#8221; custom_padding=&#8221;8vh||8vh||true|false&#8221; title_font_size_tablet=&#8221;45px&#8221; title_font_size_phone=&#8221;29px&#8221; title_font_size_last_edited=&#8221;on|phone&#8221; content_font_size_tablet=&#8221;&#8221; content_font_size_phone=&#8221;17px&#8221; content_font_size_last_edited=&#8221;on|phone&#8221; global_colors_info=&#8221;{}&#8221;][\/et_pb_fullwidth_header][\/et_pb_section][et_pb_section fb_built=&#8221;1&#8243; _builder_version=&#8221;4.25.0&#8243; _module_preset=&#8221;default&#8221; custom_margin=&#8221;||0px||false|false&#8221; custom_padding=&#8221;||0px||false|false&#8221; global_colors_info=&#8221;{}&#8221;][et_pb_row column_structure=&#8221;1_2,1_2&#8243; _builder_version=&#8221;4.25.0&#8243; _module_preset=&#8221;default&#8221; global_colors_info=&#8221;{}&#8221;][et_pb_column type=&#8221;1_2&#8243; _builder_version=&#8221;4.25.0&#8243; _module_preset=&#8221;default&#8221; global_colors_info=&#8221;{}&#8221;][et_pb_text _builder_version=&#8221;4.25.0&#8243; _module_preset=&#8221;default&#8221; header_2_font=&#8221;|700|||||||&#8221; global_colors_info=&#8221;{}&#8221;]<\/p>\n<h2>Saugus stogo latak\u0173 dangtis<\/h2>\n<p>Latak\u0173 dangtis veiksmingai apsaugo latak\u0105 nuo u\u017esikim\u0161imo d\u0117l lap\u0173, spygli\u0173, smulki\u0173 \u0161ak\u0173 ir saman\u0173.<br \/>\nBe <strong>latak\u0173 dang\u010dio<\/strong> greitai u\u017esikem\u0161a net d\u0117\u017einiai latakai.<br \/>\nKiekvienam nam\u0173 savininkui pa\u017e\u012fstama problema, kai tenka v\u0117l ir v\u0117l valyti pusapvalius ir d\u0117\u017einius latakus.<br \/>\nYpa\u010d ruden\u012f latakai ir skardiniai latakai greitai u\u017esikem\u0161a lapais.<br \/>\nTod\u0117l efektyvus latak\u0173 dangtis ne tik apsaugo latak\u0105 nuo u\u017esikim\u0161imo, bet ir palengvina namo savininkui apsaugoti savo nam\u0105, nes lietaus vanduo neb\u0117ga per u\u017esikim\u0161us\u012f latak\u0105 ir nesemia namo sienos.    <\/p>\n<p>[\/et_pb_text][\/et_pb_column][et_pb_column type=&#8221;1_2&#8243; _builder_version=&#8221;4.25.0&#8243; _module_preset=&#8221;default&#8221; global_colors_info=&#8221;{}&#8221;][et_pb_image src=&#8221;https:\/\/dari-system.com\/wp-content\/uploads\/2024\/06\/dachrinnenabdeckung.webp&#8221; alt=&#8221;Stogo latako dangtis&#8221; title_text=&#8221;Latak\u0173 dangtis&#8221; _builder_version=&#8221;4.25.0&#8243; _module_preset=&#8221;default&#8221; custom_margin=&#8221;||5px||false|false&#8221; global_colors_info=&#8221;{}&#8221;][\/et_pb_image][et_pb_text _builder_version=&#8221;4.25.0&#8243; _module_preset=&#8221;default&#8221; custom_margin=&#8221;0px||||false|false&#8221; global_colors_info=&#8221;{}&#8221;]<\/p>\n<p style=\"text-align: center;\"><em>&#8222;DaRi&#8221; stogo latak\u0173 dangtis<\/em><\/p>\n<p>[\/et_pb_text][\/et_pb_column][\/et_pb_row][\/et_pb_section][et_pb_section fb_built=&#8221;1&#8243; _builder_version=&#8221;4.25.0&#8243; _module_preset=&#8221;default&#8221; custom_margin=&#8221;0px||||false|false&#8221; custom_padding=&#8221;0px||||false|false&#8221; global_colors_info=&#8221;{}&#8221;][et_pb_row _builder_version=&#8221;4.25.0&#8243; _module_preset=&#8221;default&#8221; global_colors_info=&#8221;{}&#8221;][et_pb_column type=&#8221;4_4&#8243; _builder_version=&#8221;4.25.0&#8243; _module_preset=&#8221;default&#8221; global_colors_info=&#8221;{}&#8221;][et_pb_text _builder_version=&#8221;4.25.0&#8243; _module_preset=&#8221;default&#8221; header_2_font=&#8221;|700|||||||&#8221; hover_enabled=&#8221;0&#8243; global_colors_info=&#8221;{}&#8221; sticky_enabled=&#8221;0&#8243;]<\/p>\n<h2>Sutaupykite i\u0161laid\u0173 \u012fsigydami latak\u0173 dangt\u012f<\/h2>\n<p>Naudodami latak\u0173 dangt\u012f savo latakui ar d\u0117\u017einiam latakui, galite efektyviai sutaupyti l\u0117\u0161\u0173.<br \/>\nTaip yra tod\u0117l, kad u\u017esikim\u0161\u0119s latakas gali labai brangiai kainuoti, jei latakas persipildys ir apsems namo sien\u0105.<br \/>\nVanduo taip pat gali patekti \u012f r\u016bs\u012f per \u0161viesos \u0161ulin\u012f, jei latakas perpildytas.<br \/>\nI\u0161venkite \u0161io pavojaus ir apsaugokite latak\u0105 su latako dang\u010diu.   <\/p>\n<h2>Geresn\u0117 gyvenimo kokyb\u0117 naudojant ger\u0105 latak\u0173 dangt\u012f<\/h2>\n<p>Naudodami ger\u0105 latak\u0173 dang\u0105 taip pat pagerinsite gyvenimo kokyb\u0119.<br \/>\nJei nebereik\u0117s nerimauti d\u0117l u\u017esikim\u0161usio latako ar lietvamzd\u017eio, gal\u0117site ramiai atostogauti ruden\u012f. <\/p>\n<h2>Atkreipkite d\u0117mes\u012f \u012f latako dang\u010dio kokyb\u0119<\/h2>\n<p>Jei ie\u0161kote auk\u0161tos kokyb\u0117s latak\u0173 dang\u010dio, turite atid\u017eiai patikrinti, ar latak\u0173 dangtis atitinka savo paskirt\u012f.<br \/>\nTod\u0117l atkreipkite d\u0117mes\u012f \u012f latako dang\u010dio kokyb\u0119.<br \/>\nSi\u016blome auk\u0161\u010diausios kokyb\u0117s pusapvali\u0173 ir skardini\u0173 latak\u0173 latak\u0173 dang\u010dius.<br \/>\nM\u016bs\u0173 latak\u0173 dang\u010diai tinka beveik visiems latakams.   <\/p>\n<h2>Geras aptarnavimas yra labai svarbus perkant latak\u0173 dangt\u012f<\/h2>\n<p>I\u0161 m\u016bs\u0173 gausite geriausi\u0105 aptarnavim\u0105.<br \/>\nGalite atsi\u0173sti mums savo latako ar d\u0117\u017einio latako nuotraukas ir mes nemokamai patarsime, koks latako dangtis geriausiai tinka j\u016bs\u0173 latakui ar d\u0117\u017einiam latakui.<br \/>\nNet jei montavimo metu kilt\u0173 koki\u0173 nors problem\u0173, mes jums pad\u0117sime ir patarsime.  <\/p>\n<h2>Kad gal\u0117tum\u0117te ilgai d\u017eiaugtis savo stogu, apsaugokite latak\u0105 su latako dang\u010diu<\/h2>\n<p>Su latak\u0173 dang\u010diu i\u0161vengsite daug varginan\u010dio darbo.<br \/>\nKelis kartus per metus lipti auk\u0161tomis kop\u0117\u010diomis yra ne tik varginantis, bet ir pavojingas u\u017esi\u0117mimas.<br \/>\nKuo vyresni tampate, tuo labiau norite i\u0161vengti \u0161ios nelaiming\u0173 atsitikim\u0173 rizikos.  <\/p>\n<h2>garantuoja, kad latakas nebeu\u017esikim\u0161<\/h2>\n<p>M\u016bs\u0173 parduotuv\u0117je \u012fsigij\u0119 latak\u0173 dangt\u012f gausite garantij\u0105, kad j\u016bs\u0173 latakas nebebus u\u017ekem\u0161amas lapais.<br \/>\nKur kitur galite gauti toki\u0105 garantij\u0105 latak\u0173 dang\u010diui? <\/p>\n<p>Tai taip pat gali jus sudominti:<\/p>\n<ul>\n<li><a href=\"https:\/\/dari-system.com\/laubfang-dachrinne\/\" title=\"Lap\u0173 apsaugos latakas\"><a href=\"https:\/\/dari-system.com\/laubfang-dachrinne\/\">Lap\u0173 apsauga latakui<\/a><\/a><\/li>\n<li><a href=\"https:\/\/dari-system.com\/lt\/lietaus-latakai-lapu-apsauga\/\" title=\"Lietaus latakai Lap\u0173 apsauga\"><a href=\"https:\/\/dari-system.com\/lt\/lietaus-latakai-lapu-apsauga\/\">Lietaus latakai Lap\u0173 apsauga<\/a><\/a><\/li>\n<li><a href=\"https:\/\/dari-system.com\/laubschutz-dachrinne\/\" title=\"Lap\u0173 apsaugos latakas\"><a href=\"https:\/\/dari-system.com\/laubschutz-dachrinne\/\">Apsauga nuo lap\u0173<\/a><\/a><\/li>\n<li><a href=\"https:\/\/dari-system.com\/lt\/lataku-dangtis\/\" title=\"Latak\u0173 dangtis\"> <a href=\"https:\/\/dari-system.com\/lt\/lataku-dangtis\/\"> Latak\u0173 dangtis<\/a><\/a><\/li>\n<\/ul>\n<p>[\/et_pb_text][\/et_pb_column][\/et_pb_row][\/et_pb_section]<\/p>\n","protected":false},"excerpt":{"rendered":"<p>Saugus stogo latak\u0173 dangtis Latak\u0173 dangtis veiksmingai apsaugo latak\u0105 nuo u\u017esikim\u0161imo d\u0117l lap\u0173, spygli\u0173, smulki\u0173 \u0161ak\u0173 ir saman\u0173. Be latak\u0173 dang\u010dio greitai u\u017esikem\u0161a net d\u0117\u017einiai latakai. Kiekvienam nam\u0173 savininkui pa\u017e\u012fstama problema, kai tenka v\u0117l ir v\u0117l valyti pusapvalius ir d\u0117\u017einius latakus. Ypa\u010d ruden\u012f latakai ir skardiniai latakai greitai u\u017esikem\u0161a lapais. Tod\u0117l efektyvus latak\u0173 dangtis ne [&hellip;]<\/p>\n","protected":false},"author":1,"featured_media":0,"parent":0,"menu_order":0,"comment_status":"closed","ping_status":"closed","template":"","meta":{"_et_pb_use_builder":"on","_et_pb_old_content":"","_et_gb_content_width":"","iawp_total_views":15,"footnotes":""},"dipi_cpt_category":[],"class_list":["post-25548426","page","type-page","status-publish","hentry"],"yoast_head":"<!-- This site is optimized with the Yoast SEO plugin v27.2 - https:\/\/yoast.com\/product\/yoast-seo-wordpress\/ -->\n<title>&quot;DaRi&quot; latak\u0173 dangtis - puiki apsauga nuo lap\u0173<\/title>\n<meta name=\"description\" content=\"Su\u017einokite daugiau apie &quot;DaRi&quot; latak\u0173 dangt\u012f ir apsaugokite latak\u0105 nuo lap\u0173 ir u\u017esikim\u0161imo. Konsultuojame\" \/>\n<meta name=\"robots\" content=\"index, follow, max-snippet:-1, max-image-preview:large, max-video-preview:-1\" \/>\n<link rel=\"canonical\" href=\"https:\/\/dari-system.com\/lt\/lataku-dangtis\/\" \/>\n<meta property=\"og:locale\" content=\"lt_LT\" \/>\n<meta property=\"og:type\" content=\"article\" \/>\n<meta property=\"og:title\" content=\"&quot;DaRi&quot; latak\u0173 dangtis - puiki apsauga nuo lap\u0173\" \/>\n<meta property=\"og:description\" content=\"Su\u017einokite daugiau apie &quot;DaRi&quot; latak\u0173 dangt\u012f ir apsaugokite latak\u0105 nuo lap\u0173 ir u\u017esikim\u0161imo. Konsultuojame\" \/>\n<meta property=\"og:url\" content=\"https:\/\/dari-system.com\/lt\/lataku-dangtis\/\" \/>\n<meta property=\"og:site_name\" content=\"DaRi System\" \/>\n<meta property=\"article:modified_time\" content=\"2024-08-20T10:34:18+00:00\" \/>\n<meta name=\"twitter:card\" content=\"summary_large_image\" \/>\n<meta name=\"twitter:label1\" content=\"Est. reading time\" \/>\n\t<meta name=\"twitter:data1\" content=\"4 minut\u0117s\" \/>\n<script type=\"application\/ld+json\" class=\"yoast-schema-graph\">{\"@context\":\"https:\/\/schema.org\",\"@graph\":[{\"@type\":\"WebPage\",\"@id\":\"https:\/\/dari-system.com\/lt\/lataku-dangtis\/\",\"url\":\"https:\/\/dari-system.com\/lt\/lataku-dangtis\/\",\"name\":\"\\\"DaRi\\\" latak\u0173 dangtis - puiki apsauga nuo lap\u0173\",\"isPartOf\":{\"@id\":\"https:\/\/dari-system.com\/lt\/#website\"},\"datePublished\":\"2024-06-19T09:58:35+00:00\",\"dateModified\":\"2024-08-20T10:34:18+00:00\",\"description\":\"Su\u017einokite daugiau apie \\\"DaRi\\\" latak\u0173 dangt\u012f ir apsaugokite latak\u0105 nuo lap\u0173 ir u\u017esikim\u0161imo. Konsultuojame\",\"breadcrumb\":{\"@id\":\"https:\/\/dari-system.com\/lt\/lataku-dangtis\/#breadcrumb\"},\"inLanguage\":\"lt-LT\",\"potentialAction\":[{\"@type\":\"ReadAction\",\"target\":[\"https:\/\/dari-system.com\/lt\/lataku-dangtis\/\"]}]},{\"@type\":\"BreadcrumbList\",\"@id\":\"https:\/\/dari-system.com\/lt\/lataku-dangtis\/#breadcrumb\",\"itemListElement\":[{\"@type\":\"ListItem\",\"position\":1,\"name\":\"Startseite\",\"item\":\"https:\/\/dari-system.com\/lt\/\"},{\"@type\":\"ListItem\",\"position\":2,\"name\":\"Latak\u0173 dangtis\"}]},{\"@type\":\"WebSite\",\"@id\":\"https:\/\/dari-system.com\/lt\/#website\",\"url\":\"https:\/\/dari-system.com\/lt\/\",\"name\":\"DaRi System\",\"description\":\"\",\"potentialAction\":[{\"@type\":\"SearchAction\",\"target\":{\"@type\":\"EntryPoint\",\"urlTemplate\":\"https:\/\/dari-system.com\/lt\/?s={search_term_string}\"},\"query-input\":{\"@type\":\"PropertyValueSpecification\",\"valueRequired\":true,\"valueName\":\"search_term_string\"}}],\"inLanguage\":\"lt-LT\"}]}<\/script>\n<!-- \/ Yoast SEO plugin. -->","yoast_head_json":{"title":"\"DaRi\" latak\u0173 dangtis - puiki apsauga nuo lap\u0173","description":"Su\u017einokite daugiau apie \"DaRi\" latak\u0173 dangt\u012f ir apsaugokite latak\u0105 nuo lap\u0173 ir u\u017esikim\u0161imo. Konsultuojame","robots":{"index":"index","follow":"follow","max-snippet":"max-snippet:-1","max-image-preview":"max-image-preview:large","max-video-preview":"max-video-preview:-1"},"canonical":"https:\/\/dari-system.com\/lt\/lataku-dangtis\/","og_locale":"lt_LT","og_type":"article","og_title":"\"DaRi\" latak\u0173 dangtis - puiki apsauga nuo lap\u0173","og_description":"Su\u017einokite daugiau apie \"DaRi\" latak\u0173 dangt\u012f ir apsaugokite latak\u0105 nuo lap\u0173 ir u\u017esikim\u0161imo. Konsultuojame","og_url":"https:\/\/dari-system.com\/lt\/lataku-dangtis\/","og_site_name":"DaRi System","article_modified_time":"2024-08-20T10:34:18+00:00","twitter_card":"summary_large_image","twitter_misc":{"Est. reading time":"4 minut\u0117s"},"schema":{"@context":"https:\/\/schema.org","@graph":[{"@type":"WebPage","@id":"https:\/\/dari-system.com\/lt\/lataku-dangtis\/","url":"https:\/\/dari-system.com\/lt\/lataku-dangtis\/","name":"\"DaRi\" latak\u0173 dangtis - puiki apsauga nuo lap\u0173","isPartOf":{"@id":"https:\/\/dari-system.com\/lt\/#website"},"datePublished":"2024-06-19T09:58:35+00:00","dateModified":"2024-08-20T10:34:18+00:00","description":"Su\u017einokite daugiau apie \"DaRi\" latak\u0173 dangt\u012f ir apsaugokite latak\u0105 nuo lap\u0173 ir u\u017esikim\u0161imo. Konsultuojame","breadcrumb":{"@id":"https:\/\/dari-system.com\/lt\/lataku-dangtis\/#breadcrumb"},"inLanguage":"lt-LT","potentialAction":[{"@type":"ReadAction","target":["https:\/\/dari-system.com\/lt\/lataku-dangtis\/"]}]},{"@type":"BreadcrumbList","@id":"https:\/\/dari-system.com\/lt\/lataku-dangtis\/#breadcrumb","itemListElement":[{"@type":"ListItem","position":1,"name":"Startseite","item":"https:\/\/dari-system.com\/lt\/"},{"@type":"ListItem","position":2,"name":"Latak\u0173 dangtis"}]},{"@type":"WebSite","@id":"https:\/\/dari-system.com\/lt\/#website","url":"https:\/\/dari-system.com\/lt\/","name":"DaRi System","description":"","potentialAction":[{"@type":"SearchAction","target":{"@type":"EntryPoint","urlTemplate":"https:\/\/dari-system.com\/lt\/?s={search_term_string}"},"query-input":{"@type":"PropertyValueSpecification","valueRequired":true,"valueName":"search_term_string"}}],"inLanguage":"lt-LT"}]}},"_links":{"self":[{"href":"https:\/\/dari-system.com\/lt\/wp-json\/wp\/v2\/pages\/25548426","targetHints":{"allow":["GET"]}}],"collection":[{"href":"https:\/\/dari-system.com\/lt\/wp-json\/wp\/v2\/pages"}],"about":[{"href":"https:\/\/dari-system.com\/lt\/wp-json\/wp\/v2\/types\/page"}],"author":[{"embeddable":true,"href":"https:\/\/dari-system.com\/lt\/wp-json\/wp\/v2\/users\/1"}],"replies":[{"embeddable":true,"href":"https:\/\/dari-system.com\/lt\/wp-json\/wp\/v2\/comments?post=25548426"}],"version-history":[{"count":1,"href":"https:\/\/dari-system.com\/lt\/wp-json\/wp\/v2\/pages\/25548426\/revisions"}],"predecessor-version":[{"id":25548434,"href":"https:\/\/dari-system.com\/lt\/wp-json\/wp\/v2\/pages\/25548426\/revisions\/25548434"}],"wp:attachment":[{"href":"https:\/\/dari-system.com\/lt\/wp-json\/wp\/v2\/media?parent=25548426"}],"wp:term":[{"taxonomy":"dipi_cpt_category","embeddable":true,"href":"https:\/\/dari-system.com\/lt\/wp-json\/wp\/v2\/dipi_cpt_category?post=25548426"}],"curies":[{"name":"wp","href":"https:\/\/api.w.org\/{rel}","templated":true}]}}