{"id":25548401,"date":"2024-06-19T14:44:07","date_gmt":"2024-06-19T14:44:07","guid":{"rendered":"https:\/\/dari-system.com\/lietaus-latakai-lapu-apsauga\/"},"modified":"2024-08-20T10:34:15","modified_gmt":"2024-08-20T10:34:15","slug":"lietaus-latakai-lapu-apsauga","status":"publish","type":"page","link":"https:\/\/dari-system.com\/lt\/lietaus-latakai-lapu-apsauga\/","title":{"rendered":"Lietaus latakai Lap\u0173 apsauga"},"content":{"rendered":"<p>[et_pb_section fb_built=&#8221;1&#8243; fullwidth=&#8221;on&#8221; _builder_version=&#8221;4.25.0&#8243; _module_preset=&#8221;default&#8221; bottom_divider_color=&#8221;#FFFFFF&#8221; bottom_divider_height=&#8221;82px&#8221; bottom_divider_flip=&#8221;horizontal&#8221; locked=&#8221;off&#8221; global_colors_info=&#8221;{}&#8221;][et_pb_fullwidth_header title=&#8221;Lietaus latakai Lap\u0173 apsauga&#8221; subhead=&#8221;ir tur\u0117site vienu r\u016bpes\u010diu ma\u017eiau.&#8221; _builder_version=&#8221;4.25.0&#8243; _module_preset=&#8221;default&#8221; title_font=&#8221;|800|||||||&#8221; title_font_size=&#8221;45px&#8221; background_image=&#8221;https:\/\/dari-system.com\/wp-content\/uploads\/2024\/05\/header_background.webp&#8221; background_position=&#8221;bottom_center&#8221; custom_padding=&#8221;8vh||8vh||true|false&#8221; hover_enabled=&#8221;0&#8243; title_font_size_tablet=&#8221;45px&#8221; title_font_size_phone=&#8221;29px&#8221; title_font_size_last_edited=&#8221;on|phone&#8221; content_font_size_tablet=&#8221;&#8221; content_font_size_phone=&#8221;17px&#8221; content_font_size_last_edited=&#8221;on|phone&#8221; global_colors_info=&#8221;{}&#8221; sticky_enabled=&#8221;0&#8243;][\/et_pb_fullwidth_header][\/et_pb_section][et_pb_section fb_built=&#8221;1&#8243; _builder_version=&#8221;4.25.0&#8243; _module_preset=&#8221;default&#8221; custom_margin=&#8221;||0px||false|false&#8221; custom_padding=&#8221;||0px||false|false&#8221; global_colors_info=&#8221;{}&#8221;][et_pb_row _builder_version=&#8221;4.25.0&#8243; _module_preset=&#8221;default&#8221; global_colors_info=&#8221;{}&#8221;][et_pb_column type=&#8221;4_4&#8243; _builder_version=&#8221;4.25.0&#8243; _module_preset=&#8221;default&#8221; global_colors_info=&#8221;{}&#8221;][et_pb_text _builder_version=&#8221;4.25.0&#8243; _module_preset=&#8221;default&#8221; header_2_font=&#8221;|700|||||||&#8221; hover_enabled=&#8221;0&#8243; global_colors_info=&#8221;{}&#8221; sticky_enabled=&#8221;0&#8243;]<\/p>\n<h2>Patikima lietaus latako lap\u0173 apsauga<\/h2>\n<p>  Naudodami m\u016bs\u0173 latak\u0173 apsaugas nuo lap\u0173 nebereik\u0117s nerimauti d\u0117l u\u017esikim\u0161usi\u0173 latak\u0173.<br \/>\nLatak\u0173 lap\u0173 apsauga patikimai apsaugo pusapvalius ir skardinius latakus nuo u\u017esikim\u0161imo d\u0117l lap\u0173 ar spygli\u0173.<br \/>\n\u012erengti latak\u0173 lap\u0173 apsaug\u0105 &#8211; vaik\u0173 \u017eaidimas.<br \/>\nJums net nereikia joki\u0173 \u012franki\u0173.<br \/>\nLatako lap\u0173 apsauga tiesiog \u012fstatoma \u012f latak\u0105 ir pritvirtinama prie priekyje esan\u010dios apvalios juostos.<br \/>\nSpaustukus galima \u012fsigyti juodos ir sidabrin\u0117s spalvos.<br \/>\nTai rei\u0161kia, kad spaustukai i\u0161 apa\u010dios yra vos matomi.<br \/>\nIr vis tiek j\u016bs\u0173 latakas puikiai apsaugotas latako lap\u0173 apsauga.<br \/>\nTa\u010diau latako lap\u0173 apsauga neapsaugo latako nuo lap\u0173 ar spygli\u0173.<br \/>\nSmulkios \u0161akos ar samanos taip pat nupu\u010diamos nuo stogo ir atsidurt\u0173 latake, jei latako lap\u0173 apsauga neapsaugot\u0173 latako.[\/et_pb_text][\/et_pb_column][\/et_pb_row][et_pb_row column_structure=&#8221;1_2,1_2&#8243; _builder_version=&#8221;4.25.0&#8243; _module_preset=&#8221;default&#8221; global_colors_info=&#8221;{}&#8221;][et_pb_column type=&#8221;1_2&#8243; _builder_version=&#8221;4.25.0&#8243; _module_preset=&#8221;default&#8221; global_colors_info=&#8221;{}&#8221;][et_pb_text _builder_version=&#8221;4.25.0&#8243; _module_preset=&#8221;default&#8221; header_2_font=&#8221;|700|||||||&#8221; hover_enabled=&#8221;0&#8243; global_colors_info=&#8221;{}&#8221; sticky_enabled=&#8221;0&#8243;]<\/p>\n<h2>M\u016bs\u0173 latak\u0173 lap\u0173 apsauga tinka beveik kiekvienam latakui<\/h2>\n<p>  Priklausomai nuo stogo dyd\u017eio, tam bus pritaikytas ir latako dydis.<br \/>\nLabai dideliems stogams da\u017enai montuojami 40 dyd\u017eio latakai, o ma\u017eiems stogams &#8211; 28 dyd\u017eio latakai.<br \/>\nTa\u010diau gyvenam\u0173j\u0173 nam\u0173 statyboje da\u017eniausiai naudojami 33 dyd\u017eio latakai.<br \/>\nSavo latako dyd\u012f galite pamatyti latako gale.<br \/>\nTen yra galin\u0117 plok\u0161tel\u0117.<br \/>\n\u0160ioje plok\u0161tel\u0117je paprastai nurodomas latako dydis.<br \/>\nLatako dydis yra labai svarbus, kad latako lap\u0173 apsauga puikiai priglust\u0173.<br \/>\nTa\u010diau skardiniuose latakuose da\u017enai b\u016bna nestandartini\u0173 latak\u0173, pvz., \u017eiemos sode ar balkone.<br \/>\nTod\u0117l m\u016bs\u0173 lietaus latak\u0173 lap\u0173 apsauga d\u0117\u017einiams latakams yra labai lanksti ir gali b\u016bti pritaikyta labai \u012fvairaus plo\u010dio d\u0117\u017einiams latakams.<br \/>\nGalima reguliuoti ir lietvamzd\u017ei\u0173 latak\u0173 lap\u0173 apsaugos auk\u0161t\u012f, ir plot\u012f.[\/et_pb_text][\/et_pb_column][et_pb_column type=&#8221;1_2&#8243; _builder_version=&#8221;4.25.0&#8243; _module_preset=&#8221;default&#8221; global_colors_info=&#8221;{}&#8221;][et_pb_image src=&#8221;https:\/\/dari-system.com\/wp-content\/uploads\/2024\/06\/regenrinnen-laubschutz.webp&#8221; alt=&#8221;Lietaus latakai Lap\u0173 apsauga&#8221; title_text=&#8221;latak\u0173 apsauga&#8221; _builder_version=&#8221;4.25.0&#8243; _module_preset=&#8221;default&#8221; custom_margin=&#8221;||5px||false|false&#8221; hover_enabled=&#8221;0&#8243; global_colors_info=&#8221;{}&#8221; sticky_enabled=&#8221;0&#8243;][\/et_pb_image][et_pb_text _builder_version=&#8221;4.25.0&#8243; _module_preset=&#8221;default&#8221; custom_margin=&#8221;0px||||false|false&#8221; hover_enabled=&#8221;0&#8243; global_colors_info=&#8221;{}&#8221; sticky_enabled=&#8221;0&#8243;]<\/p>\n<p style=\"text-align: center;\"><em>Kiekvieno latako lap\u0173 apsauga<\/em><\/p>\n<p>[\/et_pb_text][\/et_pb_column][\/et_pb_row][\/et_pb_section][et_pb_section fb_built=&#8221;1&#8243; _builder_version=&#8221;4.25.0&#8243; _module_preset=&#8221;default&#8221; custom_margin=&#8221;0px||||false|false&#8221; custom_padding=&#8221;0px||||false|false&#8221; global_colors_info=&#8221;{}&#8221;][et_pb_row _builder_version=&#8221;4.25.0&#8243; _module_preset=&#8221;default&#8221; hover_enabled=&#8221;0&#8243; global_colors_info=&#8221;{}&#8221; sticky_enabled=&#8221;0&#8243;][et_pb_column type=&#8221;4_4&#8243; _builder_version=&#8221;4.25.0&#8243; _module_preset=&#8221;default&#8221; global_colors_info=&#8221;{}&#8221;][et_pb_text _builder_version=&#8221;4.25.0&#8243; _module_preset=&#8221;default&#8221; header_2_font=&#8221;|700|||||||&#8221; hover_enabled=&#8221;0&#8243; global_colors_info=&#8221;{}&#8221; sticky_enabled=&#8221;0&#8243;]<\/p>\n<h2>Pasitik\u0117kite daugiau nei 20 met\u0173 patirtimi su m\u016bs\u0173 lietaus latak\u0173 apsauga nuo lap\u0173<\/h2>\n<p>Jau daugiau nei 20 met\u0173 sprend\u017eiame klausim\u0105, kaip apsaugoti latakus nuo u\u017esikim\u0161imo d\u0117l lap\u0173, spygli\u0173, \u0161akeli\u0173, saman\u0173 ar med\u017ei\u0173 \u017eied\u0173.<br \/>\nSulaukiame u\u017eklaus\u0173 i\u0161 nam\u0173 savinink\u0173, kuri\u0173 namas yra \u0161alia didel\u0117s pu\u0161ies ir kurie yra bevilti\u0161ki, nes latakai kiekvien\u0105 savait\u0119 pilni pu\u0161\u0173 spygli\u0173.<br \/>\nNaudodami latak\u0173 apsaugas nuo lap\u0173 \u0161ie nam\u0173 savininkai d\u017eiaugiasi i\u0161sprend\u0119 \u0161i\u0105 problem\u0105.<br \/>\nNaudodami savo gaminius daugeliui klient\u0173 jau sugr\u0105\u017einome ner\u016bpesting\u0105 gyvenim\u0105.   <\/p>\n<h2>Aptarnavimas yra m\u016bs\u0173 svarbiausias prioritetas<\/h2>\n<p>D\u017eiaugiam\u0117s, kai gauname u\u017eklaus\u0173 i\u0161 klient\u0173, kurie atsiun\u010dia mums savo latak\u0173 nuotraukas ir klausia, ar m\u016bs\u0173 latak\u0173 apsauga nuo lap\u0173 tinka j\u0173 latakams.<br \/>\nKlientai gauna nemokam\u0105 patarim\u0105 ir beveik visais atvejais galime pad\u0117ti i\u0161vengti latak\u0173 u\u017esikim\u0161imo.<br \/>\nKadangi latak\u0173 lap\u0173 apsauga pagaminta i\u0161 patvaraus polipropileno su apsauga nuo UV spinduli\u0173, da\u017enai sulaukiame teigiam\u0173 klient\u0173 atsiliepim\u0173 apie tai, kad jie patenkinti net ir po daugelio met\u0173.<br \/>\nTaip pat darome ka\u017ek\u0105 gero aplinkai, nes m\u016bs\u0173 gaminiai yra visi\u0161kai perdirbami.<br \/>\nO geriausia: lietaus latako lap\u0173 apsauga buvo sukurta Vokietijoje ir gaminama Vokietijoje.<br \/>\nPagaminta Vokietijoje rei\u0161kia auk\u0161\u010diausi\u0105 kokyb\u0119 ir ilgaam\u017ei\u0161kum\u0105.     <\/p>\n<h2>Instrukcijos, kaip \u012frengti latak\u0173 lap\u0173 apsaugas<\/h2>\n<p><strong>5 \u017eingsniais sumontuokite latak\u0173 lap\u0173 apsaug\u0105 latakams<\/strong><\/p>\n<ol>\n<li>Paruo\u0161imas: Prie\u0161 montuodami latako lap\u0173 apsaug\u0105, tur\u0117tum\u0117te kruop\u0161\u010diai i\u0161valyti latak\u0105.<\/li>\n<li>Paruo\u0161kite med\u017eiagas: Jums nereikia plaktuko ar var\u017eto, kad sumontuotum\u0117te latak\u0173 apsaug\u0105 nuo lap\u0173.<br \/>\nTiesiog u\u017ed\u0117kite spaustukus ant &#8222;DaRi&#8221; sistemos ir galite prad\u0117ti. <\/li>\n<li>\u012erengimas: \u012erengimas &#8211; vaik\u0173 \u017eaidimas.<br \/>\nTiesiog \u012fd\u0117kite latako lap\u0173 apsaug\u0105 \u012f latak\u0105 ir u\u017emaukite spaustukus ant priekyje esan\u010dio apvalaus karoliuko.<br \/>\nTuomet latako lap\u0173 apsauga dedama nuo galo iki galo.<br \/>\nAtskiros dalys netur\u0117t\u0173 persidengti.   <\/li>\n<li>Sukirpti pagal dyd\u012f: Priklausomai nuo to, kaip 76 cm ilgio latako apsaugos nuo lap\u0173 dalys priglunda prie latako, paskutin\u0119 dal\u012f gali tekti \u0161iek tiek sutrumpinti.<br \/>\nTam paskutin\u0119 latako lap\u0173 apsaugos dal\u012f galima nukirpti \u017eirkl\u0117mis arba sodo \u017eirkl\u0117mis iki reikiamo ilgio. <\/li>\n<li>I\u0161vados: Po to, kai latak\u0173 apsauga nuo lap\u0173 yra patikimai sumontuota, visas atliekas reikia tinkamai i\u0161mesti ir kop\u0117\u010dias gr\u0105\u017einti \u012f viet\u0105.<\/li>\n<\/ol>\n<p>Tai taip pat gali jus sudominti:<\/p>\n<ul>\n<li><a href=\"https:\/\/dari-system.com\/laubfang-dachrinne\/\" title=\"Lap\u0173 apsaugos latakas\"><a href=\"https:\/\/dari-system.com\/laubfang-dachrinne\/\">Lap\u0173 apsauga latakui<\/a><\/a><\/li>\n<li><a href=\"https:\/\/dari-system.com\/lt\/lietaus-latakai-lapu-apsauga\/\" title=\"Lietaus latakai Lap\u0173 apsauga\"><a href=\"https:\/\/dari-system.com\/lt\/lietaus-latakai-lapu-apsauga\/\">Lietaus latakai Lap\u0173 apsauga<\/a><\/a><\/li>\n<li><a href=\"https:\/\/dari-system.com\/laubschutz-dachrinne\/\" title=\"Lap\u0173 apsaugos latakas\"><a href=\"https:\/\/dari-system.com\/laubschutz-dachrinne\/\">Apsauga nuo lap\u0173<\/a><\/a><\/li>\n<li><a href=\"https:\/\/dari-system.com\/dachrinnenabdeckung\/\" title=\"Latak\u0173 dangtis\"> <a href=\"https:\/\/dari-system.com\/dachrinnenabdeckung\/\"> Latak\u0173 dangtis<\/a><\/a><\/li>\n<\/ul>\n<p>[\/et_pb_text][\/et_pb_column][\/et_pb_row][\/et_pb_section]<\/p>\n","protected":false},"excerpt":{"rendered":"<p>Patikima lietaus latako lap\u0173 apsauga Naudodami m\u016bs\u0173 latak\u0173 apsaugas nuo lap\u0173 nebereik\u0117s nerimauti d\u0117l u\u017esikim\u0161usi\u0173 latak\u0173. Latak\u0173 lap\u0173 apsauga patikimai apsaugo pusapvalius ir skardinius latakus nuo u\u017esikim\u0161imo d\u0117l lap\u0173 ar spygli\u0173. \u012erengti latak\u0173 lap\u0173 apsaug\u0105 &#8211; vaik\u0173 \u017eaidimas. Jums net nereikia joki\u0173 \u012franki\u0173. Latako lap\u0173 apsauga tiesiog \u012fstatoma \u012f latak\u0105 ir pritvirtinama prie priekyje esan\u010dios [&hellip;]<\/p>\n","protected":false},"author":1,"featured_media":0,"parent":0,"menu_order":0,"comment_status":"closed","ping_status":"closed","template":"","meta":{"_et_pb_use_builder":"on","_et_pb_old_content":"","_et_gb_content_width":"","iawp_total_views":51,"footnotes":""},"dipi_cpt_category":[],"class_list":["post-25548401","page","type-page","status-publish","hentry"],"yoast_head":"<!-- This site is optimized with the Yoast SEO plugin v27.2 - https:\/\/yoast.com\/product\/yoast-seo-wordpress\/ -->\n<title>&quot;DaRi&quot; latak\u0173 apsauga nuo lap\u0173 - apsauga nuo lap\u0173 latakuose<\/title>\n<meta name=\"description\" content=\"Apsaugokite savo latak\u0105 naudodami &quot;DaRi&quot; lap\u0173 apsaug\u0105. U\u017ekirskite keli\u0105 u\u017esikim\u0161imams ir vandens \u017ealai, kuri\u0105 sukelia latakai su lapais. Su\u017einokite daugiau dabar!\" \/>\n<meta name=\"robots\" content=\"index, follow, max-snippet:-1, max-image-preview:large, max-video-preview:-1\" \/>\n<link rel=\"canonical\" href=\"https:\/\/dari-system.com\/lt\/lietaus-latakai-lapu-apsauga\/\" \/>\n<meta property=\"og:locale\" content=\"lt_LT\" \/>\n<meta property=\"og:type\" content=\"article\" \/>\n<meta property=\"og:title\" content=\"&quot;DaRi&quot; latak\u0173 apsauga nuo lap\u0173 - apsauga nuo lap\u0173 latakuose\" \/>\n<meta property=\"og:description\" content=\"Apsaugokite savo latak\u0105 naudodami &quot;DaRi&quot; lap\u0173 apsaug\u0105. U\u017ekirskite keli\u0105 u\u017esikim\u0161imams ir vandens \u017ealai, kuri\u0105 sukelia latakai su lapais. Su\u017einokite daugiau dabar!\" \/>\n<meta property=\"og:url\" content=\"https:\/\/dari-system.com\/lt\/lietaus-latakai-lapu-apsauga\/\" \/>\n<meta property=\"og:site_name\" content=\"DaRi System\" \/>\n<meta property=\"article:modified_time\" content=\"2024-08-20T10:34:15+00:00\" \/>\n<meta name=\"twitter:card\" content=\"summary_large_image\" \/>\n<meta name=\"twitter:label1\" content=\"Est. reading time\" \/>\n\t<meta name=\"twitter:data1\" content=\"5 minut\u0117s\" \/>\n<script type=\"application\/ld+json\" class=\"yoast-schema-graph\">{\"@context\":\"https:\/\/schema.org\",\"@graph\":[{\"@type\":\"WebPage\",\"@id\":\"https:\/\/dari-system.com\/lt\/lietaus-latakai-lapu-apsauga\/\",\"url\":\"https:\/\/dari-system.com\/lt\/lietaus-latakai-lapu-apsauga\/\",\"name\":\"\\\"DaRi\\\" latak\u0173 apsauga nuo lap\u0173 - apsauga nuo lap\u0173 latakuose\",\"isPartOf\":{\"@id\":\"https:\/\/dari-system.com\/lt\/#website\"},\"datePublished\":\"2024-06-19T14:44:07+00:00\",\"dateModified\":\"2024-08-20T10:34:15+00:00\",\"description\":\"Apsaugokite savo latak\u0105 naudodami \\\"DaRi\\\" lap\u0173 apsaug\u0105. U\u017ekirskite keli\u0105 u\u017esikim\u0161imams ir vandens \u017ealai, kuri\u0105 sukelia latakai su lapais. Su\u017einokite daugiau dabar!\",\"breadcrumb\":{\"@id\":\"https:\/\/dari-system.com\/lt\/lietaus-latakai-lapu-apsauga\/#breadcrumb\"},\"inLanguage\":\"lt-LT\",\"potentialAction\":[{\"@type\":\"ReadAction\",\"target\":[\"https:\/\/dari-system.com\/lt\/lietaus-latakai-lapu-apsauga\/\"]}]},{\"@type\":\"BreadcrumbList\",\"@id\":\"https:\/\/dari-system.com\/lt\/lietaus-latakai-lapu-apsauga\/#breadcrumb\",\"itemListElement\":[{\"@type\":\"ListItem\",\"position\":1,\"name\":\"Startseite\",\"item\":\"https:\/\/dari-system.com\/lt\/\"},{\"@type\":\"ListItem\",\"position\":2,\"name\":\"Lietaus latakai Lap\u0173 apsauga\"}]},{\"@type\":\"WebSite\",\"@id\":\"https:\/\/dari-system.com\/lt\/#website\",\"url\":\"https:\/\/dari-system.com\/lt\/\",\"name\":\"DaRi System\",\"description\":\"\",\"potentialAction\":[{\"@type\":\"SearchAction\",\"target\":{\"@type\":\"EntryPoint\",\"urlTemplate\":\"https:\/\/dari-system.com\/lt\/?s={search_term_string}\"},\"query-input\":{\"@type\":\"PropertyValueSpecification\",\"valueRequired\":true,\"valueName\":\"search_term_string\"}}],\"inLanguage\":\"lt-LT\"}]}<\/script>\n<!-- \/ Yoast SEO plugin. -->","yoast_head_json":{"title":"\"DaRi\" latak\u0173 apsauga nuo lap\u0173 - apsauga nuo lap\u0173 latakuose","description":"Apsaugokite savo latak\u0105 naudodami \"DaRi\" lap\u0173 apsaug\u0105. U\u017ekirskite keli\u0105 u\u017esikim\u0161imams ir vandens \u017ealai, kuri\u0105 sukelia latakai su lapais. Su\u017einokite daugiau dabar!","robots":{"index":"index","follow":"follow","max-snippet":"max-snippet:-1","max-image-preview":"max-image-preview:large","max-video-preview":"max-video-preview:-1"},"canonical":"https:\/\/dari-system.com\/lt\/lietaus-latakai-lapu-apsauga\/","og_locale":"lt_LT","og_type":"article","og_title":"\"DaRi\" latak\u0173 apsauga nuo lap\u0173 - apsauga nuo lap\u0173 latakuose","og_description":"Apsaugokite savo latak\u0105 naudodami \"DaRi\" lap\u0173 apsaug\u0105. U\u017ekirskite keli\u0105 u\u017esikim\u0161imams ir vandens \u017ealai, kuri\u0105 sukelia latakai su lapais. Su\u017einokite daugiau dabar!","og_url":"https:\/\/dari-system.com\/lt\/lietaus-latakai-lapu-apsauga\/","og_site_name":"DaRi System","article_modified_time":"2024-08-20T10:34:15+00:00","twitter_card":"summary_large_image","twitter_misc":{"Est. reading time":"5 minut\u0117s"},"schema":{"@context":"https:\/\/schema.org","@graph":[{"@type":"WebPage","@id":"https:\/\/dari-system.com\/lt\/lietaus-latakai-lapu-apsauga\/","url":"https:\/\/dari-system.com\/lt\/lietaus-latakai-lapu-apsauga\/","name":"\"DaRi\" latak\u0173 apsauga nuo lap\u0173 - apsauga nuo lap\u0173 latakuose","isPartOf":{"@id":"https:\/\/dari-system.com\/lt\/#website"},"datePublished":"2024-06-19T14:44:07+00:00","dateModified":"2024-08-20T10:34:15+00:00","description":"Apsaugokite savo latak\u0105 naudodami \"DaRi\" lap\u0173 apsaug\u0105. U\u017ekirskite keli\u0105 u\u017esikim\u0161imams ir vandens \u017ealai, kuri\u0105 sukelia latakai su lapais. Su\u017einokite daugiau dabar!","breadcrumb":{"@id":"https:\/\/dari-system.com\/lt\/lietaus-latakai-lapu-apsauga\/#breadcrumb"},"inLanguage":"lt-LT","potentialAction":[{"@type":"ReadAction","target":["https:\/\/dari-system.com\/lt\/lietaus-latakai-lapu-apsauga\/"]}]},{"@type":"BreadcrumbList","@id":"https:\/\/dari-system.com\/lt\/lietaus-latakai-lapu-apsauga\/#breadcrumb","itemListElement":[{"@type":"ListItem","position":1,"name":"Startseite","item":"https:\/\/dari-system.com\/lt\/"},{"@type":"ListItem","position":2,"name":"Lietaus latakai Lap\u0173 apsauga"}]},{"@type":"WebSite","@id":"https:\/\/dari-system.com\/lt\/#website","url":"https:\/\/dari-system.com\/lt\/","name":"DaRi System","description":"","potentialAction":[{"@type":"SearchAction","target":{"@type":"EntryPoint","urlTemplate":"https:\/\/dari-system.com\/lt\/?s={search_term_string}"},"query-input":{"@type":"PropertyValueSpecification","valueRequired":true,"valueName":"search_term_string"}}],"inLanguage":"lt-LT"}]}},"_links":{"self":[{"href":"https:\/\/dari-system.com\/lt\/wp-json\/wp\/v2\/pages\/25548401","targetHints":{"allow":["GET"]}}],"collection":[{"href":"https:\/\/dari-system.com\/lt\/wp-json\/wp\/v2\/pages"}],"about":[{"href":"https:\/\/dari-system.com\/lt\/wp-json\/wp\/v2\/types\/page"}],"author":[{"embeddable":true,"href":"https:\/\/dari-system.com\/lt\/wp-json\/wp\/v2\/users\/1"}],"replies":[{"embeddable":true,"href":"https:\/\/dari-system.com\/lt\/wp-json\/wp\/v2\/comments?post=25548401"}],"version-history":[{"count":10,"href":"https:\/\/dari-system.com\/lt\/wp-json\/wp\/v2\/pages\/25548401\/revisions"}],"predecessor-version":[{"id":25548442,"href":"https:\/\/dari-system.com\/lt\/wp-json\/wp\/v2\/pages\/25548401\/revisions\/25548442"}],"wp:attachment":[{"href":"https:\/\/dari-system.com\/lt\/wp-json\/wp\/v2\/media?parent=25548401"}],"wp:term":[{"taxonomy":"dipi_cpt_category","embeddable":true,"href":"https:\/\/dari-system.com\/lt\/wp-json\/wp\/v2\/dipi_cpt_category?post=25548401"}],"curies":[{"name":"wp","href":"https:\/\/api.w.org\/{rel}","templated":true}]}}